{"id":2258,"date":"2024-03-22T20:23:07","date_gmt":"2024-03-22T19:23:07","guid":{"rendered":"https:\/\/aufildespierres.com\/?post_type=product&#038;p=2258"},"modified":"2026-04-27T22:42:27","modified_gmt":"2026-04-27T20:42:27","slug":"tortue-en-serpentine","status":"publish","type":"product","link":"https:\/\/aufildespierres.com\/index.php\/product\/tortue-en-serpentine\/","title":{"rendered":"Tortue en Serpentine"},"content":{"rendered":"<p>&nbsp;<\/p>\n<div class=\"x1e56ztr\">\n<p data-start=\"58\" data-end=\"451\">La <strong data-start=\"61\" data-end=\"85\">tortue en serpentine<\/strong> est une pi\u00e8ce sculpt\u00e9e \u00e0 la main qui associe symbolique forte et \u00e9nergie protectrice. Repr\u00e9sentant la stabilit\u00e9, la sagesse et l\u2019ancrage, la tortue renforce naturellement les propri\u00e9t\u00e9s de la serpentine. Cette pierre est particuli\u00e8rement adapt\u00e9e aux personnes qui cherchent \u00e0 se prot\u00e9ger des influences ext\u00e9rieures tout en retrouvant un \u00e9quilibre int\u00e9rieur durable.<\/p>\n<p data-start=\"453\" data-end=\"890\">Les bienfaits de la <strong data-start=\"457\" data-end=\"481\">serpentine <\/strong>\u00a0se manifestent avant tout par une action de protection et de purification. Cette pierre aide \u00e0 se pr\u00e9server des agressions physiques, mentales ou \u00e9motionnelles. Elle agit comme un filtre face aux pens\u00e9es n\u00e9gatives ou limitantes, permettant ainsi de retrouver un esprit plus clair et plus stable. De plus, elle accompagne les personnes qui se sentent facilement influenc\u00e9es ou envahies par leur environnement.<\/p>\n<p data-start=\"892\" data-end=\"1254\">Par ailleurs, la serpentine favorise la concentration et la clart\u00e9 mentale. Elle aide \u00e0 rester focalis\u00e9 sur une t\u00e2che et \u00e0 aller au bout de ses id\u00e9es. Elle soutient \u00e9galement la prise de responsabilit\u00e9s et encourage une meilleure compr\u00e9hension de son chemin de vie. Gr\u00e2ce \u00e0 cette dynamique, elle renforce l\u2019assurance et d\u00e9veloppe une forme de sagesse int\u00e9rieure.<\/p>\n<p data-start=\"1256\" data-end=\"1657\">Cette pierre agit aussi sur le plan \u00e9motionnel. Elle facilite le l\u00e2cher-prise et permet de rel\u00e2cher les tensions li\u00e9es aux pr\u00e9occupations du quotidien. Elle aide \u00e0 att\u00e9nuer les blessures du pass\u00e9 et \u00e0 avancer avec plus de s\u00e9r\u00e9nit\u00e9. En compl\u00e9ment, elle favorise une connexion plus profonde \u00e0 la nature et renforce le lien avec les animaux, ce qui peut apporter un sentiment d\u2019apaisement suppl\u00e9mentaire.<\/p>\n<p data-start=\"1659\" data-end=\"2078\">Sur le plan physique, la serpentine soutient plusieurs fonctions de l\u2019organisme. Elle contribue au bon fonctionnement du syst\u00e8me digestif et peut aider \u00e0 limiter les d\u00e9s\u00e9quilibres comme l\u2019hypoglyc\u00e9mie. Elle stimule \u00e9galement certains organes comme les reins, les poumons ou le thymus. De plus, elle agit sur le syst\u00e8me nerveux en apportant un effet calmant, ce qui peut aider \u00e0 r\u00e9duire les migraines d\u2019origine nerveuse.<\/p>\n<p data-start=\"2080\" data-end=\"2295\">Enfin, cette pierre favorise la d\u00e9tente musculaire et aide \u00e0 lutter contre la fatigue. La <strong data-start=\"2170\" data-end=\"2194\">tortue en serpentine<\/strong> est id\u00e9ale pour les personnes qui recherchent protection, ancrage et apaisement dans leur quotidien.<\/p>\n<\/div>\n","protected":false},"excerpt":{"rendered":"<p>&nbsp; La tortue en serpentine est une pi\u00e8ce sculpt\u00e9e \u00e0 la main qui associe symbolique forte et \u00e9nergie protectrice. Repr\u00e9sentant la stabilit\u00e9, la sagesse et l\u2019ancrage, la tortue renforce naturellement les propri\u00e9t\u00e9s de la serpentine. Cette pierre est particuli\u00e8rement adapt\u00e9e aux personnes qui cherchent \u00e0 se prot\u00e9ger des influences ext\u00e9rieures tout en retrouvant un \u00e9quilibre [&hellip;]<\/p>\n","protected":false},"featured_media":2259,"comment_status":"open","ping_status":"closed","template":"","meta":{"site-sidebar-layout":"default","site-content-layout":"","ast-site-content-layout":"default","site-content-style":"default","site-sidebar-style":"default","ast-global-header-display":"","ast-banner-title-visibility":"","ast-main-header-display":"","ast-hfb-above-header-display":"","ast-hfb-below-header-display":"","ast-hfb-mobile-header-display":"","site-post-title":"","ast-breadcrumbs-content":"","ast-featured-img":"","footer-sml-layout":"","ast-disable-related-posts":"","theme-transparent-header-meta":"default","adv-header-id-meta":"","stick-header-meta":"","header-above-stick-meta":"","header-main-stick-meta":"","header-below-stick-meta":"","astra-migrate-meta-layouts":"set","ast-page-background-enabled":"default","ast-page-background-meta":{"desktop":{"background-color":"var(--ast-global-color-4)","background-image":"","background-repeat":"repeat","background-position":"center center","background-size":"auto","background-attachment":"scroll","background-type":"","background-media":"","overlay-type":"","overlay-color":"","overlay-opacity":"","overlay-gradient":""},"tablet":{"background-color":"","background-image":"","background-repeat":"repeat","background-position":"center center","background-size":"auto","background-attachment":"scroll","background-type":"","background-media":"","overlay-type":"","overlay-color":"","overlay-opacity":"","overlay-gradient":""},"mobile":{"background-color":"","background-image":"","background-repeat":"repeat","background-position":"center center","background-size":"auto","background-attachment":"scroll","background-type":"","background-media":"","overlay-type":"","overlay-color":"","overlay-opacity":"","overlay-gradient":""}},"ast-content-background-meta":{"desktop":{"background-color":"var(--ast-global-color-5)","background-image":"","background-repeat":"repeat","background-position":"center center","background-size":"auto","background-attachment":"scroll","background-type":"","background-media":"","overlay-type":"","overlay-color":"","overlay-opacity":"","overlay-gradient":""},"tablet":{"background-color":"var(--ast-global-color-5)","background-image":"","background-repeat":"repeat","background-position":"center center","background-size":"auto","background-attachment":"scroll","background-type":"","background-media":"","overlay-type":"","overlay-color":"","overlay-opacity":"","overlay-gradient":""},"mobile":{"background-color":"var(--ast-global-color-5)","background-image":"","background-repeat":"repeat","background-position":"center center","background-size":"auto","background-attachment":"scroll","background-type":"","background-media":"","overlay-type":"","overlay-color":"","overlay-opacity":"","overlay-gradient":""}},"_glsr_average":0,"_glsr_ranking":0,"_glsr_reviews":0},"product_brand":[],"product_cat":[239,200,128,78],"product_tag":[],"class_list":{"0":"post-2258","1":"product","2":"type-product","3":"status-publish","4":"has-post-thumbnail","6":"product_cat-figurines-et-animaux","7":"product_cat-sculptees","8":"product_cat-serpentine","9":"product_cat-vert","10":"product_shipping_class-classique","11":"desktop-align-left","12":"tablet-align-left","13":"mobile-align-left","15":"first","16":"instock","17":"purchasable","18":"product-type-simple"},"yoast_head":"<!-- This site is optimized with the Yoast SEO plugin v27.5 - https:\/\/yoast.com\/product\/yoast-seo-wordpress\/ -->\n<title>Tortue en Serpentine - Au fil des pierres<\/title>\n<meta name=\"description\" content=\"Tortue en serpentine : pierre protectrice qui apaise le mental, favorise le l\u00e2cher-prise et renforce l\u2019ancrage. Id\u00e9ale pour retrouver s\u00e9r\u00e9nit\u00e9.\" \/>\n<meta name=\"robots\" content=\"index, follow, max-snippet:-1, max-image-preview:large, max-video-preview:-1\" \/>\n<link rel=\"canonical\" href=\"https:\/\/aufildespierres.com\/index.php\/product\/tortue-en-serpentine\/\" \/>\n<meta property=\"og:locale\" content=\"fr_FR\" \/>\n<meta property=\"og:type\" content=\"article\" \/>\n<meta property=\"og:title\" content=\"Tortue en Serpentine - Au fil des pierres\" \/>\n<meta property=\"og:description\" content=\"Tortue en serpentine : pierre protectrice qui apaise le mental, favorise le l\u00e2cher-prise et renforce l\u2019ancrage. Id\u00e9ale pour retrouver s\u00e9r\u00e9nit\u00e9.\" \/>\n<meta property=\"og:url\" content=\"https:\/\/aufildespierres.com\/index.php\/product\/tortue-en-serpentine\/\" \/>\n<meta property=\"og:site_name\" content=\"Au fil des pierres\" \/>\n<meta property=\"article:modified_time\" content=\"2026-04-27T20:42:27+00:00\" \/>\n<meta property=\"og:image\" content=\"https:\/\/aufildespierres.com\/wp-content\/uploads\/2024\/03\/Photoroom-20240321_095626-1024x1024.png\" \/>\n\t<meta property=\"og:image:width\" content=\"1024\" \/>\n\t<meta property=\"og:image:height\" content=\"1024\" \/>\n\t<meta property=\"og:image:type\" content=\"image\/png\" \/>\n<meta name=\"twitter:card\" content=\"summary_large_image\" \/>\n<meta name=\"twitter:label1\" content=\"Dur\u00e9e de lecture estim\u00e9e\" \/>\n\t<meta name=\"twitter:data1\" content=\"2 minutes\" \/>\n<script type=\"application\/ld+json\" class=\"yoast-schema-graph\">{\"@context\":\"https:\\\/\\\/schema.org\",\"@graph\":[{\"@type\":\"WebPage\",\"@id\":\"https:\\\/\\\/aufildespierres.com\\\/index.php\\\/product\\\/tortue-en-serpentine\\\/\",\"url\":\"https:\\\/\\\/aufildespierres.com\\\/index.php\\\/product\\\/tortue-en-serpentine\\\/\",\"name\":\"Tortue en Serpentine - Au fil des pierres\",\"isPartOf\":{\"@id\":\"https:\\\/\\\/aufildespierres.com\\\/#website\"},\"primaryImageOfPage\":{\"@id\":\"https:\\\/\\\/aufildespierres.com\\\/index.php\\\/product\\\/tortue-en-serpentine\\\/#primaryimage\"},\"image\":{\"@id\":\"https:\\\/\\\/aufildespierres.com\\\/index.php\\\/product\\\/tortue-en-serpentine\\\/#primaryimage\"},\"thumbnailUrl\":\"https:\\\/\\\/aufildespierres.com\\\/wp-content\\\/uploads\\\/2024\\\/03\\\/Photoroom-20240321_095626.png\",\"datePublished\":\"2024-03-22T19:23:07+00:00\",\"dateModified\":\"2026-04-27T20:42:27+00:00\",\"description\":\"Tortue en serpentine : pierre protectrice qui apaise le mental, favorise le l\u00e2cher-prise et renforce l\u2019ancrage. Id\u00e9ale pour retrouver s\u00e9r\u00e9nit\u00e9.\",\"breadcrumb\":{\"@id\":\"https:\\\/\\\/aufildespierres.com\\\/index.php\\\/product\\\/tortue-en-serpentine\\\/#breadcrumb\"},\"inLanguage\":\"fr-FR\",\"potentialAction\":[{\"@type\":\"ReadAction\",\"target\":[\"https:\\\/\\\/aufildespierres.com\\\/index.php\\\/product\\\/tortue-en-serpentine\\\/\"]}]},{\"@type\":\"ImageObject\",\"inLanguage\":\"fr-FR\",\"@id\":\"https:\\\/\\\/aufildespierres.com\\\/index.php\\\/product\\\/tortue-en-serpentine\\\/#primaryimage\",\"url\":\"https:\\\/\\\/aufildespierres.com\\\/wp-content\\\/uploads\\\/2024\\\/03\\\/Photoroom-20240321_095626.png\",\"contentUrl\":\"https:\\\/\\\/aufildespierres.com\\\/wp-content\\\/uploads\\\/2024\\\/03\\\/Photoroom-20240321_095626.png\",\"width\":2048,\"height\":2048},{\"@type\":\"BreadcrumbList\",\"@id\":\"https:\\\/\\\/aufildespierres.com\\\/index.php\\\/product\\\/tortue-en-serpentine\\\/#breadcrumb\",\"itemListElement\":[{\"@type\":\"ListItem\",\"position\":1,\"name\":\"Accueil\",\"item\":\"https:\\\/\\\/aufildespierres.com\\\/\"},{\"@type\":\"ListItem\",\"position\":2,\"name\":\"Boutique de Lithoth\u00e9rapie\",\"item\":\"https:\\\/\\\/aufildespierres.com\\\/index.php\\\/boutique-de-lithotherapie\\\/\"},{\"@type\":\"ListItem\",\"position\":3,\"name\":\"Tortue en Serpentine\"}]},{\"@type\":\"WebSite\",\"@id\":\"https:\\\/\\\/aufildespierres.com\\\/#website\",\"url\":\"https:\\\/\\\/aufildespierres.com\\\/\",\"name\":\"Au fil des pierres\",\"description\":\"Au fil des pierres\",\"publisher\":{\"@id\":\"https:\\\/\\\/aufildespierres.com\\\/#organization\"},\"potentialAction\":[{\"@type\":\"SearchAction\",\"target\":{\"@type\":\"EntryPoint\",\"urlTemplate\":\"https:\\\/\\\/aufildespierres.com\\\/?s={search_term_string}\"},\"query-input\":{\"@type\":\"PropertyValueSpecification\",\"valueRequired\":true,\"valueName\":\"search_term_string\"}}],\"inLanguage\":\"fr-FR\"},{\"@type\":\"Organization\",\"@id\":\"https:\\\/\\\/aufildespierres.com\\\/#organization\",\"name\":\"Au fil des pierres\",\"url\":\"https:\\\/\\\/aufildespierres.com\\\/\",\"logo\":{\"@type\":\"ImageObject\",\"inLanguage\":\"fr-FR\",\"@id\":\"https:\\\/\\\/aufildespierres.com\\\/#\\\/schema\\\/logo\\\/image\\\/\",\"url\":\"https:\\\/\\\/aufildespierres.com\\\/wp-content\\\/uploads\\\/2023\\\/05\\\/cropped-Logo-PNG-Transparent.png\",\"contentUrl\":\"https:\\\/\\\/aufildespierres.com\\\/wp-content\\\/uploads\\\/2023\\\/05\\\/cropped-Logo-PNG-Transparent.png\",\"width\":1776,\"height\":1625,\"caption\":\"Au fil des pierres\"},\"image\":{\"@id\":\"https:\\\/\\\/aufildespierres.com\\\/#\\\/schema\\\/logo\\\/image\\\/\"}}]}<\/script>\n<!-- \/ Yoast SEO plugin. -->","yoast_head_json":{"title":"Tortue en Serpentine - Au fil des pierres","description":"Tortue en serpentine : pierre protectrice qui apaise le mental, favorise le l\u00e2cher-prise et renforce l\u2019ancrage. Id\u00e9ale pour retrouver s\u00e9r\u00e9nit\u00e9.","robots":{"index":"index","follow":"follow","max-snippet":"max-snippet:-1","max-image-preview":"max-image-preview:large","max-video-preview":"max-video-preview:-1"},"canonical":"https:\/\/aufildespierres.com\/index.php\/product\/tortue-en-serpentine\/","og_locale":"fr_FR","og_type":"article","og_title":"Tortue en Serpentine - Au fil des pierres","og_description":"Tortue en serpentine : pierre protectrice qui apaise le mental, favorise le l\u00e2cher-prise et renforce l\u2019ancrage. Id\u00e9ale pour retrouver s\u00e9r\u00e9nit\u00e9.","og_url":"https:\/\/aufildespierres.com\/index.php\/product\/tortue-en-serpentine\/","og_site_name":"Au fil des pierres","article_modified_time":"2026-04-27T20:42:27+00:00","og_image":[{"width":1024,"height":1024,"url":"https:\/\/aufildespierres.com\/wp-content\/uploads\/2024\/03\/Photoroom-20240321_095626-1024x1024.png","type":"image\/png"}],"twitter_card":"summary_large_image","twitter_misc":{"Dur\u00e9e de lecture estim\u00e9e":"2 minutes"},"schema":{"@context":"https:\/\/schema.org","@graph":[{"@type":"WebPage","@id":"https:\/\/aufildespierres.com\/index.php\/product\/tortue-en-serpentine\/","url":"https:\/\/aufildespierres.com\/index.php\/product\/tortue-en-serpentine\/","name":"Tortue en Serpentine - Au fil des pierres","isPartOf":{"@id":"https:\/\/aufildespierres.com\/#website"},"primaryImageOfPage":{"@id":"https:\/\/aufildespierres.com\/index.php\/product\/tortue-en-serpentine\/#primaryimage"},"image":{"@id":"https:\/\/aufildespierres.com\/index.php\/product\/tortue-en-serpentine\/#primaryimage"},"thumbnailUrl":"https:\/\/aufildespierres.com\/wp-content\/uploads\/2024\/03\/Photoroom-20240321_095626.png","datePublished":"2024-03-22T19:23:07+00:00","dateModified":"2026-04-27T20:42:27+00:00","description":"Tortue en serpentine : pierre protectrice qui apaise le mental, favorise le l\u00e2cher-prise et renforce l\u2019ancrage. Id\u00e9ale pour retrouver s\u00e9r\u00e9nit\u00e9.","breadcrumb":{"@id":"https:\/\/aufildespierres.com\/index.php\/product\/tortue-en-serpentine\/#breadcrumb"},"inLanguage":"fr-FR","potentialAction":[{"@type":"ReadAction","target":["https:\/\/aufildespierres.com\/index.php\/product\/tortue-en-serpentine\/"]}]},{"@type":"ImageObject","inLanguage":"fr-FR","@id":"https:\/\/aufildespierres.com\/index.php\/product\/tortue-en-serpentine\/#primaryimage","url":"https:\/\/aufildespierres.com\/wp-content\/uploads\/2024\/03\/Photoroom-20240321_095626.png","contentUrl":"https:\/\/aufildespierres.com\/wp-content\/uploads\/2024\/03\/Photoroom-20240321_095626.png","width":2048,"height":2048},{"@type":"BreadcrumbList","@id":"https:\/\/aufildespierres.com\/index.php\/product\/tortue-en-serpentine\/#breadcrumb","itemListElement":[{"@type":"ListItem","position":1,"name":"Accueil","item":"https:\/\/aufildespierres.com\/"},{"@type":"ListItem","position":2,"name":"Boutique de Lithoth\u00e9rapie","item":"https:\/\/aufildespierres.com\/index.php\/boutique-de-lithotherapie\/"},{"@type":"ListItem","position":3,"name":"Tortue en Serpentine"}]},{"@type":"WebSite","@id":"https:\/\/aufildespierres.com\/#website","url":"https:\/\/aufildespierres.com\/","name":"Au fil des pierres","description":"Au fil des pierres","publisher":{"@id":"https:\/\/aufildespierres.com\/#organization"},"potentialAction":[{"@type":"SearchAction","target":{"@type":"EntryPoint","urlTemplate":"https:\/\/aufildespierres.com\/?s={search_term_string}"},"query-input":{"@type":"PropertyValueSpecification","valueRequired":true,"valueName":"search_term_string"}}],"inLanguage":"fr-FR"},{"@type":"Organization","@id":"https:\/\/aufildespierres.com\/#organization","name":"Au fil des pierres","url":"https:\/\/aufildespierres.com\/","logo":{"@type":"ImageObject","inLanguage":"fr-FR","@id":"https:\/\/aufildespierres.com\/#\/schema\/logo\/image\/","url":"https:\/\/aufildespierres.com\/wp-content\/uploads\/2023\/05\/cropped-Logo-PNG-Transparent.png","contentUrl":"https:\/\/aufildespierres.com\/wp-content\/uploads\/2023\/05\/cropped-Logo-PNG-Transparent.png","width":1776,"height":1625,"caption":"Au fil des pierres"},"image":{"@id":"https:\/\/aufildespierres.com\/#\/schema\/logo\/image\/"}}]}},"_links":{"self":[{"href":"https:\/\/aufildespierres.com\/index.php\/wp-json\/wp\/v2\/product\/2258","targetHints":{"allow":["GET"]}}],"collection":[{"href":"https:\/\/aufildespierres.com\/index.php\/wp-json\/wp\/v2\/product"}],"about":[{"href":"https:\/\/aufildespierres.com\/index.php\/wp-json\/wp\/v2\/types\/product"}],"replies":[{"embeddable":true,"href":"https:\/\/aufildespierres.com\/index.php\/wp-json\/wp\/v2\/comments?post=2258"}],"wp:featuredmedia":[{"embeddable":true,"href":"https:\/\/aufildespierres.com\/index.php\/wp-json\/wp\/v2\/media\/2259"}],"wp:attachment":[{"href":"https:\/\/aufildespierres.com\/index.php\/wp-json\/wp\/v2\/media?parent=2258"}],"wp:term":[{"taxonomy":"product_brand","embeddable":true,"href":"https:\/\/aufildespierres.com\/index.php\/wp-json\/wp\/v2\/product_brand?post=2258"},{"taxonomy":"product_cat","embeddable":true,"href":"https:\/\/aufildespierres.com\/index.php\/wp-json\/wp\/v2\/product_cat?post=2258"},{"taxonomy":"product_tag","embeddable":true,"href":"https:\/\/aufildespierres.com\/index.php\/wp-json\/wp\/v2\/product_tag?post=2258"}],"curies":[{"name":"wp","href":"https:\/\/api.w.org\/{rel}","templated":true}]}}