{"id":2298,"date":"2024-04-01T12:04:14","date_gmt":"2024-04-01T10:04:14","guid":{"rendered":"https:\/\/aufildespierres.com\/?post_type=product&#038;p=2298"},"modified":"2025-09-14T16:10:46","modified_gmt":"2025-09-14T14:10:46","slug":"tranche-de-malachite","status":"publish","type":"product","link":"https:\/\/aufildespierres.com\/index.php\/product\/tranche-de-malachite\/","title":{"rendered":"TRANCHE DE MALACHITE"},"content":{"rendered":"<h4 class=\"x1heor9g x1qlqyl8 x1pd3egz x1a2a7pz xod5an3\"><span class=\"x193iq5w xeuugli x13faqbe x1vvkbs x1xmvt09 x1603h9y x1u7k74 xo1l8bm xzsf02u\"><b>Tranche de MALACHITE\u00a0<\/b><\/span><\/h4>\n<p>Brute semi polie<\/p>\n<h4 class=\"x1heor9g x1qlqyl8 x1pd3egz x1a2a7pz xod5an3 x14vqqas\"><span class=\"x193iq5w xeuugli x13faqbe x1vvkbs x1xmvt09 x1603h9y x1u7k74 xo1l8bm xzsf02u\"><b>Poids 155 grammes<\/b><\/span><\/h4>\n<h4 class=\"x1heor9g x1qlqyl8 x1pd3egz x1a2a7pz xod5an3 x14vqqas\"><span class=\"x193iq5w xeuugli x13faqbe x1vvkbs x1xmvt09 x1603h9y x1u7k74 xo1l8bm xzsf02u\"><b>7 x 6 cm au plus large<\/b><\/span><\/h4>\n<div class=\"x1e56ztr\"><\/div>\n<div class=\"x1e56ztr\"><span class=\"x193iq5w xeuugli x13faqbe x1vvkbs x1xmvt09 x6prxxf xvq8zen xo1l8bm xzsf02u\"><u>Propri\u00e9t\u00e9s psychiques et \u00e9motionnelles<\/u><\/span><\/div>\n<div class=\"x1e56ztr\"><span class=\"x193iq5w xeuugli x13faqbe x1vvkbs x1xmvt09 x6prxxf xvq8zen xo1l8bm xzsf02u\">Augmente la confiance en soi et encourage \u00e0 trouver les ressources au plus profond de soi pour faire face aux adversit\u00e9s<\/span><\/div>\n<div class=\"x1e56ztr\"><span class=\"x193iq5w xeuugli x13faqbe x1vvkbs x1xmvt09 x6prxxf xvq8zen xo1l8bm xzsf02u\">Aide \u00e0 trouver notre lumi\u00e8re int\u00e9rieure et accepter nos ombres, mieux nous aimer<\/span><\/div>\n<div class=\"x1e56ztr\"><span class=\"x193iq5w xeuugli x13faqbe x1vvkbs x1xmvt09 x6prxxf xvq8zen xo1l8bm xzsf02u\">Equilibre entre le mental et les sentiments<\/span><\/div>\n<div class=\"x1e56ztr\"><span class=\"x193iq5w xeuugli x13faqbe x1vvkbs x1xmvt09 x6prxxf xvq8zen xo1l8bm xzsf02u\">Pierre de transformation persuasion et discernement qui encourage aux changements, \u00e0 la prise de risques<\/span><\/div>\n<div class=\"x1e56ztr\"><span class=\"x193iq5w xeuugli x13faqbe x1vvkbs x1xmvt09 x6prxxf xvq8zen xo1l8bm xzsf02u\">Augmente l\u2019intuition et observation et permet d\u2019assumer ses responsabilit\u00e9s<\/span><\/div>\n<div class=\"x1e56ztr\"><span class=\"x193iq5w xeuugli x13faqbe x1vvkbs x1xmvt09 x6prxxf xvq8zen xo1l8bm xzsf02u\">Apaisante calmante diminue le stress anxi\u00e9t\u00e9 d\u00e9pression, angoisses et peurs favorise la paix int\u00e9rieure , c\u2019est un anti d\u00e9presseur naturel .Aide \u00e0 la compr\u00e9hension des r\u00eaves.<\/span><\/div>\n<div class=\"x1e56ztr\"><span class=\"x193iq5w xeuugli x13faqbe x1vvkbs x1xmvt09 x6prxxf xvq8zen xo1l8bm xzsf02u\">Ouvre le c\u0153ur \u00e0 l\u2019amour inconditionnel en donnant assurance et \u00e9nergie positive<\/span><\/div>\n<div class=\"x1e56ztr\"><span class=\"x193iq5w xeuugli x13faqbe x1vvkbs x1xmvt09 x6prxxf xvq8zen xo1l8bm xzsf02u\">Lib\u00e8re les blocages \u00e9motionnels du pass\u00e9 enfouis profond\u00e9ment, peut faire venir les larmes en lib\u00e9ration ; utile \u00e0 ceux qui r\u00e9p\u00e8tent les m\u00eames sch\u00e9mas et pour rompre les liens ind\u00e9sirables.<\/span><\/div>\n<div class=\"x1e56ztr\"><span class=\"x193iq5w xeuugli x13faqbe x1vvkbs x1xmvt09 x6prxxf xvq8zen xo1l8bm xzsf02u\"><u>Propri\u00e9t\u00e9s physiques<\/u><\/span><\/div>\n<div class=\"x1e56ztr\"><span class=\"x193iq5w xeuugli x13faqbe x1vvkbs x1xmvt09 x6prxxf xvq8zen xo1l8bm xzsf02u\">Efficace contre les douleurs comme rage de dent, arthrose, fractures entorses crampes, colique, h\u00e9matome, otites angines ; pos\u00e9e sur la douleur elle l\u2019estompera, la laisser en place jusqu\u2019\u00e0 diminution.<\/span><\/div>\n<div class=\"x1e56ztr\"><span class=\"x193iq5w xeuugli x13faqbe x1vvkbs x1xmvt09 x6prxxf xvq8zen xo1l8bm xzsf02u\">Anti inflammatoire naturel , antispasmodique ; agit sur le syst\u00e8me circulatoire c\u0153ur et sang calme le syst\u00e8me nerveux , stimule le syst\u00e8me immunitaire<\/span><\/div>\n<div class=\"x1e56ztr\"><span class=\"x193iq5w xeuugli x13faqbe x1vvkbs x1xmvt09 x6prxxf xvq8zen xo1l8bm xzsf02u\">Diminue les insomnies surtout si li\u00e9es \u00e0 l\u2019anxi\u00e9t\u00e9 (aussi pour les enfants pour diminuer les cauchemars et pour les adapter \u00e0 de nouvelles situations)<\/span><\/div>\n<div class=\"x1e56ztr\"><span class=\"x193iq5w xeuugli x13faqbe x1vvkbs x1xmvt09 x6prxxf xvq8zen xo1l8bm xzsf02u\">Prot\u00e8ge la grossesse et facilite l\u2019accouchement, r\u00e9gule le cycle menstruel<\/span><\/div>\n<div class=\"x1e56ztr\"><span class=\"x193iq5w xeuugli x13faqbe x1vvkbs x1xmvt09 x6prxxf xvq8zen xo1l8bm xzsf02u\">Facilite la respiration pulmonaire .<\/span><\/div>\n<div class=\"x1e56ztr\"><span class=\"x193iq5w xeuugli x13faqbe x1vvkbs x1xmvt09 x6prxxf xvq8zen xo1l8bm xzsf02u\"><b><u>Purification<\/u><\/b><\/span><\/div>\n<div class=\"x1e56ztr\"><span class=\"x193iq5w xeuugli x13faqbe x1vvkbs x1xmvt09 x6prxxf xvq8zen xo1l8bm xzsf02u\">Absorbe et doit donc \u00eatre purifi\u00e9e souvent, utiliser la sauge ou le palo santo<\/span><\/div>\n<div class=\"x1e56ztr\"><span class=\"x193iq5w xeuugli x13faqbe x1vvkbs x1xmvt09 x6prxxf xvq8zen xo1l8bm xzsf02u\">Recharge : soleil, lumi\u00e8re naturelle du matin sans forte chaleur 1 \u00e0 2 heures, ou \u00e0 la pleine lune. Se r\u00e9g\u00e9n\u00e8re par enfouissement.<\/span><\/div>\n<div class=\"x1e56ztr\"><span class=\"x193iq5w xeuugli x13faqbe x1vvkbs x1xmvt09 x6prxxf xvq8zen xo1l8bm xzsf02u\">Raviver une malachite ternie avec un peu d\u2019huile de lin ou de noyau d\u2019abricot, entretenir avec un chiffon doux.<\/span><\/div>\n<div class=\"x1e56ztr\"><span class=\"x193iq5w xeuugli x13faqbe x1vvkbs x1xmvt09 x6prxxf xvq8zen xo1l8bm xzsf02u\">Signes Astrologiques : Taureau Balance Capricorne Scorpion.<\/span><\/div>\n","protected":false},"excerpt":{"rendered":"<p>Tranche de MALACHITE\u00a0 Brute semi polie Poids 155 grammes 7 x 6 cm au plus large Propri\u00e9t\u00e9s psychiques et \u00e9motionnelles Augmente la confiance en soi et encourage \u00e0 trouver les ressources au plus profond de soi pour faire face aux adversit\u00e9s Aide \u00e0 trouver notre lumi\u00e8re int\u00e9rieure et accepter nos ombres, mieux nous aimer Equilibre [&hellip;]<\/p>\n","protected":false},"featured_media":2300,"comment_status":"open","ping_status":"closed","template":"","meta":{"site-sidebar-layout":"default","site-content-layout":"","ast-site-content-layout":"default","site-content-style":"default","site-sidebar-style":"default","ast-global-header-display":"","ast-banner-title-visibility":"","ast-main-header-display":"","ast-hfb-above-header-display":"","ast-hfb-below-header-display":"","ast-hfb-mobile-header-display":"","site-post-title":"","ast-breadcrumbs-content":"","ast-featured-img":"","footer-sml-layout":"","ast-disable-related-posts":"","theme-transparent-header-meta":"default","adv-header-id-meta":"","stick-header-meta":"","header-above-stick-meta":"","header-main-stick-meta":"","header-below-stick-meta":"","astra-migrate-meta-layouts":"set","ast-page-background-enabled":"default","ast-page-background-meta":{"desktop":{"background-color":"var(--ast-global-color-4)","background-image":"","background-repeat":"repeat","background-position":"center center","background-size":"auto","background-attachment":"scroll","background-type":"","background-media":"","overlay-type":"","overlay-color":"","overlay-opacity":"","overlay-gradient":""},"tablet":{"background-color":"","background-image":"","background-repeat":"repeat","background-position":"center center","background-size":"auto","background-attachment":"scroll","background-type":"","background-media":"","overlay-type":"","overlay-color":"","overlay-opacity":"","overlay-gradient":""},"mobile":{"background-color":"","background-image":"","background-repeat":"repeat","background-position":"center center","background-size":"auto","background-attachment":"scroll","background-type":"","background-media":"","overlay-type":"","overlay-color":"","overlay-opacity":"","overlay-gradient":""}},"ast-content-background-meta":{"desktop":{"background-color":"var(--ast-global-color-5)","background-image":"","background-repeat":"repeat","background-position":"center center","background-size":"auto","background-attachment":"scroll","background-type":"","background-media":"","overlay-type":"","overlay-color":"","overlay-opacity":"","overlay-gradient":""},"tablet":{"background-color":"var(--ast-global-color-5)","background-image":"","background-repeat":"repeat","background-position":"center center","background-size":"auto","background-attachment":"scroll","background-type":"","background-media":"","overlay-type":"","overlay-color":"","overlay-opacity":"","overlay-gradient":""},"mobile":{"background-color":"var(--ast-global-color-5)","background-image":"","background-repeat":"repeat","background-position":"center center","background-size":"auto","background-attachment":"scroll","background-type":"","background-media":"","overlay-type":"","overlay-color":"","overlay-opacity":"","overlay-gradient":""}},"_glsr_average":0,"_glsr_ranking":0,"_glsr_reviews":0},"product_brand":[],"product_cat":[121,31,78],"product_tag":[],"class_list":{"0":"post-2298","1":"product","2":"type-product","3":"status-publish","4":"has-post-thumbnail","6":"product_cat-malachite","7":"product_cat-pierres-brutes","8":"product_cat-vert","9":"desktop-align-left","10":"tablet-align-left","11":"mobile-align-left","13":"first","14":"instock","15":"purchasable","16":"product-type-simple"},"yoast_head":"<!-- This site is optimized with the Yoast SEO plugin v27.5 - https:\/\/yoast.com\/product\/yoast-seo-wordpress\/ -->\n<title>TRANCHE DE MALACHITE - Au fil des pierres<\/title>\n<meta name=\"description\" content=\"&quot;D\u00e9couvrez la beaut\u00e9 unique de la tranche de malachite, pierre naturelle aux motifs verts envo\u00fbtants. Utilis\u00e9e en lithoth\u00e9rapie, elle favorise l\u2019harmonie \u00e9motionnelle, la protection et la transformation int\u00e9rieure.&quot;\" \/>\n<meta name=\"robots\" content=\"index, follow, max-snippet:-1, max-image-preview:large, max-video-preview:-1\" \/>\n<link rel=\"canonical\" href=\"https:\/\/aufildespierres.com\/index.php\/product\/tranche-de-malachite\/\" \/>\n<meta property=\"og:locale\" content=\"fr_FR\" \/>\n<meta property=\"og:type\" content=\"article\" \/>\n<meta property=\"og:title\" content=\"TRANCHE DE MALACHITE - Au fil des pierres\" \/>\n<meta property=\"og:description\" content=\"&quot;D\u00e9couvrez la beaut\u00e9 unique de la tranche de malachite, pierre naturelle aux motifs verts envo\u00fbtants. Utilis\u00e9e en lithoth\u00e9rapie, elle favorise l\u2019harmonie \u00e9motionnelle, la protection et la transformation int\u00e9rieure.&quot;\" \/>\n<meta property=\"og:url\" content=\"https:\/\/aufildespierres.com\/index.php\/product\/tranche-de-malachite\/\" \/>\n<meta property=\"og:site_name\" content=\"Au fil des pierres\" \/>\n<meta property=\"article:modified_time\" content=\"2025-09-14T14:10:46+00:00\" \/>\n<meta property=\"og:image\" content=\"https:\/\/aufildespierres.com\/wp-content\/uploads\/2024\/04\/20240401_104542-scaled.jpg\" \/>\n\t<meta property=\"og:image:width\" content=\"1920\" \/>\n\t<meta property=\"og:image:height\" content=\"2560\" \/>\n\t<meta property=\"og:image:type\" content=\"image\/jpeg\" \/>\n<meta name=\"twitter:card\" content=\"summary_large_image\" \/>\n<meta name=\"twitter:label1\" content=\"Dur\u00e9e de lecture estim\u00e9e\" \/>\n\t<meta name=\"twitter:data1\" content=\"2 minutes\" \/>\n<script type=\"application\/ld+json\" class=\"yoast-schema-graph\">{\"@context\":\"https:\\\/\\\/schema.org\",\"@graph\":[{\"@type\":\"WebPage\",\"@id\":\"https:\\\/\\\/aufildespierres.com\\\/index.php\\\/product\\\/tranche-de-malachite\\\/\",\"url\":\"https:\\\/\\\/aufildespierres.com\\\/index.php\\\/product\\\/tranche-de-malachite\\\/\",\"name\":\"TRANCHE DE MALACHITE - Au fil des pierres\",\"isPartOf\":{\"@id\":\"https:\\\/\\\/aufildespierres.com\\\/#website\"},\"primaryImageOfPage\":{\"@id\":\"https:\\\/\\\/aufildespierres.com\\\/index.php\\\/product\\\/tranche-de-malachite\\\/#primaryimage\"},\"image\":{\"@id\":\"https:\\\/\\\/aufildespierres.com\\\/index.php\\\/product\\\/tranche-de-malachite\\\/#primaryimage\"},\"thumbnailUrl\":\"https:\\\/\\\/aufildespierres.com\\\/wp-content\\\/uploads\\\/2024\\\/04\\\/20240401_104542-scaled.jpg\",\"datePublished\":\"2024-04-01T10:04:14+00:00\",\"dateModified\":\"2025-09-14T14:10:46+00:00\",\"description\":\"\\\"D\u00e9couvrez la beaut\u00e9 unique de la tranche de malachite, pierre naturelle aux motifs verts envo\u00fbtants. Utilis\u00e9e en lithoth\u00e9rapie, elle favorise l\u2019harmonie \u00e9motionnelle, la protection et la transformation int\u00e9rieure.\\\"\",\"breadcrumb\":{\"@id\":\"https:\\\/\\\/aufildespierres.com\\\/index.php\\\/product\\\/tranche-de-malachite\\\/#breadcrumb\"},\"inLanguage\":\"fr-FR\",\"potentialAction\":[{\"@type\":\"ReadAction\",\"target\":[\"https:\\\/\\\/aufildespierres.com\\\/index.php\\\/product\\\/tranche-de-malachite\\\/\"]}]},{\"@type\":\"ImageObject\",\"inLanguage\":\"fr-FR\",\"@id\":\"https:\\\/\\\/aufildespierres.com\\\/index.php\\\/product\\\/tranche-de-malachite\\\/#primaryimage\",\"url\":\"https:\\\/\\\/aufildespierres.com\\\/wp-content\\\/uploads\\\/2024\\\/04\\\/20240401_104542-scaled.jpg\",\"contentUrl\":\"https:\\\/\\\/aufildespierres.com\\\/wp-content\\\/uploads\\\/2024\\\/04\\\/20240401_104542-scaled.jpg\",\"width\":1920,\"height\":2560},{\"@type\":\"BreadcrumbList\",\"@id\":\"https:\\\/\\\/aufildespierres.com\\\/index.php\\\/product\\\/tranche-de-malachite\\\/#breadcrumb\",\"itemListElement\":[{\"@type\":\"ListItem\",\"position\":1,\"name\":\"Accueil\",\"item\":\"https:\\\/\\\/aufildespierres.com\\\/\"},{\"@type\":\"ListItem\",\"position\":2,\"name\":\"Boutique de Lithoth\u00e9rapie\",\"item\":\"https:\\\/\\\/aufildespierres.com\\\/index.php\\\/boutique-de-lithotherapie\\\/\"},{\"@type\":\"ListItem\",\"position\":3,\"name\":\"TRANCHE DE MALACHITE\"}]},{\"@type\":\"WebSite\",\"@id\":\"https:\\\/\\\/aufildespierres.com\\\/#website\",\"url\":\"https:\\\/\\\/aufildespierres.com\\\/\",\"name\":\"Au fil des pierres\",\"description\":\"Au fil des pierres\",\"publisher\":{\"@id\":\"https:\\\/\\\/aufildespierres.com\\\/#organization\"},\"potentialAction\":[{\"@type\":\"SearchAction\",\"target\":{\"@type\":\"EntryPoint\",\"urlTemplate\":\"https:\\\/\\\/aufildespierres.com\\\/?s={search_term_string}\"},\"query-input\":{\"@type\":\"PropertyValueSpecification\",\"valueRequired\":true,\"valueName\":\"search_term_string\"}}],\"inLanguage\":\"fr-FR\"},{\"@type\":\"Organization\",\"@id\":\"https:\\\/\\\/aufildespierres.com\\\/#organization\",\"name\":\"Au fil des pierres\",\"url\":\"https:\\\/\\\/aufildespierres.com\\\/\",\"logo\":{\"@type\":\"ImageObject\",\"inLanguage\":\"fr-FR\",\"@id\":\"https:\\\/\\\/aufildespierres.com\\\/#\\\/schema\\\/logo\\\/image\\\/\",\"url\":\"https:\\\/\\\/aufildespierres.com\\\/wp-content\\\/uploads\\\/2023\\\/05\\\/cropped-Logo-PNG-Transparent.png\",\"contentUrl\":\"https:\\\/\\\/aufildespierres.com\\\/wp-content\\\/uploads\\\/2023\\\/05\\\/cropped-Logo-PNG-Transparent.png\",\"width\":1776,\"height\":1625,\"caption\":\"Au fil des pierres\"},\"image\":{\"@id\":\"https:\\\/\\\/aufildespierres.com\\\/#\\\/schema\\\/logo\\\/image\\\/\"}}]}<\/script>\n<!-- \/ Yoast SEO plugin. -->","yoast_head_json":{"title":"TRANCHE DE MALACHITE - Au fil des pierres","description":"\"D\u00e9couvrez la beaut\u00e9 unique de la tranche de malachite, pierre naturelle aux motifs verts envo\u00fbtants. Utilis\u00e9e en lithoth\u00e9rapie, elle favorise l\u2019harmonie \u00e9motionnelle, la protection et la transformation int\u00e9rieure.\"","robots":{"index":"index","follow":"follow","max-snippet":"max-snippet:-1","max-image-preview":"max-image-preview:large","max-video-preview":"max-video-preview:-1"},"canonical":"https:\/\/aufildespierres.com\/index.php\/product\/tranche-de-malachite\/","og_locale":"fr_FR","og_type":"article","og_title":"TRANCHE DE MALACHITE - Au fil des pierres","og_description":"\"D\u00e9couvrez la beaut\u00e9 unique de la tranche de malachite, pierre naturelle aux motifs verts envo\u00fbtants. Utilis\u00e9e en lithoth\u00e9rapie, elle favorise l\u2019harmonie \u00e9motionnelle, la protection et la transformation int\u00e9rieure.\"","og_url":"https:\/\/aufildespierres.com\/index.php\/product\/tranche-de-malachite\/","og_site_name":"Au fil des pierres","article_modified_time":"2025-09-14T14:10:46+00:00","og_image":[{"width":1920,"height":2560,"url":"https:\/\/aufildespierres.com\/wp-content\/uploads\/2024\/04\/20240401_104542-scaled.jpg","type":"image\/jpeg"}],"twitter_card":"summary_large_image","twitter_misc":{"Dur\u00e9e de lecture estim\u00e9e":"2 minutes"},"schema":{"@context":"https:\/\/schema.org","@graph":[{"@type":"WebPage","@id":"https:\/\/aufildespierres.com\/index.php\/product\/tranche-de-malachite\/","url":"https:\/\/aufildespierres.com\/index.php\/product\/tranche-de-malachite\/","name":"TRANCHE DE MALACHITE - Au fil des pierres","isPartOf":{"@id":"https:\/\/aufildespierres.com\/#website"},"primaryImageOfPage":{"@id":"https:\/\/aufildespierres.com\/index.php\/product\/tranche-de-malachite\/#primaryimage"},"image":{"@id":"https:\/\/aufildespierres.com\/index.php\/product\/tranche-de-malachite\/#primaryimage"},"thumbnailUrl":"https:\/\/aufildespierres.com\/wp-content\/uploads\/2024\/04\/20240401_104542-scaled.jpg","datePublished":"2024-04-01T10:04:14+00:00","dateModified":"2025-09-14T14:10:46+00:00","description":"\"D\u00e9couvrez la beaut\u00e9 unique de la tranche de malachite, pierre naturelle aux motifs verts envo\u00fbtants. Utilis\u00e9e en lithoth\u00e9rapie, elle favorise l\u2019harmonie \u00e9motionnelle, la protection et la transformation int\u00e9rieure.\"","breadcrumb":{"@id":"https:\/\/aufildespierres.com\/index.php\/product\/tranche-de-malachite\/#breadcrumb"},"inLanguage":"fr-FR","potentialAction":[{"@type":"ReadAction","target":["https:\/\/aufildespierres.com\/index.php\/product\/tranche-de-malachite\/"]}]},{"@type":"ImageObject","inLanguage":"fr-FR","@id":"https:\/\/aufildespierres.com\/index.php\/product\/tranche-de-malachite\/#primaryimage","url":"https:\/\/aufildespierres.com\/wp-content\/uploads\/2024\/04\/20240401_104542-scaled.jpg","contentUrl":"https:\/\/aufildespierres.com\/wp-content\/uploads\/2024\/04\/20240401_104542-scaled.jpg","width":1920,"height":2560},{"@type":"BreadcrumbList","@id":"https:\/\/aufildespierres.com\/index.php\/product\/tranche-de-malachite\/#breadcrumb","itemListElement":[{"@type":"ListItem","position":1,"name":"Accueil","item":"https:\/\/aufildespierres.com\/"},{"@type":"ListItem","position":2,"name":"Boutique de Lithoth\u00e9rapie","item":"https:\/\/aufildespierres.com\/index.php\/boutique-de-lithotherapie\/"},{"@type":"ListItem","position":3,"name":"TRANCHE DE MALACHITE"}]},{"@type":"WebSite","@id":"https:\/\/aufildespierres.com\/#website","url":"https:\/\/aufildespierres.com\/","name":"Au fil des pierres","description":"Au fil des pierres","publisher":{"@id":"https:\/\/aufildespierres.com\/#organization"},"potentialAction":[{"@type":"SearchAction","target":{"@type":"EntryPoint","urlTemplate":"https:\/\/aufildespierres.com\/?s={search_term_string}"},"query-input":{"@type":"PropertyValueSpecification","valueRequired":true,"valueName":"search_term_string"}}],"inLanguage":"fr-FR"},{"@type":"Organization","@id":"https:\/\/aufildespierres.com\/#organization","name":"Au fil des pierres","url":"https:\/\/aufildespierres.com\/","logo":{"@type":"ImageObject","inLanguage":"fr-FR","@id":"https:\/\/aufildespierres.com\/#\/schema\/logo\/image\/","url":"https:\/\/aufildespierres.com\/wp-content\/uploads\/2023\/05\/cropped-Logo-PNG-Transparent.png","contentUrl":"https:\/\/aufildespierres.com\/wp-content\/uploads\/2023\/05\/cropped-Logo-PNG-Transparent.png","width":1776,"height":1625,"caption":"Au fil des pierres"},"image":{"@id":"https:\/\/aufildespierres.com\/#\/schema\/logo\/image\/"}}]}},"_links":{"self":[{"href":"https:\/\/aufildespierres.com\/index.php\/wp-json\/wp\/v2\/product\/2298","targetHints":{"allow":["GET"]}}],"collection":[{"href":"https:\/\/aufildespierres.com\/index.php\/wp-json\/wp\/v2\/product"}],"about":[{"href":"https:\/\/aufildespierres.com\/index.php\/wp-json\/wp\/v2\/types\/product"}],"replies":[{"embeddable":true,"href":"https:\/\/aufildespierres.com\/index.php\/wp-json\/wp\/v2\/comments?post=2298"}],"wp:featuredmedia":[{"embeddable":true,"href":"https:\/\/aufildespierres.com\/index.php\/wp-json\/wp\/v2\/media\/2300"}],"wp:attachment":[{"href":"https:\/\/aufildespierres.com\/index.php\/wp-json\/wp\/v2\/media?parent=2298"}],"wp:term":[{"taxonomy":"product_brand","embeddable":true,"href":"https:\/\/aufildespierres.com\/index.php\/wp-json\/wp\/v2\/product_brand?post=2298"},{"taxonomy":"product_cat","embeddable":true,"href":"https:\/\/aufildespierres.com\/index.php\/wp-json\/wp\/v2\/product_cat?post=2298"},{"taxonomy":"product_tag","embeddable":true,"href":"https:\/\/aufildespierres.com\/index.php\/wp-json\/wp\/v2\/product_tag?post=2298"}],"curies":[{"name":"wp","href":"https:\/\/api.w.org\/{rel}","templated":true}]}}