{"id":2314,"date":"2024-04-01T13:01:12","date_gmt":"2024-04-01T11:01:12","guid":{"rendered":"https:\/\/aufildespierres.com\/?post_type=product&#038;p=2314"},"modified":"2026-04-27T22:05:51","modified_gmt":"2026-04-27T20:05:51","slug":"crane-en-lepidolite","status":"publish","type":"product","link":"https:\/\/aufildespierres.com\/index.php\/product\/crane-en-lepidolite\/","title":{"rendered":"Cr\u00e2ne en L\u00e9pidolite"},"content":{"rendered":"<p data-start=\"58\" data-end=\"430\">Le <strong data-start=\"61\" data-end=\"84\">cr\u00e2ne en l\u00e9pidolite<\/strong> est une pi\u00e8ce \u00e0 la fois esth\u00e9tique et profond\u00e9ment apaisante. Avec ses teintes violettes naturelles, cette pierre attire imm\u00e9diatement les personnes en qu\u00eate de calme int\u00e9rieur et de stabilit\u00e9 \u00e9motionnelle. Sa composition riche en lithium en fait une alli\u00e9e reconnue pour accompagner les p\u00e9riodes de stress intense ou de d\u00e9s\u00e9quilibre \u00e9motionnel.<\/p>\n<p data-start=\"432\" data-end=\"914\">Le <strong data-start=\"435\" data-end=\"459\">l\u00e9pidolite bienfaits<\/strong> se ressentent rapidement sur le plan mental. Cette pierre favorise un apaisement profond du mental en r\u00e9duisant les pens\u00e9es envahissantes. Elle aide \u00e0 retrouver de la clart\u00e9 et facilite la concentration. Ainsi, elle permet de prendre des d\u00e9cisions plus sereines et d\u2019avancer avec davantage de confiance en soi. De plus, elle soutient les personnes qui souhaitent atteindre leurs objectifs tout en conservant leur ind\u00e9pendance et leur \u00e9quilibre int\u00e9rieur.<\/p>\n<p data-start=\"916\" data-end=\"1347\">Cette pierre agit \u00e9galement sur les \u00e9motions. Elle stabilise les variations d\u2019humeur et accompagne les personnes sujettes au stress, aux angoisses ou aux contrari\u00e9t\u00e9s. Elle peut \u00eatre particuli\u00e8rement utile en cas de troubles \u00e9motionnels importants. Par ailleurs, elle aide \u00e0 diminuer les comportements compulsifs, les addictions ou certaines formes d\u2019obsessions. Elle apporte un cadre rassurant et favorise un retour \u00e0 l\u2019\u00e9quilibre.<\/p>\n<p data-start=\"1349\" data-end=\"1667\">En compl\u00e9ment, la l\u00e9pidolite agit favorablement sur le sommeil. Elle facilite l\u2019endormissement et am\u00e9liore la qualit\u00e9 des nuits. Elle convient donc parfaitement aux personnes qui ont du mal \u00e0 l\u00e2cher prise le soir. Gr\u00e2ce \u00e0 son \u00e9nergie douce, elle accompagne aussi les \u00e9tats de fatigue mentale li\u00e9s \u00e0 un stress prolong\u00e9.<\/p>\n<p data-start=\"1669\" data-end=\"1971\">Sur le plan physique, cette pierre soutient l\u2019organisme en renfor\u00e7ant le syst\u00e8me immunitaire. Elle contribue \u00e9galement \u00e0 am\u00e9liorer l\u2019\u00e9clat de la peau et peut apaiser certains inconforts digestifs, notamment les maux d\u2019estomac. Son action globale vise \u00e0 r\u00e9tablir un \u00e9quilibre entre le corps et l\u2019esprit.<\/p>\n<p data-start=\"1973\" data-end=\"2174\">Le <strong data-start=\"1976\" data-end=\"1999\">cr\u00e2ne en l\u00e9pidolite<\/strong> s\u2019utilise aussi bien en m\u00e9ditation qu\u2019en objet d\u00e9coratif charg\u00e9 de sens. Il accompagne les personnes qui cherchent \u00e0 retrouver s\u00e9r\u00e9nit\u00e9, stabilit\u00e9 et apaisement au quotidien.<\/p>\n","protected":false},"excerpt":{"rendered":"<p>Le cr\u00e2ne en l\u00e9pidolite est une pi\u00e8ce \u00e0 la fois esth\u00e9tique et profond\u00e9ment apaisante. Avec ses teintes violettes naturelles, cette pierre attire imm\u00e9diatement les personnes en qu\u00eate de calme int\u00e9rieur et de stabilit\u00e9 \u00e9motionnelle. Sa composition riche en lithium en fait une alli\u00e9e reconnue pour accompagner les p\u00e9riodes de stress intense ou de d\u00e9s\u00e9quilibre \u00e9motionnel. [&hellip;]<\/p>\n","protected":false},"featured_media":2318,"comment_status":"open","ping_status":"closed","template":"","meta":{"site-sidebar-layout":"default","site-content-layout":"","ast-site-content-layout":"default","site-content-style":"default","site-sidebar-style":"default","ast-global-header-display":"","ast-banner-title-visibility":"","ast-main-header-display":"","ast-hfb-above-header-display":"","ast-hfb-below-header-display":"","ast-hfb-mobile-header-display":"","site-post-title":"","ast-breadcrumbs-content":"","ast-featured-img":"","footer-sml-layout":"","ast-disable-related-posts":"","theme-transparent-header-meta":"default","adv-header-id-meta":"","stick-header-meta":"","header-above-stick-meta":"","header-main-stick-meta":"","header-below-stick-meta":"","astra-migrate-meta-layouts":"set","ast-page-background-enabled":"default","ast-page-background-meta":{"desktop":{"background-color":"var(--ast-global-color-4)","background-image":"","background-repeat":"repeat","background-position":"center center","background-size":"auto","background-attachment":"scroll","background-type":"","background-media":"","overlay-type":"","overlay-color":"","overlay-opacity":"","overlay-gradient":""},"tablet":{"background-color":"","background-image":"","background-repeat":"repeat","background-position":"center center","background-size":"auto","background-attachment":"scroll","background-type":"","background-media":"","overlay-type":"","overlay-color":"","overlay-opacity":"","overlay-gradient":""},"mobile":{"background-color":"","background-image":"","background-repeat":"repeat","background-position":"center center","background-size":"auto","background-attachment":"scroll","background-type":"","background-media":"","overlay-type":"","overlay-color":"","overlay-opacity":"","overlay-gradient":""}},"ast-content-background-meta":{"desktop":{"background-color":"var(--ast-global-color-5)","background-image":"","background-repeat":"repeat","background-position":"center center","background-size":"auto","background-attachment":"scroll","background-type":"","background-media":"","overlay-type":"","overlay-color":"","overlay-opacity":"","overlay-gradient":""},"tablet":{"background-color":"var(--ast-global-color-5)","background-image":"","background-repeat":"repeat","background-position":"center center","background-size":"auto","background-attachment":"scroll","background-type":"","background-media":"","overlay-type":"","overlay-color":"","overlay-opacity":"","overlay-gradient":""},"mobile":{"background-color":"var(--ast-global-color-5)","background-image":"","background-repeat":"repeat","background-position":"center center","background-size":"auto","background-attachment":"scroll","background-type":"","background-media":"","overlay-type":"","overlay-color":"","overlay-opacity":"","overlay-gradient":""}},"_glsr_average":0,"_glsr_ranking":0,"_glsr_reviews":0},"product_brand":[],"product_cat":[239,212,32,69],"product_tag":[],"class_list":{"0":"post-2314","1":"product","2":"type-product","3":"status-publish","4":"has-post-thumbnail","6":"product_cat-figurines-et-animaux","7":"product_cat-lepidolite","8":"product_cat-pierres-polies","9":"product_cat-violet","10":"desktop-align-left","11":"tablet-align-left","12":"mobile-align-left","14":"first","15":"instock","16":"purchasable","17":"product-type-simple"},"yoast_head":"<!-- This site is optimized with the Yoast SEO plugin v27.5 - https:\/\/yoast.com\/product\/yoast-seo-wordpress\/ -->\n<title>Cr\u00e2ne en L\u00e9pidolite - Au fil des pierres<\/title>\n<meta name=\"description\" content=\"Cr\u00e2ne en l\u00e9pidolite : pierre apaisante qui r\u00e9duit le stress, stabilise les \u00e9motions et favorise le sommeil. Id\u00e9al pour retrouver s\u00e9r\u00e9nit\u00e9.\" \/>\n<meta name=\"robots\" content=\"index, follow, max-snippet:-1, max-image-preview:large, max-video-preview:-1\" \/>\n<link rel=\"canonical\" href=\"https:\/\/aufildespierres.com\/index.php\/product\/crane-en-lepidolite\/\" \/>\n<meta property=\"og:locale\" content=\"fr_FR\" \/>\n<meta property=\"og:type\" content=\"article\" \/>\n<meta property=\"og:title\" content=\"Cr\u00e2ne en L\u00e9pidolite - Au fil des pierres\" \/>\n<meta property=\"og:description\" content=\"Cr\u00e2ne en l\u00e9pidolite : pierre apaisante qui r\u00e9duit le stress, stabilise les \u00e9motions et favorise le sommeil. Id\u00e9al pour retrouver s\u00e9r\u00e9nit\u00e9.\" \/>\n<meta property=\"og:url\" content=\"https:\/\/aufildespierres.com\/index.php\/product\/crane-en-lepidolite\/\" \/>\n<meta property=\"og:site_name\" content=\"Au fil des pierres\" \/>\n<meta property=\"article:modified_time\" content=\"2026-04-27T20:05:51+00:00\" \/>\n<meta property=\"og:image\" content=\"https:\/\/aufildespierres.com\/wp-content\/uploads\/2024\/04\/20240401_104353-scaled.jpg\" \/>\n\t<meta property=\"og:image:width\" content=\"1920\" \/>\n\t<meta property=\"og:image:height\" content=\"2560\" \/>\n\t<meta property=\"og:image:type\" content=\"image\/jpeg\" \/>\n<meta name=\"twitter:card\" content=\"summary_large_image\" \/>\n<meta name=\"twitter:label1\" content=\"Dur\u00e9e de lecture estim\u00e9e\" \/>\n\t<meta name=\"twitter:data1\" content=\"2 minutes\" \/>\n<script type=\"application\/ld+json\" class=\"yoast-schema-graph\">{\"@context\":\"https:\\\/\\\/schema.org\",\"@graph\":[{\"@type\":\"WebPage\",\"@id\":\"https:\\\/\\\/aufildespierres.com\\\/index.php\\\/product\\\/crane-en-lepidolite\\\/\",\"url\":\"https:\\\/\\\/aufildespierres.com\\\/index.php\\\/product\\\/crane-en-lepidolite\\\/\",\"name\":\"Cr\u00e2ne en L\u00e9pidolite - Au fil des pierres\",\"isPartOf\":{\"@id\":\"https:\\\/\\\/aufildespierres.com\\\/#website\"},\"primaryImageOfPage\":{\"@id\":\"https:\\\/\\\/aufildespierres.com\\\/index.php\\\/product\\\/crane-en-lepidolite\\\/#primaryimage\"},\"image\":{\"@id\":\"https:\\\/\\\/aufildespierres.com\\\/index.php\\\/product\\\/crane-en-lepidolite\\\/#primaryimage\"},\"thumbnailUrl\":\"https:\\\/\\\/aufildespierres.com\\\/wp-content\\\/uploads\\\/2024\\\/04\\\/20240401_104353-scaled.jpg\",\"datePublished\":\"2024-04-01T11:01:12+00:00\",\"dateModified\":\"2026-04-27T20:05:51+00:00\",\"description\":\"Cr\u00e2ne en l\u00e9pidolite : pierre apaisante qui r\u00e9duit le stress, stabilise les \u00e9motions et favorise le sommeil. Id\u00e9al pour retrouver s\u00e9r\u00e9nit\u00e9.\",\"breadcrumb\":{\"@id\":\"https:\\\/\\\/aufildespierres.com\\\/index.php\\\/product\\\/crane-en-lepidolite\\\/#breadcrumb\"},\"inLanguage\":\"fr-FR\",\"potentialAction\":[{\"@type\":\"ReadAction\",\"target\":[\"https:\\\/\\\/aufildespierres.com\\\/index.php\\\/product\\\/crane-en-lepidolite\\\/\"]}]},{\"@type\":\"ImageObject\",\"inLanguage\":\"fr-FR\",\"@id\":\"https:\\\/\\\/aufildespierres.com\\\/index.php\\\/product\\\/crane-en-lepidolite\\\/#primaryimage\",\"url\":\"https:\\\/\\\/aufildespierres.com\\\/wp-content\\\/uploads\\\/2024\\\/04\\\/20240401_104353-scaled.jpg\",\"contentUrl\":\"https:\\\/\\\/aufildespierres.com\\\/wp-content\\\/uploads\\\/2024\\\/04\\\/20240401_104353-scaled.jpg\",\"width\":1920,\"height\":2560},{\"@type\":\"BreadcrumbList\",\"@id\":\"https:\\\/\\\/aufildespierres.com\\\/index.php\\\/product\\\/crane-en-lepidolite\\\/#breadcrumb\",\"itemListElement\":[{\"@type\":\"ListItem\",\"position\":1,\"name\":\"Accueil\",\"item\":\"https:\\\/\\\/aufildespierres.com\\\/\"},{\"@type\":\"ListItem\",\"position\":2,\"name\":\"Boutique de Lithoth\u00e9rapie\",\"item\":\"https:\\\/\\\/aufildespierres.com\\\/index.php\\\/boutique-de-lithotherapie\\\/\"},{\"@type\":\"ListItem\",\"position\":3,\"name\":\"Cr\u00e2ne en L\u00e9pidolite\"}]},{\"@type\":\"WebSite\",\"@id\":\"https:\\\/\\\/aufildespierres.com\\\/#website\",\"url\":\"https:\\\/\\\/aufildespierres.com\\\/\",\"name\":\"Au fil des pierres\",\"description\":\"Au fil des pierres\",\"publisher\":{\"@id\":\"https:\\\/\\\/aufildespierres.com\\\/#organization\"},\"potentialAction\":[{\"@type\":\"SearchAction\",\"target\":{\"@type\":\"EntryPoint\",\"urlTemplate\":\"https:\\\/\\\/aufildespierres.com\\\/?s={search_term_string}\"},\"query-input\":{\"@type\":\"PropertyValueSpecification\",\"valueRequired\":true,\"valueName\":\"search_term_string\"}}],\"inLanguage\":\"fr-FR\"},{\"@type\":\"Organization\",\"@id\":\"https:\\\/\\\/aufildespierres.com\\\/#organization\",\"name\":\"Au fil des pierres\",\"url\":\"https:\\\/\\\/aufildespierres.com\\\/\",\"logo\":{\"@type\":\"ImageObject\",\"inLanguage\":\"fr-FR\",\"@id\":\"https:\\\/\\\/aufildespierres.com\\\/#\\\/schema\\\/logo\\\/image\\\/\",\"url\":\"https:\\\/\\\/aufildespierres.com\\\/wp-content\\\/uploads\\\/2023\\\/05\\\/cropped-Logo-PNG-Transparent.png\",\"contentUrl\":\"https:\\\/\\\/aufildespierres.com\\\/wp-content\\\/uploads\\\/2023\\\/05\\\/cropped-Logo-PNG-Transparent.png\",\"width\":1776,\"height\":1625,\"caption\":\"Au fil des pierres\"},\"image\":{\"@id\":\"https:\\\/\\\/aufildespierres.com\\\/#\\\/schema\\\/logo\\\/image\\\/\"}}]}<\/script>\n<!-- \/ Yoast SEO plugin. -->","yoast_head_json":{"title":"Cr\u00e2ne en L\u00e9pidolite - Au fil des pierres","description":"Cr\u00e2ne en l\u00e9pidolite : pierre apaisante qui r\u00e9duit le stress, stabilise les \u00e9motions et favorise le sommeil. Id\u00e9al pour retrouver s\u00e9r\u00e9nit\u00e9.","robots":{"index":"index","follow":"follow","max-snippet":"max-snippet:-1","max-image-preview":"max-image-preview:large","max-video-preview":"max-video-preview:-1"},"canonical":"https:\/\/aufildespierres.com\/index.php\/product\/crane-en-lepidolite\/","og_locale":"fr_FR","og_type":"article","og_title":"Cr\u00e2ne en L\u00e9pidolite - Au fil des pierres","og_description":"Cr\u00e2ne en l\u00e9pidolite : pierre apaisante qui r\u00e9duit le stress, stabilise les \u00e9motions et favorise le sommeil. Id\u00e9al pour retrouver s\u00e9r\u00e9nit\u00e9.","og_url":"https:\/\/aufildespierres.com\/index.php\/product\/crane-en-lepidolite\/","og_site_name":"Au fil des pierres","article_modified_time":"2026-04-27T20:05:51+00:00","og_image":[{"width":1920,"height":2560,"url":"https:\/\/aufildespierres.com\/wp-content\/uploads\/2024\/04\/20240401_104353-scaled.jpg","type":"image\/jpeg"}],"twitter_card":"summary_large_image","twitter_misc":{"Dur\u00e9e de lecture estim\u00e9e":"2 minutes"},"schema":{"@context":"https:\/\/schema.org","@graph":[{"@type":"WebPage","@id":"https:\/\/aufildespierres.com\/index.php\/product\/crane-en-lepidolite\/","url":"https:\/\/aufildespierres.com\/index.php\/product\/crane-en-lepidolite\/","name":"Cr\u00e2ne en L\u00e9pidolite - Au fil des pierres","isPartOf":{"@id":"https:\/\/aufildespierres.com\/#website"},"primaryImageOfPage":{"@id":"https:\/\/aufildespierres.com\/index.php\/product\/crane-en-lepidolite\/#primaryimage"},"image":{"@id":"https:\/\/aufildespierres.com\/index.php\/product\/crane-en-lepidolite\/#primaryimage"},"thumbnailUrl":"https:\/\/aufildespierres.com\/wp-content\/uploads\/2024\/04\/20240401_104353-scaled.jpg","datePublished":"2024-04-01T11:01:12+00:00","dateModified":"2026-04-27T20:05:51+00:00","description":"Cr\u00e2ne en l\u00e9pidolite : pierre apaisante qui r\u00e9duit le stress, stabilise les \u00e9motions et favorise le sommeil. Id\u00e9al pour retrouver s\u00e9r\u00e9nit\u00e9.","breadcrumb":{"@id":"https:\/\/aufildespierres.com\/index.php\/product\/crane-en-lepidolite\/#breadcrumb"},"inLanguage":"fr-FR","potentialAction":[{"@type":"ReadAction","target":["https:\/\/aufildespierres.com\/index.php\/product\/crane-en-lepidolite\/"]}]},{"@type":"ImageObject","inLanguage":"fr-FR","@id":"https:\/\/aufildespierres.com\/index.php\/product\/crane-en-lepidolite\/#primaryimage","url":"https:\/\/aufildespierres.com\/wp-content\/uploads\/2024\/04\/20240401_104353-scaled.jpg","contentUrl":"https:\/\/aufildespierres.com\/wp-content\/uploads\/2024\/04\/20240401_104353-scaled.jpg","width":1920,"height":2560},{"@type":"BreadcrumbList","@id":"https:\/\/aufildespierres.com\/index.php\/product\/crane-en-lepidolite\/#breadcrumb","itemListElement":[{"@type":"ListItem","position":1,"name":"Accueil","item":"https:\/\/aufildespierres.com\/"},{"@type":"ListItem","position":2,"name":"Boutique de Lithoth\u00e9rapie","item":"https:\/\/aufildespierres.com\/index.php\/boutique-de-lithotherapie\/"},{"@type":"ListItem","position":3,"name":"Cr\u00e2ne en L\u00e9pidolite"}]},{"@type":"WebSite","@id":"https:\/\/aufildespierres.com\/#website","url":"https:\/\/aufildespierres.com\/","name":"Au fil des pierres","description":"Au fil des pierres","publisher":{"@id":"https:\/\/aufildespierres.com\/#organization"},"potentialAction":[{"@type":"SearchAction","target":{"@type":"EntryPoint","urlTemplate":"https:\/\/aufildespierres.com\/?s={search_term_string}"},"query-input":{"@type":"PropertyValueSpecification","valueRequired":true,"valueName":"search_term_string"}}],"inLanguage":"fr-FR"},{"@type":"Organization","@id":"https:\/\/aufildespierres.com\/#organization","name":"Au fil des pierres","url":"https:\/\/aufildespierres.com\/","logo":{"@type":"ImageObject","inLanguage":"fr-FR","@id":"https:\/\/aufildespierres.com\/#\/schema\/logo\/image\/","url":"https:\/\/aufildespierres.com\/wp-content\/uploads\/2023\/05\/cropped-Logo-PNG-Transparent.png","contentUrl":"https:\/\/aufildespierres.com\/wp-content\/uploads\/2023\/05\/cropped-Logo-PNG-Transparent.png","width":1776,"height":1625,"caption":"Au fil des pierres"},"image":{"@id":"https:\/\/aufildespierres.com\/#\/schema\/logo\/image\/"}}]}},"_links":{"self":[{"href":"https:\/\/aufildespierres.com\/index.php\/wp-json\/wp\/v2\/product\/2314","targetHints":{"allow":["GET"]}}],"collection":[{"href":"https:\/\/aufildespierres.com\/index.php\/wp-json\/wp\/v2\/product"}],"about":[{"href":"https:\/\/aufildespierres.com\/index.php\/wp-json\/wp\/v2\/types\/product"}],"replies":[{"embeddable":true,"href":"https:\/\/aufildespierres.com\/index.php\/wp-json\/wp\/v2\/comments?post=2314"}],"wp:featuredmedia":[{"embeddable":true,"href":"https:\/\/aufildespierres.com\/index.php\/wp-json\/wp\/v2\/media\/2318"}],"wp:attachment":[{"href":"https:\/\/aufildespierres.com\/index.php\/wp-json\/wp\/v2\/media?parent=2314"}],"wp:term":[{"taxonomy":"product_brand","embeddable":true,"href":"https:\/\/aufildespierres.com\/index.php\/wp-json\/wp\/v2\/product_brand?post=2314"},{"taxonomy":"product_cat","embeddable":true,"href":"https:\/\/aufildespierres.com\/index.php\/wp-json\/wp\/v2\/product_cat?post=2314"},{"taxonomy":"product_tag","embeddable":true,"href":"https:\/\/aufildespierres.com\/index.php\/wp-json\/wp\/v2\/product_tag?post=2314"}],"curies":[{"name":"wp","href":"https:\/\/api.w.org\/{rel}","templated":true}]}}