{"id":2338,"date":"2024-04-01T15:16:50","date_gmt":"2024-04-01T13:16:50","guid":{"rendered":"https:\/\/aufildespierres.com\/?post_type=product&#038;p=2338"},"modified":"2026-01-13T19:36:59","modified_gmt":"2026-01-13T18:36:59","slug":"bracelet-aigue-marine-et-cristal-de-roche","status":"publish","type":"product","link":"https:\/\/aufildespierres.com\/index.php\/product\/bracelet-aigue-marine-et-cristal-de-roche\/","title":{"rendered":"Bracelet Aigue -marine et Cristal de roche"},"content":{"rendered":"<h2 data-start=\"163\" data-end=\"221\">Bracelet Aigue-marine et\u00a0 Cristal de roche \u2013 2 c\u0153urs<\/h2>\n<p data-start=\"223\" data-end=\"560\">Craquez pour ce <strong data-start=\"239\" data-end=\"272\">bracelet en Aigue-marine 8 mm<\/strong> associ\u00e9 au <strong data-start=\"284\" data-end=\"304\">Cristal de roche<\/strong>, dont <strong data-start=\"311\" data-end=\"344\">deux perles en forme de c\u0153urs<\/strong>. Les <strong data-start=\"350\" data-end=\"383\">perles d\u2019espacement argent\u00e9es<\/strong> en <strong data-start=\"387\" data-end=\"407\">acier inoxydable<\/strong> apportent une finition lumineuse et \u00e9l\u00e9gante. Ainsi, ce bijou s\u2019adapte facilement \u00e0 toutes les tenues, tout en gardant une \u00e9nergie douce et harmonieuse.<\/p>\n<h3 data-start=\"562\" data-end=\"593\">Bienfaits de l\u2019Aigue-marine<\/h3>\n<p data-start=\"594\" data-end=\"1174\">L\u2019<strong data-start=\"596\" data-end=\"612\">Aigue-marine<\/strong> soutient l\u2019esprit et apaise les \u00e9motions. Elle apporte <strong data-start=\"668\" data-end=\"686\">clart\u00e9 mentale<\/strong>, <strong data-start=\"688\" data-end=\"708\">force int\u00e9rieure<\/strong> et <strong data-start=\"712\" data-end=\"723\">lumi\u00e8re<\/strong> dans les pens\u00e9es. De plus, elle aide \u00e0 se d\u00e9tendre et encourage le <strong data-start=\"791\" data-end=\"807\">l\u00e2cher-prise<\/strong>.<br data-start=\"808\" data-end=\"811\" \/>Elle favorise une <strong data-start=\"829\" data-end=\"853\">communication fluide<\/strong>, avec \u00e9coute et expression sinc\u00e8re. Par cons\u00e9quent, elle convient tr\u00e8s bien aux personnes timides ou sensibles. Elle accompagne aussi les \u00e9tudiants, notamment avant un examen. Elle stimule la m\u00e9moire et soutient la prise de parole \u00e0 l\u2019oral. Enfin, elle consolide les liens affectifs et aide \u00e0 cr\u00e9er des relations saines.<\/p>\n<p data-start=\"1176\" data-end=\"1432\">Sur le plan physique, l\u2019Aigue-marine soulage la gorge et le syst\u00e8me ORL. Elle aide aussi la digestion et la thyro\u00efde. De m\u00eame, elle peut soutenir la circulation et r\u00e9duire la tension. En usage externe, l\u2019\u00e9lixir s\u2019utilise parfois sur la peau (ecz\u00e9ma, acn\u00e9).<\/p>\n<h3 data-start=\"1434\" data-end=\"1467\">Bienfaits du Cristal de roche<\/h3>\n<p data-start=\"1468\" data-end=\"1782\">Le <strong data-start=\"1471\" data-end=\"1491\">Cristal de roche<\/strong> agit comme un amplificateur. Il <strong data-start=\"1524\" data-end=\"1546\">active les chakras<\/strong> et renforce l\u2019\u00e9nergie des autres pierres. En parall\u00e8le, il favorise le calme mental et la m\u00e9ditation. Il aide \u00e0 retrouver confiance et stabilit\u00e9 \u00e9motionnelle. Il soutient \u00e9galement l\u2019intuition, la concentration et la clart\u00e9 int\u00e9rieure.<\/p>\n<p data-start=\"1784\" data-end=\"1908\">Physiquement, il accompagne le c\u0153ur et la digestion. Il soutient aussi l\u2019immunit\u00e9 et soulage certaines tensions musculaires.<\/p>\n<h3 data-start=\"1910\" data-end=\"1941\">Purification &amp; rechargement<\/h3>\n<p data-start=\"1942\" data-end=\"2085\">Purifiez votre bracelet avec un <strong data-start=\"1974\" data-end=\"2016\">trempage dans de l\u2019eau distill\u00e9e sal\u00e9e<\/strong>. Ensuite, rechargez-le <strong data-start=\"2040\" data-end=\"2053\">au soleil<\/strong> ou sur une <strong data-start=\"2065\" data-end=\"2084\">druse de quartz<\/strong>.<\/p>\n<p data-start=\"2087\" data-end=\"2150\"><strong data-start=\"2087\" data-end=\"2113\">Signes astrologiques :<\/strong> Verseau, Poissons, Balance, G\u00e9meaux.<\/p>\n","protected":false},"excerpt":{"rendered":"<p>Clart\u00e9 d&rsquo;esprit, \u00e9coute et expression<\/p>\n","protected":false},"featured_media":4560,"comment_status":"open","ping_status":"closed","template":"","meta":{"site-sidebar-layout":"default","site-content-layout":"","ast-site-content-layout":"default","site-content-style":"default","site-sidebar-style":"default","ast-global-header-display":"","ast-banner-title-visibility":"","ast-main-header-display":"","ast-hfb-above-header-display":"","ast-hfb-below-header-display":"","ast-hfb-mobile-header-display":"","site-post-title":"","ast-breadcrumbs-content":"","ast-featured-img":"","footer-sml-layout":"","ast-disable-related-posts":"","theme-transparent-header-meta":"default","adv-header-id-meta":"","stick-header-meta":"","header-above-stick-meta":"","header-main-stick-meta":"","header-below-stick-meta":"","astra-migrate-meta-layouts":"set","ast-page-background-enabled":"default","ast-page-background-meta":{"desktop":{"background-color":"var(--ast-global-color-4)","background-image":"","background-repeat":"repeat","background-position":"center center","background-size":"auto","background-attachment":"scroll","background-type":"","background-media":"","overlay-type":"","overlay-color":"","overlay-opacity":"","overlay-gradient":""},"tablet":{"background-color":"","background-image":"","background-repeat":"repeat","background-position":"center center","background-size":"auto","background-attachment":"scroll","background-type":"","background-media":"","overlay-type":"","overlay-color":"","overlay-opacity":"","overlay-gradient":""},"mobile":{"background-color":"","background-image":"","background-repeat":"repeat","background-position":"center center","background-size":"auto","background-attachment":"scroll","background-type":"","background-media":"","overlay-type":"","overlay-color":"","overlay-opacity":"","overlay-gradient":""}},"ast-content-background-meta":{"desktop":{"background-color":"var(--ast-global-color-5)","background-image":"","background-repeat":"repeat","background-position":"center center","background-size":"auto","background-attachment":"scroll","background-type":"","background-media":"","overlay-type":"","overlay-color":"","overlay-opacity":"","overlay-gradient":""},"tablet":{"background-color":"var(--ast-global-color-5)","background-image":"","background-repeat":"repeat","background-position":"center center","background-size":"auto","background-attachment":"scroll","background-type":"","background-media":"","overlay-type":"","overlay-color":"","overlay-opacity":"","overlay-gradient":""},"mobile":{"background-color":"var(--ast-global-color-5)","background-image":"","background-repeat":"repeat","background-position":"center center","background-size":"auto","background-attachment":"scroll","background-type":"","background-media":"","overlay-type":"","overlay-color":"","overlay-opacity":"","overlay-gradient":""}},"_glsr_average":0,"_glsr_ranking":0,"_glsr_reviews":0},"product_brand":[],"product_cat":[54,164,72,93],"product_tag":[],"class_list":{"0":"post-2338","1":"product","2":"type-product","3":"status-publish","4":"has-post-thumbnail","6":"product_cat-8-mm","7":"product_cat-aigue-marine","8":"product_cat-bleu","9":"product_cat-cristal-de-roche","10":"desktop-align-left","11":"tablet-align-left","12":"mobile-align-left","14":"first","15":"instock","16":"purchasable","17":"product-type-simple"},"yoast_head":"<!-- This site is optimized with the Yoast SEO plugin v27.5 - https:\/\/yoast.com\/product\/yoast-seo-wordpress\/ -->\n<title>Bracelet Aigue -marine et Cristal de roche - Au fil des pierres<\/title>\n<meta name=\"description\" content=\"Bracelet lithoth\u00e9rapie Aigue-marine et Cristal de roche : calme, communication et purification \u00e9nerg\u00e9tique. Une alliance lumineuse en pierres naturelles.\" \/>\n<meta name=\"robots\" content=\"index, follow, max-snippet:-1, max-image-preview:large, max-video-preview:-1\" \/>\n<link rel=\"canonical\" href=\"https:\/\/aufildespierres.com\/index.php\/product\/bracelet-aigue-marine-et-cristal-de-roche\/\" \/>\n<meta property=\"og:locale\" content=\"fr_FR\" \/>\n<meta property=\"og:type\" content=\"article\" \/>\n<meta property=\"og:title\" content=\"Bracelet Aigue -marine et Cristal de roche - Au fil des pierres\" \/>\n<meta property=\"og:description\" content=\"Bracelet lithoth\u00e9rapie Aigue-marine et Cristal de roche : calme, communication et purification \u00e9nerg\u00e9tique. Une alliance lumineuse en pierres naturelles.\" \/>\n<meta property=\"og:url\" content=\"https:\/\/aufildespierres.com\/index.php\/product\/bracelet-aigue-marine-et-cristal-de-roche\/\" \/>\n<meta property=\"og:site_name\" content=\"Au fil des pierres\" \/>\n<meta property=\"article:modified_time\" content=\"2026-01-13T18:36:59+00:00\" \/>\n<meta property=\"og:image\" content=\"https:\/\/aufildespierres.com\/wp-content\/uploads\/2024\/04\/20260109_181923.jpg\" \/>\n\t<meta property=\"og:image:width\" content=\"2296\" \/>\n\t<meta property=\"og:image:height\" content=\"2287\" \/>\n\t<meta property=\"og:image:type\" content=\"image\/jpeg\" \/>\n<meta name=\"twitter:card\" content=\"summary_large_image\" \/>\n<meta name=\"twitter:label1\" content=\"Dur\u00e9e de lecture estim\u00e9e\" \/>\n\t<meta name=\"twitter:data1\" content=\"2 minutes\" \/>\n<script type=\"application\/ld+json\" class=\"yoast-schema-graph\">{\"@context\":\"https:\\\/\\\/schema.org\",\"@graph\":[{\"@type\":\"WebPage\",\"@id\":\"https:\\\/\\\/aufildespierres.com\\\/index.php\\\/product\\\/bracelet-aigue-marine-et-cristal-de-roche\\\/\",\"url\":\"https:\\\/\\\/aufildespierres.com\\\/index.php\\\/product\\\/bracelet-aigue-marine-et-cristal-de-roche\\\/\",\"name\":\"Bracelet Aigue -marine et Cristal de roche - Au fil des pierres\",\"isPartOf\":{\"@id\":\"https:\\\/\\\/aufildespierres.com\\\/#website\"},\"primaryImageOfPage\":{\"@id\":\"https:\\\/\\\/aufildespierres.com\\\/index.php\\\/product\\\/bracelet-aigue-marine-et-cristal-de-roche\\\/#primaryimage\"},\"image\":{\"@id\":\"https:\\\/\\\/aufildespierres.com\\\/index.php\\\/product\\\/bracelet-aigue-marine-et-cristal-de-roche\\\/#primaryimage\"},\"thumbnailUrl\":\"https:\\\/\\\/aufildespierres.com\\\/wp-content\\\/uploads\\\/2024\\\/04\\\/20260109_181923.jpg\",\"datePublished\":\"2024-04-01T13:16:50+00:00\",\"dateModified\":\"2026-01-13T18:36:59+00:00\",\"description\":\"Bracelet lithoth\u00e9rapie Aigue-marine et Cristal de roche : calme, communication et purification \u00e9nerg\u00e9tique. Une alliance lumineuse en pierres naturelles.\",\"breadcrumb\":{\"@id\":\"https:\\\/\\\/aufildespierres.com\\\/index.php\\\/product\\\/bracelet-aigue-marine-et-cristal-de-roche\\\/#breadcrumb\"},\"inLanguage\":\"fr-FR\",\"potentialAction\":[{\"@type\":\"ReadAction\",\"target\":[\"https:\\\/\\\/aufildespierres.com\\\/index.php\\\/product\\\/bracelet-aigue-marine-et-cristal-de-roche\\\/\"]}]},{\"@type\":\"ImageObject\",\"inLanguage\":\"fr-FR\",\"@id\":\"https:\\\/\\\/aufildespierres.com\\\/index.php\\\/product\\\/bracelet-aigue-marine-et-cristal-de-roche\\\/#primaryimage\",\"url\":\"https:\\\/\\\/aufildespierres.com\\\/wp-content\\\/uploads\\\/2024\\\/04\\\/20260109_181923.jpg\",\"contentUrl\":\"https:\\\/\\\/aufildespierres.com\\\/wp-content\\\/uploads\\\/2024\\\/04\\\/20260109_181923.jpg\",\"width\":2296,\"height\":2287,\"caption\":\"Bracelet Aigue-marine et Cristal de roche\"},{\"@type\":\"BreadcrumbList\",\"@id\":\"https:\\\/\\\/aufildespierres.com\\\/index.php\\\/product\\\/bracelet-aigue-marine-et-cristal-de-roche\\\/#breadcrumb\",\"itemListElement\":[{\"@type\":\"ListItem\",\"position\":1,\"name\":\"Accueil\",\"item\":\"https:\\\/\\\/aufildespierres.com\\\/\"},{\"@type\":\"ListItem\",\"position\":2,\"name\":\"Boutique de Lithoth\u00e9rapie\",\"item\":\"https:\\\/\\\/aufildespierres.com\\\/index.php\\\/boutique-de-lithotherapie\\\/\"},{\"@type\":\"ListItem\",\"position\":3,\"name\":\"Bracelet Aigue -marine et Cristal de roche\"}]},{\"@type\":\"WebSite\",\"@id\":\"https:\\\/\\\/aufildespierres.com\\\/#website\",\"url\":\"https:\\\/\\\/aufildespierres.com\\\/\",\"name\":\"Au fil des pierres\",\"description\":\"Au fil des pierres\",\"publisher\":{\"@id\":\"https:\\\/\\\/aufildespierres.com\\\/#organization\"},\"potentialAction\":[{\"@type\":\"SearchAction\",\"target\":{\"@type\":\"EntryPoint\",\"urlTemplate\":\"https:\\\/\\\/aufildespierres.com\\\/?s={search_term_string}\"},\"query-input\":{\"@type\":\"PropertyValueSpecification\",\"valueRequired\":true,\"valueName\":\"search_term_string\"}}],\"inLanguage\":\"fr-FR\"},{\"@type\":\"Organization\",\"@id\":\"https:\\\/\\\/aufildespierres.com\\\/#organization\",\"name\":\"Au fil des pierres\",\"url\":\"https:\\\/\\\/aufildespierres.com\\\/\",\"logo\":{\"@type\":\"ImageObject\",\"inLanguage\":\"fr-FR\",\"@id\":\"https:\\\/\\\/aufildespierres.com\\\/#\\\/schema\\\/logo\\\/image\\\/\",\"url\":\"https:\\\/\\\/aufildespierres.com\\\/wp-content\\\/uploads\\\/2023\\\/05\\\/cropped-Logo-PNG-Transparent.png\",\"contentUrl\":\"https:\\\/\\\/aufildespierres.com\\\/wp-content\\\/uploads\\\/2023\\\/05\\\/cropped-Logo-PNG-Transparent.png\",\"width\":1776,\"height\":1625,\"caption\":\"Au fil des pierres\"},\"image\":{\"@id\":\"https:\\\/\\\/aufildespierres.com\\\/#\\\/schema\\\/logo\\\/image\\\/\"}}]}<\/script>\n<!-- \/ Yoast SEO plugin. -->","yoast_head_json":{"title":"Bracelet Aigue -marine et Cristal de roche - Au fil des pierres","description":"Bracelet lithoth\u00e9rapie Aigue-marine et Cristal de roche : calme, communication et purification \u00e9nerg\u00e9tique. Une alliance lumineuse en pierres naturelles.","robots":{"index":"index","follow":"follow","max-snippet":"max-snippet:-1","max-image-preview":"max-image-preview:large","max-video-preview":"max-video-preview:-1"},"canonical":"https:\/\/aufildespierres.com\/index.php\/product\/bracelet-aigue-marine-et-cristal-de-roche\/","og_locale":"fr_FR","og_type":"article","og_title":"Bracelet Aigue -marine et Cristal de roche - Au fil des pierres","og_description":"Bracelet lithoth\u00e9rapie Aigue-marine et Cristal de roche : calme, communication et purification \u00e9nerg\u00e9tique. Une alliance lumineuse en pierres naturelles.","og_url":"https:\/\/aufildespierres.com\/index.php\/product\/bracelet-aigue-marine-et-cristal-de-roche\/","og_site_name":"Au fil des pierres","article_modified_time":"2026-01-13T18:36:59+00:00","og_image":[{"width":2296,"height":2287,"url":"https:\/\/aufildespierres.com\/wp-content\/uploads\/2024\/04\/20260109_181923.jpg","type":"image\/jpeg"}],"twitter_card":"summary_large_image","twitter_misc":{"Dur\u00e9e de lecture estim\u00e9e":"2 minutes"},"schema":{"@context":"https:\/\/schema.org","@graph":[{"@type":"WebPage","@id":"https:\/\/aufildespierres.com\/index.php\/product\/bracelet-aigue-marine-et-cristal-de-roche\/","url":"https:\/\/aufildespierres.com\/index.php\/product\/bracelet-aigue-marine-et-cristal-de-roche\/","name":"Bracelet Aigue -marine et Cristal de roche - Au fil des pierres","isPartOf":{"@id":"https:\/\/aufildespierres.com\/#website"},"primaryImageOfPage":{"@id":"https:\/\/aufildespierres.com\/index.php\/product\/bracelet-aigue-marine-et-cristal-de-roche\/#primaryimage"},"image":{"@id":"https:\/\/aufildespierres.com\/index.php\/product\/bracelet-aigue-marine-et-cristal-de-roche\/#primaryimage"},"thumbnailUrl":"https:\/\/aufildespierres.com\/wp-content\/uploads\/2024\/04\/20260109_181923.jpg","datePublished":"2024-04-01T13:16:50+00:00","dateModified":"2026-01-13T18:36:59+00:00","description":"Bracelet lithoth\u00e9rapie Aigue-marine et Cristal de roche : calme, communication et purification \u00e9nerg\u00e9tique. Une alliance lumineuse en pierres naturelles.","breadcrumb":{"@id":"https:\/\/aufildespierres.com\/index.php\/product\/bracelet-aigue-marine-et-cristal-de-roche\/#breadcrumb"},"inLanguage":"fr-FR","potentialAction":[{"@type":"ReadAction","target":["https:\/\/aufildespierres.com\/index.php\/product\/bracelet-aigue-marine-et-cristal-de-roche\/"]}]},{"@type":"ImageObject","inLanguage":"fr-FR","@id":"https:\/\/aufildespierres.com\/index.php\/product\/bracelet-aigue-marine-et-cristal-de-roche\/#primaryimage","url":"https:\/\/aufildespierres.com\/wp-content\/uploads\/2024\/04\/20260109_181923.jpg","contentUrl":"https:\/\/aufildespierres.com\/wp-content\/uploads\/2024\/04\/20260109_181923.jpg","width":2296,"height":2287,"caption":"Bracelet Aigue-marine et Cristal de roche"},{"@type":"BreadcrumbList","@id":"https:\/\/aufildespierres.com\/index.php\/product\/bracelet-aigue-marine-et-cristal-de-roche\/#breadcrumb","itemListElement":[{"@type":"ListItem","position":1,"name":"Accueil","item":"https:\/\/aufildespierres.com\/"},{"@type":"ListItem","position":2,"name":"Boutique de Lithoth\u00e9rapie","item":"https:\/\/aufildespierres.com\/index.php\/boutique-de-lithotherapie\/"},{"@type":"ListItem","position":3,"name":"Bracelet Aigue -marine et Cristal de roche"}]},{"@type":"WebSite","@id":"https:\/\/aufildespierres.com\/#website","url":"https:\/\/aufildespierres.com\/","name":"Au fil des pierres","description":"Au fil des pierres","publisher":{"@id":"https:\/\/aufildespierres.com\/#organization"},"potentialAction":[{"@type":"SearchAction","target":{"@type":"EntryPoint","urlTemplate":"https:\/\/aufildespierres.com\/?s={search_term_string}"},"query-input":{"@type":"PropertyValueSpecification","valueRequired":true,"valueName":"search_term_string"}}],"inLanguage":"fr-FR"},{"@type":"Organization","@id":"https:\/\/aufildespierres.com\/#organization","name":"Au fil des pierres","url":"https:\/\/aufildespierres.com\/","logo":{"@type":"ImageObject","inLanguage":"fr-FR","@id":"https:\/\/aufildespierres.com\/#\/schema\/logo\/image\/","url":"https:\/\/aufildespierres.com\/wp-content\/uploads\/2023\/05\/cropped-Logo-PNG-Transparent.png","contentUrl":"https:\/\/aufildespierres.com\/wp-content\/uploads\/2023\/05\/cropped-Logo-PNG-Transparent.png","width":1776,"height":1625,"caption":"Au fil des pierres"},"image":{"@id":"https:\/\/aufildespierres.com\/#\/schema\/logo\/image\/"}}]}},"_links":{"self":[{"href":"https:\/\/aufildespierres.com\/index.php\/wp-json\/wp\/v2\/product\/2338","targetHints":{"allow":["GET"]}}],"collection":[{"href":"https:\/\/aufildespierres.com\/index.php\/wp-json\/wp\/v2\/product"}],"about":[{"href":"https:\/\/aufildespierres.com\/index.php\/wp-json\/wp\/v2\/types\/product"}],"replies":[{"embeddable":true,"href":"https:\/\/aufildespierres.com\/index.php\/wp-json\/wp\/v2\/comments?post=2338"}],"wp:featuredmedia":[{"embeddable":true,"href":"https:\/\/aufildespierres.com\/index.php\/wp-json\/wp\/v2\/media\/4560"}],"wp:attachment":[{"href":"https:\/\/aufildespierres.com\/index.php\/wp-json\/wp\/v2\/media?parent=2338"}],"wp:term":[{"taxonomy":"product_brand","embeddable":true,"href":"https:\/\/aufildespierres.com\/index.php\/wp-json\/wp\/v2\/product_brand?post=2338"},{"taxonomy":"product_cat","embeddable":true,"href":"https:\/\/aufildespierres.com\/index.php\/wp-json\/wp\/v2\/product_cat?post=2338"},{"taxonomy":"product_tag","embeddable":true,"href":"https:\/\/aufildespierres.com\/index.php\/wp-json\/wp\/v2\/product_tag?post=2338"}],"curies":[{"name":"wp","href":"https:\/\/api.w.org\/{rel}","templated":true}]}}