{"id":2343,"date":"2024-04-04T21:37:10","date_gmt":"2024-04-04T19:37:10","guid":{"rendered":"https:\/\/aufildespierres.com\/?post_type=product&#038;p=2343"},"modified":"2025-11-23T17:15:40","modified_gmt":"2025-11-23T16:15:40","slug":"gros-galet-de-labradorite","status":"publish","type":"product","link":"https:\/\/aufildespierres.com\/index.php\/product\/gros-galet-de-labradorite\/","title":{"rendered":"Gros galet de Labradorite"},"content":{"rendered":"<p>Superbe gros galet de Labradorite qualit\u00e9 AAA<\/p>\n<p>poids 235 grammes<\/p>\n<p>environ 8 x 7,5 cm<\/p>\n<p>Tr\u00e8s belle iridescence sur chaque face<\/p>\n<p><strong><em>Propri\u00e9t\u00e9s psychiques\u00a0: <\/em><\/strong><\/p>\n<ul>\n<li>Prot\u00e8ge des interactions n\u00e9gatives et du mal \u00eatre d&rsquo;autrui en les absorbant<\/li>\n<li>Favorise les liens amicaux et le don de plaire, un rapport aux autres harmonieux lutte contre la solitude<\/li>\n<li>Diminue les ruminations mentales (fixe sur l\u2019essentiel) et s\u00e9curise\u00a0: \u00e0 poser sur le 3 -\u00e8me \u0153il\u00a0 si le mental est satur\u00e9 d\u00e9bord\u00e9<\/li>\n<li>Agit contre le stress, l&rsquo;anxi\u00e9t\u00e9, les id\u00e9es sombres, angoisses<\/li>\n<li>Favorise calme int\u00e9rieur, contr\u00f4le des \u00e9motions et \u00e9coute de soi et de ses besoins<\/li>\n<li>Aide \u00e0 l\u00e2cher prise, rend l\u2019esprit plus clair et plus positif<\/li>\n<li>Favorise l\u2019intuition, la voyance, \u00a0aura et magn\u00e9tisme.<\/li>\n<\/ul>\n<p>Propri\u00e9t\u00e9s physiques\u00a0:<\/p>\n<ul>\n<li>Aide \u00e0 diminuer fatigue et \u00e9puisement physique ou intellectuel<\/li>\n<li>Renforce le syst\u00e8me immunitaire<\/li>\n<li>Stimule la circulation sanguine et art\u00e9rielle<\/li>\n<li>Facilite la digestion, r\u00e9gule les troubles hormonaux<\/li>\n<li>R\u00e9duit migraines et troubles oculaires<\/li>\n<li>Soutient les baisses de moral, fatigue<\/li>\n<li>Prot\u00e8ge des infections surtout en hiver<\/li>\n<\/ul>\n<p>Conseill\u00e9e aux th\u00e9rapeutes, professions ayant un contact social m\u00e9dical ou situation difficile pour les prot\u00e9ger du mal \u00eatre d\u2019autrui, \u00a0et aux solitaires qui ont besoin d\u2019\u00eatre s\u00e9curis\u00e9s ou qui ont du mal \u00e0 sortir de leur zone de confort.<\/p>\n<p>Adapt\u00e9 aussi aux hypersensibles.<\/p>\n","protected":false},"excerpt":{"rendered":"<p>Superbe gros galet de Labradorite qualit\u00e9 AAA poids 235 grammes environ 8 x 7,5 cm Tr\u00e8s belle iridescence sur chaque face Propri\u00e9t\u00e9s psychiques\u00a0: Prot\u00e8ge des interactions n\u00e9gatives et du mal \u00eatre d&rsquo;autrui en les absorbant Favorise les liens amicaux et le don de plaire, un rapport aux autres harmonieux lutte contre la solitude Diminue les [&hellip;]<\/p>\n","protected":false},"featured_media":2346,"comment_status":"open","ping_status":"closed","template":"","meta":{"site-sidebar-layout":"default","site-content-layout":"","ast-site-content-layout":"default","site-content-style":"default","site-sidebar-style":"default","ast-global-header-display":"","ast-banner-title-visibility":"","ast-main-header-display":"","ast-hfb-above-header-display":"","ast-hfb-below-header-display":"","ast-hfb-mobile-header-display":"","site-post-title":"","ast-breadcrumbs-content":"","ast-featured-img":"","footer-sml-layout":"","ast-disable-related-posts":"","theme-transparent-header-meta":"default","adv-header-id-meta":"","stick-header-meta":"","header-above-stick-meta":"","header-main-stick-meta":"","header-below-stick-meta":"","astra-migrate-meta-layouts":"set","ast-page-background-enabled":"default","ast-page-background-meta":{"desktop":{"background-color":"var(--ast-global-color-4)","background-image":"","background-repeat":"repeat","background-position":"center center","background-size":"auto","background-attachment":"scroll","background-type":"","background-media":"","overlay-type":"","overlay-color":"","overlay-opacity":"","overlay-gradient":""},"tablet":{"background-color":"","background-image":"","background-repeat":"repeat","background-position":"center center","background-size":"auto","background-attachment":"scroll","background-type":"","background-media":"","overlay-type":"","overlay-color":"","overlay-opacity":"","overlay-gradient":""},"mobile":{"background-color":"","background-image":"","background-repeat":"repeat","background-position":"center center","background-size":"auto","background-attachment":"scroll","background-type":"","background-media":"","overlay-type":"","overlay-color":"","overlay-opacity":"","overlay-gradient":""}},"ast-content-background-meta":{"desktop":{"background-color":"var(--ast-global-color-5)","background-image":"","background-repeat":"repeat","background-position":"center center","background-size":"auto","background-attachment":"scroll","background-type":"","background-media":"","overlay-type":"","overlay-color":"","overlay-opacity":"","overlay-gradient":""},"tablet":{"background-color":"var(--ast-global-color-5)","background-image":"","background-repeat":"repeat","background-position":"center center","background-size":"auto","background-attachment":"scroll","background-type":"","background-media":"","overlay-type":"","overlay-color":"","overlay-opacity":"","overlay-gradient":""},"mobile":{"background-color":"var(--ast-global-color-5)","background-image":"","background-repeat":"repeat","background-position":"center center","background-size":"auto","background-attachment":"scroll","background-type":"","background-media":"","overlay-type":"","overlay-color":"","overlay-opacity":"","overlay-gradient":""}},"_glsr_average":0,"_glsr_ranking":0,"_glsr_reviews":0},"product_brand":[],"product_cat":[72,198,104],"product_tag":[],"class_list":{"0":"post-2343","1":"product","2":"type-product","3":"status-publish","4":"has-post-thumbnail","6":"product_cat-bleu","7":"product_cat-galets","8":"product_cat-labradorite","9":"desktop-align-left","10":"tablet-align-left","11":"mobile-align-left","13":"first","14":"outofstock","15":"purchasable","16":"product-type-simple"},"yoast_head":"<!-- This site is optimized with the Yoast SEO plugin v27.3 - https:\/\/yoast.com\/product\/yoast-seo-wordpress\/ -->\n<title>Gros galet de Labradorite - Au fil des pierres<\/title>\n<meta name=\"robots\" content=\"index, follow, max-snippet:-1, max-image-preview:large, max-video-preview:-1\" \/>\n<link rel=\"canonical\" href=\"https:\/\/aufildespierres.com\/index.php\/product\/gros-galet-de-labradorite\/\" \/>\n<meta property=\"og:locale\" content=\"fr_FR\" \/>\n<meta property=\"og:type\" content=\"article\" \/>\n<meta property=\"og:title\" content=\"Gros galet de Labradorite - Au fil des pierres\" \/>\n<meta property=\"og:description\" content=\"Superbe gros galet de Labradorite qualit\u00e9 AAA poids 235 grammes environ 8 x 7,5 cm Tr\u00e8s belle iridescence sur chaque face Propri\u00e9t\u00e9s psychiques\u00a0: Prot\u00e8ge des interactions n\u00e9gatives et du mal \u00eatre d&rsquo;autrui en les absorbant Favorise les liens amicaux et le don de plaire, un rapport aux autres harmonieux lutte contre la solitude Diminue les [&hellip;]\" \/>\n<meta property=\"og:url\" content=\"https:\/\/aufildespierres.com\/index.php\/product\/gros-galet-de-labradorite\/\" \/>\n<meta property=\"og:site_name\" content=\"Au fil des pierres\" \/>\n<meta property=\"article:modified_time\" content=\"2025-11-23T16:15:40+00:00\" \/>\n<meta property=\"og:image\" content=\"https:\/\/aufildespierres.com\/wp-content\/uploads\/2024\/04\/20240404_210610-scaled.jpg\" \/>\n\t<meta property=\"og:image:width\" content=\"2546\" \/>\n\t<meta property=\"og:image:height\" content=\"2560\" \/>\n\t<meta property=\"og:image:type\" content=\"image\/jpeg\" \/>\n<meta name=\"twitter:card\" content=\"summary_large_image\" \/>\n<meta name=\"twitter:label1\" content=\"Dur\u00e9e de lecture estim\u00e9e\" \/>\n\t<meta name=\"twitter:data1\" content=\"2 minutes\" \/>\n<script type=\"application\/ld+json\" class=\"yoast-schema-graph\">{\"@context\":\"https:\\\/\\\/schema.org\",\"@graph\":[{\"@type\":\"WebPage\",\"@id\":\"https:\\\/\\\/aufildespierres.com\\\/index.php\\\/product\\\/gros-galet-de-labradorite\\\/\",\"url\":\"https:\\\/\\\/aufildespierres.com\\\/index.php\\\/product\\\/gros-galet-de-labradorite\\\/\",\"name\":\"Gros galet de Labradorite - Au fil des pierres\",\"isPartOf\":{\"@id\":\"https:\\\/\\\/aufildespierres.com\\\/#website\"},\"primaryImageOfPage\":{\"@id\":\"https:\\\/\\\/aufildespierres.com\\\/index.php\\\/product\\\/gros-galet-de-labradorite\\\/#primaryimage\"},\"image\":{\"@id\":\"https:\\\/\\\/aufildespierres.com\\\/index.php\\\/product\\\/gros-galet-de-labradorite\\\/#primaryimage\"},\"thumbnailUrl\":\"https:\\\/\\\/aufildespierres.com\\\/wp-content\\\/uploads\\\/2024\\\/04\\\/20240404_210610-scaled.jpg\",\"datePublished\":\"2024-04-04T19:37:10+00:00\",\"dateModified\":\"2025-11-23T16:15:40+00:00\",\"breadcrumb\":{\"@id\":\"https:\\\/\\\/aufildespierres.com\\\/index.php\\\/product\\\/gros-galet-de-labradorite\\\/#breadcrumb\"},\"inLanguage\":\"fr-FR\",\"potentialAction\":[{\"@type\":\"ReadAction\",\"target\":[\"https:\\\/\\\/aufildespierres.com\\\/index.php\\\/product\\\/gros-galet-de-labradorite\\\/\"]}]},{\"@type\":\"ImageObject\",\"inLanguage\":\"fr-FR\",\"@id\":\"https:\\\/\\\/aufildespierres.com\\\/index.php\\\/product\\\/gros-galet-de-labradorite\\\/#primaryimage\",\"url\":\"https:\\\/\\\/aufildespierres.com\\\/wp-content\\\/uploads\\\/2024\\\/04\\\/20240404_210610-scaled.jpg\",\"contentUrl\":\"https:\\\/\\\/aufildespierres.com\\\/wp-content\\\/uploads\\\/2024\\\/04\\\/20240404_210610-scaled.jpg\",\"width\":2546,\"height\":2560},{\"@type\":\"BreadcrumbList\",\"@id\":\"https:\\\/\\\/aufildespierres.com\\\/index.php\\\/product\\\/gros-galet-de-labradorite\\\/#breadcrumb\",\"itemListElement\":[{\"@type\":\"ListItem\",\"position\":1,\"name\":\"Accueil\",\"item\":\"https:\\\/\\\/aufildespierres.com\\\/\"},{\"@type\":\"ListItem\",\"position\":2,\"name\":\"Boutique de Lithoth\u00e9rapie\",\"item\":\"https:\\\/\\\/aufildespierres.com\\\/index.php\\\/boutique-de-lithotherapie\\\/\"},{\"@type\":\"ListItem\",\"position\":3,\"name\":\"Gros galet de Labradorite\"}]},{\"@type\":\"WebSite\",\"@id\":\"https:\\\/\\\/aufildespierres.com\\\/#website\",\"url\":\"https:\\\/\\\/aufildespierres.com\\\/\",\"name\":\"Au fil des pierres\",\"description\":\"Au fil des pierres\",\"publisher\":{\"@id\":\"https:\\\/\\\/aufildespierres.com\\\/#organization\"},\"potentialAction\":[{\"@type\":\"SearchAction\",\"target\":{\"@type\":\"EntryPoint\",\"urlTemplate\":\"https:\\\/\\\/aufildespierres.com\\\/?s={search_term_string}\"},\"query-input\":{\"@type\":\"PropertyValueSpecification\",\"valueRequired\":true,\"valueName\":\"search_term_string\"}}],\"inLanguage\":\"fr-FR\"},{\"@type\":\"Organization\",\"@id\":\"https:\\\/\\\/aufildespierres.com\\\/#organization\",\"name\":\"Au fil des pierres\",\"url\":\"https:\\\/\\\/aufildespierres.com\\\/\",\"logo\":{\"@type\":\"ImageObject\",\"inLanguage\":\"fr-FR\",\"@id\":\"https:\\\/\\\/aufildespierres.com\\\/#\\\/schema\\\/logo\\\/image\\\/\",\"url\":\"https:\\\/\\\/aufildespierres.com\\\/wp-content\\\/uploads\\\/2023\\\/05\\\/cropped-Logo-PNG-Transparent.png\",\"contentUrl\":\"https:\\\/\\\/aufildespierres.com\\\/wp-content\\\/uploads\\\/2023\\\/05\\\/cropped-Logo-PNG-Transparent.png\",\"width\":1776,\"height\":1625,\"caption\":\"Au fil des pierres\"},\"image\":{\"@id\":\"https:\\\/\\\/aufildespierres.com\\\/#\\\/schema\\\/logo\\\/image\\\/\"}}]}<\/script>\n<!-- \/ Yoast SEO plugin. -->","yoast_head_json":{"title":"Gros galet de Labradorite - Au fil des pierres","robots":{"index":"index","follow":"follow","max-snippet":"max-snippet:-1","max-image-preview":"max-image-preview:large","max-video-preview":"max-video-preview:-1"},"canonical":"https:\/\/aufildespierres.com\/index.php\/product\/gros-galet-de-labradorite\/","og_locale":"fr_FR","og_type":"article","og_title":"Gros galet de Labradorite - Au fil des pierres","og_description":"Superbe gros galet de Labradorite qualit\u00e9 AAA poids 235 grammes environ 8 x 7,5 cm Tr\u00e8s belle iridescence sur chaque face Propri\u00e9t\u00e9s psychiques\u00a0: Prot\u00e8ge des interactions n\u00e9gatives et du mal \u00eatre d&rsquo;autrui en les absorbant Favorise les liens amicaux et le don de plaire, un rapport aux autres harmonieux lutte contre la solitude Diminue les [&hellip;]","og_url":"https:\/\/aufildespierres.com\/index.php\/product\/gros-galet-de-labradorite\/","og_site_name":"Au fil des pierres","article_modified_time":"2025-11-23T16:15:40+00:00","og_image":[{"width":2546,"height":2560,"url":"https:\/\/aufildespierres.com\/wp-content\/uploads\/2024\/04\/20240404_210610-scaled.jpg","type":"image\/jpeg"}],"twitter_card":"summary_large_image","twitter_misc":{"Dur\u00e9e de lecture estim\u00e9e":"2 minutes"},"schema":{"@context":"https:\/\/schema.org","@graph":[{"@type":"WebPage","@id":"https:\/\/aufildespierres.com\/index.php\/product\/gros-galet-de-labradorite\/","url":"https:\/\/aufildespierres.com\/index.php\/product\/gros-galet-de-labradorite\/","name":"Gros galet de Labradorite - Au fil des pierres","isPartOf":{"@id":"https:\/\/aufildespierres.com\/#website"},"primaryImageOfPage":{"@id":"https:\/\/aufildespierres.com\/index.php\/product\/gros-galet-de-labradorite\/#primaryimage"},"image":{"@id":"https:\/\/aufildespierres.com\/index.php\/product\/gros-galet-de-labradorite\/#primaryimage"},"thumbnailUrl":"https:\/\/aufildespierres.com\/wp-content\/uploads\/2024\/04\/20240404_210610-scaled.jpg","datePublished":"2024-04-04T19:37:10+00:00","dateModified":"2025-11-23T16:15:40+00:00","breadcrumb":{"@id":"https:\/\/aufildespierres.com\/index.php\/product\/gros-galet-de-labradorite\/#breadcrumb"},"inLanguage":"fr-FR","potentialAction":[{"@type":"ReadAction","target":["https:\/\/aufildespierres.com\/index.php\/product\/gros-galet-de-labradorite\/"]}]},{"@type":"ImageObject","inLanguage":"fr-FR","@id":"https:\/\/aufildespierres.com\/index.php\/product\/gros-galet-de-labradorite\/#primaryimage","url":"https:\/\/aufildespierres.com\/wp-content\/uploads\/2024\/04\/20240404_210610-scaled.jpg","contentUrl":"https:\/\/aufildespierres.com\/wp-content\/uploads\/2024\/04\/20240404_210610-scaled.jpg","width":2546,"height":2560},{"@type":"BreadcrumbList","@id":"https:\/\/aufildespierres.com\/index.php\/product\/gros-galet-de-labradorite\/#breadcrumb","itemListElement":[{"@type":"ListItem","position":1,"name":"Accueil","item":"https:\/\/aufildespierres.com\/"},{"@type":"ListItem","position":2,"name":"Boutique de Lithoth\u00e9rapie","item":"https:\/\/aufildespierres.com\/index.php\/boutique-de-lithotherapie\/"},{"@type":"ListItem","position":3,"name":"Gros galet de Labradorite"}]},{"@type":"WebSite","@id":"https:\/\/aufildespierres.com\/#website","url":"https:\/\/aufildespierres.com\/","name":"Au fil des pierres","description":"Au fil des pierres","publisher":{"@id":"https:\/\/aufildespierres.com\/#organization"},"potentialAction":[{"@type":"SearchAction","target":{"@type":"EntryPoint","urlTemplate":"https:\/\/aufildespierres.com\/?s={search_term_string}"},"query-input":{"@type":"PropertyValueSpecification","valueRequired":true,"valueName":"search_term_string"}}],"inLanguage":"fr-FR"},{"@type":"Organization","@id":"https:\/\/aufildespierres.com\/#organization","name":"Au fil des pierres","url":"https:\/\/aufildespierres.com\/","logo":{"@type":"ImageObject","inLanguage":"fr-FR","@id":"https:\/\/aufildespierres.com\/#\/schema\/logo\/image\/","url":"https:\/\/aufildespierres.com\/wp-content\/uploads\/2023\/05\/cropped-Logo-PNG-Transparent.png","contentUrl":"https:\/\/aufildespierres.com\/wp-content\/uploads\/2023\/05\/cropped-Logo-PNG-Transparent.png","width":1776,"height":1625,"caption":"Au fil des pierres"},"image":{"@id":"https:\/\/aufildespierres.com\/#\/schema\/logo\/image\/"}}]}},"_links":{"self":[{"href":"https:\/\/aufildespierres.com\/index.php\/wp-json\/wp\/v2\/product\/2343","targetHints":{"allow":["GET"]}}],"collection":[{"href":"https:\/\/aufildespierres.com\/index.php\/wp-json\/wp\/v2\/product"}],"about":[{"href":"https:\/\/aufildespierres.com\/index.php\/wp-json\/wp\/v2\/types\/product"}],"replies":[{"embeddable":true,"href":"https:\/\/aufildespierres.com\/index.php\/wp-json\/wp\/v2\/comments?post=2343"}],"wp:featuredmedia":[{"embeddable":true,"href":"https:\/\/aufildespierres.com\/index.php\/wp-json\/wp\/v2\/media\/2346"}],"wp:attachment":[{"href":"https:\/\/aufildespierres.com\/index.php\/wp-json\/wp\/v2\/media?parent=2343"}],"wp:term":[{"taxonomy":"product_brand","embeddable":true,"href":"https:\/\/aufildespierres.com\/index.php\/wp-json\/wp\/v2\/product_brand?post=2343"},{"taxonomy":"product_cat","embeddable":true,"href":"https:\/\/aufildespierres.com\/index.php\/wp-json\/wp\/v2\/product_cat?post=2343"},{"taxonomy":"product_tag","embeddable":true,"href":"https:\/\/aufildespierres.com\/index.php\/wp-json\/wp\/v2\/product_tag?post=2343"}],"curies":[{"name":"wp","href":"https:\/\/api.w.org\/{rel}","templated":true}]}}