{"id":2384,"date":"2024-04-18T13:23:50","date_gmt":"2024-04-18T11:23:50","guid":{"rendered":"https:\/\/aufildespierres.com\/?post_type=product&#038;p=2384"},"modified":"2026-04-24T23:34:11","modified_gmt":"2026-04-24T21:34:11","slug":"coeur-en-septaria","status":"publish","type":"product","link":"https:\/\/aufildespierres.com\/index.php\/product\/coeur-en-septaria\/","title":{"rendered":"C\u0153ur en Septaria"},"content":{"rendered":"<div>\n<div class=\"\" dir=\"auto\">\n<div id=\":ra4:\" class=\"x1iorvi4 x1pi30zi x1l90r2v x1swvt13\"><\/div>\n<\/div>\n<div id=\":ra5:\" class=\"x1n2onr6\">\n<div class=\"x1n2onr6\">\n<div class=\"x1n2onr6\">\n<div class=\"x1n2onr6\">\n<div class=\"x6ikm8r x10wlt62 x10l6tqk\">\n<div class=\"x1ey2m1c xds687c x17qophe xg01cxk x47corl x10l6tqk x13vifvy x1ebt8du x19991ni x1dhq9h x1o1ewxj x3x9cwd x1e5q0jg x13rtm0m\" role=\"none\" data-visualcompletion=\"ignore\"><\/div>\n<\/div>\n<div class=\"x6ikm8r x10wlt62 x10l6tqk\">\n<div class=\"x6ikm8r x10wlt62\">\n<div class=\"xqtp20y x6ikm8r x10wlt62 x1n2onr6\">\n<div class=\"x10l6tqk x13vifvy\"><\/div>\n<\/div>\n<div class=\"x1nb4dca x1q0q8m5 xso031l x1exxf4d x13fuv20 x178xt8z x1ey2m1c x9f619 xds687c x47corl x10l6tqk x17qophe x13vifvy\">\n<section class=\"text-token-text-primary w-full focus:outline-none [--shadow-height:45px] has-data-writing-block:pointer-events-none has-data-writing-block:-mt-(--shadow-height) has-data-writing-block:pt-(--shadow-height) [&amp;:has([data-writing-block])&gt;*]:pointer-events-auto [content-visibility:auto] supports-[content-visibility:auto]:[contain-intrinsic-size:auto_100lvh] R6Vx5W_threadScrollVars scroll-mb-[calc(var(--scroll-root-safe-area-inset-bottom,0px)+var(--thread-response-height))] scroll-mt-[calc(var(--header-height)+min(200px,max(70px,20svh)))]\" dir=\"auto\" data-turn-id=\"request-WEB:34ebac74-8386-4f11-a1e3-bf73b54ba920-14\" data-testid=\"conversation-turn-30\" data-scroll-anchor=\"false\" data-turn=\"assistant\">\n<div class=\"text-base my-auto mx-auto pb-10 [--thread-content-margin:var(--thread-content-margin-xs,calc(var(--spacing)*4))] @w-sm\/main:[--thread-content-margin:var(--thread-content-margin-sm,calc(var(--spacing)*6))] @w-lg\/main:[--thread-content-margin:var(--thread-content-margin-lg,calc(var(--spacing)*16))] px-(--thread-content-margin)\">\n<div class=\"[--thread-content-max-width:40rem] @w-lg\/main:[--thread-content-max-width:48rem] mx-auto max-w-(--thread-content-max-width) flex-1 group\/turn-messages focus-visible:outline-hidden relative flex w-full min-w-0 flex-col agent-turn\">\n<div class=\"flex max-w-full flex-col gap-4 grow\">\n<div class=\"min-h-8 text-message relative flex w-full flex-col items-end gap-2 text-start break-words whitespace-normal outline-none keyboard-focused:focus-ring [.text-message+&amp;]:mt-1\" dir=\"auto\" tabindex=\"0\" data-message-author-role=\"assistant\" data-message-id=\"14cc18f9-54fa-4195-9da9-92f831be9c2e\" data-message-model-slug=\"gpt-5-3\" data-turn-start-message=\"true\">\n<div class=\"flex w-full flex-col gap-1 empty:hidden\">\n<div class=\"markdown prose dark:prose-invert w-full wrap-break-word light markdown-new-styling\">\n<p data-start=\"102\" data-end=\"489\"><strong data-start=\"105\" data-end=\"125\">C\u0153ur en Septaria<\/strong><\/p>\n<p data-start=\"102\" data-end=\"489\">\u00a0<strong data-start=\"134\" data-end=\"155\">pi\u00e8ce d\u2019exception<\/strong>, rare par sa taille et absolument remarquable par sa beaut\u00e9 naturelle. Avec ses 1,820 kg et ses dimensions g\u00e9n\u00e9reuses (16 x 14 cm), il impose imm\u00e9diatement une pr\u00e9sence forte et apaisante. Ses motifs uniques, m\u00ealant nuances dor\u00e9es, brunes et ocres, rappellent la Terre originelle et font de chaque c\u0153ur une \u0153uvre min\u00e9rale singuli\u00e8re.<\/p>\n<p data-start=\"491\" data-end=\"672\">D\u00e8s le premier regard, cette pi\u00e8ce d\u00e9gage une \u00e9nergie profonde et enveloppante. Elle attire autant par son esth\u00e9tique que par la puissance vibratoire qu\u2019elle diffuse dans un espace.<\/p>\n<h3 data-section-id=\"1mo5g31\" data-start=\"674\" data-end=\"700\">Origine et formation<\/h3>\n<p data-start=\"701\" data-end=\"1099\">La Septaria, aussi appel\u00e9e pierre du dragon, est une roche s\u00e9dimentaire compos\u00e9e de calcite, d\u2019aragonite et de calcaire. Elle s\u2019est form\u00e9e il y a plusieurs millions d\u2019ann\u00e9es, lors de la d\u00e9composition de mati\u00e8res organiques marines combin\u00e9e \u00e0 des ph\u00e9nom\u00e8nes de contraction et de fissuration. Ces fissures se sont ensuite remplies de min\u00e9raux, cr\u00e9ant les motifs caract\u00e9ristiques visibles aujourd\u2019hui.<\/p>\n<p data-start=\"1101\" data-end=\"1256\">Ce processus naturel en fait une pierre profond\u00e9ment reli\u00e9e \u00e0 l\u2019histoire de la Terre et aux cycles de transformation .<\/p>\n<h3 data-section-id=\"drm9te\" data-start=\"1258\" data-end=\"1287\">Vertus en lithoth\u00e9rapie<\/h3>\n<p data-start=\"1288\" data-end=\"1487\">La Septaria est une pierre d\u2019ancrage et de transformation. Elle relie le corps physique \u00e0 l\u2019\u00e9nergie de la Terre, tout en permettant un travail en profondeur sur les blessures \u00e9motionnelles anciennes.<\/p>\n<p data-start=\"1489\" data-end=\"1773\">Elle aide \u00e0 lib\u00e9rer les blocages, notamment ceux li\u00e9s \u00e0 l\u2019enfance ou aux m\u00e9moires du pass\u00e9. Ainsi, elle favorise une prise de conscience progressive et permet de sortir des sch\u00e9mas r\u00e9p\u00e9titifs. De plus, elle transforme les peurs en force int\u00e9rieure et encourage \u00e0 avancer avec courage.<\/p>\n<p data-start=\"1775\" data-end=\"2077\">Par ailleurs, cette pierre soutient la ma\u00eetrise de soi et am\u00e9liore la communication. Elle apaise les \u00e9motions, limite les refoulements et accompagne un v\u00e9ritable renouveau personnel. Elle est \u00e9galement tr\u00e8s appr\u00e9ci\u00e9e en m\u00e9ditation, car elle permet d\u2019\u00e9lever les pens\u00e9es tout en restant solidement ancr\u00e9.<\/p>\n<p data-start=\"2079\" data-end=\"2288\">Sur le plan physique, la Septaria soutient les structures du corps comme les os, les muscles et les dents. Elle contribue aussi \u00e0 am\u00e9liorer la qualit\u00e9 du sommeil et peut accompagner les phases de r\u00e9cup\u00e9ration.<\/p>\n<h3 data-section-id=\"130uubt\" data-start=\"2290\" data-end=\"2332\">Ressenti et attirance pour la pierre<\/h3>\n<p data-start=\"2333\" data-end=\"2577\">Si vous \u00eates attir\u00e9 par ce C\u0153ur en Septaria, cela traduit souvent un besoin profond de transformation et d\u2019ancrage. Vous pouvez ressentir l\u2019envie de tourner une page, de vous lib\u00e9rer de sch\u00e9mas anciens ou de mieux comprendre certaines \u00e9motions.<\/p>\n<p data-start=\"2579\" data-end=\"2795\">Cette attirance r\u00e9v\u00e8le \u00e9galement une p\u00e9riode de transition, o\u00f9 vous cherchez \u00e0 vous reconstruire sur des bases plus solides. Elle peut indiquer un besoin de stabilit\u00e9, tout en ayant la volont\u00e9 d\u2019\u00e9voluer et d\u2019avancer.<\/p>\n<p data-start=\"2797\" data-end=\"3125\">D\u2019un point de vue \u00e9nerg\u00e9tique, cela correspond souvent \u00e0 un d\u00e9s\u00e9quilibre entre le chakra racine et le plexus solaire. Selon la m\u00e9decine traditionnelle chinoise, ces manifestations peuvent \u00eatre li\u00e9es \u00e0 des peurs, de la frustration ou un manque de confiance, emp\u00eachant une progression fluide .<\/p>\n<h3 data-section-id=\"ixhoiq\" data-start=\"3127\" data-end=\"3161\">Utilisation en lithoth\u00e9rapie<\/h3>\n<p data-start=\"3162\" data-end=\"3480\">Placez ce c\u0153ur dans une pi\u00e8ce de vie ou un espace de m\u00e9ditation afin de profiter pleinement de son rayonnement. Gr\u00e2ce \u00e0 sa taille et \u00e0 sa forme, il diffuse une \u00e9nergie stable et profonde. Ainsi, une utilisation r\u00e9guli\u00e8re permet d\u2019accompagner les transformations int\u00e9rieures tout en renfor\u00e7ant l\u2019ancrage et la s\u00e9r\u00e9nit\u00e9.<\/p>\n<h3 data-section-id=\"16ltan1\" data-start=\"3482\" data-end=\"3504\">Meta description<\/h3>\n<p data-start=\"3505\" data-end=\"3676\" data-is-last-node=\"\" data-is-only-node=\"\">C\u0153ur en Septaria, pi\u00e8ce d\u2019exception : pierre d\u2019ancrage et de transformation, lib\u00e8re les blocages \u00e9motionnels, favorise renouveau, confiance et \u00e9quilibre int\u00e9rieur durable.<\/p>\n<\/div>\n<\/div>\n<\/div>\n<\/div>\n<div class=\"z-0 flex min-h-[46px] justify-start\"><\/div>\n<div class=\"mt-3 w-full empty:hidden\">\n<div class=\"text-center\"><\/div>\n<\/div>\n<\/div>\n<\/div>\n<\/section>\n<div class=\"pointer-events-none -mt-px h-px translate-y-[calc(var(--scroll-root-safe-area-inset-bottom)-14*var(--spacing))]\" aria-hidden=\"true\"><\/div>\n<div class=\"pointer-events-none translate-y-(--scroll-root-safe-area-inset-bottom) R6Vx5W_threadScrollVars min-h-(--gutter-remaining-height,0px) group-data-stream-active\/scroll-root:h-[calc(var(--thread-response-height)-16*var(--spacing))]\"><\/div>\n<\/div>\n<\/div>\n<div class=\"x1ey2m1c xds687c x17qophe xg01cxk x47corl x10l6tqk x13vifvy x1ebt8du x19991ni x1dhq9h x1o1ewxj x3x9cwd x1e5q0jg x13rtm0m\" role=\"none\" data-visualcompletion=\"ignore\"><\/div>\n<\/div>\n<\/div>\n<\/div>\n<\/div>\n<\/div>\n<\/div>\n<div>\n<div class=\"x168nmei x13lgxp2 x30kzoy x9jhf4c x6ikm8r x10wlt62\" data-visualcompletion=\"ignore-dynamic\">\n<div class=\"x1n2onr6\">\n<div class=\"x6s0dn4 xi81zsa x78zum5 x6prxxf x13a6bvl xvq8zen xdj266r xktsk01 xat24cr x1d52u69 x889kno x4uap5 x1a8lsjc xkhd6sd xdppsyt\">\n<div class=\"x1c4vz4f x2lah0s xci0xqf\"><\/div>\n<div class=\"x9f619 x1n2onr6 x1ja2u2z x78zum5 x2lah0s x1qughib x1qjc9v5 xozqiw3 x1q0g3np xykv574 xbmpl8g x4cne27 xifccgj\"><\/div>\n<\/div>\n<\/div>\n<\/div>\n<\/div>\n","protected":false},"excerpt":{"rendered":"<p>C\u0153ur en Septaria \u00a0pi\u00e8ce d\u2019exception, rare par sa taille et absolument remarquable par sa beaut\u00e9 naturelle. Avec ses 1,820 kg et ses dimensions g\u00e9n\u00e9reuses (16 x 14 cm), il impose imm\u00e9diatement une pr\u00e9sence forte et apaisante. Ses motifs uniques, m\u00ealant nuances dor\u00e9es, brunes et ocres, rappellent la Terre originelle et font de chaque c\u0153ur une [&hellip;]<\/p>\n","protected":false},"featured_media":2385,"comment_status":"open","ping_status":"closed","template":"","meta":{"site-sidebar-layout":"default","site-content-layout":"","ast-site-content-layout":"default","site-content-style":"default","site-sidebar-style":"default","ast-global-header-display":"","ast-banner-title-visibility":"","ast-main-header-display":"","ast-hfb-above-header-display":"","ast-hfb-below-header-display":"","ast-hfb-mobile-header-display":"","site-post-title":"","ast-breadcrumbs-content":"","ast-featured-img":"","footer-sml-layout":"","ast-disable-related-posts":"","theme-transparent-header-meta":"default","adv-header-id-meta":"","stick-header-meta":"","header-above-stick-meta":"","header-main-stick-meta":"","header-below-stick-meta":"","astra-migrate-meta-layouts":"set","ast-page-background-enabled":"default","ast-page-background-meta":{"desktop":{"background-color":"var(--ast-global-color-4)","background-image":"","background-repeat":"repeat","background-position":"center center","background-size":"auto","background-attachment":"scroll","background-type":"","background-media":"","overlay-type":"","overlay-color":"","overlay-opacity":"","overlay-gradient":""},"tablet":{"background-color":"","background-image":"","background-repeat":"repeat","background-position":"center center","background-size":"auto","background-attachment":"scroll","background-type":"","background-media":"","overlay-type":"","overlay-color":"","overlay-opacity":"","overlay-gradient":""},"mobile":{"background-color":"","background-image":"","background-repeat":"repeat","background-position":"center center","background-size":"auto","background-attachment":"scroll","background-type":"","background-media":"","overlay-type":"","overlay-color":"","overlay-opacity":"","overlay-gradient":""}},"ast-content-background-meta":{"desktop":{"background-color":"var(--ast-global-color-5)","background-image":"","background-repeat":"repeat","background-position":"center center","background-size":"auto","background-attachment":"scroll","background-type":"","background-media":"","overlay-type":"","overlay-color":"","overlay-opacity":"","overlay-gradient":""},"tablet":{"background-color":"var(--ast-global-color-5)","background-image":"","background-repeat":"repeat","background-position":"center center","background-size":"auto","background-attachment":"scroll","background-type":"","background-media":"","overlay-type":"","overlay-color":"","overlay-opacity":"","overlay-gradient":""},"mobile":{"background-color":"var(--ast-global-color-5)","background-image":"","background-repeat":"repeat","background-position":"center center","background-size":"auto","background-attachment":"scroll","background-type":"","background-media":"","overlay-type":"","overlay-color":"","overlay-opacity":"","overlay-gradient":""}},"_glsr_average":0,"_glsr_ranking":0,"_glsr_reviews":0},"product_brand":[],"product_cat":[238,66,31,176],"product_tag":[],"class_list":{"0":"post-2384","1":"product","2":"type-product","3":"status-publish","4":"has-post-thumbnail","6":"product_cat-coeurs","7":"product_cat-noir","8":"product_cat-pierres-brutes","9":"product_cat-septaria","10":"desktop-align-left","11":"tablet-align-left","12":"mobile-align-left","14":"first","15":"instock","16":"purchasable","17":"product-type-simple"},"yoast_head":"<!-- This site is optimized with the Yoast SEO plugin v27.5 - https:\/\/yoast.com\/product\/yoast-seo-wordpress\/ -->\n<title>C\u0153ur en Septaria - Au fil des pierres<\/title>\n<meta name=\"description\" content=\"C\u0153ur en Septaria pi\u00e8ce d\u2019exception : pierre d\u2019ancrage et de transformation, lib\u00e8re les blocages \u00e9motionnels, favorise renouveau, confiance et \u00e9quilibre int\u00e9rieur durable.\" \/>\n<meta name=\"robots\" content=\"index, follow, max-snippet:-1, max-image-preview:large, max-video-preview:-1\" \/>\n<link rel=\"canonical\" href=\"https:\/\/aufildespierres.com\/index.php\/product\/coeur-en-septaria\/\" \/>\n<meta property=\"og:locale\" content=\"fr_FR\" \/>\n<meta property=\"og:type\" content=\"article\" \/>\n<meta property=\"og:title\" content=\"C\u0153ur en Septaria - Au fil des pierres\" \/>\n<meta property=\"og:description\" content=\"C\u0153ur en Septaria pi\u00e8ce d\u2019exception : pierre d\u2019ancrage et de transformation, lib\u00e8re les blocages \u00e9motionnels, favorise renouveau, confiance et \u00e9quilibre int\u00e9rieur durable.\" \/>\n<meta property=\"og:url\" content=\"https:\/\/aufildespierres.com\/index.php\/product\/coeur-en-septaria\/\" \/>\n<meta property=\"og:site_name\" content=\"Au fil des pierres\" \/>\n<meta property=\"article:modified_time\" content=\"2026-04-24T21:34:11+00:00\" \/>\n<meta property=\"og:image\" content=\"https:\/\/aufildespierres.com\/wp-content\/uploads\/2024\/04\/20240418_122032-scaled.jpg\" \/>\n\t<meta property=\"og:image:width\" content=\"1920\" \/>\n\t<meta property=\"og:image:height\" content=\"2560\" \/>\n\t<meta property=\"og:image:type\" content=\"image\/jpeg\" \/>\n<meta name=\"twitter:card\" content=\"summary_large_image\" \/>\n<meta name=\"twitter:label1\" content=\"Dur\u00e9e de lecture estim\u00e9e\" \/>\n\t<meta name=\"twitter:data1\" content=\"3 minutes\" \/>\n<script type=\"application\/ld+json\" class=\"yoast-schema-graph\">{\"@context\":\"https:\\\/\\\/schema.org\",\"@graph\":[{\"@type\":\"WebPage\",\"@id\":\"https:\\\/\\\/aufildespierres.com\\\/index.php\\\/product\\\/coeur-en-septaria\\\/\",\"url\":\"https:\\\/\\\/aufildespierres.com\\\/index.php\\\/product\\\/coeur-en-septaria\\\/\",\"name\":\"C\u0153ur en Septaria - Au fil des pierres\",\"isPartOf\":{\"@id\":\"https:\\\/\\\/aufildespierres.com\\\/#website\"},\"primaryImageOfPage\":{\"@id\":\"https:\\\/\\\/aufildespierres.com\\\/index.php\\\/product\\\/coeur-en-septaria\\\/#primaryimage\"},\"image\":{\"@id\":\"https:\\\/\\\/aufildespierres.com\\\/index.php\\\/product\\\/coeur-en-septaria\\\/#primaryimage\"},\"thumbnailUrl\":\"https:\\\/\\\/aufildespierres.com\\\/wp-content\\\/uploads\\\/2024\\\/04\\\/20240418_122032-scaled.jpg\",\"datePublished\":\"2024-04-18T11:23:50+00:00\",\"dateModified\":\"2026-04-24T21:34:11+00:00\",\"description\":\"C\u0153ur en Septaria pi\u00e8ce d\u2019exception : pierre d\u2019ancrage et de transformation, lib\u00e8re les blocages \u00e9motionnels, favorise renouveau, confiance et \u00e9quilibre int\u00e9rieur durable.\",\"breadcrumb\":{\"@id\":\"https:\\\/\\\/aufildespierres.com\\\/index.php\\\/product\\\/coeur-en-septaria\\\/#breadcrumb\"},\"inLanguage\":\"fr-FR\",\"potentialAction\":[{\"@type\":\"ReadAction\",\"target\":[\"https:\\\/\\\/aufildespierres.com\\\/index.php\\\/product\\\/coeur-en-septaria\\\/\"]}]},{\"@type\":\"ImageObject\",\"inLanguage\":\"fr-FR\",\"@id\":\"https:\\\/\\\/aufildespierres.com\\\/index.php\\\/product\\\/coeur-en-septaria\\\/#primaryimage\",\"url\":\"https:\\\/\\\/aufildespierres.com\\\/wp-content\\\/uploads\\\/2024\\\/04\\\/20240418_122032-scaled.jpg\",\"contentUrl\":\"https:\\\/\\\/aufildespierres.com\\\/wp-content\\\/uploads\\\/2024\\\/04\\\/20240418_122032-scaled.jpg\",\"width\":1920,\"height\":2560},{\"@type\":\"BreadcrumbList\",\"@id\":\"https:\\\/\\\/aufildespierres.com\\\/index.php\\\/product\\\/coeur-en-septaria\\\/#breadcrumb\",\"itemListElement\":[{\"@type\":\"ListItem\",\"position\":1,\"name\":\"Accueil\",\"item\":\"https:\\\/\\\/aufildespierres.com\\\/\"},{\"@type\":\"ListItem\",\"position\":2,\"name\":\"Boutique de Lithoth\u00e9rapie\",\"item\":\"https:\\\/\\\/aufildespierres.com\\\/index.php\\\/boutique-de-lithotherapie\\\/\"},{\"@type\":\"ListItem\",\"position\":3,\"name\":\"C\u0153ur en Septaria\"}]},{\"@type\":\"WebSite\",\"@id\":\"https:\\\/\\\/aufildespierres.com\\\/#website\",\"url\":\"https:\\\/\\\/aufildespierres.com\\\/\",\"name\":\"Au fil des pierres\",\"description\":\"Au fil des pierres\",\"publisher\":{\"@id\":\"https:\\\/\\\/aufildespierres.com\\\/#organization\"},\"potentialAction\":[{\"@type\":\"SearchAction\",\"target\":{\"@type\":\"EntryPoint\",\"urlTemplate\":\"https:\\\/\\\/aufildespierres.com\\\/?s={search_term_string}\"},\"query-input\":{\"@type\":\"PropertyValueSpecification\",\"valueRequired\":true,\"valueName\":\"search_term_string\"}}],\"inLanguage\":\"fr-FR\"},{\"@type\":\"Organization\",\"@id\":\"https:\\\/\\\/aufildespierres.com\\\/#organization\",\"name\":\"Au fil des pierres\",\"url\":\"https:\\\/\\\/aufildespierres.com\\\/\",\"logo\":{\"@type\":\"ImageObject\",\"inLanguage\":\"fr-FR\",\"@id\":\"https:\\\/\\\/aufildespierres.com\\\/#\\\/schema\\\/logo\\\/image\\\/\",\"url\":\"https:\\\/\\\/aufildespierres.com\\\/wp-content\\\/uploads\\\/2023\\\/05\\\/cropped-Logo-PNG-Transparent.png\",\"contentUrl\":\"https:\\\/\\\/aufildespierres.com\\\/wp-content\\\/uploads\\\/2023\\\/05\\\/cropped-Logo-PNG-Transparent.png\",\"width\":1776,\"height\":1625,\"caption\":\"Au fil des pierres\"},\"image\":{\"@id\":\"https:\\\/\\\/aufildespierres.com\\\/#\\\/schema\\\/logo\\\/image\\\/\"}}]}<\/script>\n<!-- \/ Yoast SEO plugin. -->","yoast_head_json":{"title":"C\u0153ur en Septaria - Au fil des pierres","description":"C\u0153ur en Septaria pi\u00e8ce d\u2019exception : pierre d\u2019ancrage et de transformation, lib\u00e8re les blocages \u00e9motionnels, favorise renouveau, confiance et \u00e9quilibre int\u00e9rieur durable.","robots":{"index":"index","follow":"follow","max-snippet":"max-snippet:-1","max-image-preview":"max-image-preview:large","max-video-preview":"max-video-preview:-1"},"canonical":"https:\/\/aufildespierres.com\/index.php\/product\/coeur-en-septaria\/","og_locale":"fr_FR","og_type":"article","og_title":"C\u0153ur en Septaria - Au fil des pierres","og_description":"C\u0153ur en Septaria pi\u00e8ce d\u2019exception : pierre d\u2019ancrage et de transformation, lib\u00e8re les blocages \u00e9motionnels, favorise renouveau, confiance et \u00e9quilibre int\u00e9rieur durable.","og_url":"https:\/\/aufildespierres.com\/index.php\/product\/coeur-en-septaria\/","og_site_name":"Au fil des pierres","article_modified_time":"2026-04-24T21:34:11+00:00","og_image":[{"width":1920,"height":2560,"url":"https:\/\/aufildespierres.com\/wp-content\/uploads\/2024\/04\/20240418_122032-scaled.jpg","type":"image\/jpeg"}],"twitter_card":"summary_large_image","twitter_misc":{"Dur\u00e9e de lecture estim\u00e9e":"3 minutes"},"schema":{"@context":"https:\/\/schema.org","@graph":[{"@type":"WebPage","@id":"https:\/\/aufildespierres.com\/index.php\/product\/coeur-en-septaria\/","url":"https:\/\/aufildespierres.com\/index.php\/product\/coeur-en-septaria\/","name":"C\u0153ur en Septaria - Au fil des pierres","isPartOf":{"@id":"https:\/\/aufildespierres.com\/#website"},"primaryImageOfPage":{"@id":"https:\/\/aufildespierres.com\/index.php\/product\/coeur-en-septaria\/#primaryimage"},"image":{"@id":"https:\/\/aufildespierres.com\/index.php\/product\/coeur-en-septaria\/#primaryimage"},"thumbnailUrl":"https:\/\/aufildespierres.com\/wp-content\/uploads\/2024\/04\/20240418_122032-scaled.jpg","datePublished":"2024-04-18T11:23:50+00:00","dateModified":"2026-04-24T21:34:11+00:00","description":"C\u0153ur en Septaria pi\u00e8ce d\u2019exception : pierre d\u2019ancrage et de transformation, lib\u00e8re les blocages \u00e9motionnels, favorise renouveau, confiance et \u00e9quilibre int\u00e9rieur durable.","breadcrumb":{"@id":"https:\/\/aufildespierres.com\/index.php\/product\/coeur-en-septaria\/#breadcrumb"},"inLanguage":"fr-FR","potentialAction":[{"@type":"ReadAction","target":["https:\/\/aufildespierres.com\/index.php\/product\/coeur-en-septaria\/"]}]},{"@type":"ImageObject","inLanguage":"fr-FR","@id":"https:\/\/aufildespierres.com\/index.php\/product\/coeur-en-septaria\/#primaryimage","url":"https:\/\/aufildespierres.com\/wp-content\/uploads\/2024\/04\/20240418_122032-scaled.jpg","contentUrl":"https:\/\/aufildespierres.com\/wp-content\/uploads\/2024\/04\/20240418_122032-scaled.jpg","width":1920,"height":2560},{"@type":"BreadcrumbList","@id":"https:\/\/aufildespierres.com\/index.php\/product\/coeur-en-septaria\/#breadcrumb","itemListElement":[{"@type":"ListItem","position":1,"name":"Accueil","item":"https:\/\/aufildespierres.com\/"},{"@type":"ListItem","position":2,"name":"Boutique de Lithoth\u00e9rapie","item":"https:\/\/aufildespierres.com\/index.php\/boutique-de-lithotherapie\/"},{"@type":"ListItem","position":3,"name":"C\u0153ur en Septaria"}]},{"@type":"WebSite","@id":"https:\/\/aufildespierres.com\/#website","url":"https:\/\/aufildespierres.com\/","name":"Au fil des pierres","description":"Au fil des pierres","publisher":{"@id":"https:\/\/aufildespierres.com\/#organization"},"potentialAction":[{"@type":"SearchAction","target":{"@type":"EntryPoint","urlTemplate":"https:\/\/aufildespierres.com\/?s={search_term_string}"},"query-input":{"@type":"PropertyValueSpecification","valueRequired":true,"valueName":"search_term_string"}}],"inLanguage":"fr-FR"},{"@type":"Organization","@id":"https:\/\/aufildespierres.com\/#organization","name":"Au fil des pierres","url":"https:\/\/aufildespierres.com\/","logo":{"@type":"ImageObject","inLanguage":"fr-FR","@id":"https:\/\/aufildespierres.com\/#\/schema\/logo\/image\/","url":"https:\/\/aufildespierres.com\/wp-content\/uploads\/2023\/05\/cropped-Logo-PNG-Transparent.png","contentUrl":"https:\/\/aufildespierres.com\/wp-content\/uploads\/2023\/05\/cropped-Logo-PNG-Transparent.png","width":1776,"height":1625,"caption":"Au fil des pierres"},"image":{"@id":"https:\/\/aufildespierres.com\/#\/schema\/logo\/image\/"}}]}},"_links":{"self":[{"href":"https:\/\/aufildespierres.com\/index.php\/wp-json\/wp\/v2\/product\/2384","targetHints":{"allow":["GET"]}}],"collection":[{"href":"https:\/\/aufildespierres.com\/index.php\/wp-json\/wp\/v2\/product"}],"about":[{"href":"https:\/\/aufildespierres.com\/index.php\/wp-json\/wp\/v2\/types\/product"}],"replies":[{"embeddable":true,"href":"https:\/\/aufildespierres.com\/index.php\/wp-json\/wp\/v2\/comments?post=2384"}],"wp:featuredmedia":[{"embeddable":true,"href":"https:\/\/aufildespierres.com\/index.php\/wp-json\/wp\/v2\/media\/2385"}],"wp:attachment":[{"href":"https:\/\/aufildespierres.com\/index.php\/wp-json\/wp\/v2\/media?parent=2384"}],"wp:term":[{"taxonomy":"product_brand","embeddable":true,"href":"https:\/\/aufildespierres.com\/index.php\/wp-json\/wp\/v2\/product_brand?post=2384"},{"taxonomy":"product_cat","embeddable":true,"href":"https:\/\/aufildespierres.com\/index.php\/wp-json\/wp\/v2\/product_cat?post=2384"},{"taxonomy":"product_tag","embeddable":true,"href":"https:\/\/aufildespierres.com\/index.php\/wp-json\/wp\/v2\/product_tag?post=2384"}],"curies":[{"name":"wp","href":"https:\/\/api.w.org\/{rel}","templated":true}]}}