{"id":2411,"date":"2024-05-06T18:45:01","date_gmt":"2024-05-06T16:45:01","guid":{"rendered":"https:\/\/aufildespierres.com\/?post_type=product&#038;p=2411"},"modified":"2026-04-24T23:25:57","modified_gmt":"2026-04-24T21:25:57","slug":"superbe-tranche-de-cornaline","status":"publish","type":"product","link":"https:\/\/aufildespierres.com\/index.php\/product\/superbe-tranche-de-cornaline\/","title":{"rendered":"Cornaline tranche"},"content":{"rendered":"<div class=\"flex h-svh w-screen flex-col\">\n<div class=\"relative z-0 flex min-h-0 w-full flex-1\">\n<div class=\"relative flex min-h-0 w-full flex-1\">\n<div class=\"@container\/main relative flex min-w-0 flex-1 flex-col -translate-y-[calc(env(safe-area-inset-bottom,0px)\/2)] pt-[calc(env(safe-area-inset-bottom,0px)\/2)]\">\n<div class=\"@w-sm\/main:[scrollbar-gutter:var(--stage-scroll-gutter)] touch:[scrollbar-width:none] group\/scroll-root relative flex min-h-0 min-w-0 flex-1 flex-col [scrollbar-gutter:stable] not-print:overflow-x-clip not-print:overflow-y-auto group-data-stream-active\/scroll-root:[overflow-anchor:none] scroll-pt-(--header-height) [--sticky-padding-top:var(--header-height)] [--sticky-padding-bottom:0px] [--scroll-root-safe-area-inset-top:calc(var(--sticky-padding-top)+env(safe-area-inset-top,0px))] [--scroll-root-safe-area-inset-bottom:calc(var(--sticky-padding-bottom)+var(--screen-keyboard-height,0px)+env(safe-area-inset-bottom,0px))] [--scroll-root-safe-area-height:calc(100lvh-var(--scroll-root-safe-area-inset-top)-var(--scroll-root-safe-area-inset-bottom))] has-data-[fixed-header=less-than-xl]:@w-xl\/main:scroll-pt-0 has-data-[fixed-header=less-than-xl]:@w-xl\/main:[--sticky-padding-top:0px] has-data-[fixed-header=less-than-xxl]:@w-2xl\/main:scroll-pt-0 has-data-[fixed-header=less-than-xxl]:@w-2xl\/main:[--sticky-padding-top:0px]\" data-scroll-root=\"\" data-scroll-from-top=\"\"><main id=\"main\" class=\"min-h-0 flex-1\"><\/p>\n<div id=\"thread\" class=\"group\/thread flex flex-col min-h-full\">\n<div class=\"composer-parent flex flex-1 flex-col focus-visible:outline-0\" role=\"presentation\">\n<div class=\"relative basis-auto flex-col -mb-(--composer-overlap-px) pb-(--composer-overlap-px) [--composer-overlap-px:28px] grow flex\">\n<div class=\"flex flex-col text-sm\">\n<section class=\"text-token-text-primary w-full focus:outline-none [--shadow-height:45px] has-data-writing-block:pointer-events-none has-data-writing-block:-mt-(--shadow-height) has-data-writing-block:pt-(--shadow-height) [&amp;:has([data-writing-block])&gt;*]:pointer-events-auto [content-visibility:auto] supports-[content-visibility:auto]:[contain-intrinsic-size:auto_100lvh] R6Vx5W_threadScrollVars scroll-mb-[calc(var(--scroll-root-safe-area-inset-bottom,0px)+var(--thread-response-height))] scroll-mt-[calc(var(--header-height)+min(200px,max(70px,20svh)))]\" dir=\"auto\" data-turn-id=\"request-WEB:34ebac74-8386-4f11-a1e3-bf73b54ba920-13\" data-testid=\"conversation-turn-28\" data-scroll-anchor=\"false\" data-turn=\"assistant\">\n<div class=\"text-base my-auto mx-auto pb-10 [--thread-content-margin:var(--thread-content-margin-xs,calc(var(--spacing)*4))] @w-sm\/main:[--thread-content-margin:var(--thread-content-margin-sm,calc(var(--spacing)*6))] @w-lg\/main:[--thread-content-margin:var(--thread-content-margin-lg,calc(var(--spacing)*16))] px-(--thread-content-margin)\">\n<div class=\"[--thread-content-max-width:40rem] @w-lg\/main:[--thread-content-max-width:48rem] mx-auto max-w-(--thread-content-max-width) flex-1 group\/turn-messages focus-visible:outline-hidden relative flex w-full min-w-0 flex-col agent-turn\">\n<div class=\"flex max-w-full flex-col gap-4 grow\">\n<div class=\"min-h-8 text-message relative flex w-full flex-col items-end gap-2 text-start break-words whitespace-normal outline-none keyboard-focused:focus-ring [.text-message+&amp;]:mt-1\" dir=\"auto\" tabindex=\"0\" data-message-author-role=\"assistant\" data-message-id=\"bade3ab6-a4dd-40dd-8657-8ffd8923f0f0\" data-message-model-slug=\"gpt-5-3\" data-turn-start-message=\"true\">\n<div class=\"flex w-full flex-col gap-1 empty:hidden\">\n<div class=\"markdown prose dark:prose-invert w-full wrap-break-word light markdown-new-styling\">\n<p data-start=\"106\" data-end=\"496\"><strong data-start=\"109\" data-end=\"147\">Cornaline tranche polie semi brute<\/strong> est une pi\u00e8ce naturelle chaleureuse et vibrante, id\u00e9ale pour stimuler l\u2019\u00e9nergie vitale et renforcer la confiance en soi. Avec ses dimensions d\u2019environ 9 x 8,5 cm et son poids de 111 grammes, elle allie esth\u00e9tique et puissance \u00e9nerg\u00e9tique. Sa face polie met en valeur ses nuances orang\u00e9es, tandis que sa partie brute conserve son \u00e9nergie originelle.<\/p>\n<h3 data-section-id=\"1mo5g31\" data-start=\"498\" data-end=\"524\">Origine et formation<\/h3>\n<p data-start=\"525\" data-end=\"893\">La Cornaline appartient \u00e0 la famille des calc\u00e9doines, une vari\u00e9t\u00e9 de quartz microcristallin. Elle se forme dans des roches volcaniques, o\u00f9 la silice se d\u00e9pose progressivement. Sa couleur orange \u00e0 rouge provient de la pr\u00e9sence d\u2019oxydes de fer. Cette composition lui conf\u00e8re une \u00e9nergie dynamique, li\u00e9e \u00e0 la vitalit\u00e9 et \u00e0 l\u2019ancrage .<\/p>\n<h3 data-section-id=\"drm9te\" data-start=\"895\" data-end=\"924\">Vertus en lithoth\u00e9rapie<\/h3>\n<p data-start=\"925\" data-end=\"1166\">La Cornaline est une pierre associ\u00e9e \u00e0 la f\u00e9minit\u00e9, au courage et \u00e0 l\u2019\u00e9lan de vie. Elle favorise la confiance en soi et encourage la prise d\u2019initiatives. Ainsi, elle aide \u00e0 sortir de l\u2019immobilisme et \u00e0 avancer malgr\u00e9 les exp\u00e9riences pass\u00e9es.<\/p>\n<p data-start=\"1168\" data-end=\"1456\">De plus, elle permet de se reconnecter au moment pr\u00e9sent en renfor\u00e7ant l\u2019ancrage \u00e0 la Terre. Elle apporte r\u00e9confort, apaisement et facilite l\u2019acceptation de soi. Par ailleurs, elle aide \u00e0 mieux g\u00e9rer les \u00e9motions en limitant l\u2019agitation mentale et en favorisant un ressenti plus corporel.<\/p>\n<p data-start=\"1458\" data-end=\"1751\">En compl\u00e9ment, cette pierre stimule la vitalit\u00e9, la concentration et la m\u00e9moire. Elle soutient \u00e9galement les personnes qui se sentent perdues ou dispers\u00e9es, en les aidant \u00e0 retrouver un sens et une direction. Elle agit aussi sur les \u00e9motions n\u00e9gatives, en apaisant col\u00e8re, jalousie ou rancune.<\/p>\n<p data-start=\"1753\" data-end=\"2025\">Sur le plan physique, la Cornaline soutient le syst\u00e8me circulatoire et digestif. Elle participe \u00e0 la r\u00e9gulation hormonale et accompagne les cycles f\u00e9minins. Elle est \u00e9galement reconnue pour stimuler la libido, favoriser la fertilit\u00e9 et soutenir l\u2019\u00e9nergie globale du corps.<\/p>\n<h3 data-section-id=\"130uubt\" data-start=\"2027\" data-end=\"2069\">Ressenti et attirance pour la pierre<\/h3>\n<p data-start=\"2070\" data-end=\"2265\">Si vous \u00eates attir\u00e9 par une Cornaline, cela traduit souvent un besoin de retrouver \u00e9nergie, motivation et confiance. Vous pouvez traverser une p\u00e9riode de fatigue, de doute ou de perte de rep\u00e8res.<\/p>\n<p data-start=\"2267\" data-end=\"2527\">Dans certains cas, cette attirance r\u00e9v\u00e8le un manque d\u2019ancrage ou une difficult\u00e9 \u00e0 passer \u00e0 l\u2019action. Vous avez peut-\u00eatre des envies ou des projets, mais vous h\u00e9sitez \u00e0 les concr\u00e9tiser. La Cornaline vous accompagne alors pour d\u00e9passer vos peurs et oser avancer.<\/p>\n<p data-start=\"2529\" data-end=\"2880\">Par ailleurs, elle peut indiquer un d\u00e9s\u00e9quilibre au niveau du chakra sacr\u00e9, souvent li\u00e9 aux \u00e9motions, \u00e0 la cr\u00e9ativit\u00e9 ou \u00e0 la relation au corps. Selon la m\u00e9decine traditionnelle chinoise, ces manifestations peuvent \u00eatre associ\u00e9es \u00e0 une faiblesse de l\u2019\u00e9nergie vitale, entra\u00eenant fatigue, blocages ou manque d\u2019\u00e9lan .<\/p>\n<h3 data-section-id=\"ixhoiq\" data-start=\"2882\" data-end=\"2916\">Utilisation en lithoth\u00e9rapie<\/h3>\n<p data-start=\"2917\" data-end=\"3191\">Placez cette Cornaline dans un espace de vie ou \u00e0 l\u2019entr\u00e9e de votre maison pour diffuser une \u00e9nergie chaleureuse et protectrice. Vous pouvez \u00e9galement l\u2019utiliser lors de moments de recentrage. Ainsi, une utilisation r\u00e9guli\u00e8re favorise vitalit\u00e9, ancrage et confiance durable.<\/p>\n<h3 data-section-id=\"16ltan1\" data-start=\"3193\" data-end=\"3215\"><\/h3>\n<\/div>\n<\/div>\n<\/div>\n<\/div>\n<\/div>\n<\/div>\n<\/section>\n<\/div>\n<\/div>\n<\/div>\n<\/div>\n<p><\/main><\/div>\n<\/div>\n<\/div>\n<\/div>\n<\/div>\n","protected":false},"excerpt":{"rendered":"<p>Cornaline tranche polie semi brute est une pi\u00e8ce naturelle chaleureuse et vibrante, id\u00e9ale pour stimuler l\u2019\u00e9nergie vitale et renforcer la confiance en soi. Avec ses dimensions d\u2019environ 9 x 8,5 cm et son poids de 111 grammes, elle allie esth\u00e9tique et puissance \u00e9nerg\u00e9tique. Sa face polie met en valeur ses nuances orang\u00e9es, tandis que sa [&hellip;]<\/p>\n","protected":false},"featured_media":2413,"comment_status":"open","ping_status":"closed","template":"","meta":{"site-sidebar-layout":"default","site-content-layout":"","ast-site-content-layout":"default","site-content-style":"default","site-sidebar-style":"default","ast-global-header-display":"","ast-banner-title-visibility":"","ast-main-header-display":"","ast-hfb-above-header-display":"","ast-hfb-below-header-display":"","ast-hfb-mobile-header-display":"","site-post-title":"","ast-breadcrumbs-content":"","ast-featured-img":"","footer-sml-layout":"","ast-disable-related-posts":"","theme-transparent-header-meta":"default","adv-header-id-meta":"","stick-header-meta":"","header-above-stick-meta":"","header-main-stick-meta":"","header-below-stick-meta":"","astra-migrate-meta-layouts":"set","ast-page-background-enabled":"default","ast-page-background-meta":{"desktop":{"background-color":"var(--ast-global-color-4)","background-image":"","background-repeat":"repeat","background-position":"center center","background-size":"auto","background-attachment":"scroll","background-type":"","background-media":"","overlay-type":"","overlay-color":"","overlay-opacity":"","overlay-gradient":""},"tablet":{"background-color":"","background-image":"","background-repeat":"repeat","background-position":"center center","background-size":"auto","background-attachment":"scroll","background-type":"","background-media":"","overlay-type":"","overlay-color":"","overlay-opacity":"","overlay-gradient":""},"mobile":{"background-color":"","background-image":"","background-repeat":"repeat","background-position":"center center","background-size":"auto","background-attachment":"scroll","background-type":"","background-media":"","overlay-type":"","overlay-color":"","overlay-opacity":"","overlay-gradient":""}},"ast-content-background-meta":{"desktop":{"background-color":"var(--ast-global-color-5)","background-image":"","background-repeat":"repeat","background-position":"center center","background-size":"auto","background-attachment":"scroll","background-type":"","background-media":"","overlay-type":"","overlay-color":"","overlay-opacity":"","overlay-gradient":""},"tablet":{"background-color":"var(--ast-global-color-5)","background-image":"","background-repeat":"repeat","background-position":"center center","background-size":"auto","background-attachment":"scroll","background-type":"","background-media":"","overlay-type":"","overlay-color":"","overlay-opacity":"","overlay-gradient":""},"mobile":{"background-color":"var(--ast-global-color-5)","background-image":"","background-repeat":"repeat","background-position":"center center","background-size":"auto","background-attachment":"scroll","background-type":"","background-media":"","overlay-type":"","overlay-color":"","overlay-opacity":"","overlay-gradient":""}},"_glsr_average":0,"_glsr_ranking":0,"_glsr_reviews":0},"product_brand":[],"product_cat":[95,142,76,200],"product_tag":[],"class_list":{"0":"post-2411","1":"product","2":"type-product","3":"status-publish","4":"has-post-thumbnail","6":"product_cat-cornaline","7":"product_cat-orange","8":"product_cat-rouge","9":"product_cat-sculptees","10":"desktop-align-left","11":"tablet-align-left","12":"mobile-align-left","14":"first","15":"instock","16":"purchasable","17":"product-type-simple"},"yoast_head":"<!-- This site is optimized with the Yoast SEO plugin v27.5 - https:\/\/yoast.com\/product\/yoast-seo-wordpress\/ -->\n<title>Cornaline tranche - Au fil des pierres<\/title>\n<meta name=\"description\" content=\"Cornaline tranche polie : pierre de vitalit\u00e9 et confiance, favorise ancrage, motivation, \u00e9quilibre \u00e9motionnel et stimule \u00e9nergie, cr\u00e9ativit\u00e9 et f\u00e9minit\u00e9 au quotidien.\" \/>\n<meta name=\"robots\" content=\"index, follow, max-snippet:-1, max-image-preview:large, max-video-preview:-1\" \/>\n<link rel=\"canonical\" href=\"https:\/\/aufildespierres.com\/index.php\/product\/superbe-tranche-de-cornaline\/\" \/>\n<meta property=\"og:locale\" content=\"fr_FR\" \/>\n<meta property=\"og:type\" content=\"article\" \/>\n<meta property=\"og:title\" content=\"Cornaline tranche - Au fil des pierres\" \/>\n<meta property=\"og:description\" content=\"Cornaline tranche polie : pierre de vitalit\u00e9 et confiance, favorise ancrage, motivation, \u00e9quilibre \u00e9motionnel et stimule \u00e9nergie, cr\u00e9ativit\u00e9 et f\u00e9minit\u00e9 au quotidien.\" \/>\n<meta property=\"og:url\" content=\"https:\/\/aufildespierres.com\/index.php\/product\/superbe-tranche-de-cornaline\/\" \/>\n<meta property=\"og:site_name\" content=\"Au fil des pierres\" \/>\n<meta property=\"article:modified_time\" content=\"2026-04-24T21:25:57+00:00\" \/>\n<meta property=\"og:image\" content=\"https:\/\/aufildespierres.com\/wp-content\/uploads\/2024\/05\/20240506_180020-scaled.jpg\" \/>\n\t<meta property=\"og:image:width\" content=\"1920\" \/>\n\t<meta property=\"og:image:height\" content=\"2560\" \/>\n\t<meta property=\"og:image:type\" content=\"image\/jpeg\" \/>\n<meta name=\"twitter:card\" content=\"summary_large_image\" \/>\n<meta name=\"twitter:label1\" content=\"Dur\u00e9e de lecture estim\u00e9e\" \/>\n\t<meta name=\"twitter:data1\" content=\"3 minutes\" \/>\n<script type=\"application\/ld+json\" class=\"yoast-schema-graph\">{\"@context\":\"https:\\\/\\\/schema.org\",\"@graph\":[{\"@type\":\"WebPage\",\"@id\":\"https:\\\/\\\/aufildespierres.com\\\/index.php\\\/product\\\/superbe-tranche-de-cornaline\\\/\",\"url\":\"https:\\\/\\\/aufildespierres.com\\\/index.php\\\/product\\\/superbe-tranche-de-cornaline\\\/\",\"name\":\"Cornaline tranche - Au fil des pierres\",\"isPartOf\":{\"@id\":\"https:\\\/\\\/aufildespierres.com\\\/#website\"},\"primaryImageOfPage\":{\"@id\":\"https:\\\/\\\/aufildespierres.com\\\/index.php\\\/product\\\/superbe-tranche-de-cornaline\\\/#primaryimage\"},\"image\":{\"@id\":\"https:\\\/\\\/aufildespierres.com\\\/index.php\\\/product\\\/superbe-tranche-de-cornaline\\\/#primaryimage\"},\"thumbnailUrl\":\"https:\\\/\\\/aufildespierres.com\\\/wp-content\\\/uploads\\\/2024\\\/05\\\/20240506_180020-scaled.jpg\",\"datePublished\":\"2024-05-06T16:45:01+00:00\",\"dateModified\":\"2026-04-24T21:25:57+00:00\",\"description\":\"Cornaline tranche polie : pierre de vitalit\u00e9 et confiance, favorise ancrage, motivation, \u00e9quilibre \u00e9motionnel et stimule \u00e9nergie, cr\u00e9ativit\u00e9 et f\u00e9minit\u00e9 au quotidien.\",\"breadcrumb\":{\"@id\":\"https:\\\/\\\/aufildespierres.com\\\/index.php\\\/product\\\/superbe-tranche-de-cornaline\\\/#breadcrumb\"},\"inLanguage\":\"fr-FR\",\"potentialAction\":[{\"@type\":\"ReadAction\",\"target\":[\"https:\\\/\\\/aufildespierres.com\\\/index.php\\\/product\\\/superbe-tranche-de-cornaline\\\/\"]}]},{\"@type\":\"ImageObject\",\"inLanguage\":\"fr-FR\",\"@id\":\"https:\\\/\\\/aufildespierres.com\\\/index.php\\\/product\\\/superbe-tranche-de-cornaline\\\/#primaryimage\",\"url\":\"https:\\\/\\\/aufildespierres.com\\\/wp-content\\\/uploads\\\/2024\\\/05\\\/20240506_180020-scaled.jpg\",\"contentUrl\":\"https:\\\/\\\/aufildespierres.com\\\/wp-content\\\/uploads\\\/2024\\\/05\\\/20240506_180020-scaled.jpg\",\"width\":1920,\"height\":2560},{\"@type\":\"BreadcrumbList\",\"@id\":\"https:\\\/\\\/aufildespierres.com\\\/index.php\\\/product\\\/superbe-tranche-de-cornaline\\\/#breadcrumb\",\"itemListElement\":[{\"@type\":\"ListItem\",\"position\":1,\"name\":\"Accueil\",\"item\":\"https:\\\/\\\/aufildespierres.com\\\/\"},{\"@type\":\"ListItem\",\"position\":2,\"name\":\"Boutique de Lithoth\u00e9rapie\",\"item\":\"https:\\\/\\\/aufildespierres.com\\\/index.php\\\/boutique-de-lithotherapie\\\/\"},{\"@type\":\"ListItem\",\"position\":3,\"name\":\"Cornaline tranche\"}]},{\"@type\":\"WebSite\",\"@id\":\"https:\\\/\\\/aufildespierres.com\\\/#website\",\"url\":\"https:\\\/\\\/aufildespierres.com\\\/\",\"name\":\"Au fil des pierres\",\"description\":\"Au fil des pierres\",\"publisher\":{\"@id\":\"https:\\\/\\\/aufildespierres.com\\\/#organization\"},\"potentialAction\":[{\"@type\":\"SearchAction\",\"target\":{\"@type\":\"EntryPoint\",\"urlTemplate\":\"https:\\\/\\\/aufildespierres.com\\\/?s={search_term_string}\"},\"query-input\":{\"@type\":\"PropertyValueSpecification\",\"valueRequired\":true,\"valueName\":\"search_term_string\"}}],\"inLanguage\":\"fr-FR\"},{\"@type\":\"Organization\",\"@id\":\"https:\\\/\\\/aufildespierres.com\\\/#organization\",\"name\":\"Au fil des pierres\",\"url\":\"https:\\\/\\\/aufildespierres.com\\\/\",\"logo\":{\"@type\":\"ImageObject\",\"inLanguage\":\"fr-FR\",\"@id\":\"https:\\\/\\\/aufildespierres.com\\\/#\\\/schema\\\/logo\\\/image\\\/\",\"url\":\"https:\\\/\\\/aufildespierres.com\\\/wp-content\\\/uploads\\\/2023\\\/05\\\/cropped-Logo-PNG-Transparent.png\",\"contentUrl\":\"https:\\\/\\\/aufildespierres.com\\\/wp-content\\\/uploads\\\/2023\\\/05\\\/cropped-Logo-PNG-Transparent.png\",\"width\":1776,\"height\":1625,\"caption\":\"Au fil des pierres\"},\"image\":{\"@id\":\"https:\\\/\\\/aufildespierres.com\\\/#\\\/schema\\\/logo\\\/image\\\/\"}}]}<\/script>\n<!-- \/ Yoast SEO plugin. -->","yoast_head_json":{"title":"Cornaline tranche - Au fil des pierres","description":"Cornaline tranche polie : pierre de vitalit\u00e9 et confiance, favorise ancrage, motivation, \u00e9quilibre \u00e9motionnel et stimule \u00e9nergie, cr\u00e9ativit\u00e9 et f\u00e9minit\u00e9 au quotidien.","robots":{"index":"index","follow":"follow","max-snippet":"max-snippet:-1","max-image-preview":"max-image-preview:large","max-video-preview":"max-video-preview:-1"},"canonical":"https:\/\/aufildespierres.com\/index.php\/product\/superbe-tranche-de-cornaline\/","og_locale":"fr_FR","og_type":"article","og_title":"Cornaline tranche - Au fil des pierres","og_description":"Cornaline tranche polie : pierre de vitalit\u00e9 et confiance, favorise ancrage, motivation, \u00e9quilibre \u00e9motionnel et stimule \u00e9nergie, cr\u00e9ativit\u00e9 et f\u00e9minit\u00e9 au quotidien.","og_url":"https:\/\/aufildespierres.com\/index.php\/product\/superbe-tranche-de-cornaline\/","og_site_name":"Au fil des pierres","article_modified_time":"2026-04-24T21:25:57+00:00","og_image":[{"width":1920,"height":2560,"url":"https:\/\/aufildespierres.com\/wp-content\/uploads\/2024\/05\/20240506_180020-scaled.jpg","type":"image\/jpeg"}],"twitter_card":"summary_large_image","twitter_misc":{"Dur\u00e9e de lecture estim\u00e9e":"3 minutes"},"schema":{"@context":"https:\/\/schema.org","@graph":[{"@type":"WebPage","@id":"https:\/\/aufildespierres.com\/index.php\/product\/superbe-tranche-de-cornaline\/","url":"https:\/\/aufildespierres.com\/index.php\/product\/superbe-tranche-de-cornaline\/","name":"Cornaline tranche - Au fil des pierres","isPartOf":{"@id":"https:\/\/aufildespierres.com\/#website"},"primaryImageOfPage":{"@id":"https:\/\/aufildespierres.com\/index.php\/product\/superbe-tranche-de-cornaline\/#primaryimage"},"image":{"@id":"https:\/\/aufildespierres.com\/index.php\/product\/superbe-tranche-de-cornaline\/#primaryimage"},"thumbnailUrl":"https:\/\/aufildespierres.com\/wp-content\/uploads\/2024\/05\/20240506_180020-scaled.jpg","datePublished":"2024-05-06T16:45:01+00:00","dateModified":"2026-04-24T21:25:57+00:00","description":"Cornaline tranche polie : pierre de vitalit\u00e9 et confiance, favorise ancrage, motivation, \u00e9quilibre \u00e9motionnel et stimule \u00e9nergie, cr\u00e9ativit\u00e9 et f\u00e9minit\u00e9 au quotidien.","breadcrumb":{"@id":"https:\/\/aufildespierres.com\/index.php\/product\/superbe-tranche-de-cornaline\/#breadcrumb"},"inLanguage":"fr-FR","potentialAction":[{"@type":"ReadAction","target":["https:\/\/aufildespierres.com\/index.php\/product\/superbe-tranche-de-cornaline\/"]}]},{"@type":"ImageObject","inLanguage":"fr-FR","@id":"https:\/\/aufildespierres.com\/index.php\/product\/superbe-tranche-de-cornaline\/#primaryimage","url":"https:\/\/aufildespierres.com\/wp-content\/uploads\/2024\/05\/20240506_180020-scaled.jpg","contentUrl":"https:\/\/aufildespierres.com\/wp-content\/uploads\/2024\/05\/20240506_180020-scaled.jpg","width":1920,"height":2560},{"@type":"BreadcrumbList","@id":"https:\/\/aufildespierres.com\/index.php\/product\/superbe-tranche-de-cornaline\/#breadcrumb","itemListElement":[{"@type":"ListItem","position":1,"name":"Accueil","item":"https:\/\/aufildespierres.com\/"},{"@type":"ListItem","position":2,"name":"Boutique de Lithoth\u00e9rapie","item":"https:\/\/aufildespierres.com\/index.php\/boutique-de-lithotherapie\/"},{"@type":"ListItem","position":3,"name":"Cornaline tranche"}]},{"@type":"WebSite","@id":"https:\/\/aufildespierres.com\/#website","url":"https:\/\/aufildespierres.com\/","name":"Au fil des pierres","description":"Au fil des pierres","publisher":{"@id":"https:\/\/aufildespierres.com\/#organization"},"potentialAction":[{"@type":"SearchAction","target":{"@type":"EntryPoint","urlTemplate":"https:\/\/aufildespierres.com\/?s={search_term_string}"},"query-input":{"@type":"PropertyValueSpecification","valueRequired":true,"valueName":"search_term_string"}}],"inLanguage":"fr-FR"},{"@type":"Organization","@id":"https:\/\/aufildespierres.com\/#organization","name":"Au fil des pierres","url":"https:\/\/aufildespierres.com\/","logo":{"@type":"ImageObject","inLanguage":"fr-FR","@id":"https:\/\/aufildespierres.com\/#\/schema\/logo\/image\/","url":"https:\/\/aufildespierres.com\/wp-content\/uploads\/2023\/05\/cropped-Logo-PNG-Transparent.png","contentUrl":"https:\/\/aufildespierres.com\/wp-content\/uploads\/2023\/05\/cropped-Logo-PNG-Transparent.png","width":1776,"height":1625,"caption":"Au fil des pierres"},"image":{"@id":"https:\/\/aufildespierres.com\/#\/schema\/logo\/image\/"}}]}},"_links":{"self":[{"href":"https:\/\/aufildespierres.com\/index.php\/wp-json\/wp\/v2\/product\/2411","targetHints":{"allow":["GET"]}}],"collection":[{"href":"https:\/\/aufildespierres.com\/index.php\/wp-json\/wp\/v2\/product"}],"about":[{"href":"https:\/\/aufildespierres.com\/index.php\/wp-json\/wp\/v2\/types\/product"}],"replies":[{"embeddable":true,"href":"https:\/\/aufildespierres.com\/index.php\/wp-json\/wp\/v2\/comments?post=2411"}],"wp:featuredmedia":[{"embeddable":true,"href":"https:\/\/aufildespierres.com\/index.php\/wp-json\/wp\/v2\/media\/2413"}],"wp:attachment":[{"href":"https:\/\/aufildespierres.com\/index.php\/wp-json\/wp\/v2\/media?parent=2411"}],"wp:term":[{"taxonomy":"product_brand","embeddable":true,"href":"https:\/\/aufildespierres.com\/index.php\/wp-json\/wp\/v2\/product_brand?post=2411"},{"taxonomy":"product_cat","embeddable":true,"href":"https:\/\/aufildespierres.com\/index.php\/wp-json\/wp\/v2\/product_cat?post=2411"},{"taxonomy":"product_tag","embeddable":true,"href":"https:\/\/aufildespierres.com\/index.php\/wp-json\/wp\/v2\/product_tag?post=2411"}],"curies":[{"name":"wp","href":"https:\/\/api.w.org\/{rel}","templated":true}]}}