{"id":2451,"date":"2024-05-12T21:52:46","date_gmt":"2024-05-12T19:52:46","guid":{"rendered":"https:\/\/aufildespierres.com\/?post_type=product&#038;p=2451"},"modified":"2026-03-26T22:07:36","modified_gmt":"2026-03-26T21:07:36","slug":"pierre-de-turquoise","status":"publish","type":"product","link":"https:\/\/aufildespierres.com\/index.php\/product\/pierre-de-turquoise\/","title":{"rendered":"Pierre de Turquoise"},"content":{"rendered":"<p><strong>Petite pierre de TURQUOISE v\u00e9ritable<\/strong> semi polie. Elle vient du Mexique.<\/p>\n<p>La Turquoise est rare et ch\u00e8re lorsqu&rsquo;elle est bien naturelle et pas contrefaite<\/p>\n<p>j&rsquo;atteste que mes pierres sont naturelles non trait\u00e9es et que c&rsquo;est bien de la v\u00e9ritable turquoise ce qui explique le prix .<\/p>\n<p>poids 32 grammes\u00a0 dimension 6 x 4,5 cm au plus large<\/p>\n<p><em>TURQUOISE<\/em><\/p>\n<p><em>Propri\u00e9t\u00e9s psychiques<\/em><\/p>\n<ul>\n<li>\u00b7 Aide \u00e0 maitriser ses peurs et de s&rsquo;ancrer dans le moment pr\u00e9sent<\/li>\n<li>Apaise les col\u00e8res<\/li>\n<li>Favorise l\u00e2cher prise et meilleure communication avec autrui<\/li>\n<li>Favorise amour et amiti\u00e9<\/li>\n<li>Donne envie d&rsquo;avancer et de se lancer dans de nouveaux projets<\/li>\n<li>Pierre de sagesse, pardon, r\u00e9conciliation et apaisement des tensions.<\/li>\n<\/ul>\n<p><em>Propri\u00e9t\u00e9s physiques<\/em><\/p>\n<ul>\n<li>Purifie sang et fluides du corps, Renforce le syst\u00e8me immunitaire ,poumons, estomac<\/li>\n<li>Aide \u00e0 diminuer le cholest\u00e9rol et renforce le foie<\/li>\n<li>R\u00e9gule le syst\u00e8me nerveux<\/li>\n<li>\u00b7Maintient la bonne sant\u00e9 des yeux<\/li>\n<li>\u00b7Prot\u00e8ge des infections des yeux ,gorge ,nez<\/li>\n<li>\u00b7Aide \u00e0 r\u00e9duire les migraines (poser sur le front )<\/li>\n<li>\u00b7Peut aider au sommeil<\/li>\n<li>Aide \u00e0 r\u00e9cup\u00e9rer de tendinites, blessures de ligaments.<\/li>\n<\/ul>\n<ul>\n<li>Favorise la communication l&rsquo;\u00e9coute et la prise de parole<\/li>\n<li>Chasse les \u00e9nergies n\u00e9gatives<\/li>\n<li>Soulage la d\u00e9pression en favorisant des id\u00e9es positives<\/li>\n<li>Favorise la relation avec les autres<\/li>\n<li>Aide \u00e0 \u00eatre soi -m\u00eame et sinc\u00e8re<\/li>\n<li>Harmonise corps et esprit via le chakra sacr\u00e9.<\/li>\n<\/ul>\n<p>&nbsp;<\/p>\n","protected":false},"excerpt":{"rendered":"<p>Petite pierre de TURQUOISE v\u00e9ritable semi polie. Elle vient du Mexique. La Turquoise est rare et ch\u00e8re lorsqu&rsquo;elle est bien naturelle et pas contrefaite j&rsquo;atteste que mes pierres sont naturelles non trait\u00e9es et que c&rsquo;est bien de la v\u00e9ritable turquoise ce qui explique le prix . poids 32 grammes\u00a0 dimension 6 x 4,5 cm au [&hellip;]<\/p>\n","protected":false},"featured_media":2453,"comment_status":"open","ping_status":"closed","template":"","meta":{"site-sidebar-layout":"default","site-content-layout":"","ast-site-content-layout":"default","site-content-style":"default","site-sidebar-style":"default","ast-global-header-display":"","ast-banner-title-visibility":"","ast-main-header-display":"","ast-hfb-above-header-display":"","ast-hfb-below-header-display":"","ast-hfb-mobile-header-display":"","site-post-title":"","ast-breadcrumbs-content":"","ast-featured-img":"","footer-sml-layout":"","ast-disable-related-posts":"","theme-transparent-header-meta":"default","adv-header-id-meta":"","stick-header-meta":"","header-above-stick-meta":"","header-main-stick-meta":"","header-below-stick-meta":"","astra-migrate-meta-layouts":"set","ast-page-background-enabled":"default","ast-page-background-meta":{"desktop":{"background-color":"var(--ast-global-color-4)","background-image":"","background-repeat":"repeat","background-position":"center center","background-size":"auto","background-attachment":"scroll","background-type":"","background-media":"","overlay-type":"","overlay-color":"","overlay-opacity":"","overlay-gradient":""},"tablet":{"background-color":"","background-image":"","background-repeat":"repeat","background-position":"center center","background-size":"auto","background-attachment":"scroll","background-type":"","background-media":"","overlay-type":"","overlay-color":"","overlay-opacity":"","overlay-gradient":""},"mobile":{"background-color":"","background-image":"","background-repeat":"repeat","background-position":"center center","background-size":"auto","background-attachment":"scroll","background-type":"","background-media":"","overlay-type":"","overlay-color":"","overlay-opacity":"","overlay-gradient":""}},"ast-content-background-meta":{"desktop":{"background-color":"var(--ast-global-color-5)","background-image":"","background-repeat":"repeat","background-position":"center center","background-size":"auto","background-attachment":"scroll","background-type":"","background-media":"","overlay-type":"","overlay-color":"","overlay-opacity":"","overlay-gradient":""},"tablet":{"background-color":"var(--ast-global-color-5)","background-image":"","background-repeat":"repeat","background-position":"center center","background-size":"auto","background-attachment":"scroll","background-type":"","background-media":"","overlay-type":"","overlay-color":"","overlay-opacity":"","overlay-gradient":""},"mobile":{"background-color":"var(--ast-global-color-5)","background-image":"","background-repeat":"repeat","background-position":"center center","background-size":"auto","background-attachment":"scroll","background-type":"","background-media":"","overlay-type":"","overlay-color":"","overlay-opacity":"","overlay-gradient":""}},"_glsr_average":0,"_glsr_ranking":0,"_glsr_reviews":0},"product_brand":[],"product_cat":[179,190,191],"product_tag":[],"class_list":{"0":"post-2451","1":"product","2":"type-product","3":"status-publish","4":"has-post-thumbnail","6":"product_cat-formes-libres","7":"product_cat-turquoise","8":"product_cat-turquoise-mineraux","9":"desktop-align-left","10":"tablet-align-left","11":"mobile-align-left","13":"first","14":"instock","15":"purchasable","16":"product-type-simple"},"yoast_head":"<!-- This site is optimized with the Yoast SEO plugin v27.5 - https:\/\/yoast.com\/product\/yoast-seo-wordpress\/ -->\n<title>Pierre de Turquoise - Au fil des pierres<\/title>\n<meta name=\"description\" content=\"Pierre de turquoise naturelle aux vertus protectrices, id\u00e9ale pour apaiser l\u2019esprit, renforcer la confiance en soi et favoriser communication, \u00e9quilibre et \u00e9nergie positive au quotidien.\" \/>\n<meta name=\"robots\" content=\"index, follow, max-snippet:-1, max-image-preview:large, max-video-preview:-1\" \/>\n<link rel=\"canonical\" href=\"https:\/\/aufildespierres.com\/index.php\/product\/pierre-de-turquoise\/\" \/>\n<meta property=\"og:locale\" content=\"fr_FR\" \/>\n<meta property=\"og:type\" content=\"article\" \/>\n<meta property=\"og:title\" content=\"Pierre de Turquoise - Au fil des pierres\" \/>\n<meta property=\"og:description\" content=\"Pierre de turquoise naturelle aux vertus protectrices, id\u00e9ale pour apaiser l\u2019esprit, renforcer la confiance en soi et favoriser communication, \u00e9quilibre et \u00e9nergie positive au quotidien.\" \/>\n<meta property=\"og:url\" content=\"https:\/\/aufildespierres.com\/index.php\/product\/pierre-de-turquoise\/\" \/>\n<meta property=\"og:site_name\" content=\"Au fil des pierres\" \/>\n<meta property=\"article:modified_time\" content=\"2026-03-26T21:07:36+00:00\" \/>\n<meta property=\"og:image\" content=\"https:\/\/aufildespierres.com\/wp-content\/uploads\/2024\/05\/20240512_160309-scaled.jpg\" \/>\n\t<meta property=\"og:image:width\" content=\"2560\" \/>\n\t<meta property=\"og:image:height\" content=\"2237\" \/>\n\t<meta property=\"og:image:type\" content=\"image\/jpeg\" \/>\n<meta name=\"twitter:card\" content=\"summary_large_image\" \/>\n<meta name=\"twitter:label1\" content=\"Dur\u00e9e de lecture estim\u00e9e\" \/>\n\t<meta name=\"twitter:data1\" content=\"2 minutes\" \/>\n<script type=\"application\/ld+json\" class=\"yoast-schema-graph\">{\"@context\":\"https:\\\/\\\/schema.org\",\"@graph\":[{\"@type\":\"WebPage\",\"@id\":\"https:\\\/\\\/aufildespierres.com\\\/index.php\\\/product\\\/pierre-de-turquoise\\\/\",\"url\":\"https:\\\/\\\/aufildespierres.com\\\/index.php\\\/product\\\/pierre-de-turquoise\\\/\",\"name\":\"Pierre de Turquoise - Au fil des pierres\",\"isPartOf\":{\"@id\":\"https:\\\/\\\/aufildespierres.com\\\/#website\"},\"primaryImageOfPage\":{\"@id\":\"https:\\\/\\\/aufildespierres.com\\\/index.php\\\/product\\\/pierre-de-turquoise\\\/#primaryimage\"},\"image\":{\"@id\":\"https:\\\/\\\/aufildespierres.com\\\/index.php\\\/product\\\/pierre-de-turquoise\\\/#primaryimage\"},\"thumbnailUrl\":\"https:\\\/\\\/aufildespierres.com\\\/wp-content\\\/uploads\\\/2024\\\/05\\\/20240512_160309-scaled.jpg\",\"datePublished\":\"2024-05-12T19:52:46+00:00\",\"dateModified\":\"2026-03-26T21:07:36+00:00\",\"description\":\"Pierre de turquoise naturelle aux vertus protectrices, id\u00e9ale pour apaiser l\u2019esprit, renforcer la confiance en soi et favoriser communication, \u00e9quilibre et \u00e9nergie positive au quotidien.\",\"breadcrumb\":{\"@id\":\"https:\\\/\\\/aufildespierres.com\\\/index.php\\\/product\\\/pierre-de-turquoise\\\/#breadcrumb\"},\"inLanguage\":\"fr-FR\",\"potentialAction\":[{\"@type\":\"ReadAction\",\"target\":[\"https:\\\/\\\/aufildespierres.com\\\/index.php\\\/product\\\/pierre-de-turquoise\\\/\"]}]},{\"@type\":\"ImageObject\",\"inLanguage\":\"fr-FR\",\"@id\":\"https:\\\/\\\/aufildespierres.com\\\/index.php\\\/product\\\/pierre-de-turquoise\\\/#primaryimage\",\"url\":\"https:\\\/\\\/aufildespierres.com\\\/wp-content\\\/uploads\\\/2024\\\/05\\\/20240512_160309-scaled.jpg\",\"contentUrl\":\"https:\\\/\\\/aufildespierres.com\\\/wp-content\\\/uploads\\\/2024\\\/05\\\/20240512_160309-scaled.jpg\",\"width\":2560,\"height\":2237},{\"@type\":\"BreadcrumbList\",\"@id\":\"https:\\\/\\\/aufildespierres.com\\\/index.php\\\/product\\\/pierre-de-turquoise\\\/#breadcrumb\",\"itemListElement\":[{\"@type\":\"ListItem\",\"position\":1,\"name\":\"Accueil\",\"item\":\"https:\\\/\\\/aufildespierres.com\\\/\"},{\"@type\":\"ListItem\",\"position\":2,\"name\":\"Boutique de Lithoth\u00e9rapie\",\"item\":\"https:\\\/\\\/aufildespierres.com\\\/index.php\\\/boutique-de-lithotherapie\\\/\"},{\"@type\":\"ListItem\",\"position\":3,\"name\":\"Pierre de Turquoise\"}]},{\"@type\":\"WebSite\",\"@id\":\"https:\\\/\\\/aufildespierres.com\\\/#website\",\"url\":\"https:\\\/\\\/aufildespierres.com\\\/\",\"name\":\"Au fil des pierres\",\"description\":\"Au fil des pierres\",\"publisher\":{\"@id\":\"https:\\\/\\\/aufildespierres.com\\\/#organization\"},\"potentialAction\":[{\"@type\":\"SearchAction\",\"target\":{\"@type\":\"EntryPoint\",\"urlTemplate\":\"https:\\\/\\\/aufildespierres.com\\\/?s={search_term_string}\"},\"query-input\":{\"@type\":\"PropertyValueSpecification\",\"valueRequired\":true,\"valueName\":\"search_term_string\"}}],\"inLanguage\":\"fr-FR\"},{\"@type\":\"Organization\",\"@id\":\"https:\\\/\\\/aufildespierres.com\\\/#organization\",\"name\":\"Au fil des pierres\",\"url\":\"https:\\\/\\\/aufildespierres.com\\\/\",\"logo\":{\"@type\":\"ImageObject\",\"inLanguage\":\"fr-FR\",\"@id\":\"https:\\\/\\\/aufildespierres.com\\\/#\\\/schema\\\/logo\\\/image\\\/\",\"url\":\"https:\\\/\\\/aufildespierres.com\\\/wp-content\\\/uploads\\\/2023\\\/05\\\/cropped-Logo-PNG-Transparent.png\",\"contentUrl\":\"https:\\\/\\\/aufildespierres.com\\\/wp-content\\\/uploads\\\/2023\\\/05\\\/cropped-Logo-PNG-Transparent.png\",\"width\":1776,\"height\":1625,\"caption\":\"Au fil des pierres\"},\"image\":{\"@id\":\"https:\\\/\\\/aufildespierres.com\\\/#\\\/schema\\\/logo\\\/image\\\/\"}}]}<\/script>\n<!-- \/ Yoast SEO plugin. -->","yoast_head_json":{"title":"Pierre de Turquoise - Au fil des pierres","description":"Pierre de turquoise naturelle aux vertus protectrices, id\u00e9ale pour apaiser l\u2019esprit, renforcer la confiance en soi et favoriser communication, \u00e9quilibre et \u00e9nergie positive au quotidien.","robots":{"index":"index","follow":"follow","max-snippet":"max-snippet:-1","max-image-preview":"max-image-preview:large","max-video-preview":"max-video-preview:-1"},"canonical":"https:\/\/aufildespierres.com\/index.php\/product\/pierre-de-turquoise\/","og_locale":"fr_FR","og_type":"article","og_title":"Pierre de Turquoise - Au fil des pierres","og_description":"Pierre de turquoise naturelle aux vertus protectrices, id\u00e9ale pour apaiser l\u2019esprit, renforcer la confiance en soi et favoriser communication, \u00e9quilibre et \u00e9nergie positive au quotidien.","og_url":"https:\/\/aufildespierres.com\/index.php\/product\/pierre-de-turquoise\/","og_site_name":"Au fil des pierres","article_modified_time":"2026-03-26T21:07:36+00:00","og_image":[{"width":2560,"height":2237,"url":"https:\/\/aufildespierres.com\/wp-content\/uploads\/2024\/05\/20240512_160309-scaled.jpg","type":"image\/jpeg"}],"twitter_card":"summary_large_image","twitter_misc":{"Dur\u00e9e de lecture estim\u00e9e":"2 minutes"},"schema":{"@context":"https:\/\/schema.org","@graph":[{"@type":"WebPage","@id":"https:\/\/aufildespierres.com\/index.php\/product\/pierre-de-turquoise\/","url":"https:\/\/aufildespierres.com\/index.php\/product\/pierre-de-turquoise\/","name":"Pierre de Turquoise - Au fil des pierres","isPartOf":{"@id":"https:\/\/aufildespierres.com\/#website"},"primaryImageOfPage":{"@id":"https:\/\/aufildespierres.com\/index.php\/product\/pierre-de-turquoise\/#primaryimage"},"image":{"@id":"https:\/\/aufildespierres.com\/index.php\/product\/pierre-de-turquoise\/#primaryimage"},"thumbnailUrl":"https:\/\/aufildespierres.com\/wp-content\/uploads\/2024\/05\/20240512_160309-scaled.jpg","datePublished":"2024-05-12T19:52:46+00:00","dateModified":"2026-03-26T21:07:36+00:00","description":"Pierre de turquoise naturelle aux vertus protectrices, id\u00e9ale pour apaiser l\u2019esprit, renforcer la confiance en soi et favoriser communication, \u00e9quilibre et \u00e9nergie positive au quotidien.","breadcrumb":{"@id":"https:\/\/aufildespierres.com\/index.php\/product\/pierre-de-turquoise\/#breadcrumb"},"inLanguage":"fr-FR","potentialAction":[{"@type":"ReadAction","target":["https:\/\/aufildespierres.com\/index.php\/product\/pierre-de-turquoise\/"]}]},{"@type":"ImageObject","inLanguage":"fr-FR","@id":"https:\/\/aufildespierres.com\/index.php\/product\/pierre-de-turquoise\/#primaryimage","url":"https:\/\/aufildespierres.com\/wp-content\/uploads\/2024\/05\/20240512_160309-scaled.jpg","contentUrl":"https:\/\/aufildespierres.com\/wp-content\/uploads\/2024\/05\/20240512_160309-scaled.jpg","width":2560,"height":2237},{"@type":"BreadcrumbList","@id":"https:\/\/aufildespierres.com\/index.php\/product\/pierre-de-turquoise\/#breadcrumb","itemListElement":[{"@type":"ListItem","position":1,"name":"Accueil","item":"https:\/\/aufildespierres.com\/"},{"@type":"ListItem","position":2,"name":"Boutique de Lithoth\u00e9rapie","item":"https:\/\/aufildespierres.com\/index.php\/boutique-de-lithotherapie\/"},{"@type":"ListItem","position":3,"name":"Pierre de Turquoise"}]},{"@type":"WebSite","@id":"https:\/\/aufildespierres.com\/#website","url":"https:\/\/aufildespierres.com\/","name":"Au fil des pierres","description":"Au fil des pierres","publisher":{"@id":"https:\/\/aufildespierres.com\/#organization"},"potentialAction":[{"@type":"SearchAction","target":{"@type":"EntryPoint","urlTemplate":"https:\/\/aufildespierres.com\/?s={search_term_string}"},"query-input":{"@type":"PropertyValueSpecification","valueRequired":true,"valueName":"search_term_string"}}],"inLanguage":"fr-FR"},{"@type":"Organization","@id":"https:\/\/aufildespierres.com\/#organization","name":"Au fil des pierres","url":"https:\/\/aufildespierres.com\/","logo":{"@type":"ImageObject","inLanguage":"fr-FR","@id":"https:\/\/aufildespierres.com\/#\/schema\/logo\/image\/","url":"https:\/\/aufildespierres.com\/wp-content\/uploads\/2023\/05\/cropped-Logo-PNG-Transparent.png","contentUrl":"https:\/\/aufildespierres.com\/wp-content\/uploads\/2023\/05\/cropped-Logo-PNG-Transparent.png","width":1776,"height":1625,"caption":"Au fil des pierres"},"image":{"@id":"https:\/\/aufildespierres.com\/#\/schema\/logo\/image\/"}}]}},"_links":{"self":[{"href":"https:\/\/aufildespierres.com\/index.php\/wp-json\/wp\/v2\/product\/2451","targetHints":{"allow":["GET"]}}],"collection":[{"href":"https:\/\/aufildespierres.com\/index.php\/wp-json\/wp\/v2\/product"}],"about":[{"href":"https:\/\/aufildespierres.com\/index.php\/wp-json\/wp\/v2\/types\/product"}],"replies":[{"embeddable":true,"href":"https:\/\/aufildespierres.com\/index.php\/wp-json\/wp\/v2\/comments?post=2451"}],"wp:featuredmedia":[{"embeddable":true,"href":"https:\/\/aufildespierres.com\/index.php\/wp-json\/wp\/v2\/media\/2453"}],"wp:attachment":[{"href":"https:\/\/aufildespierres.com\/index.php\/wp-json\/wp\/v2\/media?parent=2451"}],"wp:term":[{"taxonomy":"product_brand","embeddable":true,"href":"https:\/\/aufildespierres.com\/index.php\/wp-json\/wp\/v2\/product_brand?post=2451"},{"taxonomy":"product_cat","embeddable":true,"href":"https:\/\/aufildespierres.com\/index.php\/wp-json\/wp\/v2\/product_cat?post=2451"},{"taxonomy":"product_tag","embeddable":true,"href":"https:\/\/aufildespierres.com\/index.php\/wp-json\/wp\/v2\/product_tag?post=2451"}],"curies":[{"name":"wp","href":"https:\/\/api.w.org\/{rel}","templated":true}]}}