{"id":2476,"date":"2024-06-01T22:18:16","date_gmt":"2024-06-01T20:18:16","guid":{"rendered":"https:\/\/aufildespierres.com\/?post_type=product&#038;p=2476"},"modified":"2026-04-24T15:06:49","modified_gmt":"2026-04-24T13:06:49","slug":"galet-aragonite-bleue","status":"publish","type":"product","link":"https:\/\/aufildespierres.com\/index.php\/product\/galet-aragonite-bleue\/","title":{"rendered":"Galet Aragonite bleue"},"content":{"rendered":"<section class=\"text-token-text-primary w-full focus:outline-none [--shadow-height:45px] has-data-writing-block:pointer-events-none has-data-writing-block:-mt-(--shadow-height) has-data-writing-block:pt-(--shadow-height) [&amp;:has([data-writing-block])&gt;*]:pointer-events-auto [content-visibility:auto] supports-[content-visibility:auto]:[contain-intrinsic-size:auto_100lvh] R6Vx5W_threadScrollVars scroll-mb-[calc(var(--scroll-root-safe-area-inset-bottom,0px)+var(--thread-response-height))] scroll-mt-[calc(var(--header-height)+min(200px,max(70px,20svh)))]\" dir=\"auto\" data-turn-id=\"request-WEB:55e31d74-59aa-4b5e-8da2-fceab8ca51d8-12\" data-testid=\"conversation-turn-26\" data-scroll-anchor=\"false\" data-turn=\"assistant\">\n<div class=\"text-base my-auto mx-auto pb-10 [--thread-content-margin:var(--thread-content-margin-xs,calc(var(--spacing)*4))] @w-sm\/main:[--thread-content-margin:var(--thread-content-margin-sm,calc(var(--spacing)*6))] @w-lg\/main:[--thread-content-margin:var(--thread-content-margin-lg,calc(var(--spacing)*16))] px-(--thread-content-margin)\">\n<div class=\"[--thread-content-max-width:40rem] @w-lg\/main:[--thread-content-max-width:48rem] mx-auto max-w-(--thread-content-max-width) flex-1 group\/turn-messages focus-visible:outline-hidden relative flex w-full min-w-0 flex-col agent-turn\">\n<div class=\"flex max-w-full flex-col gap-4 grow\">\n<div class=\"min-h-8 text-message relative flex w-full flex-col items-end gap-2 text-start break-words whitespace-normal outline-none keyboard-focused:focus-ring [.text-message+&amp;]:mt-1\" dir=\"auto\" tabindex=\"0\" data-message-author-role=\"assistant\" data-message-id=\"20c16c4f-67f0-457b-af5f-d410618ad5c1\" data-message-model-slug=\"gpt-5-3\" data-turn-start-message=\"true\">\n<div class=\"flex w-full flex-col gap-1 empty:hidden\">\n<div class=\"markdown prose dark:prose-invert w-full wrap-break-word light markdown-new-styling\">\n<p data-start=\"88\" data-end=\"386\">Le Galet en Aragonite bleue se pr\u00e9sente ici sous forme drus\u00e9e, avec de fines failles naturelles qui accentuent son aspect min\u00e9ral authentique. Cette pi\u00e8ce de 51 grammes mesure environ 6 x 4,5 cm. Ainsi, elle se manipule facilement et s\u2019utilise aussi bien en m\u00e9ditation qu\u2019en d\u00e9coration \u00e9nerg\u00e9tique.<\/p>\n<p data-start=\"388\" data-end=\"718\">L\u2019aragonite bleue, parfois appel\u00e9e calcite des Cara\u00efbes, se distingue par sa teinte douce li\u00e9e \u00e0 la pr\u00e9sence de cuivre. Contrairement \u00e0 l\u2019aragonite brune, elle reste plus rare et recherch\u00e9e. Elle se forme dans des environnements s\u00e9dimentaires et diffuse une \u00e9nergie apaisante et \u00e9quilibrante .<\/p>\n<p data-start=\"720\" data-end=\"919\">Sur le plan \u00e9nerg\u00e9tique, cette pierre r\u00e9\u00e9quilibre les \u00e9nergies Yin et Yang. Elle purifie \u00e9galement les chakras sup\u00e9rieurs. Ainsi, elle favorise une circulation harmonieuse de l\u2019\u00e9nergie dans le corps.<\/p>\n<p data-start=\"921\" data-end=\"1190\">L\u2019aragonite bleue agit directement sur les \u00e9motions. Elle aide \u00e0 lib\u00e9rer les blessures du pass\u00e9 comme celles du pr\u00e9sent. De plus, elle stabilise les \u00e9tats \u00e9motionnels et \u00e9vite les d\u00e9bordements. Elle diminue le stress et l\u2019anxi\u00e9t\u00e9 tout en renfor\u00e7ant la confiance en soi.<\/p>\n<p data-start=\"1192\" data-end=\"1458\">Par ailleurs, cette pierre facilite l\u2019expression des \u00e9motions. Elle encourage \u00e0 communiquer avec douceur, compassion et justesse. Elle apaise la col\u00e8re et favorise des \u00e9changes plus sereins. Ainsi, elle d\u00e9veloppe la patience, la tol\u00e9rance et la souplesse int\u00e9rieure.<\/p>\n<p data-start=\"1460\" data-end=\"1650\">Elle accompagne \u00e9galement les personnes face \u00e0 leurs responsabilit\u00e9s. Elle aide \u00e0 relever les d\u00e9fis tout en pr\u00e9servant la sensibilit\u00e9 et\u00a0 soutient donc un \u00e9quilibre entre force et douceur.<\/p>\n<p data-start=\"1652\" data-end=\"1918\">Sur le plan physique, l\u2019aragonite bleue favorise l\u2019absorption du calcium et renforce les os. Elle stimule aussi le syst\u00e8me immunitaire et respiratoire. De plus, elle peut apaiser certaines douleurs, notamment au niveau du bas du dos li\u00e9es aux tensions \u00e9motionnelles.<\/p>\n<p data-start=\"1920\" data-end=\"2050\">Cette pierre aide aussi \u00e0 se reconnecter \u00e0 son enfant int\u00e9rieur. Elle apporte r\u00e9confort et apaisement dans les p\u00e9riodes sensibles.<\/p>\n<p data-start=\"2052\" data-end=\"2461\">Ce galet attire souvent les personnes en qu\u00eate d\u2019\u00e9quilibre \u00e9motionnel. Cette attirance peut r\u00e9v\u00e9ler un d\u00e9s\u00e9quilibre des chakras du c\u0153ur ou de la gorge. Cela se manifeste par une difficult\u00e9 \u00e0 g\u00e9rer ou exprimer ses \u00e9motions. En M\u00e9decine Traditionnelle Chinoise, cela correspond souvent \u00e0 un d\u00e9s\u00e9quilibre des \u00e9nergies Eau et Bois, li\u00e9 aux peurs et \u00e0 la gestion \u00e9motionnelle .<\/p>\n<p data-start=\"2463\" data-end=\"2625\" data-is-last-node=\"\" data-is-only-node=\"\">\n<\/div>\n<\/div>\n<\/div>\n<\/div>\n<div class=\"mt-3 w-full empty:hidden\">\n<div class=\"text-center\"><\/div>\n<\/div>\n<\/div>\n<\/div>\n<\/section>\n<div class=\"pointer-events-none -mt-px h-px translate-y-[calc(var(--scroll-root-safe-area-inset-bottom)-14*var(--spacing))]\" aria-hidden=\"true\"><\/div>\n","protected":false},"excerpt":{"rendered":"<p>Le Galet en Aragonite bleue se pr\u00e9sente ici sous forme drus\u00e9e, avec de fines failles naturelles qui accentuent son aspect min\u00e9ral authentique. Cette pi\u00e8ce de 51 grammes mesure environ 6 x 4,5 cm. Ainsi, elle se manipule facilement et s\u2019utilise aussi bien en m\u00e9ditation qu\u2019en d\u00e9coration \u00e9nerg\u00e9tique. L\u2019aragonite bleue, parfois appel\u00e9e calcite des Cara\u00efbes, se [&hellip;]<\/p>\n","protected":false},"featured_media":2477,"comment_status":"open","ping_status":"closed","template":"","meta":{"site-sidebar-layout":"default","site-content-layout":"","ast-site-content-layout":"default","site-content-style":"default","site-sidebar-style":"default","ast-global-header-display":"","ast-banner-title-visibility":"","ast-main-header-display":"","ast-hfb-above-header-display":"","ast-hfb-below-header-display":"","ast-hfb-mobile-header-display":"","site-post-title":"","ast-breadcrumbs-content":"","ast-featured-img":"","footer-sml-layout":"","ast-disable-related-posts":"","theme-transparent-header-meta":"default","adv-header-id-meta":"","stick-header-meta":"","header-above-stick-meta":"","header-main-stick-meta":"","header-below-stick-meta":"","astra-migrate-meta-layouts":"set","ast-page-background-enabled":"default","ast-page-background-meta":{"desktop":{"background-color":"var(--ast-global-color-4)","background-image":"","background-repeat":"repeat","background-position":"center center","background-size":"auto","background-attachment":"scroll","background-type":"","background-media":"","overlay-type":"","overlay-color":"","overlay-opacity":"","overlay-gradient":""},"tablet":{"background-color":"","background-image":"","background-repeat":"repeat","background-position":"center center","background-size":"auto","background-attachment":"scroll","background-type":"","background-media":"","overlay-type":"","overlay-color":"","overlay-opacity":"","overlay-gradient":""},"mobile":{"background-color":"","background-image":"","background-repeat":"repeat","background-position":"center center","background-size":"auto","background-attachment":"scroll","background-type":"","background-media":"","overlay-type":"","overlay-color":"","overlay-opacity":"","overlay-gradient":""}},"ast-content-background-meta":{"desktop":{"background-color":"var(--ast-global-color-5)","background-image":"","background-repeat":"repeat","background-position":"center center","background-size":"auto","background-attachment":"scroll","background-type":"","background-media":"","overlay-type":"","overlay-color":"","overlay-opacity":"","overlay-gradient":""},"tablet":{"background-color":"var(--ast-global-color-5)","background-image":"","background-repeat":"repeat","background-position":"center center","background-size":"auto","background-attachment":"scroll","background-type":"","background-media":"","overlay-type":"","overlay-color":"","overlay-opacity":"","overlay-gradient":""},"mobile":{"background-color":"var(--ast-global-color-5)","background-image":"","background-repeat":"repeat","background-position":"center center","background-size":"auto","background-attachment":"scroll","background-type":"","background-media":"","overlay-type":"","overlay-color":"","overlay-opacity":"","overlay-gradient":""}},"_glsr_average":0,"_glsr_ranking":0,"_glsr_reviews":0},"product_brand":[],"product_cat":[148,198,190],"product_tag":[],"class_list":{"0":"post-2476","1":"product","2":"type-product","3":"status-publish","4":"has-post-thumbnail","6":"product_cat-aragonite","7":"product_cat-galets","8":"product_cat-turquoise","9":"desktop-align-left","10":"tablet-align-left","11":"mobile-align-left","13":"first","14":"instock","15":"purchasable","16":"product-type-simple"},"yoast_head":"<!-- This site is optimized with the Yoast SEO plugin v27.5 - https:\/\/yoast.com\/product\/yoast-seo-wordpress\/ -->\n<title>Galet Aragonite bleue - Au fil des pierres<\/title>\n<meta name=\"description\" content=\"Galet Aragonite bleue 51g. Pierre d\u2019apaisement \u00e9motionnel, confiance et \u00e9quilibre. Id\u00e9ale pour s\u00e9r\u00e9nit\u00e9, expression et bien-\u00eatre int\u00e9rieur.\" \/>\n<meta name=\"robots\" content=\"index, follow, max-snippet:-1, max-image-preview:large, max-video-preview:-1\" \/>\n<link rel=\"canonical\" href=\"https:\/\/aufildespierres.com\/index.php\/product\/galet-aragonite-bleue\/\" \/>\n<meta property=\"og:locale\" content=\"fr_FR\" \/>\n<meta property=\"og:type\" content=\"article\" \/>\n<meta property=\"og:title\" content=\"Galet Aragonite bleue - Au fil des pierres\" \/>\n<meta property=\"og:description\" content=\"Galet Aragonite bleue 51g. Pierre d\u2019apaisement \u00e9motionnel, confiance et \u00e9quilibre. Id\u00e9ale pour s\u00e9r\u00e9nit\u00e9, expression et bien-\u00eatre int\u00e9rieur.\" \/>\n<meta property=\"og:url\" content=\"https:\/\/aufildespierres.com\/index.php\/product\/galet-aragonite-bleue\/\" \/>\n<meta property=\"og:site_name\" content=\"Au fil des pierres\" \/>\n<meta property=\"article:modified_time\" content=\"2026-04-24T13:06:49+00:00\" \/>\n<meta property=\"og:image\" content=\"https:\/\/aufildespierres.com\/wp-content\/uploads\/2024\/06\/20240601_160245-scaled.jpg\" \/>\n\t<meta property=\"og:image:width\" content=\"2560\" \/>\n\t<meta property=\"og:image:height\" content=\"2318\" \/>\n\t<meta property=\"og:image:type\" content=\"image\/jpeg\" \/>\n<meta name=\"twitter:card\" content=\"summary_large_image\" \/>\n<meta name=\"twitter:label1\" content=\"Dur\u00e9e de lecture estim\u00e9e\" \/>\n\t<meta name=\"twitter:data1\" content=\"3 minutes\" \/>\n<script type=\"application\/ld+json\" class=\"yoast-schema-graph\">{\"@context\":\"https:\\\/\\\/schema.org\",\"@graph\":[{\"@type\":\"WebPage\",\"@id\":\"https:\\\/\\\/aufildespierres.com\\\/index.php\\\/product\\\/galet-aragonite-bleue\\\/\",\"url\":\"https:\\\/\\\/aufildespierres.com\\\/index.php\\\/product\\\/galet-aragonite-bleue\\\/\",\"name\":\"Galet Aragonite bleue - Au fil des pierres\",\"isPartOf\":{\"@id\":\"https:\\\/\\\/aufildespierres.com\\\/#website\"},\"primaryImageOfPage\":{\"@id\":\"https:\\\/\\\/aufildespierres.com\\\/index.php\\\/product\\\/galet-aragonite-bleue\\\/#primaryimage\"},\"image\":{\"@id\":\"https:\\\/\\\/aufildespierres.com\\\/index.php\\\/product\\\/galet-aragonite-bleue\\\/#primaryimage\"},\"thumbnailUrl\":\"https:\\\/\\\/aufildespierres.com\\\/wp-content\\\/uploads\\\/2024\\\/06\\\/20240601_160245-scaled.jpg\",\"datePublished\":\"2024-06-01T20:18:16+00:00\",\"dateModified\":\"2026-04-24T13:06:49+00:00\",\"description\":\"Galet Aragonite bleue 51g. Pierre d\u2019apaisement \u00e9motionnel, confiance et \u00e9quilibre. Id\u00e9ale pour s\u00e9r\u00e9nit\u00e9, expression et bien-\u00eatre int\u00e9rieur.\",\"breadcrumb\":{\"@id\":\"https:\\\/\\\/aufildespierres.com\\\/index.php\\\/product\\\/galet-aragonite-bleue\\\/#breadcrumb\"},\"inLanguage\":\"fr-FR\",\"potentialAction\":[{\"@type\":\"ReadAction\",\"target\":[\"https:\\\/\\\/aufildespierres.com\\\/index.php\\\/product\\\/galet-aragonite-bleue\\\/\"]}]},{\"@type\":\"ImageObject\",\"inLanguage\":\"fr-FR\",\"@id\":\"https:\\\/\\\/aufildespierres.com\\\/index.php\\\/product\\\/galet-aragonite-bleue\\\/#primaryimage\",\"url\":\"https:\\\/\\\/aufildespierres.com\\\/wp-content\\\/uploads\\\/2024\\\/06\\\/20240601_160245-scaled.jpg\",\"contentUrl\":\"https:\\\/\\\/aufildespierres.com\\\/wp-content\\\/uploads\\\/2024\\\/06\\\/20240601_160245-scaled.jpg\",\"width\":2560,\"height\":2318},{\"@type\":\"BreadcrumbList\",\"@id\":\"https:\\\/\\\/aufildespierres.com\\\/index.php\\\/product\\\/galet-aragonite-bleue\\\/#breadcrumb\",\"itemListElement\":[{\"@type\":\"ListItem\",\"position\":1,\"name\":\"Accueil\",\"item\":\"https:\\\/\\\/aufildespierres.com\\\/\"},{\"@type\":\"ListItem\",\"position\":2,\"name\":\"Boutique de Lithoth\u00e9rapie\",\"item\":\"https:\\\/\\\/aufildespierres.com\\\/index.php\\\/boutique-de-lithotherapie\\\/\"},{\"@type\":\"ListItem\",\"position\":3,\"name\":\"Galet Aragonite bleue\"}]},{\"@type\":\"WebSite\",\"@id\":\"https:\\\/\\\/aufildespierres.com\\\/#website\",\"url\":\"https:\\\/\\\/aufildespierres.com\\\/\",\"name\":\"Au fil des pierres\",\"description\":\"Au fil des pierres\",\"publisher\":{\"@id\":\"https:\\\/\\\/aufildespierres.com\\\/#organization\"},\"potentialAction\":[{\"@type\":\"SearchAction\",\"target\":{\"@type\":\"EntryPoint\",\"urlTemplate\":\"https:\\\/\\\/aufildespierres.com\\\/?s={search_term_string}\"},\"query-input\":{\"@type\":\"PropertyValueSpecification\",\"valueRequired\":true,\"valueName\":\"search_term_string\"}}],\"inLanguage\":\"fr-FR\"},{\"@type\":\"Organization\",\"@id\":\"https:\\\/\\\/aufildespierres.com\\\/#organization\",\"name\":\"Au fil des pierres\",\"url\":\"https:\\\/\\\/aufildespierres.com\\\/\",\"logo\":{\"@type\":\"ImageObject\",\"inLanguage\":\"fr-FR\",\"@id\":\"https:\\\/\\\/aufildespierres.com\\\/#\\\/schema\\\/logo\\\/image\\\/\",\"url\":\"https:\\\/\\\/aufildespierres.com\\\/wp-content\\\/uploads\\\/2023\\\/05\\\/cropped-Logo-PNG-Transparent.png\",\"contentUrl\":\"https:\\\/\\\/aufildespierres.com\\\/wp-content\\\/uploads\\\/2023\\\/05\\\/cropped-Logo-PNG-Transparent.png\",\"width\":1776,\"height\":1625,\"caption\":\"Au fil des pierres\"},\"image\":{\"@id\":\"https:\\\/\\\/aufildespierres.com\\\/#\\\/schema\\\/logo\\\/image\\\/\"}}]}<\/script>\n<!-- \/ Yoast SEO plugin. -->","yoast_head_json":{"title":"Galet Aragonite bleue - Au fil des pierres","description":"Galet Aragonite bleue 51g. Pierre d\u2019apaisement \u00e9motionnel, confiance et \u00e9quilibre. Id\u00e9ale pour s\u00e9r\u00e9nit\u00e9, expression et bien-\u00eatre int\u00e9rieur.","robots":{"index":"index","follow":"follow","max-snippet":"max-snippet:-1","max-image-preview":"max-image-preview:large","max-video-preview":"max-video-preview:-1"},"canonical":"https:\/\/aufildespierres.com\/index.php\/product\/galet-aragonite-bleue\/","og_locale":"fr_FR","og_type":"article","og_title":"Galet Aragonite bleue - Au fil des pierres","og_description":"Galet Aragonite bleue 51g. Pierre d\u2019apaisement \u00e9motionnel, confiance et \u00e9quilibre. Id\u00e9ale pour s\u00e9r\u00e9nit\u00e9, expression et bien-\u00eatre int\u00e9rieur.","og_url":"https:\/\/aufildespierres.com\/index.php\/product\/galet-aragonite-bleue\/","og_site_name":"Au fil des pierres","article_modified_time":"2026-04-24T13:06:49+00:00","og_image":[{"width":2560,"height":2318,"url":"https:\/\/aufildespierres.com\/wp-content\/uploads\/2024\/06\/20240601_160245-scaled.jpg","type":"image\/jpeg"}],"twitter_card":"summary_large_image","twitter_misc":{"Dur\u00e9e de lecture estim\u00e9e":"3 minutes"},"schema":{"@context":"https:\/\/schema.org","@graph":[{"@type":"WebPage","@id":"https:\/\/aufildespierres.com\/index.php\/product\/galet-aragonite-bleue\/","url":"https:\/\/aufildespierres.com\/index.php\/product\/galet-aragonite-bleue\/","name":"Galet Aragonite bleue - Au fil des pierres","isPartOf":{"@id":"https:\/\/aufildespierres.com\/#website"},"primaryImageOfPage":{"@id":"https:\/\/aufildespierres.com\/index.php\/product\/galet-aragonite-bleue\/#primaryimage"},"image":{"@id":"https:\/\/aufildespierres.com\/index.php\/product\/galet-aragonite-bleue\/#primaryimage"},"thumbnailUrl":"https:\/\/aufildespierres.com\/wp-content\/uploads\/2024\/06\/20240601_160245-scaled.jpg","datePublished":"2024-06-01T20:18:16+00:00","dateModified":"2026-04-24T13:06:49+00:00","description":"Galet Aragonite bleue 51g. Pierre d\u2019apaisement \u00e9motionnel, confiance et \u00e9quilibre. Id\u00e9ale pour s\u00e9r\u00e9nit\u00e9, expression et bien-\u00eatre int\u00e9rieur.","breadcrumb":{"@id":"https:\/\/aufildespierres.com\/index.php\/product\/galet-aragonite-bleue\/#breadcrumb"},"inLanguage":"fr-FR","potentialAction":[{"@type":"ReadAction","target":["https:\/\/aufildespierres.com\/index.php\/product\/galet-aragonite-bleue\/"]}]},{"@type":"ImageObject","inLanguage":"fr-FR","@id":"https:\/\/aufildespierres.com\/index.php\/product\/galet-aragonite-bleue\/#primaryimage","url":"https:\/\/aufildespierres.com\/wp-content\/uploads\/2024\/06\/20240601_160245-scaled.jpg","contentUrl":"https:\/\/aufildespierres.com\/wp-content\/uploads\/2024\/06\/20240601_160245-scaled.jpg","width":2560,"height":2318},{"@type":"BreadcrumbList","@id":"https:\/\/aufildespierres.com\/index.php\/product\/galet-aragonite-bleue\/#breadcrumb","itemListElement":[{"@type":"ListItem","position":1,"name":"Accueil","item":"https:\/\/aufildespierres.com\/"},{"@type":"ListItem","position":2,"name":"Boutique de Lithoth\u00e9rapie","item":"https:\/\/aufildespierres.com\/index.php\/boutique-de-lithotherapie\/"},{"@type":"ListItem","position":3,"name":"Galet Aragonite bleue"}]},{"@type":"WebSite","@id":"https:\/\/aufildespierres.com\/#website","url":"https:\/\/aufildespierres.com\/","name":"Au fil des pierres","description":"Au fil des pierres","publisher":{"@id":"https:\/\/aufildespierres.com\/#organization"},"potentialAction":[{"@type":"SearchAction","target":{"@type":"EntryPoint","urlTemplate":"https:\/\/aufildespierres.com\/?s={search_term_string}"},"query-input":{"@type":"PropertyValueSpecification","valueRequired":true,"valueName":"search_term_string"}}],"inLanguage":"fr-FR"},{"@type":"Organization","@id":"https:\/\/aufildespierres.com\/#organization","name":"Au fil des pierres","url":"https:\/\/aufildespierres.com\/","logo":{"@type":"ImageObject","inLanguage":"fr-FR","@id":"https:\/\/aufildespierres.com\/#\/schema\/logo\/image\/","url":"https:\/\/aufildespierres.com\/wp-content\/uploads\/2023\/05\/cropped-Logo-PNG-Transparent.png","contentUrl":"https:\/\/aufildespierres.com\/wp-content\/uploads\/2023\/05\/cropped-Logo-PNG-Transparent.png","width":1776,"height":1625,"caption":"Au fil des pierres"},"image":{"@id":"https:\/\/aufildespierres.com\/#\/schema\/logo\/image\/"}}]}},"_links":{"self":[{"href":"https:\/\/aufildespierres.com\/index.php\/wp-json\/wp\/v2\/product\/2476","targetHints":{"allow":["GET"]}}],"collection":[{"href":"https:\/\/aufildespierres.com\/index.php\/wp-json\/wp\/v2\/product"}],"about":[{"href":"https:\/\/aufildespierres.com\/index.php\/wp-json\/wp\/v2\/types\/product"}],"replies":[{"embeddable":true,"href":"https:\/\/aufildespierres.com\/index.php\/wp-json\/wp\/v2\/comments?post=2476"}],"wp:featuredmedia":[{"embeddable":true,"href":"https:\/\/aufildespierres.com\/index.php\/wp-json\/wp\/v2\/media\/2477"}],"wp:attachment":[{"href":"https:\/\/aufildespierres.com\/index.php\/wp-json\/wp\/v2\/media?parent=2476"}],"wp:term":[{"taxonomy":"product_brand","embeddable":true,"href":"https:\/\/aufildespierres.com\/index.php\/wp-json\/wp\/v2\/product_brand?post=2476"},{"taxonomy":"product_cat","embeddable":true,"href":"https:\/\/aufildespierres.com\/index.php\/wp-json\/wp\/v2\/product_cat?post=2476"},{"taxonomy":"product_tag","embeddable":true,"href":"https:\/\/aufildespierres.com\/index.php\/wp-json\/wp\/v2\/product_tag?post=2476"}],"curies":[{"name":"wp","href":"https:\/\/api.w.org\/{rel}","templated":true}]}}