{"id":2494,"date":"2024-06-06T19:05:22","date_gmt":"2024-06-06T17:05:22","guid":{"rendered":"https:\/\/aufildespierres.com\/?post_type=product&#038;p=2494"},"modified":"2026-04-24T22:46:42","modified_gmt":"2026-04-24T20:46:42","slug":"bracelet-lapis-lazuli-et-scorzalite","status":"publish","type":"product","link":"https:\/\/aufildespierres.com\/index.php\/product\/bracelet-lapis-lazuli-et-scorzalite\/","title":{"rendered":"Bracelet Lapis lazuli et Scorzalite"},"content":{"rendered":"<div class=\"flex h-svh w-screen flex-col\">\n<div class=\"relative z-0 flex min-h-0 w-full flex-1\">\n<div class=\"relative flex min-h-0 w-full flex-1\">\n<div class=\"@container\/main relative flex min-w-0 flex-1 flex-col -translate-y-[calc(env(safe-area-inset-bottom,0px)\/2)] pt-[calc(env(safe-area-inset-bottom,0px)\/2)]\">\n<div class=\"@w-sm\/main:[scrollbar-gutter:var(--stage-scroll-gutter)] touch:[scrollbar-width:none] group\/scroll-root relative flex min-h-0 min-w-0 flex-1 flex-col [scrollbar-gutter:stable] not-print:overflow-x-clip not-print:overflow-y-auto group-data-stream-active\/scroll-root:[overflow-anchor:none] scroll-pt-(--header-height) [--sticky-padding-top:var(--header-height)] [--sticky-padding-bottom:0px] [--scroll-root-safe-area-inset-top:calc(var(--sticky-padding-top)+env(safe-area-inset-top,0px))] [--scroll-root-safe-area-inset-bottom:calc(var(--sticky-padding-bottom)+var(--screen-keyboard-height,0px)+env(safe-area-inset-bottom,0px))] [--scroll-root-safe-area-height:calc(100lvh-var(--scroll-root-safe-area-inset-top)-var(--scroll-root-safe-area-inset-bottom))] has-data-[fixed-header=less-than-xl]:@w-xl\/main:scroll-pt-0 has-data-[fixed-header=less-than-xl]:@w-xl\/main:[--sticky-padding-top:0px] has-data-[fixed-header=less-than-xxl]:@w-2xl\/main:scroll-pt-0 has-data-[fixed-header=less-than-xxl]:@w-2xl\/main:[--sticky-padding-top:0px]\" data-scroll-root=\"\" data-scroll-from-top=\"\">\n<p>&nbsp;<\/p>\n<div id=\"thread\" class=\"group\/thread flex flex-col min-h-full\">\n<div class=\"composer-parent flex flex-1 flex-col focus-visible:outline-0\" role=\"presentation\">\n<div class=\"relative basis-auto flex-col -mb-(--composer-overlap-px) pb-(--composer-overlap-px) [--composer-overlap-px:28px] grow flex\">\n<div class=\"flex flex-col text-sm\">\n<section class=\"text-token-text-primary w-full focus:outline-none [--shadow-height:45px] has-data-writing-block:pointer-events-none has-data-writing-block:-mt-(--shadow-height) has-data-writing-block:pt-(--shadow-height) [&amp;:has([data-writing-block])&gt;*]:pointer-events-auto R6Vx5W_threadScrollVars scroll-mb-[calc(var(--scroll-root-safe-area-inset-bottom,0px)+var(--thread-response-height))] scroll-mt-(--header-height)\" dir=\"auto\" data-turn-id=\"d59a2902-7301-42c6-8a0c-8876b32dff74\" data-testid=\"conversation-turn-13\" data-scroll-anchor=\"false\" data-turn=\"user\"><\/section>\n<section class=\"text-token-text-primary w-full focus:outline-none [--shadow-height:45px] has-data-writing-block:pointer-events-none has-data-writing-block:-mt-(--shadow-height) has-data-writing-block:pt-(--shadow-height) [&amp;:has([data-writing-block])&gt;*]:pointer-events-auto [content-visibility:auto] supports-[content-visibility:auto]:[contain-intrinsic-size:auto_100lvh] R6Vx5W_threadScrollVars scroll-mb-[calc(var(--scroll-root-safe-area-inset-bottom,0px)+var(--thread-response-height))] scroll-mt-[calc(var(--header-height)+min(200px,max(70px,20svh)))]\" dir=\"auto\" data-turn-id=\"request-WEB:34ebac74-8386-4f11-a1e3-bf73b54ba920-6\" data-testid=\"conversation-turn-14\" data-scroll-anchor=\"false\" data-turn=\"assistant\">\n<div class=\"text-base my-auto mx-auto pb-10 [--thread-content-margin:var(--thread-content-margin-xs,calc(var(--spacing)*4))] @w-sm\/main:[--thread-content-margin:var(--thread-content-margin-sm,calc(var(--spacing)*6))] @w-lg\/main:[--thread-content-margin:var(--thread-content-margin-lg,calc(var(--spacing)*16))] px-(--thread-content-margin)\">\n<div class=\"[--thread-content-max-width:40rem] @w-lg\/main:[--thread-content-max-width:48rem] mx-auto max-w-(--thread-content-max-width) flex-1 group\/turn-messages focus-visible:outline-hidden relative flex w-full min-w-0 flex-col agent-turn\">\n<div class=\"flex max-w-full flex-col gap-4 grow\">\n<div class=\"min-h-8 text-message relative flex w-full flex-col items-end gap-2 text-start break-words whitespace-normal outline-none keyboard-focused:focus-ring [.text-message+&amp;]:mt-1\" dir=\"auto\" tabindex=\"0\" data-message-author-role=\"assistant\" data-message-id=\"776fb1fd-4d6c-452c-bf2b-878b68c4706a\" data-message-model-slug=\"gpt-5-3\" data-turn-start-message=\"true\">\n<div class=\"flex w-full flex-col gap-1 empty:hidden\">\n<div class=\"markdown prose dark:prose-invert w-full wrap-break-word light markdown-new-styling\">\n<p data-start=\"0\" data-end=\"350\">Le <strong data-start=\"3\" data-end=\"60\">bracelet Lapis Lazuli et Scorzalite en perles de 8 mm<\/strong> est une cr\u00e9ation rare et recherch\u00e9e. La pr\u00e9sence de <strong data-start=\"113\" data-end=\"137\">Scorzalite en perles<\/strong> est particuli\u00e8rement exceptionnelle, car ce min\u00e9ral se trouve tr\u00e8s rarement sous cette forme en bijouterie. Cette association unique renforce la dimension spirituelle du bracelet et en fait une pi\u00e8ce d\u2019exception. Ce bracelet convient pour un poignet de 17 \u00e018 cm.<\/p>\n<h3 data-section-id=\"1mo5g31\" data-start=\"352\" data-end=\"378\">Origine et formation<\/h3>\n<p data-start=\"379\" data-end=\"642\">Le Lapis Lazuli est une roche m\u00e9tamorphique compos\u00e9e principalement de lazurite, associ\u00e9e \u00e0 la calcite et \u00e0 la pyrite. Il se forme dans des contextes g\u00e9ologiques riches en pression et en transformation, ce qui lui conf\u00e8re une \u00e9nergie d\u2019\u00e9l\u00e9vation et de conscience.<\/p>\n<p data-start=\"644\" data-end=\"947\">La Scorzalite, proche de la lazulite, est un phosphate riche en fer. Elle cristallise dans des roches m\u00e9tamorphiques et d\u00e9veloppe des teintes bleu profond \u00e0 bleu-gris. Sa raret\u00e9 en perles s\u2019explique par la difficult\u00e9 d\u2019extraction et de fa\u00e7onnage, ce qui en fait une pierre tr\u00e8s peu r\u00e9pandue en bracelet.<\/p>\n<h3 data-section-id=\"drm9te\" data-start=\"949\" data-end=\"978\">Vertus en lithoth\u00e9rapie<\/h3>\n<p data-start=\"979\" data-end=\"1286\">Ce bracelet agit principalement sur le chakra du troisi\u00e8me \u0153il. Il favorise l\u2019intuition, la clairvoyance et la connexion \u00e0 soi. Le Lapis Lazuli lib\u00e8re les \u00e9motions refoul\u00e9es et aide \u00e0 comprendre les blocages profonds. Il stimule \u00e9galement l\u2019imagination, la cr\u00e9ativit\u00e9 et facilite l\u2019expression des ressentis.<\/p>\n<p data-start=\"1288\" data-end=\"1567\">La Scorzalite renforce cette dynamique en d\u00e9veloppant l\u2019\u00e9coute int\u00e9rieure et la prise de d\u00e9cision align\u00e9e. Elle accompagne une connexion plus profonde \u00e0 son \u00e2me et r\u00e9v\u00e8le des potentiels encore inexprim\u00e9s. Ensemble, ces pierres stabilisent le mental tout en \u00e9levant la conscience.<\/p>\n<p data-start=\"1569\" data-end=\"1742\">Ce duo agit aussi comme un soutien face au stress, \u00e0 l\u2019anxi\u00e9t\u00e9 et aux \u00e9tats nerveux. Il favorise un apaisement global et aide \u00e0 retrouver une stabilit\u00e9 \u00e9motionnelle durable.<\/p>\n<p data-start=\"1744\" data-end=\"1958\">Sur le plan physique, le Lapis Lazuli est reconnu pour son action sur les maux de t\u00eate, les troubles du sommeil et les tensions nerveuses. Il soutient \u00e9galement le syst\u00e8me respiratoire, immunitaire et circulatoire.<\/p>\n<h3 data-section-id=\"130uubt\" data-start=\"1960\" data-end=\"2002\">Ressenti et attirance pour la pierre<\/h3>\n<p data-start=\"2003\" data-end=\"2292\">Une attirance pour ce bracelet r\u00e9v\u00e8le souvent un besoin de compr\u00e9hension int\u00e9rieure et de clart\u00e9 mentale. Elle indique une p\u00e9riode de questionnement, de confusion ou de recherche de sens. Vous pouvez ressentir un appel \u00e0 d\u00e9velopper votre intuition ou \u00e0 mieux \u00e9couter votre voix int\u00e9rieure.<\/p>\n<p data-start=\"2294\" data-end=\"2545\">Ce choix met en lumi\u00e8re un d\u00e9s\u00e9quilibre \u00e9nerg\u00e9tique au niveau du troisi\u00e8me \u0153il, souvent li\u00e9 \u00e0 une surcharge mentale, des doutes ou une difficult\u00e9 \u00e0 prendre des d\u00e9cisions. Il peut \u00e9galement refl\u00e9ter des \u00e9motions refoul\u00e9es qui demandent \u00e0 \u00eatre lib\u00e9r\u00e9es.<\/p>\n<p data-start=\"2547\" data-end=\"2808\">Dans la lecture \u00e9nerg\u00e9tique, cela correspond fr\u00e9quemment \u00e0 une stagnation entre le mental et l\u2019\u00e9motionnel. Le travail avec ces pierres permet alors de r\u00e9tablir une circulation fluide de l\u2019\u00e9nergie et d\u2019acc\u00e9der \u00e0 une vision plus juste et apais\u00e9e de votre r\u00e9alit\u00e9.<\/p>\n<h3 data-section-id=\"ixhoiq\" data-start=\"2810\" data-end=\"2844\">Utilisation en lithoth\u00e9rapie<\/h3>\n<p data-start=\"2845\" data-end=\"3135\">Portez ce bracelet au quotidien pour soutenir votre \u00e9quilibre int\u00e9rieur et votre d\u00e9veloppement intuitif. Prenez des moments de calme pour vous recentrer et observer vos ressentis. Une utilisation r\u00e9guli\u00e8re favorise une \u00e9volution progressive vers plus de clart\u00e9, d\u2019alignement et de s\u00e9r\u00e9nit\u00e9.<\/p>\n<h3 data-section-id=\"16ltan1\" data-start=\"3137\" data-end=\"3159\"><\/h3>\n<\/div>\n<\/div>\n<\/div>\n<\/div>\n<div class=\"z-0 flex min-h-[46px] justify-start\"><\/div>\n<div class=\"mt-3 w-full empty:hidden\">\n<div class=\"text-center\"><\/div>\n<\/div>\n<\/div>\n<\/div>\n<\/section>\n<div class=\"pointer-events-none -mt-px h-px translate-y-[calc(var(--scroll-root-safe-area-inset-bottom)-14*var(--spacing))]\" aria-hidden=\"true\"><\/div>\n<div class=\"pointer-events-none translate-y-(--scroll-root-safe-area-inset-bottom) R6Vx5W_threadScrollVars min-h-(--gutter-remaining-height,0px) group-data-stream-active\/scroll-root:h-[calc(var(--thread-response-height)-16*var(--spacing))]\"><\/div>\n<\/div>\n<\/div>\n<div id=\"thread-bottom-container\" class=\"sticky bottom-0 z-10 group\/thread-bottom-container relative isolate w-full basis-auto has-data-has-thread-error:pt-2 has-data-has-thread-error:[box-shadow:var(--sharp-edge-bottom-shadow)] md:border-transparent md:pt-0 dark:border-white\/20 md:dark:border-transparent print:hidden content-fade single-line flex flex-col\">\n<div class=\"relative mx-auto h-0\">\n<div class=\"flex h-0 items-end justify-center motion-safe:transition-all motion-safe:delay-300 motion-safe:duration-300 group-[:not([data-scroll-from-end])]\/scroll-root:scale-50 group-[:not([data-scroll-from-end])]\/scroll-root:translate-y-2 group-[:not([data-scroll-from-end])]\/scroll-root:opacity-0 group-[:not([data-scroll-from-end])]\/scroll-root:pointer-events-none group-[:not([data-scroll-from-end])]\/scroll-root:duration-100 group-[:not([data-scroll-from-end])]\/scroll-root:delay-0 absolute start-1\/2 z-10 -translate-x-1\/2 bottom-[calc(100%+6*var(--spacing)+var(--thread-scroll-to-bottom-banner-offset,0px))]\"><\/div>\n<\/div>\n<div id=\"thread-bottom\">\n<div class=\"text-base mx-auto [--thread-content-margin:var(--thread-content-margin-xs,calc(var(--spacing)*4))] @w-sm\/main:[--thread-content-margin:var(--thread-content-margin-sm,calc(var(--spacing)*6))] @w-lg\/main:[--thread-content-margin:var(--thread-content-margin-lg,calc(var(--spacing)*16))] px-(--thread-content-margin)\">\n<div class=\"[--thread-content-max-width:40rem] @w-lg\/main:[--thread-content-max-width:48rem] mx-auto max-w-(--thread-content-max-width) flex-1 mb-[var(--thread-component-gap,1rem)]\">\n<div class=\"flex justify-center empty:hidden\"><\/div>\n<\/div>\n<\/div>\n<\/div>\n<\/div>\n<\/div>\n<\/div>\n<p>&nbsp;<\/p>\n<\/div>\n<\/div>\n<\/div>\n<\/div>\n<\/div>\n","protected":false},"excerpt":{"rendered":"<p>&nbsp; Le bracelet Lapis Lazuli et Scorzalite en perles de 8 mm est une cr\u00e9ation rare et recherch\u00e9e. La pr\u00e9sence de Scorzalite en perles est particuli\u00e8rement exceptionnelle, car ce min\u00e9ral se trouve tr\u00e8s rarement sous cette forme en bijouterie. Cette association unique renforce la dimension spirituelle du bracelet et en fait une pi\u00e8ce d\u2019exception. Ce [&hellip;]<\/p>\n","protected":false},"featured_media":2495,"comment_status":"open","ping_status":"closed","template":"","meta":{"site-sidebar-layout":"default","site-content-layout":"","ast-site-content-layout":"default","site-content-style":"default","site-sidebar-style":"default","ast-global-header-display":"","ast-banner-title-visibility":"","ast-main-header-display":"","ast-hfb-above-header-display":"","ast-hfb-below-header-display":"","ast-hfb-mobile-header-display":"","site-post-title":"","ast-breadcrumbs-content":"","ast-featured-img":"","footer-sml-layout":"","ast-disable-related-posts":"","theme-transparent-header-meta":"default","adv-header-id-meta":"","stick-header-meta":"","header-above-stick-meta":"","header-main-stick-meta":"","header-below-stick-meta":"","astra-migrate-meta-layouts":"set","ast-page-background-enabled":"default","ast-page-background-meta":{"desktop":{"background-color":"var(--ast-global-color-4)","background-image":"","background-repeat":"repeat","background-position":"center center","background-size":"auto","background-attachment":"scroll","background-type":"","background-media":"","overlay-type":"","overlay-color":"","overlay-opacity":"","overlay-gradient":""},"tablet":{"background-color":"","background-image":"","background-repeat":"repeat","background-position":"center center","background-size":"auto","background-attachment":"scroll","background-type":"","background-media":"","overlay-type":"","overlay-color":"","overlay-opacity":"","overlay-gradient":""},"mobile":{"background-color":"","background-image":"","background-repeat":"repeat","background-position":"center center","background-size":"auto","background-attachment":"scroll","background-type":"","background-media":"","overlay-type":"","overlay-color":"","overlay-opacity":"","overlay-gradient":""}},"ast-content-background-meta":{"desktop":{"background-color":"var(--ast-global-color-5)","background-image":"","background-repeat":"repeat","background-position":"center center","background-size":"auto","background-attachment":"scroll","background-type":"","background-media":"","overlay-type":"","overlay-color":"","overlay-opacity":"","overlay-gradient":""},"tablet":{"background-color":"var(--ast-global-color-5)","background-image":"","background-repeat":"repeat","background-position":"center center","background-size":"auto","background-attachment":"scroll","background-type":"","background-media":"","overlay-type":"","overlay-color":"","overlay-opacity":"","overlay-gradient":""},"mobile":{"background-color":"var(--ast-global-color-5)","background-image":"","background-repeat":"repeat","background-position":"center center","background-size":"auto","background-attachment":"scroll","background-type":"","background-media":"","overlay-type":"","overlay-color":"","overlay-opacity":"","overlay-gradient":""}},"_glsr_average":0,"_glsr_ranking":0,"_glsr_reviews":0},"product_brand":[],"product_cat":[54,72,56,290,81,92,253],"product_tag":[],"class_list":{"0":"post-2494","1":"product","2":"type-product","3":"status-publish","4":"has-post-thumbnail","6":"product_cat-8-mm","7":"product_cat-bleu","8":"product_cat-bracelets-de-lithotherapie","9":"product_cat-bracelets-de-lithotherapie-femmes","10":"product_cat-connexion-spirituelle","11":"product_cat-lapis-lazuli","12":"product_cat-scorzalite","13":"desktop-align-left","14":"tablet-align-left","15":"mobile-align-left","17":"first","18":"instock","19":"purchasable","20":"product-type-simple"},"yoast_head":"<!-- This site is optimized with the Yoast SEO plugin v27.5 - https:\/\/yoast.com\/product\/yoast-seo-wordpress\/ -->\n<title>Bracelet Lapis lazuli et Scorzalite - Au fil des pierres<\/title>\n<meta name=\"description\" content=\"Bracelet Lapis Lazuli et Scorzalite 8 mm, pierre rare en perles : d\u00e9veloppe intuition, lib\u00e8re \u00e9motions, apaise le mental et favorise clart\u00e9, alignement int\u00e9rieur et connexion spirituelle.\" \/>\n<meta name=\"robots\" content=\"index, follow, max-snippet:-1, max-image-preview:large, max-video-preview:-1\" \/>\n<link rel=\"canonical\" href=\"https:\/\/aufildespierres.com\/index.php\/product\/bracelet-lapis-lazuli-et-scorzalite\/\" \/>\n<meta property=\"og:locale\" content=\"fr_FR\" \/>\n<meta property=\"og:type\" content=\"article\" \/>\n<meta property=\"og:title\" content=\"Bracelet Lapis lazuli et Scorzalite - Au fil des pierres\" \/>\n<meta property=\"og:description\" content=\"Bracelet Lapis Lazuli et Scorzalite 8 mm, pierre rare en perles : d\u00e9veloppe intuition, lib\u00e8re \u00e9motions, apaise le mental et favorise clart\u00e9, alignement int\u00e9rieur et connexion spirituelle.\" \/>\n<meta property=\"og:url\" content=\"https:\/\/aufildespierres.com\/index.php\/product\/bracelet-lapis-lazuli-et-scorzalite\/\" \/>\n<meta property=\"og:site_name\" content=\"Au fil des pierres\" \/>\n<meta property=\"article:modified_time\" content=\"2026-04-24T20:46:42+00:00\" \/>\n<meta property=\"og:image\" content=\"https:\/\/aufildespierres.com\/wp-content\/uploads\/2024\/06\/20240606_173946-scaled.jpg\" \/>\n\t<meta property=\"og:image:width\" content=\"2233\" \/>\n\t<meta property=\"og:image:height\" content=\"2560\" \/>\n\t<meta property=\"og:image:type\" content=\"image\/jpeg\" \/>\n<meta name=\"twitter:card\" content=\"summary_large_image\" \/>\n<meta name=\"twitter:label1\" content=\"Dur\u00e9e de lecture estim\u00e9e\" \/>\n\t<meta name=\"twitter:data1\" content=\"3 minutes\" \/>\n<script type=\"application\/ld+json\" class=\"yoast-schema-graph\">{\"@context\":\"https:\\\/\\\/schema.org\",\"@graph\":[{\"@type\":\"WebPage\",\"@id\":\"https:\\\/\\\/aufildespierres.com\\\/index.php\\\/product\\\/bracelet-lapis-lazuli-et-scorzalite\\\/\",\"url\":\"https:\\\/\\\/aufildespierres.com\\\/index.php\\\/product\\\/bracelet-lapis-lazuli-et-scorzalite\\\/\",\"name\":\"Bracelet Lapis lazuli et Scorzalite - Au fil des pierres\",\"isPartOf\":{\"@id\":\"https:\\\/\\\/aufildespierres.com\\\/#website\"},\"primaryImageOfPage\":{\"@id\":\"https:\\\/\\\/aufildespierres.com\\\/index.php\\\/product\\\/bracelet-lapis-lazuli-et-scorzalite\\\/#primaryimage\"},\"image\":{\"@id\":\"https:\\\/\\\/aufildespierres.com\\\/index.php\\\/product\\\/bracelet-lapis-lazuli-et-scorzalite\\\/#primaryimage\"},\"thumbnailUrl\":\"https:\\\/\\\/aufildespierres.com\\\/wp-content\\\/uploads\\\/2024\\\/06\\\/20240606_173946-scaled.jpg\",\"datePublished\":\"2024-06-06T17:05:22+00:00\",\"dateModified\":\"2026-04-24T20:46:42+00:00\",\"description\":\"Bracelet Lapis Lazuli et Scorzalite 8 mm, pierre rare en perles : d\u00e9veloppe intuition, lib\u00e8re \u00e9motions, apaise le mental et favorise clart\u00e9, alignement int\u00e9rieur et connexion spirituelle.\",\"breadcrumb\":{\"@id\":\"https:\\\/\\\/aufildespierres.com\\\/index.php\\\/product\\\/bracelet-lapis-lazuli-et-scorzalite\\\/#breadcrumb\"},\"inLanguage\":\"fr-FR\",\"potentialAction\":[{\"@type\":\"ReadAction\",\"target\":[\"https:\\\/\\\/aufildespierres.com\\\/index.php\\\/product\\\/bracelet-lapis-lazuli-et-scorzalite\\\/\"]}]},{\"@type\":\"ImageObject\",\"inLanguage\":\"fr-FR\",\"@id\":\"https:\\\/\\\/aufildespierres.com\\\/index.php\\\/product\\\/bracelet-lapis-lazuli-et-scorzalite\\\/#primaryimage\",\"url\":\"https:\\\/\\\/aufildespierres.com\\\/wp-content\\\/uploads\\\/2024\\\/06\\\/20240606_173946-scaled.jpg\",\"contentUrl\":\"https:\\\/\\\/aufildespierres.com\\\/wp-content\\\/uploads\\\/2024\\\/06\\\/20240606_173946-scaled.jpg\",\"width\":2233,\"height\":2560},{\"@type\":\"BreadcrumbList\",\"@id\":\"https:\\\/\\\/aufildespierres.com\\\/index.php\\\/product\\\/bracelet-lapis-lazuli-et-scorzalite\\\/#breadcrumb\",\"itemListElement\":[{\"@type\":\"ListItem\",\"position\":1,\"name\":\"Accueil\",\"item\":\"https:\\\/\\\/aufildespierres.com\\\/\"},{\"@type\":\"ListItem\",\"position\":2,\"name\":\"Boutique de Lithoth\u00e9rapie\",\"item\":\"https:\\\/\\\/aufildespierres.com\\\/index.php\\\/boutique-de-lithotherapie\\\/\"},{\"@type\":\"ListItem\",\"position\":3,\"name\":\"Bracelet Lapis lazuli et Scorzalite\"}]},{\"@type\":\"WebSite\",\"@id\":\"https:\\\/\\\/aufildespierres.com\\\/#website\",\"url\":\"https:\\\/\\\/aufildespierres.com\\\/\",\"name\":\"Au fil des pierres\",\"description\":\"Au fil des pierres\",\"publisher\":{\"@id\":\"https:\\\/\\\/aufildespierres.com\\\/#organization\"},\"potentialAction\":[{\"@type\":\"SearchAction\",\"target\":{\"@type\":\"EntryPoint\",\"urlTemplate\":\"https:\\\/\\\/aufildespierres.com\\\/?s={search_term_string}\"},\"query-input\":{\"@type\":\"PropertyValueSpecification\",\"valueRequired\":true,\"valueName\":\"search_term_string\"}}],\"inLanguage\":\"fr-FR\"},{\"@type\":\"Organization\",\"@id\":\"https:\\\/\\\/aufildespierres.com\\\/#organization\",\"name\":\"Au fil des pierres\",\"url\":\"https:\\\/\\\/aufildespierres.com\\\/\",\"logo\":{\"@type\":\"ImageObject\",\"inLanguage\":\"fr-FR\",\"@id\":\"https:\\\/\\\/aufildespierres.com\\\/#\\\/schema\\\/logo\\\/image\\\/\",\"url\":\"https:\\\/\\\/aufildespierres.com\\\/wp-content\\\/uploads\\\/2023\\\/05\\\/cropped-Logo-PNG-Transparent.png\",\"contentUrl\":\"https:\\\/\\\/aufildespierres.com\\\/wp-content\\\/uploads\\\/2023\\\/05\\\/cropped-Logo-PNG-Transparent.png\",\"width\":1776,\"height\":1625,\"caption\":\"Au fil des pierres\"},\"image\":{\"@id\":\"https:\\\/\\\/aufildespierres.com\\\/#\\\/schema\\\/logo\\\/image\\\/\"}}]}<\/script>\n<!-- \/ Yoast SEO plugin. -->","yoast_head_json":{"title":"Bracelet Lapis lazuli et Scorzalite - Au fil des pierres","description":"Bracelet Lapis Lazuli et Scorzalite 8 mm, pierre rare en perles : d\u00e9veloppe intuition, lib\u00e8re \u00e9motions, apaise le mental et favorise clart\u00e9, alignement int\u00e9rieur et connexion spirituelle.","robots":{"index":"index","follow":"follow","max-snippet":"max-snippet:-1","max-image-preview":"max-image-preview:large","max-video-preview":"max-video-preview:-1"},"canonical":"https:\/\/aufildespierres.com\/index.php\/product\/bracelet-lapis-lazuli-et-scorzalite\/","og_locale":"fr_FR","og_type":"article","og_title":"Bracelet Lapis lazuli et Scorzalite - Au fil des pierres","og_description":"Bracelet Lapis Lazuli et Scorzalite 8 mm, pierre rare en perles : d\u00e9veloppe intuition, lib\u00e8re \u00e9motions, apaise le mental et favorise clart\u00e9, alignement int\u00e9rieur et connexion spirituelle.","og_url":"https:\/\/aufildespierres.com\/index.php\/product\/bracelet-lapis-lazuli-et-scorzalite\/","og_site_name":"Au fil des pierres","article_modified_time":"2026-04-24T20:46:42+00:00","og_image":[{"width":2233,"height":2560,"url":"https:\/\/aufildespierres.com\/wp-content\/uploads\/2024\/06\/20240606_173946-scaled.jpg","type":"image\/jpeg"}],"twitter_card":"summary_large_image","twitter_misc":{"Dur\u00e9e de lecture estim\u00e9e":"3 minutes"},"schema":{"@context":"https:\/\/schema.org","@graph":[{"@type":"WebPage","@id":"https:\/\/aufildespierres.com\/index.php\/product\/bracelet-lapis-lazuli-et-scorzalite\/","url":"https:\/\/aufildespierres.com\/index.php\/product\/bracelet-lapis-lazuli-et-scorzalite\/","name":"Bracelet Lapis lazuli et Scorzalite - Au fil des pierres","isPartOf":{"@id":"https:\/\/aufildespierres.com\/#website"},"primaryImageOfPage":{"@id":"https:\/\/aufildespierres.com\/index.php\/product\/bracelet-lapis-lazuli-et-scorzalite\/#primaryimage"},"image":{"@id":"https:\/\/aufildespierres.com\/index.php\/product\/bracelet-lapis-lazuli-et-scorzalite\/#primaryimage"},"thumbnailUrl":"https:\/\/aufildespierres.com\/wp-content\/uploads\/2024\/06\/20240606_173946-scaled.jpg","datePublished":"2024-06-06T17:05:22+00:00","dateModified":"2026-04-24T20:46:42+00:00","description":"Bracelet Lapis Lazuli et Scorzalite 8 mm, pierre rare en perles : d\u00e9veloppe intuition, lib\u00e8re \u00e9motions, apaise le mental et favorise clart\u00e9, alignement int\u00e9rieur et connexion spirituelle.","breadcrumb":{"@id":"https:\/\/aufildespierres.com\/index.php\/product\/bracelet-lapis-lazuli-et-scorzalite\/#breadcrumb"},"inLanguage":"fr-FR","potentialAction":[{"@type":"ReadAction","target":["https:\/\/aufildespierres.com\/index.php\/product\/bracelet-lapis-lazuli-et-scorzalite\/"]}]},{"@type":"ImageObject","inLanguage":"fr-FR","@id":"https:\/\/aufildespierres.com\/index.php\/product\/bracelet-lapis-lazuli-et-scorzalite\/#primaryimage","url":"https:\/\/aufildespierres.com\/wp-content\/uploads\/2024\/06\/20240606_173946-scaled.jpg","contentUrl":"https:\/\/aufildespierres.com\/wp-content\/uploads\/2024\/06\/20240606_173946-scaled.jpg","width":2233,"height":2560},{"@type":"BreadcrumbList","@id":"https:\/\/aufildespierres.com\/index.php\/product\/bracelet-lapis-lazuli-et-scorzalite\/#breadcrumb","itemListElement":[{"@type":"ListItem","position":1,"name":"Accueil","item":"https:\/\/aufildespierres.com\/"},{"@type":"ListItem","position":2,"name":"Boutique de Lithoth\u00e9rapie","item":"https:\/\/aufildespierres.com\/index.php\/boutique-de-lithotherapie\/"},{"@type":"ListItem","position":3,"name":"Bracelet Lapis lazuli et Scorzalite"}]},{"@type":"WebSite","@id":"https:\/\/aufildespierres.com\/#website","url":"https:\/\/aufildespierres.com\/","name":"Au fil des pierres","description":"Au fil des pierres","publisher":{"@id":"https:\/\/aufildespierres.com\/#organization"},"potentialAction":[{"@type":"SearchAction","target":{"@type":"EntryPoint","urlTemplate":"https:\/\/aufildespierres.com\/?s={search_term_string}"},"query-input":{"@type":"PropertyValueSpecification","valueRequired":true,"valueName":"search_term_string"}}],"inLanguage":"fr-FR"},{"@type":"Organization","@id":"https:\/\/aufildespierres.com\/#organization","name":"Au fil des pierres","url":"https:\/\/aufildespierres.com\/","logo":{"@type":"ImageObject","inLanguage":"fr-FR","@id":"https:\/\/aufildespierres.com\/#\/schema\/logo\/image\/","url":"https:\/\/aufildespierres.com\/wp-content\/uploads\/2023\/05\/cropped-Logo-PNG-Transparent.png","contentUrl":"https:\/\/aufildespierres.com\/wp-content\/uploads\/2023\/05\/cropped-Logo-PNG-Transparent.png","width":1776,"height":1625,"caption":"Au fil des pierres"},"image":{"@id":"https:\/\/aufildespierres.com\/#\/schema\/logo\/image\/"}}]}},"_links":{"self":[{"href":"https:\/\/aufildespierres.com\/index.php\/wp-json\/wp\/v2\/product\/2494","targetHints":{"allow":["GET"]}}],"collection":[{"href":"https:\/\/aufildespierres.com\/index.php\/wp-json\/wp\/v2\/product"}],"about":[{"href":"https:\/\/aufildespierres.com\/index.php\/wp-json\/wp\/v2\/types\/product"}],"replies":[{"embeddable":true,"href":"https:\/\/aufildespierres.com\/index.php\/wp-json\/wp\/v2\/comments?post=2494"}],"wp:featuredmedia":[{"embeddable":true,"href":"https:\/\/aufildespierres.com\/index.php\/wp-json\/wp\/v2\/media\/2495"}],"wp:attachment":[{"href":"https:\/\/aufildespierres.com\/index.php\/wp-json\/wp\/v2\/media?parent=2494"}],"wp:term":[{"taxonomy":"product_brand","embeddable":true,"href":"https:\/\/aufildespierres.com\/index.php\/wp-json\/wp\/v2\/product_brand?post=2494"},{"taxonomy":"product_cat","embeddable":true,"href":"https:\/\/aufildespierres.com\/index.php\/wp-json\/wp\/v2\/product_cat?post=2494"},{"taxonomy":"product_tag","embeddable":true,"href":"https:\/\/aufildespierres.com\/index.php\/wp-json\/wp\/v2\/product_tag?post=2494"}],"curies":[{"name":"wp","href":"https:\/\/api.w.org\/{rel}","templated":true}]}}