{"id":2518,"date":"2024-06-11T21:02:44","date_gmt":"2024-06-11T19:02:44","guid":{"rendered":"https:\/\/aufildespierres.com\/?post_type=product&#038;p=2518"},"modified":"2025-07-19T09:57:15","modified_gmt":"2025-07-19T07:57:15","slug":"bracelet-anti-douleurs-2","status":"publish","type":"product","link":"https:\/\/aufildespierres.com\/index.php\/product\/bracelet-anti-douleurs-2\/","title":{"rendered":"Bracelet de soin douleurs"},"content":{"rendered":"<h3 class=\"\" data-start=\"213\" data-end=\"285\">\ud83d\udc9a Bracelet anti douleur en Malachite, Amazonite et Cristal de Roche<\/h3>\n<p class=\"\" data-start=\"287\" data-end=\"650\">Ce <strong data-start=\"290\" data-end=\"315\">bracelet anti douleur<\/strong> a \u00e9t\u00e9 sp\u00e9cialement con\u00e7u pour soulager les douleurs du dos, qu\u2019elles soient d\u2019origine articulaires, musculaires ou nerveuses. Il est particuli\u00e8rement recommand\u00e9 en cas de lumbago, sciatique, arthrose ou hernie discale. Gr\u00e2ce \u00e0 l\u2019association cibl\u00e9e de pierres naturelles, il agit en synergie sur les tensions, les blocages et la mobilit\u00e9.<\/p>\n<p class=\"\" data-start=\"652\" data-end=\"943\">La <strong data-start=\"655\" data-end=\"668\">Malachite<\/strong> est une pierre puissante, connue pour sa capacit\u00e9 \u00e0 faire circuler l\u2019\u00e9nergie le long de la colonne vert\u00e9brale. Ainsi, elle aide \u00e0 d\u00e9nouer les tensions, \u00e0 soulager les douleurs articulaires et \u00e0 att\u00e9nuer les effets des nerfs comprim\u00e9s, comme dans le cas d\u2019une hernie discale. Elle apaise \u00e9galement le stress et les tensions \u00e9motionnelles qui peuvent entretenir les douleurs .<\/p>\n<p class=\"\" data-start=\"945\" data-end=\"1240\">Le <strong data-start=\"948\" data-end=\"968\">Cristal de Roche<\/strong>, quant \u00e0 lui, renforce l\u2019action des autres pierres et agit efficacement sur les douleurs li\u00e9es \u00e0 la sciatique, \u00e0 la cruralgie ou \u00e0 l\u2019arthrose. Il stimule la circulation sanguine, lymphatique et \u00e9nerg\u00e9tique, \u00e9vitant ainsi la stagnation qui peut aggraver les inflammations.<\/p>\n<p class=\"\" data-start=\"1242\" data-end=\"1550\">L\u2019<strong data-start=\"1244\" data-end=\"1257\">Amazonite<\/strong>, reconnue pour ses propri\u00e9t\u00e9s antalgiques, agit directement sur le syst\u00e8me nerveux. Elle soulage les douleurs aigu\u00ebs caus\u00e9es par les compressions nerveuses et apporte en parall\u00e8le une grande douceur \u00e9motionnelle. Elle favorise la s\u00e9r\u00e9nit\u00e9, essentielle pour accompagner les phases de gu\u00e9rison.<\/p>\n<p class=\"\" data-start=\"1552\" data-end=\"1791\">Afin de compl\u00e9ter ce <strong data-start=\"1573\" data-end=\"1598\">bracelet anti douleur<\/strong>, deux petites perles en <strong data-start=\"1623\" data-end=\"1646\">H\u00e9matite magn\u00e9tique<\/strong> ont \u00e9t\u00e9 ajout\u00e9es. Celles-ci stimulent la circulation, renforcent l\u2019\u00e9nergie vitale et facilitent le drainage des toxines sur la zone douloureuse. Tout est pens\u00e9 pour agir en synergie et en compl\u00e9mentarit\u00e9 pour soulager l&rsquo;intensit\u00e9 de la douleur et apporter un soulagement global.<\/p>\n<p class=\"\" data-start=\"1793\" data-end=\"1933\">Ce bracelet est con\u00e7u pour un poignet d\u2019environ 17 cm. Il allie efficacit\u00e9, \u00e9l\u00e9gance et bien-\u00eatre, pour un soulagement naturel au quotidien. Me contacter pour une mesure diff\u00e9rente. Ce bracelet devra \u00eatre purifi\u00e9 souvent et r\u00e9guli\u00e8rement sans eau.<\/p>\n","protected":false},"excerpt":{"rendered":"<p>\ud83d\udc9a Bracelet anti douleur en Malachite, Amazonite et Cristal de Roche Ce bracelet anti douleur a \u00e9t\u00e9 sp\u00e9cialement con\u00e7u pour soulager les douleurs du dos, qu\u2019elles soient d\u2019origine articulaires, musculaires ou nerveuses. Il est particuli\u00e8rement recommand\u00e9 en cas de lumbago, sciatique, arthrose ou hernie discale. Gr\u00e2ce \u00e0 l\u2019association cibl\u00e9e de pierres naturelles, il agit en [&hellip;]<\/p>\n","protected":false},"featured_media":2673,"comment_status":"open","ping_status":"closed","template":"","meta":{"site-sidebar-layout":"default","site-content-layout":"","ast-site-content-layout":"default","site-content-style":"default","site-sidebar-style":"default","ast-global-header-display":"","ast-banner-title-visibility":"","ast-main-header-display":"","ast-hfb-above-header-display":"","ast-hfb-below-header-display":"","ast-hfb-mobile-header-display":"","site-post-title":"","ast-breadcrumbs-content":"","ast-featured-img":"","footer-sml-layout":"","ast-disable-related-posts":"","theme-transparent-header-meta":"default","adv-header-id-meta":"","stick-header-meta":"","header-above-stick-meta":"","header-main-stick-meta":"","header-below-stick-meta":"","astra-migrate-meta-layouts":"set","ast-page-background-enabled":"default","ast-page-background-meta":{"desktop":{"background-color":"var(--ast-global-color-4)","background-image":"","background-repeat":"repeat","background-position":"center center","background-size":"auto","background-attachment":"scroll","background-type":"","background-media":"","overlay-type":"","overlay-color":"","overlay-opacity":"","overlay-gradient":""},"tablet":{"background-color":"","background-image":"","background-repeat":"repeat","background-position":"center center","background-size":"auto","background-attachment":"scroll","background-type":"","background-media":"","overlay-type":"","overlay-color":"","overlay-opacity":"","overlay-gradient":""},"mobile":{"background-color":"","background-image":"","background-repeat":"repeat","background-position":"center center","background-size":"auto","background-attachment":"scroll","background-type":"","background-media":"","overlay-type":"","overlay-color":"","overlay-opacity":"","overlay-gradient":""}},"ast-content-background-meta":{"desktop":{"background-color":"var(--ast-global-color-5)","background-image":"","background-repeat":"repeat","background-position":"center center","background-size":"auto","background-attachment":"scroll","background-type":"","background-media":"","overlay-type":"","overlay-color":"","overlay-opacity":"","overlay-gradient":""},"tablet":{"background-color":"var(--ast-global-color-5)","background-image":"","background-repeat":"repeat","background-position":"center center","background-size":"auto","background-attachment":"scroll","background-type":"","background-media":"","overlay-type":"","overlay-color":"","overlay-opacity":"","overlay-gradient":""},"mobile":{"background-color":"var(--ast-global-color-5)","background-image":"","background-repeat":"repeat","background-position":"center center","background-size":"auto","background-attachment":"scroll","background-type":"","background-media":"","overlay-type":"","overlay-color":"","overlay-opacity":"","overlay-gradient":""}},"_glsr_average":0,"_glsr_ranking":0,"_glsr_reviews":0},"product_brand":[],"product_cat":[54,80,93,122,121,78],"product_tag":[],"class_list":{"0":"post-2518","1":"product","2":"type-product","3":"status-publish","4":"has-post-thumbnail","6":"product_cat-8-mm","7":"product_cat-amazonite","8":"product_cat-cristal-de-roche","9":"product_cat-hematite","10":"product_cat-malachite","11":"product_cat-vert","12":"desktop-align-left","13":"tablet-align-left","14":"mobile-align-left","16":"first","17":"outofstock","18":"purchasable","19":"product-type-simple"},"yoast_head":"<!-- This site is optimized with the Yoast SEO plugin v27.4 - https:\/\/yoast.com\/product\/yoast-seo-wordpress\/ -->\n<title>Bracelet de soin douleurs - Au fil des pierres<\/title>\n<meta name=\"description\" content=\"Bracelet anti-douleurs en malachite, amazonite et cristal de roche. Alliance de pierres naturelles pour apaisement et bien-\u00eatre.\" \/>\n<meta name=\"robots\" content=\"index, follow, max-snippet:-1, max-image-preview:large, max-video-preview:-1\" \/>\n<link rel=\"canonical\" href=\"https:\/\/aufildespierres.com\/index.php\/product\/bracelet-anti-douleurs-2\/\" \/>\n<meta property=\"og:locale\" content=\"fr_FR\" \/>\n<meta property=\"og:type\" content=\"article\" \/>\n<meta property=\"og:title\" content=\"Bracelet de soin douleurs - Au fil des pierres\" \/>\n<meta property=\"og:description\" content=\"Bracelet anti-douleurs en malachite, amazonite et cristal de roche. Alliance de pierres naturelles pour apaisement et bien-\u00eatre.\" \/>\n<meta property=\"og:url\" content=\"https:\/\/aufildespierres.com\/index.php\/product\/bracelet-anti-douleurs-2\/\" \/>\n<meta property=\"og:site_name\" content=\"Au fil des pierres\" \/>\n<meta property=\"article:modified_time\" content=\"2025-07-19T07:57:15+00:00\" \/>\n<meta property=\"og:image\" content=\"https:\/\/aufildespierres.com\/wp-content\/uploads\/2024\/06\/20240801_150213-scaled.jpg\" \/>\n\t<meta property=\"og:image:width\" content=\"1920\" \/>\n\t<meta property=\"og:image:height\" content=\"2560\" \/>\n\t<meta property=\"og:image:type\" content=\"image\/jpeg\" \/>\n<meta name=\"twitter:card\" content=\"summary_large_image\" \/>\n<meta name=\"twitter:label1\" content=\"Dur\u00e9e de lecture estim\u00e9e\" \/>\n\t<meta name=\"twitter:data1\" content=\"2 minutes\" \/>\n<script type=\"application\/ld+json\" class=\"yoast-schema-graph\">{\"@context\":\"https:\\\/\\\/schema.org\",\"@graph\":[{\"@type\":\"WebPage\",\"@id\":\"https:\\\/\\\/aufildespierres.com\\\/index.php\\\/product\\\/bracelet-anti-douleurs-2\\\/\",\"url\":\"https:\\\/\\\/aufildespierres.com\\\/index.php\\\/product\\\/bracelet-anti-douleurs-2\\\/\",\"name\":\"Bracelet de soin douleurs - Au fil des pierres\",\"isPartOf\":{\"@id\":\"https:\\\/\\\/aufildespierres.com\\\/#website\"},\"primaryImageOfPage\":{\"@id\":\"https:\\\/\\\/aufildespierres.com\\\/index.php\\\/product\\\/bracelet-anti-douleurs-2\\\/#primaryimage\"},\"image\":{\"@id\":\"https:\\\/\\\/aufildespierres.com\\\/index.php\\\/product\\\/bracelet-anti-douleurs-2\\\/#primaryimage\"},\"thumbnailUrl\":\"https:\\\/\\\/aufildespierres.com\\\/wp-content\\\/uploads\\\/2024\\\/06\\\/20240801_150213-scaled.jpg\",\"datePublished\":\"2024-06-11T19:02:44+00:00\",\"dateModified\":\"2025-07-19T07:57:15+00:00\",\"description\":\"Bracelet anti-douleurs en malachite, amazonite et cristal de roche. Alliance de pierres naturelles pour apaisement et bien-\u00eatre.\",\"breadcrumb\":{\"@id\":\"https:\\\/\\\/aufildespierres.com\\\/index.php\\\/product\\\/bracelet-anti-douleurs-2\\\/#breadcrumb\"},\"inLanguage\":\"fr-FR\",\"potentialAction\":[{\"@type\":\"ReadAction\",\"target\":[\"https:\\\/\\\/aufildespierres.com\\\/index.php\\\/product\\\/bracelet-anti-douleurs-2\\\/\"]}]},{\"@type\":\"ImageObject\",\"inLanguage\":\"fr-FR\",\"@id\":\"https:\\\/\\\/aufildespierres.com\\\/index.php\\\/product\\\/bracelet-anti-douleurs-2\\\/#primaryimage\",\"url\":\"https:\\\/\\\/aufildespierres.com\\\/wp-content\\\/uploads\\\/2024\\\/06\\\/20240801_150213-scaled.jpg\",\"contentUrl\":\"https:\\\/\\\/aufildespierres.com\\\/wp-content\\\/uploads\\\/2024\\\/06\\\/20240801_150213-scaled.jpg\",\"width\":1920,\"height\":2560},{\"@type\":\"BreadcrumbList\",\"@id\":\"https:\\\/\\\/aufildespierres.com\\\/index.php\\\/product\\\/bracelet-anti-douleurs-2\\\/#breadcrumb\",\"itemListElement\":[{\"@type\":\"ListItem\",\"position\":1,\"name\":\"Accueil\",\"item\":\"https:\\\/\\\/aufildespierres.com\\\/\"},{\"@type\":\"ListItem\",\"position\":2,\"name\":\"Boutique de Lithoth\u00e9rapie\",\"item\":\"https:\\\/\\\/aufildespierres.com\\\/index.php\\\/boutique-de-lithotherapie\\\/\"},{\"@type\":\"ListItem\",\"position\":3,\"name\":\"Bracelet de soin douleurs\"}]},{\"@type\":\"WebSite\",\"@id\":\"https:\\\/\\\/aufildespierres.com\\\/#website\",\"url\":\"https:\\\/\\\/aufildespierres.com\\\/\",\"name\":\"Au fil des pierres\",\"description\":\"Au fil des pierres\",\"publisher\":{\"@id\":\"https:\\\/\\\/aufildespierres.com\\\/#organization\"},\"potentialAction\":[{\"@type\":\"SearchAction\",\"target\":{\"@type\":\"EntryPoint\",\"urlTemplate\":\"https:\\\/\\\/aufildespierres.com\\\/?s={search_term_string}\"},\"query-input\":{\"@type\":\"PropertyValueSpecification\",\"valueRequired\":true,\"valueName\":\"search_term_string\"}}],\"inLanguage\":\"fr-FR\"},{\"@type\":\"Organization\",\"@id\":\"https:\\\/\\\/aufildespierres.com\\\/#organization\",\"name\":\"Au fil des pierres\",\"url\":\"https:\\\/\\\/aufildespierres.com\\\/\",\"logo\":{\"@type\":\"ImageObject\",\"inLanguage\":\"fr-FR\",\"@id\":\"https:\\\/\\\/aufildespierres.com\\\/#\\\/schema\\\/logo\\\/image\\\/\",\"url\":\"https:\\\/\\\/aufildespierres.com\\\/wp-content\\\/uploads\\\/2023\\\/05\\\/cropped-Logo-PNG-Transparent.png\",\"contentUrl\":\"https:\\\/\\\/aufildespierres.com\\\/wp-content\\\/uploads\\\/2023\\\/05\\\/cropped-Logo-PNG-Transparent.png\",\"width\":1776,\"height\":1625,\"caption\":\"Au fil des pierres\"},\"image\":{\"@id\":\"https:\\\/\\\/aufildespierres.com\\\/#\\\/schema\\\/logo\\\/image\\\/\"}}]}<\/script>\n<!-- \/ Yoast SEO plugin. -->","yoast_head_json":{"title":"Bracelet de soin douleurs - Au fil des pierres","description":"Bracelet anti-douleurs en malachite, amazonite et cristal de roche. Alliance de pierres naturelles pour apaisement et bien-\u00eatre.","robots":{"index":"index","follow":"follow","max-snippet":"max-snippet:-1","max-image-preview":"max-image-preview:large","max-video-preview":"max-video-preview:-1"},"canonical":"https:\/\/aufildespierres.com\/index.php\/product\/bracelet-anti-douleurs-2\/","og_locale":"fr_FR","og_type":"article","og_title":"Bracelet de soin douleurs - Au fil des pierres","og_description":"Bracelet anti-douleurs en malachite, amazonite et cristal de roche. Alliance de pierres naturelles pour apaisement et bien-\u00eatre.","og_url":"https:\/\/aufildespierres.com\/index.php\/product\/bracelet-anti-douleurs-2\/","og_site_name":"Au fil des pierres","article_modified_time":"2025-07-19T07:57:15+00:00","og_image":[{"width":1920,"height":2560,"url":"https:\/\/aufildespierres.com\/wp-content\/uploads\/2024\/06\/20240801_150213-scaled.jpg","type":"image\/jpeg"}],"twitter_card":"summary_large_image","twitter_misc":{"Dur\u00e9e de lecture estim\u00e9e":"2 minutes"},"schema":{"@context":"https:\/\/schema.org","@graph":[{"@type":"WebPage","@id":"https:\/\/aufildespierres.com\/index.php\/product\/bracelet-anti-douleurs-2\/","url":"https:\/\/aufildespierres.com\/index.php\/product\/bracelet-anti-douleurs-2\/","name":"Bracelet de soin douleurs - Au fil des pierres","isPartOf":{"@id":"https:\/\/aufildespierres.com\/#website"},"primaryImageOfPage":{"@id":"https:\/\/aufildespierres.com\/index.php\/product\/bracelet-anti-douleurs-2\/#primaryimage"},"image":{"@id":"https:\/\/aufildespierres.com\/index.php\/product\/bracelet-anti-douleurs-2\/#primaryimage"},"thumbnailUrl":"https:\/\/aufildespierres.com\/wp-content\/uploads\/2024\/06\/20240801_150213-scaled.jpg","datePublished":"2024-06-11T19:02:44+00:00","dateModified":"2025-07-19T07:57:15+00:00","description":"Bracelet anti-douleurs en malachite, amazonite et cristal de roche. Alliance de pierres naturelles pour apaisement et bien-\u00eatre.","breadcrumb":{"@id":"https:\/\/aufildespierres.com\/index.php\/product\/bracelet-anti-douleurs-2\/#breadcrumb"},"inLanguage":"fr-FR","potentialAction":[{"@type":"ReadAction","target":["https:\/\/aufildespierres.com\/index.php\/product\/bracelet-anti-douleurs-2\/"]}]},{"@type":"ImageObject","inLanguage":"fr-FR","@id":"https:\/\/aufildespierres.com\/index.php\/product\/bracelet-anti-douleurs-2\/#primaryimage","url":"https:\/\/aufildespierres.com\/wp-content\/uploads\/2024\/06\/20240801_150213-scaled.jpg","contentUrl":"https:\/\/aufildespierres.com\/wp-content\/uploads\/2024\/06\/20240801_150213-scaled.jpg","width":1920,"height":2560},{"@type":"BreadcrumbList","@id":"https:\/\/aufildespierres.com\/index.php\/product\/bracelet-anti-douleurs-2\/#breadcrumb","itemListElement":[{"@type":"ListItem","position":1,"name":"Accueil","item":"https:\/\/aufildespierres.com\/"},{"@type":"ListItem","position":2,"name":"Boutique de Lithoth\u00e9rapie","item":"https:\/\/aufildespierres.com\/index.php\/boutique-de-lithotherapie\/"},{"@type":"ListItem","position":3,"name":"Bracelet de soin douleurs"}]},{"@type":"WebSite","@id":"https:\/\/aufildespierres.com\/#website","url":"https:\/\/aufildespierres.com\/","name":"Au fil des pierres","description":"Au fil des pierres","publisher":{"@id":"https:\/\/aufildespierres.com\/#organization"},"potentialAction":[{"@type":"SearchAction","target":{"@type":"EntryPoint","urlTemplate":"https:\/\/aufildespierres.com\/?s={search_term_string}"},"query-input":{"@type":"PropertyValueSpecification","valueRequired":true,"valueName":"search_term_string"}}],"inLanguage":"fr-FR"},{"@type":"Organization","@id":"https:\/\/aufildespierres.com\/#organization","name":"Au fil des pierres","url":"https:\/\/aufildespierres.com\/","logo":{"@type":"ImageObject","inLanguage":"fr-FR","@id":"https:\/\/aufildespierres.com\/#\/schema\/logo\/image\/","url":"https:\/\/aufildespierres.com\/wp-content\/uploads\/2023\/05\/cropped-Logo-PNG-Transparent.png","contentUrl":"https:\/\/aufildespierres.com\/wp-content\/uploads\/2023\/05\/cropped-Logo-PNG-Transparent.png","width":1776,"height":1625,"caption":"Au fil des pierres"},"image":{"@id":"https:\/\/aufildespierres.com\/#\/schema\/logo\/image\/"}}]}},"_links":{"self":[{"href":"https:\/\/aufildespierres.com\/index.php\/wp-json\/wp\/v2\/product\/2518","targetHints":{"allow":["GET"]}}],"collection":[{"href":"https:\/\/aufildespierres.com\/index.php\/wp-json\/wp\/v2\/product"}],"about":[{"href":"https:\/\/aufildespierres.com\/index.php\/wp-json\/wp\/v2\/types\/product"}],"replies":[{"embeddable":true,"href":"https:\/\/aufildespierres.com\/index.php\/wp-json\/wp\/v2\/comments?post=2518"}],"wp:featuredmedia":[{"embeddable":true,"href":"https:\/\/aufildespierres.com\/index.php\/wp-json\/wp\/v2\/media\/2673"}],"wp:attachment":[{"href":"https:\/\/aufildespierres.com\/index.php\/wp-json\/wp\/v2\/media?parent=2518"}],"wp:term":[{"taxonomy":"product_brand","embeddable":true,"href":"https:\/\/aufildespierres.com\/index.php\/wp-json\/wp\/v2\/product_brand?post=2518"},{"taxonomy":"product_cat","embeddable":true,"href":"https:\/\/aufildespierres.com\/index.php\/wp-json\/wp\/v2\/product_cat?post=2518"},{"taxonomy":"product_tag","embeddable":true,"href":"https:\/\/aufildespierres.com\/index.php\/wp-json\/wp\/v2\/product_tag?post=2518"}],"curies":[{"name":"wp","href":"https:\/\/api.w.org\/{rel}","templated":true}]}}