{"id":2567,"date":"2024-06-26T13:05:25","date_gmt":"2024-06-26T11:05:25","guid":{"rendered":"https:\/\/aufildespierres.com\/?post_type=product&#038;p=2567"},"modified":"2026-04-24T14:55:10","modified_gmt":"2026-04-24T12:55:10","slug":"celestine","status":"publish","type":"product","link":"https:\/\/aufildespierres.com\/index.php\/product\/celestine\/","title":{"rendered":"C\u00e9lestine"},"content":{"rendered":"<p><strong>\u00a0<\/strong><\/p>\n<section class=\"text-token-text-primary w-full focus:outline-none [--shadow-height:45px] has-data-writing-block:pointer-events-none has-data-writing-block:-mt-(--shadow-height) has-data-writing-block:pt-(--shadow-height) [&amp;:has([data-writing-block])&gt;*]:pointer-events-auto [content-visibility:auto] supports-[content-visibility:auto]:[contain-intrinsic-size:auto_100lvh] R6Vx5W_threadScrollVars scroll-mb-[calc(var(--scroll-root-safe-area-inset-bottom,0px)+var(--thread-response-height))] scroll-mt-[calc(var(--header-height)+min(200px,max(70px,20svh)))]\" dir=\"auto\" data-turn-id=\"request-WEB:55e31d74-59aa-4b5e-8da2-fceab8ca51d8-8\" data-testid=\"conversation-turn-18\" data-scroll-anchor=\"false\" data-turn=\"assistant\">\n<div class=\"text-base my-auto mx-auto pb-10 [--thread-content-margin:var(--thread-content-margin-xs,calc(var(--spacing)*4))] @w-sm\/main:[--thread-content-margin:var(--thread-content-margin-sm,calc(var(--spacing)*6))] @w-lg\/main:[--thread-content-margin:var(--thread-content-margin-lg,calc(var(--spacing)*16))] px-(--thread-content-margin)\">\n<div class=\"[--thread-content-max-width:40rem] @w-lg\/main:[--thread-content-max-width:48rem] mx-auto max-w-(--thread-content-max-width) flex-1 group\/turn-messages focus-visible:outline-hidden relative flex w-full min-w-0 flex-col agent-turn\">\n<div class=\"flex max-w-full flex-col gap-4 grow\">\n<div class=\"min-h-8 text-message relative flex w-full flex-col items-end gap-2 text-start break-words whitespace-normal outline-none keyboard-focused:focus-ring [.text-message+&amp;]:mt-1\" dir=\"auto\" tabindex=\"0\" data-message-author-role=\"assistant\" data-message-id=\"798a1408-46fe-4a82-923b-fbeabb0b88f2\" data-message-model-slug=\"gpt-5-3\" data-turn-start-message=\"true\">\n<div class=\"flex w-full flex-col gap-1 empty:hidden\">\n<div class=\"markdown prose dark:prose-invert w-full wrap-break-word light markdown-new-styling\"><\/div>\n<\/div>\n<\/div>\n<\/div>\n<div class=\"mt-3 w-full empty:hidden\">\n<div class=\"text-center\">\n<p data-start=\"108\" data-end=\"341\">La C\u00e9lestine se pr\u00e9sente ici sous forme d\u2019une belle pi\u00e8ce cristallis\u00e9e sur toutes ses faces, sans matrice. Elle p\u00e8se 333 grammes et mesure environ 9 x 7 cm. Ainsi, elle s\u2019int\u00e8gre parfaitement dans un espace de repos ou de m\u00e9ditation.<\/p>\n<p data-start=\"343\" data-end=\"625\">Cette pierre appartient \u00e0 la famille des sulfates et se forme dans des roches s\u00e9dimentaires. Elle diffuse donc une \u00e9nergie douce et apaisante. En lithoth\u00e9rapie, les pierres s\u00e9dimentaires favorisent le calme \u00e9motionnel et la s\u00e9r\u00e9nit\u00e9 int\u00e9rieure .<\/p>\n<p data-start=\"627\" data-end=\"839\">Sur le plan \u00e9motionnel, la c\u00e9lestine apaise l\u2019esprit et stabilise les \u00e9motions. Elle r\u00e9duit l\u2019anxi\u00e9t\u00e9 et diminue le sentiment d\u2019oppression. Ainsi, elle aide \u00e0 retrouver un \u00e9tat de calme et de s\u00e9curit\u00e9 int\u00e9rieure.<\/p>\n<p data-start=\"841\" data-end=\"1054\">La C\u00e9lestine \u00e9l\u00e8ve \u00e9galement la conscience et renforce la confiance en soi. Elle facilite la communication en encourageant des \u00e9changes fluides et apais\u00e9s. Par cons\u00e9quent, elle limite les tensions et les conflits.<\/p>\n<p data-start=\"1056\" data-end=\"1251\">Plac\u00e9e dans une chambre, cette pierre cr\u00e9e une atmosph\u00e8re rassurante. Elle calme les b\u00e9b\u00e9s et favorise un environnement serein. Elle agit donc comme un v\u00e9ritable soutien \u00e9nerg\u00e9tique au quotidien.<\/p>\n<p data-start=\"1253\" data-end=\"1492\">Sur le plan physique, la c\u00e9lestine soutient les poumons et am\u00e9liore la respiration. Elle contribue aussi au bon fonctionnement des yeux et de l\u2019audition. De plus, elle accompagne le corps lors de p\u00e9riodes de fatigue ou de tension nerveuse.<\/p>\n<p data-start=\"1494\" data-end=\"1919\">Cette pierre attire souvent les personnes en qu\u00eate d\u2019apaisement et de s\u00e9r\u00e9nit\u00e9. Cette attirance r\u00e9v\u00e8le fr\u00e9quemment un d\u00e9s\u00e9quilibre du chakra de la gorge ou du chakra couronne. Ce d\u00e9s\u00e9quilibre se manifeste par du stress ou des difficult\u00e9s \u00e0 s\u2019exprimer. En M\u00e9decine Traditionnelle Chinoise, cela correspond souvent \u00e0 un d\u00e9s\u00e9quilibre des \u00e9nergies M\u00e9tal et Eau, li\u00e9 \u00e0 l\u2019anxi\u00e9t\u00e9 et aux peurs .<\/p>\n<\/div>\n<\/div>\n<\/div>\n<\/div>\n<\/section>\n<div class=\"pointer-events-none -mt-px h-px translate-y-[calc(var(--scroll-root-safe-area-inset-bottom)-14*var(--spacing))]\" aria-hidden=\"true\"><\/div>\n","protected":false},"excerpt":{"rendered":"<p>\u00a0 La C\u00e9lestine se pr\u00e9sente ici sous forme d\u2019une belle pi\u00e8ce cristallis\u00e9e sur toutes ses faces, sans matrice. Elle p\u00e8se 333 grammes et mesure environ 9 x 7 cm. Ainsi, elle s\u2019int\u00e8gre parfaitement dans un espace de repos ou de m\u00e9ditation. Cette pierre appartient \u00e0 la famille des sulfates et se forme dans des roches [&hellip;]<\/p>\n","protected":false},"featured_media":2570,"comment_status":"open","ping_status":"closed","template":"","meta":{"site-sidebar-layout":"default","site-content-layout":"","ast-site-content-layout":"default","site-content-style":"default","site-sidebar-style":"default","ast-global-header-display":"","ast-banner-title-visibility":"","ast-main-header-display":"","ast-hfb-above-header-display":"","ast-hfb-below-header-display":"","ast-hfb-mobile-header-display":"","site-post-title":"","ast-breadcrumbs-content":"","ast-featured-img":"","footer-sml-layout":"","ast-disable-related-posts":"","theme-transparent-header-meta":"default","adv-header-id-meta":"","stick-header-meta":"","header-above-stick-meta":"","header-main-stick-meta":"","header-below-stick-meta":"","astra-migrate-meta-layouts":"set","ast-page-background-enabled":"default","ast-page-background-meta":{"desktop":{"background-color":"var(--ast-global-color-4)","background-image":"","background-repeat":"repeat","background-position":"center center","background-size":"auto","background-attachment":"scroll","background-type":"","background-media":"","overlay-type":"","overlay-color":"","overlay-opacity":"","overlay-gradient":""},"tablet":{"background-color":"","background-image":"","background-repeat":"repeat","background-position":"center center","background-size":"auto","background-attachment":"scroll","background-type":"","background-media":"","overlay-type":"","overlay-color":"","overlay-opacity":"","overlay-gradient":""},"mobile":{"background-color":"","background-image":"","background-repeat":"repeat","background-position":"center center","background-size":"auto","background-attachment":"scroll","background-type":"","background-media":"","overlay-type":"","overlay-color":"","overlay-opacity":"","overlay-gradient":""}},"ast-content-background-meta":{"desktop":{"background-color":"var(--ast-global-color-5)","background-image":"","background-repeat":"repeat","background-position":"center center","background-size":"auto","background-attachment":"scroll","background-type":"","background-media":"","overlay-type":"","overlay-color":"","overlay-opacity":"","overlay-gradient":""},"tablet":{"background-color":"var(--ast-global-color-5)","background-image":"","background-repeat":"repeat","background-position":"center center","background-size":"auto","background-attachment":"scroll","background-type":"","background-media":"","overlay-type":"","overlay-color":"","overlay-opacity":"","overlay-gradient":""},"mobile":{"background-color":"var(--ast-global-color-5)","background-image":"","background-repeat":"repeat","background-position":"center center","background-size":"auto","background-attachment":"scroll","background-type":"","background-media":"","overlay-type":"","overlay-color":"","overlay-opacity":"","overlay-gradient":""}},"_glsr_average":0,"_glsr_ranking":0,"_glsr_reviews":0},"product_brand":[],"product_cat":[72,237,31],"product_tag":[],"class_list":{"0":"post-2567","1":"product","2":"type-product","3":"status-publish","4":"has-post-thumbnail","6":"product_cat-bleu","7":"product_cat-celestine","8":"product_cat-pierres-brutes","9":"desktop-align-left","10":"tablet-align-left","11":"mobile-align-left","13":"first","14":"instock","15":"purchasable","16":"product-type-simple"},"yoast_head":"<!-- This site is optimized with the Yoast SEO plugin v27.5 - https:\/\/yoast.com\/product\/yoast-seo-wordpress\/ -->\n<title>C\u00e9lestine - Au fil des pierres<\/title>\n<meta name=\"description\" content=\"C\u00e9lestine cristallis\u00e9e 333g. Pierre apaisante, anti-stress et communication douce. Id\u00e9ale pour s\u00e9r\u00e9nit\u00e9, sommeil et \u00e9quilibre \u00e9motionnel.\" \/>\n<meta name=\"robots\" content=\"index, follow, max-snippet:-1, max-image-preview:large, max-video-preview:-1\" \/>\n<link rel=\"canonical\" href=\"https:\/\/aufildespierres.com\/index.php\/product\/celestine\/\" \/>\n<meta property=\"og:locale\" content=\"fr_FR\" \/>\n<meta property=\"og:type\" content=\"article\" \/>\n<meta property=\"og:title\" content=\"C\u00e9lestine - Au fil des pierres\" \/>\n<meta property=\"og:description\" content=\"C\u00e9lestine cristallis\u00e9e 333g. Pierre apaisante, anti-stress et communication douce. Id\u00e9ale pour s\u00e9r\u00e9nit\u00e9, sommeil et \u00e9quilibre \u00e9motionnel.\" \/>\n<meta property=\"og:url\" content=\"https:\/\/aufildespierres.com\/index.php\/product\/celestine\/\" \/>\n<meta property=\"og:site_name\" content=\"Au fil des pierres\" \/>\n<meta property=\"article:modified_time\" content=\"2026-04-24T12:55:10+00:00\" \/>\n<meta property=\"og:image\" content=\"https:\/\/aufildespierres.com\/wp-content\/uploads\/2024\/06\/20240626_115354-scaled.jpg\" \/>\n\t<meta property=\"og:image:width\" content=\"2133\" \/>\n\t<meta property=\"og:image:height\" content=\"2560\" \/>\n\t<meta property=\"og:image:type\" content=\"image\/jpeg\" \/>\n<meta name=\"twitter:card\" content=\"summary_large_image\" \/>\n<meta name=\"twitter:label1\" content=\"Dur\u00e9e de lecture estim\u00e9e\" \/>\n\t<meta name=\"twitter:data1\" content=\"2 minutes\" \/>\n<script type=\"application\/ld+json\" class=\"yoast-schema-graph\">{\"@context\":\"https:\\\/\\\/schema.org\",\"@graph\":[{\"@type\":\"WebPage\",\"@id\":\"https:\\\/\\\/aufildespierres.com\\\/index.php\\\/product\\\/celestine\\\/\",\"url\":\"https:\\\/\\\/aufildespierres.com\\\/index.php\\\/product\\\/celestine\\\/\",\"name\":\"C\u00e9lestine - Au fil des pierres\",\"isPartOf\":{\"@id\":\"https:\\\/\\\/aufildespierres.com\\\/#website\"},\"primaryImageOfPage\":{\"@id\":\"https:\\\/\\\/aufildespierres.com\\\/index.php\\\/product\\\/celestine\\\/#primaryimage\"},\"image\":{\"@id\":\"https:\\\/\\\/aufildespierres.com\\\/index.php\\\/product\\\/celestine\\\/#primaryimage\"},\"thumbnailUrl\":\"https:\\\/\\\/aufildespierres.com\\\/wp-content\\\/uploads\\\/2024\\\/06\\\/20240626_115354-scaled.jpg\",\"datePublished\":\"2024-06-26T11:05:25+00:00\",\"dateModified\":\"2026-04-24T12:55:10+00:00\",\"description\":\"C\u00e9lestine cristallis\u00e9e 333g. Pierre apaisante, anti-stress et communication douce. Id\u00e9ale pour s\u00e9r\u00e9nit\u00e9, sommeil et \u00e9quilibre \u00e9motionnel.\",\"breadcrumb\":{\"@id\":\"https:\\\/\\\/aufildespierres.com\\\/index.php\\\/product\\\/celestine\\\/#breadcrumb\"},\"inLanguage\":\"fr-FR\",\"potentialAction\":[{\"@type\":\"ReadAction\",\"target\":[\"https:\\\/\\\/aufildespierres.com\\\/index.php\\\/product\\\/celestine\\\/\"]}]},{\"@type\":\"ImageObject\",\"inLanguage\":\"fr-FR\",\"@id\":\"https:\\\/\\\/aufildespierres.com\\\/index.php\\\/product\\\/celestine\\\/#primaryimage\",\"url\":\"https:\\\/\\\/aufildespierres.com\\\/wp-content\\\/uploads\\\/2024\\\/06\\\/20240626_115354-scaled.jpg\",\"contentUrl\":\"https:\\\/\\\/aufildespierres.com\\\/wp-content\\\/uploads\\\/2024\\\/06\\\/20240626_115354-scaled.jpg\",\"width\":2133,\"height\":2560},{\"@type\":\"BreadcrumbList\",\"@id\":\"https:\\\/\\\/aufildespierres.com\\\/index.php\\\/product\\\/celestine\\\/#breadcrumb\",\"itemListElement\":[{\"@type\":\"ListItem\",\"position\":1,\"name\":\"Accueil\",\"item\":\"https:\\\/\\\/aufildespierres.com\\\/\"},{\"@type\":\"ListItem\",\"position\":2,\"name\":\"Boutique de Lithoth\u00e9rapie\",\"item\":\"https:\\\/\\\/aufildespierres.com\\\/index.php\\\/boutique-de-lithotherapie\\\/\"},{\"@type\":\"ListItem\",\"position\":3,\"name\":\"C\u00e9lestine\"}]},{\"@type\":\"WebSite\",\"@id\":\"https:\\\/\\\/aufildespierres.com\\\/#website\",\"url\":\"https:\\\/\\\/aufildespierres.com\\\/\",\"name\":\"Au fil des pierres\",\"description\":\"Au fil des pierres\",\"publisher\":{\"@id\":\"https:\\\/\\\/aufildespierres.com\\\/#organization\"},\"potentialAction\":[{\"@type\":\"SearchAction\",\"target\":{\"@type\":\"EntryPoint\",\"urlTemplate\":\"https:\\\/\\\/aufildespierres.com\\\/?s={search_term_string}\"},\"query-input\":{\"@type\":\"PropertyValueSpecification\",\"valueRequired\":true,\"valueName\":\"search_term_string\"}}],\"inLanguage\":\"fr-FR\"},{\"@type\":\"Organization\",\"@id\":\"https:\\\/\\\/aufildespierres.com\\\/#organization\",\"name\":\"Au fil des pierres\",\"url\":\"https:\\\/\\\/aufildespierres.com\\\/\",\"logo\":{\"@type\":\"ImageObject\",\"inLanguage\":\"fr-FR\",\"@id\":\"https:\\\/\\\/aufildespierres.com\\\/#\\\/schema\\\/logo\\\/image\\\/\",\"url\":\"https:\\\/\\\/aufildespierres.com\\\/wp-content\\\/uploads\\\/2023\\\/05\\\/cropped-Logo-PNG-Transparent.png\",\"contentUrl\":\"https:\\\/\\\/aufildespierres.com\\\/wp-content\\\/uploads\\\/2023\\\/05\\\/cropped-Logo-PNG-Transparent.png\",\"width\":1776,\"height\":1625,\"caption\":\"Au fil des pierres\"},\"image\":{\"@id\":\"https:\\\/\\\/aufildespierres.com\\\/#\\\/schema\\\/logo\\\/image\\\/\"}}]}<\/script>\n<!-- \/ Yoast SEO plugin. -->","yoast_head_json":{"title":"C\u00e9lestine - Au fil des pierres","description":"C\u00e9lestine cristallis\u00e9e 333g. Pierre apaisante, anti-stress et communication douce. Id\u00e9ale pour s\u00e9r\u00e9nit\u00e9, sommeil et \u00e9quilibre \u00e9motionnel.","robots":{"index":"index","follow":"follow","max-snippet":"max-snippet:-1","max-image-preview":"max-image-preview:large","max-video-preview":"max-video-preview:-1"},"canonical":"https:\/\/aufildespierres.com\/index.php\/product\/celestine\/","og_locale":"fr_FR","og_type":"article","og_title":"C\u00e9lestine - Au fil des pierres","og_description":"C\u00e9lestine cristallis\u00e9e 333g. Pierre apaisante, anti-stress et communication douce. Id\u00e9ale pour s\u00e9r\u00e9nit\u00e9, sommeil et \u00e9quilibre \u00e9motionnel.","og_url":"https:\/\/aufildespierres.com\/index.php\/product\/celestine\/","og_site_name":"Au fil des pierres","article_modified_time":"2026-04-24T12:55:10+00:00","og_image":[{"width":2133,"height":2560,"url":"https:\/\/aufildespierres.com\/wp-content\/uploads\/2024\/06\/20240626_115354-scaled.jpg","type":"image\/jpeg"}],"twitter_card":"summary_large_image","twitter_misc":{"Dur\u00e9e de lecture estim\u00e9e":"2 minutes"},"schema":{"@context":"https:\/\/schema.org","@graph":[{"@type":"WebPage","@id":"https:\/\/aufildespierres.com\/index.php\/product\/celestine\/","url":"https:\/\/aufildespierres.com\/index.php\/product\/celestine\/","name":"C\u00e9lestine - Au fil des pierres","isPartOf":{"@id":"https:\/\/aufildespierres.com\/#website"},"primaryImageOfPage":{"@id":"https:\/\/aufildespierres.com\/index.php\/product\/celestine\/#primaryimage"},"image":{"@id":"https:\/\/aufildespierres.com\/index.php\/product\/celestine\/#primaryimage"},"thumbnailUrl":"https:\/\/aufildespierres.com\/wp-content\/uploads\/2024\/06\/20240626_115354-scaled.jpg","datePublished":"2024-06-26T11:05:25+00:00","dateModified":"2026-04-24T12:55:10+00:00","description":"C\u00e9lestine cristallis\u00e9e 333g. Pierre apaisante, anti-stress et communication douce. Id\u00e9ale pour s\u00e9r\u00e9nit\u00e9, sommeil et \u00e9quilibre \u00e9motionnel.","breadcrumb":{"@id":"https:\/\/aufildespierres.com\/index.php\/product\/celestine\/#breadcrumb"},"inLanguage":"fr-FR","potentialAction":[{"@type":"ReadAction","target":["https:\/\/aufildespierres.com\/index.php\/product\/celestine\/"]}]},{"@type":"ImageObject","inLanguage":"fr-FR","@id":"https:\/\/aufildespierres.com\/index.php\/product\/celestine\/#primaryimage","url":"https:\/\/aufildespierres.com\/wp-content\/uploads\/2024\/06\/20240626_115354-scaled.jpg","contentUrl":"https:\/\/aufildespierres.com\/wp-content\/uploads\/2024\/06\/20240626_115354-scaled.jpg","width":2133,"height":2560},{"@type":"BreadcrumbList","@id":"https:\/\/aufildespierres.com\/index.php\/product\/celestine\/#breadcrumb","itemListElement":[{"@type":"ListItem","position":1,"name":"Accueil","item":"https:\/\/aufildespierres.com\/"},{"@type":"ListItem","position":2,"name":"Boutique de Lithoth\u00e9rapie","item":"https:\/\/aufildespierres.com\/index.php\/boutique-de-lithotherapie\/"},{"@type":"ListItem","position":3,"name":"C\u00e9lestine"}]},{"@type":"WebSite","@id":"https:\/\/aufildespierres.com\/#website","url":"https:\/\/aufildespierres.com\/","name":"Au fil des pierres","description":"Au fil des pierres","publisher":{"@id":"https:\/\/aufildespierres.com\/#organization"},"potentialAction":[{"@type":"SearchAction","target":{"@type":"EntryPoint","urlTemplate":"https:\/\/aufildespierres.com\/?s={search_term_string}"},"query-input":{"@type":"PropertyValueSpecification","valueRequired":true,"valueName":"search_term_string"}}],"inLanguage":"fr-FR"},{"@type":"Organization","@id":"https:\/\/aufildespierres.com\/#organization","name":"Au fil des pierres","url":"https:\/\/aufildespierres.com\/","logo":{"@type":"ImageObject","inLanguage":"fr-FR","@id":"https:\/\/aufildespierres.com\/#\/schema\/logo\/image\/","url":"https:\/\/aufildespierres.com\/wp-content\/uploads\/2023\/05\/cropped-Logo-PNG-Transparent.png","contentUrl":"https:\/\/aufildespierres.com\/wp-content\/uploads\/2023\/05\/cropped-Logo-PNG-Transparent.png","width":1776,"height":1625,"caption":"Au fil des pierres"},"image":{"@id":"https:\/\/aufildespierres.com\/#\/schema\/logo\/image\/"}}]}},"_links":{"self":[{"href":"https:\/\/aufildespierres.com\/index.php\/wp-json\/wp\/v2\/product\/2567","targetHints":{"allow":["GET"]}}],"collection":[{"href":"https:\/\/aufildespierres.com\/index.php\/wp-json\/wp\/v2\/product"}],"about":[{"href":"https:\/\/aufildespierres.com\/index.php\/wp-json\/wp\/v2\/types\/product"}],"replies":[{"embeddable":true,"href":"https:\/\/aufildespierres.com\/index.php\/wp-json\/wp\/v2\/comments?post=2567"}],"wp:featuredmedia":[{"embeddable":true,"href":"https:\/\/aufildespierres.com\/index.php\/wp-json\/wp\/v2\/media\/2570"}],"wp:attachment":[{"href":"https:\/\/aufildespierres.com\/index.php\/wp-json\/wp\/v2\/media?parent=2567"}],"wp:term":[{"taxonomy":"product_brand","embeddable":true,"href":"https:\/\/aufildespierres.com\/index.php\/wp-json\/wp\/v2\/product_brand?post=2567"},{"taxonomy":"product_cat","embeddable":true,"href":"https:\/\/aufildespierres.com\/index.php\/wp-json\/wp\/v2\/product_cat?post=2567"},{"taxonomy":"product_tag","embeddable":true,"href":"https:\/\/aufildespierres.com\/index.php\/wp-json\/wp\/v2\/product_tag?post=2567"}],"curies":[{"name":"wp","href":"https:\/\/api.w.org\/{rel}","templated":true}]}}