{"id":2600,"date":"2024-07-11T21:54:42","date_gmt":"2024-07-11T19:54:42","guid":{"rendered":"https:\/\/aufildespierres.com\/?post_type=product&#038;p=2600"},"modified":"2026-04-24T22:34:22","modified_gmt":"2026-04-24T20:34:22","slug":"bracelet-diopside-et-aventurine","status":"publish","type":"product","link":"https:\/\/aufildespierres.com\/index.php\/product\/bracelet-diopside-et-aventurine\/","title":{"rendered":"Bracelet Diopside et Aventurine"},"content":{"rendered":"<div>\n<div class=\"flex h-svh w-screen flex-col\">\n<div class=\"relative z-0 flex min-h-0 w-full flex-1\">\n<div class=\"relative flex min-h-0 w-full flex-1\">\n<div class=\"@container\/main relative flex min-w-0 flex-1 flex-col -translate-y-[calc(env(safe-area-inset-bottom,0px)\/2)] pt-[calc(env(safe-area-inset-bottom,0px)\/2)]\">\n<div class=\"@w-sm\/main:[scrollbar-gutter:var(--stage-scroll-gutter)] touch:[scrollbar-width:none] group\/scroll-root relative flex min-h-0 min-w-0 flex-1 flex-col [scrollbar-gutter:stable] not-print:overflow-x-clip not-print:overflow-y-auto group-data-stream-active\/scroll-root:[overflow-anchor:none] scroll-pt-(--header-height) [--sticky-padding-top:var(--header-height)] [--sticky-padding-bottom:0px] [--scroll-root-safe-area-inset-top:calc(var(--sticky-padding-top)+env(safe-area-inset-top,0px))] [--scroll-root-safe-area-inset-bottom:calc(var(--sticky-padding-bottom)+var(--screen-keyboard-height,0px)+env(safe-area-inset-bottom,0px))] [--scroll-root-safe-area-height:calc(100lvh-var(--scroll-root-safe-area-inset-top)-var(--scroll-root-safe-area-inset-bottom))] has-data-[fixed-header=less-than-xl]:@w-xl\/main:scroll-pt-0 has-data-[fixed-header=less-than-xl]:@w-xl\/main:[--sticky-padding-top:0px] has-data-[fixed-header=less-than-xxl]:@w-2xl\/main:scroll-pt-0 has-data-[fixed-header=less-than-xxl]:@w-2xl\/main:[--sticky-padding-top:0px]\" data-scroll-root=\"\" data-scroll-from-top=\"\"><main id=\"main\" class=\"min-h-0 flex-1\"><\/p>\n<div id=\"thread\" class=\"group\/thread flex flex-col min-h-full\">\n<div class=\"composer-parent flex flex-1 flex-col focus-visible:outline-0\" role=\"presentation\">\n<div class=\"relative basis-auto flex-col -mb-(--composer-overlap-px) pb-(--composer-overlap-px) [--composer-overlap-px:28px] grow flex\">\n<div class=\"flex flex-col text-sm\">\n<section class=\"text-token-text-primary w-full focus:outline-none [--shadow-height:45px] has-data-writing-block:pointer-events-none has-data-writing-block:-mt-(--shadow-height) has-data-writing-block:pt-(--shadow-height) [&amp;:has([data-writing-block])&gt;*]:pointer-events-auto [content-visibility:auto] supports-[content-visibility:auto]:[contain-intrinsic-size:auto_100lvh] R6Vx5W_threadScrollVars scroll-mb-[calc(var(--scroll-root-safe-area-inset-bottom,0px)+var(--thread-response-height))] scroll-mt-[calc(var(--header-height)+min(200px,max(70px,20svh)))]\" dir=\"auto\" data-turn-id=\"request-WEB:34ebac74-8386-4f11-a1e3-bf73b54ba920-1\" data-testid=\"conversation-turn-4\" data-scroll-anchor=\"false\" data-turn=\"assistant\">\n<div class=\"text-base my-auto mx-auto pb-10 [--thread-content-margin:var(--thread-content-margin-xs,calc(var(--spacing)*4))] @w-sm\/main:[--thread-content-margin:var(--thread-content-margin-sm,calc(var(--spacing)*6))] @w-lg\/main:[--thread-content-margin:var(--thread-content-margin-lg,calc(var(--spacing)*16))] px-(--thread-content-margin)\">\n<div class=\"[--thread-content-max-width:40rem] @w-lg\/main:[--thread-content-max-width:48rem] mx-auto max-w-(--thread-content-max-width) flex-1 group\/turn-messages focus-visible:outline-hidden relative flex w-full min-w-0 flex-col agent-turn\">\n<div class=\"flex max-w-full flex-col gap-4 grow\">\n<div class=\"min-h-8 text-message relative flex w-full flex-col items-end gap-2 text-start break-words whitespace-normal outline-none keyboard-focused:focus-ring [.text-message+&amp;]:mt-1\" dir=\"auto\" tabindex=\"0\" data-message-author-role=\"assistant\" data-message-id=\"0b27aa33-1506-44cf-a377-4817358f1378\" data-message-model-slug=\"gpt-5-3\" data-turn-start-message=\"true\">\n<div class=\"flex w-full flex-col gap-1 empty:hidden\">\n<div class=\"markdown prose dark:prose-invert w-full wrap-break-word light markdown-new-styling\">\n<p data-start=\"0\" data-end=\"283\">Le <strong data-start=\"3\" data-end=\"52\">bracelet Diopside et Aventurine verte en 6 mm<\/strong> associe deux pierres naturelles reconnues pour leur action \u00e9quilibrante sur le plan \u00e9motionnel et \u00e9nerg\u00e9tique. Cette combinaison harmonise particuli\u00e8rement le chakra du c\u0153ur et accompagne les p\u00e9riodes de transformation int\u00e9rieure.<\/p>\n<h3 data-section-id=\"pf6s7p\" data-start=\"285\" data-end=\"323\">Origine et formation des pierres<\/h3>\n<p data-start=\"324\" data-end=\"668\">L\u2019Aventurine verte appartient \u00e0 la famille des quartz. Elle se forme principalement dans des filons hydrothermaux, o\u00f9 des solutions riches en silice cristallisent lentement. Sa teinte verte provient d\u2019inclusions de fuchsite, un mica riche en chrome.<\/p>\n<p data-start=\"670\" data-end=\"1115\">La Diopside est un min\u00e9ral de la famille des silicates, plus pr\u00e9cis\u00e9ment un pyrox\u00e8ne riche en calcium et en magn\u00e9sium. Elle se forme dans des roches magmatiques et m\u00e9tamorphiques, sous des conditions de pression et de temp\u00e9rature \u00e9lev\u00e9es.\u00a0 Elle pr\u00e9sente des reflets verts profonds pouvant varier selon l\u2019angle de la lumi\u00e8re. Sa relative raret\u00e9 en bracelet en fait une pierre particuli\u00e8rement recherch\u00e9e.<\/p>\n<h3 data-section-id=\"drm9te\" data-start=\"1117\" data-end=\"1146\">Vertus en lithoth\u00e9rapie<\/h3>\n<p data-start=\"1147\" data-end=\"1478\">L\u2019Aventurine verte apporte apaisement et stabilit\u00e9 \u00e9motionnelle. Elle favorise l\u2019introspection, aide \u00e0 prendre du recul et d\u00e9veloppe la patience. Elle soutient \u00e9galement l\u2019ouverture aux autres tout en renfor\u00e7ant l\u2019amour de soi. Sur le plan physique, elle accompagne le bon fonctionnement du c\u0153ur et contribue \u00e0 l\u2019\u00e9quilibre du foie.<\/p>\n<p data-start=\"1480\" data-end=\"1832\">La Diopside agit en profondeur sur les m\u00e9moires \u00e9motionnelles. Elle aide \u00e0 lib\u00e9rer les chocs affectifs, les tristesses anciennes et les blocages li\u00e9s au pass\u00e9. En facilitant l\u2019expression des \u00e9motions, elle permet un apaisement durable et une meilleure clart\u00e9 int\u00e9rieure. Elle stimule \u00e9galement l\u2019intuition et aide \u00e0 prendre des d\u00e9cisions plus align\u00e9es.<\/p>\n<h3 data-section-id=\"1ng19y0\" data-start=\"1834\" data-end=\"1859\"><\/h3>\n<p data-start=\"1860\" data-end=\"2282\">Une attirance pour ce bracelet traduit souvent un besoin de lib\u00e9ration \u00e9motionnelle et de recentrage. Elle peut indiquer une accumulation de tristesse, d\u2019irritabilit\u00e9 ou de confusion int\u00e9rieure. Selon la m\u00e9decine traditionnelle chinoise, ces d\u00e9s\u00e9quilibres sont fr\u00e9quemment li\u00e9s \u00e0 l\u2019\u00e9nergie du Foie (\u00e9l\u00e9ment Bois), en lien avec les \u00e9motions refoul\u00e9es comme la frustration ou la col\u00e8re .<\/p>\n<h3 data-section-id=\"ixhoiq\" data-start=\"2284\" data-end=\"2318\">Utilisation en lithoth\u00e9rapie<\/h3>\n<p data-start=\"2319\" data-end=\"2604\">Portez ce bracelet au quotidien pour b\u00e9n\u00e9ficier d\u2019un soutien \u00e9nerg\u00e9tique constant. Prenez quelques instants pour vous recentrer, respirer et observer vos ressentis. La r\u00e9gularit\u00e9 dans l\u2019utilisation favorise un travail en profondeur et une \u00e9volution progressive vers plus de s\u00e9r\u00e9nit\u00e9.<\/p>\n<p data-start=\"2606\" data-end=\"2823\" data-is-last-node=\"\" data-is-only-node=\"\">La lithoth\u00e9rapie s\u2019inscrit dans une d\u00e9marche globale visant \u00e0 r\u00e9tablir l\u2019\u00e9quilibre entre le corps, l\u2019esprit et les \u00e9motions, en s\u2019appuyant sur la vibration naturelle des min\u00e9raux .<\/p>\n<\/div>\n<\/div>\n<\/div>\n<\/div>\n<div class=\"z-0 flex min-h-[46px] justify-start\"><\/div>\n<div class=\"mt-3 w-full empty:hidden\">\n<div class=\"text-center\"><\/div>\n<\/div>\n<\/div>\n<\/div>\n<\/section>\n<div class=\"pointer-events-none -mt-px h-px translate-y-[calc(var(--scroll-root-safe-area-inset-bottom)-14*var(--spacing))]\" aria-hidden=\"true\"><\/div>\n<div class=\"pointer-events-none translate-y-(--scroll-root-safe-area-inset-bottom) R6Vx5W_threadScrollVars min-h-(--gutter-remaining-height,0px) group-data-stream-active\/scroll-root:h-[calc(var(--thread-response-height)-16*var(--spacing))]\"><\/div>\n<\/div>\n<\/div>\n<div id=\"thread-bottom-container\" class=\"sticky bottom-0 z-10 group\/thread-bottom-container relative isolate w-full basis-auto has-data-has-thread-error:pt-2 has-data-has-thread-error:[box-shadow:var(--sharp-edge-bottom-shadow)] md:border-transparent md:pt-0 dark:border-white\/20 md:dark:border-transparent print:hidden content-fade single-line flex flex-col\">\n<div class=\"relative mx-auto h-0\">\n<div class=\"flex h-0 items-end justify-center motion-safe:transition-all motion-safe:delay-300 motion-safe:duration-300 group-[:not([data-scroll-from-end])]\/scroll-root:scale-50 group-[:not([data-scroll-from-end])]\/scroll-root:translate-y-2 group-[:not([data-scroll-from-end])]\/scroll-root:opacity-0 group-[:not([data-scroll-from-end])]\/scroll-root:pointer-events-none group-[:not([data-scroll-from-end])]\/scroll-root:duration-100 group-[:not([data-scroll-from-end])]\/scroll-root:delay-0 absolute start-1\/2 z-10 -translate-x-1\/2 bottom-[calc(100%+6*var(--spacing)+var(--thread-scroll-to-bottom-banner-offset,0px))]\"><\/div>\n<\/div>\n<div id=\"thread-bottom\">\n<div class=\"text-base mx-auto [--thread-content-margin:var(--thread-content-margin-xs,calc(var(--spacing)*4))] @w-sm\/main:[--thread-content-margin:var(--thread-content-margin-sm,calc(var(--spacing)*6))] @w-lg\/main:[--thread-content-margin:var(--thread-content-margin-lg,calc(var(--spacing)*16))] px-(--thread-content-margin)\">\n<div class=\"[--thread-content-max-width:40rem] @w-lg\/main:[--thread-content-max-width:48rem] mx-auto max-w-(--thread-content-max-width) flex-1 mb-[var(--thread-component-gap,1rem)]\">\n<div class=\"flex justify-center empty:hidden\"><\/div>\n<div class=\"pointer-events-auto relative z-1 flex h-(--composer-container-height,100%) max-w-full flex-(--composer-container-flex,1) flex-col\">\n<div class=\"absolute start-0 end-0 bottom-full z-20\"><\/div>\n<form class=\"group\/composer w-full\" data-type=\"unified-composer\">\n<div class=\"hidden\"><\/div>\n<\/form>\n<\/div>\n<\/div>\n<\/div>\n<\/div>\n<div class=\"-mt-4 text-token-text-secondary relative w-full overflow-hidden text-center text-xs [view-transition-name:var(--vt-disclaimer)] md:px-[60px]\"><\/div>\n<\/div>\n<\/div>\n<\/div>\n<p><\/main><\/div>\n<\/div>\n<\/div>\n<\/div>\n<div><\/div>\n<\/div>\n<\/div>\n<p>&nbsp;<\/p>\n<p><dialog class=\"group\/dialog @container inset-0 min-h-full min-w-full items-center justify-center overflow-auto overscroll-y-contain bg-[rgba(0,0,0,0.5)] whitespace-normal backdrop-blur-[1px]\"><\/dialog><\/p>\n<p>&nbsp;<\/p>\n<p>&nbsp;<\/p>\n","protected":false},"excerpt":{"rendered":"<p>Le bracelet Diopside et Aventurine verte en 6 mm associe deux pierres naturelles reconnues pour leur action \u00e9quilibrante sur le plan \u00e9motionnel et \u00e9nerg\u00e9tique. Cette combinaison harmonise particuli\u00e8rement le chakra du c\u0153ur et accompagne les p\u00e9riodes de transformation int\u00e9rieure. Origine et formation des pierres L\u2019Aventurine verte appartient \u00e0 la famille des quartz. Elle se forme [&hellip;]<\/p>\n","protected":false},"featured_media":2602,"comment_status":"open","ping_status":"closed","template":"","meta":{"site-sidebar-layout":"default","site-content-layout":"","ast-site-content-layout":"default","site-content-style":"default","site-sidebar-style":"default","ast-global-header-display":"","ast-banner-title-visibility":"","ast-main-header-display":"","ast-hfb-above-header-display":"","ast-hfb-below-header-display":"","ast-hfb-mobile-header-display":"","site-post-title":"","ast-breadcrumbs-content":"","ast-featured-img":"","footer-sml-layout":"","ast-disable-related-posts":"","theme-transparent-header-meta":"default","adv-header-id-meta":"","stick-header-meta":"","header-above-stick-meta":"","header-main-stick-meta":"","header-below-stick-meta":"","astra-migrate-meta-layouts":"set","ast-page-background-enabled":"default","ast-page-background-meta":{"desktop":{"background-color":"var(--ast-global-color-4)","background-image":"","background-repeat":"repeat","background-position":"center center","background-size":"auto","background-attachment":"scroll","background-type":"","background-media":"","overlay-type":"","overlay-color":"","overlay-opacity":"","overlay-gradient":""},"tablet":{"background-color":"","background-image":"","background-repeat":"repeat","background-position":"center center","background-size":"auto","background-attachment":"scroll","background-type":"","background-media":"","overlay-type":"","overlay-color":"","overlay-opacity":"","overlay-gradient":""},"mobile":{"background-color":"","background-image":"","background-repeat":"repeat","background-position":"center center","background-size":"auto","background-attachment":"scroll","background-type":"","background-media":"","overlay-type":"","overlay-color":"","overlay-opacity":"","overlay-gradient":""}},"ast-content-background-meta":{"desktop":{"background-color":"var(--ast-global-color-5)","background-image":"","background-repeat":"repeat","background-position":"center center","background-size":"auto","background-attachment":"scroll","background-type":"","background-media":"","overlay-type":"","overlay-color":"","overlay-opacity":"","overlay-gradient":""},"tablet":{"background-color":"var(--ast-global-color-5)","background-image":"","background-repeat":"repeat","background-position":"center center","background-size":"auto","background-attachment":"scroll","background-type":"","background-media":"","overlay-type":"","overlay-color":"","overlay-opacity":"","overlay-gradient":""},"mobile":{"background-color":"var(--ast-global-color-5)","background-image":"","background-repeat":"repeat","background-position":"center center","background-size":"auto","background-attachment":"scroll","background-type":"","background-media":"","overlay-type":"","overlay-color":"","overlay-opacity":"","overlay-gradient":""}},"_glsr_average":0,"_glsr_ranking":0,"_glsr_reviews":0},"product_brand":[],"product_cat":[53,120,56,290,263,78],"product_tag":[],"class_list":{"0":"post-2600","1":"product","2":"type-product","3":"status-publish","4":"has-post-thumbnail","6":"product_cat-6-mm","7":"product_cat-aventurine-verte","8":"product_cat-bracelets-de-lithotherapie","9":"product_cat-bracelets-de-lithotherapie-femmes","10":"product_cat-diopside","11":"product_cat-vert","12":"desktop-align-left","13":"tablet-align-left","14":"mobile-align-left","16":"first","17":"instock","18":"purchasable","19":"product-type-variable"},"yoast_head":"<!-- This site is optimized with the Yoast SEO plugin v27.5 - https:\/\/yoast.com\/product\/yoast-seo-wordpress\/ -->\n<title>Bracelet Diopside et Aventurine - Au fil des pierres<\/title>\n<meta name=\"description\" content=\"Bracelet Diopside et Aventurine verte 6 mm : apaise les \u00e9motions, lib\u00e8re les blocages affectifs, favorise l\u2019introspection, soutient le c\u0153ur et r\u00e9\u00e9quilibre l\u2019\u00e9nergie li\u00e9e au stress et \u00e0 la frustration.\" \/>\n<meta name=\"robots\" content=\"index, follow, max-snippet:-1, max-image-preview:large, max-video-preview:-1\" \/>\n<link rel=\"canonical\" href=\"https:\/\/aufildespierres.com\/index.php\/product\/bracelet-diopside-et-aventurine\/\" \/>\n<meta property=\"og:locale\" content=\"fr_FR\" \/>\n<meta property=\"og:type\" content=\"article\" \/>\n<meta property=\"og:title\" content=\"Bracelet Diopside et Aventurine - Au fil des pierres\" \/>\n<meta property=\"og:description\" content=\"Bracelet Diopside et Aventurine verte 6 mm : apaise les \u00e9motions, lib\u00e8re les blocages affectifs, favorise l\u2019introspection, soutient le c\u0153ur et r\u00e9\u00e9quilibre l\u2019\u00e9nergie li\u00e9e au stress et \u00e0 la frustration.\" \/>\n<meta property=\"og:url\" content=\"https:\/\/aufildespierres.com\/index.php\/product\/bracelet-diopside-et-aventurine\/\" \/>\n<meta property=\"og:site_name\" content=\"Au fil des pierres\" \/>\n<meta property=\"article:modified_time\" content=\"2026-04-24T20:34:22+00:00\" \/>\n<meta property=\"og:image\" content=\"https:\/\/aufildespierres.com\/wp-content\/uploads\/2024\/07\/20240708_144853-scaled.jpg\" \/>\n\t<meta property=\"og:image:width\" content=\"1920\" \/>\n\t<meta property=\"og:image:height\" content=\"2560\" \/>\n\t<meta property=\"og:image:type\" content=\"image\/jpeg\" \/>\n<meta name=\"twitter:card\" content=\"summary_large_image\" \/>\n<meta name=\"twitter:label1\" content=\"Dur\u00e9e de lecture estim\u00e9e\" \/>\n\t<meta name=\"twitter:data1\" content=\"3 minutes\" \/>\n<script type=\"application\/ld+json\" class=\"yoast-schema-graph\">{\"@context\":\"https:\\\/\\\/schema.org\",\"@graph\":[{\"@type\":\"WebPage\",\"@id\":\"https:\\\/\\\/aufildespierres.com\\\/index.php\\\/product\\\/bracelet-diopside-et-aventurine\\\/\",\"url\":\"https:\\\/\\\/aufildespierres.com\\\/index.php\\\/product\\\/bracelet-diopside-et-aventurine\\\/\",\"name\":\"Bracelet Diopside et Aventurine - Au fil des pierres\",\"isPartOf\":{\"@id\":\"https:\\\/\\\/aufildespierres.com\\\/#website\"},\"primaryImageOfPage\":{\"@id\":\"https:\\\/\\\/aufildespierres.com\\\/index.php\\\/product\\\/bracelet-diopside-et-aventurine\\\/#primaryimage\"},\"image\":{\"@id\":\"https:\\\/\\\/aufildespierres.com\\\/index.php\\\/product\\\/bracelet-diopside-et-aventurine\\\/#primaryimage\"},\"thumbnailUrl\":\"https:\\\/\\\/aufildespierres.com\\\/wp-content\\\/uploads\\\/2024\\\/07\\\/20240708_144853-scaled.jpg\",\"datePublished\":\"2024-07-11T19:54:42+00:00\",\"dateModified\":\"2026-04-24T20:34:22+00:00\",\"description\":\"Bracelet Diopside et Aventurine verte 6 mm : apaise les \u00e9motions, lib\u00e8re les blocages affectifs, favorise l\u2019introspection, soutient le c\u0153ur et r\u00e9\u00e9quilibre l\u2019\u00e9nergie li\u00e9e au stress et \u00e0 la frustration.\",\"breadcrumb\":{\"@id\":\"https:\\\/\\\/aufildespierres.com\\\/index.php\\\/product\\\/bracelet-diopside-et-aventurine\\\/#breadcrumb\"},\"inLanguage\":\"fr-FR\",\"potentialAction\":[{\"@type\":\"ReadAction\",\"target\":[\"https:\\\/\\\/aufildespierres.com\\\/index.php\\\/product\\\/bracelet-diopside-et-aventurine\\\/\"]}]},{\"@type\":\"ImageObject\",\"inLanguage\":\"fr-FR\",\"@id\":\"https:\\\/\\\/aufildespierres.com\\\/index.php\\\/product\\\/bracelet-diopside-et-aventurine\\\/#primaryimage\",\"url\":\"https:\\\/\\\/aufildespierres.com\\\/wp-content\\\/uploads\\\/2024\\\/07\\\/20240708_144853-scaled.jpg\",\"contentUrl\":\"https:\\\/\\\/aufildespierres.com\\\/wp-content\\\/uploads\\\/2024\\\/07\\\/20240708_144853-scaled.jpg\",\"width\":1920,\"height\":2560},{\"@type\":\"BreadcrumbList\",\"@id\":\"https:\\\/\\\/aufildespierres.com\\\/index.php\\\/product\\\/bracelet-diopside-et-aventurine\\\/#breadcrumb\",\"itemListElement\":[{\"@type\":\"ListItem\",\"position\":1,\"name\":\"Accueil\",\"item\":\"https:\\\/\\\/aufildespierres.com\\\/\"},{\"@type\":\"ListItem\",\"position\":2,\"name\":\"Boutique de Lithoth\u00e9rapie\",\"item\":\"https:\\\/\\\/aufildespierres.com\\\/index.php\\\/boutique-de-lithotherapie\\\/\"},{\"@type\":\"ListItem\",\"position\":3,\"name\":\"Bracelet Diopside et Aventurine\"}]},{\"@type\":\"WebSite\",\"@id\":\"https:\\\/\\\/aufildespierres.com\\\/#website\",\"url\":\"https:\\\/\\\/aufildespierres.com\\\/\",\"name\":\"Au fil des pierres\",\"description\":\"Au fil des pierres\",\"publisher\":{\"@id\":\"https:\\\/\\\/aufildespierres.com\\\/#organization\"},\"potentialAction\":[{\"@type\":\"SearchAction\",\"target\":{\"@type\":\"EntryPoint\",\"urlTemplate\":\"https:\\\/\\\/aufildespierres.com\\\/?s={search_term_string}\"},\"query-input\":{\"@type\":\"PropertyValueSpecification\",\"valueRequired\":true,\"valueName\":\"search_term_string\"}}],\"inLanguage\":\"fr-FR\"},{\"@type\":\"Organization\",\"@id\":\"https:\\\/\\\/aufildespierres.com\\\/#organization\",\"name\":\"Au fil des pierres\",\"url\":\"https:\\\/\\\/aufildespierres.com\\\/\",\"logo\":{\"@type\":\"ImageObject\",\"inLanguage\":\"fr-FR\",\"@id\":\"https:\\\/\\\/aufildespierres.com\\\/#\\\/schema\\\/logo\\\/image\\\/\",\"url\":\"https:\\\/\\\/aufildespierres.com\\\/wp-content\\\/uploads\\\/2023\\\/05\\\/cropped-Logo-PNG-Transparent.png\",\"contentUrl\":\"https:\\\/\\\/aufildespierres.com\\\/wp-content\\\/uploads\\\/2023\\\/05\\\/cropped-Logo-PNG-Transparent.png\",\"width\":1776,\"height\":1625,\"caption\":\"Au fil des pierres\"},\"image\":{\"@id\":\"https:\\\/\\\/aufildespierres.com\\\/#\\\/schema\\\/logo\\\/image\\\/\"}}]}<\/script>\n<!-- \/ Yoast SEO plugin. -->","yoast_head_json":{"title":"Bracelet Diopside et Aventurine - Au fil des pierres","description":"Bracelet Diopside et Aventurine verte 6 mm : apaise les \u00e9motions, lib\u00e8re les blocages affectifs, favorise l\u2019introspection, soutient le c\u0153ur et r\u00e9\u00e9quilibre l\u2019\u00e9nergie li\u00e9e au stress et \u00e0 la frustration.","robots":{"index":"index","follow":"follow","max-snippet":"max-snippet:-1","max-image-preview":"max-image-preview:large","max-video-preview":"max-video-preview:-1"},"canonical":"https:\/\/aufildespierres.com\/index.php\/product\/bracelet-diopside-et-aventurine\/","og_locale":"fr_FR","og_type":"article","og_title":"Bracelet Diopside et Aventurine - Au fil des pierres","og_description":"Bracelet Diopside et Aventurine verte 6 mm : apaise les \u00e9motions, lib\u00e8re les blocages affectifs, favorise l\u2019introspection, soutient le c\u0153ur et r\u00e9\u00e9quilibre l\u2019\u00e9nergie li\u00e9e au stress et \u00e0 la frustration.","og_url":"https:\/\/aufildespierres.com\/index.php\/product\/bracelet-diopside-et-aventurine\/","og_site_name":"Au fil des pierres","article_modified_time":"2026-04-24T20:34:22+00:00","og_image":[{"width":1920,"height":2560,"url":"https:\/\/aufildespierres.com\/wp-content\/uploads\/2024\/07\/20240708_144853-scaled.jpg","type":"image\/jpeg"}],"twitter_card":"summary_large_image","twitter_misc":{"Dur\u00e9e de lecture estim\u00e9e":"3 minutes"},"schema":{"@context":"https:\/\/schema.org","@graph":[{"@type":"WebPage","@id":"https:\/\/aufildespierres.com\/index.php\/product\/bracelet-diopside-et-aventurine\/","url":"https:\/\/aufildespierres.com\/index.php\/product\/bracelet-diopside-et-aventurine\/","name":"Bracelet Diopside et Aventurine - Au fil des pierres","isPartOf":{"@id":"https:\/\/aufildespierres.com\/#website"},"primaryImageOfPage":{"@id":"https:\/\/aufildespierres.com\/index.php\/product\/bracelet-diopside-et-aventurine\/#primaryimage"},"image":{"@id":"https:\/\/aufildespierres.com\/index.php\/product\/bracelet-diopside-et-aventurine\/#primaryimage"},"thumbnailUrl":"https:\/\/aufildespierres.com\/wp-content\/uploads\/2024\/07\/20240708_144853-scaled.jpg","datePublished":"2024-07-11T19:54:42+00:00","dateModified":"2026-04-24T20:34:22+00:00","description":"Bracelet Diopside et Aventurine verte 6 mm : apaise les \u00e9motions, lib\u00e8re les blocages affectifs, favorise l\u2019introspection, soutient le c\u0153ur et r\u00e9\u00e9quilibre l\u2019\u00e9nergie li\u00e9e au stress et \u00e0 la frustration.","breadcrumb":{"@id":"https:\/\/aufildespierres.com\/index.php\/product\/bracelet-diopside-et-aventurine\/#breadcrumb"},"inLanguage":"fr-FR","potentialAction":[{"@type":"ReadAction","target":["https:\/\/aufildespierres.com\/index.php\/product\/bracelet-diopside-et-aventurine\/"]}]},{"@type":"ImageObject","inLanguage":"fr-FR","@id":"https:\/\/aufildespierres.com\/index.php\/product\/bracelet-diopside-et-aventurine\/#primaryimage","url":"https:\/\/aufildespierres.com\/wp-content\/uploads\/2024\/07\/20240708_144853-scaled.jpg","contentUrl":"https:\/\/aufildespierres.com\/wp-content\/uploads\/2024\/07\/20240708_144853-scaled.jpg","width":1920,"height":2560},{"@type":"BreadcrumbList","@id":"https:\/\/aufildespierres.com\/index.php\/product\/bracelet-diopside-et-aventurine\/#breadcrumb","itemListElement":[{"@type":"ListItem","position":1,"name":"Accueil","item":"https:\/\/aufildespierres.com\/"},{"@type":"ListItem","position":2,"name":"Boutique de Lithoth\u00e9rapie","item":"https:\/\/aufildespierres.com\/index.php\/boutique-de-lithotherapie\/"},{"@type":"ListItem","position":3,"name":"Bracelet Diopside et Aventurine"}]},{"@type":"WebSite","@id":"https:\/\/aufildespierres.com\/#website","url":"https:\/\/aufildespierres.com\/","name":"Au fil des pierres","description":"Au fil des pierres","publisher":{"@id":"https:\/\/aufildespierres.com\/#organization"},"potentialAction":[{"@type":"SearchAction","target":{"@type":"EntryPoint","urlTemplate":"https:\/\/aufildespierres.com\/?s={search_term_string}"},"query-input":{"@type":"PropertyValueSpecification","valueRequired":true,"valueName":"search_term_string"}}],"inLanguage":"fr-FR"},{"@type":"Organization","@id":"https:\/\/aufildespierres.com\/#organization","name":"Au fil des pierres","url":"https:\/\/aufildespierres.com\/","logo":{"@type":"ImageObject","inLanguage":"fr-FR","@id":"https:\/\/aufildespierres.com\/#\/schema\/logo\/image\/","url":"https:\/\/aufildespierres.com\/wp-content\/uploads\/2023\/05\/cropped-Logo-PNG-Transparent.png","contentUrl":"https:\/\/aufildespierres.com\/wp-content\/uploads\/2023\/05\/cropped-Logo-PNG-Transparent.png","width":1776,"height":1625,"caption":"Au fil des pierres"},"image":{"@id":"https:\/\/aufildespierres.com\/#\/schema\/logo\/image\/"}}]}},"_links":{"self":[{"href":"https:\/\/aufildespierres.com\/index.php\/wp-json\/wp\/v2\/product\/2600","targetHints":{"allow":["GET"]}}],"collection":[{"href":"https:\/\/aufildespierres.com\/index.php\/wp-json\/wp\/v2\/product"}],"about":[{"href":"https:\/\/aufildespierres.com\/index.php\/wp-json\/wp\/v2\/types\/product"}],"replies":[{"embeddable":true,"href":"https:\/\/aufildespierres.com\/index.php\/wp-json\/wp\/v2\/comments?post=2600"}],"wp:featuredmedia":[{"embeddable":true,"href":"https:\/\/aufildespierres.com\/index.php\/wp-json\/wp\/v2\/media\/2602"}],"wp:attachment":[{"href":"https:\/\/aufildespierres.com\/index.php\/wp-json\/wp\/v2\/media?parent=2600"}],"wp:term":[{"taxonomy":"product_brand","embeddable":true,"href":"https:\/\/aufildespierres.com\/index.php\/wp-json\/wp\/v2\/product_brand?post=2600"},{"taxonomy":"product_cat","embeddable":true,"href":"https:\/\/aufildespierres.com\/index.php\/wp-json\/wp\/v2\/product_cat?post=2600"},{"taxonomy":"product_tag","embeddable":true,"href":"https:\/\/aufildespierres.com\/index.php\/wp-json\/wp\/v2\/product_tag?post=2600"}],"curies":[{"name":"wp","href":"https:\/\/api.w.org\/{rel}","templated":true}]}}