{"id":2604,"date":"2024-07-12T09:19:36","date_gmt":"2024-07-12T07:19:36","guid":{"rendered":"https:\/\/aufildespierres.com\/?post_type=product&#038;p=2604"},"modified":"2026-04-23T21:40:18","modified_gmt":"2026-04-23T19:40:18","slug":"plaque-de-charoite","status":"publish","type":"product","link":"https:\/\/aufildespierres.com\/index.php\/product\/plaque-de-charoite\/","title":{"rendered":"Plaque de Charoite"},"content":{"rendered":"<p data-start=\"78\" data-end=\"149\"><strong data-start=\"78\" data-end=\"149\">Plaque de Charoite \u2013 qualit\u00e9 AA \u2013 origine Russie \u2013 11 x 6 cm \u2013 77 g<\/strong><\/p>\n<p data-start=\"151\" data-end=\"508\">Cette plaque de Charoite qualit\u00e9 AA, originaire de Russie, pr\u00e9sente une face brute semi-polie qui met en valeur ses magnifiques nuances violettes. Elle diffuse une \u00e9nergie profonde de transformation et de lib\u00e9ration \u00e9motionnelle. Ainsi, si cette pierre vous attire, cela r\u00e9v\u00e8le souvent un besoin de l\u00e2cher prise, de clart\u00e9 mentale et d\u2019\u00e9volution int\u00e9rieure.<\/p>\n<p data-start=\"510\" data-end=\"856\">La charo\u00efte est une pierre rare form\u00e9e dans des environnements m\u00e9tamorphiques complexes. Gr\u00e2ce \u00e0 ce processus, elle d\u00e9veloppe une \u00e9nergie puissante de purification et de transmutation. Elle agit principalement sur les chakras du c\u0153ur, du troisi\u00e8me \u0153il et de la couronne, favorisant une ouverture spirituelle et une meilleure compr\u00e9hension de soi.<\/p>\n<p data-start=\"858\" data-end=\"1122\">Sur le plan psychologique, la charo\u00efte d\u00e9veloppe le sens de l\u2019observation et am\u00e9liore les capacit\u00e9s d\u2019analyse et de synth\u00e8se. Elle stimule la vision int\u00e9rieure ainsi que l\u2019intuition spirituelle. Par cons\u00e9quent, elle aide \u00e0 prendre des d\u00e9cisions justes et align\u00e9es.<\/p>\n<p data-start=\"1124\" data-end=\"1431\">Ensuite, cette pierre purifie l\u2019inconscient et lib\u00e8re les charges \u00e9motionnelles n\u00e9gatives. Elle apaise les angoisses, r\u00e9duit le stress quotidien et calme le flux mental. Ainsi, elle facilite l\u2019endormissement et limite les troubles nocturnes comme les cauchemars, le somnambulisme ou les peurs inconscientes.<\/p>\n<p data-start=\"1433\" data-end=\"1665\">Par ailleurs, la charo\u00efte agit comme une pierre de sagesse. Elle aide \u00e0 g\u00e9rer les \u00e9motions, diminue les tensions nerveuses et ouvre \u00e0 des perceptions plus subtiles et\u00a0 renforce la confiance en soi, l\u2019assurance et la d\u00e9termination.<\/p>\n<p data-start=\"1667\" data-end=\"1961\">De plus, elle \u00e9vite de se laisser submerger par les \u00e9motions et dissipe la tristesse. Elle se montre particuli\u00e8rement utile en cas de surmenage, de burn-out ou de charge mentale \u00e9lev\u00e9e. Elle r\u00e9duit \u00e9galement les pens\u00e9es obsessionnelles et aide \u00e0 prendre du recul face aux situations difficiles.<\/p>\n<p data-start=\"1963\" data-end=\"2175\">En compl\u00e9ment, elle soutient les personnes influenc\u00e9es par l\u2019avis des autres en les aidant \u00e0 affirmer leurs propres id\u00e9es. Elle favorise la pers\u00e9v\u00e9rance et permet de terminer ce qui a \u00e9t\u00e9 commenc\u00e9 avec constance.<\/p>\n<p data-start=\"2177\" data-end=\"2403\">Sur le plan physique, la charo\u00efte calme le syst\u00e8me nerveux et r\u00e9duit les douleurs musculaires, les crampes ainsi que les tensions cervicales et lombaires. Elle agit aussi sur les spasmes digestifs et les douleurs menstruelles.<\/p>\n<p data-start=\"2405\" data-end=\"2672\">De plus, elle stimule le syst\u00e8me immunitaire et soutient les fonctions de d\u00e9toxification du corps. Elle purifie le foie, les reins et le pancr\u00e9as, tout en aidant \u00e0 \u00e9liminer les toxines et les graisses et\u00a0 accompagne ainsi les d\u00e9marches de r\u00e9\u00e9quilibrage alimentaire.<\/p>\n<p data-start=\"2674\" data-end=\"2934\">Elle am\u00e9liore \u00e9galement la circulation sanguine, r\u00e9gule la pression et renforce le muscle cardiaque,\u00a0 favorise l\u2019activit\u00e9 physique et diminue les crampes chez les sportifs. Enfin, elle am\u00e9liore la qualit\u00e9 du sommeil et contribue \u00e0 un repos plus r\u00e9parateur.<\/p>\n<p data-start=\"2936\" data-end=\"3252\"><strong data-start=\"2936\" data-end=\"2977\">Comment l\u2019utiliser en lithoth\u00e9rapie :<\/strong><br data-start=\"2977\" data-end=\"2980\" \/>Placez la plaque de Charo\u00efte dans un espace calme ou utilisez-la lors de vos moments d\u2019introspection. Ensuite, respirez profond\u00e9ment et posez une intention claire. Enfin, utilisez-la r\u00e9guli\u00e8rement pour int\u00e9grer ses effets, car la lithoth\u00e9rapie agit de mani\u00e8re progressive.<\/p>\n<p data-start=\"3254\" data-end=\"3413\"><strong data-start=\"3254\" data-end=\"3282\">Entretien de la pierre :<\/strong><br data-start=\"3282\" data-end=\"3285\" \/>Rincez-la \u00e0 l\u2019eau claire pour la purifier. Rechargez-la ensuite \u00e0 la lumi\u00e8re de la lune ou sur un amas de quartz ou d\u2019am\u00e9thyste.<\/p>\n","protected":false},"excerpt":{"rendered":"<p>Plaque de Charoite \u2013 qualit\u00e9 AA \u2013 origine Russie \u2013 11 x 6 cm \u2013 77 g Cette plaque de Charoite qualit\u00e9 AA, originaire de Russie, pr\u00e9sente une face brute semi-polie qui met en valeur ses magnifiques nuances violettes. Elle diffuse une \u00e9nergie profonde de transformation et de lib\u00e9ration \u00e9motionnelle. Ainsi, si cette pierre vous [&hellip;]<\/p>\n","protected":false},"featured_media":2606,"comment_status":"open","ping_status":"closed","template":"","meta":{"site-sidebar-layout":"default","site-content-layout":"","ast-site-content-layout":"default","site-content-style":"default","site-sidebar-style":"default","ast-global-header-display":"","ast-banner-title-visibility":"","ast-main-header-display":"","ast-hfb-above-header-display":"","ast-hfb-below-header-display":"","ast-hfb-mobile-header-display":"","site-post-title":"","ast-breadcrumbs-content":"","ast-featured-img":"","footer-sml-layout":"","ast-disable-related-posts":"","theme-transparent-header-meta":"default","adv-header-id-meta":"","stick-header-meta":"","header-above-stick-meta":"","header-main-stick-meta":"","header-below-stick-meta":"","astra-migrate-meta-layouts":"set","ast-page-background-enabled":"default","ast-page-background-meta":{"desktop":{"background-color":"var(--ast-global-color-4)","background-image":"","background-repeat":"repeat","background-position":"center center","background-size":"auto","background-attachment":"scroll","background-type":"","background-media":"","overlay-type":"","overlay-color":"","overlay-opacity":"","overlay-gradient":""},"tablet":{"background-color":"","background-image":"","background-repeat":"repeat","background-position":"center center","background-size":"auto","background-attachment":"scroll","background-type":"","background-media":"","overlay-type":"","overlay-color":"","overlay-opacity":"","overlay-gradient":""},"mobile":{"background-color":"","background-image":"","background-repeat":"repeat","background-position":"center center","background-size":"auto","background-attachment":"scroll","background-type":"","background-media":"","overlay-type":"","overlay-color":"","overlay-opacity":"","overlay-gradient":""}},"ast-content-background-meta":{"desktop":{"background-color":"var(--ast-global-color-5)","background-image":"","background-repeat":"repeat","background-position":"center center","background-size":"auto","background-attachment":"scroll","background-type":"","background-media":"","overlay-type":"","overlay-color":"","overlay-opacity":"","overlay-gradient":""},"tablet":{"background-color":"var(--ast-global-color-5)","background-image":"","background-repeat":"repeat","background-position":"center center","background-size":"auto","background-attachment":"scroll","background-type":"","background-media":"","overlay-type":"","overlay-color":"","overlay-opacity":"","overlay-gradient":""},"mobile":{"background-color":"var(--ast-global-color-5)","background-image":"","background-repeat":"repeat","background-position":"center center","background-size":"auto","background-attachment":"scroll","background-type":"","background-media":"","overlay-type":"","overlay-color":"","overlay-opacity":"","overlay-gradient":""}},"_glsr_average":0,"_glsr_ranking":0,"_glsr_reviews":0},"product_brand":[],"product_cat":[133,31,69],"product_tag":[],"class_list":{"0":"post-2604","1":"product","2":"type-product","3":"status-publish","4":"has-post-thumbnail","6":"product_cat-charoite","7":"product_cat-pierres-brutes","8":"product_cat-violet","9":"desktop-align-left","10":"tablet-align-left","11":"mobile-align-left","13":"first","14":"instock","15":"purchasable","16":"product-type-simple"},"yoast_head":"<!-- This site is optimized with the Yoast SEO plugin v27.5 - https:\/\/yoast.com\/product\/yoast-seo-wordpress\/ -->\n<title>Plaque de Charoite - Au fil des pierres<\/title>\n<meta name=\"description\" content=\"Plaque Charo\u00efte AA Russie : pierre de transformation et apaisement. R\u00e9duit stress, favorise intuition, sommeil et lib\u00e9ration \u00e9motionnelle durable.\" \/>\n<meta name=\"robots\" content=\"index, follow, max-snippet:-1, max-image-preview:large, max-video-preview:-1\" \/>\n<link rel=\"canonical\" href=\"https:\/\/aufildespierres.com\/index.php\/product\/plaque-de-charoite\/\" \/>\n<meta property=\"og:locale\" content=\"fr_FR\" \/>\n<meta property=\"og:type\" content=\"article\" \/>\n<meta property=\"og:title\" content=\"Plaque de Charoite - Au fil des pierres\" \/>\n<meta property=\"og:description\" content=\"Plaque Charo\u00efte AA Russie : pierre de transformation et apaisement. R\u00e9duit stress, favorise intuition, sommeil et lib\u00e9ration \u00e9motionnelle durable.\" \/>\n<meta property=\"og:url\" content=\"https:\/\/aufildespierres.com\/index.php\/product\/plaque-de-charoite\/\" \/>\n<meta property=\"og:site_name\" content=\"Au fil des pierres\" \/>\n<meta property=\"article:modified_time\" content=\"2026-04-23T19:40:18+00:00\" \/>\n<meta property=\"og:image\" content=\"https:\/\/aufildespierres.com\/wp-content\/uploads\/2024\/07\/20240709_140219-scaled.jpg\" \/>\n\t<meta property=\"og:image:width\" content=\"1920\" \/>\n\t<meta property=\"og:image:height\" content=\"2560\" \/>\n\t<meta property=\"og:image:type\" content=\"image\/jpeg\" \/>\n<meta name=\"twitter:card\" content=\"summary_large_image\" \/>\n<meta name=\"twitter:label1\" content=\"Dur\u00e9e de lecture estim\u00e9e\" \/>\n\t<meta name=\"twitter:data1\" content=\"3 minutes\" \/>\n<script type=\"application\/ld+json\" class=\"yoast-schema-graph\">{\"@context\":\"https:\\\/\\\/schema.org\",\"@graph\":[{\"@type\":\"WebPage\",\"@id\":\"https:\\\/\\\/aufildespierres.com\\\/index.php\\\/product\\\/plaque-de-charoite\\\/\",\"url\":\"https:\\\/\\\/aufildespierres.com\\\/index.php\\\/product\\\/plaque-de-charoite\\\/\",\"name\":\"Plaque de Charoite - Au fil des pierres\",\"isPartOf\":{\"@id\":\"https:\\\/\\\/aufildespierres.com\\\/#website\"},\"primaryImageOfPage\":{\"@id\":\"https:\\\/\\\/aufildespierres.com\\\/index.php\\\/product\\\/plaque-de-charoite\\\/#primaryimage\"},\"image\":{\"@id\":\"https:\\\/\\\/aufildespierres.com\\\/index.php\\\/product\\\/plaque-de-charoite\\\/#primaryimage\"},\"thumbnailUrl\":\"https:\\\/\\\/aufildespierres.com\\\/wp-content\\\/uploads\\\/2024\\\/07\\\/20240709_140219-scaled.jpg\",\"datePublished\":\"2024-07-12T07:19:36+00:00\",\"dateModified\":\"2026-04-23T19:40:18+00:00\",\"description\":\"Plaque Charo\u00efte AA Russie : pierre de transformation et apaisement. R\u00e9duit stress, favorise intuition, sommeil et lib\u00e9ration \u00e9motionnelle durable.\",\"breadcrumb\":{\"@id\":\"https:\\\/\\\/aufildespierres.com\\\/index.php\\\/product\\\/plaque-de-charoite\\\/#breadcrumb\"},\"inLanguage\":\"fr-FR\",\"potentialAction\":[{\"@type\":\"ReadAction\",\"target\":[\"https:\\\/\\\/aufildespierres.com\\\/index.php\\\/product\\\/plaque-de-charoite\\\/\"]}]},{\"@type\":\"ImageObject\",\"inLanguage\":\"fr-FR\",\"@id\":\"https:\\\/\\\/aufildespierres.com\\\/index.php\\\/product\\\/plaque-de-charoite\\\/#primaryimage\",\"url\":\"https:\\\/\\\/aufildespierres.com\\\/wp-content\\\/uploads\\\/2024\\\/07\\\/20240709_140219-scaled.jpg\",\"contentUrl\":\"https:\\\/\\\/aufildespierres.com\\\/wp-content\\\/uploads\\\/2024\\\/07\\\/20240709_140219-scaled.jpg\",\"width\":1920,\"height\":2560},{\"@type\":\"BreadcrumbList\",\"@id\":\"https:\\\/\\\/aufildespierres.com\\\/index.php\\\/product\\\/plaque-de-charoite\\\/#breadcrumb\",\"itemListElement\":[{\"@type\":\"ListItem\",\"position\":1,\"name\":\"Accueil\",\"item\":\"https:\\\/\\\/aufildespierres.com\\\/\"},{\"@type\":\"ListItem\",\"position\":2,\"name\":\"Boutique de Lithoth\u00e9rapie\",\"item\":\"https:\\\/\\\/aufildespierres.com\\\/index.php\\\/boutique-de-lithotherapie\\\/\"},{\"@type\":\"ListItem\",\"position\":3,\"name\":\"Plaque de Charoite\"}]},{\"@type\":\"WebSite\",\"@id\":\"https:\\\/\\\/aufildespierres.com\\\/#website\",\"url\":\"https:\\\/\\\/aufildespierres.com\\\/\",\"name\":\"Au fil des pierres\",\"description\":\"Au fil des pierres\",\"publisher\":{\"@id\":\"https:\\\/\\\/aufildespierres.com\\\/#organization\"},\"potentialAction\":[{\"@type\":\"SearchAction\",\"target\":{\"@type\":\"EntryPoint\",\"urlTemplate\":\"https:\\\/\\\/aufildespierres.com\\\/?s={search_term_string}\"},\"query-input\":{\"@type\":\"PropertyValueSpecification\",\"valueRequired\":true,\"valueName\":\"search_term_string\"}}],\"inLanguage\":\"fr-FR\"},{\"@type\":\"Organization\",\"@id\":\"https:\\\/\\\/aufildespierres.com\\\/#organization\",\"name\":\"Au fil des pierres\",\"url\":\"https:\\\/\\\/aufildespierres.com\\\/\",\"logo\":{\"@type\":\"ImageObject\",\"inLanguage\":\"fr-FR\",\"@id\":\"https:\\\/\\\/aufildespierres.com\\\/#\\\/schema\\\/logo\\\/image\\\/\",\"url\":\"https:\\\/\\\/aufildespierres.com\\\/wp-content\\\/uploads\\\/2023\\\/05\\\/cropped-Logo-PNG-Transparent.png\",\"contentUrl\":\"https:\\\/\\\/aufildespierres.com\\\/wp-content\\\/uploads\\\/2023\\\/05\\\/cropped-Logo-PNG-Transparent.png\",\"width\":1776,\"height\":1625,\"caption\":\"Au fil des pierres\"},\"image\":{\"@id\":\"https:\\\/\\\/aufildespierres.com\\\/#\\\/schema\\\/logo\\\/image\\\/\"}}]}<\/script>\n<!-- \/ Yoast SEO plugin. -->","yoast_head_json":{"title":"Plaque de Charoite - Au fil des pierres","description":"Plaque Charo\u00efte AA Russie : pierre de transformation et apaisement. R\u00e9duit stress, favorise intuition, sommeil et lib\u00e9ration \u00e9motionnelle durable.","robots":{"index":"index","follow":"follow","max-snippet":"max-snippet:-1","max-image-preview":"max-image-preview:large","max-video-preview":"max-video-preview:-1"},"canonical":"https:\/\/aufildespierres.com\/index.php\/product\/plaque-de-charoite\/","og_locale":"fr_FR","og_type":"article","og_title":"Plaque de Charoite - Au fil des pierres","og_description":"Plaque Charo\u00efte AA Russie : pierre de transformation et apaisement. R\u00e9duit stress, favorise intuition, sommeil et lib\u00e9ration \u00e9motionnelle durable.","og_url":"https:\/\/aufildespierres.com\/index.php\/product\/plaque-de-charoite\/","og_site_name":"Au fil des pierres","article_modified_time":"2026-04-23T19:40:18+00:00","og_image":[{"width":1920,"height":2560,"url":"https:\/\/aufildespierres.com\/wp-content\/uploads\/2024\/07\/20240709_140219-scaled.jpg","type":"image\/jpeg"}],"twitter_card":"summary_large_image","twitter_misc":{"Dur\u00e9e de lecture estim\u00e9e":"3 minutes"},"schema":{"@context":"https:\/\/schema.org","@graph":[{"@type":"WebPage","@id":"https:\/\/aufildespierres.com\/index.php\/product\/plaque-de-charoite\/","url":"https:\/\/aufildespierres.com\/index.php\/product\/plaque-de-charoite\/","name":"Plaque de Charoite - Au fil des pierres","isPartOf":{"@id":"https:\/\/aufildespierres.com\/#website"},"primaryImageOfPage":{"@id":"https:\/\/aufildespierres.com\/index.php\/product\/plaque-de-charoite\/#primaryimage"},"image":{"@id":"https:\/\/aufildespierres.com\/index.php\/product\/plaque-de-charoite\/#primaryimage"},"thumbnailUrl":"https:\/\/aufildespierres.com\/wp-content\/uploads\/2024\/07\/20240709_140219-scaled.jpg","datePublished":"2024-07-12T07:19:36+00:00","dateModified":"2026-04-23T19:40:18+00:00","description":"Plaque Charo\u00efte AA Russie : pierre de transformation et apaisement. R\u00e9duit stress, favorise intuition, sommeil et lib\u00e9ration \u00e9motionnelle durable.","breadcrumb":{"@id":"https:\/\/aufildespierres.com\/index.php\/product\/plaque-de-charoite\/#breadcrumb"},"inLanguage":"fr-FR","potentialAction":[{"@type":"ReadAction","target":["https:\/\/aufildespierres.com\/index.php\/product\/plaque-de-charoite\/"]}]},{"@type":"ImageObject","inLanguage":"fr-FR","@id":"https:\/\/aufildespierres.com\/index.php\/product\/plaque-de-charoite\/#primaryimage","url":"https:\/\/aufildespierres.com\/wp-content\/uploads\/2024\/07\/20240709_140219-scaled.jpg","contentUrl":"https:\/\/aufildespierres.com\/wp-content\/uploads\/2024\/07\/20240709_140219-scaled.jpg","width":1920,"height":2560},{"@type":"BreadcrumbList","@id":"https:\/\/aufildespierres.com\/index.php\/product\/plaque-de-charoite\/#breadcrumb","itemListElement":[{"@type":"ListItem","position":1,"name":"Accueil","item":"https:\/\/aufildespierres.com\/"},{"@type":"ListItem","position":2,"name":"Boutique de Lithoth\u00e9rapie","item":"https:\/\/aufildespierres.com\/index.php\/boutique-de-lithotherapie\/"},{"@type":"ListItem","position":3,"name":"Plaque de Charoite"}]},{"@type":"WebSite","@id":"https:\/\/aufildespierres.com\/#website","url":"https:\/\/aufildespierres.com\/","name":"Au fil des pierres","description":"Au fil des pierres","publisher":{"@id":"https:\/\/aufildespierres.com\/#organization"},"potentialAction":[{"@type":"SearchAction","target":{"@type":"EntryPoint","urlTemplate":"https:\/\/aufildespierres.com\/?s={search_term_string}"},"query-input":{"@type":"PropertyValueSpecification","valueRequired":true,"valueName":"search_term_string"}}],"inLanguage":"fr-FR"},{"@type":"Organization","@id":"https:\/\/aufildespierres.com\/#organization","name":"Au fil des pierres","url":"https:\/\/aufildespierres.com\/","logo":{"@type":"ImageObject","inLanguage":"fr-FR","@id":"https:\/\/aufildespierres.com\/#\/schema\/logo\/image\/","url":"https:\/\/aufildespierres.com\/wp-content\/uploads\/2023\/05\/cropped-Logo-PNG-Transparent.png","contentUrl":"https:\/\/aufildespierres.com\/wp-content\/uploads\/2023\/05\/cropped-Logo-PNG-Transparent.png","width":1776,"height":1625,"caption":"Au fil des pierres"},"image":{"@id":"https:\/\/aufildespierres.com\/#\/schema\/logo\/image\/"}}]}},"_links":{"self":[{"href":"https:\/\/aufildespierres.com\/index.php\/wp-json\/wp\/v2\/product\/2604","targetHints":{"allow":["GET"]}}],"collection":[{"href":"https:\/\/aufildespierres.com\/index.php\/wp-json\/wp\/v2\/product"}],"about":[{"href":"https:\/\/aufildespierres.com\/index.php\/wp-json\/wp\/v2\/types\/product"}],"replies":[{"embeddable":true,"href":"https:\/\/aufildespierres.com\/index.php\/wp-json\/wp\/v2\/comments?post=2604"}],"wp:featuredmedia":[{"embeddable":true,"href":"https:\/\/aufildespierres.com\/index.php\/wp-json\/wp\/v2\/media\/2606"}],"wp:attachment":[{"href":"https:\/\/aufildespierres.com\/index.php\/wp-json\/wp\/v2\/media?parent=2604"}],"wp:term":[{"taxonomy":"product_brand","embeddable":true,"href":"https:\/\/aufildespierres.com\/index.php\/wp-json\/wp\/v2\/product_brand?post=2604"},{"taxonomy":"product_cat","embeddable":true,"href":"https:\/\/aufildespierres.com\/index.php\/wp-json\/wp\/v2\/product_cat?post=2604"},{"taxonomy":"product_tag","embeddable":true,"href":"https:\/\/aufildespierres.com\/index.php\/wp-json\/wp\/v2\/product_tag?post=2604"}],"curies":[{"name":"wp","href":"https:\/\/api.w.org\/{rel}","templated":true}]}}