{"id":2607,"date":"2024-07-12T09:28:58","date_gmt":"2024-07-12T07:28:58","guid":{"rendered":"https:\/\/aufildespierres.com\/?post_type=product&#038;p=2607"},"modified":"2026-04-24T14:29:54","modified_gmt":"2026-04-24T12:29:54","slug":"bracelet-agate-rouge-chips","status":"publish","type":"product","link":"https:\/\/aufildespierres.com\/index.php\/product\/bracelet-agate-rouge-chips\/","title":{"rendered":"Bracelet  Agate rouge chips"},"content":{"rendered":"<p data-start=\"142\" data-end=\"380\">Le bracelet\u00a0 Agate rouge chips est un bijou naturel con\u00e7u pour un poignet de 17 \u00e0 18 cm. \u00c0 la fois esth\u00e9tique et \u00e9nerg\u00e9tique, il s\u2019int\u00e8gre facilement dans une routine de bien-\u00eatre. De plus, il convient parfaitement \u00e0 un usage quotidien.<\/p>\n<p data-start=\"382\" data-end=\"740\">L\u2019agate rouge est une pierre issue de la famille des calc\u00e9doines, form\u00e9e dans des environnements volcaniques alt\u00e9r\u00e9s. Ainsi, elle poss\u00e8de une \u00e9nergie stable et progressive. En lithoth\u00e9rapie, ce type de pierre agit en douceur et sur le long terme . Il est donc conseill\u00e9 de la porter r\u00e9guli\u00e8rement ou de la garder sur soi.<\/p>\n<p data-start=\"742\" data-end=\"1044\">Sur le plan \u00e9nerg\u00e9tique, elle agit principalement sur le chakra racine et le chakra sacr\u00e9. Par cons\u00e9quent, elle favorise l\u2019ancrage et la stabilit\u00e9 \u00e9motionnelle. Elle agit \u00e9galement comme une pierre protectrice. En effet, elle aide \u00e0 limiter les tensions, les blocages et les d\u00e9s\u00e9quilibres \u00e9nerg\u00e9tiques.<\/p>\n<p data-start=\"1046\" data-end=\"1380\">Sur le plan \u00e9motionnel, l\u2019agate rouge invite \u00e0 la s\u00e9r\u00e9nit\u00e9. Elle aide \u00e0 se relaxer et \u00e0 apaiser le mental. De plus, elle favorise l\u2019acceptation de soi tout en maintenant un bon ancrage. Gr\u00e2ce \u00e0 cette stabilit\u00e9 int\u00e9rieure, elle d\u00e9veloppe progressivement la confiance en soi. Elle soutient aussi un \u00e9tat d\u2019esprit positif et constructif.<\/p>\n<p data-start=\"1382\" data-end=\"1633\">Par ailleurs, cette pierre accompagne le d\u00e9veloppement personnel. Elle encourage \u00e0 s\u2019ouvrir aux opportunit\u00e9s et \u00e0 atteindre ses objectifs. Ainsi, elle favorise la motivation, la pers\u00e9v\u00e9rance et m\u00eame l\u2019attraction du succ\u00e8s ou de la r\u00e9ussite financi\u00e8re.<\/p>\n<p data-start=\"1635\" data-end=\"1963\">Sur le plan physique, l\u2019agate rouge soutient la circulation sanguine et la sant\u00e9 cardiaque. Elle stimule \u00e9galement le syst\u00e8me digestif. En compl\u00e9ment, elle renforce le syst\u00e8me immunitaire et soutient le pancr\u00e9as. Elle est aussi conseill\u00e9e en cas de cycles douloureux ou durant la grossesse, pour accompagner le corps en douceur.<\/p>\n<p data-start=\"1965\" data-end=\"2363\">Ce bracelet attire souvent les personnes en qu\u00eate de stabilit\u00e9 et de s\u00e9curit\u00e9. Cette attirance peut r\u00e9v\u00e9ler un d\u00e9s\u00e9quilibre du chakra racine ou sacr\u00e9. Celui-ci se manifeste par des peurs, un manque de confiance ou des difficult\u00e9s \u00e9motionnelles. En M\u00e9decine Traditionnelle Chinoise, cela peut correspondre \u00e0 un d\u00e9s\u00e9quilibre des \u00e9nergies Terre et Eau, li\u00e9 \u00e0 l\u2019inqui\u00e9tude ou \u00e0 l\u2019ins\u00e9curit\u00e9 int\u00e9rieure.<\/p>\n","protected":false},"excerpt":{"rendered":"<p>Le bracelet\u00a0 Agate rouge chips est un bijou naturel con\u00e7u pour un poignet de 17 \u00e0 18 cm. \u00c0 la fois esth\u00e9tique et \u00e9nerg\u00e9tique, il s\u2019int\u00e8gre facilement dans une routine de bien-\u00eatre. De plus, il convient parfaitement \u00e0 un usage quotidien. L\u2019agate rouge est une pierre issue de la famille des calc\u00e9doines, form\u00e9e dans des [&hellip;]<\/p>\n","protected":false},"featured_media":2608,"comment_status":"open","ping_status":"closed","template":"","meta":{"site-sidebar-layout":"default","site-content-layout":"","ast-site-content-layout":"default","site-content-style":"default","site-sidebar-style":"default","ast-global-header-display":"","ast-banner-title-visibility":"","ast-main-header-display":"","ast-hfb-above-header-display":"","ast-hfb-below-header-display":"","ast-hfb-mobile-header-display":"","site-post-title":"","ast-breadcrumbs-content":"","ast-featured-img":"","footer-sml-layout":"","ast-disable-related-posts":"","theme-transparent-header-meta":"default","adv-header-id-meta":"","stick-header-meta":"","header-above-stick-meta":"","header-main-stick-meta":"","header-below-stick-meta":"","astra-migrate-meta-layouts":"set","ast-page-background-enabled":"default","ast-page-background-meta":{"desktop":{"background-color":"var(--ast-global-color-4)","background-image":"","background-repeat":"repeat","background-position":"center center","background-size":"auto","background-attachment":"scroll","background-type":"","background-media":"","overlay-type":"","overlay-color":"","overlay-opacity":"","overlay-gradient":""},"tablet":{"background-color":"","background-image":"","background-repeat":"repeat","background-position":"center center","background-size":"auto","background-attachment":"scroll","background-type":"","background-media":"","overlay-type":"","overlay-color":"","overlay-opacity":"","overlay-gradient":""},"mobile":{"background-color":"","background-image":"","background-repeat":"repeat","background-position":"center center","background-size":"auto","background-attachment":"scroll","background-type":"","background-media":"","overlay-type":"","overlay-color":"","overlay-opacity":"","overlay-gradient":""}},"ast-content-background-meta":{"desktop":{"background-color":"var(--ast-global-color-5)","background-image":"","background-repeat":"repeat","background-position":"center center","background-size":"auto","background-attachment":"scroll","background-type":"","background-media":"","overlay-type":"","overlay-color":"","overlay-opacity":"","overlay-gradient":""},"tablet":{"background-color":"var(--ast-global-color-5)","background-image":"","background-repeat":"repeat","background-position":"center center","background-size":"auto","background-attachment":"scroll","background-type":"","background-media":"","overlay-type":"","overlay-color":"","overlay-opacity":"","overlay-gradient":""},"mobile":{"background-color":"var(--ast-global-color-5)","background-image":"","background-repeat":"repeat","background-position":"center center","background-size":"auto","background-attachment":"scroll","background-type":"","background-media":"","overlay-type":"","overlay-color":"","overlay-opacity":"","overlay-gradient":""}},"_glsr_average":0,"_glsr_ranking":0,"_glsr_reviews":0},"product_brand":[],"product_cat":[264,107,56,290,76],"product_tag":[],"class_list":{"0":"post-2607","1":"product","2":"type-product","3":"status-publish","4":"has-post-thumbnail","6":"product_cat-agate-rouge","7":"product_cat-bracelets-baroques","8":"product_cat-bracelets-de-lithotherapie","9":"product_cat-bracelets-de-lithotherapie-femmes","10":"product_cat-rouge","11":"desktop-align-left","12":"tablet-align-left","13":"mobile-align-left","15":"first","16":"instock","17":"purchasable","18":"product-type-simple"},"yoast_head":"<!-- This site is optimized with the Yoast SEO plugin v27.5 - https:\/\/yoast.com\/product\/yoast-seo-wordpress\/ -->\n<title>Bracelet Agate rouge chips - Au fil des pierres<\/title>\n<meta name=\"description\" content=\"Bracelet agate rouge chips. Pierre d\u2019ancrage, confiance en soi, s\u00e9r\u00e9nit\u00e9 et protection. Id\u00e9al pour \u00e9quilibre \u00e9motionnel, vitalit\u00e9 et bien-\u00eatre quotidien.\" \/>\n<meta name=\"robots\" content=\"index, follow, max-snippet:-1, max-image-preview:large, max-video-preview:-1\" \/>\n<link rel=\"canonical\" href=\"https:\/\/aufildespierres.com\/index.php\/product\/bracelet-agate-rouge-chips\/\" \/>\n<meta property=\"og:locale\" content=\"fr_FR\" \/>\n<meta property=\"og:type\" content=\"article\" \/>\n<meta property=\"og:title\" content=\"Bracelet Agate rouge chips - Au fil des pierres\" \/>\n<meta property=\"og:description\" content=\"Bracelet agate rouge chips. Pierre d\u2019ancrage, confiance en soi, s\u00e9r\u00e9nit\u00e9 et protection. Id\u00e9al pour \u00e9quilibre \u00e9motionnel, vitalit\u00e9 et bien-\u00eatre quotidien.\" \/>\n<meta property=\"og:url\" content=\"https:\/\/aufildespierres.com\/index.php\/product\/bracelet-agate-rouge-chips\/\" \/>\n<meta property=\"og:site_name\" content=\"Au fil des pierres\" \/>\n<meta property=\"article:modified_time\" content=\"2026-04-24T12:29:54+00:00\" \/>\n<meta property=\"og:image\" content=\"https:\/\/aufildespierres.com\/wp-content\/uploads\/2024\/07\/20240712_073356-scaled.jpg\" \/>\n\t<meta property=\"og:image:width\" content=\"2100\" \/>\n\t<meta property=\"og:image:height\" content=\"2560\" \/>\n\t<meta property=\"og:image:type\" content=\"image\/jpeg\" \/>\n<meta name=\"twitter:card\" content=\"summary_large_image\" \/>\n<meta name=\"twitter:label1\" content=\"Dur\u00e9e de lecture estim\u00e9e\" \/>\n\t<meta name=\"twitter:data1\" content=\"2 minutes\" \/>\n<script type=\"application\/ld+json\" class=\"yoast-schema-graph\">{\"@context\":\"https:\\\/\\\/schema.org\",\"@graph\":[{\"@type\":\"WebPage\",\"@id\":\"https:\\\/\\\/aufildespierres.com\\\/index.php\\\/product\\\/bracelet-agate-rouge-chips\\\/\",\"url\":\"https:\\\/\\\/aufildespierres.com\\\/index.php\\\/product\\\/bracelet-agate-rouge-chips\\\/\",\"name\":\"Bracelet Agate rouge chips - Au fil des pierres\",\"isPartOf\":{\"@id\":\"https:\\\/\\\/aufildespierres.com\\\/#website\"},\"primaryImageOfPage\":{\"@id\":\"https:\\\/\\\/aufildespierres.com\\\/index.php\\\/product\\\/bracelet-agate-rouge-chips\\\/#primaryimage\"},\"image\":{\"@id\":\"https:\\\/\\\/aufildespierres.com\\\/index.php\\\/product\\\/bracelet-agate-rouge-chips\\\/#primaryimage\"},\"thumbnailUrl\":\"https:\\\/\\\/aufildespierres.com\\\/wp-content\\\/uploads\\\/2024\\\/07\\\/20240712_073356-scaled.jpg\",\"datePublished\":\"2024-07-12T07:28:58+00:00\",\"dateModified\":\"2026-04-24T12:29:54+00:00\",\"description\":\"Bracelet agate rouge chips. Pierre d\u2019ancrage, confiance en soi, s\u00e9r\u00e9nit\u00e9 et protection. Id\u00e9al pour \u00e9quilibre \u00e9motionnel, vitalit\u00e9 et bien-\u00eatre quotidien.\",\"breadcrumb\":{\"@id\":\"https:\\\/\\\/aufildespierres.com\\\/index.php\\\/product\\\/bracelet-agate-rouge-chips\\\/#breadcrumb\"},\"inLanguage\":\"fr-FR\",\"potentialAction\":[{\"@type\":\"ReadAction\",\"target\":[\"https:\\\/\\\/aufildespierres.com\\\/index.php\\\/product\\\/bracelet-agate-rouge-chips\\\/\"]}]},{\"@type\":\"ImageObject\",\"inLanguage\":\"fr-FR\",\"@id\":\"https:\\\/\\\/aufildespierres.com\\\/index.php\\\/product\\\/bracelet-agate-rouge-chips\\\/#primaryimage\",\"url\":\"https:\\\/\\\/aufildespierres.com\\\/wp-content\\\/uploads\\\/2024\\\/07\\\/20240712_073356-scaled.jpg\",\"contentUrl\":\"https:\\\/\\\/aufildespierres.com\\\/wp-content\\\/uploads\\\/2024\\\/07\\\/20240712_073356-scaled.jpg\",\"width\":2100,\"height\":2560},{\"@type\":\"BreadcrumbList\",\"@id\":\"https:\\\/\\\/aufildespierres.com\\\/index.php\\\/product\\\/bracelet-agate-rouge-chips\\\/#breadcrumb\",\"itemListElement\":[{\"@type\":\"ListItem\",\"position\":1,\"name\":\"Accueil\",\"item\":\"https:\\\/\\\/aufildespierres.com\\\/\"},{\"@type\":\"ListItem\",\"position\":2,\"name\":\"Boutique de Lithoth\u00e9rapie\",\"item\":\"https:\\\/\\\/aufildespierres.com\\\/index.php\\\/boutique-de-lithotherapie\\\/\"},{\"@type\":\"ListItem\",\"position\":3,\"name\":\"Bracelet Agate rouge chips\"}]},{\"@type\":\"WebSite\",\"@id\":\"https:\\\/\\\/aufildespierres.com\\\/#website\",\"url\":\"https:\\\/\\\/aufildespierres.com\\\/\",\"name\":\"Au fil des pierres\",\"description\":\"Au fil des pierres\",\"publisher\":{\"@id\":\"https:\\\/\\\/aufildespierres.com\\\/#organization\"},\"potentialAction\":[{\"@type\":\"SearchAction\",\"target\":{\"@type\":\"EntryPoint\",\"urlTemplate\":\"https:\\\/\\\/aufildespierres.com\\\/?s={search_term_string}\"},\"query-input\":{\"@type\":\"PropertyValueSpecification\",\"valueRequired\":true,\"valueName\":\"search_term_string\"}}],\"inLanguage\":\"fr-FR\"},{\"@type\":\"Organization\",\"@id\":\"https:\\\/\\\/aufildespierres.com\\\/#organization\",\"name\":\"Au fil des pierres\",\"url\":\"https:\\\/\\\/aufildespierres.com\\\/\",\"logo\":{\"@type\":\"ImageObject\",\"inLanguage\":\"fr-FR\",\"@id\":\"https:\\\/\\\/aufildespierres.com\\\/#\\\/schema\\\/logo\\\/image\\\/\",\"url\":\"https:\\\/\\\/aufildespierres.com\\\/wp-content\\\/uploads\\\/2023\\\/05\\\/cropped-Logo-PNG-Transparent.png\",\"contentUrl\":\"https:\\\/\\\/aufildespierres.com\\\/wp-content\\\/uploads\\\/2023\\\/05\\\/cropped-Logo-PNG-Transparent.png\",\"width\":1776,\"height\":1625,\"caption\":\"Au fil des pierres\"},\"image\":{\"@id\":\"https:\\\/\\\/aufildespierres.com\\\/#\\\/schema\\\/logo\\\/image\\\/\"}}]}<\/script>\n<!-- \/ Yoast SEO plugin. -->","yoast_head_json":{"title":"Bracelet Agate rouge chips - Au fil des pierres","description":"Bracelet agate rouge chips. Pierre d\u2019ancrage, confiance en soi, s\u00e9r\u00e9nit\u00e9 et protection. Id\u00e9al pour \u00e9quilibre \u00e9motionnel, vitalit\u00e9 et bien-\u00eatre quotidien.","robots":{"index":"index","follow":"follow","max-snippet":"max-snippet:-1","max-image-preview":"max-image-preview:large","max-video-preview":"max-video-preview:-1"},"canonical":"https:\/\/aufildespierres.com\/index.php\/product\/bracelet-agate-rouge-chips\/","og_locale":"fr_FR","og_type":"article","og_title":"Bracelet Agate rouge chips - Au fil des pierres","og_description":"Bracelet agate rouge chips. Pierre d\u2019ancrage, confiance en soi, s\u00e9r\u00e9nit\u00e9 et protection. Id\u00e9al pour \u00e9quilibre \u00e9motionnel, vitalit\u00e9 et bien-\u00eatre quotidien.","og_url":"https:\/\/aufildespierres.com\/index.php\/product\/bracelet-agate-rouge-chips\/","og_site_name":"Au fil des pierres","article_modified_time":"2026-04-24T12:29:54+00:00","og_image":[{"width":2100,"height":2560,"url":"https:\/\/aufildespierres.com\/wp-content\/uploads\/2024\/07\/20240712_073356-scaled.jpg","type":"image\/jpeg"}],"twitter_card":"summary_large_image","twitter_misc":{"Dur\u00e9e de lecture estim\u00e9e":"2 minutes"},"schema":{"@context":"https:\/\/schema.org","@graph":[{"@type":"WebPage","@id":"https:\/\/aufildespierres.com\/index.php\/product\/bracelet-agate-rouge-chips\/","url":"https:\/\/aufildespierres.com\/index.php\/product\/bracelet-agate-rouge-chips\/","name":"Bracelet Agate rouge chips - Au fil des pierres","isPartOf":{"@id":"https:\/\/aufildespierres.com\/#website"},"primaryImageOfPage":{"@id":"https:\/\/aufildespierres.com\/index.php\/product\/bracelet-agate-rouge-chips\/#primaryimage"},"image":{"@id":"https:\/\/aufildespierres.com\/index.php\/product\/bracelet-agate-rouge-chips\/#primaryimage"},"thumbnailUrl":"https:\/\/aufildespierres.com\/wp-content\/uploads\/2024\/07\/20240712_073356-scaled.jpg","datePublished":"2024-07-12T07:28:58+00:00","dateModified":"2026-04-24T12:29:54+00:00","description":"Bracelet agate rouge chips. Pierre d\u2019ancrage, confiance en soi, s\u00e9r\u00e9nit\u00e9 et protection. Id\u00e9al pour \u00e9quilibre \u00e9motionnel, vitalit\u00e9 et bien-\u00eatre quotidien.","breadcrumb":{"@id":"https:\/\/aufildespierres.com\/index.php\/product\/bracelet-agate-rouge-chips\/#breadcrumb"},"inLanguage":"fr-FR","potentialAction":[{"@type":"ReadAction","target":["https:\/\/aufildespierres.com\/index.php\/product\/bracelet-agate-rouge-chips\/"]}]},{"@type":"ImageObject","inLanguage":"fr-FR","@id":"https:\/\/aufildespierres.com\/index.php\/product\/bracelet-agate-rouge-chips\/#primaryimage","url":"https:\/\/aufildespierres.com\/wp-content\/uploads\/2024\/07\/20240712_073356-scaled.jpg","contentUrl":"https:\/\/aufildespierres.com\/wp-content\/uploads\/2024\/07\/20240712_073356-scaled.jpg","width":2100,"height":2560},{"@type":"BreadcrumbList","@id":"https:\/\/aufildespierres.com\/index.php\/product\/bracelet-agate-rouge-chips\/#breadcrumb","itemListElement":[{"@type":"ListItem","position":1,"name":"Accueil","item":"https:\/\/aufildespierres.com\/"},{"@type":"ListItem","position":2,"name":"Boutique de Lithoth\u00e9rapie","item":"https:\/\/aufildespierres.com\/index.php\/boutique-de-lithotherapie\/"},{"@type":"ListItem","position":3,"name":"Bracelet Agate rouge chips"}]},{"@type":"WebSite","@id":"https:\/\/aufildespierres.com\/#website","url":"https:\/\/aufildespierres.com\/","name":"Au fil des pierres","description":"Au fil des pierres","publisher":{"@id":"https:\/\/aufildespierres.com\/#organization"},"potentialAction":[{"@type":"SearchAction","target":{"@type":"EntryPoint","urlTemplate":"https:\/\/aufildespierres.com\/?s={search_term_string}"},"query-input":{"@type":"PropertyValueSpecification","valueRequired":true,"valueName":"search_term_string"}}],"inLanguage":"fr-FR"},{"@type":"Organization","@id":"https:\/\/aufildespierres.com\/#organization","name":"Au fil des pierres","url":"https:\/\/aufildespierres.com\/","logo":{"@type":"ImageObject","inLanguage":"fr-FR","@id":"https:\/\/aufildespierres.com\/#\/schema\/logo\/image\/","url":"https:\/\/aufildespierres.com\/wp-content\/uploads\/2023\/05\/cropped-Logo-PNG-Transparent.png","contentUrl":"https:\/\/aufildespierres.com\/wp-content\/uploads\/2023\/05\/cropped-Logo-PNG-Transparent.png","width":1776,"height":1625,"caption":"Au fil des pierres"},"image":{"@id":"https:\/\/aufildespierres.com\/#\/schema\/logo\/image\/"}}]}},"_links":{"self":[{"href":"https:\/\/aufildespierres.com\/index.php\/wp-json\/wp\/v2\/product\/2607","targetHints":{"allow":["GET"]}}],"collection":[{"href":"https:\/\/aufildespierres.com\/index.php\/wp-json\/wp\/v2\/product"}],"about":[{"href":"https:\/\/aufildespierres.com\/index.php\/wp-json\/wp\/v2\/types\/product"}],"replies":[{"embeddable":true,"href":"https:\/\/aufildespierres.com\/index.php\/wp-json\/wp\/v2\/comments?post=2607"}],"wp:featuredmedia":[{"embeddable":true,"href":"https:\/\/aufildespierres.com\/index.php\/wp-json\/wp\/v2\/media\/2608"}],"wp:attachment":[{"href":"https:\/\/aufildespierres.com\/index.php\/wp-json\/wp\/v2\/media?parent=2607"}],"wp:term":[{"taxonomy":"product_brand","embeddable":true,"href":"https:\/\/aufildespierres.com\/index.php\/wp-json\/wp\/v2\/product_brand?post=2607"},{"taxonomy":"product_cat","embeddable":true,"href":"https:\/\/aufildespierres.com\/index.php\/wp-json\/wp\/v2\/product_cat?post=2607"},{"taxonomy":"product_tag","embeddable":true,"href":"https:\/\/aufildespierres.com\/index.php\/wp-json\/wp\/v2\/product_tag?post=2607"}],"curies":[{"name":"wp","href":"https:\/\/api.w.org\/{rel}","templated":true}]}}