{"id":2617,"date":"2024-07-12T18:37:57","date_gmt":"2024-07-12T16:37:57","guid":{"rendered":"https:\/\/aufildespierres.com\/?post_type=product&#038;p=2617"},"modified":"2026-04-23T20:58:49","modified_gmt":"2026-04-23T18:58:49","slug":"pointe-howlite","status":"publish","type":"product","link":"https:\/\/aufildespierres.com\/index.php\/product\/pointe-howlite\/","title":{"rendered":"Pointe Howlite"},"content":{"rendered":"<div class=\"relative basis-auto flex-col -mb-(--composer-overlap-px) pb-(--composer-overlap-px) [--composer-overlap-px:28px] grow flex\">\n<div class=\"flex flex-col text-sm\">\n<section class=\"text-token-text-primary w-full focus:outline-none [--shadow-height:45px] has-data-writing-block:pointer-events-none has-data-writing-block:-mt-(--shadow-height) has-data-writing-block:pt-(--shadow-height) [&amp;:has([data-writing-block])&gt;*]:pointer-events-auto [content-visibility:auto] supports-[content-visibility:auto]:[contain-intrinsic-size:auto_100lvh] R6Vx5W_threadScrollVars scroll-mb-[calc(var(--scroll-root-safe-area-inset-bottom,0px)+var(--thread-response-height))] scroll-mt-[calc(var(--header-height)+min(200px,max(70px,20svh)))]\" dir=\"auto\" data-turn-id=\"request-WEB:f391a6d9-6d7a-4142-be71-baa9cc8afa6a-13\" data-testid=\"conversation-turn-28\" data-scroll-anchor=\"false\" data-turn=\"assistant\">\n<div class=\"text-base my-auto mx-auto pb-10 [--thread-content-margin:var(--thread-content-margin-xs,calc(var(--spacing)*4))] @w-sm\/main:[--thread-content-margin:var(--thread-content-margin-sm,calc(var(--spacing)*6))] @w-lg\/main:[--thread-content-margin:var(--thread-content-margin-lg,calc(var(--spacing)*16))] px-(--thread-content-margin)\">\n<div class=\"[--thread-content-max-width:40rem] @w-lg\/main:[--thread-content-max-width:48rem] mx-auto max-w-(--thread-content-max-width) flex-1 group\/turn-messages focus-visible:outline-hidden relative flex w-full min-w-0 flex-col agent-turn\">\n<div class=\"flex max-w-full flex-col gap-4 grow\">\n<div class=\"min-h-8 text-message relative flex w-full flex-col items-end gap-2 text-start break-words whitespace-normal outline-none keyboard-focused:focus-ring [.text-message+&amp;]:mt-1\" dir=\"auto\" tabindex=\"0\" data-message-author-role=\"assistant\" data-message-id=\"4219108f-90cd-40f3-bbfd-ac12d7cd3621\" data-message-model-slug=\"gpt-5-3\" data-turn-start-message=\"true\">\n<div class=\"flex w-full flex-col gap-1 empty:hidden\">\n<div class=\"markdown prose dark:prose-invert w-full wrap-break-word light markdown-new-styling\">\n<p data-start=\"93\" data-end=\"155\"><strong data-start=\"93\" data-end=\"155\">Pointe Howlite \u2013 hauteur 10 cm \u2013 base 2,5 cm \u2013 poids 113 g<\/strong><\/p>\n<p data-start=\"157\" data-end=\"535\">Cette pointe Howlite diffuse une \u00e9nergie douce et apaisante, id\u00e9ale pour favoriser le calme et la stabilit\u00e9 \u00e9motionnelle. Gr\u00e2ce \u00e0 sa forme en pointe, elle canalise et oriente l\u2019\u00e9nergie de mani\u00e8re pr\u00e9cise. Ainsi, vous pouvez la placer dans une chambre pour am\u00e9liorer le sommeil, sur un bureau pour renforcer la concentration ou l\u2019utiliser lors de s\u00e9ances de gestion des \u00e9motions.<\/p>\n<p data-start=\"537\" data-end=\"870\">La howlite est une pierre riche en calcium et en silicium, reconnue pour ses propri\u00e9t\u00e9s apaisantes. Sa couleur blanche symbolise la paix, la puret\u00e9 et la sagesse. En parall\u00e8le, ses veines noires rappellent l\u2019ancrage et la connexion \u00e0 la r\u00e9alit\u00e9. Par cons\u00e9quent, elle agit \u00e0 la fois sur l\u2019apaisement mental et la stabilit\u00e9 int\u00e9rieure.<\/p>\n<p data-start=\"872\" data-end=\"1168\">Sur le plan psychologique, la howlite apporte clart\u00e9 d\u2019esprit et concentration. Elle calme le stress, l\u2019anxi\u00e9t\u00e9 ainsi que l\u2019hypersensibilit\u00e9. De plus, elle favorise la ma\u00eetrise des \u00e9motions, en particulier les plus intenses. Elle d\u00e9veloppe la patience, la sagesse et l\u2019indulgence envers soi-m\u00eame.<\/p>\n<p data-start=\"1170\" data-end=\"1434\">Ensuite, cette pierre vous aide \u00e0 vous accepter tel que vous \u00eates et renforce la confiance en vous. Elle dissipe les peurs et stabilise l\u2019\u00e9tat \u00e9motionnel lors de p\u00e9riodes difficiles. Ainsi, elle r\u00e9duit les tensions nerveuses et favorise un retour au calme durable.<\/p>\n<p data-start=\"1436\" data-end=\"1621\">Par ailleurs, la howlite facilite l\u2019endormissement et am\u00e9liore la qualit\u00e9 du sommeil. Vous pouvez la placer sous un oreiller ou sur une table de chevet pour lutter contre les insomnies.<\/p>\n<p data-start=\"1623\" data-end=\"1957\">Sur le plan physique, la howlite renforce les os et les dents gr\u00e2ce \u00e0 sa teneur en silicium. Elle aide \u00e9galement \u00e0 drainer la r\u00e9tention d\u2019eau et limite les comportements compulsifs, notamment li\u00e9s \u00e0 l\u2019alimentation. Elle soutient le foie et l\u2019estomac, ce qui en fait un bon accompagnement lors de p\u00e9riodes de r\u00e9\u00e9quilibrage alimentaire.<\/p>\n<p data-start=\"1959\" data-end=\"2221\">De plus, elle stimule la circulation sanguine et contribue \u00e0 renforcer les globules. Elle \u00e9quilibre les fluides corporels tout en soutenant l\u2019\u00e9nergie globale du corps. Enfin, elle aide \u00e0 maintenir la concentration mentale et \u00e0 tenir ses objectifs avec constance.<\/p>\n<p data-start=\"2223\" data-end=\"2532\"><strong data-start=\"2223\" data-end=\"2264\">Comment l\u2019utiliser en lithoth\u00e9rapie :<\/strong><br data-start=\"2264\" data-end=\"2267\" \/>Placez la pointe Howlite dans votre espace de vie selon votre besoin. Ensuite, prenez un moment pour vous recentrer et poser une intention claire. Enfin, utilisez-la r\u00e9guli\u00e8rement afin d\u2019ancrer ses effets, car la lithoth\u00e9rapie agit progressivement et en conscience.<\/p>\n<\/div>\n<\/div>\n<\/div>\n<\/div>\n<div class=\"mt-3 w-full empty:hidden\">\n<div class=\"text-center\"><\/div>\n<\/div>\n<\/div>\n<\/div>\n<\/section>\n<div class=\"pointer-events-none translate-y-(--scroll-root-safe-area-inset-bottom) R6Vx5W_threadScrollVars min-h-(--gutter-remaining-height,0px) group-data-stream-active\/scroll-root:h-[calc(var(--thread-response-height)-16*var(--spacing))]\"><\/div>\n<\/div>\n<\/div>\n","protected":false},"excerpt":{"rendered":"<p>Pointe Howlite \u2013 hauteur 10 cm \u2013 base 2,5 cm \u2013 poids 113 g Cette pointe Howlite diffuse une \u00e9nergie douce et apaisante, id\u00e9ale pour favoriser le calme et la stabilit\u00e9 \u00e9motionnelle. Gr\u00e2ce \u00e0 sa forme en pointe, elle canalise et oriente l\u2019\u00e9nergie de mani\u00e8re pr\u00e9cise. Ainsi, vous pouvez la placer dans une chambre pour [&hellip;]<\/p>\n","protected":false},"featured_media":2618,"comment_status":"open","ping_status":"closed","template":"","meta":{"site-sidebar-layout":"default","site-content-layout":"","ast-site-content-layout":"default","site-content-style":"default","site-sidebar-style":"default","ast-global-header-display":"","ast-banner-title-visibility":"","ast-main-header-display":"","ast-hfb-above-header-display":"","ast-hfb-below-header-display":"","ast-hfb-mobile-header-display":"","site-post-title":"","ast-breadcrumbs-content":"","ast-featured-img":"","footer-sml-layout":"","ast-disable-related-posts":"","theme-transparent-header-meta":"default","adv-header-id-meta":"","stick-header-meta":"","header-above-stick-meta":"","header-main-stick-meta":"","header-below-stick-meta":"","astra-migrate-meta-layouts":"set","ast-page-background-enabled":"default","ast-page-background-meta":{"desktop":{"background-color":"var(--ast-global-color-4)","background-image":"","background-repeat":"repeat","background-position":"center center","background-size":"auto","background-attachment":"scroll","background-type":"","background-media":"","overlay-type":"","overlay-color":"","overlay-opacity":"","overlay-gradient":""},"tablet":{"background-color":"","background-image":"","background-repeat":"repeat","background-position":"center center","background-size":"auto","background-attachment":"scroll","background-type":"","background-media":"","overlay-type":"","overlay-color":"","overlay-opacity":"","overlay-gradient":""},"mobile":{"background-color":"","background-image":"","background-repeat":"repeat","background-position":"center center","background-size":"auto","background-attachment":"scroll","background-type":"","background-media":"","overlay-type":"","overlay-color":"","overlay-opacity":"","overlay-gradient":""}},"ast-content-background-meta":{"desktop":{"background-color":"var(--ast-global-color-5)","background-image":"","background-repeat":"repeat","background-position":"center center","background-size":"auto","background-attachment":"scroll","background-type":"","background-media":"","overlay-type":"","overlay-color":"","overlay-opacity":"","overlay-gradient":""},"tablet":{"background-color":"var(--ast-global-color-5)","background-image":"","background-repeat":"repeat","background-position":"center center","background-size":"auto","background-attachment":"scroll","background-type":"","background-media":"","overlay-type":"","overlay-color":"","overlay-opacity":"","overlay-gradient":""},"mobile":{"background-color":"var(--ast-global-color-5)","background-image":"","background-repeat":"repeat","background-position":"center center","background-size":"auto","background-attachment":"scroll","background-type":"","background-media":"","overlay-type":"","overlay-color":"","overlay-opacity":"","overlay-gradient":""}},"_glsr_average":0,"_glsr_ranking":0,"_glsr_reviews":0},"product_brand":[],"product_cat":[67,97,32,199],"product_tag":[],"class_list":{"0":"post-2617","1":"product","2":"type-product","3":"status-publish","4":"has-post-thumbnail","6":"product_cat-blanc","7":"product_cat-howlite","8":"product_cat-pierres-polies","9":"product_cat-pointes","10":"desktop-align-left","11":"tablet-align-left","12":"mobile-align-left","14":"first","15":"instock","16":"purchasable","17":"product-type-simple"},"yoast_head":"<!-- This site is optimized with the Yoast SEO plugin v27.5 - https:\/\/yoast.com\/product\/yoast-seo-wordpress\/ -->\n<title>Pointe Howlite - Au fil des pierres<\/title>\n<meta name=\"description\" content=\"Pointe Howlite 10 cm : pierre de s\u00e9r\u00e9nit\u00e9 et apaisement. Id\u00e9ale pour sommeil, stress, \u00e9motions et concentration, elle favorise \u00e9quilibre mental et bien-\u00eatre.\" \/>\n<meta name=\"robots\" content=\"index, follow, max-snippet:-1, max-image-preview:large, max-video-preview:-1\" \/>\n<link rel=\"canonical\" href=\"https:\/\/aufildespierres.com\/index.php\/product\/pointe-howlite\/\" \/>\n<meta property=\"og:locale\" content=\"fr_FR\" \/>\n<meta property=\"og:type\" content=\"article\" \/>\n<meta property=\"og:title\" content=\"Pointe Howlite - Au fil des pierres\" \/>\n<meta property=\"og:description\" content=\"Pointe Howlite 10 cm : pierre de s\u00e9r\u00e9nit\u00e9 et apaisement. Id\u00e9ale pour sommeil, stress, \u00e9motions et concentration, elle favorise \u00e9quilibre mental et bien-\u00eatre.\" \/>\n<meta property=\"og:url\" content=\"https:\/\/aufildespierres.com\/index.php\/product\/pointe-howlite\/\" \/>\n<meta property=\"og:site_name\" content=\"Au fil des pierres\" \/>\n<meta property=\"article:modified_time\" content=\"2026-04-23T18:58:49+00:00\" \/>\n<meta property=\"og:image\" content=\"https:\/\/aufildespierres.com\/wp-content\/uploads\/2024\/07\/20240712_124915-scaled.jpg\" \/>\n\t<meta property=\"og:image:width\" content=\"1920\" \/>\n\t<meta property=\"og:image:height\" content=\"2560\" \/>\n\t<meta property=\"og:image:type\" content=\"image\/jpeg\" \/>\n<meta name=\"twitter:card\" content=\"summary_large_image\" \/>\n<meta name=\"twitter:label1\" content=\"Dur\u00e9e de lecture estim\u00e9e\" \/>\n\t<meta name=\"twitter:data1\" content=\"3 minutes\" \/>\n<script type=\"application\/ld+json\" class=\"yoast-schema-graph\">{\"@context\":\"https:\\\/\\\/schema.org\",\"@graph\":[{\"@type\":\"WebPage\",\"@id\":\"https:\\\/\\\/aufildespierres.com\\\/index.php\\\/product\\\/pointe-howlite\\\/\",\"url\":\"https:\\\/\\\/aufildespierres.com\\\/index.php\\\/product\\\/pointe-howlite\\\/\",\"name\":\"Pointe Howlite - Au fil des pierres\",\"isPartOf\":{\"@id\":\"https:\\\/\\\/aufildespierres.com\\\/#website\"},\"primaryImageOfPage\":{\"@id\":\"https:\\\/\\\/aufildespierres.com\\\/index.php\\\/product\\\/pointe-howlite\\\/#primaryimage\"},\"image\":{\"@id\":\"https:\\\/\\\/aufildespierres.com\\\/index.php\\\/product\\\/pointe-howlite\\\/#primaryimage\"},\"thumbnailUrl\":\"https:\\\/\\\/aufildespierres.com\\\/wp-content\\\/uploads\\\/2024\\\/07\\\/20240712_124915-scaled.jpg\",\"datePublished\":\"2024-07-12T16:37:57+00:00\",\"dateModified\":\"2026-04-23T18:58:49+00:00\",\"description\":\"Pointe Howlite 10 cm : pierre de s\u00e9r\u00e9nit\u00e9 et apaisement. Id\u00e9ale pour sommeil, stress, \u00e9motions et concentration, elle favorise \u00e9quilibre mental et bien-\u00eatre.\",\"breadcrumb\":{\"@id\":\"https:\\\/\\\/aufildespierres.com\\\/index.php\\\/product\\\/pointe-howlite\\\/#breadcrumb\"},\"inLanguage\":\"fr-FR\",\"potentialAction\":[{\"@type\":\"ReadAction\",\"target\":[\"https:\\\/\\\/aufildespierres.com\\\/index.php\\\/product\\\/pointe-howlite\\\/\"]}]},{\"@type\":\"ImageObject\",\"inLanguage\":\"fr-FR\",\"@id\":\"https:\\\/\\\/aufildespierres.com\\\/index.php\\\/product\\\/pointe-howlite\\\/#primaryimage\",\"url\":\"https:\\\/\\\/aufildespierres.com\\\/wp-content\\\/uploads\\\/2024\\\/07\\\/20240712_124915-scaled.jpg\",\"contentUrl\":\"https:\\\/\\\/aufildespierres.com\\\/wp-content\\\/uploads\\\/2024\\\/07\\\/20240712_124915-scaled.jpg\",\"width\":1920,\"height\":2560},{\"@type\":\"BreadcrumbList\",\"@id\":\"https:\\\/\\\/aufildespierres.com\\\/index.php\\\/product\\\/pointe-howlite\\\/#breadcrumb\",\"itemListElement\":[{\"@type\":\"ListItem\",\"position\":1,\"name\":\"Accueil\",\"item\":\"https:\\\/\\\/aufildespierres.com\\\/\"},{\"@type\":\"ListItem\",\"position\":2,\"name\":\"Boutique de Lithoth\u00e9rapie\",\"item\":\"https:\\\/\\\/aufildespierres.com\\\/index.php\\\/boutique-de-lithotherapie\\\/\"},{\"@type\":\"ListItem\",\"position\":3,\"name\":\"Pointe Howlite\"}]},{\"@type\":\"WebSite\",\"@id\":\"https:\\\/\\\/aufildespierres.com\\\/#website\",\"url\":\"https:\\\/\\\/aufildespierres.com\\\/\",\"name\":\"Au fil des pierres\",\"description\":\"Au fil des pierres\",\"publisher\":{\"@id\":\"https:\\\/\\\/aufildespierres.com\\\/#organization\"},\"potentialAction\":[{\"@type\":\"SearchAction\",\"target\":{\"@type\":\"EntryPoint\",\"urlTemplate\":\"https:\\\/\\\/aufildespierres.com\\\/?s={search_term_string}\"},\"query-input\":{\"@type\":\"PropertyValueSpecification\",\"valueRequired\":true,\"valueName\":\"search_term_string\"}}],\"inLanguage\":\"fr-FR\"},{\"@type\":\"Organization\",\"@id\":\"https:\\\/\\\/aufildespierres.com\\\/#organization\",\"name\":\"Au fil des pierres\",\"url\":\"https:\\\/\\\/aufildespierres.com\\\/\",\"logo\":{\"@type\":\"ImageObject\",\"inLanguage\":\"fr-FR\",\"@id\":\"https:\\\/\\\/aufildespierres.com\\\/#\\\/schema\\\/logo\\\/image\\\/\",\"url\":\"https:\\\/\\\/aufildespierres.com\\\/wp-content\\\/uploads\\\/2023\\\/05\\\/cropped-Logo-PNG-Transparent.png\",\"contentUrl\":\"https:\\\/\\\/aufildespierres.com\\\/wp-content\\\/uploads\\\/2023\\\/05\\\/cropped-Logo-PNG-Transparent.png\",\"width\":1776,\"height\":1625,\"caption\":\"Au fil des pierres\"},\"image\":{\"@id\":\"https:\\\/\\\/aufildespierres.com\\\/#\\\/schema\\\/logo\\\/image\\\/\"}}]}<\/script>\n<!-- \/ Yoast SEO plugin. -->","yoast_head_json":{"title":"Pointe Howlite - Au fil des pierres","description":"Pointe Howlite 10 cm : pierre de s\u00e9r\u00e9nit\u00e9 et apaisement. Id\u00e9ale pour sommeil, stress, \u00e9motions et concentration, elle favorise \u00e9quilibre mental et bien-\u00eatre.","robots":{"index":"index","follow":"follow","max-snippet":"max-snippet:-1","max-image-preview":"max-image-preview:large","max-video-preview":"max-video-preview:-1"},"canonical":"https:\/\/aufildespierres.com\/index.php\/product\/pointe-howlite\/","og_locale":"fr_FR","og_type":"article","og_title":"Pointe Howlite - Au fil des pierres","og_description":"Pointe Howlite 10 cm : pierre de s\u00e9r\u00e9nit\u00e9 et apaisement. Id\u00e9ale pour sommeil, stress, \u00e9motions et concentration, elle favorise \u00e9quilibre mental et bien-\u00eatre.","og_url":"https:\/\/aufildespierres.com\/index.php\/product\/pointe-howlite\/","og_site_name":"Au fil des pierres","article_modified_time":"2026-04-23T18:58:49+00:00","og_image":[{"width":1920,"height":2560,"url":"https:\/\/aufildespierres.com\/wp-content\/uploads\/2024\/07\/20240712_124915-scaled.jpg","type":"image\/jpeg"}],"twitter_card":"summary_large_image","twitter_misc":{"Dur\u00e9e de lecture estim\u00e9e":"3 minutes"},"schema":{"@context":"https:\/\/schema.org","@graph":[{"@type":"WebPage","@id":"https:\/\/aufildespierres.com\/index.php\/product\/pointe-howlite\/","url":"https:\/\/aufildespierres.com\/index.php\/product\/pointe-howlite\/","name":"Pointe Howlite - Au fil des pierres","isPartOf":{"@id":"https:\/\/aufildespierres.com\/#website"},"primaryImageOfPage":{"@id":"https:\/\/aufildespierres.com\/index.php\/product\/pointe-howlite\/#primaryimage"},"image":{"@id":"https:\/\/aufildespierres.com\/index.php\/product\/pointe-howlite\/#primaryimage"},"thumbnailUrl":"https:\/\/aufildespierres.com\/wp-content\/uploads\/2024\/07\/20240712_124915-scaled.jpg","datePublished":"2024-07-12T16:37:57+00:00","dateModified":"2026-04-23T18:58:49+00:00","description":"Pointe Howlite 10 cm : pierre de s\u00e9r\u00e9nit\u00e9 et apaisement. Id\u00e9ale pour sommeil, stress, \u00e9motions et concentration, elle favorise \u00e9quilibre mental et bien-\u00eatre.","breadcrumb":{"@id":"https:\/\/aufildespierres.com\/index.php\/product\/pointe-howlite\/#breadcrumb"},"inLanguage":"fr-FR","potentialAction":[{"@type":"ReadAction","target":["https:\/\/aufildespierres.com\/index.php\/product\/pointe-howlite\/"]}]},{"@type":"ImageObject","inLanguage":"fr-FR","@id":"https:\/\/aufildespierres.com\/index.php\/product\/pointe-howlite\/#primaryimage","url":"https:\/\/aufildespierres.com\/wp-content\/uploads\/2024\/07\/20240712_124915-scaled.jpg","contentUrl":"https:\/\/aufildespierres.com\/wp-content\/uploads\/2024\/07\/20240712_124915-scaled.jpg","width":1920,"height":2560},{"@type":"BreadcrumbList","@id":"https:\/\/aufildespierres.com\/index.php\/product\/pointe-howlite\/#breadcrumb","itemListElement":[{"@type":"ListItem","position":1,"name":"Accueil","item":"https:\/\/aufildespierres.com\/"},{"@type":"ListItem","position":2,"name":"Boutique de Lithoth\u00e9rapie","item":"https:\/\/aufildespierres.com\/index.php\/boutique-de-lithotherapie\/"},{"@type":"ListItem","position":3,"name":"Pointe Howlite"}]},{"@type":"WebSite","@id":"https:\/\/aufildespierres.com\/#website","url":"https:\/\/aufildespierres.com\/","name":"Au fil des pierres","description":"Au fil des pierres","publisher":{"@id":"https:\/\/aufildespierres.com\/#organization"},"potentialAction":[{"@type":"SearchAction","target":{"@type":"EntryPoint","urlTemplate":"https:\/\/aufildespierres.com\/?s={search_term_string}"},"query-input":{"@type":"PropertyValueSpecification","valueRequired":true,"valueName":"search_term_string"}}],"inLanguage":"fr-FR"},{"@type":"Organization","@id":"https:\/\/aufildespierres.com\/#organization","name":"Au fil des pierres","url":"https:\/\/aufildespierres.com\/","logo":{"@type":"ImageObject","inLanguage":"fr-FR","@id":"https:\/\/aufildespierres.com\/#\/schema\/logo\/image\/","url":"https:\/\/aufildespierres.com\/wp-content\/uploads\/2023\/05\/cropped-Logo-PNG-Transparent.png","contentUrl":"https:\/\/aufildespierres.com\/wp-content\/uploads\/2023\/05\/cropped-Logo-PNG-Transparent.png","width":1776,"height":1625,"caption":"Au fil des pierres"},"image":{"@id":"https:\/\/aufildespierres.com\/#\/schema\/logo\/image\/"}}]}},"_links":{"self":[{"href":"https:\/\/aufildespierres.com\/index.php\/wp-json\/wp\/v2\/product\/2617","targetHints":{"allow":["GET"]}}],"collection":[{"href":"https:\/\/aufildespierres.com\/index.php\/wp-json\/wp\/v2\/product"}],"about":[{"href":"https:\/\/aufildespierres.com\/index.php\/wp-json\/wp\/v2\/types\/product"}],"replies":[{"embeddable":true,"href":"https:\/\/aufildespierres.com\/index.php\/wp-json\/wp\/v2\/comments?post=2617"}],"wp:featuredmedia":[{"embeddable":true,"href":"https:\/\/aufildespierres.com\/index.php\/wp-json\/wp\/v2\/media\/2618"}],"wp:attachment":[{"href":"https:\/\/aufildespierres.com\/index.php\/wp-json\/wp\/v2\/media?parent=2617"}],"wp:term":[{"taxonomy":"product_brand","embeddable":true,"href":"https:\/\/aufildespierres.com\/index.php\/wp-json\/wp\/v2\/product_brand?post=2617"},{"taxonomy":"product_cat","embeddable":true,"href":"https:\/\/aufildespierres.com\/index.php\/wp-json\/wp\/v2\/product_cat?post=2617"},{"taxonomy":"product_tag","embeddable":true,"href":"https:\/\/aufildespierres.com\/index.php\/wp-json\/wp\/v2\/product_tag?post=2617"}],"curies":[{"name":"wp","href":"https:\/\/api.w.org\/{rel}","templated":true}]}}