{"id":2635,"date":"2024-07-22T09:20:40","date_gmt":"2024-07-22T07:20:40","guid":{"rendered":"https:\/\/aufildespierres.com\/?post_type=product&#038;p=2635"},"modified":"2026-04-25T21:56:10","modified_gmt":"2026-04-25T19:56:10","slug":"opale-boulder","status":"publish","type":"product","link":"https:\/\/aufildespierres.com\/index.php\/product\/opale-boulder\/","title":{"rendered":"Opale Boulder"},"content":{"rendered":"<section class=\"text-token-text-primary w-full focus:outline-none [--shadow-height:45px] has-data-writing-block:pointer-events-none has-data-writing-block:-mt-(--shadow-height) has-data-writing-block:pt-(--shadow-height) [&amp;:has([data-writing-block])&gt;*]:pointer-events-auto [content-visibility:auto] supports-[content-visibility:auto]:[contain-intrinsic-size:auto_100lvh] R6Vx5W_threadScrollVars scroll-mb-[calc(var(--scroll-root-safe-area-inset-bottom,0px)+var(--thread-response-height))] scroll-mt-[calc(var(--header-height)+min(200px,max(70px,20svh)))]\" dir=\"auto\" data-turn-id=\"request-WEB:8c91f5d5-3561-42e4-9e43-16c29a085384-7\" data-testid=\"conversation-turn-16\" data-scroll-anchor=\"false\" data-turn=\"assistant\">\n<div class=\"text-base my-auto mx-auto pb-10 [--thread-content-margin:var(--thread-content-margin-xs,calc(var(--spacing)*4))] @w-sm\/main:[--thread-content-margin:var(--thread-content-margin-sm,calc(var(--spacing)*6))] @w-lg\/main:[--thread-content-margin:var(--thread-content-margin-lg,calc(var(--spacing)*16))] px-(--thread-content-margin)\">\n<div class=\"[--thread-content-max-width:40rem] @w-lg\/main:[--thread-content-max-width:48rem] mx-auto max-w-(--thread-content-max-width) flex-1 group\/turn-messages focus-visible:outline-hidden relative flex w-full min-w-0 flex-col agent-turn\">\n<div class=\"flex max-w-full flex-col gap-4 grow\">\n<div class=\"min-h-8 text-message relative flex w-full flex-col items-end gap-2 text-start break-words whitespace-normal outline-none keyboard-focused:focus-ring [.text-message+&amp;]:mt-1\" dir=\"auto\" tabindex=\"0\" data-message-author-role=\"assistant\" data-message-id=\"ca074bde-fdca-4733-8a14-cf96051c943d\" data-message-model-slug=\"gpt-5-3\" data-turn-start-message=\"true\">\n<div class=\"flex w-full flex-col gap-1 empty:hidden\">\n<div class=\"markdown prose dark:prose-invert w-full wrap-break-word light markdown-new-styling\">\n<h2 data-section-id=\"1pfikgn\" data-start=\"75\" data-end=\"113\">Opale Boulder<\/h2>\n<h2 data-section-id=\"1pfikgn\" data-start=\"75\" data-end=\"113\">\u2013 Origine Australie<\/h2>\n<p data-start=\"115\" data-end=\"419\">L\u2019<strong data-start=\"117\" data-end=\"134\">Opale Boulder<\/strong> est une pierre naturelle rare et recherch\u00e9e pour ses magnifiques veines color\u00e9es sur fond sombre. Cette pi\u00e8ce d\u2019exception, d\u2019origine australienne, mesure 38 x 30 mm pour un poids de 13 grammes, soit 64,65 carats. Elle se distingue par ses contrastes uniques et son aspect authentique.<\/p>\n<p data-start=\"421\" data-end=\"749\">Form\u00e9e dans des roches riches en fer, l\u2019opale boulder d\u00e9veloppe une structure particuli\u00e8re. Ainsi, elle conserve une partie de sa roche m\u00e8re, ce qui renforce son ancrage \u00e9nerg\u00e9tique. De plus, la pr\u00e9sence de fer amplifie son \u00e9nergie naturelle ainsi que celle de son porteur. Cela en fait une pierre \u00e0 la fois puissante et stable.<\/p>\n<p data-start=\"751\" data-end=\"1045\">L\u2019<strong data-start=\"753\" data-end=\"770\">Opale Boulder<\/strong> agit directement sur l\u2019\u00e9quilibre \u00e9motionnel. Elle apaise les tensions et calme le mental. Par cons\u00e9quent, elle favorise un \u00e9tat de s\u00e9r\u00e9nit\u00e9 et de lucidit\u00e9. Elle aide \u00e9galement \u00e0 rester ancr\u00e9 dans le moment pr\u00e9sent. Cela permet de d\u00e9velopper plus de spontan\u00e9it\u00e9 au quotidien.<\/p>\n<p data-start=\"1047\" data-end=\"1343\">Sur le plan psychologique, cette pierre stimule l\u2019esprit cr\u00e9atif. Elle favorise l\u2019expression artistique et lib\u00e8re le potentiel int\u00e9rieur. De plus, elle accompagne les personnes qui souhaitent d\u00e9passer leurs blocages. Elle aide ainsi \u00e0 se d\u00e9tacher des sch\u00e9mas r\u00e9p\u00e9titifs et des blessures du pass\u00e9.<\/p>\n<p data-start=\"1345\" data-end=\"1627\">Sur le plan \u00e9motionnel, l\u2019opale boulder soutient la transformation. Elle diminue la col\u00e8re et lib\u00e8re les tensions accumul\u00e9es. Elle renforce \u00e9galement la confiance en soi et l\u2019estime personnelle. En parall\u00e8le, elle favorise l\u2019ouverture aux autres et am\u00e9liore la qualit\u00e9 des \u00e9changes.<\/p>\n<p data-start=\"1629\" data-end=\"1885\">Gr\u00e2ce \u00e0 son lien avec le chakra racine, elle procure un sentiment de s\u00e9curit\u00e9. Elle aide \u00e0 se sentir \u00e0 sa place et \u00e0 retrouver une stabilit\u00e9 int\u00e9rieure. Ainsi, elle r\u00e9duit le stress, la tristesse et le manque d\u2019\u00e9nergie. Elle redonne vitalit\u00e9 et motivation.<\/p>\n<p data-start=\"1887\" data-end=\"2156\">Sur le plan physique, elle est traditionnellement associ\u00e9e \u00e0 un effet d\u00e9toxifiant. Elle soutient les fonctions du foie, des reins et de la vessie. Elle agit \u00e9galement sur la circulation et le syst\u00e8me nerveux. En compl\u00e9ment, elle encourage une hygi\u00e8ne de vie plus saine.<\/p>\n<p data-start=\"2158\" data-end=\"2360\" data-is-last-node=\"\" data-is-only-node=\"\">Enfin, cette pierre n\u00e9cessite un entretien adapt\u00e9. Il est conseill\u00e9 de la recharger \u00e0 la lumi\u00e8re de la lune. En revanche, l\u2019exposition au soleil est d\u00e9conseill\u00e9e, car elle pourrait alt\u00e9rer sa structure.<\/p>\n<\/div>\n<\/div>\n<\/div>\n<\/div>\n<div class=\"z-0 flex min-h-[46px] justify-start\"><\/div>\n<div class=\"mt-3 w-full empty:hidden\">\n<div class=\"text-center\"><\/div>\n<\/div>\n<\/div>\n<\/div>\n<\/section>\n<div class=\"pointer-events-none -mt-px h-px translate-y-[calc(var(--scroll-root-safe-area-inset-bottom)-14*var(--spacing))]\" aria-hidden=\"true\"><\/div>\n","protected":false},"excerpt":{"rendered":"<p>Opale Boulder \u2013 Origine Australie L\u2019Opale Boulder est une pierre naturelle rare et recherch\u00e9e pour ses magnifiques veines color\u00e9es sur fond sombre. Cette pi\u00e8ce d\u2019exception, d\u2019origine australienne, mesure 38 x 30 mm pour un poids de 13 grammes, soit 64,65 carats. Elle se distingue par ses contrastes uniques et son aspect authentique. Form\u00e9e dans des [&hellip;]<\/p>\n","protected":false},"featured_media":2638,"comment_status":"open","ping_status":"closed","template":"","meta":{"site-sidebar-layout":"default","site-content-layout":"","ast-site-content-layout":"default","site-content-style":"default","site-sidebar-style":"default","ast-global-header-display":"","ast-banner-title-visibility":"","ast-main-header-display":"","ast-hfb-above-header-display":"","ast-hfb-below-header-display":"","ast-hfb-mobile-header-display":"","site-post-title":"","ast-breadcrumbs-content":"","ast-featured-img":"","footer-sml-layout":"","ast-disable-related-posts":"","theme-transparent-header-meta":"default","adv-header-id-meta":"","stick-header-meta":"","header-above-stick-meta":"","header-main-stick-meta":"","header-below-stick-meta":"","astra-migrate-meta-layouts":"set","ast-page-background-enabled":"default","ast-page-background-meta":{"desktop":{"background-color":"var(--ast-global-color-4)","background-image":"","background-repeat":"repeat","background-position":"center center","background-size":"auto","background-attachment":"scroll","background-type":"","background-media":"","overlay-type":"","overlay-color":"","overlay-opacity":"","overlay-gradient":""},"tablet":{"background-color":"","background-image":"","background-repeat":"repeat","background-position":"center center","background-size":"auto","background-attachment":"scroll","background-type":"","background-media":"","overlay-type":"","overlay-color":"","overlay-opacity":"","overlay-gradient":""},"mobile":{"background-color":"","background-image":"","background-repeat":"repeat","background-position":"center center","background-size":"auto","background-attachment":"scroll","background-type":"","background-media":"","overlay-type":"","overlay-color":"","overlay-opacity":"","overlay-gradient":""}},"ast-content-background-meta":{"desktop":{"background-color":"var(--ast-global-color-5)","background-image":"","background-repeat":"repeat","background-position":"center center","background-size":"auto","background-attachment":"scroll","background-type":"","background-media":"","overlay-type":"","overlay-color":"","overlay-opacity":"","overlay-gradient":""},"tablet":{"background-color":"var(--ast-global-color-5)","background-image":"","background-repeat":"repeat","background-position":"center center","background-size":"auto","background-attachment":"scroll","background-type":"","background-media":"","overlay-type":"","overlay-color":"","overlay-opacity":"","overlay-gradient":""},"mobile":{"background-color":"var(--ast-global-color-5)","background-image":"","background-repeat":"repeat","background-position":"center center","background-size":"auto","background-attachment":"scroll","background-type":"","background-media":"","overlay-type":"","overlay-color":"","overlay-opacity":"","overlay-gradient":""}},"_glsr_average":0,"_glsr_ranking":0,"_glsr_reviews":0},"product_brand":[],"product_cat":[126,32],"product_tag":[],"class_list":{"0":"post-2635","1":"product","2":"type-product","3":"status-publish","4":"has-post-thumbnail","6":"product_cat-opale-boulder","7":"product_cat-pierres-polies","8":"desktop-align-left","9":"tablet-align-left","10":"mobile-align-left","12":"first","13":"instock","14":"purchasable","15":"product-type-simple"},"yoast_head":"<!-- This site is optimized with the Yoast SEO plugin v27.5 - https:\/\/yoast.com\/product\/yoast-seo-wordpress\/ -->\n<title>Opale Boulder - Au fil des pierres<\/title>\n<meta name=\"description\" content=\"Opale Boulder Australie 64,65 carats. Pierre naturelle aux reflets uniques, favorisant ancrage, cr\u00e9ativit\u00e9 et apaisement \u00e9motionnel. Id\u00e9ale pour retrouver \u00e9quilibre et confiance.\" \/>\n<meta name=\"robots\" content=\"index, follow, max-snippet:-1, max-image-preview:large, max-video-preview:-1\" \/>\n<link rel=\"canonical\" href=\"https:\/\/aufildespierres.com\/index.php\/product\/opale-boulder\/\" \/>\n<meta property=\"og:locale\" content=\"fr_FR\" \/>\n<meta property=\"og:type\" content=\"article\" \/>\n<meta property=\"og:title\" content=\"Opale Boulder - Au fil des pierres\" \/>\n<meta property=\"og:description\" content=\"Opale Boulder Australie 64,65 carats. Pierre naturelle aux reflets uniques, favorisant ancrage, cr\u00e9ativit\u00e9 et apaisement \u00e9motionnel. Id\u00e9ale pour retrouver \u00e9quilibre et confiance.\" \/>\n<meta property=\"og:url\" content=\"https:\/\/aufildespierres.com\/index.php\/product\/opale-boulder\/\" \/>\n<meta property=\"og:site_name\" content=\"Au fil des pierres\" \/>\n<meta property=\"article:modified_time\" content=\"2026-04-25T19:56:10+00:00\" \/>\n<meta property=\"og:image\" content=\"https:\/\/aufildespierres.com\/wp-content\/uploads\/2024\/07\/20240722_090432-scaled.jpg\" \/>\n\t<meta property=\"og:image:width\" content=\"2560\" \/>\n\t<meta property=\"og:image:height\" content=\"2374\" \/>\n\t<meta property=\"og:image:type\" content=\"image\/jpeg\" \/>\n<meta name=\"twitter:card\" content=\"summary_large_image\" \/>\n<meta name=\"twitter:label1\" content=\"Dur\u00e9e de lecture estim\u00e9e\" \/>\n\t<meta name=\"twitter:data1\" content=\"3 minutes\" \/>\n<script type=\"application\/ld+json\" class=\"yoast-schema-graph\">{\"@context\":\"https:\\\/\\\/schema.org\",\"@graph\":[{\"@type\":\"WebPage\",\"@id\":\"https:\\\/\\\/aufildespierres.com\\\/index.php\\\/product\\\/opale-boulder\\\/\",\"url\":\"https:\\\/\\\/aufildespierres.com\\\/index.php\\\/product\\\/opale-boulder\\\/\",\"name\":\"Opale Boulder - Au fil des pierres\",\"isPartOf\":{\"@id\":\"https:\\\/\\\/aufildespierres.com\\\/#website\"},\"primaryImageOfPage\":{\"@id\":\"https:\\\/\\\/aufildespierres.com\\\/index.php\\\/product\\\/opale-boulder\\\/#primaryimage\"},\"image\":{\"@id\":\"https:\\\/\\\/aufildespierres.com\\\/index.php\\\/product\\\/opale-boulder\\\/#primaryimage\"},\"thumbnailUrl\":\"https:\\\/\\\/aufildespierres.com\\\/wp-content\\\/uploads\\\/2024\\\/07\\\/20240722_090432-scaled.jpg\",\"datePublished\":\"2024-07-22T07:20:40+00:00\",\"dateModified\":\"2026-04-25T19:56:10+00:00\",\"description\":\"Opale Boulder Australie 64,65 carats. Pierre naturelle aux reflets uniques, favorisant ancrage, cr\u00e9ativit\u00e9 et apaisement \u00e9motionnel. Id\u00e9ale pour retrouver \u00e9quilibre et confiance.\",\"breadcrumb\":{\"@id\":\"https:\\\/\\\/aufildespierres.com\\\/index.php\\\/product\\\/opale-boulder\\\/#breadcrumb\"},\"inLanguage\":\"fr-FR\",\"potentialAction\":[{\"@type\":\"ReadAction\",\"target\":[\"https:\\\/\\\/aufildespierres.com\\\/index.php\\\/product\\\/opale-boulder\\\/\"]}]},{\"@type\":\"ImageObject\",\"inLanguage\":\"fr-FR\",\"@id\":\"https:\\\/\\\/aufildespierres.com\\\/index.php\\\/product\\\/opale-boulder\\\/#primaryimage\",\"url\":\"https:\\\/\\\/aufildespierres.com\\\/wp-content\\\/uploads\\\/2024\\\/07\\\/20240722_090432-scaled.jpg\",\"contentUrl\":\"https:\\\/\\\/aufildespierres.com\\\/wp-content\\\/uploads\\\/2024\\\/07\\\/20240722_090432-scaled.jpg\",\"width\":2560,\"height\":2374},{\"@type\":\"BreadcrumbList\",\"@id\":\"https:\\\/\\\/aufildespierres.com\\\/index.php\\\/product\\\/opale-boulder\\\/#breadcrumb\",\"itemListElement\":[{\"@type\":\"ListItem\",\"position\":1,\"name\":\"Accueil\",\"item\":\"https:\\\/\\\/aufildespierres.com\\\/\"},{\"@type\":\"ListItem\",\"position\":2,\"name\":\"Boutique de Lithoth\u00e9rapie\",\"item\":\"https:\\\/\\\/aufildespierres.com\\\/index.php\\\/boutique-de-lithotherapie\\\/\"},{\"@type\":\"ListItem\",\"position\":3,\"name\":\"Opale Boulder\"}]},{\"@type\":\"WebSite\",\"@id\":\"https:\\\/\\\/aufildespierres.com\\\/#website\",\"url\":\"https:\\\/\\\/aufildespierres.com\\\/\",\"name\":\"Au fil des pierres\",\"description\":\"Au fil des pierres\",\"publisher\":{\"@id\":\"https:\\\/\\\/aufildespierres.com\\\/#organization\"},\"potentialAction\":[{\"@type\":\"SearchAction\",\"target\":{\"@type\":\"EntryPoint\",\"urlTemplate\":\"https:\\\/\\\/aufildespierres.com\\\/?s={search_term_string}\"},\"query-input\":{\"@type\":\"PropertyValueSpecification\",\"valueRequired\":true,\"valueName\":\"search_term_string\"}}],\"inLanguage\":\"fr-FR\"},{\"@type\":\"Organization\",\"@id\":\"https:\\\/\\\/aufildespierres.com\\\/#organization\",\"name\":\"Au fil des pierres\",\"url\":\"https:\\\/\\\/aufildespierres.com\\\/\",\"logo\":{\"@type\":\"ImageObject\",\"inLanguage\":\"fr-FR\",\"@id\":\"https:\\\/\\\/aufildespierres.com\\\/#\\\/schema\\\/logo\\\/image\\\/\",\"url\":\"https:\\\/\\\/aufildespierres.com\\\/wp-content\\\/uploads\\\/2023\\\/05\\\/cropped-Logo-PNG-Transparent.png\",\"contentUrl\":\"https:\\\/\\\/aufildespierres.com\\\/wp-content\\\/uploads\\\/2023\\\/05\\\/cropped-Logo-PNG-Transparent.png\",\"width\":1776,\"height\":1625,\"caption\":\"Au fil des pierres\"},\"image\":{\"@id\":\"https:\\\/\\\/aufildespierres.com\\\/#\\\/schema\\\/logo\\\/image\\\/\"}}]}<\/script>\n<!-- \/ Yoast SEO plugin. -->","yoast_head_json":{"title":"Opale Boulder - Au fil des pierres","description":"Opale Boulder Australie 64,65 carats. Pierre naturelle aux reflets uniques, favorisant ancrage, cr\u00e9ativit\u00e9 et apaisement \u00e9motionnel. Id\u00e9ale pour retrouver \u00e9quilibre et confiance.","robots":{"index":"index","follow":"follow","max-snippet":"max-snippet:-1","max-image-preview":"max-image-preview:large","max-video-preview":"max-video-preview:-1"},"canonical":"https:\/\/aufildespierres.com\/index.php\/product\/opale-boulder\/","og_locale":"fr_FR","og_type":"article","og_title":"Opale Boulder - Au fil des pierres","og_description":"Opale Boulder Australie 64,65 carats. Pierre naturelle aux reflets uniques, favorisant ancrage, cr\u00e9ativit\u00e9 et apaisement \u00e9motionnel. Id\u00e9ale pour retrouver \u00e9quilibre et confiance.","og_url":"https:\/\/aufildespierres.com\/index.php\/product\/opale-boulder\/","og_site_name":"Au fil des pierres","article_modified_time":"2026-04-25T19:56:10+00:00","og_image":[{"width":2560,"height":2374,"url":"https:\/\/aufildespierres.com\/wp-content\/uploads\/2024\/07\/20240722_090432-scaled.jpg","type":"image\/jpeg"}],"twitter_card":"summary_large_image","twitter_misc":{"Dur\u00e9e de lecture estim\u00e9e":"3 minutes"},"schema":{"@context":"https:\/\/schema.org","@graph":[{"@type":"WebPage","@id":"https:\/\/aufildespierres.com\/index.php\/product\/opale-boulder\/","url":"https:\/\/aufildespierres.com\/index.php\/product\/opale-boulder\/","name":"Opale Boulder - Au fil des pierres","isPartOf":{"@id":"https:\/\/aufildespierres.com\/#website"},"primaryImageOfPage":{"@id":"https:\/\/aufildespierres.com\/index.php\/product\/opale-boulder\/#primaryimage"},"image":{"@id":"https:\/\/aufildespierres.com\/index.php\/product\/opale-boulder\/#primaryimage"},"thumbnailUrl":"https:\/\/aufildespierres.com\/wp-content\/uploads\/2024\/07\/20240722_090432-scaled.jpg","datePublished":"2024-07-22T07:20:40+00:00","dateModified":"2026-04-25T19:56:10+00:00","description":"Opale Boulder Australie 64,65 carats. Pierre naturelle aux reflets uniques, favorisant ancrage, cr\u00e9ativit\u00e9 et apaisement \u00e9motionnel. Id\u00e9ale pour retrouver \u00e9quilibre et confiance.","breadcrumb":{"@id":"https:\/\/aufildespierres.com\/index.php\/product\/opale-boulder\/#breadcrumb"},"inLanguage":"fr-FR","potentialAction":[{"@type":"ReadAction","target":["https:\/\/aufildespierres.com\/index.php\/product\/opale-boulder\/"]}]},{"@type":"ImageObject","inLanguage":"fr-FR","@id":"https:\/\/aufildespierres.com\/index.php\/product\/opale-boulder\/#primaryimage","url":"https:\/\/aufildespierres.com\/wp-content\/uploads\/2024\/07\/20240722_090432-scaled.jpg","contentUrl":"https:\/\/aufildespierres.com\/wp-content\/uploads\/2024\/07\/20240722_090432-scaled.jpg","width":2560,"height":2374},{"@type":"BreadcrumbList","@id":"https:\/\/aufildespierres.com\/index.php\/product\/opale-boulder\/#breadcrumb","itemListElement":[{"@type":"ListItem","position":1,"name":"Accueil","item":"https:\/\/aufildespierres.com\/"},{"@type":"ListItem","position":2,"name":"Boutique de Lithoth\u00e9rapie","item":"https:\/\/aufildespierres.com\/index.php\/boutique-de-lithotherapie\/"},{"@type":"ListItem","position":3,"name":"Opale Boulder"}]},{"@type":"WebSite","@id":"https:\/\/aufildespierres.com\/#website","url":"https:\/\/aufildespierres.com\/","name":"Au fil des pierres","description":"Au fil des pierres","publisher":{"@id":"https:\/\/aufildespierres.com\/#organization"},"potentialAction":[{"@type":"SearchAction","target":{"@type":"EntryPoint","urlTemplate":"https:\/\/aufildespierres.com\/?s={search_term_string}"},"query-input":{"@type":"PropertyValueSpecification","valueRequired":true,"valueName":"search_term_string"}}],"inLanguage":"fr-FR"},{"@type":"Organization","@id":"https:\/\/aufildespierres.com\/#organization","name":"Au fil des pierres","url":"https:\/\/aufildespierres.com\/","logo":{"@type":"ImageObject","inLanguage":"fr-FR","@id":"https:\/\/aufildespierres.com\/#\/schema\/logo\/image\/","url":"https:\/\/aufildespierres.com\/wp-content\/uploads\/2023\/05\/cropped-Logo-PNG-Transparent.png","contentUrl":"https:\/\/aufildespierres.com\/wp-content\/uploads\/2023\/05\/cropped-Logo-PNG-Transparent.png","width":1776,"height":1625,"caption":"Au fil des pierres"},"image":{"@id":"https:\/\/aufildespierres.com\/#\/schema\/logo\/image\/"}}]}},"_links":{"self":[{"href":"https:\/\/aufildespierres.com\/index.php\/wp-json\/wp\/v2\/product\/2635","targetHints":{"allow":["GET"]}}],"collection":[{"href":"https:\/\/aufildespierres.com\/index.php\/wp-json\/wp\/v2\/product"}],"about":[{"href":"https:\/\/aufildespierres.com\/index.php\/wp-json\/wp\/v2\/types\/product"}],"replies":[{"embeddable":true,"href":"https:\/\/aufildespierres.com\/index.php\/wp-json\/wp\/v2\/comments?post=2635"}],"wp:featuredmedia":[{"embeddable":true,"href":"https:\/\/aufildespierres.com\/index.php\/wp-json\/wp\/v2\/media\/2638"}],"wp:attachment":[{"href":"https:\/\/aufildespierres.com\/index.php\/wp-json\/wp\/v2\/media?parent=2635"}],"wp:term":[{"taxonomy":"product_brand","embeddable":true,"href":"https:\/\/aufildespierres.com\/index.php\/wp-json\/wp\/v2\/product_brand?post=2635"},{"taxonomy":"product_cat","embeddable":true,"href":"https:\/\/aufildespierres.com\/index.php\/wp-json\/wp\/v2\/product_cat?post=2635"},{"taxonomy":"product_tag","embeddable":true,"href":"https:\/\/aufildespierres.com\/index.php\/wp-json\/wp\/v2\/product_tag?post=2635"}],"curies":[{"name":"wp","href":"https:\/\/api.w.org\/{rel}","templated":true}]}}