{"id":2716,"date":"2024-08-05T22:22:35","date_gmt":"2024-08-05T20:22:35","guid":{"rendered":"https:\/\/aufildespierres.com\/?post_type=product&#038;p=2716"},"modified":"2026-04-23T20:16:33","modified_gmt":"2026-04-23T18:16:33","slug":"bracelet-emeraude","status":"publish","type":"product","link":"https:\/\/aufildespierres.com\/index.php\/product\/bracelet-emeraude\/","title":{"rendered":"Bracelet EMERAUDE"},"content":{"rendered":"<p data-start=\"101\" data-end=\"150\"><strong data-start=\"101\" data-end=\"150\">Bracelet Emeraude \u2013 qualit\u00e9 AA \u2013 perles 12 mm<\/strong><\/p>\n<p data-start=\"152\" data-end=\"488\">Ce bracelet \u00c9meraude en perles de 12 mm est une pi\u00e8ce rare et pr\u00e9cieuse, propos\u00e9e en un seul exemplaire. Il s\u2019adapte \u00e0 un poignet de 17 \u00e0 18 cm et incarne une \u00e9nergie douce, profonde et r\u00e9g\u00e9n\u00e9rante. Ainsi, si cette pierre vous attire, cela r\u00e9v\u00e8le souvent un besoin d\u2019apaisement \u00e9motionnel, d\u2019ouverture du c\u0153ur et de renouveau int\u00e9rieur.<\/p>\n<p data-start=\"490\" data-end=\"818\">L\u2019\u00e9meraude appartient \u00e0 la famille des b\u00e9ryls et se forme dans des roches m\u00e9tamorphiques et hydrothermales. Gr\u00e2ce \u00e0 ce processus, elle d\u00e9veloppe une \u00e9nergie d\u2019harmonie et de croissance, particuli\u00e8rement li\u00e9e au chakra du c\u0153ur. De plus, sa couleur verte symbolise l\u2019\u00e9quilibre, la gu\u00e9rison \u00e9motionnelle et la connexion aux autres.<\/p>\n<p data-start=\"820\" data-end=\"1177\">Sur le plan psychologique, l\u2019\u00e9meraude agit comme une pierre d\u2019espoir. Elle stimule l\u2019enthousiasme et ravive l\u2019\u00e9lan de vie. En effet, elle favorise des relations harmonieuses en renfor\u00e7ant la compr\u00e9hension mutuelle, que ce soit sur le plan amical, social ou amoureux. Par cons\u00e9quent, elle facilite les \u00e9changes sinc\u00e8res et apaise les tensions relationnelles.<\/p>\n<p data-start=\"1179\" data-end=\"1619\">Ensuite, cette pierre calme les \u00e9motions et installe une sensation de s\u00e9r\u00e9nit\u00e9. Elle d\u00e9veloppe la patience, la m\u00e9moire, la bienveillance et la tol\u00e9rance. Ainsi, elle encourage l\u2019ouverture \u00e0 autrui et renforce la compassion. Elle permet \u00e9galement aux \u00e9motions refoul\u00e9es de remonter \u00e0 la surface afin de laisser place \u00e0 des ressentis plus authentiques. En parall\u00e8le, elle favorise l\u2019amour de soi et aide \u00e0 mieux accepter ses propres \u00e9motions.<\/p>\n<p data-start=\"1621\" data-end=\"1751\">Par ailleurs, l\u2019\u00e9meraude peut soutenir les personnes souffrant de claustrophobie en apportant un sentiment de s\u00e9curit\u00e9 int\u00e9rieure.<\/p>\n<p data-start=\"1753\" data-end=\"2020\">Sur le plan physique, l\u2019\u00e9meraude renforce le syst\u00e8me immunitaire et aide \u00e0 lutter contre les maladies virales. De plus, elle apaise le syst\u00e8me digestif et soutient le foie ainsi que le pancr\u00e9as. Elle accompagne \u00e9galement les personnes ayant des fragilit\u00e9s cardiaques.<\/p>\n<p data-start=\"2022\" data-end=\"2236\">En compl\u00e9ment, elle favorise la r\u00e9cup\u00e9ration en p\u00e9riode de convalescence. Elle renforce les articulations, notamment la colonne vert\u00e9brale. Elle aide aussi \u00e0 r\u00e9duire les maux de t\u00eate, les migraines et la nervosit\u00e9.<\/p>\n<p data-start=\"2238\" data-end=\"2338\">Enfin, l\u2019\u00e9meraude agit sur la sph\u00e8re visuelle et peut soulager certains troubles comme la cataracte.<\/p>\n<p data-start=\"2340\" data-end=\"2682\"><strong data-start=\"2340\" data-end=\"2381\">Comment l\u2019utiliser en lithoth\u00e9rapie :<\/strong><br data-start=\"2381\" data-end=\"2384\" \/>Portez votre bracelet \u00c9meraude au quotidien afin de b\u00e9n\u00e9ficier de son \u00e9nergie apaisante et r\u00e9g\u00e9n\u00e9rante. Ensuite, prenez un moment pour vous recentrer et poser une intention claire. Enfin, utilisez-le r\u00e9guli\u00e8rement pour ancrer ses bienfaits, car la lithoth\u00e9rapie agit dans la dur\u00e9e et en conscience.<\/p>\n","protected":false},"excerpt":{"rendered":"<p>Bracelet Emeraude \u2013 qualit\u00e9 AA \u2013 perles 12 mm Ce bracelet \u00c9meraude en perles de 12 mm est une pi\u00e8ce rare et pr\u00e9cieuse, propos\u00e9e en un seul exemplaire. Il s\u2019adapte \u00e0 un poignet de 17 \u00e0 18 cm et incarne une \u00e9nergie douce, profonde et r\u00e9g\u00e9n\u00e9rante. Ainsi, si cette pierre vous attire, cela r\u00e9v\u00e8le souvent [&hellip;]<\/p>\n","protected":false},"featured_media":4559,"comment_status":"open","ping_status":"closed","template":"","meta":{"site-sidebar-layout":"default","site-content-layout":"","ast-site-content-layout":"default","site-content-style":"default","site-sidebar-style":"default","ast-global-header-display":"","ast-banner-title-visibility":"","ast-main-header-display":"","ast-hfb-above-header-display":"","ast-hfb-below-header-display":"","ast-hfb-mobile-header-display":"","site-post-title":"","ast-breadcrumbs-content":"","ast-featured-img":"","footer-sml-layout":"","ast-disable-related-posts":"","theme-transparent-header-meta":"default","adv-header-id-meta":"","stick-header-meta":"","header-above-stick-meta":"","header-main-stick-meta":"","header-below-stick-meta":"","astra-migrate-meta-layouts":"set","ast-page-background-enabled":"default","ast-page-background-meta":{"desktop":{"background-color":"var(--ast-global-color-4)","background-image":"","background-repeat":"repeat","background-position":"center center","background-size":"auto","background-attachment":"scroll","background-type":"","background-media":"","overlay-type":"","overlay-color":"","overlay-opacity":"","overlay-gradient":""},"tablet":{"background-color":"","background-image":"","background-repeat":"repeat","background-position":"center center","background-size":"auto","background-attachment":"scroll","background-type":"","background-media":"","overlay-type":"","overlay-color":"","overlay-opacity":"","overlay-gradient":""},"mobile":{"background-color":"","background-image":"","background-repeat":"repeat","background-position":"center center","background-size":"auto","background-attachment":"scroll","background-type":"","background-media":"","overlay-type":"","overlay-color":"","overlay-opacity":"","overlay-gradient":""}},"ast-content-background-meta":{"desktop":{"background-color":"var(--ast-global-color-5)","background-image":"","background-repeat":"repeat","background-position":"center center","background-size":"auto","background-attachment":"scroll","background-type":"","background-media":"","overlay-type":"","overlay-color":"","overlay-opacity":"","overlay-gradient":""},"tablet":{"background-color":"var(--ast-global-color-5)","background-image":"","background-repeat":"repeat","background-position":"center center","background-size":"auto","background-attachment":"scroll","background-type":"","background-media":"","overlay-type":"","overlay-color":"","overlay-opacity":"","overlay-gradient":""},"mobile":{"background-color":"var(--ast-global-color-5)","background-image":"","background-repeat":"repeat","background-position":"center center","background-size":"auto","background-attachment":"scroll","background-type":"","background-media":"","overlay-type":"","overlay-color":"","overlay-opacity":"","overlay-gradient":""}},"_glsr_average":0,"_glsr_ranking":0,"_glsr_reviews":0},"product_brand":[],"product_cat":[54,56,290,59,259,78],"product_tag":[],"class_list":{"0":"post-2716","1":"product","2":"type-product","3":"status-publish","4":"has-post-thumbnail","6":"product_cat-8-mm","7":"product_cat-bracelets-de-lithotherapie","8":"product_cat-bracelets-de-lithotherapie-femmes","9":"product_cat-bracelets-de-lithotherapie-hommes","10":"product_cat-emeraude","11":"product_cat-vert","12":"desktop-align-left","13":"tablet-align-left","14":"mobile-align-left","16":"first","17":"instock","18":"purchasable","19":"product-type-simple"},"yoast_head":"<!-- This site is optimized with the Yoast SEO plugin v27.5 - https:\/\/yoast.com\/product\/yoast-seo-wordpress\/ -->\n<title>Bracelet EMERAUDE - Au fil des pierres<\/title>\n<meta name=\"description\" content=\"Bracelet Emeraude naturelle 12mm : une pierre symbole d\u2019amour et d\u2019harmonie. Bijou en pierres naturelles, id\u00e9al pour apaiser le c\u0153ur et renforcer la confiance.\" \/>\n<meta name=\"robots\" content=\"index, follow, max-snippet:-1, max-image-preview:large, max-video-preview:-1\" \/>\n<link rel=\"canonical\" href=\"https:\/\/aufildespierres.com\/index.php\/product\/bracelet-emeraude\/\" \/>\n<meta property=\"og:locale\" content=\"fr_FR\" \/>\n<meta property=\"og:type\" content=\"article\" \/>\n<meta property=\"og:title\" content=\"Bracelet EMERAUDE - Au fil des pierres\" \/>\n<meta property=\"og:description\" content=\"Bracelet Emeraude naturelle 12mm : une pierre symbole d\u2019amour et d\u2019harmonie. Bijou en pierres naturelles, id\u00e9al pour apaiser le c\u0153ur et renforcer la confiance.\" \/>\n<meta property=\"og:url\" content=\"https:\/\/aufildespierres.com\/index.php\/product\/bracelet-emeraude\/\" \/>\n<meta property=\"og:site_name\" content=\"Au fil des pierres\" \/>\n<meta property=\"article:modified_time\" content=\"2026-04-23T18:16:33+00:00\" \/>\n<meta property=\"og:image\" content=\"https:\/\/aufildespierres.com\/wp-content\/uploads\/2024\/08\/20260109_181858.jpg\" \/>\n\t<meta property=\"og:image:width\" content=\"2296\" \/>\n\t<meta property=\"og:image:height\" content=\"2470\" \/>\n\t<meta property=\"og:image:type\" content=\"image\/jpeg\" \/>\n<meta name=\"twitter:card\" content=\"summary_large_image\" \/>\n<meta name=\"twitter:label1\" content=\"Dur\u00e9e de lecture estim\u00e9e\" \/>\n\t<meta name=\"twitter:data1\" content=\"3 minutes\" \/>\n<script type=\"application\/ld+json\" class=\"yoast-schema-graph\">{\"@context\":\"https:\\\/\\\/schema.org\",\"@graph\":[{\"@type\":\"WebPage\",\"@id\":\"https:\\\/\\\/aufildespierres.com\\\/index.php\\\/product\\\/bracelet-emeraude\\\/\",\"url\":\"https:\\\/\\\/aufildespierres.com\\\/index.php\\\/product\\\/bracelet-emeraude\\\/\",\"name\":\"Bracelet EMERAUDE - Au fil des pierres\",\"isPartOf\":{\"@id\":\"https:\\\/\\\/aufildespierres.com\\\/#website\"},\"primaryImageOfPage\":{\"@id\":\"https:\\\/\\\/aufildespierres.com\\\/index.php\\\/product\\\/bracelet-emeraude\\\/#primaryimage\"},\"image\":{\"@id\":\"https:\\\/\\\/aufildespierres.com\\\/index.php\\\/product\\\/bracelet-emeraude\\\/#primaryimage\"},\"thumbnailUrl\":\"https:\\\/\\\/aufildespierres.com\\\/wp-content\\\/uploads\\\/2024\\\/08\\\/20260109_181858.jpg\",\"datePublished\":\"2024-08-05T20:22:35+00:00\",\"dateModified\":\"2026-04-23T18:16:33+00:00\",\"description\":\"Bracelet Emeraude naturelle 12mm : une pierre symbole d\u2019amour et d\u2019harmonie. Bijou en pierres naturelles, id\u00e9al pour apaiser le c\u0153ur et renforcer la confiance.\",\"breadcrumb\":{\"@id\":\"https:\\\/\\\/aufildespierres.com\\\/index.php\\\/product\\\/bracelet-emeraude\\\/#breadcrumb\"},\"inLanguage\":\"fr-FR\",\"potentialAction\":[{\"@type\":\"ReadAction\",\"target\":[\"https:\\\/\\\/aufildespierres.com\\\/index.php\\\/product\\\/bracelet-emeraude\\\/\"]}]},{\"@type\":\"ImageObject\",\"inLanguage\":\"fr-FR\",\"@id\":\"https:\\\/\\\/aufildespierres.com\\\/index.php\\\/product\\\/bracelet-emeraude\\\/#primaryimage\",\"url\":\"https:\\\/\\\/aufildespierres.com\\\/wp-content\\\/uploads\\\/2024\\\/08\\\/20260109_181858.jpg\",\"contentUrl\":\"https:\\\/\\\/aufildespierres.com\\\/wp-content\\\/uploads\\\/2024\\\/08\\\/20260109_181858.jpg\",\"width\":2296,\"height\":2470,\"caption\":\"bracelet Emeraude 12mm\"},{\"@type\":\"BreadcrumbList\",\"@id\":\"https:\\\/\\\/aufildespierres.com\\\/index.php\\\/product\\\/bracelet-emeraude\\\/#breadcrumb\",\"itemListElement\":[{\"@type\":\"ListItem\",\"position\":1,\"name\":\"Accueil\",\"item\":\"https:\\\/\\\/aufildespierres.com\\\/\"},{\"@type\":\"ListItem\",\"position\":2,\"name\":\"Boutique de Lithoth\u00e9rapie\",\"item\":\"https:\\\/\\\/aufildespierres.com\\\/index.php\\\/boutique-de-lithotherapie\\\/\"},{\"@type\":\"ListItem\",\"position\":3,\"name\":\"Bracelet EMERAUDE\"}]},{\"@type\":\"WebSite\",\"@id\":\"https:\\\/\\\/aufildespierres.com\\\/#website\",\"url\":\"https:\\\/\\\/aufildespierres.com\\\/\",\"name\":\"Au fil des pierres\",\"description\":\"Au fil des pierres\",\"publisher\":{\"@id\":\"https:\\\/\\\/aufildespierres.com\\\/#organization\"},\"potentialAction\":[{\"@type\":\"SearchAction\",\"target\":{\"@type\":\"EntryPoint\",\"urlTemplate\":\"https:\\\/\\\/aufildespierres.com\\\/?s={search_term_string}\"},\"query-input\":{\"@type\":\"PropertyValueSpecification\",\"valueRequired\":true,\"valueName\":\"search_term_string\"}}],\"inLanguage\":\"fr-FR\"},{\"@type\":\"Organization\",\"@id\":\"https:\\\/\\\/aufildespierres.com\\\/#organization\",\"name\":\"Au fil des pierres\",\"url\":\"https:\\\/\\\/aufildespierres.com\\\/\",\"logo\":{\"@type\":\"ImageObject\",\"inLanguage\":\"fr-FR\",\"@id\":\"https:\\\/\\\/aufildespierres.com\\\/#\\\/schema\\\/logo\\\/image\\\/\",\"url\":\"https:\\\/\\\/aufildespierres.com\\\/wp-content\\\/uploads\\\/2023\\\/05\\\/cropped-Logo-PNG-Transparent.png\",\"contentUrl\":\"https:\\\/\\\/aufildespierres.com\\\/wp-content\\\/uploads\\\/2023\\\/05\\\/cropped-Logo-PNG-Transparent.png\",\"width\":1776,\"height\":1625,\"caption\":\"Au fil des pierres\"},\"image\":{\"@id\":\"https:\\\/\\\/aufildespierres.com\\\/#\\\/schema\\\/logo\\\/image\\\/\"}}]}<\/script>\n<!-- \/ Yoast SEO plugin. -->","yoast_head_json":{"title":"Bracelet EMERAUDE - Au fil des pierres","description":"Bracelet Emeraude naturelle 12mm : une pierre symbole d\u2019amour et d\u2019harmonie. Bijou en pierres naturelles, id\u00e9al pour apaiser le c\u0153ur et renforcer la confiance.","robots":{"index":"index","follow":"follow","max-snippet":"max-snippet:-1","max-image-preview":"max-image-preview:large","max-video-preview":"max-video-preview:-1"},"canonical":"https:\/\/aufildespierres.com\/index.php\/product\/bracelet-emeraude\/","og_locale":"fr_FR","og_type":"article","og_title":"Bracelet EMERAUDE - Au fil des pierres","og_description":"Bracelet Emeraude naturelle 12mm : une pierre symbole d\u2019amour et d\u2019harmonie. Bijou en pierres naturelles, id\u00e9al pour apaiser le c\u0153ur et renforcer la confiance.","og_url":"https:\/\/aufildespierres.com\/index.php\/product\/bracelet-emeraude\/","og_site_name":"Au fil des pierres","article_modified_time":"2026-04-23T18:16:33+00:00","og_image":[{"width":2296,"height":2470,"url":"https:\/\/aufildespierres.com\/wp-content\/uploads\/2024\/08\/20260109_181858.jpg","type":"image\/jpeg"}],"twitter_card":"summary_large_image","twitter_misc":{"Dur\u00e9e de lecture estim\u00e9e":"3 minutes"},"schema":{"@context":"https:\/\/schema.org","@graph":[{"@type":"WebPage","@id":"https:\/\/aufildespierres.com\/index.php\/product\/bracelet-emeraude\/","url":"https:\/\/aufildespierres.com\/index.php\/product\/bracelet-emeraude\/","name":"Bracelet EMERAUDE - Au fil des pierres","isPartOf":{"@id":"https:\/\/aufildespierres.com\/#website"},"primaryImageOfPage":{"@id":"https:\/\/aufildespierres.com\/index.php\/product\/bracelet-emeraude\/#primaryimage"},"image":{"@id":"https:\/\/aufildespierres.com\/index.php\/product\/bracelet-emeraude\/#primaryimage"},"thumbnailUrl":"https:\/\/aufildespierres.com\/wp-content\/uploads\/2024\/08\/20260109_181858.jpg","datePublished":"2024-08-05T20:22:35+00:00","dateModified":"2026-04-23T18:16:33+00:00","description":"Bracelet Emeraude naturelle 12mm : une pierre symbole d\u2019amour et d\u2019harmonie. Bijou en pierres naturelles, id\u00e9al pour apaiser le c\u0153ur et renforcer la confiance.","breadcrumb":{"@id":"https:\/\/aufildespierres.com\/index.php\/product\/bracelet-emeraude\/#breadcrumb"},"inLanguage":"fr-FR","potentialAction":[{"@type":"ReadAction","target":["https:\/\/aufildespierres.com\/index.php\/product\/bracelet-emeraude\/"]}]},{"@type":"ImageObject","inLanguage":"fr-FR","@id":"https:\/\/aufildespierres.com\/index.php\/product\/bracelet-emeraude\/#primaryimage","url":"https:\/\/aufildespierres.com\/wp-content\/uploads\/2024\/08\/20260109_181858.jpg","contentUrl":"https:\/\/aufildespierres.com\/wp-content\/uploads\/2024\/08\/20260109_181858.jpg","width":2296,"height":2470,"caption":"bracelet Emeraude 12mm"},{"@type":"BreadcrumbList","@id":"https:\/\/aufildespierres.com\/index.php\/product\/bracelet-emeraude\/#breadcrumb","itemListElement":[{"@type":"ListItem","position":1,"name":"Accueil","item":"https:\/\/aufildespierres.com\/"},{"@type":"ListItem","position":2,"name":"Boutique de Lithoth\u00e9rapie","item":"https:\/\/aufildespierres.com\/index.php\/boutique-de-lithotherapie\/"},{"@type":"ListItem","position":3,"name":"Bracelet EMERAUDE"}]},{"@type":"WebSite","@id":"https:\/\/aufildespierres.com\/#website","url":"https:\/\/aufildespierres.com\/","name":"Au fil des pierres","description":"Au fil des pierres","publisher":{"@id":"https:\/\/aufildespierres.com\/#organization"},"potentialAction":[{"@type":"SearchAction","target":{"@type":"EntryPoint","urlTemplate":"https:\/\/aufildespierres.com\/?s={search_term_string}"},"query-input":{"@type":"PropertyValueSpecification","valueRequired":true,"valueName":"search_term_string"}}],"inLanguage":"fr-FR"},{"@type":"Organization","@id":"https:\/\/aufildespierres.com\/#organization","name":"Au fil des pierres","url":"https:\/\/aufildespierres.com\/","logo":{"@type":"ImageObject","inLanguage":"fr-FR","@id":"https:\/\/aufildespierres.com\/#\/schema\/logo\/image\/","url":"https:\/\/aufildespierres.com\/wp-content\/uploads\/2023\/05\/cropped-Logo-PNG-Transparent.png","contentUrl":"https:\/\/aufildespierres.com\/wp-content\/uploads\/2023\/05\/cropped-Logo-PNG-Transparent.png","width":1776,"height":1625,"caption":"Au fil des pierres"},"image":{"@id":"https:\/\/aufildespierres.com\/#\/schema\/logo\/image\/"}}]}},"_links":{"self":[{"href":"https:\/\/aufildespierres.com\/index.php\/wp-json\/wp\/v2\/product\/2716","targetHints":{"allow":["GET"]}}],"collection":[{"href":"https:\/\/aufildespierres.com\/index.php\/wp-json\/wp\/v2\/product"}],"about":[{"href":"https:\/\/aufildespierres.com\/index.php\/wp-json\/wp\/v2\/types\/product"}],"replies":[{"embeddable":true,"href":"https:\/\/aufildespierres.com\/index.php\/wp-json\/wp\/v2\/comments?post=2716"}],"wp:featuredmedia":[{"embeddable":true,"href":"https:\/\/aufildespierres.com\/index.php\/wp-json\/wp\/v2\/media\/4559"}],"wp:attachment":[{"href":"https:\/\/aufildespierres.com\/index.php\/wp-json\/wp\/v2\/media?parent=2716"}],"wp:term":[{"taxonomy":"product_brand","embeddable":true,"href":"https:\/\/aufildespierres.com\/index.php\/wp-json\/wp\/v2\/product_brand?post=2716"},{"taxonomy":"product_cat","embeddable":true,"href":"https:\/\/aufildespierres.com\/index.php\/wp-json\/wp\/v2\/product_cat?post=2716"},{"taxonomy":"product_tag","embeddable":true,"href":"https:\/\/aufildespierres.com\/index.php\/wp-json\/wp\/v2\/product_tag?post=2716"}],"curies":[{"name":"wp","href":"https:\/\/api.w.org\/{rel}","templated":true}]}}