{"id":2729,"date":"2024-08-12T16:21:50","date_gmt":"2024-08-12T14:21:50","guid":{"rendered":"https:\/\/aufildespierres.com\/?post_type=product&#038;p=2729"},"modified":"2026-04-23T19:56:06","modified_gmt":"2026-04-23T17:56:06","slug":"pointe-de-cornaline","status":"publish","type":"product","link":"https:\/\/aufildespierres.com\/index.php\/product\/pointe-de-cornaline\/","title":{"rendered":"Pointe de Cornaline"},"content":{"rendered":"<section class=\"text-token-text-primary w-full focus:outline-none [--shadow-height:45px] has-data-writing-block:pointer-events-none has-data-writing-block:-mt-(--shadow-height) has-data-writing-block:pt-(--shadow-height) [&amp;:has([data-writing-block])&gt;*]:pointer-events-auto [content-visibility:auto] supports-[content-visibility:auto]:[contain-intrinsic-size:auto_100lvh] R6Vx5W_threadScrollVars scroll-mb-[calc(var(--scroll-root-safe-area-inset-bottom,0px)+var(--thread-response-height))] scroll-mt-[calc(var(--header-height)+min(200px,max(70px,20svh)))]\" dir=\"auto\" data-turn-id=\"request-WEB:f391a6d9-6d7a-4142-be71-baa9cc8afa6a-7\" data-testid=\"conversation-turn-16\" data-scroll-anchor=\"false\" data-turn=\"assistant\">\n<div class=\"text-base my-auto mx-auto pb-10 [--thread-content-margin:var(--thread-content-margin-xs,calc(var(--spacing)*4))] @w-sm\/main:[--thread-content-margin:var(--thread-content-margin-sm,calc(var(--spacing)*6))] @w-lg\/main:[--thread-content-margin:var(--thread-content-margin-lg,calc(var(--spacing)*16))] px-(--thread-content-margin)\">\n<div class=\"[--thread-content-max-width:40rem] @w-lg\/main:[--thread-content-max-width:48rem] mx-auto max-w-(--thread-content-max-width) flex-1 group\/turn-messages focus-visible:outline-hidden relative flex w-full min-w-0 flex-col agent-turn\">\n<div class=\"flex max-w-full flex-col gap-4 grow\">\n<div class=\"min-h-8 text-message relative flex w-full flex-col items-end gap-2 text-start break-words whitespace-normal outline-none keyboard-focused:focus-ring [.text-message+&amp;]:mt-1\" dir=\"auto\" tabindex=\"0\" data-message-author-role=\"assistant\" data-message-id=\"b033ff65-37f3-4d07-ae5e-6e752bb6b597\" data-message-model-slug=\"gpt-5-3\" data-turn-start-message=\"true\">\n<div class=\"flex w-full flex-col gap-1 empty:hidden\">\n<div class=\"markdown prose dark:prose-invert w-full wrap-break-word light markdown-new-styling\">\n<p data-start=\"101\" data-end=\"195\"><strong data-start=\"101\" data-end=\"195\">Pointe \u00e9paisse de Cornaline \u2013 120 grammes environ (6 cm de haut, 5 cm de large, base 2 cm)<\/strong><\/p>\n<p data-start=\"197\" data-end=\"569\">Cette pointe \u00e9paisse de Cornaline diffuse une \u00e9nergie chaleureuse et dynamique, id\u00e9ale pour stimuler l\u2019action et renforcer l\u2019ancrage. Sa forme en pointe permet de canaliser et de diriger l\u2019\u00e9nergie avec pr\u00e9cision. Ainsi, si cette pierre vous attire, cela indique souvent un besoin de retrouver confiance en vous, de passer \u00e0 l\u2019action et de d\u00e9passer une situation bloquante.<\/p>\n<p data-start=\"571\" data-end=\"955\">La cornaline appartient \u00e0 la famille des calc\u00e9doines, issue de formations volcaniques riches en silice. Gr\u00e2ce \u00e0 ce contexte g\u00e9ologique, elle d\u00e9veloppe une \u00e9nergie de vitalit\u00e9 et de mouvement, particuli\u00e8rement adapt\u00e9e aux p\u00e9riodes de transition ou de stagnation. De plus, sa couleur orang\u00e9e active naturellement le chakra sacr\u00e9, li\u00e9 \u00e0 la cr\u00e9ativit\u00e9, aux \u00e9motions et \u00e0 l\u2019\u00e9nergie de vie.<\/p>\n<p data-start=\"957\" data-end=\"1302\">Sur le plan psychologique, la cornaline renforce la confiance en soi et encourage la prise d\u2019initiatives. Elle vous pousse \u00e0 avancer avec responsabilit\u00e9 et \u00e0 envisager de nouvelles perspectives. Par cons\u00e9quent, elle vous aide \u00e0 ne plus rester fig\u00e9 sur une exp\u00e9rience douloureuse. Elle agit comme un v\u00e9ritable soutien \u00e9nerg\u00e9tique pour progresser.<\/p>\n<p data-start=\"1304\" data-end=\"1644\">Ensuite, cette pierre vous reconnecte au moment pr\u00e9sent en vous reliant \u00e0 la terre. Elle apporte r\u00e9confort, apaisement et favorise l\u2019acceptation de soi. De plus, elle r\u00e9duit l\u2019agitation mentale afin de d\u00e9velopper un meilleur ressenti corporel. Elle stimule \u00e9galement la vitalit\u00e9, la concentration, la m\u00e9moire et le sens des responsabilit\u00e9s.<\/p>\n<p data-start=\"1646\" data-end=\"2023\">Par ailleurs, la cornaline aide les personnes distraites ou confuses \u00e0 retrouver un sens \u00e0 leur vie. Elle dissipe les \u00e9motions n\u00e9gatives comme la col\u00e8re, la jalousie ou la rancune. Ainsi, elle apaise les temp\u00e9raments col\u00e9riques et les profils tr\u00e8s \u00e9motifs. Enfin, elle lib\u00e8re les complexes, favorise l\u2019acceptation du corps et stimule la libido, le d\u00e9sir ainsi que la fertilit\u00e9.<\/p>\n<p data-start=\"2025\" data-end=\"2350\">Sur le plan physique, la cornaline r\u00e9gule l\u2019\u00e9nergie du corps en absorbant les blocages plut\u00f4t qu\u2019en les amplifiant. Elle soutient l\u2019\u00e9quilibre hormonal en soulageant les sympt\u00f4mes li\u00e9s \u00e0 la m\u00e9nopause et aux cycles menstruels. Elle agit \u00e9galement sur les ovaires et favorise la f\u00e9condit\u00e9 tout en r\u00e9duisant les blocages sexuels.<\/p>\n<p data-start=\"2352\" data-end=\"2655\">En outre, elle purifie le sang et les liquides du corps en facilitant l\u2019\u00e9limination des toxines. Elle stimule activement la circulation sanguine. Elle agit aussi sur les syst\u00e8mes digestif et pulmonaire, notamment en cas d\u2019asthme, de bronchite, de rhume, de troubles h\u00e9patiques ou de douleurs abdominales.<\/p>\n<p data-start=\"2657\" data-end=\"2992\">En compl\u00e9ment, la cornaline poss\u00e8de une action aphrodisiaque naturelle. Elle stimule la libido, lib\u00e8re les blocages li\u00e9s \u00e0 la sexualit\u00e9 et soutient le d\u00e9sir. Elle att\u00e9nue \u00e9galement les douleurs articulaires, musculaires et les tensions li\u00e9es aux tendons ou aux ligaments, peut soulager l\u2019arthrite, la sciatique et les rhumatismes.<\/p>\n<p data-start=\"2994\" data-end=\"3183\">Enfin, elle favorise la cicatrisation des plaies et des blessures. Plac\u00e9e \u00e0 l\u2019entr\u00e9e de la maison, elle agit comme une pierre porte-bonheur en diffusant une \u00e9nergie positive et protectrice.<\/p>\n<p data-start=\"3185\" data-end=\"3524\"><strong data-start=\"3185\" data-end=\"3226\">Comment l\u2019utiliser en lithoth\u00e9rapie :<\/strong><br data-start=\"3226\" data-end=\"3229\" \/>Portez la pointe de cornaline sur vous ou placez-la dans un espace de vie. Ensuite, concentrez-vous sur votre respiration et d\u00e9finissez une intention claire. Enfin, utilisez-la r\u00e9guli\u00e8rement pour ancrer ses effets dans le temps, car la transformation \u00e9nerg\u00e9tique demande constance et engagement.<\/p>\n<\/div>\n<\/div>\n<\/div>\n<\/div>\n<div class=\"z-0 flex min-h-[46px] justify-start\"><\/div>\n<div class=\"mt-3 w-full empty:hidden\">\n<div class=\"text-center\"><\/div>\n<\/div>\n<\/div>\n<\/div>\n<\/section>\n<div class=\"pointer-events-none -mt-px h-px translate-y-[calc(var(--scroll-root-safe-area-inset-bottom)-14*var(--spacing))]\" aria-hidden=\"true\"><\/div>\n<div class=\"pointer-events-none translate-y-(--scroll-root-safe-area-inset-bottom) R6Vx5W_threadScrollVars min-h-(--gutter-remaining-height,0px) group-data-stream-active\/scroll-root:h-[calc(var(--thread-response-height)-16*var(--spacing))]\"><\/div>\n","protected":false},"excerpt":{"rendered":"<p>Pointe \u00e9paisse de Cornaline \u2013 120 grammes environ (6 cm de haut, 5 cm de large, base 2 cm) Cette pointe \u00e9paisse de Cornaline diffuse une \u00e9nergie chaleureuse et dynamique, id\u00e9ale pour stimuler l\u2019action et renforcer l\u2019ancrage. Sa forme en pointe permet de canaliser et de diriger l\u2019\u00e9nergie avec pr\u00e9cision. Ainsi, si cette pierre vous [&hellip;]<\/p>\n","protected":false},"featured_media":2731,"comment_status":"open","ping_status":"closed","template":"","meta":{"site-sidebar-layout":"default","site-content-layout":"","ast-site-content-layout":"default","site-content-style":"default","site-sidebar-style":"default","ast-global-header-display":"","ast-banner-title-visibility":"","ast-main-header-display":"","ast-hfb-above-header-display":"","ast-hfb-below-header-display":"","ast-hfb-mobile-header-display":"","site-post-title":"","ast-breadcrumbs-content":"","ast-featured-img":"","footer-sml-layout":"","ast-disable-related-posts":"","theme-transparent-header-meta":"default","adv-header-id-meta":"","stick-header-meta":"","header-above-stick-meta":"","header-main-stick-meta":"","header-below-stick-meta":"","astra-migrate-meta-layouts":"set","ast-page-background-enabled":"default","ast-page-background-meta":{"desktop":{"background-color":"var(--ast-global-color-4)","background-image":"","background-repeat":"repeat","background-position":"center center","background-size":"auto","background-attachment":"scroll","background-type":"","background-media":"","overlay-type":"","overlay-color":"","overlay-opacity":"","overlay-gradient":""},"tablet":{"background-color":"","background-image":"","background-repeat":"repeat","background-position":"center center","background-size":"auto","background-attachment":"scroll","background-type":"","background-media":"","overlay-type":"","overlay-color":"","overlay-opacity":"","overlay-gradient":""},"mobile":{"background-color":"","background-image":"","background-repeat":"repeat","background-position":"center center","background-size":"auto","background-attachment":"scroll","background-type":"","background-media":"","overlay-type":"","overlay-color":"","overlay-opacity":"","overlay-gradient":""}},"ast-content-background-meta":{"desktop":{"background-color":"var(--ast-global-color-5)","background-image":"","background-repeat":"repeat","background-position":"center center","background-size":"auto","background-attachment":"scroll","background-type":"","background-media":"","overlay-type":"","overlay-color":"","overlay-opacity":"","overlay-gradient":""},"tablet":{"background-color":"var(--ast-global-color-5)","background-image":"","background-repeat":"repeat","background-position":"center center","background-size":"auto","background-attachment":"scroll","background-type":"","background-media":"","overlay-type":"","overlay-color":"","overlay-opacity":"","overlay-gradient":""},"mobile":{"background-color":"var(--ast-global-color-5)","background-image":"","background-repeat":"repeat","background-position":"center center","background-size":"auto","background-attachment":"scroll","background-type":"","background-media":"","overlay-type":"","overlay-color":"","overlay-opacity":"","overlay-gradient":""}},"_glsr_average":0,"_glsr_ranking":0,"_glsr_reviews":0},"product_brand":[],"product_cat":[95,142,32,199],"product_tag":[],"class_list":{"0":"post-2729","1":"product","2":"type-product","3":"status-publish","4":"has-post-thumbnail","6":"product_cat-cornaline","7":"product_cat-orange","8":"product_cat-pierres-polies","9":"product_cat-pointes","10":"desktop-align-left","11":"tablet-align-left","12":"mobile-align-left","14":"first","15":"instock","16":"purchasable","17":"product-type-simple"},"yoast_head":"<!-- This site is optimized with the Yoast SEO plugin v27.5 - https:\/\/yoast.com\/product\/yoast-seo-wordpress\/ -->\n<title>Pointe de Cornaline - Au fil des pierres<\/title>\n<meta name=\"description\" content=\"Pointe \u00e9paisse de Cornaline 120 g : pierre de vitalit\u00e9 et confiance en soi. Stimule \u00e9nergie, libido, ancrage et aide \u00e0 d\u00e9passer blocages \u00e9motionnels.\" \/>\n<meta name=\"robots\" content=\"index, follow, max-snippet:-1, max-image-preview:large, max-video-preview:-1\" \/>\n<link rel=\"canonical\" href=\"https:\/\/aufildespierres.com\/index.php\/product\/pointe-de-cornaline\/\" \/>\n<meta property=\"og:locale\" content=\"fr_FR\" \/>\n<meta property=\"og:type\" content=\"article\" \/>\n<meta property=\"og:title\" content=\"Pointe de Cornaline - Au fil des pierres\" \/>\n<meta property=\"og:description\" content=\"Pointe \u00e9paisse de Cornaline 120 g : pierre de vitalit\u00e9 et confiance en soi. Stimule \u00e9nergie, libido, ancrage et aide \u00e0 d\u00e9passer blocages \u00e9motionnels.\" \/>\n<meta property=\"og:url\" content=\"https:\/\/aufildespierres.com\/index.php\/product\/pointe-de-cornaline\/\" \/>\n<meta property=\"og:site_name\" content=\"Au fil des pierres\" \/>\n<meta property=\"article:modified_time\" content=\"2026-04-23T17:56:06+00:00\" \/>\n<meta property=\"og:image\" content=\"https:\/\/aufildespierres.com\/wp-content\/uploads\/2024\/08\/20240812_154611-scaled.jpg\" \/>\n\t<meta property=\"og:image:width\" content=\"1920\" \/>\n\t<meta property=\"og:image:height\" content=\"2560\" \/>\n\t<meta property=\"og:image:type\" content=\"image\/jpeg\" \/>\n<meta name=\"twitter:card\" content=\"summary_large_image\" \/>\n<meta name=\"twitter:label1\" content=\"Dur\u00e9e de lecture estim\u00e9e\" \/>\n\t<meta name=\"twitter:data1\" content=\"3 minutes\" \/>\n<script type=\"application\/ld+json\" class=\"yoast-schema-graph\">{\"@context\":\"https:\\\/\\\/schema.org\",\"@graph\":[{\"@type\":\"WebPage\",\"@id\":\"https:\\\/\\\/aufildespierres.com\\\/index.php\\\/product\\\/pointe-de-cornaline\\\/\",\"url\":\"https:\\\/\\\/aufildespierres.com\\\/index.php\\\/product\\\/pointe-de-cornaline\\\/\",\"name\":\"Pointe de Cornaline - Au fil des pierres\",\"isPartOf\":{\"@id\":\"https:\\\/\\\/aufildespierres.com\\\/#website\"},\"primaryImageOfPage\":{\"@id\":\"https:\\\/\\\/aufildespierres.com\\\/index.php\\\/product\\\/pointe-de-cornaline\\\/#primaryimage\"},\"image\":{\"@id\":\"https:\\\/\\\/aufildespierres.com\\\/index.php\\\/product\\\/pointe-de-cornaline\\\/#primaryimage\"},\"thumbnailUrl\":\"https:\\\/\\\/aufildespierres.com\\\/wp-content\\\/uploads\\\/2024\\\/08\\\/20240812_154611-scaled.jpg\",\"datePublished\":\"2024-08-12T14:21:50+00:00\",\"dateModified\":\"2026-04-23T17:56:06+00:00\",\"description\":\"Pointe \u00e9paisse de Cornaline 120 g : pierre de vitalit\u00e9 et confiance en soi. Stimule \u00e9nergie, libido, ancrage et aide \u00e0 d\u00e9passer blocages \u00e9motionnels.\",\"breadcrumb\":{\"@id\":\"https:\\\/\\\/aufildespierres.com\\\/index.php\\\/product\\\/pointe-de-cornaline\\\/#breadcrumb\"},\"inLanguage\":\"fr-FR\",\"potentialAction\":[{\"@type\":\"ReadAction\",\"target\":[\"https:\\\/\\\/aufildespierres.com\\\/index.php\\\/product\\\/pointe-de-cornaline\\\/\"]}]},{\"@type\":\"ImageObject\",\"inLanguage\":\"fr-FR\",\"@id\":\"https:\\\/\\\/aufildespierres.com\\\/index.php\\\/product\\\/pointe-de-cornaline\\\/#primaryimage\",\"url\":\"https:\\\/\\\/aufildespierres.com\\\/wp-content\\\/uploads\\\/2024\\\/08\\\/20240812_154611-scaled.jpg\",\"contentUrl\":\"https:\\\/\\\/aufildespierres.com\\\/wp-content\\\/uploads\\\/2024\\\/08\\\/20240812_154611-scaled.jpg\",\"width\":1920,\"height\":2560},{\"@type\":\"BreadcrumbList\",\"@id\":\"https:\\\/\\\/aufildespierres.com\\\/index.php\\\/product\\\/pointe-de-cornaline\\\/#breadcrumb\",\"itemListElement\":[{\"@type\":\"ListItem\",\"position\":1,\"name\":\"Accueil\",\"item\":\"https:\\\/\\\/aufildespierres.com\\\/\"},{\"@type\":\"ListItem\",\"position\":2,\"name\":\"Boutique de Lithoth\u00e9rapie\",\"item\":\"https:\\\/\\\/aufildespierres.com\\\/index.php\\\/boutique-de-lithotherapie\\\/\"},{\"@type\":\"ListItem\",\"position\":3,\"name\":\"Pointe de Cornaline\"}]},{\"@type\":\"WebSite\",\"@id\":\"https:\\\/\\\/aufildespierres.com\\\/#website\",\"url\":\"https:\\\/\\\/aufildespierres.com\\\/\",\"name\":\"Au fil des pierres\",\"description\":\"Au fil des pierres\",\"publisher\":{\"@id\":\"https:\\\/\\\/aufildespierres.com\\\/#organization\"},\"potentialAction\":[{\"@type\":\"SearchAction\",\"target\":{\"@type\":\"EntryPoint\",\"urlTemplate\":\"https:\\\/\\\/aufildespierres.com\\\/?s={search_term_string}\"},\"query-input\":{\"@type\":\"PropertyValueSpecification\",\"valueRequired\":true,\"valueName\":\"search_term_string\"}}],\"inLanguage\":\"fr-FR\"},{\"@type\":\"Organization\",\"@id\":\"https:\\\/\\\/aufildespierres.com\\\/#organization\",\"name\":\"Au fil des pierres\",\"url\":\"https:\\\/\\\/aufildespierres.com\\\/\",\"logo\":{\"@type\":\"ImageObject\",\"inLanguage\":\"fr-FR\",\"@id\":\"https:\\\/\\\/aufildespierres.com\\\/#\\\/schema\\\/logo\\\/image\\\/\",\"url\":\"https:\\\/\\\/aufildespierres.com\\\/wp-content\\\/uploads\\\/2023\\\/05\\\/cropped-Logo-PNG-Transparent.png\",\"contentUrl\":\"https:\\\/\\\/aufildespierres.com\\\/wp-content\\\/uploads\\\/2023\\\/05\\\/cropped-Logo-PNG-Transparent.png\",\"width\":1776,\"height\":1625,\"caption\":\"Au fil des pierres\"},\"image\":{\"@id\":\"https:\\\/\\\/aufildespierres.com\\\/#\\\/schema\\\/logo\\\/image\\\/\"}}]}<\/script>\n<!-- \/ Yoast SEO plugin. -->","yoast_head_json":{"title":"Pointe de Cornaline - Au fil des pierres","description":"Pointe \u00e9paisse de Cornaline 120 g : pierre de vitalit\u00e9 et confiance en soi. Stimule \u00e9nergie, libido, ancrage et aide \u00e0 d\u00e9passer blocages \u00e9motionnels.","robots":{"index":"index","follow":"follow","max-snippet":"max-snippet:-1","max-image-preview":"max-image-preview:large","max-video-preview":"max-video-preview:-1"},"canonical":"https:\/\/aufildespierres.com\/index.php\/product\/pointe-de-cornaline\/","og_locale":"fr_FR","og_type":"article","og_title":"Pointe de Cornaline - Au fil des pierres","og_description":"Pointe \u00e9paisse de Cornaline 120 g : pierre de vitalit\u00e9 et confiance en soi. Stimule \u00e9nergie, libido, ancrage et aide \u00e0 d\u00e9passer blocages \u00e9motionnels.","og_url":"https:\/\/aufildespierres.com\/index.php\/product\/pointe-de-cornaline\/","og_site_name":"Au fil des pierres","article_modified_time":"2026-04-23T17:56:06+00:00","og_image":[{"width":1920,"height":2560,"url":"https:\/\/aufildespierres.com\/wp-content\/uploads\/2024\/08\/20240812_154611-scaled.jpg","type":"image\/jpeg"}],"twitter_card":"summary_large_image","twitter_misc":{"Dur\u00e9e de lecture estim\u00e9e":"3 minutes"},"schema":{"@context":"https:\/\/schema.org","@graph":[{"@type":"WebPage","@id":"https:\/\/aufildespierres.com\/index.php\/product\/pointe-de-cornaline\/","url":"https:\/\/aufildespierres.com\/index.php\/product\/pointe-de-cornaline\/","name":"Pointe de Cornaline - Au fil des pierres","isPartOf":{"@id":"https:\/\/aufildespierres.com\/#website"},"primaryImageOfPage":{"@id":"https:\/\/aufildespierres.com\/index.php\/product\/pointe-de-cornaline\/#primaryimage"},"image":{"@id":"https:\/\/aufildespierres.com\/index.php\/product\/pointe-de-cornaline\/#primaryimage"},"thumbnailUrl":"https:\/\/aufildespierres.com\/wp-content\/uploads\/2024\/08\/20240812_154611-scaled.jpg","datePublished":"2024-08-12T14:21:50+00:00","dateModified":"2026-04-23T17:56:06+00:00","description":"Pointe \u00e9paisse de Cornaline 120 g : pierre de vitalit\u00e9 et confiance en soi. Stimule \u00e9nergie, libido, ancrage et aide \u00e0 d\u00e9passer blocages \u00e9motionnels.","breadcrumb":{"@id":"https:\/\/aufildespierres.com\/index.php\/product\/pointe-de-cornaline\/#breadcrumb"},"inLanguage":"fr-FR","potentialAction":[{"@type":"ReadAction","target":["https:\/\/aufildespierres.com\/index.php\/product\/pointe-de-cornaline\/"]}]},{"@type":"ImageObject","inLanguage":"fr-FR","@id":"https:\/\/aufildespierres.com\/index.php\/product\/pointe-de-cornaline\/#primaryimage","url":"https:\/\/aufildespierres.com\/wp-content\/uploads\/2024\/08\/20240812_154611-scaled.jpg","contentUrl":"https:\/\/aufildespierres.com\/wp-content\/uploads\/2024\/08\/20240812_154611-scaled.jpg","width":1920,"height":2560},{"@type":"BreadcrumbList","@id":"https:\/\/aufildespierres.com\/index.php\/product\/pointe-de-cornaline\/#breadcrumb","itemListElement":[{"@type":"ListItem","position":1,"name":"Accueil","item":"https:\/\/aufildespierres.com\/"},{"@type":"ListItem","position":2,"name":"Boutique de Lithoth\u00e9rapie","item":"https:\/\/aufildespierres.com\/index.php\/boutique-de-lithotherapie\/"},{"@type":"ListItem","position":3,"name":"Pointe de Cornaline"}]},{"@type":"WebSite","@id":"https:\/\/aufildespierres.com\/#website","url":"https:\/\/aufildespierres.com\/","name":"Au fil des pierres","description":"Au fil des pierres","publisher":{"@id":"https:\/\/aufildespierres.com\/#organization"},"potentialAction":[{"@type":"SearchAction","target":{"@type":"EntryPoint","urlTemplate":"https:\/\/aufildespierres.com\/?s={search_term_string}"},"query-input":{"@type":"PropertyValueSpecification","valueRequired":true,"valueName":"search_term_string"}}],"inLanguage":"fr-FR"},{"@type":"Organization","@id":"https:\/\/aufildespierres.com\/#organization","name":"Au fil des pierres","url":"https:\/\/aufildespierres.com\/","logo":{"@type":"ImageObject","inLanguage":"fr-FR","@id":"https:\/\/aufildespierres.com\/#\/schema\/logo\/image\/","url":"https:\/\/aufildespierres.com\/wp-content\/uploads\/2023\/05\/cropped-Logo-PNG-Transparent.png","contentUrl":"https:\/\/aufildespierres.com\/wp-content\/uploads\/2023\/05\/cropped-Logo-PNG-Transparent.png","width":1776,"height":1625,"caption":"Au fil des pierres"},"image":{"@id":"https:\/\/aufildespierres.com\/#\/schema\/logo\/image\/"}}]}},"_links":{"self":[{"href":"https:\/\/aufildespierres.com\/index.php\/wp-json\/wp\/v2\/product\/2729","targetHints":{"allow":["GET"]}}],"collection":[{"href":"https:\/\/aufildespierres.com\/index.php\/wp-json\/wp\/v2\/product"}],"about":[{"href":"https:\/\/aufildespierres.com\/index.php\/wp-json\/wp\/v2\/types\/product"}],"replies":[{"embeddable":true,"href":"https:\/\/aufildespierres.com\/index.php\/wp-json\/wp\/v2\/comments?post=2729"}],"wp:featuredmedia":[{"embeddable":true,"href":"https:\/\/aufildespierres.com\/index.php\/wp-json\/wp\/v2\/media\/2731"}],"wp:attachment":[{"href":"https:\/\/aufildespierres.com\/index.php\/wp-json\/wp\/v2\/media?parent=2729"}],"wp:term":[{"taxonomy":"product_brand","embeddable":true,"href":"https:\/\/aufildespierres.com\/index.php\/wp-json\/wp\/v2\/product_brand?post=2729"},{"taxonomy":"product_cat","embeddable":true,"href":"https:\/\/aufildespierres.com\/index.php\/wp-json\/wp\/v2\/product_cat?post=2729"},{"taxonomy":"product_tag","embeddable":true,"href":"https:\/\/aufildespierres.com\/index.php\/wp-json\/wp\/v2\/product_tag?post=2729"}],"curies":[{"name":"wp","href":"https:\/\/api.w.org\/{rel}","templated":true}]}}