{"id":2733,"date":"2024-08-12T16:27:40","date_gmt":"2024-08-12T14:27:40","guid":{"rendered":"https:\/\/aufildespierres.com\/?post_type=product&#038;p=2733"},"modified":"2026-04-23T19:51:29","modified_gmt":"2026-04-23T17:51:29","slug":"sphere-lapis-lazuli","status":"publish","type":"product","link":"https:\/\/aufildespierres.com\/index.php\/product\/sphere-lapis-lazuli\/","title":{"rendered":"Sph\u00e8re  Lapis Lazuli"},"content":{"rendered":"<p data-start=\"90\" data-end=\"136\"><strong data-start=\"90\" data-end=\"136\">Sph\u00e8re en lapis lazuli \u2013 poids 148 grammes<\/strong><\/p>\n<p data-start=\"138\" data-end=\"509\">Cette sph\u00e8re en lapis lazuli apporte une pr\u00e9sence \u00e9l\u00e9gante et une \u00e9nergie puissante \u00e0 votre espace. Elle est livr\u00e9e avec un petit support en bois, ce qui permet de la poser facilement et de diffuser son \u00e9nergie de mani\u00e8re harmonieuse. Ainsi, si cette pierre vous attire, vous ressentez probablement un besoin de clart\u00e9 mentale, d\u2019expression et de lib\u00e9ration \u00e9motionnelle.<\/p>\n<p data-start=\"511\" data-end=\"777\">Le lapis lazuli se forme dans des roches m\u00e9tamorphiques riches en pression. Ce processus cr\u00e9e une pierre \u00e0 forte capacit\u00e9 de transformation et de prise de conscience. Par cons\u00e9quent, il accompagne efficacement les p\u00e9riodes d\u2019introspection et d\u2019\u00e9volution personnelle.<\/p>\n<p data-start=\"779\" data-end=\"1120\">Sur le plan psychologique, le lapis lazuli lib\u00e8re les \u00e9motions n\u00e9gatives et refoul\u00e9es. Il apporte une sensation de joie et stimule activement l\u2019imagination, la cr\u00e9ativit\u00e9 et l\u2019ing\u00e9niosit\u00e9. De plus, il facilite les \u00e9changes et encourage une ouverture sinc\u00e8re aux sentiments. Il calme les \u00e9tats anxieux et nerveux tout en stabilisant l\u2019esprit.<\/p>\n<p data-start=\"1122\" data-end=\"1439\">Ensuite, cette pierre accompagne l\u2019introspection en d\u00e9veloppant la clairvoyance. Elle vous aide \u00e0 identifier les causes profondes d\u2019un mal-\u00eatre. En parall\u00e8le, elle r\u00e9duit les \u00e9nergies n\u00e9gatives et purifie le corps comme l\u2019esprit. Elle \u00e9l\u00e8ve \u00e9galement le niveau de conscience et favorise une meilleure connexion \u00e0 soi.<\/p>\n<p data-start=\"1441\" data-end=\"1737\">Sur le plan physique, le lapis lazuli stabilise la tension art\u00e9rielle et am\u00e9liore la vision, notamment nocturne. Il agit directement sur les troubles nerveux gr\u00e2ce \u00e0 son effet calmant. Il soutient aussi les voies respiratoires en cas d\u2019asthme, d\u2019inflammation des bronches, de toux ou d\u2019allergies.<\/p>\n<p data-start=\"1739\" data-end=\"2052\">Par ailleurs, cette pierre apaise les insomnies, les br\u00fblures et les troubles cutan\u00e9s comme l\u2019ecz\u00e9ma ou l\u2019herp\u00e8s. Elle soulage les maux de t\u00eate et les migraines. Elle stimule \u00e9galement la pousse des cheveux et des ongles. Enfin, elle r\u00e9gule les reins, la vessie ainsi que les syst\u00e8mes circulatoire et immunitaire.<\/p>\n<p data-start=\"2054\" data-end=\"2251\">Le lapis lazuli agit aussi sur le plan \u00e9motionnel. Il apaise l\u2019anxi\u00e9t\u00e9, les peurs et les \u00e9tats d\u00e9pressifs. Toutefois, vous devez \u00e9viter son utilisation en cas d\u2019hypotension et pendant la grossesse.<\/p>\n<p data-start=\"2253\" data-end=\"2583\"><strong data-start=\"2253\" data-end=\"2294\">Comment l\u2019utiliser en lithoth\u00e9rapie :<\/strong><br data-start=\"2294\" data-end=\"2297\" \/>Placez la sph\u00e8re en lapis lazuli dans votre espace de vie ou de m\u00e9ditation. Ensuite, prenez un moment pour respirer profond\u00e9ment et poser une intention claire. Enfin, utilisez-la r\u00e9guli\u00e8rement afin d\u2019ancrer ses effets, car la lithoth\u00e9rapie repose sur un travail progressif et conscient.<\/p>\n","protected":false},"excerpt":{"rendered":"<p>Sph\u00e8re en lapis lazuli \u2013 poids 148 grammes Cette sph\u00e8re en lapis lazuli apporte une pr\u00e9sence \u00e9l\u00e9gante et une \u00e9nergie puissante \u00e0 votre espace. Elle est livr\u00e9e avec un petit support en bois, ce qui permet de la poser facilement et de diffuser son \u00e9nergie de mani\u00e8re harmonieuse. Ainsi, si cette pierre vous attire, vous [&hellip;]<\/p>\n","protected":false},"featured_media":2737,"comment_status":"open","ping_status":"closed","template":"","meta":{"site-sidebar-layout":"default","site-content-layout":"","ast-site-content-layout":"default","site-content-style":"default","site-sidebar-style":"default","ast-global-header-display":"","ast-banner-title-visibility":"","ast-main-header-display":"","ast-hfb-above-header-display":"","ast-hfb-below-header-display":"","ast-hfb-mobile-header-display":"","site-post-title":"","ast-breadcrumbs-content":"","ast-featured-img":"","footer-sml-layout":"","ast-disable-related-posts":"","theme-transparent-header-meta":"default","adv-header-id-meta":"","stick-header-meta":"","header-above-stick-meta":"","header-main-stick-meta":"","header-below-stick-meta":"","astra-migrate-meta-layouts":"set","ast-page-background-enabled":"default","ast-page-background-meta":{"desktop":{"background-color":"var(--ast-global-color-4)","background-image":"","background-repeat":"repeat","background-position":"center center","background-size":"auto","background-attachment":"scroll","background-type":"","background-media":"","overlay-type":"","overlay-color":"","overlay-opacity":"","overlay-gradient":""},"tablet":{"background-color":"","background-image":"","background-repeat":"repeat","background-position":"center center","background-size":"auto","background-attachment":"scroll","background-type":"","background-media":"","overlay-type":"","overlay-color":"","overlay-opacity":"","overlay-gradient":""},"mobile":{"background-color":"","background-image":"","background-repeat":"repeat","background-position":"center center","background-size":"auto","background-attachment":"scroll","background-type":"","background-media":"","overlay-type":"","overlay-color":"","overlay-opacity":"","overlay-gradient":""}},"ast-content-background-meta":{"desktop":{"background-color":"var(--ast-global-color-5)","background-image":"","background-repeat":"repeat","background-position":"center center","background-size":"auto","background-attachment":"scroll","background-type":"","background-media":"","overlay-type":"","overlay-color":"","overlay-opacity":"","overlay-gradient":""},"tablet":{"background-color":"var(--ast-global-color-5)","background-image":"","background-repeat":"repeat","background-position":"center center","background-size":"auto","background-attachment":"scroll","background-type":"","background-media":"","overlay-type":"","overlay-color":"","overlay-opacity":"","overlay-gradient":""},"mobile":{"background-color":"var(--ast-global-color-5)","background-image":"","background-repeat":"repeat","background-position":"center center","background-size":"auto","background-attachment":"scroll","background-type":"","background-media":"","overlay-type":"","overlay-color":"","overlay-opacity":"","overlay-gradient":""}},"_glsr_average":0,"_glsr_ranking":0,"_glsr_reviews":0},"product_brand":[],"product_cat":[72,92,193],"product_tag":[],"class_list":{"0":"post-2733","1":"product","2":"type-product","3":"status-publish","4":"has-post-thumbnail","6":"product_cat-bleu","7":"product_cat-lapis-lazuli","8":"product_cat-spheres","9":"desktop-align-left","10":"tablet-align-left","11":"mobile-align-left","13":"first","14":"instock","15":"purchasable","16":"product-type-simple"},"yoast_head":"<!-- This site is optimized with the Yoast SEO plugin v27.5 - https:\/\/yoast.com\/product\/yoast-seo-wordpress\/ -->\n<title>Sph\u00e8re Lapis Lazuli - Au fil des pierres<\/title>\n<meta name=\"description\" content=\"Sph\u00e8re lapis-lazuli naturel, pierre de sagesse et d\u2019intuition. Id\u00e9ale pour harmoniser les \u00e9nergies, apaiser l\u2019esprit et sublimer votre int\u00e9rieur.\" \/>\n<meta name=\"robots\" content=\"index, follow, max-snippet:-1, max-image-preview:large, max-video-preview:-1\" \/>\n<link rel=\"canonical\" href=\"https:\/\/aufildespierres.com\/index.php\/product\/sphere-lapis-lazuli\/\" \/>\n<meta property=\"og:locale\" content=\"fr_FR\" \/>\n<meta property=\"og:type\" content=\"article\" \/>\n<meta property=\"og:title\" content=\"Sph\u00e8re Lapis Lazuli - Au fil des pierres\" \/>\n<meta property=\"og:description\" content=\"Sph\u00e8re lapis-lazuli naturel, pierre de sagesse et d\u2019intuition. Id\u00e9ale pour harmoniser les \u00e9nergies, apaiser l\u2019esprit et sublimer votre int\u00e9rieur.\" \/>\n<meta property=\"og:url\" content=\"https:\/\/aufildespierres.com\/index.php\/product\/sphere-lapis-lazuli\/\" \/>\n<meta property=\"og:site_name\" content=\"Au fil des pierres\" \/>\n<meta property=\"article:modified_time\" content=\"2026-04-23T17:51:29+00:00\" \/>\n<meta property=\"og:image\" content=\"https:\/\/aufildespierres.com\/wp-content\/uploads\/2024\/08\/20240812_154155.jpg\" \/>\n\t<meta property=\"og:image:width\" content=\"2374\" \/>\n\t<meta property=\"og:image:height\" content=\"2390\" \/>\n\t<meta property=\"og:image:type\" content=\"image\/jpeg\" \/>\n<meta name=\"twitter:card\" content=\"summary_large_image\" \/>\n<meta name=\"twitter:label1\" content=\"Dur\u00e9e de lecture estim\u00e9e\" \/>\n\t<meta name=\"twitter:data1\" content=\"3 minutes\" \/>\n<script type=\"application\/ld+json\" class=\"yoast-schema-graph\">{\"@context\":\"https:\\\/\\\/schema.org\",\"@graph\":[{\"@type\":\"WebPage\",\"@id\":\"https:\\\/\\\/aufildespierres.com\\\/index.php\\\/product\\\/sphere-lapis-lazuli\\\/\",\"url\":\"https:\\\/\\\/aufildespierres.com\\\/index.php\\\/product\\\/sphere-lapis-lazuli\\\/\",\"name\":\"Sph\u00e8re Lapis Lazuli - Au fil des pierres\",\"isPartOf\":{\"@id\":\"https:\\\/\\\/aufildespierres.com\\\/#website\"},\"primaryImageOfPage\":{\"@id\":\"https:\\\/\\\/aufildespierres.com\\\/index.php\\\/product\\\/sphere-lapis-lazuli\\\/#primaryimage\"},\"image\":{\"@id\":\"https:\\\/\\\/aufildespierres.com\\\/index.php\\\/product\\\/sphere-lapis-lazuli\\\/#primaryimage\"},\"thumbnailUrl\":\"https:\\\/\\\/aufildespierres.com\\\/wp-content\\\/uploads\\\/2024\\\/08\\\/20240812_154155.jpg\",\"datePublished\":\"2024-08-12T14:27:40+00:00\",\"dateModified\":\"2026-04-23T17:51:29+00:00\",\"description\":\"Sph\u00e8re lapis-lazuli naturel, pierre de sagesse et d\u2019intuition. Id\u00e9ale pour harmoniser les \u00e9nergies, apaiser l\u2019esprit et sublimer votre int\u00e9rieur.\",\"breadcrumb\":{\"@id\":\"https:\\\/\\\/aufildespierres.com\\\/index.php\\\/product\\\/sphere-lapis-lazuli\\\/#breadcrumb\"},\"inLanguage\":\"fr-FR\",\"potentialAction\":[{\"@type\":\"ReadAction\",\"target\":[\"https:\\\/\\\/aufildespierres.com\\\/index.php\\\/product\\\/sphere-lapis-lazuli\\\/\"]}]},{\"@type\":\"ImageObject\",\"inLanguage\":\"fr-FR\",\"@id\":\"https:\\\/\\\/aufildespierres.com\\\/index.php\\\/product\\\/sphere-lapis-lazuli\\\/#primaryimage\",\"url\":\"https:\\\/\\\/aufildespierres.com\\\/wp-content\\\/uploads\\\/2024\\\/08\\\/20240812_154155.jpg\",\"contentUrl\":\"https:\\\/\\\/aufildespierres.com\\\/wp-content\\\/uploads\\\/2024\\\/08\\\/20240812_154155.jpg\",\"width\":2374,\"height\":2390},{\"@type\":\"BreadcrumbList\",\"@id\":\"https:\\\/\\\/aufildespierres.com\\\/index.php\\\/product\\\/sphere-lapis-lazuli\\\/#breadcrumb\",\"itemListElement\":[{\"@type\":\"ListItem\",\"position\":1,\"name\":\"Accueil\",\"item\":\"https:\\\/\\\/aufildespierres.com\\\/\"},{\"@type\":\"ListItem\",\"position\":2,\"name\":\"Boutique de Lithoth\u00e9rapie\",\"item\":\"https:\\\/\\\/aufildespierres.com\\\/index.php\\\/boutique-de-lithotherapie\\\/\"},{\"@type\":\"ListItem\",\"position\":3,\"name\":\"Sph\u00e8re Lapis Lazuli\"}]},{\"@type\":\"WebSite\",\"@id\":\"https:\\\/\\\/aufildespierres.com\\\/#website\",\"url\":\"https:\\\/\\\/aufildespierres.com\\\/\",\"name\":\"Au fil des pierres\",\"description\":\"Au fil des pierres\",\"publisher\":{\"@id\":\"https:\\\/\\\/aufildespierres.com\\\/#organization\"},\"potentialAction\":[{\"@type\":\"SearchAction\",\"target\":{\"@type\":\"EntryPoint\",\"urlTemplate\":\"https:\\\/\\\/aufildespierres.com\\\/?s={search_term_string}\"},\"query-input\":{\"@type\":\"PropertyValueSpecification\",\"valueRequired\":true,\"valueName\":\"search_term_string\"}}],\"inLanguage\":\"fr-FR\"},{\"@type\":\"Organization\",\"@id\":\"https:\\\/\\\/aufildespierres.com\\\/#organization\",\"name\":\"Au fil des pierres\",\"url\":\"https:\\\/\\\/aufildespierres.com\\\/\",\"logo\":{\"@type\":\"ImageObject\",\"inLanguage\":\"fr-FR\",\"@id\":\"https:\\\/\\\/aufildespierres.com\\\/#\\\/schema\\\/logo\\\/image\\\/\",\"url\":\"https:\\\/\\\/aufildespierres.com\\\/wp-content\\\/uploads\\\/2023\\\/05\\\/cropped-Logo-PNG-Transparent.png\",\"contentUrl\":\"https:\\\/\\\/aufildespierres.com\\\/wp-content\\\/uploads\\\/2023\\\/05\\\/cropped-Logo-PNG-Transparent.png\",\"width\":1776,\"height\":1625,\"caption\":\"Au fil des pierres\"},\"image\":{\"@id\":\"https:\\\/\\\/aufildespierres.com\\\/#\\\/schema\\\/logo\\\/image\\\/\"}}]}<\/script>\n<!-- \/ Yoast SEO plugin. -->","yoast_head_json":{"title":"Sph\u00e8re Lapis Lazuli - Au fil des pierres","description":"Sph\u00e8re lapis-lazuli naturel, pierre de sagesse et d\u2019intuition. Id\u00e9ale pour harmoniser les \u00e9nergies, apaiser l\u2019esprit et sublimer votre int\u00e9rieur.","robots":{"index":"index","follow":"follow","max-snippet":"max-snippet:-1","max-image-preview":"max-image-preview:large","max-video-preview":"max-video-preview:-1"},"canonical":"https:\/\/aufildespierres.com\/index.php\/product\/sphere-lapis-lazuli\/","og_locale":"fr_FR","og_type":"article","og_title":"Sph\u00e8re Lapis Lazuli - Au fil des pierres","og_description":"Sph\u00e8re lapis-lazuli naturel, pierre de sagesse et d\u2019intuition. Id\u00e9ale pour harmoniser les \u00e9nergies, apaiser l\u2019esprit et sublimer votre int\u00e9rieur.","og_url":"https:\/\/aufildespierres.com\/index.php\/product\/sphere-lapis-lazuli\/","og_site_name":"Au fil des pierres","article_modified_time":"2026-04-23T17:51:29+00:00","og_image":[{"width":2374,"height":2390,"url":"https:\/\/aufildespierres.com\/wp-content\/uploads\/2024\/08\/20240812_154155.jpg","type":"image\/jpeg"}],"twitter_card":"summary_large_image","twitter_misc":{"Dur\u00e9e de lecture estim\u00e9e":"3 minutes"},"schema":{"@context":"https:\/\/schema.org","@graph":[{"@type":"WebPage","@id":"https:\/\/aufildespierres.com\/index.php\/product\/sphere-lapis-lazuli\/","url":"https:\/\/aufildespierres.com\/index.php\/product\/sphere-lapis-lazuli\/","name":"Sph\u00e8re Lapis Lazuli - Au fil des pierres","isPartOf":{"@id":"https:\/\/aufildespierres.com\/#website"},"primaryImageOfPage":{"@id":"https:\/\/aufildespierres.com\/index.php\/product\/sphere-lapis-lazuli\/#primaryimage"},"image":{"@id":"https:\/\/aufildespierres.com\/index.php\/product\/sphere-lapis-lazuli\/#primaryimage"},"thumbnailUrl":"https:\/\/aufildespierres.com\/wp-content\/uploads\/2024\/08\/20240812_154155.jpg","datePublished":"2024-08-12T14:27:40+00:00","dateModified":"2026-04-23T17:51:29+00:00","description":"Sph\u00e8re lapis-lazuli naturel, pierre de sagesse et d\u2019intuition. Id\u00e9ale pour harmoniser les \u00e9nergies, apaiser l\u2019esprit et sublimer votre int\u00e9rieur.","breadcrumb":{"@id":"https:\/\/aufildespierres.com\/index.php\/product\/sphere-lapis-lazuli\/#breadcrumb"},"inLanguage":"fr-FR","potentialAction":[{"@type":"ReadAction","target":["https:\/\/aufildespierres.com\/index.php\/product\/sphere-lapis-lazuli\/"]}]},{"@type":"ImageObject","inLanguage":"fr-FR","@id":"https:\/\/aufildespierres.com\/index.php\/product\/sphere-lapis-lazuli\/#primaryimage","url":"https:\/\/aufildespierres.com\/wp-content\/uploads\/2024\/08\/20240812_154155.jpg","contentUrl":"https:\/\/aufildespierres.com\/wp-content\/uploads\/2024\/08\/20240812_154155.jpg","width":2374,"height":2390},{"@type":"BreadcrumbList","@id":"https:\/\/aufildespierres.com\/index.php\/product\/sphere-lapis-lazuli\/#breadcrumb","itemListElement":[{"@type":"ListItem","position":1,"name":"Accueil","item":"https:\/\/aufildespierres.com\/"},{"@type":"ListItem","position":2,"name":"Boutique de Lithoth\u00e9rapie","item":"https:\/\/aufildespierres.com\/index.php\/boutique-de-lithotherapie\/"},{"@type":"ListItem","position":3,"name":"Sph\u00e8re Lapis Lazuli"}]},{"@type":"WebSite","@id":"https:\/\/aufildespierres.com\/#website","url":"https:\/\/aufildespierres.com\/","name":"Au fil des pierres","description":"Au fil des pierres","publisher":{"@id":"https:\/\/aufildespierres.com\/#organization"},"potentialAction":[{"@type":"SearchAction","target":{"@type":"EntryPoint","urlTemplate":"https:\/\/aufildespierres.com\/?s={search_term_string}"},"query-input":{"@type":"PropertyValueSpecification","valueRequired":true,"valueName":"search_term_string"}}],"inLanguage":"fr-FR"},{"@type":"Organization","@id":"https:\/\/aufildespierres.com\/#organization","name":"Au fil des pierres","url":"https:\/\/aufildespierres.com\/","logo":{"@type":"ImageObject","inLanguage":"fr-FR","@id":"https:\/\/aufildespierres.com\/#\/schema\/logo\/image\/","url":"https:\/\/aufildespierres.com\/wp-content\/uploads\/2023\/05\/cropped-Logo-PNG-Transparent.png","contentUrl":"https:\/\/aufildespierres.com\/wp-content\/uploads\/2023\/05\/cropped-Logo-PNG-Transparent.png","width":1776,"height":1625,"caption":"Au fil des pierres"},"image":{"@id":"https:\/\/aufildespierres.com\/#\/schema\/logo\/image\/"}}]}},"_links":{"self":[{"href":"https:\/\/aufildespierres.com\/index.php\/wp-json\/wp\/v2\/product\/2733","targetHints":{"allow":["GET"]}}],"collection":[{"href":"https:\/\/aufildespierres.com\/index.php\/wp-json\/wp\/v2\/product"}],"about":[{"href":"https:\/\/aufildespierres.com\/index.php\/wp-json\/wp\/v2\/types\/product"}],"replies":[{"embeddable":true,"href":"https:\/\/aufildespierres.com\/index.php\/wp-json\/wp\/v2\/comments?post=2733"}],"wp:featuredmedia":[{"embeddable":true,"href":"https:\/\/aufildespierres.com\/index.php\/wp-json\/wp\/v2\/media\/2737"}],"wp:attachment":[{"href":"https:\/\/aufildespierres.com\/index.php\/wp-json\/wp\/v2\/media?parent=2733"}],"wp:term":[{"taxonomy":"product_brand","embeddable":true,"href":"https:\/\/aufildespierres.com\/index.php\/wp-json\/wp\/v2\/product_brand?post=2733"},{"taxonomy":"product_cat","embeddable":true,"href":"https:\/\/aufildespierres.com\/index.php\/wp-json\/wp\/v2\/product_cat?post=2733"},{"taxonomy":"product_tag","embeddable":true,"href":"https:\/\/aufildespierres.com\/index.php\/wp-json\/wp\/v2\/product_tag?post=2733"}],"curies":[{"name":"wp","href":"https:\/\/api.w.org\/{rel}","templated":true}]}}