{"id":2758,"date":"2024-08-28T11:55:51","date_gmt":"2024-08-28T09:55:51","guid":{"rendered":"https:\/\/aufildespierres.com\/?post_type=product&#038;p=2758"},"modified":"2026-04-17T08:24:24","modified_gmt":"2026-04-17T06:24:24","slug":"oeil-de-tigre-pierre-roulee","status":"publish","type":"product","link":"https:\/\/aufildespierres.com\/index.php\/product\/oeil-de-tigre-pierre-roulee\/","title":{"rendered":"Oeil de tigre pierre roul\u00e9e"},"content":{"rendered":"<div class=\"flex flex-col text-sm pb-25\">\n<section class=\"text-token-text-primary w-full focus:outline-none [--shadow-height:45px] has-data-writing-block:pointer-events-none has-data-writing-block:-mt-(--shadow-height) has-data-writing-block:pt-(--shadow-height) [&amp;:has([data-writing-block])&gt;*]:pointer-events-auto scroll-mt-[calc(var(--header-height)+min(200px,max(70px,20svh)))]\" dir=\"auto\" data-turn-id=\"request-WEB:8278f2c1-dd7c-46c9-8f62-d4862d805219-3\" data-testid=\"conversation-turn-8\" data-scroll-anchor=\"true\" data-turn=\"assistant\">\n<div class=\"text-base my-auto mx-auto pb-10 [--thread-content-margin:var(--thread-content-margin-xs,calc(var(--spacing)*4))] @w-sm\/main:[--thread-content-margin:var(--thread-content-margin-sm,calc(var(--spacing)*6))] @w-lg\/main:[--thread-content-margin:var(--thread-content-margin-lg,calc(var(--spacing)*16))] px-(--thread-content-margin)\">\n<div class=\"[--thread-content-max-width:40rem] @w-lg\/main:[--thread-content-max-width:48rem] mx-auto max-w-(--thread-content-max-width) flex-1 group\/turn-messages focus-visible:outline-hidden relative flex w-full min-w-0 flex-col agent-turn\">\n<div class=\"flex max-w-full flex-col gap-4 grow\">\n<div class=\"min-h-8 text-message relative flex w-full flex-col items-end gap-2 text-start break-words whitespace-normal outline-none keyboard-focused:focus-ring [.text-message+&amp;]:mt-1\" dir=\"auto\" tabindex=\"0\" data-message-author-role=\"assistant\" data-message-id=\"06aa5d61-0afc-4dbc-b088-29ddf1bac080\" data-message-model-slug=\"gpt-5-3\" data-turn-start-message=\"true\">\n<div class=\"flex w-full flex-col gap-1 empty:hidden\">\n<div class=\"markdown prose dark:prose-invert w-full wrap-break-word light markdown-new-styling\">\n<p data-start=\"0\" data-end=\"304\"><strong>\u0152il de tigre pierre roul\u00e9e<\/strong> par lot de 2\u00a0 est id\u00e9al pour b\u00e9n\u00e9ficier des vertus protectrices et dynamisantes de cette pierre embl\u00e9matique. D\u2019origine Afrique du Sud, ces pierres naturelles de qualit\u00e9 A mesurent entre 30 et 40 mm. Chaque lot est unique, ainsi l\u2019envoi est al\u00e9atoire et la photo non contractuelle.<\/p>\n<p data-start=\"306\" data-end=\"671\">L\u2019\u0152il de tigre est avant tout une pierre de protection puissante. En effet, il agit comme un v\u00e9ritable bouclier \u00e9nerg\u00e9tique en renvoyant les \u00e9nergies n\u00e9gatives \u00e0 leur \u00e9metteur. Ainsi, vous \u00e9vitez de vous impr\u00e9gner des influences ext\u00e9rieures n\u00e9fastes. De plus, il aide \u00e0 rester soi-m\u00eame, notamment lorsque vous \u00eates tr\u00e8s empathique ou sensible \u00e0 votre environnement.<\/p>\n<p data-start=\"673\" data-end=\"1054\">Sur le plan \u00e9motionnel, cette pierre favorise l\u2019\u00e9quilibre et la stabilit\u00e9. Elle r\u00e9gule les \u00e9motions et apaise le mental, ce qui permet de prendre du recul face aux situations stressantes. Par ailleurs, elle diminue les peurs et aide \u00e0 d\u00e9passer les barri\u00e8res personnelles. Elle vous invite \u00e9galement \u00e0 vous remettre en question avec justesse, afin d\u2019avancer de mani\u00e8re plus align\u00e9e.<\/p>\n<p data-start=\"1056\" data-end=\"1453\"><strong>\u0152il de tigre pierre roul\u00e9e<\/strong>\u00a0 est aussi reconnu pour renforcer la confiance en soi. Il stimule le courage, l\u2019audace et la pers\u00e9v\u00e9rance, des qualit\u00e9s essentielles pour atteindre vos objectifs. De plus, il vous aide \u00e0 prendre conscience de vos capacit\u00e9s et \u00e0 adopter une attitude plus optimiste au quotidien. Ainsi, vous prenez des d\u00e9cisions plus justes, en accord avec vos valeurs profondes.<\/p>\n<p data-start=\"1455\" data-end=\"1671\" data-is-last-node=\"\" data-is-only-node=\"\">Enfin, l\u2019\u0152il de tigre \u00e9quilibre les \u00e9nergies yin et yang, favorisant une harmonie globale. Il devient alors un alli\u00e9 pr\u00e9cieux pour avancer avec force, clart\u00e9 et s\u00e9r\u00e9nit\u00e9 dans votre vie personnelle et professionnelle.<\/p>\n<\/div>\n<\/div>\n<\/div>\n<\/div>\n<div class=\"z-0 flex min-h-[46px] justify-start\"><\/div>\n<div class=\"mt-3 w-full empty:hidden\">\n<div class=\"text-center\"><\/div>\n<\/div>\n<\/div>\n<\/div>\n<\/section>\n<\/div>\n<div class=\"pointer-events-none h-px w-px absolute bottom-0\" aria-hidden=\"true\" data-edge=\"true\"><\/div>\n<p>&nbsp;<\/p>\n","protected":false},"excerpt":{"rendered":"<p>\u0152il de tigre pierre roul\u00e9e par lot de 2\u00a0 est id\u00e9al pour b\u00e9n\u00e9ficier des vertus protectrices et dynamisantes de cette pierre embl\u00e9matique. D\u2019origine Afrique du Sud, ces pierres naturelles de qualit\u00e9 A mesurent entre 30 et 40 mm. Chaque lot est unique, ainsi l\u2019envoi est al\u00e9atoire et la photo non contractuelle. L\u2019\u0152il de tigre est [&hellip;]<\/p>\n","protected":false},"featured_media":2760,"comment_status":"open","ping_status":"closed","template":"","meta":{"site-sidebar-layout":"default","site-content-layout":"","ast-site-content-layout":"default","site-content-style":"default","site-sidebar-style":"default","ast-global-header-display":"","ast-banner-title-visibility":"","ast-main-header-display":"","ast-hfb-above-header-display":"","ast-hfb-below-header-display":"","ast-hfb-mobile-header-display":"","site-post-title":"","ast-breadcrumbs-content":"","ast-featured-img":"","footer-sml-layout":"","ast-disable-related-posts":"","theme-transparent-header-meta":"default","adv-header-id-meta":"","stick-header-meta":"","header-above-stick-meta":"","header-main-stick-meta":"","header-below-stick-meta":"","astra-migrate-meta-layouts":"set","ast-page-background-enabled":"default","ast-page-background-meta":{"desktop":{"background-color":"var(--ast-global-color-4)","background-image":"","background-repeat":"repeat","background-position":"center center","background-size":"auto","background-attachment":"scroll","background-type":"","background-media":"","overlay-type":"","overlay-color":"","overlay-opacity":"","overlay-gradient":""},"tablet":{"background-color":"","background-image":"","background-repeat":"repeat","background-position":"center center","background-size":"auto","background-attachment":"scroll","background-type":"","background-media":"","overlay-type":"","overlay-color":"","overlay-opacity":"","overlay-gradient":""},"mobile":{"background-color":"","background-image":"","background-repeat":"repeat","background-position":"center center","background-size":"auto","background-attachment":"scroll","background-type":"","background-media":"","overlay-type":"","overlay-color":"","overlay-opacity":"","overlay-gradient":""}},"ast-content-background-meta":{"desktop":{"background-color":"var(--ast-global-color-5)","background-image":"","background-repeat":"repeat","background-position":"center center","background-size":"auto","background-attachment":"scroll","background-type":"","background-media":"","overlay-type":"","overlay-color":"","overlay-opacity":"","overlay-gradient":""},"tablet":{"background-color":"var(--ast-global-color-5)","background-image":"","background-repeat":"repeat","background-position":"center center","background-size":"auto","background-attachment":"scroll","background-type":"","background-media":"","overlay-type":"","overlay-color":"","overlay-opacity":"","overlay-gradient":""},"mobile":{"background-color":"var(--ast-global-color-5)","background-image":"","background-repeat":"repeat","background-position":"center center","background-size":"auto","background-attachment":"scroll","background-type":"","background-media":"","overlay-type":"","overlay-color":"","overlay-opacity":"","overlay-gradient":""}},"_glsr_average":0,"_glsr_ranking":0,"_glsr_reviews":0},"product_brand":[],"product_cat":[84,103,37,32,201],"product_tag":[],"class_list":{"0":"post-2758","1":"product","2":"type-product","3":"status-publish","4":"has-post-thumbnail","6":"product_cat-jaune","7":"product_cat-marron","8":"product_cat-oeil-de-tigre","9":"product_cat-pierres-polies","10":"product_cat-roulees","11":"desktop-align-left","12":"tablet-align-left","13":"mobile-align-left","15":"first","16":"instock","17":"purchasable","18":"product-type-simple"},"yoast_head":"<!-- This site is optimized with the Yoast SEO plugin v27.5 - https:\/\/yoast.com\/product\/yoast-seo-wordpress\/ -->\n<title>Oeil de tigre pierre roul\u00e9e - Au fil des pierres<\/title>\n<meta name=\"description\" content=\"\u0152il de tigre pierre roul\u00e9e lot de 2 naturelles, protection \u00e9nerg\u00e9tique, confiance en soi et courage. Id\u00e9al pour apaiser le mental, renforcer la pers\u00e9v\u00e9rance et se prot\u00e9ger des \u00e9nergies n\u00e9gatives.\" \/>\n<meta name=\"robots\" content=\"index, follow, max-snippet:-1, max-image-preview:large, max-video-preview:-1\" \/>\n<link rel=\"canonical\" href=\"https:\/\/aufildespierres.com\/index.php\/product\/oeil-de-tigre-pierre-roulee\/\" \/>\n<meta property=\"og:locale\" content=\"fr_FR\" \/>\n<meta property=\"og:type\" content=\"article\" \/>\n<meta property=\"og:title\" content=\"Oeil de tigre pierre roul\u00e9e - Au fil des pierres\" \/>\n<meta property=\"og:description\" content=\"\u0152il de tigre pierre roul\u00e9e lot de 2 naturelles, protection \u00e9nerg\u00e9tique, confiance en soi et courage. Id\u00e9al pour apaiser le mental, renforcer la pers\u00e9v\u00e9rance et se prot\u00e9ger des \u00e9nergies n\u00e9gatives.\" \/>\n<meta property=\"og:url\" content=\"https:\/\/aufildespierres.com\/index.php\/product\/oeil-de-tigre-pierre-roulee\/\" \/>\n<meta property=\"og:site_name\" content=\"Au fil des pierres\" \/>\n<meta property=\"article:modified_time\" content=\"2026-04-17T06:24:24+00:00\" \/>\n<meta property=\"og:image\" content=\"https:\/\/aufildespierres.com\/wp-content\/uploads\/2024\/08\/20240828_085745.jpg\" \/>\n\t<meta property=\"og:image:width\" content=\"2303\" \/>\n\t<meta property=\"og:image:height\" content=\"2117\" \/>\n\t<meta property=\"og:image:type\" content=\"image\/jpeg\" \/>\n<meta name=\"twitter:card\" content=\"summary_large_image\" \/>\n<meta name=\"twitter:label1\" content=\"Dur\u00e9e de lecture estim\u00e9e\" \/>\n\t<meta name=\"twitter:data1\" content=\"2 minutes\" \/>\n<script type=\"application\/ld+json\" class=\"yoast-schema-graph\">{\"@context\":\"https:\\\/\\\/schema.org\",\"@graph\":[{\"@type\":\"WebPage\",\"@id\":\"https:\\\/\\\/aufildespierres.com\\\/index.php\\\/product\\\/oeil-de-tigre-pierre-roulee\\\/\",\"url\":\"https:\\\/\\\/aufildespierres.com\\\/index.php\\\/product\\\/oeil-de-tigre-pierre-roulee\\\/\",\"name\":\"Oeil de tigre pierre roul\u00e9e - Au fil des pierres\",\"isPartOf\":{\"@id\":\"https:\\\/\\\/aufildespierres.com\\\/#website\"},\"primaryImageOfPage\":{\"@id\":\"https:\\\/\\\/aufildespierres.com\\\/index.php\\\/product\\\/oeil-de-tigre-pierre-roulee\\\/#primaryimage\"},\"image\":{\"@id\":\"https:\\\/\\\/aufildespierres.com\\\/index.php\\\/product\\\/oeil-de-tigre-pierre-roulee\\\/#primaryimage\"},\"thumbnailUrl\":\"https:\\\/\\\/aufildespierres.com\\\/wp-content\\\/uploads\\\/2024\\\/08\\\/20240828_085745.jpg\",\"datePublished\":\"2024-08-28T09:55:51+00:00\",\"dateModified\":\"2026-04-17T06:24:24+00:00\",\"description\":\"\u0152il de tigre pierre roul\u00e9e lot de 2 naturelles, protection \u00e9nerg\u00e9tique, confiance en soi et courage. Id\u00e9al pour apaiser le mental, renforcer la pers\u00e9v\u00e9rance et se prot\u00e9ger des \u00e9nergies n\u00e9gatives.\",\"breadcrumb\":{\"@id\":\"https:\\\/\\\/aufildespierres.com\\\/index.php\\\/product\\\/oeil-de-tigre-pierre-roulee\\\/#breadcrumb\"},\"inLanguage\":\"fr-FR\",\"potentialAction\":[{\"@type\":\"ReadAction\",\"target\":[\"https:\\\/\\\/aufildespierres.com\\\/index.php\\\/product\\\/oeil-de-tigre-pierre-roulee\\\/\"]}]},{\"@type\":\"ImageObject\",\"inLanguage\":\"fr-FR\",\"@id\":\"https:\\\/\\\/aufildespierres.com\\\/index.php\\\/product\\\/oeil-de-tigre-pierre-roulee\\\/#primaryimage\",\"url\":\"https:\\\/\\\/aufildespierres.com\\\/wp-content\\\/uploads\\\/2024\\\/08\\\/20240828_085745.jpg\",\"contentUrl\":\"https:\\\/\\\/aufildespierres.com\\\/wp-content\\\/uploads\\\/2024\\\/08\\\/20240828_085745.jpg\",\"width\":2303,\"height\":2117},{\"@type\":\"BreadcrumbList\",\"@id\":\"https:\\\/\\\/aufildespierres.com\\\/index.php\\\/product\\\/oeil-de-tigre-pierre-roulee\\\/#breadcrumb\",\"itemListElement\":[{\"@type\":\"ListItem\",\"position\":1,\"name\":\"Accueil\",\"item\":\"https:\\\/\\\/aufildespierres.com\\\/\"},{\"@type\":\"ListItem\",\"position\":2,\"name\":\"Boutique de Lithoth\u00e9rapie\",\"item\":\"https:\\\/\\\/aufildespierres.com\\\/index.php\\\/boutique-de-lithotherapie\\\/\"},{\"@type\":\"ListItem\",\"position\":3,\"name\":\"Oeil de tigre pierre roul\u00e9e\"}]},{\"@type\":\"WebSite\",\"@id\":\"https:\\\/\\\/aufildespierres.com\\\/#website\",\"url\":\"https:\\\/\\\/aufildespierres.com\\\/\",\"name\":\"Au fil des pierres\",\"description\":\"Au fil des pierres\",\"publisher\":{\"@id\":\"https:\\\/\\\/aufildespierres.com\\\/#organization\"},\"potentialAction\":[{\"@type\":\"SearchAction\",\"target\":{\"@type\":\"EntryPoint\",\"urlTemplate\":\"https:\\\/\\\/aufildespierres.com\\\/?s={search_term_string}\"},\"query-input\":{\"@type\":\"PropertyValueSpecification\",\"valueRequired\":true,\"valueName\":\"search_term_string\"}}],\"inLanguage\":\"fr-FR\"},{\"@type\":\"Organization\",\"@id\":\"https:\\\/\\\/aufildespierres.com\\\/#organization\",\"name\":\"Au fil des pierres\",\"url\":\"https:\\\/\\\/aufildespierres.com\\\/\",\"logo\":{\"@type\":\"ImageObject\",\"inLanguage\":\"fr-FR\",\"@id\":\"https:\\\/\\\/aufildespierres.com\\\/#\\\/schema\\\/logo\\\/image\\\/\",\"url\":\"https:\\\/\\\/aufildespierres.com\\\/wp-content\\\/uploads\\\/2023\\\/05\\\/cropped-Logo-PNG-Transparent.png\",\"contentUrl\":\"https:\\\/\\\/aufildespierres.com\\\/wp-content\\\/uploads\\\/2023\\\/05\\\/cropped-Logo-PNG-Transparent.png\",\"width\":1776,\"height\":1625,\"caption\":\"Au fil des pierres\"},\"image\":{\"@id\":\"https:\\\/\\\/aufildespierres.com\\\/#\\\/schema\\\/logo\\\/image\\\/\"}}]}<\/script>\n<!-- \/ Yoast SEO plugin. -->","yoast_head_json":{"title":"Oeil de tigre pierre roul\u00e9e - Au fil des pierres","description":"\u0152il de tigre pierre roul\u00e9e lot de 2 naturelles, protection \u00e9nerg\u00e9tique, confiance en soi et courage. Id\u00e9al pour apaiser le mental, renforcer la pers\u00e9v\u00e9rance et se prot\u00e9ger des \u00e9nergies n\u00e9gatives.","robots":{"index":"index","follow":"follow","max-snippet":"max-snippet:-1","max-image-preview":"max-image-preview:large","max-video-preview":"max-video-preview:-1"},"canonical":"https:\/\/aufildespierres.com\/index.php\/product\/oeil-de-tigre-pierre-roulee\/","og_locale":"fr_FR","og_type":"article","og_title":"Oeil de tigre pierre roul\u00e9e - Au fil des pierres","og_description":"\u0152il de tigre pierre roul\u00e9e lot de 2 naturelles, protection \u00e9nerg\u00e9tique, confiance en soi et courage. Id\u00e9al pour apaiser le mental, renforcer la pers\u00e9v\u00e9rance et se prot\u00e9ger des \u00e9nergies n\u00e9gatives.","og_url":"https:\/\/aufildespierres.com\/index.php\/product\/oeil-de-tigre-pierre-roulee\/","og_site_name":"Au fil des pierres","article_modified_time":"2026-04-17T06:24:24+00:00","og_image":[{"width":2303,"height":2117,"url":"https:\/\/aufildespierres.com\/wp-content\/uploads\/2024\/08\/20240828_085745.jpg","type":"image\/jpeg"}],"twitter_card":"summary_large_image","twitter_misc":{"Dur\u00e9e de lecture estim\u00e9e":"2 minutes"},"schema":{"@context":"https:\/\/schema.org","@graph":[{"@type":"WebPage","@id":"https:\/\/aufildespierres.com\/index.php\/product\/oeil-de-tigre-pierre-roulee\/","url":"https:\/\/aufildespierres.com\/index.php\/product\/oeil-de-tigre-pierre-roulee\/","name":"Oeil de tigre pierre roul\u00e9e - Au fil des pierres","isPartOf":{"@id":"https:\/\/aufildespierres.com\/#website"},"primaryImageOfPage":{"@id":"https:\/\/aufildespierres.com\/index.php\/product\/oeil-de-tigre-pierre-roulee\/#primaryimage"},"image":{"@id":"https:\/\/aufildespierres.com\/index.php\/product\/oeil-de-tigre-pierre-roulee\/#primaryimage"},"thumbnailUrl":"https:\/\/aufildespierres.com\/wp-content\/uploads\/2024\/08\/20240828_085745.jpg","datePublished":"2024-08-28T09:55:51+00:00","dateModified":"2026-04-17T06:24:24+00:00","description":"\u0152il de tigre pierre roul\u00e9e lot de 2 naturelles, protection \u00e9nerg\u00e9tique, confiance en soi et courage. Id\u00e9al pour apaiser le mental, renforcer la pers\u00e9v\u00e9rance et se prot\u00e9ger des \u00e9nergies n\u00e9gatives.","breadcrumb":{"@id":"https:\/\/aufildespierres.com\/index.php\/product\/oeil-de-tigre-pierre-roulee\/#breadcrumb"},"inLanguage":"fr-FR","potentialAction":[{"@type":"ReadAction","target":["https:\/\/aufildespierres.com\/index.php\/product\/oeil-de-tigre-pierre-roulee\/"]}]},{"@type":"ImageObject","inLanguage":"fr-FR","@id":"https:\/\/aufildespierres.com\/index.php\/product\/oeil-de-tigre-pierre-roulee\/#primaryimage","url":"https:\/\/aufildespierres.com\/wp-content\/uploads\/2024\/08\/20240828_085745.jpg","contentUrl":"https:\/\/aufildespierres.com\/wp-content\/uploads\/2024\/08\/20240828_085745.jpg","width":2303,"height":2117},{"@type":"BreadcrumbList","@id":"https:\/\/aufildespierres.com\/index.php\/product\/oeil-de-tigre-pierre-roulee\/#breadcrumb","itemListElement":[{"@type":"ListItem","position":1,"name":"Accueil","item":"https:\/\/aufildespierres.com\/"},{"@type":"ListItem","position":2,"name":"Boutique de Lithoth\u00e9rapie","item":"https:\/\/aufildespierres.com\/index.php\/boutique-de-lithotherapie\/"},{"@type":"ListItem","position":3,"name":"Oeil de tigre pierre roul\u00e9e"}]},{"@type":"WebSite","@id":"https:\/\/aufildespierres.com\/#website","url":"https:\/\/aufildespierres.com\/","name":"Au fil des pierres","description":"Au fil des pierres","publisher":{"@id":"https:\/\/aufildespierres.com\/#organization"},"potentialAction":[{"@type":"SearchAction","target":{"@type":"EntryPoint","urlTemplate":"https:\/\/aufildespierres.com\/?s={search_term_string}"},"query-input":{"@type":"PropertyValueSpecification","valueRequired":true,"valueName":"search_term_string"}}],"inLanguage":"fr-FR"},{"@type":"Organization","@id":"https:\/\/aufildespierres.com\/#organization","name":"Au fil des pierres","url":"https:\/\/aufildespierres.com\/","logo":{"@type":"ImageObject","inLanguage":"fr-FR","@id":"https:\/\/aufildespierres.com\/#\/schema\/logo\/image\/","url":"https:\/\/aufildespierres.com\/wp-content\/uploads\/2023\/05\/cropped-Logo-PNG-Transparent.png","contentUrl":"https:\/\/aufildespierres.com\/wp-content\/uploads\/2023\/05\/cropped-Logo-PNG-Transparent.png","width":1776,"height":1625,"caption":"Au fil des pierres"},"image":{"@id":"https:\/\/aufildespierres.com\/#\/schema\/logo\/image\/"}}]}},"_links":{"self":[{"href":"https:\/\/aufildespierres.com\/index.php\/wp-json\/wp\/v2\/product\/2758","targetHints":{"allow":["GET"]}}],"collection":[{"href":"https:\/\/aufildespierres.com\/index.php\/wp-json\/wp\/v2\/product"}],"about":[{"href":"https:\/\/aufildespierres.com\/index.php\/wp-json\/wp\/v2\/types\/product"}],"replies":[{"embeddable":true,"href":"https:\/\/aufildespierres.com\/index.php\/wp-json\/wp\/v2\/comments?post=2758"}],"wp:featuredmedia":[{"embeddable":true,"href":"https:\/\/aufildespierres.com\/index.php\/wp-json\/wp\/v2\/media\/2760"}],"wp:attachment":[{"href":"https:\/\/aufildespierres.com\/index.php\/wp-json\/wp\/v2\/media?parent=2758"}],"wp:term":[{"taxonomy":"product_brand","embeddable":true,"href":"https:\/\/aufildespierres.com\/index.php\/wp-json\/wp\/v2\/product_brand?post=2758"},{"taxonomy":"product_cat","embeddable":true,"href":"https:\/\/aufildespierres.com\/index.php\/wp-json\/wp\/v2\/product_cat?post=2758"},{"taxonomy":"product_tag","embeddable":true,"href":"https:\/\/aufildespierres.com\/index.php\/wp-json\/wp\/v2\/product_tag?post=2758"}],"curies":[{"name":"wp","href":"https:\/\/api.w.org\/{rel}","templated":true}]}}