{"id":2778,"date":"2024-09-03T13:00:12","date_gmt":"2024-09-03T11:00:12","guid":{"rendered":"https:\/\/aufildespierres.com\/?post_type=product&#038;p=2778"},"modified":"2026-04-14T21:22:59","modified_gmt":"2026-04-14T19:22:59","slug":"bracelet-saphir-bleu-et-noir","status":"publish","type":"product","link":"https:\/\/aufildespierres.com\/index.php\/product\/bracelet-saphir-bleu-et-noir\/","title":{"rendered":"Bracelet Saphir bleu et noir"},"content":{"rendered":"<section class=\"text-token-text-primary w-full focus:outline-none [--shadow-height:45px] has-data-writing-block:pointer-events-none has-data-writing-block:-mt-(--shadow-height) has-data-writing-block:pt-(--shadow-height) [&amp;:has([data-writing-block])&gt;*]:pointer-events-auto R6Vx5W_threadScrollVars scroll-mb-[calc(var(--scroll-root-safe-area-inset-bottom,0px)+var(--thread-response-height))] scroll-mt-(--header-height)\" dir=\"auto\" data-turn-id=\"d0fd6a60-5739-4236-836f-8e93e22bb7b4\" data-testid=\"conversation-turn-19\" data-scroll-anchor=\"false\" data-turn=\"user\"><\/section>\n<section class=\"text-token-text-primary w-full focus:outline-none [--shadow-height:45px] has-data-writing-block:pointer-events-none has-data-writing-block:-mt-(--shadow-height) has-data-writing-block:pt-(--shadow-height) [&amp;:has([data-writing-block])&gt;*]:pointer-events-auto [content-visibility:auto] supports-[content-visibility:auto]:[contain-intrinsic-size:auto_100lvh] R6Vx5W_threadScrollVars scroll-mb-[calc(var(--scroll-root-safe-area-inset-bottom,0px)+var(--thread-response-height))] scroll-mt-[calc(var(--header-height)+min(200px,max(70px,20svh)))]\" dir=\"auto\" data-turn-id=\"request-WEB:d8d4e2bf-bd60-460d-ae73-6de85292b0be-9\" data-testid=\"conversation-turn-20\" data-scroll-anchor=\"false\" data-turn=\"assistant\">\n<div class=\"text-base my-auto mx-auto pb-10 [--thread-content-margin:var(--thread-content-margin-xs,calc(var(--spacing)*4))] @w-sm\/main:[--thread-content-margin:var(--thread-content-margin-sm,calc(var(--spacing)*6))] @w-lg\/main:[--thread-content-margin:var(--thread-content-margin-lg,calc(var(--spacing)*16))] px-(--thread-content-margin)\">\n<div class=\"[--thread-content-max-width:40rem] @w-lg\/main:[--thread-content-max-width:48rem] mx-auto max-w-(--thread-content-max-width) flex-1 group\/turn-messages focus-visible:outline-hidden relative flex w-full min-w-0 flex-col agent-turn\">\n<div class=\"flex max-w-full flex-col gap-4 grow\">\n<div class=\"min-h-8 text-message relative flex w-full flex-col items-end gap-2 text-start break-words whitespace-normal outline-none keyboard-focused:focus-ring [.text-message+&amp;]:mt-1\" dir=\"auto\" tabindex=\"0\" data-message-author-role=\"assistant\" data-message-id=\"cf42baf1-ab10-4b67-9dab-eaf20c513ca0\" data-message-model-slug=\"gpt-5-3-mini\" data-turn-start-message=\"true\">\n<div class=\"flex w-full flex-col gap-1 empty:hidden\">\n<div class=\"markdown prose dark:prose-invert w-full wrap-break-word light markdown-new-styling\">\n<p data-start=\"0\" data-end=\"310\"><strong>Bracelet saphir bleu et noir<\/strong> orn\u00e9 de 5 perles de saphir noir en corolle, ce bijou raffin\u00e9 met en valeur une pierre pr\u00e9cieuse d\u2019exception originaire de Birmanie. \u00c0 la fois \u00e9l\u00e9gant et symbolique, il accompagne naturellement les personnes qui recherchent la s\u00e9r\u00e9nit\u00e9, la clart\u00e9 mentale et l\u2019\u00e9l\u00e9vation spirituelle.<\/p>\n<p data-start=\"312\" data-end=\"655\">Le saphir se distingue par ses multiples nuances, allant du bleu profond au noir intense. De plus, il s\u2019associe fortement au chakra du troisi\u00e8me \u0153il. Ainsi, il stimule l\u2019intuition, d\u00e9veloppe la cr\u00e9ativit\u00e9 et renforce les perceptions extra-sensorielles. Il aide \u00e9galement \u00e0 affiner le ressenti int\u00e9rieur et \u00e0 mieux comprendre son environnement.<\/p>\n<p data-start=\"657\" data-end=\"985\">Par ailleurs, cette pierre agit comme un puissant r\u00e9gulateur \u00e9motionnel. Elle calme les pens\u00e9es excessives et r\u00e9duit les peurs. En outre, elle aide \u00e0 ma\u00eetriser la col\u00e8re et \u00e0 stabiliser les \u00e9motions. Gr\u00e2ce \u00e0 son \u00e9nergie douce, elle favorise la paix int\u00e9rieure et encourage une attitude plus pos\u00e9e face aux situations difficiles.<\/p>\n<p data-start=\"987\" data-end=\"1352\">En compl\u00e9ment, le saphir symbolise la foi, l\u2019esp\u00e9rance et la fid\u00e9lit\u00e9. Il est souvent offert lors d\u2019\u00e9v\u00e9nements importants comme les fian\u00e7ailles ou le mariage. Il renforce ainsi les liens affectifs et am\u00e9liore la communication au sein du couple. De plus, il soutient la patience et la pers\u00e9v\u00e9rance, ce qui aide \u00e0 atteindre des objectifs personnels et professionnels.<\/p>\n<p data-start=\"1354\" data-end=\"1643\">Sur le plan \u00e9motionnel, cette pierre favorise la sagesse et l\u2019ouverture d\u2019esprit. Elle aide \u00e0 r\u00e9soudre les conflits avec diplomatie et \u00e0 prendre des d\u00e9cisions plus justes. En stimulant le chakra coronal, elle permet \u00e9galement de renforcer la connexion spirituelle et l\u2019harmonie int\u00e9rieure.<\/p>\n<p data-start=\"1645\" data-end=\"1975\">Sur le plan physique, le saphir contribue au bien-\u00eatre global. Il peut am\u00e9liorer la qualit\u00e9 du sommeil et soulager certains maux de t\u00eate. De plus, il soutient la circulation sanguine et agit positivement sur les yeux, les oreilles et les voies respiratoires. Il participe aussi \u00e0 la vitalit\u00e9 de la peau, des cheveux et des ongles.<\/p>\n<p data-start=\"1977\" data-end=\"2134\">Enfin, lorsqu\u2019il est \u00e9toil\u00e9, le saphir int\u00e8gre les propri\u00e9t\u00e9s du rutile. Ainsi, il renforce la force int\u00e9rieure, la r\u00e9sistance et l\u2019\u00e9nergie globale du corps.<\/p>\n<p data-start=\"2136\" data-end=\"2303\">Ce <strong>bracelet saphir bleu et noir<\/strong> constitue donc un bijou d\u2019exception. Il allie \u00e9l\u00e9gance, spiritualit\u00e9 et \u00e9quilibre, tout en accompagnant harmonieusement le quotidien.<\/p>\n<\/div>\n<\/div>\n<\/div>\n<\/div>\n<\/div>\n<\/div>\n<\/section>\n","protected":false},"excerpt":{"rendered":"<p>Bracelet saphir bleu et noir orn\u00e9 de 5 perles de saphir noir en corolle, ce bijou raffin\u00e9 met en valeur une pierre pr\u00e9cieuse d\u2019exception originaire de Birmanie. \u00c0 la fois \u00e9l\u00e9gant et symbolique, il accompagne naturellement les personnes qui recherchent la s\u00e9r\u00e9nit\u00e9, la clart\u00e9 mentale et l\u2019\u00e9l\u00e9vation spirituelle. Le saphir se distingue par ses multiples [&hellip;]<\/p>\n","protected":false},"featured_media":2779,"comment_status":"open","ping_status":"closed","template":"","meta":{"site-sidebar-layout":"default","site-content-layout":"","ast-site-content-layout":"default","site-content-style":"default","site-sidebar-style":"default","ast-global-header-display":"","ast-banner-title-visibility":"","ast-main-header-display":"","ast-hfb-above-header-display":"","ast-hfb-below-header-display":"","ast-hfb-mobile-header-display":"","site-post-title":"","ast-breadcrumbs-content":"","ast-featured-img":"","footer-sml-layout":"","ast-disable-related-posts":"","theme-transparent-header-meta":"default","adv-header-id-meta":"","stick-header-meta":"","header-above-stick-meta":"","header-main-stick-meta":"","header-below-stick-meta":"","astra-migrate-meta-layouts":"set","ast-page-background-enabled":"default","ast-page-background-meta":{"desktop":{"background-color":"var(--ast-global-color-4)","background-image":"","background-repeat":"repeat","background-position":"center center","background-size":"auto","background-attachment":"scroll","background-type":"","background-media":"","overlay-type":"","overlay-color":"","overlay-opacity":"","overlay-gradient":""},"tablet":{"background-color":"","background-image":"","background-repeat":"repeat","background-position":"center center","background-size":"auto","background-attachment":"scroll","background-type":"","background-media":"","overlay-type":"","overlay-color":"","overlay-opacity":"","overlay-gradient":""},"mobile":{"background-color":"","background-image":"","background-repeat":"repeat","background-position":"center center","background-size":"auto","background-attachment":"scroll","background-type":"","background-media":"","overlay-type":"","overlay-color":"","overlay-opacity":"","overlay-gradient":""}},"ast-content-background-meta":{"desktop":{"background-color":"var(--ast-global-color-5)","background-image":"","background-repeat":"repeat","background-position":"center center","background-size":"auto","background-attachment":"scroll","background-type":"","background-media":"","overlay-type":"","overlay-color":"","overlay-opacity":"","overlay-gradient":""},"tablet":{"background-color":"var(--ast-global-color-5)","background-image":"","background-repeat":"repeat","background-position":"center center","background-size":"auto","background-attachment":"scroll","background-type":"","background-media":"","overlay-type":"","overlay-color":"","overlay-opacity":"","overlay-gradient":""},"mobile":{"background-color":"var(--ast-global-color-5)","background-image":"","background-repeat":"repeat","background-position":"center center","background-size":"auto","background-attachment":"scroll","background-type":"","background-media":"","overlay-type":"","overlay-color":"","overlay-opacity":"","overlay-gradient":""}},"_glsr_average":0,"_glsr_ranking":0,"_glsr_reviews":0},"product_brand":[],"product_cat":[53,72,56,290,266],"product_tag":[],"class_list":{"0":"post-2778","1":"product","2":"type-product","3":"status-publish","4":"has-post-thumbnail","6":"product_cat-6-mm","7":"product_cat-bleu","8":"product_cat-bracelets-de-lithotherapie","9":"product_cat-bracelets-de-lithotherapie-femmes","10":"product_cat-saphir","11":"desktop-align-left","12":"tablet-align-left","13":"mobile-align-left","15":"first","16":"instock","17":"purchasable","18":"product-type-variable"},"yoast_head":"<!-- This site is optimized with the Yoast SEO plugin v27.5 - https:\/\/yoast.com\/product\/yoast-seo-wordpress\/ -->\n<title>Bracelet Saphir bleu et noir - Au fil des pierres<\/title>\n<meta name=\"description\" content=\"&quot;Bracelet Saphir bleu et noir \u2013 \u00e9l\u00e9gance et protection, une alliance de pierres pr\u00e9cieuses pour force int\u00e9rieure et s\u00e9r\u00e9nit\u00e9 au quotidien.&quot;\" \/>\n<meta name=\"robots\" content=\"index, follow, max-snippet:-1, max-image-preview:large, max-video-preview:-1\" \/>\n<link rel=\"canonical\" href=\"https:\/\/aufildespierres.com\/index.php\/product\/bracelet-saphir-bleu-et-noir\/\" \/>\n<meta property=\"og:locale\" content=\"fr_FR\" \/>\n<meta property=\"og:type\" content=\"article\" \/>\n<meta property=\"og:title\" content=\"Bracelet Saphir bleu et noir - Au fil des pierres\" \/>\n<meta property=\"og:description\" content=\"&quot;Bracelet Saphir bleu et noir \u2013 \u00e9l\u00e9gance et protection, une alliance de pierres pr\u00e9cieuses pour force int\u00e9rieure et s\u00e9r\u00e9nit\u00e9 au quotidien.&quot;\" \/>\n<meta property=\"og:url\" content=\"https:\/\/aufildespierres.com\/index.php\/product\/bracelet-saphir-bleu-et-noir\/\" \/>\n<meta property=\"og:site_name\" content=\"Au fil des pierres\" \/>\n<meta property=\"article:modified_time\" content=\"2026-04-14T19:22:59+00:00\" \/>\n<meta property=\"og:image\" content=\"https:\/\/aufildespierres.com\/wp-content\/uploads\/2024\/09\/20240903_075122-scaled.jpg\" \/>\n\t<meta property=\"og:image:width\" content=\"2316\" \/>\n\t<meta property=\"og:image:height\" content=\"2560\" \/>\n\t<meta property=\"og:image:type\" content=\"image\/jpeg\" \/>\n<meta name=\"twitter:card\" content=\"summary_large_image\" \/>\n<meta name=\"twitter:label1\" content=\"Dur\u00e9e de lecture estim\u00e9e\" \/>\n\t<meta name=\"twitter:data1\" content=\"3 minutes\" \/>\n<script type=\"application\/ld+json\" class=\"yoast-schema-graph\">{\"@context\":\"https:\\\/\\\/schema.org\",\"@graph\":[{\"@type\":\"WebPage\",\"@id\":\"https:\\\/\\\/aufildespierres.com\\\/index.php\\\/product\\\/bracelet-saphir-bleu-et-noir\\\/\",\"url\":\"https:\\\/\\\/aufildespierres.com\\\/index.php\\\/product\\\/bracelet-saphir-bleu-et-noir\\\/\",\"name\":\"Bracelet Saphir bleu et noir - Au fil des pierres\",\"isPartOf\":{\"@id\":\"https:\\\/\\\/aufildespierres.com\\\/#website\"},\"primaryImageOfPage\":{\"@id\":\"https:\\\/\\\/aufildespierres.com\\\/index.php\\\/product\\\/bracelet-saphir-bleu-et-noir\\\/#primaryimage\"},\"image\":{\"@id\":\"https:\\\/\\\/aufildespierres.com\\\/index.php\\\/product\\\/bracelet-saphir-bleu-et-noir\\\/#primaryimage\"},\"thumbnailUrl\":\"https:\\\/\\\/aufildespierres.com\\\/wp-content\\\/uploads\\\/2024\\\/09\\\/20240903_075122-scaled.jpg\",\"datePublished\":\"2024-09-03T11:00:12+00:00\",\"dateModified\":\"2026-04-14T19:22:59+00:00\",\"description\":\"\\\"Bracelet Saphir bleu et noir \u2013 \u00e9l\u00e9gance et protection, une alliance de pierres pr\u00e9cieuses pour force int\u00e9rieure et s\u00e9r\u00e9nit\u00e9 au quotidien.\\\"\",\"breadcrumb\":{\"@id\":\"https:\\\/\\\/aufildespierres.com\\\/index.php\\\/product\\\/bracelet-saphir-bleu-et-noir\\\/#breadcrumb\"},\"inLanguage\":\"fr-FR\",\"potentialAction\":[{\"@type\":\"ReadAction\",\"target\":[\"https:\\\/\\\/aufildespierres.com\\\/index.php\\\/product\\\/bracelet-saphir-bleu-et-noir\\\/\"]}]},{\"@type\":\"ImageObject\",\"inLanguage\":\"fr-FR\",\"@id\":\"https:\\\/\\\/aufildespierres.com\\\/index.php\\\/product\\\/bracelet-saphir-bleu-et-noir\\\/#primaryimage\",\"url\":\"https:\\\/\\\/aufildespierres.com\\\/wp-content\\\/uploads\\\/2024\\\/09\\\/20240903_075122-scaled.jpg\",\"contentUrl\":\"https:\\\/\\\/aufildespierres.com\\\/wp-content\\\/uploads\\\/2024\\\/09\\\/20240903_075122-scaled.jpg\",\"width\":2316,\"height\":2560},{\"@type\":\"BreadcrumbList\",\"@id\":\"https:\\\/\\\/aufildespierres.com\\\/index.php\\\/product\\\/bracelet-saphir-bleu-et-noir\\\/#breadcrumb\",\"itemListElement\":[{\"@type\":\"ListItem\",\"position\":1,\"name\":\"Accueil\",\"item\":\"https:\\\/\\\/aufildespierres.com\\\/\"},{\"@type\":\"ListItem\",\"position\":2,\"name\":\"Boutique de Lithoth\u00e9rapie\",\"item\":\"https:\\\/\\\/aufildespierres.com\\\/index.php\\\/boutique-de-lithotherapie\\\/\"},{\"@type\":\"ListItem\",\"position\":3,\"name\":\"Bracelet Saphir bleu et noir\"}]},{\"@type\":\"WebSite\",\"@id\":\"https:\\\/\\\/aufildespierres.com\\\/#website\",\"url\":\"https:\\\/\\\/aufildespierres.com\\\/\",\"name\":\"Au fil des pierres\",\"description\":\"Au fil des pierres\",\"publisher\":{\"@id\":\"https:\\\/\\\/aufildespierres.com\\\/#organization\"},\"potentialAction\":[{\"@type\":\"SearchAction\",\"target\":{\"@type\":\"EntryPoint\",\"urlTemplate\":\"https:\\\/\\\/aufildespierres.com\\\/?s={search_term_string}\"},\"query-input\":{\"@type\":\"PropertyValueSpecification\",\"valueRequired\":true,\"valueName\":\"search_term_string\"}}],\"inLanguage\":\"fr-FR\"},{\"@type\":\"Organization\",\"@id\":\"https:\\\/\\\/aufildespierres.com\\\/#organization\",\"name\":\"Au fil des pierres\",\"url\":\"https:\\\/\\\/aufildespierres.com\\\/\",\"logo\":{\"@type\":\"ImageObject\",\"inLanguage\":\"fr-FR\",\"@id\":\"https:\\\/\\\/aufildespierres.com\\\/#\\\/schema\\\/logo\\\/image\\\/\",\"url\":\"https:\\\/\\\/aufildespierres.com\\\/wp-content\\\/uploads\\\/2023\\\/05\\\/cropped-Logo-PNG-Transparent.png\",\"contentUrl\":\"https:\\\/\\\/aufildespierres.com\\\/wp-content\\\/uploads\\\/2023\\\/05\\\/cropped-Logo-PNG-Transparent.png\",\"width\":1776,\"height\":1625,\"caption\":\"Au fil des pierres\"},\"image\":{\"@id\":\"https:\\\/\\\/aufildespierres.com\\\/#\\\/schema\\\/logo\\\/image\\\/\"}}]}<\/script>\n<!-- \/ Yoast SEO plugin. -->","yoast_head_json":{"title":"Bracelet Saphir bleu et noir - Au fil des pierres","description":"\"Bracelet Saphir bleu et noir \u2013 \u00e9l\u00e9gance et protection, une alliance de pierres pr\u00e9cieuses pour force int\u00e9rieure et s\u00e9r\u00e9nit\u00e9 au quotidien.\"","robots":{"index":"index","follow":"follow","max-snippet":"max-snippet:-1","max-image-preview":"max-image-preview:large","max-video-preview":"max-video-preview:-1"},"canonical":"https:\/\/aufildespierres.com\/index.php\/product\/bracelet-saphir-bleu-et-noir\/","og_locale":"fr_FR","og_type":"article","og_title":"Bracelet Saphir bleu et noir - Au fil des pierres","og_description":"\"Bracelet Saphir bleu et noir \u2013 \u00e9l\u00e9gance et protection, une alliance de pierres pr\u00e9cieuses pour force int\u00e9rieure et s\u00e9r\u00e9nit\u00e9 au quotidien.\"","og_url":"https:\/\/aufildespierres.com\/index.php\/product\/bracelet-saphir-bleu-et-noir\/","og_site_name":"Au fil des pierres","article_modified_time":"2026-04-14T19:22:59+00:00","og_image":[{"width":2316,"height":2560,"url":"https:\/\/aufildespierres.com\/wp-content\/uploads\/2024\/09\/20240903_075122-scaled.jpg","type":"image\/jpeg"}],"twitter_card":"summary_large_image","twitter_misc":{"Dur\u00e9e de lecture estim\u00e9e":"3 minutes"},"schema":{"@context":"https:\/\/schema.org","@graph":[{"@type":"WebPage","@id":"https:\/\/aufildespierres.com\/index.php\/product\/bracelet-saphir-bleu-et-noir\/","url":"https:\/\/aufildespierres.com\/index.php\/product\/bracelet-saphir-bleu-et-noir\/","name":"Bracelet Saphir bleu et noir - Au fil des pierres","isPartOf":{"@id":"https:\/\/aufildespierres.com\/#website"},"primaryImageOfPage":{"@id":"https:\/\/aufildespierres.com\/index.php\/product\/bracelet-saphir-bleu-et-noir\/#primaryimage"},"image":{"@id":"https:\/\/aufildespierres.com\/index.php\/product\/bracelet-saphir-bleu-et-noir\/#primaryimage"},"thumbnailUrl":"https:\/\/aufildespierres.com\/wp-content\/uploads\/2024\/09\/20240903_075122-scaled.jpg","datePublished":"2024-09-03T11:00:12+00:00","dateModified":"2026-04-14T19:22:59+00:00","description":"\"Bracelet Saphir bleu et noir \u2013 \u00e9l\u00e9gance et protection, une alliance de pierres pr\u00e9cieuses pour force int\u00e9rieure et s\u00e9r\u00e9nit\u00e9 au quotidien.\"","breadcrumb":{"@id":"https:\/\/aufildespierres.com\/index.php\/product\/bracelet-saphir-bleu-et-noir\/#breadcrumb"},"inLanguage":"fr-FR","potentialAction":[{"@type":"ReadAction","target":["https:\/\/aufildespierres.com\/index.php\/product\/bracelet-saphir-bleu-et-noir\/"]}]},{"@type":"ImageObject","inLanguage":"fr-FR","@id":"https:\/\/aufildespierres.com\/index.php\/product\/bracelet-saphir-bleu-et-noir\/#primaryimage","url":"https:\/\/aufildespierres.com\/wp-content\/uploads\/2024\/09\/20240903_075122-scaled.jpg","contentUrl":"https:\/\/aufildespierres.com\/wp-content\/uploads\/2024\/09\/20240903_075122-scaled.jpg","width":2316,"height":2560},{"@type":"BreadcrumbList","@id":"https:\/\/aufildespierres.com\/index.php\/product\/bracelet-saphir-bleu-et-noir\/#breadcrumb","itemListElement":[{"@type":"ListItem","position":1,"name":"Accueil","item":"https:\/\/aufildespierres.com\/"},{"@type":"ListItem","position":2,"name":"Boutique de Lithoth\u00e9rapie","item":"https:\/\/aufildespierres.com\/index.php\/boutique-de-lithotherapie\/"},{"@type":"ListItem","position":3,"name":"Bracelet Saphir bleu et noir"}]},{"@type":"WebSite","@id":"https:\/\/aufildespierres.com\/#website","url":"https:\/\/aufildespierres.com\/","name":"Au fil des pierres","description":"Au fil des pierres","publisher":{"@id":"https:\/\/aufildespierres.com\/#organization"},"potentialAction":[{"@type":"SearchAction","target":{"@type":"EntryPoint","urlTemplate":"https:\/\/aufildespierres.com\/?s={search_term_string}"},"query-input":{"@type":"PropertyValueSpecification","valueRequired":true,"valueName":"search_term_string"}}],"inLanguage":"fr-FR"},{"@type":"Organization","@id":"https:\/\/aufildespierres.com\/#organization","name":"Au fil des pierres","url":"https:\/\/aufildespierres.com\/","logo":{"@type":"ImageObject","inLanguage":"fr-FR","@id":"https:\/\/aufildespierres.com\/#\/schema\/logo\/image\/","url":"https:\/\/aufildespierres.com\/wp-content\/uploads\/2023\/05\/cropped-Logo-PNG-Transparent.png","contentUrl":"https:\/\/aufildespierres.com\/wp-content\/uploads\/2023\/05\/cropped-Logo-PNG-Transparent.png","width":1776,"height":1625,"caption":"Au fil des pierres"},"image":{"@id":"https:\/\/aufildespierres.com\/#\/schema\/logo\/image\/"}}]}},"_links":{"self":[{"href":"https:\/\/aufildespierres.com\/index.php\/wp-json\/wp\/v2\/product\/2778","targetHints":{"allow":["GET"]}}],"collection":[{"href":"https:\/\/aufildespierres.com\/index.php\/wp-json\/wp\/v2\/product"}],"about":[{"href":"https:\/\/aufildespierres.com\/index.php\/wp-json\/wp\/v2\/types\/product"}],"replies":[{"embeddable":true,"href":"https:\/\/aufildespierres.com\/index.php\/wp-json\/wp\/v2\/comments?post=2778"}],"wp:featuredmedia":[{"embeddable":true,"href":"https:\/\/aufildespierres.com\/index.php\/wp-json\/wp\/v2\/media\/2779"}],"wp:attachment":[{"href":"https:\/\/aufildespierres.com\/index.php\/wp-json\/wp\/v2\/media?parent=2778"}],"wp:term":[{"taxonomy":"product_brand","embeddable":true,"href":"https:\/\/aufildespierres.com\/index.php\/wp-json\/wp\/v2\/product_brand?post=2778"},{"taxonomy":"product_cat","embeddable":true,"href":"https:\/\/aufildespierres.com\/index.php\/wp-json\/wp\/v2\/product_cat?post=2778"},{"taxonomy":"product_tag","embeddable":true,"href":"https:\/\/aufildespierres.com\/index.php\/wp-json\/wp\/v2\/product_tag?post=2778"}],"curies":[{"name":"wp","href":"https:\/\/api.w.org\/{rel}","templated":true}]}}