{"id":2795,"date":"2024-09-07T21:32:05","date_gmt":"2024-09-07T19:32:05","guid":{"rendered":"https:\/\/aufildespierres.com\/?post_type=product&#038;p=2795"},"modified":"2026-04-23T19:46:22","modified_gmt":"2026-04-23T17:46:22","slug":"buste-homme-agate","status":"publish","type":"product","link":"https:\/\/aufildespierres.com\/index.php\/product\/buste-homme-agate\/","title":{"rendered":"Buste homme Agate"},"content":{"rendered":"<div>\n<div class=\"flex h-svh w-screen flex-col\">\n<div class=\"relative z-0 flex min-h-0 w-full flex-1\">\n<div class=\"relative flex min-h-0 w-full flex-1\">\n<div class=\"@container\/main relative flex min-w-0 flex-1 flex-col -translate-y-[calc(env(safe-area-inset-bottom,0px)\/2)] pt-[calc(env(safe-area-inset-bottom,0px)\/2)]\">\n<div class=\"@w-sm\/main:[scrollbar-gutter:var(--stage-scroll-gutter)] touch:[scrollbar-width:none] group\/scroll-root relative flex min-h-0 min-w-0 flex-1 flex-col [scrollbar-gutter:stable] not-print:overflow-x-clip not-print:overflow-y-auto group-data-stream-active\/scroll-root:[overflow-anchor:none] scroll-pt-(--header-height) [--sticky-padding-top:var(--header-height)] [--sticky-padding-bottom:0px] [--scroll-root-safe-area-inset-top:calc(var(--sticky-padding-top)+env(safe-area-inset-top,0px))] [--scroll-root-safe-area-inset-bottom:calc(var(--sticky-padding-bottom)+var(--screen-keyboard-height,0px)+env(safe-area-inset-bottom,0px))] [--scroll-root-safe-area-height:calc(100lvh-var(--scroll-root-safe-area-inset-top)-var(--scroll-root-safe-area-inset-bottom))] has-data-[fixed-header=less-than-xl]:@w-xl\/main:scroll-pt-0 has-data-[fixed-header=less-than-xl]:@w-xl\/main:[--sticky-padding-top:0px] has-data-[fixed-header=less-than-xxl]:@w-2xl\/main:scroll-pt-0 has-data-[fixed-header=less-than-xxl]:@w-2xl\/main:[--sticky-padding-top:0px]\" data-scroll-root=\"\" data-scroll-from-top=\"\"><main id=\"main\" class=\"min-h-0 flex-1\"><\/p>\n<div id=\"thread\" class=\"group\/thread flex flex-col min-h-full\">\n<div class=\"composer-parent flex flex-1 flex-col focus-visible:outline-0\" role=\"presentation\">\n<div class=\"relative basis-auto flex-col -mb-(--composer-overlap-px) pb-(--composer-overlap-px) [--composer-overlap-px:28px] grow flex\">\n<div class=\"flex flex-col text-sm\">\n<section class=\"text-token-text-primary w-full focus:outline-none [--shadow-height:45px] has-data-writing-block:pointer-events-none has-data-writing-block:-mt-(--shadow-height) has-data-writing-block:pt-(--shadow-height) [&amp;:has([data-writing-block])&gt;*]:pointer-events-auto [content-visibility:auto] supports-[content-visibility:auto]:[contain-intrinsic-size:auto_100lvh] R6Vx5W_threadScrollVars scroll-mb-[calc(var(--scroll-root-safe-area-inset-bottom,0px)+var(--thread-response-height))] scroll-mt-[calc(var(--header-height)+min(200px,max(70px,20svh)))]\" dir=\"auto\" data-turn-id=\"request-WEB:f391a6d9-6d7a-4142-be71-baa9cc8afa6a-3\" data-testid=\"conversation-turn-8\" data-scroll-anchor=\"false\" data-turn=\"assistant\">\n<div class=\"text-base my-auto mx-auto pb-10 [--thread-content-margin:var(--thread-content-margin-xs,calc(var(--spacing)*4))] @w-sm\/main:[--thread-content-margin:var(--thread-content-margin-sm,calc(var(--spacing)*6))] @w-lg\/main:[--thread-content-margin:var(--thread-content-margin-lg,calc(var(--spacing)*16))] px-(--thread-content-margin)\">\n<div class=\"[--thread-content-max-width:40rem] @w-lg\/main:[--thread-content-max-width:48rem] mx-auto max-w-(--thread-content-max-width) flex-1 group\/turn-messages focus-visible:outline-hidden relative flex w-full min-w-0 flex-col agent-turn\">\n<div class=\"flex max-w-full flex-col gap-4 grow\">\n<div class=\"min-h-8 text-message relative flex w-full flex-col items-end gap-2 text-start break-words whitespace-normal outline-none keyboard-focused:focus-ring [.text-message+&amp;]:mt-1\" dir=\"auto\" tabindex=\"0\" data-message-author-role=\"assistant\" data-message-id=\"9ac48034-8b60-46ae-992f-7fc20be31033\" data-message-model-slug=\"gpt-5-3\" data-turn-start-message=\"true\">\n<div class=\"flex w-full flex-col gap-1 empty:hidden\">\n<div class=\"markdown prose dark:prose-invert w-full wrap-break-word light markdown-new-styling\">\n<p data-start=\"89\" data-end=\"127\"><strong data-start=\"89\" data-end=\"127\">Buste Homme Agate \u2013 5,5 cm de haut<\/strong><\/p>\n<p data-start=\"129\" data-end=\"490\">Le Buste Homme Agate est une pi\u00e8ce \u00e0 forte symbolique, qui allie ancrage et \u00e9quilibre int\u00e9rieur. Sa forme humaine renforce la connexion entre le corps et l\u2019esprit ; ainsi, elle en fait un support id\u00e9al pour un travail \u00e9nerg\u00e9tique profond. D\u00e8s lors, si cette pierre vous attire, cela traduit souvent un besoin de stabilit\u00e9 \u00e9motionnelle et de s\u00e9curit\u00e9 int\u00e9rieure.<\/p>\n<p data-start=\"492\" data-end=\"845\">L\u2019agate appartient \u00e0 la famille des calc\u00e9doines, form\u00e9es dans des environnements volcaniques ou s\u00e9dimentaires. Gr\u00e2ce \u00e0 ce processus de formation lent, elle d\u00e9veloppe une \u00e9nergie douce mais structurante, id\u00e9ale pour apaiser et stabiliser les \u00e9motions. De plus, elle agit comme un v\u00e9ritable r\u00e9gulateur \u00e9nerg\u00e9tique en harmonisant les polarit\u00e9s yin et yang.<\/p>\n<p data-start=\"847\" data-end=\"1282\">Sur le plan psychologique, l\u2019agate agit comme une pierre d\u2019ancrage puissante. Elle apporte un \u00e9quilibre \u00e0 la fois \u00e9motionnel, physique et intellectuel. En effet, elle favorise la lib\u00e9ration des blocages \u00e9nerg\u00e9tiques tout en diminuant le stress. Par ailleurs, elle calme les angoisses profondes et dissipe les ins\u00e9curit\u00e9s int\u00e9rieures. Elle neutralise \u00e9galement les \u00e9nergies n\u00e9gatives, qu\u2019elles soient environnementales ou \u00e9motionnelles.<\/p>\n<p data-start=\"1284\" data-end=\"1742\">Ensuite, cette pierre aide \u00e0 apaiser certains comportements comme la possessivit\u00e9, l\u2019\u00e9go\u00efsme ou le besoin excessif de reconnaissance. En parall\u00e8le, elle renforce la confiance en soi, d\u00e9veloppe la clairvoyance et am\u00e9liore la concentration. Ainsi, elle harmonise le corps et l\u2019esprit tout en aidant \u00e0 s\u2019accepter pleinement. Enfin, elle stimule les capacit\u00e9s d\u2019analyse, \u00e9l\u00e8ve le niveau de conscience et favorise une meilleure compr\u00e9hension de l\u2019unit\u00e9 de la vie.<\/p>\n<p data-start=\"1744\" data-end=\"2236\">Sur le plan physique, l\u2019agate favorise un sommeil profond et r\u00e9parateur. De plus, elle soutient le syst\u00e8me respiratoire et tonifie la circulation sanguine ainsi que l\u2019\u00e9nergie sexuelle. Elle agit \u00e9galement sur les probl\u00e8mes de peau. Par cons\u00e9quent, elle aide \u00e0 diminuer les maux de t\u00eate, les douleurs dorsales et les crampes. Elle r\u00e9duit aussi les inflammations de la vessie et du syst\u00e8me digestif. Enfin, elle apaise les irritations comme les d\u00e9mangeaisons, les piq\u00fbres ou les conjonctivites.<\/p>\n<p data-start=\"2238\" data-end=\"2426\">L\u2019agate stabilise l\u2019aura et renforce l\u2019\u00e9nergie du corps physique. C\u2019est pourquoi elle est particuli\u00e8rement recommand\u00e9e aux personnes \u00e9motionnellement instables ainsi qu\u2019aux enfants agit\u00e9s.<\/p>\n<p data-start=\"2428\" data-end=\"2788\" data-is-last-node=\"\" data-is-only-node=\"\"><strong data-start=\"2428\" data-end=\"2469\">Comment l\u2019utiliser en lithoth\u00e9rapie :<\/strong><br data-start=\"2469\" data-end=\"2472\" \/>Portez votre Buste Homme Agate sur vous ou placez-le dans votre environnement proche. Ensuite, prenez quelques instants pour vous recentrer et poser une intention claire. Enfin, utilisez-le quotidiennement afin d\u2019ancrer durablement ses bienfaits, car la r\u00e9gularit\u00e9 est essentielle dans tout travail en lithoth\u00e9rapie.<\/p>\n<\/div>\n<\/div>\n<\/div>\n<\/div>\n<div class=\"z-0 flex min-h-[46px] justify-start\"><\/div>\n<div class=\"mt-3 w-full empty:hidden\">\n<div class=\"text-center\"><\/div>\n<\/div>\n<\/div>\n<\/div>\n<\/section>\n<div class=\"pointer-events-none -mt-px h-px translate-y-[calc(var(--scroll-root-safe-area-inset-bottom)-14*var(--spacing))]\" aria-hidden=\"true\"><\/div>\n<div class=\"pointer-events-none translate-y-(--scroll-root-safe-area-inset-bottom) R6Vx5W_threadScrollVars min-h-(--gutter-remaining-height,0px) group-data-stream-active\/scroll-root:h-[calc(var(--thread-response-height)-16*var(--spacing))]\"><\/div>\n<\/div>\n<\/div>\n<div id=\"thread-bottom-container\" class=\"sticky bottom-0 z-10 group\/thread-bottom-container relative isolate w-full basis-auto has-data-has-thread-error:pt-2 has-data-has-thread-error:[box-shadow:var(--sharp-edge-bottom-shadow)] md:border-transparent md:pt-0 dark:border-white\/20 md:dark:border-transparent print:hidden content-fade single-line flex flex-col\">\n<div class=\"relative mx-auto h-0\">\n<div class=\"flex h-0 items-end justify-center motion-safe:transition-all motion-safe:delay-300 motion-safe:duration-300 group-[:not([data-scroll-from-end])]\/scroll-root:scale-50 group-[:not([data-scroll-from-end])]\/scroll-root:translate-y-2 group-[:not([data-scroll-from-end])]\/scroll-root:opacity-0 group-[:not([data-scroll-from-end])]\/scroll-root:pointer-events-none group-[:not([data-scroll-from-end])]\/scroll-root:duration-100 group-[:not([data-scroll-from-end])]\/scroll-root:delay-0 absolute start-1\/2 z-10 -translate-x-1\/2 bottom-[calc(100%+6*var(--spacing)+var(--thread-scroll-to-bottom-banner-offset,0px))]\"><\/div>\n<\/div>\n<div id=\"thread-bottom\">\n<div class=\"text-base mx-auto [--thread-content-margin:var(--thread-content-margin-xs,calc(var(--spacing)*4))] @w-sm\/main:[--thread-content-margin:var(--thread-content-margin-sm,calc(var(--spacing)*6))] @w-lg\/main:[--thread-content-margin:var(--thread-content-margin-lg,calc(var(--spacing)*16))] px-(--thread-content-margin)\">\n<div class=\"[--thread-content-max-width:40rem] @w-lg\/main:[--thread-content-max-width:48rem] mx-auto max-w-(--thread-content-max-width) flex-1 mb-[var(--thread-component-gap,1rem)]\">\n<div class=\"flex justify-center empty:hidden\"><\/div>\n<div class=\"pointer-events-auto relative z-1 flex h-(--composer-container-height,100%) max-w-full flex-(--composer-container-flex,1) flex-col\">\n<div class=\"absolute start-0 end-0 bottom-full z-20\"><\/div>\n<\/div>\n<\/div>\n<\/div>\n<\/div>\n<\/div>\n<\/div>\n<\/div>\n<p><\/main><\/div>\n<\/div>\n<\/div>\n<\/div>\n<div><\/div>\n<\/div>\n<\/div>\n<p>&nbsp;<\/p>\n<p><dialog class=\"group\/dialog @container inset-0 min-h-full min-w-full items-center justify-center overflow-auto overscroll-y-contain bg-[rgba(0,0,0,0.5)] whitespace-normal backdrop-blur-[1px]\"><\/dialog><\/p>\n<p>&nbsp;<\/p>\n<p>&nbsp;<\/p>\n","protected":false},"excerpt":{"rendered":"<p>Buste Homme Agate \u2013 5,5 cm de haut Le Buste Homme Agate est une pi\u00e8ce \u00e0 forte symbolique, qui allie ancrage et \u00e9quilibre int\u00e9rieur. Sa forme humaine renforce la connexion entre le corps et l\u2019esprit ; ainsi, elle en fait un support id\u00e9al pour un travail \u00e9nerg\u00e9tique profond. D\u00e8s lors, si cette pierre vous attire, [&hellip;]<\/p>\n","protected":false},"featured_media":2796,"comment_status":"open","ping_status":"closed","template":"","meta":{"site-sidebar-layout":"default","site-content-layout":"","ast-site-content-layout":"default","site-content-style":"default","site-sidebar-style":"default","ast-global-header-display":"","ast-banner-title-visibility":"","ast-main-header-display":"","ast-hfb-above-header-display":"","ast-hfb-below-header-display":"","ast-hfb-mobile-header-display":"","site-post-title":"","ast-breadcrumbs-content":"","ast-featured-img":"","footer-sml-layout":"","ast-disable-related-posts":"","theme-transparent-header-meta":"default","adv-header-id-meta":"","stick-header-meta":"","header-above-stick-meta":"","header-main-stick-meta":"","header-below-stick-meta":"","astra-migrate-meta-layouts":"set","ast-page-background-enabled":"default","ast-page-background-meta":{"desktop":{"background-color":"var(--ast-global-color-4)","background-image":"","background-repeat":"repeat","background-position":"center center","background-size":"auto","background-attachment":"scroll","background-type":"","background-media":"","overlay-type":"","overlay-color":"","overlay-opacity":"","overlay-gradient":""},"tablet":{"background-color":"","background-image":"","background-repeat":"repeat","background-position":"center center","background-size":"auto","background-attachment":"scroll","background-type":"","background-media":"","overlay-type":"","overlay-color":"","overlay-opacity":"","overlay-gradient":""},"mobile":{"background-color":"","background-image":"","background-repeat":"repeat","background-position":"center center","background-size":"auto","background-attachment":"scroll","background-type":"","background-media":"","overlay-type":"","overlay-color":"","overlay-opacity":"","overlay-gradient":""}},"ast-content-background-meta":{"desktop":{"background-color":"var(--ast-global-color-5)","background-image":"","background-repeat":"repeat","background-position":"center center","background-size":"auto","background-attachment":"scroll","background-type":"","background-media":"","overlay-type":"","overlay-color":"","overlay-opacity":"","overlay-gradient":""},"tablet":{"background-color":"var(--ast-global-color-5)","background-image":"","background-repeat":"repeat","background-position":"center center","background-size":"auto","background-attachment":"scroll","background-type":"","background-media":"","overlay-type":"","overlay-color":"","overlay-opacity":"","overlay-gradient":""},"mobile":{"background-color":"var(--ast-global-color-5)","background-image":"","background-repeat":"repeat","background-position":"center center","background-size":"auto","background-attachment":"scroll","background-type":"","background-media":"","overlay-type":"","overlay-color":"","overlay-opacity":"","overlay-gradient":""}},"_glsr_average":0,"_glsr_ranking":0,"_glsr_reviews":0},"product_brand":[],"product_cat":[141,66,200],"product_tag":[],"class_list":{"0":"post-2795","1":"product","2":"type-product","3":"status-publish","4":"has-post-thumbnail","6":"product_cat-agate","7":"product_cat-noir","8":"product_cat-sculptees","9":"desktop-align-left","10":"tablet-align-left","11":"mobile-align-left","13":"first","14":"instock","15":"purchasable","16":"product-type-simple"},"yoast_head":"<!-- This site is optimized with the Yoast SEO plugin v27.5 - https:\/\/yoast.com\/product\/yoast-seo-wordpress\/ -->\n<title>Buste homme Agate - Au fil des pierres<\/title>\n<meta name=\"description\" content=\"Buste Homme Agate 5,5 cm : pierre d\u2019ancrage et d\u2019\u00e9quilibre \u00e9motionnel. Apaise le stress, renforce la confiance en soi et stabilise les \u00e9nergies du corps.\" \/>\n<meta name=\"robots\" content=\"index, follow, max-snippet:-1, max-image-preview:large, max-video-preview:-1\" \/>\n<link rel=\"canonical\" href=\"https:\/\/aufildespierres.com\/index.php\/product\/buste-homme-agate\/\" \/>\n<meta property=\"og:locale\" content=\"fr_FR\" \/>\n<meta property=\"og:type\" content=\"article\" \/>\n<meta property=\"og:title\" content=\"Buste homme Agate - Au fil des pierres\" \/>\n<meta property=\"og:description\" content=\"Buste Homme Agate 5,5 cm : pierre d\u2019ancrage et d\u2019\u00e9quilibre \u00e9motionnel. Apaise le stress, renforce la confiance en soi et stabilise les \u00e9nergies du corps.\" \/>\n<meta property=\"og:url\" content=\"https:\/\/aufildespierres.com\/index.php\/product\/buste-homme-agate\/\" \/>\n<meta property=\"og:site_name\" content=\"Au fil des pierres\" \/>\n<meta property=\"article:modified_time\" content=\"2026-04-23T17:46:22+00:00\" \/>\n<meta property=\"og:image\" content=\"https:\/\/aufildespierres.com\/wp-content\/uploads\/2024\/09\/20240906_082907-scaled.jpg\" \/>\n\t<meta property=\"og:image:width\" content=\"1920\" \/>\n\t<meta property=\"og:image:height\" content=\"2560\" \/>\n\t<meta property=\"og:image:type\" content=\"image\/jpeg\" \/>\n<meta name=\"twitter:card\" content=\"summary_large_image\" \/>\n<meta name=\"twitter:label1\" content=\"Dur\u00e9e de lecture estim\u00e9e\" \/>\n\t<meta name=\"twitter:data1\" content=\"3 minutes\" \/>\n<script type=\"application\/ld+json\" class=\"yoast-schema-graph\">{\"@context\":\"https:\\\/\\\/schema.org\",\"@graph\":[{\"@type\":\"WebPage\",\"@id\":\"https:\\\/\\\/aufildespierres.com\\\/index.php\\\/product\\\/buste-homme-agate\\\/\",\"url\":\"https:\\\/\\\/aufildespierres.com\\\/index.php\\\/product\\\/buste-homme-agate\\\/\",\"name\":\"Buste homme Agate - Au fil des pierres\",\"isPartOf\":{\"@id\":\"https:\\\/\\\/aufildespierres.com\\\/#website\"},\"primaryImageOfPage\":{\"@id\":\"https:\\\/\\\/aufildespierres.com\\\/index.php\\\/product\\\/buste-homme-agate\\\/#primaryimage\"},\"image\":{\"@id\":\"https:\\\/\\\/aufildespierres.com\\\/index.php\\\/product\\\/buste-homme-agate\\\/#primaryimage\"},\"thumbnailUrl\":\"https:\\\/\\\/aufildespierres.com\\\/wp-content\\\/uploads\\\/2024\\\/09\\\/20240906_082907-scaled.jpg\",\"datePublished\":\"2024-09-07T19:32:05+00:00\",\"dateModified\":\"2026-04-23T17:46:22+00:00\",\"description\":\"Buste Homme Agate 5,5 cm : pierre d\u2019ancrage et d\u2019\u00e9quilibre \u00e9motionnel. Apaise le stress, renforce la confiance en soi et stabilise les \u00e9nergies du corps.\",\"breadcrumb\":{\"@id\":\"https:\\\/\\\/aufildespierres.com\\\/index.php\\\/product\\\/buste-homme-agate\\\/#breadcrumb\"},\"inLanguage\":\"fr-FR\",\"potentialAction\":[{\"@type\":\"ReadAction\",\"target\":[\"https:\\\/\\\/aufildespierres.com\\\/index.php\\\/product\\\/buste-homme-agate\\\/\"]}]},{\"@type\":\"ImageObject\",\"inLanguage\":\"fr-FR\",\"@id\":\"https:\\\/\\\/aufildespierres.com\\\/index.php\\\/product\\\/buste-homme-agate\\\/#primaryimage\",\"url\":\"https:\\\/\\\/aufildespierres.com\\\/wp-content\\\/uploads\\\/2024\\\/09\\\/20240906_082907-scaled.jpg\",\"contentUrl\":\"https:\\\/\\\/aufildespierres.com\\\/wp-content\\\/uploads\\\/2024\\\/09\\\/20240906_082907-scaled.jpg\",\"width\":1920,\"height\":2560},{\"@type\":\"BreadcrumbList\",\"@id\":\"https:\\\/\\\/aufildespierres.com\\\/index.php\\\/product\\\/buste-homme-agate\\\/#breadcrumb\",\"itemListElement\":[{\"@type\":\"ListItem\",\"position\":1,\"name\":\"Accueil\",\"item\":\"https:\\\/\\\/aufildespierres.com\\\/\"},{\"@type\":\"ListItem\",\"position\":2,\"name\":\"Boutique de Lithoth\u00e9rapie\",\"item\":\"https:\\\/\\\/aufildespierres.com\\\/index.php\\\/boutique-de-lithotherapie\\\/\"},{\"@type\":\"ListItem\",\"position\":3,\"name\":\"Buste homme Agate\"}]},{\"@type\":\"WebSite\",\"@id\":\"https:\\\/\\\/aufildespierres.com\\\/#website\",\"url\":\"https:\\\/\\\/aufildespierres.com\\\/\",\"name\":\"Au fil des pierres\",\"description\":\"Au fil des pierres\",\"publisher\":{\"@id\":\"https:\\\/\\\/aufildespierres.com\\\/#organization\"},\"potentialAction\":[{\"@type\":\"SearchAction\",\"target\":{\"@type\":\"EntryPoint\",\"urlTemplate\":\"https:\\\/\\\/aufildespierres.com\\\/?s={search_term_string}\"},\"query-input\":{\"@type\":\"PropertyValueSpecification\",\"valueRequired\":true,\"valueName\":\"search_term_string\"}}],\"inLanguage\":\"fr-FR\"},{\"@type\":\"Organization\",\"@id\":\"https:\\\/\\\/aufildespierres.com\\\/#organization\",\"name\":\"Au fil des pierres\",\"url\":\"https:\\\/\\\/aufildespierres.com\\\/\",\"logo\":{\"@type\":\"ImageObject\",\"inLanguage\":\"fr-FR\",\"@id\":\"https:\\\/\\\/aufildespierres.com\\\/#\\\/schema\\\/logo\\\/image\\\/\",\"url\":\"https:\\\/\\\/aufildespierres.com\\\/wp-content\\\/uploads\\\/2023\\\/05\\\/cropped-Logo-PNG-Transparent.png\",\"contentUrl\":\"https:\\\/\\\/aufildespierres.com\\\/wp-content\\\/uploads\\\/2023\\\/05\\\/cropped-Logo-PNG-Transparent.png\",\"width\":1776,\"height\":1625,\"caption\":\"Au fil des pierres\"},\"image\":{\"@id\":\"https:\\\/\\\/aufildespierres.com\\\/#\\\/schema\\\/logo\\\/image\\\/\"}}]}<\/script>\n<!-- \/ Yoast SEO plugin. -->","yoast_head_json":{"title":"Buste homme Agate - Au fil des pierres","description":"Buste Homme Agate 5,5 cm : pierre d\u2019ancrage et d\u2019\u00e9quilibre \u00e9motionnel. Apaise le stress, renforce la confiance en soi et stabilise les \u00e9nergies du corps.","robots":{"index":"index","follow":"follow","max-snippet":"max-snippet:-1","max-image-preview":"max-image-preview:large","max-video-preview":"max-video-preview:-1"},"canonical":"https:\/\/aufildespierres.com\/index.php\/product\/buste-homme-agate\/","og_locale":"fr_FR","og_type":"article","og_title":"Buste homme Agate - Au fil des pierres","og_description":"Buste Homme Agate 5,5 cm : pierre d\u2019ancrage et d\u2019\u00e9quilibre \u00e9motionnel. Apaise le stress, renforce la confiance en soi et stabilise les \u00e9nergies du corps.","og_url":"https:\/\/aufildespierres.com\/index.php\/product\/buste-homme-agate\/","og_site_name":"Au fil des pierres","article_modified_time":"2026-04-23T17:46:22+00:00","og_image":[{"width":1920,"height":2560,"url":"https:\/\/aufildespierres.com\/wp-content\/uploads\/2024\/09\/20240906_082907-scaled.jpg","type":"image\/jpeg"}],"twitter_card":"summary_large_image","twitter_misc":{"Dur\u00e9e de lecture estim\u00e9e":"3 minutes"},"schema":{"@context":"https:\/\/schema.org","@graph":[{"@type":"WebPage","@id":"https:\/\/aufildespierres.com\/index.php\/product\/buste-homme-agate\/","url":"https:\/\/aufildespierres.com\/index.php\/product\/buste-homme-agate\/","name":"Buste homme Agate - Au fil des pierres","isPartOf":{"@id":"https:\/\/aufildespierres.com\/#website"},"primaryImageOfPage":{"@id":"https:\/\/aufildespierres.com\/index.php\/product\/buste-homme-agate\/#primaryimage"},"image":{"@id":"https:\/\/aufildespierres.com\/index.php\/product\/buste-homme-agate\/#primaryimage"},"thumbnailUrl":"https:\/\/aufildespierres.com\/wp-content\/uploads\/2024\/09\/20240906_082907-scaled.jpg","datePublished":"2024-09-07T19:32:05+00:00","dateModified":"2026-04-23T17:46:22+00:00","description":"Buste Homme Agate 5,5 cm : pierre d\u2019ancrage et d\u2019\u00e9quilibre \u00e9motionnel. Apaise le stress, renforce la confiance en soi et stabilise les \u00e9nergies du corps.","breadcrumb":{"@id":"https:\/\/aufildespierres.com\/index.php\/product\/buste-homme-agate\/#breadcrumb"},"inLanguage":"fr-FR","potentialAction":[{"@type":"ReadAction","target":["https:\/\/aufildespierres.com\/index.php\/product\/buste-homme-agate\/"]}]},{"@type":"ImageObject","inLanguage":"fr-FR","@id":"https:\/\/aufildespierres.com\/index.php\/product\/buste-homme-agate\/#primaryimage","url":"https:\/\/aufildespierres.com\/wp-content\/uploads\/2024\/09\/20240906_082907-scaled.jpg","contentUrl":"https:\/\/aufildespierres.com\/wp-content\/uploads\/2024\/09\/20240906_082907-scaled.jpg","width":1920,"height":2560},{"@type":"BreadcrumbList","@id":"https:\/\/aufildespierres.com\/index.php\/product\/buste-homme-agate\/#breadcrumb","itemListElement":[{"@type":"ListItem","position":1,"name":"Accueil","item":"https:\/\/aufildespierres.com\/"},{"@type":"ListItem","position":2,"name":"Boutique de Lithoth\u00e9rapie","item":"https:\/\/aufildespierres.com\/index.php\/boutique-de-lithotherapie\/"},{"@type":"ListItem","position":3,"name":"Buste homme Agate"}]},{"@type":"WebSite","@id":"https:\/\/aufildespierres.com\/#website","url":"https:\/\/aufildespierres.com\/","name":"Au fil des pierres","description":"Au fil des pierres","publisher":{"@id":"https:\/\/aufildespierres.com\/#organization"},"potentialAction":[{"@type":"SearchAction","target":{"@type":"EntryPoint","urlTemplate":"https:\/\/aufildespierres.com\/?s={search_term_string}"},"query-input":{"@type":"PropertyValueSpecification","valueRequired":true,"valueName":"search_term_string"}}],"inLanguage":"fr-FR"},{"@type":"Organization","@id":"https:\/\/aufildespierres.com\/#organization","name":"Au fil des pierres","url":"https:\/\/aufildespierres.com\/","logo":{"@type":"ImageObject","inLanguage":"fr-FR","@id":"https:\/\/aufildespierres.com\/#\/schema\/logo\/image\/","url":"https:\/\/aufildespierres.com\/wp-content\/uploads\/2023\/05\/cropped-Logo-PNG-Transparent.png","contentUrl":"https:\/\/aufildespierres.com\/wp-content\/uploads\/2023\/05\/cropped-Logo-PNG-Transparent.png","width":1776,"height":1625,"caption":"Au fil des pierres"},"image":{"@id":"https:\/\/aufildespierres.com\/#\/schema\/logo\/image\/"}}]}},"_links":{"self":[{"href":"https:\/\/aufildespierres.com\/index.php\/wp-json\/wp\/v2\/product\/2795","targetHints":{"allow":["GET"]}}],"collection":[{"href":"https:\/\/aufildespierres.com\/index.php\/wp-json\/wp\/v2\/product"}],"about":[{"href":"https:\/\/aufildespierres.com\/index.php\/wp-json\/wp\/v2\/types\/product"}],"replies":[{"embeddable":true,"href":"https:\/\/aufildespierres.com\/index.php\/wp-json\/wp\/v2\/comments?post=2795"}],"wp:featuredmedia":[{"embeddable":true,"href":"https:\/\/aufildespierres.com\/index.php\/wp-json\/wp\/v2\/media\/2796"}],"wp:attachment":[{"href":"https:\/\/aufildespierres.com\/index.php\/wp-json\/wp\/v2\/media?parent=2795"}],"wp:term":[{"taxonomy":"product_brand","embeddable":true,"href":"https:\/\/aufildespierres.com\/index.php\/wp-json\/wp\/v2\/product_brand?post=2795"},{"taxonomy":"product_cat","embeddable":true,"href":"https:\/\/aufildespierres.com\/index.php\/wp-json\/wp\/v2\/product_cat?post=2795"},{"taxonomy":"product_tag","embeddable":true,"href":"https:\/\/aufildespierres.com\/index.php\/wp-json\/wp\/v2\/product_tag?post=2795"}],"curies":[{"name":"wp","href":"https:\/\/api.w.org\/{rel}","templated":true}]}}