{"id":3119,"date":"2024-12-19T21:20:36","date_gmt":"2024-12-19T20:20:36","guid":{"rendered":"https:\/\/aufildespierres.com\/?post_type=product&#038;p=3119"},"modified":"2026-04-25T21:52:07","modified_gmt":"2026-04-25T19:52:07","slug":"coffret-planetes","status":"publish","type":"product","link":"https:\/\/aufildespierres.com\/index.php\/product\/coffret-planetes\/","title":{"rendered":"Coffret Plan\u00e8tes"},"content":{"rendered":"<div>\n<div class=\"flex h-svh w-screen flex-col\">\n<div class=\"relative z-0 flex min-h-0 w-full flex-1\">\n<div class=\"relative flex min-h-0 w-full flex-1\">\n<div class=\"@container\/main relative flex min-w-0 flex-1 flex-col -translate-y-[calc(env(safe-area-inset-bottom,0px)\/2)] pt-[calc(env(safe-area-inset-bottom,0px)\/2)]\">\n<div class=\"@w-sm\/main:[scrollbar-gutter:var(--stage-scroll-gutter)] touch:[scrollbar-width:none] group\/scroll-root relative flex min-h-0 min-w-0 flex-1 flex-col [scrollbar-gutter:stable] not-print:overflow-x-clip not-print:overflow-y-auto group-data-stream-active\/scroll-root:[overflow-anchor:none] scroll-pt-(--header-height) [--sticky-padding-top:var(--header-height)] [--sticky-padding-bottom:0px] [--scroll-root-safe-area-inset-top:calc(var(--sticky-padding-top)+env(safe-area-inset-top,0px))] [--scroll-root-safe-area-inset-bottom:calc(var(--sticky-padding-bottom)+var(--screen-keyboard-height,0px)+env(safe-area-inset-bottom,0px))] [--scroll-root-safe-area-height:calc(100lvh-var(--scroll-root-safe-area-inset-top)-var(--scroll-root-safe-area-inset-bottom))] has-data-[fixed-header=less-than-xl]:@w-xl\/main:scroll-pt-0 has-data-[fixed-header=less-than-xl]:@w-xl\/main:[--sticky-padding-top:0px] has-data-[fixed-header=less-than-xxl]:@w-2xl\/main:scroll-pt-0 has-data-[fixed-header=less-than-xxl]:@w-2xl\/main:[--sticky-padding-top:0px]\" data-scroll-root=\"\" data-scroll-from-top=\"\">\n<p>&nbsp;<\/p>\n<div id=\"thread\" class=\"group\/thread flex flex-col min-h-full\">\n<div class=\"composer-parent flex flex-1 flex-col focus-visible:outline-0\" role=\"presentation\">\n<div class=\"relative basis-auto flex-col -mb-(--composer-overlap-px) pb-(--composer-overlap-px) [--composer-overlap-px:28px] grow flex\">\n<div class=\"flex flex-col text-sm\">\n<section class=\"text-token-text-primary w-full focus:outline-none [--shadow-height:45px] has-data-writing-block:pointer-events-none has-data-writing-block:-mt-(--shadow-height) has-data-writing-block:pt-(--shadow-height) [&amp;:has([data-writing-block])&gt;*]:pointer-events-auto [content-visibility:auto] supports-[content-visibility:auto]:[contain-intrinsic-size:auto_100lvh] R6Vx5W_threadScrollVars scroll-mb-[calc(var(--scroll-root-safe-area-inset-bottom,0px)+var(--thread-response-height))] scroll-mt-[calc(var(--header-height)+min(200px,max(70px,20svh)))]\" dir=\"auto\" data-turn-id=\"request-WEB:8c91f5d5-3561-42e4-9e43-16c29a085384-6\" data-testid=\"conversation-turn-14\" data-scroll-anchor=\"false\" data-turn=\"assistant\">\n<div class=\"text-base my-auto mx-auto pb-10 [--thread-content-margin:var(--thread-content-margin-xs,calc(var(--spacing)*4))] @w-sm\/main:[--thread-content-margin:var(--thread-content-margin-sm,calc(var(--spacing)*6))] @w-lg\/main:[--thread-content-margin:var(--thread-content-margin-lg,calc(var(--spacing)*16))] px-(--thread-content-margin)\">\n<div class=\"[--thread-content-max-width:40rem] @w-lg\/main:[--thread-content-max-width:48rem] mx-auto max-w-(--thread-content-max-width) flex-1 group\/turn-messages focus-visible:outline-hidden relative flex w-full min-w-0 flex-col agent-turn\">\n<div class=\"flex max-w-full flex-col gap-4 grow\">\n<div class=\"min-h-8 text-message relative flex w-full flex-col items-end gap-2 text-start break-words whitespace-normal outline-none keyboard-focused:focus-ring [.text-message+&amp;]:mt-1\" dir=\"auto\" tabindex=\"0\" data-message-author-role=\"assistant\" data-message-id=\"d9964c4e-4ba2-4125-be64-8aa751e0e409\" data-message-model-slug=\"gpt-5-3\" data-turn-start-message=\"true\">\n<div class=\"flex w-full flex-col gap-1 empty:hidden\">\n<div class=\"markdown prose dark:prose-invert w-full wrap-break-word light markdown-new-styling\">\n<h2 data-section-id=\"ts8am5\" data-start=\"67\" data-end=\"110\">Coffret Plan\u00e8tes en Pierres Naturelles<\/h2>\n<p data-start=\"112\" data-end=\"410\">Le coffret Plan\u00e8tes est un ensemble en bois con\u00e7u pour allier esth\u00e9tique, symbolique et \u00e9nergie des pierres naturelles. Il contient plusieurs sph\u00e8res repr\u00e9sentant les plan\u00e8tes, accompagn\u00e9es d\u2019une notice explicative imprim\u00e9e. Ainsi, ce coffret offre une approche \u00e0 la fois p\u00e9dagogique et d\u00e9corative.<\/p>\n<p data-start=\"412\" data-end=\"677\">Chaque sph\u00e8re est r\u00e9alis\u00e9e en pierre naturelle s\u00e9lectionn\u00e9e avec soin. De plus, chaque min\u00e9ral est associ\u00e9 \u00e0 une plan\u00e8te sp\u00e9cifique selon ses propri\u00e9t\u00e9s \u00e9nerg\u00e9tiques et sa vibration. Ce coffret devient alors un v\u00e9ritable support de compr\u00e9hension et d\u2019harmonisation.<\/p>\n<p data-start=\"679\" data-end=\"969\">Le coffret Plan\u00e8tes comprend diff\u00e9rentes pierres aux origines vari\u00e9es. Le cristal de roche repr\u00e9sente Mercure et favorise la clart\u00e9 mentale. Le jaspe paysage est associ\u00e9 \u00e0 V\u00e9nus et apporte stabilit\u00e9 et ancrage. La sodalite incarne la Terre et soutient la logique ainsi que la communication.<\/p>\n<p data-start=\"971\" data-end=\"1193\">Ensuite, la cornaline est li\u00e9e \u00e0 Mars. Elle stimule l\u2019\u00e9nergie et la motivation. L\u2019am\u00e9thyste repr\u00e9sente Pluton et agit sur l\u2019apaisement du mental. L\u2019agate bleue teint\u00e9e est associ\u00e9e \u00e0 Neptune et favorise le calme int\u00e9rieur.<\/p>\n<p data-start=\"1195\" data-end=\"1453\">Par ailleurs, l\u2019aventurine verte correspond \u00e0 Uranus. Elle soutient l\u2019\u00e9quilibre \u00e9motionnel et l\u2019ouverture. La calcite orange est li\u00e9e \u00e0 Saturne et stimule la vitalit\u00e9. Enfin, l\u2019\u0153il de tigre repr\u00e9sente Jupiter et renforce la confiance ainsi que la protection.<\/p>\n<p data-start=\"1455\" data-end=\"1721\">Gr\u00e2ce \u00e0 cette diversit\u00e9, le coffret permet de travailler sur plusieurs dimensions \u00e9nerg\u00e9tiques. Il aide \u00e0 \u00e9quilibrer les \u00e9motions, structurer les pens\u00e9es et renforcer la concentration. De plus, il favorise une meilleure compr\u00e9hension des \u00e9nergies qui nous entourent.<\/p>\n<p data-start=\"1723\" data-end=\"1959\">Ce coffret s\u2019int\u00e8gre facilement dans un espace de vie ou de travail. Il peut \u00eatre utilis\u00e9 comme objet d\u00e9coratif ou comme support de d\u00e9veloppement personnel. Ainsi, il convient aussi bien aux d\u00e9butants qu\u2019aux passionn\u00e9s de lithoth\u00e9rapie.<\/p>\n<p data-start=\"1961\" data-end=\"2154\" data-is-last-node=\"\" data-is-only-node=\"\">Enfin, une attirance pour ce type de coffret peut r\u00e9v\u00e9ler un besoin de structuration int\u00e9rieure. Elle peut \u00e9galement indiquer une recherche d\u2019harmonie globale entre mental, \u00e9motions et \u00e9nergie.<\/p>\n<\/div>\n<\/div>\n<\/div>\n<\/div>\n<\/div>\n<\/div>\n<\/section>\n<\/div>\n<\/div>\n<div id=\"thread-bottom-container\" class=\"sticky bottom-0 z-10 group\/thread-bottom-container relative isolate w-full basis-auto has-data-has-thread-error:pt-2 has-data-has-thread-error:[box-shadow:var(--sharp-edge-bottom-shadow)] md:border-transparent md:pt-0 dark:border-white\/20 md:dark:border-transparent print:hidden content-fade single-line flex flex-col\">\n<div class=\"-mt-4 text-token-text-secondary relative w-full overflow-hidden text-center text-xs [view-transition-name:var(--vt-disclaimer)] md:px-[60px]\"><\/div>\n<\/div>\n<\/div>\n<\/div>\n<p>&nbsp;<\/p>\n<\/div>\n<\/div>\n<\/div>\n<\/div>\n<div><\/div>\n<\/div>\n<\/div>\n<p>&nbsp;<\/p>\n<p>&nbsp;<\/p>\n<p>&nbsp;<\/p>\n<p><img loading=\"lazy\" decoding=\"async\" class=\"alignnone wp-image-3121\" src=\"https:\/\/aufildespierres.com\/wp-content\/uploads\/2024\/12\/468459986_10231570716005226_1613470572549467886_n-258x300.jpg\" alt=\"\" width=\"382\" height=\"445\" srcset=\"https:\/\/aufildespierres.com\/wp-content\/uploads\/2024\/12\/468459986_10231570716005226_1613470572549467886_n-258x300.jpg 258w, https:\/\/aufildespierres.com\/wp-content\/uploads\/2024\/12\/468459986_10231570716005226_1613470572549467886_n-882x1024.jpg 882w, https:\/\/aufildespierres.com\/wp-content\/uploads\/2024\/12\/468459986_10231570716005226_1613470572549467886_n-768x892.jpg 768w, https:\/\/aufildespierres.com\/wp-content\/uploads\/2024\/12\/468459986_10231570716005226_1613470572549467886_n-1323x1536.jpg 1323w, https:\/\/aufildespierres.com\/wp-content\/uploads\/2024\/12\/468459986_10231570716005226_1613470572549467886_n-1000x1161.jpg 1000w, https:\/\/aufildespierres.com\/wp-content\/uploads\/2024\/12\/468459986_10231570716005226_1613470572549467886_n.jpg 1764w\" sizes=\"auto, (max-width: 382px) 100vw, 382px\" \/><\/p>\n","protected":false},"excerpt":{"rendered":"<p>&nbsp; Coffret Plan\u00e8tes en Pierres Naturelles Le coffret Plan\u00e8tes est un ensemble en bois con\u00e7u pour allier esth\u00e9tique, symbolique et \u00e9nergie des pierres naturelles. Il contient plusieurs sph\u00e8res repr\u00e9sentant les plan\u00e8tes, accompagn\u00e9es d\u2019une notice explicative imprim\u00e9e. Ainsi, ce coffret offre une approche \u00e0 la fois p\u00e9dagogique et d\u00e9corative. Chaque sph\u00e8re est r\u00e9alis\u00e9e en pierre naturelle [&hellip;]<\/p>\n","protected":false},"featured_media":3122,"comment_status":"open","ping_status":"closed","template":"","meta":{"site-sidebar-layout":"default","site-content-layout":"","ast-site-content-layout":"default","site-content-style":"default","site-sidebar-style":"default","ast-global-header-display":"","ast-banner-title-visibility":"","ast-main-header-display":"","ast-hfb-above-header-display":"","ast-hfb-below-header-display":"","ast-hfb-mobile-header-display":"","site-post-title":"","ast-breadcrumbs-content":"","ast-featured-img":"","footer-sml-layout":"","ast-disable-related-posts":"","theme-transparent-header-meta":"default","adv-header-id-meta":"","stick-header-meta":"","header-above-stick-meta":"","header-main-stick-meta":"","header-below-stick-meta":"","astra-migrate-meta-layouts":"set","ast-page-background-enabled":"default","ast-page-background-meta":{"desktop":{"background-color":"var(--ast-global-color-4)","background-image":"","background-repeat":"repeat","background-position":"center center","background-size":"auto","background-attachment":"scroll","background-type":"","background-media":"","overlay-type":"","overlay-color":"","overlay-opacity":"","overlay-gradient":""},"tablet":{"background-color":"","background-image":"","background-repeat":"repeat","background-position":"center center","background-size":"auto","background-attachment":"scroll","background-type":"","background-media":"","overlay-type":"","overlay-color":"","overlay-opacity":"","overlay-gradient":""},"mobile":{"background-color":"","background-image":"","background-repeat":"repeat","background-position":"center center","background-size":"auto","background-attachment":"scroll","background-type":"","background-media":"","overlay-type":"","overlay-color":"","overlay-opacity":"","overlay-gradient":""}},"ast-content-background-meta":{"desktop":{"background-color":"var(--ast-global-color-5)","background-image":"","background-repeat":"repeat","background-position":"center center","background-size":"auto","background-attachment":"scroll","background-type":"","background-media":"","overlay-type":"","overlay-color":"","overlay-opacity":"","overlay-gradient":""},"tablet":{"background-color":"var(--ast-global-color-5)","background-image":"","background-repeat":"repeat","background-position":"center center","background-size":"auto","background-attachment":"scroll","background-type":"","background-media":"","overlay-type":"","overlay-color":"","overlay-opacity":"","overlay-gradient":""},"mobile":{"background-color":"var(--ast-global-color-5)","background-image":"","background-repeat":"repeat","background-position":"center center","background-size":"auto","background-attachment":"scroll","background-type":"","background-media":"","overlay-type":"","overlay-color":"","overlay-opacity":"","overlay-gradient":""}},"_glsr_average":0,"_glsr_ranking":0,"_glsr_reviews":0},"product_brand":[],"product_cat":[33,193,15],"product_tag":[],"class_list":{"0":"post-3119","1":"product","2":"type-product","3":"status-publish","4":"has-post-thumbnail","6":"product_cat-accessoires-de-lithotherapie","7":"product_cat-spheres","8":"product_cat-tout","9":"desktop-align-left","10":"tablet-align-left","11":"mobile-align-left","13":"first","14":"instock","15":"purchasable","16":"product-type-simple"},"yoast_head":"<!-- This site is optimized with the Yoast SEO plugin v27.5 - https:\/\/yoast.com\/product\/yoast-seo-wordpress\/ -->\n<title>Coffret Plan\u00e8tes - Au fil des pierres<\/title>\n<meta name=\"description\" content=\"Coffret en bois avec 9 sph\u00e8res des plan\u00e8tes, id\u00e9al pour la d\u00e9coration et la m\u00e9ditation. Un objet unique inspir\u00e9 du syst\u00e8me solaire.\" \/>\n<meta name=\"robots\" content=\"index, follow, max-snippet:-1, max-image-preview:large, max-video-preview:-1\" \/>\n<link rel=\"canonical\" href=\"https:\/\/aufildespierres.com\/index.php\/product\/coffret-planetes\/\" \/>\n<meta property=\"og:locale\" content=\"fr_FR\" \/>\n<meta property=\"og:type\" content=\"article\" \/>\n<meta property=\"og:title\" content=\"Coffret Plan\u00e8tes - Au fil des pierres\" \/>\n<meta property=\"og:description\" content=\"Coffret en bois avec 9 sph\u00e8res des plan\u00e8tes, id\u00e9al pour la d\u00e9coration et la m\u00e9ditation. Un objet unique inspir\u00e9 du syst\u00e8me solaire.\" \/>\n<meta property=\"og:url\" content=\"https:\/\/aufildespierres.com\/index.php\/product\/coffret-planetes\/\" \/>\n<meta property=\"og:site_name\" content=\"Au fil des pierres\" \/>\n<meta property=\"article:modified_time\" content=\"2026-04-25T19:52:07+00:00\" \/>\n<meta property=\"og:image\" content=\"https:\/\/aufildespierres.com\/wp-content\/uploads\/2024\/12\/20241127_111539-scaled.jpg\" \/>\n\t<meta property=\"og:image:width\" content=\"2560\" \/>\n\t<meta property=\"og:image:height\" content=\"1724\" \/>\n\t<meta property=\"og:image:type\" content=\"image\/jpeg\" \/>\n<meta name=\"twitter:card\" content=\"summary_large_image\" \/>\n<meta name=\"twitter:label1\" content=\"Dur\u00e9e de lecture estim\u00e9e\" \/>\n\t<meta name=\"twitter:data1\" content=\"3 minutes\" \/>\n<script type=\"application\/ld+json\" class=\"yoast-schema-graph\">{\"@context\":\"https:\\\/\\\/schema.org\",\"@graph\":[{\"@type\":\"WebPage\",\"@id\":\"https:\\\/\\\/aufildespierres.com\\\/index.php\\\/product\\\/coffret-planetes\\\/\",\"url\":\"https:\\\/\\\/aufildespierres.com\\\/index.php\\\/product\\\/coffret-planetes\\\/\",\"name\":\"Coffret Plan\u00e8tes - Au fil des pierres\",\"isPartOf\":{\"@id\":\"https:\\\/\\\/aufildespierres.com\\\/#website\"},\"primaryImageOfPage\":{\"@id\":\"https:\\\/\\\/aufildespierres.com\\\/index.php\\\/product\\\/coffret-planetes\\\/#primaryimage\"},\"image\":{\"@id\":\"https:\\\/\\\/aufildespierres.com\\\/index.php\\\/product\\\/coffret-planetes\\\/#primaryimage\"},\"thumbnailUrl\":\"https:\\\/\\\/aufildespierres.com\\\/wp-content\\\/uploads\\\/2024\\\/12\\\/20241127_111539-scaled.jpg\",\"datePublished\":\"2024-12-19T20:20:36+00:00\",\"dateModified\":\"2026-04-25T19:52:07+00:00\",\"description\":\"Coffret en bois avec 9 sph\u00e8res des plan\u00e8tes, id\u00e9al pour la d\u00e9coration et la m\u00e9ditation. Un objet unique inspir\u00e9 du syst\u00e8me solaire.\",\"breadcrumb\":{\"@id\":\"https:\\\/\\\/aufildespierres.com\\\/index.php\\\/product\\\/coffret-planetes\\\/#breadcrumb\"},\"inLanguage\":\"fr-FR\",\"potentialAction\":[{\"@type\":\"ReadAction\",\"target\":[\"https:\\\/\\\/aufildespierres.com\\\/index.php\\\/product\\\/coffret-planetes\\\/\"]}]},{\"@type\":\"ImageObject\",\"inLanguage\":\"fr-FR\",\"@id\":\"https:\\\/\\\/aufildespierres.com\\\/index.php\\\/product\\\/coffret-planetes\\\/#primaryimage\",\"url\":\"https:\\\/\\\/aufildespierres.com\\\/wp-content\\\/uploads\\\/2024\\\/12\\\/20241127_111539-scaled.jpg\",\"contentUrl\":\"https:\\\/\\\/aufildespierres.com\\\/wp-content\\\/uploads\\\/2024\\\/12\\\/20241127_111539-scaled.jpg\",\"width\":2560,\"height\":1724},{\"@type\":\"BreadcrumbList\",\"@id\":\"https:\\\/\\\/aufildespierres.com\\\/index.php\\\/product\\\/coffret-planetes\\\/#breadcrumb\",\"itemListElement\":[{\"@type\":\"ListItem\",\"position\":1,\"name\":\"Accueil\",\"item\":\"https:\\\/\\\/aufildespierres.com\\\/\"},{\"@type\":\"ListItem\",\"position\":2,\"name\":\"Boutique de Lithoth\u00e9rapie\",\"item\":\"https:\\\/\\\/aufildespierres.com\\\/index.php\\\/boutique-de-lithotherapie\\\/\"},{\"@type\":\"ListItem\",\"position\":3,\"name\":\"Coffret Plan\u00e8tes\"}]},{\"@type\":\"WebSite\",\"@id\":\"https:\\\/\\\/aufildespierres.com\\\/#website\",\"url\":\"https:\\\/\\\/aufildespierres.com\\\/\",\"name\":\"Au fil des pierres\",\"description\":\"Au fil des pierres\",\"publisher\":{\"@id\":\"https:\\\/\\\/aufildespierres.com\\\/#organization\"},\"potentialAction\":[{\"@type\":\"SearchAction\",\"target\":{\"@type\":\"EntryPoint\",\"urlTemplate\":\"https:\\\/\\\/aufildespierres.com\\\/?s={search_term_string}\"},\"query-input\":{\"@type\":\"PropertyValueSpecification\",\"valueRequired\":true,\"valueName\":\"search_term_string\"}}],\"inLanguage\":\"fr-FR\"},{\"@type\":\"Organization\",\"@id\":\"https:\\\/\\\/aufildespierres.com\\\/#organization\",\"name\":\"Au fil des pierres\",\"url\":\"https:\\\/\\\/aufildespierres.com\\\/\",\"logo\":{\"@type\":\"ImageObject\",\"inLanguage\":\"fr-FR\",\"@id\":\"https:\\\/\\\/aufildespierres.com\\\/#\\\/schema\\\/logo\\\/image\\\/\",\"url\":\"https:\\\/\\\/aufildespierres.com\\\/wp-content\\\/uploads\\\/2023\\\/05\\\/cropped-Logo-PNG-Transparent.png\",\"contentUrl\":\"https:\\\/\\\/aufildespierres.com\\\/wp-content\\\/uploads\\\/2023\\\/05\\\/cropped-Logo-PNG-Transparent.png\",\"width\":1776,\"height\":1625,\"caption\":\"Au fil des pierres\"},\"image\":{\"@id\":\"https:\\\/\\\/aufildespierres.com\\\/#\\\/schema\\\/logo\\\/image\\\/\"}}]}<\/script>\n<!-- \/ Yoast SEO plugin. -->","yoast_head_json":{"title":"Coffret Plan\u00e8tes - Au fil des pierres","description":"Coffret en bois avec 9 sph\u00e8res des plan\u00e8tes, id\u00e9al pour la d\u00e9coration et la m\u00e9ditation. Un objet unique inspir\u00e9 du syst\u00e8me solaire.","robots":{"index":"index","follow":"follow","max-snippet":"max-snippet:-1","max-image-preview":"max-image-preview:large","max-video-preview":"max-video-preview:-1"},"canonical":"https:\/\/aufildespierres.com\/index.php\/product\/coffret-planetes\/","og_locale":"fr_FR","og_type":"article","og_title":"Coffret Plan\u00e8tes - Au fil des pierres","og_description":"Coffret en bois avec 9 sph\u00e8res des plan\u00e8tes, id\u00e9al pour la d\u00e9coration et la m\u00e9ditation. Un objet unique inspir\u00e9 du syst\u00e8me solaire.","og_url":"https:\/\/aufildespierres.com\/index.php\/product\/coffret-planetes\/","og_site_name":"Au fil des pierres","article_modified_time":"2026-04-25T19:52:07+00:00","og_image":[{"width":2560,"height":1724,"url":"https:\/\/aufildespierres.com\/wp-content\/uploads\/2024\/12\/20241127_111539-scaled.jpg","type":"image\/jpeg"}],"twitter_card":"summary_large_image","twitter_misc":{"Dur\u00e9e de lecture estim\u00e9e":"3 minutes"},"schema":{"@context":"https:\/\/schema.org","@graph":[{"@type":"WebPage","@id":"https:\/\/aufildespierres.com\/index.php\/product\/coffret-planetes\/","url":"https:\/\/aufildespierres.com\/index.php\/product\/coffret-planetes\/","name":"Coffret Plan\u00e8tes - Au fil des pierres","isPartOf":{"@id":"https:\/\/aufildespierres.com\/#website"},"primaryImageOfPage":{"@id":"https:\/\/aufildespierres.com\/index.php\/product\/coffret-planetes\/#primaryimage"},"image":{"@id":"https:\/\/aufildespierres.com\/index.php\/product\/coffret-planetes\/#primaryimage"},"thumbnailUrl":"https:\/\/aufildespierres.com\/wp-content\/uploads\/2024\/12\/20241127_111539-scaled.jpg","datePublished":"2024-12-19T20:20:36+00:00","dateModified":"2026-04-25T19:52:07+00:00","description":"Coffret en bois avec 9 sph\u00e8res des plan\u00e8tes, id\u00e9al pour la d\u00e9coration et la m\u00e9ditation. Un objet unique inspir\u00e9 du syst\u00e8me solaire.","breadcrumb":{"@id":"https:\/\/aufildespierres.com\/index.php\/product\/coffret-planetes\/#breadcrumb"},"inLanguage":"fr-FR","potentialAction":[{"@type":"ReadAction","target":["https:\/\/aufildespierres.com\/index.php\/product\/coffret-planetes\/"]}]},{"@type":"ImageObject","inLanguage":"fr-FR","@id":"https:\/\/aufildespierres.com\/index.php\/product\/coffret-planetes\/#primaryimage","url":"https:\/\/aufildespierres.com\/wp-content\/uploads\/2024\/12\/20241127_111539-scaled.jpg","contentUrl":"https:\/\/aufildespierres.com\/wp-content\/uploads\/2024\/12\/20241127_111539-scaled.jpg","width":2560,"height":1724},{"@type":"BreadcrumbList","@id":"https:\/\/aufildespierres.com\/index.php\/product\/coffret-planetes\/#breadcrumb","itemListElement":[{"@type":"ListItem","position":1,"name":"Accueil","item":"https:\/\/aufildespierres.com\/"},{"@type":"ListItem","position":2,"name":"Boutique de Lithoth\u00e9rapie","item":"https:\/\/aufildespierres.com\/index.php\/boutique-de-lithotherapie\/"},{"@type":"ListItem","position":3,"name":"Coffret Plan\u00e8tes"}]},{"@type":"WebSite","@id":"https:\/\/aufildespierres.com\/#website","url":"https:\/\/aufildespierres.com\/","name":"Au fil des pierres","description":"Au fil des pierres","publisher":{"@id":"https:\/\/aufildespierres.com\/#organization"},"potentialAction":[{"@type":"SearchAction","target":{"@type":"EntryPoint","urlTemplate":"https:\/\/aufildespierres.com\/?s={search_term_string}"},"query-input":{"@type":"PropertyValueSpecification","valueRequired":true,"valueName":"search_term_string"}}],"inLanguage":"fr-FR"},{"@type":"Organization","@id":"https:\/\/aufildespierres.com\/#organization","name":"Au fil des pierres","url":"https:\/\/aufildespierres.com\/","logo":{"@type":"ImageObject","inLanguage":"fr-FR","@id":"https:\/\/aufildespierres.com\/#\/schema\/logo\/image\/","url":"https:\/\/aufildespierres.com\/wp-content\/uploads\/2023\/05\/cropped-Logo-PNG-Transparent.png","contentUrl":"https:\/\/aufildespierres.com\/wp-content\/uploads\/2023\/05\/cropped-Logo-PNG-Transparent.png","width":1776,"height":1625,"caption":"Au fil des pierres"},"image":{"@id":"https:\/\/aufildespierres.com\/#\/schema\/logo\/image\/"}}]}},"_links":{"self":[{"href":"https:\/\/aufildespierres.com\/index.php\/wp-json\/wp\/v2\/product\/3119","targetHints":{"allow":["GET"]}}],"collection":[{"href":"https:\/\/aufildespierres.com\/index.php\/wp-json\/wp\/v2\/product"}],"about":[{"href":"https:\/\/aufildespierres.com\/index.php\/wp-json\/wp\/v2\/types\/product"}],"replies":[{"embeddable":true,"href":"https:\/\/aufildespierres.com\/index.php\/wp-json\/wp\/v2\/comments?post=3119"}],"wp:featuredmedia":[{"embeddable":true,"href":"https:\/\/aufildespierres.com\/index.php\/wp-json\/wp\/v2\/media\/3122"}],"wp:attachment":[{"href":"https:\/\/aufildespierres.com\/index.php\/wp-json\/wp\/v2\/media?parent=3119"}],"wp:term":[{"taxonomy":"product_brand","embeddable":true,"href":"https:\/\/aufildespierres.com\/index.php\/wp-json\/wp\/v2\/product_brand?post=3119"},{"taxonomy":"product_cat","embeddable":true,"href":"https:\/\/aufildespierres.com\/index.php\/wp-json\/wp\/v2\/product_cat?post=3119"},{"taxonomy":"product_tag","embeddable":true,"href":"https:\/\/aufildespierres.com\/index.php\/wp-json\/wp\/v2\/product_tag?post=3119"}],"curies":[{"name":"wp","href":"https:\/\/api.w.org\/{rel}","templated":true}]}}