{"id":3194,"date":"2025-01-19T10:09:57","date_gmt":"2025-01-19T09:09:57","guid":{"rendered":"https:\/\/aufildespierres.com\/?post_type=product&#038;p=3194"},"modified":"2026-04-12T21:51:41","modified_gmt":"2026-04-12T19:51:41","slug":"pendentif-en-rubis","status":"publish","type":"product","link":"https:\/\/aufildespierres.com\/index.php\/product\/pendentif-en-rubis\/","title":{"rendered":"Pendentif en RUBIS"},"content":{"rendered":"<div class=\"html-div xdj266r x11i5rnm xat24cr x1mh8g0r xexx8yu x4uap5 x18d9i69 xkhd6sd\" tabindex=\"-1\">\n<h4 class=\"html-h4 x11i5rnm x1mh8g0r xexx8yu x4uap5 x18d9i69 xkhd6sd x1vvkbs x1heor9g x1qlqyl8 x1pd3egz x1a2a7pz xod5an3 x14vqqas\"><\/h4>\n<\/div>\n<div class=\"html-div xdj266r x11i5rnm xat24cr x1mh8g0r xexx8yu x4uap5 x18d9i69 xkhd6sd\" tabindex=\"-1\">\n<h4 class=\"html-h4 x11i5rnm x1mh8g0r xexx8yu x4uap5 x18d9i69 xkhd6sd x1vvkbs x1heor9g x1qlqyl8 x1pd3egz x1a2a7pz xod5an3 x14vqqas\"><\/h4>\n<\/div>\n<div class=\"html-div xdj266r x11i5rnm xat24cr x1mh8g0r xexx8yu x4uap5 x18d9i69 xkhd6sd\" tabindex=\"-1\">\n<div class=\"html-div xdj266r x11i5rnm x1mh8g0r xexx8yu x4uap5 x18d9i69 xkhd6sd x1e56ztr\">\n<div class=\"relative basis-auto flex-col -mb-(--composer-overlap-px) pb-(--composer-overlap-px) [--composer-overlap-px:28px] grow flex\">\n<div class=\"pointer-events-none h-px w-px absolute bottom-0\" aria-hidden=\"true\" data-edge=\"true\">\n<p data-start=\"0\" data-end=\"253\"><strong data-start=\"13\" data-end=\"35\">Pendentif en rubis<\/strong><\/p>\n<p data-start=\"0\" data-end=\"253\">aux dimensions de\u00a0 sublim\u00e9 par une b\u00e9li\u00e8re dor\u00e9e en acier inoxydable. \u00c0 la fois \u00e9l\u00e9gant et intemporel, ce bijou met en valeur une pierre pr\u00e9cieuse reconnue pour sa beaut\u00e9 intense et ses nombreuses vertus.<\/p>\n<p data-start=\"255\" data-end=\"534\">Le rubis, class\u00e9 parmi les pierres pr\u00e9cieuses, est la pierre de naissance du mois de juillet. De plus, il est souvent associ\u00e9 aux Capricornes. Il agit principalement sur le chakra racine et le chakra du c\u0153ur. Ainsi, il favorise l\u2019ancrage tout en stimulant l\u2019\u00e9nergie \u00e9motionnelle.<\/p>\n<p data-start=\"536\" data-end=\"855\">Ce <strong data-start=\"539\" data-end=\"561\">pendentif en rubis<\/strong> aide \u00e0 concr\u00e9tiser les projets mat\u00e9riels. Il renforce la d\u00e9termination et soutient l\u2019atteinte des objectifs avec force et puissance. Par cons\u00e9quent, il apporte courage et pers\u00e9v\u00e9rance au quotidien. Il d\u00e9veloppe \u00e9galement le sens des responsabilit\u00e9s et encourage \u00e0 rester connect\u00e9 \u00e0 la r\u00e9alit\u00e9.<\/p>\n<p data-start=\"857\" data-end=\"1195\">En outre, cette pierre est id\u00e9ale pour les personnes r\u00eaveuses. Cependant, elle est moins recommand\u00e9e pour les profils tr\u00e8s mat\u00e9rialistes ou sujets \u00e0 la col\u00e8re. Le rubis stimule la passion amoureuse et intensifie les \u00e9motions positives. Il renforce aussi la confiance en soi, tout en favorisant la joie de vivre, la sagesse et la s\u00e9r\u00e9nit\u00e9.<\/p>\n<p data-start=\"1197\" data-end=\"1442\">Par ailleurs, il rassure les personnes anxieuses et aide \u00e0 mieux comprendre ses intuitions. Il ouvre les chakras du bas du corps, ce qui facilite la connexion \u00e0 sa mission de vie. De plus, il favorise des r\u00eaves apais\u00e9s et \u00e9loigne les cauchemars.<\/p>\n<p data-start=\"1444\" data-end=\"1743\" data-is-last-node=\"\" data-is-only-node=\"\">Enfin, sur le plan physique, le rubis soutient le syst\u00e8me cardiovasculaire. Il am\u00e9liore la circulation sanguine et aide \u00e0 pr\u00e9venir les varices. Il contribue aussi \u00e0 r\u00e9chauffer les extr\u00e9mit\u00e9s froides. Il soutient les reins et les surr\u00e9nales, tout en favorisant vitalit\u00e9, sommeil et bien-\u00eatre g\u00e9n\u00e9ral.<\/p>\n<\/div>\n<\/div>\n<div id=\"thread-bottom-container\" class=\"sticky bottom-0 z-10 group\/thread-bottom-container relative isolate w-full basis-auto has-data-has-thread-error:pt-2 has-data-has-thread-error:[box-shadow:var(--sharp-edge-bottom-shadow)] md:border-transparent md:pt-0 dark:border-white\/20 md:dark:border-transparent print:hidden content-fade single-line flex flex-col\">\n<div class=\"relative mx-auto h-0\"><\/div>\n<div id=\"thread-bottom\">\n<div class=\"text-base mx-auto [--thread-content-margin:var(--thread-content-margin-xs,calc(var(--spacing)*4))] @w-sm\/main:[--thread-content-margin:var(--thread-content-margin-sm,calc(var(--spacing)*6))] @w-lg\/main:[--thread-content-margin:var(--thread-content-margin-lg,calc(var(--spacing)*16))] px-(--thread-content-margin)\">\n<div class=\"[--thread-content-max-width:40rem] @w-lg\/main:[--thread-content-max-width:48rem] mx-auto max-w-(--thread-content-max-width) flex-1 mb-[var(--thread-component-gap,1rem)]\">\n<div class=\"flex justify-center empty:hidden\"><\/div>\n<div class=\"pointer-events-auto relative z-1 flex h-(--composer-container-height,100%) max-w-full flex-(--composer-container-flex,1) flex-col\">\n<div class=\"absolute start-0 end-0 bottom-full -z-1\">\n<div class=\"relative h-full w-full\">\n<div class=\"mb-2 flex flex-col gap-3.5 pt-2\">\n<aside class=\"flex w-full items-start gap-4 rounded-3xl border py-4 ps-5 pe-3 text-sm [text-wrap:pretty] lg:mx-auto dark:border-transparent shadow-xxs md:items-center border-token-border-default bg-token-main-surface-primary text-token-text-primary dark:bg-token-main-surface-secondary\">\n<div class=\"flex h-full w-full gap-3 md:items-center\">\n<div class=\"flex grow flex-col md:flex-row md:items-center md:justify-between md:gap-8\">\n<div class=\"flex flex-col\">\n<h3 class=\"text-sm font-bold text-token-text-primary\"><\/h3>\n<\/div>\n<\/div>\n<\/div>\n<\/aside>\n<\/div>\n<\/div>\n<\/div>\n<\/div>\n<\/div>\n<\/div>\n<\/div>\n<\/div>\n<\/div>\n<\/div>\n","protected":false},"excerpt":{"rendered":"<p>Pendentif en rubis aux dimensions de\u00a0 sublim\u00e9 par une b\u00e9li\u00e8re dor\u00e9e en acier inoxydable. \u00c0 la fois \u00e9l\u00e9gant et intemporel, ce bijou met en valeur une pierre pr\u00e9cieuse reconnue pour sa beaut\u00e9 intense et ses nombreuses vertus. Le rubis, class\u00e9 parmi les pierres pr\u00e9cieuses, est la pierre de naissance du mois de juillet. De plus, [&hellip;]<\/p>\n","protected":false},"featured_media":0,"comment_status":"open","ping_status":"closed","template":"","meta":{"site-sidebar-layout":"default","site-content-layout":"","ast-site-content-layout":"default","site-content-style":"default","site-sidebar-style":"default","ast-global-header-display":"","ast-banner-title-visibility":"","ast-main-header-display":"","ast-hfb-above-header-display":"","ast-hfb-below-header-display":"","ast-hfb-mobile-header-display":"","site-post-title":"","ast-breadcrumbs-content":"","ast-featured-img":"","footer-sml-layout":"","ast-disable-related-posts":"","theme-transparent-header-meta":"default","adv-header-id-meta":"","stick-header-meta":"","header-above-stick-meta":"","header-main-stick-meta":"","header-below-stick-meta":"","astra-migrate-meta-layouts":"set","ast-page-background-enabled":"default","ast-page-background-meta":{"desktop":{"background-color":"var(--ast-global-color-4)","background-image":"","background-repeat":"repeat","background-position":"center center","background-size":"auto","background-attachment":"scroll","background-type":"","background-media":"","overlay-type":"","overlay-color":"","overlay-opacity":"","overlay-gradient":""},"tablet":{"background-color":"","background-image":"","background-repeat":"repeat","background-position":"center center","background-size":"auto","background-attachment":"scroll","background-type":"","background-media":"","overlay-type":"","overlay-color":"","overlay-opacity":"","overlay-gradient":""},"mobile":{"background-color":"","background-image":"","background-repeat":"repeat","background-position":"center center","background-size":"auto","background-attachment":"scroll","background-type":"","background-media":"","overlay-type":"","overlay-color":"","overlay-opacity":"","overlay-gradient":""}},"ast-content-background-meta":{"desktop":{"background-color":"var(--ast-global-color-5)","background-image":"","background-repeat":"repeat","background-position":"center center","background-size":"auto","background-attachment":"scroll","background-type":"","background-media":"","overlay-type":"","overlay-color":"","overlay-opacity":"","overlay-gradient":""},"tablet":{"background-color":"var(--ast-global-color-5)","background-image":"","background-repeat":"repeat","background-position":"center center","background-size":"auto","background-attachment":"scroll","background-type":"","background-media":"","overlay-type":"","overlay-color":"","overlay-opacity":"","overlay-gradient":""},"mobile":{"background-color":"var(--ast-global-color-5)","background-image":"","background-repeat":"repeat","background-position":"center center","background-size":"auto","background-attachment":"scroll","background-type":"","background-media":"","overlay-type":"","overlay-color":"","overlay-opacity":"","overlay-gradient":""}},"_glsr_average":0,"_glsr_ranking":0,"_glsr_reviews":0},"product_brand":[],"product_cat":[21,65,110],"product_tag":[],"class_list":{"0":"post-3194","1":"product","2":"type-product","3":"status-publish","5":"product_cat-pendentifs-de-lithotherapie","6":"product_cat-rose","7":"product_cat-rubis","8":"desktop-align-left","9":"tablet-align-left","10":"mobile-align-left","12":"first","13":"outofstock","14":"purchasable","15":"product-type-simple"},"yoast_head":"<!-- This site is optimized with the Yoast SEO plugin v27.4 - https:\/\/yoast.com\/product\/yoast-seo-wordpress\/ -->\n<title>Pendentif en RUBIS - Au fil des pierres<\/title>\n<meta name=\"description\" content=\"D\u00e9couvrez ce superbe pendentif en Rubis, pierre pr\u00e9cieuse de grande qualit\u00e9 qui ouvrira votre coeur \u00e0 la passion et \u00e0 la compassion. Il est mont\u00e9 sur b\u00e9li\u00e8re dor\u00e9e en acier inoxydable pour encore plus de charme.\" \/>\n<meta name=\"robots\" content=\"index, follow, max-snippet:-1, max-image-preview:large, max-video-preview:-1\" \/>\n<link rel=\"canonical\" href=\"https:\/\/aufildespierres.com\/index.php\/product\/pendentif-en-rubis\/\" \/>\n<meta property=\"og:locale\" content=\"fr_FR\" \/>\n<meta property=\"og:type\" content=\"article\" \/>\n<meta property=\"og:title\" content=\"Pendentif en RUBIS - Au fil des pierres\" \/>\n<meta property=\"og:description\" content=\"D\u00e9couvrez ce superbe pendentif en Rubis, pierre pr\u00e9cieuse de grande qualit\u00e9 qui ouvrira votre coeur \u00e0 la passion et \u00e0 la compassion. Il est mont\u00e9 sur b\u00e9li\u00e8re dor\u00e9e en acier inoxydable pour encore plus de charme.\" \/>\n<meta property=\"og:url\" content=\"https:\/\/aufildespierres.com\/index.php\/product\/pendentif-en-rubis\/\" \/>\n<meta property=\"og:site_name\" content=\"Au fil des pierres\" \/>\n<meta property=\"article:modified_time\" content=\"2026-04-12T19:51:41+00:00\" \/>\n<meta name=\"twitter:card\" content=\"summary_large_image\" \/>\n<meta name=\"twitter:label1\" content=\"Dur\u00e9e de lecture estim\u00e9e\" \/>\n\t<meta name=\"twitter:data1\" content=\"2 minutes\" \/>\n<script type=\"application\/ld+json\" class=\"yoast-schema-graph\">{\"@context\":\"https:\\\/\\\/schema.org\",\"@graph\":[{\"@type\":\"WebPage\",\"@id\":\"https:\\\/\\\/aufildespierres.com\\\/index.php\\\/product\\\/pendentif-en-rubis\\\/\",\"url\":\"https:\\\/\\\/aufildespierres.com\\\/index.php\\\/product\\\/pendentif-en-rubis\\\/\",\"name\":\"Pendentif en RUBIS - Au fil des pierres\",\"isPartOf\":{\"@id\":\"https:\\\/\\\/aufildespierres.com\\\/#website\"},\"datePublished\":\"2025-01-19T09:09:57+00:00\",\"dateModified\":\"2026-04-12T19:51:41+00:00\",\"description\":\"D\u00e9couvrez ce superbe pendentif en Rubis, pierre pr\u00e9cieuse de grande qualit\u00e9 qui ouvrira votre coeur \u00e0 la passion et \u00e0 la compassion. Il est mont\u00e9 sur b\u00e9li\u00e8re dor\u00e9e en acier inoxydable pour encore plus de charme.\",\"breadcrumb\":{\"@id\":\"https:\\\/\\\/aufildespierres.com\\\/index.php\\\/product\\\/pendentif-en-rubis\\\/#breadcrumb\"},\"inLanguage\":\"fr-FR\",\"potentialAction\":[{\"@type\":\"ReadAction\",\"target\":[\"https:\\\/\\\/aufildespierres.com\\\/index.php\\\/product\\\/pendentif-en-rubis\\\/\"]}]},{\"@type\":\"BreadcrumbList\",\"@id\":\"https:\\\/\\\/aufildespierres.com\\\/index.php\\\/product\\\/pendentif-en-rubis\\\/#breadcrumb\",\"itemListElement\":[{\"@type\":\"ListItem\",\"position\":1,\"name\":\"Accueil\",\"item\":\"https:\\\/\\\/aufildespierres.com\\\/\"},{\"@type\":\"ListItem\",\"position\":2,\"name\":\"Boutique de Lithoth\u00e9rapie\",\"item\":\"https:\\\/\\\/aufildespierres.com\\\/index.php\\\/boutique-de-lithotherapie\\\/\"},{\"@type\":\"ListItem\",\"position\":3,\"name\":\"Pendentif en RUBIS\"}]},{\"@type\":\"WebSite\",\"@id\":\"https:\\\/\\\/aufildespierres.com\\\/#website\",\"url\":\"https:\\\/\\\/aufildespierres.com\\\/\",\"name\":\"Au fil des pierres\",\"description\":\"Au fil des pierres\",\"publisher\":{\"@id\":\"https:\\\/\\\/aufildespierres.com\\\/#organization\"},\"potentialAction\":[{\"@type\":\"SearchAction\",\"target\":{\"@type\":\"EntryPoint\",\"urlTemplate\":\"https:\\\/\\\/aufildespierres.com\\\/?s={search_term_string}\"},\"query-input\":{\"@type\":\"PropertyValueSpecification\",\"valueRequired\":true,\"valueName\":\"search_term_string\"}}],\"inLanguage\":\"fr-FR\"},{\"@type\":\"Organization\",\"@id\":\"https:\\\/\\\/aufildespierres.com\\\/#organization\",\"name\":\"Au fil des pierres\",\"url\":\"https:\\\/\\\/aufildespierres.com\\\/\",\"logo\":{\"@type\":\"ImageObject\",\"inLanguage\":\"fr-FR\",\"@id\":\"https:\\\/\\\/aufildespierres.com\\\/#\\\/schema\\\/logo\\\/image\\\/\",\"url\":\"https:\\\/\\\/aufildespierres.com\\\/wp-content\\\/uploads\\\/2023\\\/05\\\/cropped-Logo-PNG-Transparent.png\",\"contentUrl\":\"https:\\\/\\\/aufildespierres.com\\\/wp-content\\\/uploads\\\/2023\\\/05\\\/cropped-Logo-PNG-Transparent.png\",\"width\":1776,\"height\":1625,\"caption\":\"Au fil des pierres\"},\"image\":{\"@id\":\"https:\\\/\\\/aufildespierres.com\\\/#\\\/schema\\\/logo\\\/image\\\/\"}}]}<\/script>\n<!-- \/ Yoast SEO plugin. -->","yoast_head_json":{"title":"Pendentif en RUBIS - Au fil des pierres","description":"D\u00e9couvrez ce superbe pendentif en Rubis, pierre pr\u00e9cieuse de grande qualit\u00e9 qui ouvrira votre coeur \u00e0 la passion et \u00e0 la compassion. Il est mont\u00e9 sur b\u00e9li\u00e8re dor\u00e9e en acier inoxydable pour encore plus de charme.","robots":{"index":"index","follow":"follow","max-snippet":"max-snippet:-1","max-image-preview":"max-image-preview:large","max-video-preview":"max-video-preview:-1"},"canonical":"https:\/\/aufildespierres.com\/index.php\/product\/pendentif-en-rubis\/","og_locale":"fr_FR","og_type":"article","og_title":"Pendentif en RUBIS - Au fil des pierres","og_description":"D\u00e9couvrez ce superbe pendentif en Rubis, pierre pr\u00e9cieuse de grande qualit\u00e9 qui ouvrira votre coeur \u00e0 la passion et \u00e0 la compassion. Il est mont\u00e9 sur b\u00e9li\u00e8re dor\u00e9e en acier inoxydable pour encore plus de charme.","og_url":"https:\/\/aufildespierres.com\/index.php\/product\/pendentif-en-rubis\/","og_site_name":"Au fil des pierres","article_modified_time":"2026-04-12T19:51:41+00:00","twitter_card":"summary_large_image","twitter_misc":{"Dur\u00e9e de lecture estim\u00e9e":"2 minutes"},"schema":{"@context":"https:\/\/schema.org","@graph":[{"@type":"WebPage","@id":"https:\/\/aufildespierres.com\/index.php\/product\/pendentif-en-rubis\/","url":"https:\/\/aufildespierres.com\/index.php\/product\/pendentif-en-rubis\/","name":"Pendentif en RUBIS - Au fil des pierres","isPartOf":{"@id":"https:\/\/aufildespierres.com\/#website"},"datePublished":"2025-01-19T09:09:57+00:00","dateModified":"2026-04-12T19:51:41+00:00","description":"D\u00e9couvrez ce superbe pendentif en Rubis, pierre pr\u00e9cieuse de grande qualit\u00e9 qui ouvrira votre coeur \u00e0 la passion et \u00e0 la compassion. Il est mont\u00e9 sur b\u00e9li\u00e8re dor\u00e9e en acier inoxydable pour encore plus de charme.","breadcrumb":{"@id":"https:\/\/aufildespierres.com\/index.php\/product\/pendentif-en-rubis\/#breadcrumb"},"inLanguage":"fr-FR","potentialAction":[{"@type":"ReadAction","target":["https:\/\/aufildespierres.com\/index.php\/product\/pendentif-en-rubis\/"]}]},{"@type":"BreadcrumbList","@id":"https:\/\/aufildespierres.com\/index.php\/product\/pendentif-en-rubis\/#breadcrumb","itemListElement":[{"@type":"ListItem","position":1,"name":"Accueil","item":"https:\/\/aufildespierres.com\/"},{"@type":"ListItem","position":2,"name":"Boutique de Lithoth\u00e9rapie","item":"https:\/\/aufildespierres.com\/index.php\/boutique-de-lithotherapie\/"},{"@type":"ListItem","position":3,"name":"Pendentif en RUBIS"}]},{"@type":"WebSite","@id":"https:\/\/aufildespierres.com\/#website","url":"https:\/\/aufildespierres.com\/","name":"Au fil des pierres","description":"Au fil des pierres","publisher":{"@id":"https:\/\/aufildespierres.com\/#organization"},"potentialAction":[{"@type":"SearchAction","target":{"@type":"EntryPoint","urlTemplate":"https:\/\/aufildespierres.com\/?s={search_term_string}"},"query-input":{"@type":"PropertyValueSpecification","valueRequired":true,"valueName":"search_term_string"}}],"inLanguage":"fr-FR"},{"@type":"Organization","@id":"https:\/\/aufildespierres.com\/#organization","name":"Au fil des pierres","url":"https:\/\/aufildespierres.com\/","logo":{"@type":"ImageObject","inLanguage":"fr-FR","@id":"https:\/\/aufildespierres.com\/#\/schema\/logo\/image\/","url":"https:\/\/aufildespierres.com\/wp-content\/uploads\/2023\/05\/cropped-Logo-PNG-Transparent.png","contentUrl":"https:\/\/aufildespierres.com\/wp-content\/uploads\/2023\/05\/cropped-Logo-PNG-Transparent.png","width":1776,"height":1625,"caption":"Au fil des pierres"},"image":{"@id":"https:\/\/aufildespierres.com\/#\/schema\/logo\/image\/"}}]}},"_links":{"self":[{"href":"https:\/\/aufildespierres.com\/index.php\/wp-json\/wp\/v2\/product\/3194","targetHints":{"allow":["GET"]}}],"collection":[{"href":"https:\/\/aufildespierres.com\/index.php\/wp-json\/wp\/v2\/product"}],"about":[{"href":"https:\/\/aufildespierres.com\/index.php\/wp-json\/wp\/v2\/types\/product"}],"replies":[{"embeddable":true,"href":"https:\/\/aufildespierres.com\/index.php\/wp-json\/wp\/v2\/comments?post=3194"}],"wp:attachment":[{"href":"https:\/\/aufildespierres.com\/index.php\/wp-json\/wp\/v2\/media?parent=3194"}],"wp:term":[{"taxonomy":"product_brand","embeddable":true,"href":"https:\/\/aufildespierres.com\/index.php\/wp-json\/wp\/v2\/product_brand?post=3194"},{"taxonomy":"product_cat","embeddable":true,"href":"https:\/\/aufildespierres.com\/index.php\/wp-json\/wp\/v2\/product_cat?post=3194"},{"taxonomy":"product_tag","embeddable":true,"href":"https:\/\/aufildespierres.com\/index.php\/wp-json\/wp\/v2\/product_tag?post=3194"}],"curies":[{"name":"wp","href":"https:\/\/api.w.org\/{rel}","templated":true}]}}