{"id":3215,"date":"2025-01-27T20:52:17","date_gmt":"2025-01-27T19:52:17","guid":{"rendered":"https:\/\/aufildespierres.com\/?post_type=product&#038;p=3215"},"modified":"2026-04-06T17:56:06","modified_gmt":"2026-04-06T15:56:06","slug":"bracelet-quartz-rose","status":"publish","type":"product","link":"https:\/\/aufildespierres.com\/index.php\/product\/bracelet-quartz-rose\/","title":{"rendered":"Bracelet quartz rose"},"content":{"rendered":"<div class=\"relative z-0 flex min-h-0 w-full flex-1\">\n<div class=\"relative flex min-h-0 w-full flex-1\">\n<div class=\"@container\/main relative flex min-w-0 flex-1 flex-col -translate-y-[calc(env(safe-area-inset-bottom,0px)\/2)] pt-[calc(env(safe-area-inset-bottom,0px)\/2)]\">\n<div class=\"@w-sm\/main:[scrollbar-gutter:var(--stage-scroll-gutter)] touch:[scrollbar-width:none] group\/scroll-root relative flex min-h-0 min-w-0 flex-1 flex-col [scrollbar-gutter:stable] not-print:overflow-x-clip not-print:overflow-y-auto group-data-stream-active\/scroll-root:[overflow-anchor:none] scroll-pt-(--header-height) [--sticky-padding-top:var(--header-height)] [--sticky-padding-bottom:0px] [--scroll-root-safe-area-inset-top:calc(var(--sticky-padding-top)+env(safe-area-inset-top,0px))] [--scroll-root-safe-area-inset-bottom:calc(var(--sticky-padding-bottom)+var(--screen-keyboard-height,0px)+env(safe-area-inset-bottom,0px))] [--scroll-root-safe-area-height:calc(100lvh-var(--scroll-root-safe-area-inset-top)-var(--scroll-root-safe-area-inset-bottom))] has-data-[fixed-header=less-than-xl]:@w-xl\/main:scroll-pt-0 has-data-[fixed-header=less-than-xl]:@w-xl\/main:[--sticky-padding-top:0px] has-data-[fixed-header=less-than-xxl]:@w-2xl\/main:scroll-pt-0 has-data-[fixed-header=less-than-xxl]:@w-2xl\/main:[--sticky-padding-top:0px]\" data-scroll-root=\"\" data-scroll-from-top=\"\"><main id=\"main\" class=\"min-h-0 flex-1\"><\/p>\n<div id=\"thread\" class=\"group\/thread flex flex-col min-h-full\">\n<div class=\"composer-parent flex flex-1 flex-col focus-visible:outline-0\" role=\"presentation\">\n<div class=\"relative basis-auto flex-col -mb-(--composer-overlap-px) pb-(--composer-overlap-px) [--composer-overlap-px:28px] grow flex\">\n<div class=\"flex flex-col text-sm pb-25\">\n<section class=\"text-token-text-primary w-full focus:outline-none [--shadow-height:45px] has-data-writing-block:pointer-events-none has-data-writing-block:-mt-(--shadow-height) has-data-writing-block:pt-(--shadow-height) [&amp;:has([data-writing-block])&gt;*]:pointer-events-auto scroll-mt-(--header-height)\" dir=\"auto\" data-turn-id=\"9ee17ec3-0dc5-47ca-a55f-b8d708862772\" data-testid=\"conversation-turn-17\" data-scroll-anchor=\"false\" data-turn=\"user\"><\/section>\n<section class=\"text-token-text-primary w-full focus:outline-none [--shadow-height:45px] has-data-writing-block:pointer-events-none has-data-writing-block:-mt-(--shadow-height) has-data-writing-block:pt-(--shadow-height) [&amp;:has([data-writing-block])&gt;*]:pointer-events-auto scroll-mt-[calc(var(--header-height)+min(200px,max(70px,20svh)))]\" dir=\"auto\" data-turn-id=\"request-WEB:23f4b436-c9d4-461b-a300-b79ea1bba7c6-8\" data-testid=\"conversation-turn-18\" data-scroll-anchor=\"true\" data-turn=\"assistant\">\n<div class=\"text-base my-auto mx-auto pb-10 [--thread-content-margin:var(--thread-content-margin-xs,calc(var(--spacing)*4))] @w-sm\/main:[--thread-content-margin:var(--thread-content-margin-sm,calc(var(--spacing)*6))] @w-lg\/main:[--thread-content-margin:var(--thread-content-margin-lg,calc(var(--spacing)*16))] px-(--thread-content-margin)\">\n<div class=\"[--thread-content-max-width:40rem] @w-lg\/main:[--thread-content-max-width:48rem] mx-auto max-w-(--thread-content-max-width) flex-1 group\/turn-messages focus-visible:outline-hidden relative flex w-full min-w-0 flex-col agent-turn\">\n<div class=\"flex max-w-full flex-col gap-4 grow\">\n<div class=\"min-h-8 text-message relative flex w-full flex-col items-end gap-2 text-start break-words whitespace-normal outline-none keyboard-focused:focus-ring [.text-message+&amp;]:mt-1\" dir=\"auto\" tabindex=\"0\" data-message-author-role=\"assistant\" data-message-id=\"defe186f-4edb-4b12-86f8-acff8523b3db\" data-message-model-slug=\"gpt-5-3\" data-turn-start-message=\"true\">\n<div class=\"flex w-full flex-col gap-1 empty:hidden\">\n<div class=\"markdown prose dark:prose-invert w-full wrap-break-word light markdown-new-styling\">\n<h1 data-section-id=\"1gyrlza\" data-start=\"0\" data-end=\"67\"><span role=\"text\"><strong data-start=\"2\" data-end=\"67\">Bracelet Quartz Rose : amour, douceur et \u00e9quilibre \u00e9motionnel<\/strong><\/span><\/h1>\n<h2 data-section-id=\"1j27sax\" data-start=\"69\" data-end=\"114\"><span role=\"text\"><strong data-start=\"72\" data-end=\"114\">Un bijou apaisant aux \u00e9nergies d\u2019amour<\/strong><\/span><\/h2>\n<p data-start=\"116\" data-end=\"475\">Le <strong data-start=\"119\" data-end=\"143\">bracelet Quartz rose<\/strong> se compose de perles naturelles de Madagascar en 10 mm, associ\u00e9es \u00e0 des formes rondelles et c\u0153ur pour un rendu \u00e0 la fois \u00e9l\u00e9gant et symbolique. Cette pierre douce, li\u00e9e au chakra du c\u0153ur, diffuse une \u00e9nergie apaisante et bienveillante au quotidien. Elle s\u2019int\u00e8gre parfaitement \u00e0 une d\u00e9marche de bien-\u00eatre \u00e9motionnel et relationnel.<\/p>\n<h2 data-section-id=\"16eeu75\" data-start=\"477\" data-end=\"544\"><span role=\"text\"><strong data-start=\"480\" data-end=\"544\">Les bienfaits du bracelet Quartz rose sur le plan \u00e9motionnel<\/strong><\/span><\/h2>\n<p data-start=\"546\" data-end=\"847\">Le <strong data-start=\"549\" data-end=\"573\">bracelet Quartz rose<\/strong> apporte imm\u00e9diatement douceur, tendresse et calme int\u00e9rieur, car il agit en profondeur sur les \u00e9motions. Il apaise les blessures affectives, qu\u2019elles soient r\u00e9centes ou issues de l\u2019enfance. De plus, il aide \u00e0 d\u00e9velopper l\u2019amour de soi et favorise l\u2019acceptation personnelle.<\/p>\n<p data-start=\"849\" data-end=\"1161\">Ainsi, il renforce la confiance et l\u2019estime de soi tout en s\u00e9curisant les enfants gr\u00e2ce \u00e0 son \u00e9nergie rassurante. Par ailleurs, il encourage le pardon, le respect et l\u2019\u00e9coute, ce qui am\u00e9liore la qualit\u00e9 des relations. Il stimule \u00e9galement la cr\u00e9ativit\u00e9, notamment lorsque l\u2019esprit retrouve s\u00e9r\u00e9nit\u00e9 et \u00e9quilibre.<\/p>\n<h2 data-section-id=\"ukqgl5\" data-start=\"1163\" data-end=\"1217\"><span role=\"text\"><strong data-start=\"1166\" data-end=\"1217\">Une pierre id\u00e9ale pour l\u2019amour et les relations<\/strong><\/span><\/h2>\n<p data-start=\"1219\" data-end=\"1455\">Cette pierre agit puissamment dans le domaine affectif, car elle facilite l\u2019expression des sentiments et ouvre le c\u0153ur \u00e0 l\u2019amour sous toutes ses formes. Elle aide \u00e0 attirer une relation sinc\u00e8re, mais aussi \u00e0 consolider un lien existant.<\/p>\n<p data-start=\"1457\" data-end=\"1719\">En effet, elle accompagne les p\u00e9riodes de s\u00e9paration en apportant r\u00e9confort et espoir. Elle favorise aussi la communication dans le couple et renforce la complicit\u00e9. De plus, elle apaise les tensions \u00e9motionnelles comme la jalousie, la col\u00e8re ou le ressentiment.<\/p>\n<p data-start=\"1721\" data-end=\"1910\">Elle convient parfaitement comme cadeau symbolique, notamment pour un mariage ou une relation importante. Plac\u00e9e dans une chambre, elle cr\u00e9e une atmosph\u00e8re harmonieuse et propice \u00e0 l\u2019amour.<\/p>\n<h2 data-section-id=\"6040t\" data-start=\"1912\" data-end=\"1974\"><span role=\"text\"><strong data-start=\"1915\" data-end=\"1974\">Des bienfaits physiques et \u00e9nerg\u00e9tiques compl\u00e9mentaires<\/strong><\/span><\/h2>\n<p data-start=\"1976\" data-end=\"2188\">Le quartz rose soutient \u00e9galement le corps, car il am\u00e9liore la circulation et aide \u00e0 r\u00e9duire la tension art\u00e9rielle. Il apaise le stress, les angoisses et l\u2019hyperactivit\u00e9, tout en favorisant un sommeil r\u00e9parateur.<\/p>\n<p data-start=\"2190\" data-end=\"2422\" data-is-last-node=\"\" data-is-only-node=\"\">De plus, il prot\u00e8ge le c\u0153ur, les poumons et les voies respiratoires. Il contribue \u00e0 \u00e9liminer les toxines et soutient l\u2019\u00e9quilibre global de l\u2019organisme. Enfin, il aide \u00e0 att\u00e9nuer les maux de t\u00eate et participe \u00e0 un mieux-\u00eatre g\u00e9n\u00e9ral.<\/p>\n<\/div>\n<\/div>\n<\/div>\n<\/div>\n<div class=\"z-0 flex min-h-[46px] justify-start\"><\/div>\n<\/div>\n<\/div>\n<\/section>\n<\/div>\n<div class=\"pointer-events-none h-px w-px absolute bottom-0\" aria-hidden=\"true\" data-edge=\"true\"><\/div>\n<\/div>\n<div id=\"thread-bottom-container\" class=\"sticky bottom-0 z-10 group\/thread-bottom-container relative isolate w-full basis-auto has-data-has-thread-error:pt-2 has-data-has-thread-error:[box-shadow:var(--sharp-edge-bottom-shadow)] md:border-transparent md:pt-0 dark:border-white\/20 md:dark:border-transparent print:hidden content-fade single-line flex flex-col\">\n<div class=\"relative mx-auto h-0\"><\/div>\n<div id=\"thread-bottom\">\n<div class=\"text-base mx-auto [--thread-content-margin:var(--thread-content-margin-xs,calc(var(--spacing)*4))] @w-sm\/main:[--thread-content-margin:var(--thread-content-margin-sm,calc(var(--spacing)*6))] @w-lg\/main:[--thread-content-margin:var(--thread-content-margin-lg,calc(var(--spacing)*16))] px-(--thread-content-margin)\">\n<div class=\"[--thread-content-max-width:40rem] @w-lg\/main:[--thread-content-max-width:48rem] mx-auto max-w-(--thread-content-max-width) flex-1 mb-[var(--thread-component-gap,1rem)]\">\n<div class=\"flex justify-center empty:hidden\"><\/div>\n<\/div>\n<\/div>\n<\/div>\n<\/div>\n<\/div>\n<\/div>\n<p><\/main><\/div>\n<\/div>\n<\/div>\n<\/div>\n","protected":false},"excerpt":{"rendered":"<p>Bracelet Quartz Rose : amour, douceur et \u00e9quilibre \u00e9motionnel Un bijou apaisant aux \u00e9nergies d\u2019amour Le bracelet Quartz rose se compose de perles naturelles de Madagascar en 10 mm, associ\u00e9es \u00e0 des formes rondelles et c\u0153ur pour un rendu \u00e0 la fois \u00e9l\u00e9gant et symbolique. Cette pierre douce, li\u00e9e au chakra du c\u0153ur, diffuse une [&hellip;]<\/p>\n","protected":false},"featured_media":3216,"comment_status":"open","ping_status":"closed","template":"","meta":{"site-sidebar-layout":"default","site-content-layout":"","ast-site-content-layout":"default","site-content-style":"default","site-sidebar-style":"default","ast-global-header-display":"","ast-banner-title-visibility":"","ast-main-header-display":"","ast-hfb-above-header-display":"","ast-hfb-below-header-display":"","ast-hfb-mobile-header-display":"","site-post-title":"","ast-breadcrumbs-content":"","ast-featured-img":"","footer-sml-layout":"","ast-disable-related-posts":"","theme-transparent-header-meta":"default","adv-header-id-meta":"","stick-header-meta":"","header-above-stick-meta":"","header-main-stick-meta":"","header-below-stick-meta":"","astra-migrate-meta-layouts":"set","ast-page-background-enabled":"default","ast-page-background-meta":{"desktop":{"background-color":"var(--ast-global-color-4)","background-image":"","background-repeat":"repeat","background-position":"center center","background-size":"auto","background-attachment":"scroll","background-type":"","background-media":"","overlay-type":"","overlay-color":"","overlay-opacity":"","overlay-gradient":""},"tablet":{"background-color":"","background-image":"","background-repeat":"repeat","background-position":"center center","background-size":"auto","background-attachment":"scroll","background-type":"","background-media":"","overlay-type":"","overlay-color":"","overlay-opacity":"","overlay-gradient":""},"mobile":{"background-color":"","background-image":"","background-repeat":"repeat","background-position":"center center","background-size":"auto","background-attachment":"scroll","background-type":"","background-media":"","overlay-type":"","overlay-color":"","overlay-opacity":"","overlay-gradient":""}},"ast-content-background-meta":{"desktop":{"background-color":"var(--ast-global-color-5)","background-image":"","background-repeat":"repeat","background-position":"center center","background-size":"auto","background-attachment":"scroll","background-type":"","background-media":"","overlay-type":"","overlay-color":"","overlay-opacity":"","overlay-gradient":""},"tablet":{"background-color":"var(--ast-global-color-5)","background-image":"","background-repeat":"repeat","background-position":"center center","background-size":"auto","background-attachment":"scroll","background-type":"","background-media":"","overlay-type":"","overlay-color":"","overlay-opacity":"","overlay-gradient":""},"mobile":{"background-color":"var(--ast-global-color-5)","background-image":"","background-repeat":"repeat","background-position":"center center","background-size":"auto","background-attachment":"scroll","background-type":"","background-media":"","overlay-type":"","overlay-color":"","overlay-opacity":"","overlay-gradient":""}},"_glsr_average":0,"_glsr_ranking":0,"_glsr_reviews":0},"product_brand":[],"product_cat":[55,297,290,270,272,75,65],"product_tag":[],"class_list":{"0":"post-3215","1":"product","2":"type-product","3":"status-publish","4":"has-post-thumbnail","6":"product_cat-10-mm","7":"product_cat-bracelets-de-lithotherapie-bracelets-de-lithotherapie","8":"product_cat-bracelets-de-lithotherapie-femmes","9":"product_cat-douleurs","10":"product_cat-equilibre-emotionnel","11":"product_cat-quartz-rose","12":"product_cat-rose","13":"desktop-align-left","14":"tablet-align-left","15":"mobile-align-left","17":"first","18":"instock","19":"purchasable","20":"product-type-simple"},"yoast_head":"<!-- This site is optimized with the Yoast SEO plugin v27.5 - https:\/\/yoast.com\/product\/yoast-seo-wordpress\/ -->\n<title>Bracelet quartz rose - Au fil des pierres<\/title>\n<meta name=\"description\" content=\"Bracelet Quartz rose de Madagascar en perles 10 mm : pierre d\u2019amour et d\u2019apaisement, id\u00e9ale pour favoriser amour de soi, harmonie \u00e9motionnelle et relations \u00e9quilibr\u00e9es.\" \/>\n<meta name=\"robots\" content=\"index, follow, max-snippet:-1, max-image-preview:large, max-video-preview:-1\" \/>\n<link rel=\"canonical\" href=\"https:\/\/aufildespierres.com\/index.php\/product\/bracelet-quartz-rose\/\" \/>\n<meta property=\"og:locale\" content=\"fr_FR\" \/>\n<meta property=\"og:type\" content=\"article\" \/>\n<meta property=\"og:title\" content=\"Bracelet quartz rose - Au fil des pierres\" \/>\n<meta property=\"og:description\" content=\"Bracelet Quartz rose de Madagascar en perles 10 mm : pierre d\u2019amour et d\u2019apaisement, id\u00e9ale pour favoriser amour de soi, harmonie \u00e9motionnelle et relations \u00e9quilibr\u00e9es.\" \/>\n<meta property=\"og:url\" content=\"https:\/\/aufildespierres.com\/index.php\/product\/bracelet-quartz-rose\/\" \/>\n<meta property=\"og:site_name\" content=\"Au fil des pierres\" \/>\n<meta property=\"article:modified_time\" content=\"2026-04-06T15:56:06+00:00\" \/>\n<meta property=\"og:image\" content=\"https:\/\/aufildespierres.com\/wp-content\/uploads\/2025\/01\/Photoroom-20250124_120107-1-1024x1024.png\" \/>\n\t<meta property=\"og:image:width\" content=\"1024\" \/>\n\t<meta property=\"og:image:height\" content=\"1024\" \/>\n\t<meta property=\"og:image:type\" content=\"image\/png\" \/>\n<meta name=\"twitter:card\" content=\"summary_large_image\" \/>\n<meta name=\"twitter:label1\" content=\"Dur\u00e9e de lecture estim\u00e9e\" \/>\n\t<meta name=\"twitter:data1\" content=\"3 minutes\" \/>\n<script type=\"application\/ld+json\" class=\"yoast-schema-graph\">{\"@context\":\"https:\\\/\\\/schema.org\",\"@graph\":[{\"@type\":\"WebPage\",\"@id\":\"https:\\\/\\\/aufildespierres.com\\\/index.php\\\/product\\\/bracelet-quartz-rose\\\/\",\"url\":\"https:\\\/\\\/aufildespierres.com\\\/index.php\\\/product\\\/bracelet-quartz-rose\\\/\",\"name\":\"Bracelet quartz rose - Au fil des pierres\",\"isPartOf\":{\"@id\":\"https:\\\/\\\/aufildespierres.com\\\/#website\"},\"primaryImageOfPage\":{\"@id\":\"https:\\\/\\\/aufildespierres.com\\\/index.php\\\/product\\\/bracelet-quartz-rose\\\/#primaryimage\"},\"image\":{\"@id\":\"https:\\\/\\\/aufildespierres.com\\\/index.php\\\/product\\\/bracelet-quartz-rose\\\/#primaryimage\"},\"thumbnailUrl\":\"https:\\\/\\\/aufildespierres.com\\\/wp-content\\\/uploads\\\/2025\\\/01\\\/Photoroom-20250124_120107-1.png\",\"datePublished\":\"2025-01-27T19:52:17+00:00\",\"dateModified\":\"2026-04-06T15:56:06+00:00\",\"description\":\"Bracelet Quartz rose de Madagascar en perles 10 mm : pierre d\u2019amour et d\u2019apaisement, id\u00e9ale pour favoriser amour de soi, harmonie \u00e9motionnelle et relations \u00e9quilibr\u00e9es.\",\"breadcrumb\":{\"@id\":\"https:\\\/\\\/aufildespierres.com\\\/index.php\\\/product\\\/bracelet-quartz-rose\\\/#breadcrumb\"},\"inLanguage\":\"fr-FR\",\"potentialAction\":[{\"@type\":\"ReadAction\",\"target\":[\"https:\\\/\\\/aufildespierres.com\\\/index.php\\\/product\\\/bracelet-quartz-rose\\\/\"]}]},{\"@type\":\"ImageObject\",\"inLanguage\":\"fr-FR\",\"@id\":\"https:\\\/\\\/aufildespierres.com\\\/index.php\\\/product\\\/bracelet-quartz-rose\\\/#primaryimage\",\"url\":\"https:\\\/\\\/aufildespierres.com\\\/wp-content\\\/uploads\\\/2025\\\/01\\\/Photoroom-20250124_120107-1.png\",\"contentUrl\":\"https:\\\/\\\/aufildespierres.com\\\/wp-content\\\/uploads\\\/2025\\\/01\\\/Photoroom-20250124_120107-1.png\",\"width\":2048,\"height\":2048},{\"@type\":\"BreadcrumbList\",\"@id\":\"https:\\\/\\\/aufildespierres.com\\\/index.php\\\/product\\\/bracelet-quartz-rose\\\/#breadcrumb\",\"itemListElement\":[{\"@type\":\"ListItem\",\"position\":1,\"name\":\"Accueil\",\"item\":\"https:\\\/\\\/aufildespierres.com\\\/\"},{\"@type\":\"ListItem\",\"position\":2,\"name\":\"Boutique de Lithoth\u00e9rapie\",\"item\":\"https:\\\/\\\/aufildespierres.com\\\/index.php\\\/boutique-de-lithotherapie\\\/\"},{\"@type\":\"ListItem\",\"position\":3,\"name\":\"Bracelet quartz rose\"}]},{\"@type\":\"WebSite\",\"@id\":\"https:\\\/\\\/aufildespierres.com\\\/#website\",\"url\":\"https:\\\/\\\/aufildespierres.com\\\/\",\"name\":\"Au fil des pierres\",\"description\":\"Au fil des pierres\",\"publisher\":{\"@id\":\"https:\\\/\\\/aufildespierres.com\\\/#organization\"},\"potentialAction\":[{\"@type\":\"SearchAction\",\"target\":{\"@type\":\"EntryPoint\",\"urlTemplate\":\"https:\\\/\\\/aufildespierres.com\\\/?s={search_term_string}\"},\"query-input\":{\"@type\":\"PropertyValueSpecification\",\"valueRequired\":true,\"valueName\":\"search_term_string\"}}],\"inLanguage\":\"fr-FR\"},{\"@type\":\"Organization\",\"@id\":\"https:\\\/\\\/aufildespierres.com\\\/#organization\",\"name\":\"Au fil des pierres\",\"url\":\"https:\\\/\\\/aufildespierres.com\\\/\",\"logo\":{\"@type\":\"ImageObject\",\"inLanguage\":\"fr-FR\",\"@id\":\"https:\\\/\\\/aufildespierres.com\\\/#\\\/schema\\\/logo\\\/image\\\/\",\"url\":\"https:\\\/\\\/aufildespierres.com\\\/wp-content\\\/uploads\\\/2023\\\/05\\\/cropped-Logo-PNG-Transparent.png\",\"contentUrl\":\"https:\\\/\\\/aufildespierres.com\\\/wp-content\\\/uploads\\\/2023\\\/05\\\/cropped-Logo-PNG-Transparent.png\",\"width\":1776,\"height\":1625,\"caption\":\"Au fil des pierres\"},\"image\":{\"@id\":\"https:\\\/\\\/aufildespierres.com\\\/#\\\/schema\\\/logo\\\/image\\\/\"}}]}<\/script>\n<!-- \/ Yoast SEO plugin. -->","yoast_head_json":{"title":"Bracelet quartz rose - Au fil des pierres","description":"Bracelet Quartz rose de Madagascar en perles 10 mm : pierre d\u2019amour et d\u2019apaisement, id\u00e9ale pour favoriser amour de soi, harmonie \u00e9motionnelle et relations \u00e9quilibr\u00e9es.","robots":{"index":"index","follow":"follow","max-snippet":"max-snippet:-1","max-image-preview":"max-image-preview:large","max-video-preview":"max-video-preview:-1"},"canonical":"https:\/\/aufildespierres.com\/index.php\/product\/bracelet-quartz-rose\/","og_locale":"fr_FR","og_type":"article","og_title":"Bracelet quartz rose - Au fil des pierres","og_description":"Bracelet Quartz rose de Madagascar en perles 10 mm : pierre d\u2019amour et d\u2019apaisement, id\u00e9ale pour favoriser amour de soi, harmonie \u00e9motionnelle et relations \u00e9quilibr\u00e9es.","og_url":"https:\/\/aufildespierres.com\/index.php\/product\/bracelet-quartz-rose\/","og_site_name":"Au fil des pierres","article_modified_time":"2026-04-06T15:56:06+00:00","og_image":[{"width":1024,"height":1024,"url":"https:\/\/aufildespierres.com\/wp-content\/uploads\/2025\/01\/Photoroom-20250124_120107-1-1024x1024.png","type":"image\/png"}],"twitter_card":"summary_large_image","twitter_misc":{"Dur\u00e9e de lecture estim\u00e9e":"3 minutes"},"schema":{"@context":"https:\/\/schema.org","@graph":[{"@type":"WebPage","@id":"https:\/\/aufildespierres.com\/index.php\/product\/bracelet-quartz-rose\/","url":"https:\/\/aufildespierres.com\/index.php\/product\/bracelet-quartz-rose\/","name":"Bracelet quartz rose - Au fil des pierres","isPartOf":{"@id":"https:\/\/aufildespierres.com\/#website"},"primaryImageOfPage":{"@id":"https:\/\/aufildespierres.com\/index.php\/product\/bracelet-quartz-rose\/#primaryimage"},"image":{"@id":"https:\/\/aufildespierres.com\/index.php\/product\/bracelet-quartz-rose\/#primaryimage"},"thumbnailUrl":"https:\/\/aufildespierres.com\/wp-content\/uploads\/2025\/01\/Photoroom-20250124_120107-1.png","datePublished":"2025-01-27T19:52:17+00:00","dateModified":"2026-04-06T15:56:06+00:00","description":"Bracelet Quartz rose de Madagascar en perles 10 mm : pierre d\u2019amour et d\u2019apaisement, id\u00e9ale pour favoriser amour de soi, harmonie \u00e9motionnelle et relations \u00e9quilibr\u00e9es.","breadcrumb":{"@id":"https:\/\/aufildespierres.com\/index.php\/product\/bracelet-quartz-rose\/#breadcrumb"},"inLanguage":"fr-FR","potentialAction":[{"@type":"ReadAction","target":["https:\/\/aufildespierres.com\/index.php\/product\/bracelet-quartz-rose\/"]}]},{"@type":"ImageObject","inLanguage":"fr-FR","@id":"https:\/\/aufildespierres.com\/index.php\/product\/bracelet-quartz-rose\/#primaryimage","url":"https:\/\/aufildespierres.com\/wp-content\/uploads\/2025\/01\/Photoroom-20250124_120107-1.png","contentUrl":"https:\/\/aufildespierres.com\/wp-content\/uploads\/2025\/01\/Photoroom-20250124_120107-1.png","width":2048,"height":2048},{"@type":"BreadcrumbList","@id":"https:\/\/aufildespierres.com\/index.php\/product\/bracelet-quartz-rose\/#breadcrumb","itemListElement":[{"@type":"ListItem","position":1,"name":"Accueil","item":"https:\/\/aufildespierres.com\/"},{"@type":"ListItem","position":2,"name":"Boutique de Lithoth\u00e9rapie","item":"https:\/\/aufildespierres.com\/index.php\/boutique-de-lithotherapie\/"},{"@type":"ListItem","position":3,"name":"Bracelet quartz rose"}]},{"@type":"WebSite","@id":"https:\/\/aufildespierres.com\/#website","url":"https:\/\/aufildespierres.com\/","name":"Au fil des pierres","description":"Au fil des pierres","publisher":{"@id":"https:\/\/aufildespierres.com\/#organization"},"potentialAction":[{"@type":"SearchAction","target":{"@type":"EntryPoint","urlTemplate":"https:\/\/aufildespierres.com\/?s={search_term_string}"},"query-input":{"@type":"PropertyValueSpecification","valueRequired":true,"valueName":"search_term_string"}}],"inLanguage":"fr-FR"},{"@type":"Organization","@id":"https:\/\/aufildespierres.com\/#organization","name":"Au fil des pierres","url":"https:\/\/aufildespierres.com\/","logo":{"@type":"ImageObject","inLanguage":"fr-FR","@id":"https:\/\/aufildespierres.com\/#\/schema\/logo\/image\/","url":"https:\/\/aufildespierres.com\/wp-content\/uploads\/2023\/05\/cropped-Logo-PNG-Transparent.png","contentUrl":"https:\/\/aufildespierres.com\/wp-content\/uploads\/2023\/05\/cropped-Logo-PNG-Transparent.png","width":1776,"height":1625,"caption":"Au fil des pierres"},"image":{"@id":"https:\/\/aufildespierres.com\/#\/schema\/logo\/image\/"}}]}},"_links":{"self":[{"href":"https:\/\/aufildespierres.com\/index.php\/wp-json\/wp\/v2\/product\/3215","targetHints":{"allow":["GET"]}}],"collection":[{"href":"https:\/\/aufildespierres.com\/index.php\/wp-json\/wp\/v2\/product"}],"about":[{"href":"https:\/\/aufildespierres.com\/index.php\/wp-json\/wp\/v2\/types\/product"}],"replies":[{"embeddable":true,"href":"https:\/\/aufildespierres.com\/index.php\/wp-json\/wp\/v2\/comments?post=3215"}],"wp:featuredmedia":[{"embeddable":true,"href":"https:\/\/aufildespierres.com\/index.php\/wp-json\/wp\/v2\/media\/3216"}],"wp:attachment":[{"href":"https:\/\/aufildespierres.com\/index.php\/wp-json\/wp\/v2\/media?parent=3215"}],"wp:term":[{"taxonomy":"product_brand","embeddable":true,"href":"https:\/\/aufildespierres.com\/index.php\/wp-json\/wp\/v2\/product_brand?post=3215"},{"taxonomy":"product_cat","embeddable":true,"href":"https:\/\/aufildespierres.com\/index.php\/wp-json\/wp\/v2\/product_cat?post=3215"},{"taxonomy":"product_tag","embeddable":true,"href":"https:\/\/aufildespierres.com\/index.php\/wp-json\/wp\/v2\/product_tag?post=3215"}],"curies":[{"name":"wp","href":"https:\/\/api.w.org\/{rel}","templated":true}]}}