{"id":3217,"date":"2025-01-27T20:59:41","date_gmt":"2025-01-27T19:59:41","guid":{"rendered":"https:\/\/aufildespierres.com\/?post_type=product&#038;p=3217"},"modified":"2026-04-14T14:02:32","modified_gmt":"2026-04-14T12:02:32","slug":"bracelet-quartz-rose-et-quartz-fraise-2","status":"publish","type":"product","link":"https:\/\/aufildespierres.com\/index.php\/product\/bracelet-quartz-rose-et-quartz-fraise-2\/","title":{"rendered":"Bracelet Quartz rose et Quartz fraise"},"content":{"rendered":"<p data-start=\"110\" data-end=\"151\">\n<section class=\"text-token-text-primary w-full focus:outline-none [--shadow-height:45px] has-data-writing-block:pointer-events-none has-data-writing-block:-mt-(--shadow-height) has-data-writing-block:pt-(--shadow-height) [&amp;:has([data-writing-block])&gt;*]:pointer-events-auto [content-visibility:auto] supports-[content-visibility:auto]:[contain-intrinsic-size:auto_100lvh] R6Vx5W_threadScrollVars scroll-mb-[calc(var(--scroll-root-safe-area-inset-bottom,0px)+var(--thread-response-height))] scroll-mt-[calc(var(--header-height)+min(200px,max(70px,20svh)))]\" dir=\"auto\" data-turn-id=\"request-WEB:a4427b8c-6112-4bd5-b372-5351f8904bb7-2\" data-testid=\"conversation-turn-6\" data-scroll-anchor=\"false\" data-turn=\"assistant\">\n<div class=\"text-base my-auto mx-auto pb-10 [--thread-content-margin:var(--thread-content-margin-xs,calc(var(--spacing)*4))] @w-sm\/main:[--thread-content-margin:var(--thread-content-margin-sm,calc(var(--spacing)*6))] @w-lg\/main:[--thread-content-margin:var(--thread-content-margin-lg,calc(var(--spacing)*16))] px-(--thread-content-margin)\">\n<div class=\"[--thread-content-max-width:40rem] @w-lg\/main:[--thread-content-max-width:48rem] mx-auto max-w-(--thread-content-max-width) flex-1 group\/turn-messages focus-visible:outline-hidden relative flex w-full min-w-0 flex-col agent-turn\">\n<div class=\"flex max-w-full flex-col gap-4 grow\">\n<div class=\"min-h-8 text-message relative flex w-full flex-col items-end gap-2 text-start break-words whitespace-normal outline-none keyboard-focused:focus-ring [.text-message+&amp;]:mt-1\" dir=\"auto\" tabindex=\"0\" data-message-author-role=\"assistant\" data-message-id=\"f7309fb5-9c0a-4417-b437-163523d4aafe\" data-message-model-slug=\"gpt-5-3\" data-turn-start-message=\"true\">\n<div class=\"flex w-full flex-col gap-1 empty:hidden\">\n<div class=\"markdown prose dark:prose-invert w-full wrap-break-word light markdown-new-styling\">\n<p data-start=\"101\" data-end=\"142\"><strong data-start=\"101\" data-end=\"142\">Bracelet quartz rose et quartz fraise<\/strong><\/p>\n<p data-start=\"144\" data-end=\"402\">Le <strong data-start=\"147\" data-end=\"188\">bracelet quartz rose et quartz fraise<\/strong> allie \u00e9l\u00e9gance et bienfaits \u00e9nerg\u00e9tiques. Compos\u00e9 d\u2019un quartz rose forme galet et de perles de quartz fraise 6 mm, il apporte douceur et harmonie au quotidien. Ainsi, ce bijou devient un v\u00e9ritable alli\u00e9 bien-\u00eatre.<\/p>\n<p data-start=\"404\" data-end=\"746\">Le quartz rose, associ\u00e9 au chakra du c\u0153ur, diffuse une \u00e9nergie apaisante. Il calme les \u00e9motions et aide \u00e0 surmonter les blessures affectives, qu\u2019elles soient r\u00e9centes ou anciennes. De plus, il favorise l\u2019amour de soi et am\u00e9liore l\u2019estime personnelle. Par cons\u00e9quent, il permet de mieux s\u2019accepter et de d\u00e9velopper des relations plus sereines.<\/p>\n<p data-start=\"748\" data-end=\"1042\">Ensuite, cette pierre agit aussi sur le plan physique. Elle aide \u00e0 r\u00e9duire le stress, les angoisses et l\u2019hyperactivit\u00e9. Elle favorise \u00e9galement un sommeil r\u00e9parateur et peut soulager les tensions. En parall\u00e8le, elle soutient le syst\u00e8me circulatoire et contribue \u00e0 un meilleur \u00e9quilibre g\u00e9n\u00e9ral.<\/p>\n<p data-start=\"1044\" data-end=\"1359\">C\u00f4t\u00e9 amour, le quartz rose est une pierre incontournable. Il attire les relations sinc\u00e8res et renforce les liens existants. De plus, il aide \u00e0 exprimer ses sentiments avec douceur. Il accompagne aussi les p\u00e9riodes de s\u00e9paration en redonnant confiance. Ainsi, il ouvre le c\u0153ur \u00e0 de nouvelles opportunit\u00e9s affectives.<\/p>\n<p data-start=\"1361\" data-end=\"1656\">Le quartz fraise vient compl\u00e9ter parfaitement ces bienfaits. En effet, il stimule la joie de vivre, la sensualit\u00e9 et le pouvoir d\u2019attraction. Il \u00e9quilibre le mental et les \u00e9motions, tout en favorisant la s\u00e9r\u00e9nit\u00e9. Par ailleurs, il renforce les liens familiaux et soutient le syst\u00e8me immunitaire.<\/p>\n<p data-start=\"1658\" data-end=\"1863\" data-is-last-node=\"\" data-is-only-node=\"\">En r\u00e9sum\u00e9, le <strong data-start=\"1672\" data-end=\"1713\">bracelet quartz rose et quartz fraise<\/strong> est id\u00e9al pour cultiver amour, apaisement et \u00e9nergie positive. Il convient aussi bien pour se faire plaisir que pour offrir un cadeau charg\u00e9 de sens.<\/p>\n<\/div>\n<\/div>\n<\/div>\n<\/div>\n<div class=\"z-0 flex min-h-[46px] justify-start\"><\/div>\n<\/div>\n<\/div>\n<\/section>\n<div class=\"pointer-events-none -mt-px h-px translate-y-[calc(var(--scroll-root-safe-area-inset-bottom)-14*var(--spacing))]\" aria-hidden=\"true\"><\/div>\n","protected":false},"excerpt":{"rendered":"<p>Bracelet quartz rose et quartz fraise Le bracelet quartz rose et quartz fraise allie \u00e9l\u00e9gance et bienfaits \u00e9nerg\u00e9tiques. Compos\u00e9 d\u2019un quartz rose forme galet et de perles de quartz fraise 6 mm, il apporte douceur et harmonie au quotidien. Ainsi, ce bijou devient un v\u00e9ritable alli\u00e9 bien-\u00eatre. Le quartz rose, associ\u00e9 au chakra du c\u0153ur, [&hellip;]<\/p>\n","protected":false},"featured_media":3218,"comment_status":"open","ping_status":"closed","template":"","meta":{"site-sidebar-layout":"default","site-content-layout":"","ast-site-content-layout":"default","site-content-style":"default","site-sidebar-style":"default","ast-global-header-display":"","ast-banner-title-visibility":"","ast-main-header-display":"","ast-hfb-above-header-display":"","ast-hfb-below-header-display":"","ast-hfb-mobile-header-display":"","site-post-title":"","ast-breadcrumbs-content":"","ast-featured-img":"","footer-sml-layout":"","ast-disable-related-posts":"","theme-transparent-header-meta":"default","adv-header-id-meta":"","stick-header-meta":"","header-above-stick-meta":"","header-main-stick-meta":"","header-below-stick-meta":"","astra-migrate-meta-layouts":"set","ast-page-background-enabled":"default","ast-page-background-meta":{"desktop":{"background-color":"var(--ast-global-color-4)","background-image":"","background-repeat":"repeat","background-position":"center center","background-size":"auto","background-attachment":"scroll","background-type":"","background-media":"","overlay-type":"","overlay-color":"","overlay-opacity":"","overlay-gradient":""},"tablet":{"background-color":"","background-image":"","background-repeat":"repeat","background-position":"center center","background-size":"auto","background-attachment":"scroll","background-type":"","background-media":"","overlay-type":"","overlay-color":"","overlay-opacity":"","overlay-gradient":""},"mobile":{"background-color":"","background-image":"","background-repeat":"repeat","background-position":"center center","background-size":"auto","background-attachment":"scroll","background-type":"","background-media":"","overlay-type":"","overlay-color":"","overlay-opacity":"","overlay-gradient":""}},"ast-content-background-meta":{"desktop":{"background-color":"var(--ast-global-color-5)","background-image":"","background-repeat":"repeat","background-position":"center center","background-size":"auto","background-attachment":"scroll","background-type":"","background-media":"","overlay-type":"","overlay-color":"","overlay-opacity":"","overlay-gradient":""},"tablet":{"background-color":"var(--ast-global-color-5)","background-image":"","background-repeat":"repeat","background-position":"center center","background-size":"auto","background-attachment":"scroll","background-type":"","background-media":"","overlay-type":"","overlay-color":"","overlay-opacity":"","overlay-gradient":""},"mobile":{"background-color":"var(--ast-global-color-5)","background-image":"","background-repeat":"repeat","background-position":"center center","background-size":"auto","background-attachment":"scroll","background-type":"","background-media":"","overlay-type":"","overlay-color":"","overlay-opacity":"","overlay-gradient":""}},"_glsr_average":0,"_glsr_ranking":0,"_glsr_reviews":0},"product_brand":[],"product_cat":[53,272,204,75,65],"product_tag":[],"class_list":{"0":"post-3217","1":"product","2":"type-product","3":"status-publish","4":"has-post-thumbnail","6":"product_cat-6-mm","7":"product_cat-equilibre-emotionnel","8":"product_cat-quartz-fraise","9":"product_cat-quartz-rose","10":"product_cat-rose","11":"desktop-align-left","12":"tablet-align-left","13":"mobile-align-left","15":"first","16":"instock","17":"purchasable","18":"product-type-variable"},"yoast_head":"<!-- This site is optimized with the Yoast SEO plugin v27.5 - https:\/\/yoast.com\/product\/yoast-seo-wordpress\/ -->\n<title>Bracelet Quartz rose et Quartz fraise - Au fil des pierres<\/title>\n<meta name=\"description\" content=\"D\u00e9couvrez ce Bracelet en Quartz rose et Quartz fraise : un bijou d\u00e9licat aux pierres naturelles, symbole d\u2019amour, de douceur et d\u2019harmonie.\" \/>\n<meta name=\"robots\" content=\"index, follow, max-snippet:-1, max-image-preview:large, max-video-preview:-1\" \/>\n<link rel=\"canonical\" href=\"https:\/\/aufildespierres.com\/index.php\/product\/bracelet-quartz-rose-et-quartz-fraise-2\/\" \/>\n<meta property=\"og:locale\" content=\"fr_FR\" \/>\n<meta property=\"og:type\" content=\"article\" \/>\n<meta property=\"og:title\" content=\"Bracelet Quartz rose et Quartz fraise - Au fil des pierres\" \/>\n<meta property=\"og:description\" content=\"D\u00e9couvrez ce Bracelet en Quartz rose et Quartz fraise : un bijou d\u00e9licat aux pierres naturelles, symbole d\u2019amour, de douceur et d\u2019harmonie.\" \/>\n<meta property=\"og:url\" content=\"https:\/\/aufildespierres.com\/index.php\/product\/bracelet-quartz-rose-et-quartz-fraise-2\/\" \/>\n<meta property=\"og:site_name\" content=\"Au fil des pierres\" \/>\n<meta property=\"article:modified_time\" content=\"2026-04-14T12:02:32+00:00\" \/>\n<meta property=\"og:image\" content=\"https:\/\/aufildespierres.com\/wp-content\/uploads\/2025\/01\/Photoroom-20250124_121543.png\" \/>\n\t<meta property=\"og:image:width\" content=\"896\" \/>\n\t<meta property=\"og:image:height\" content=\"896\" \/>\n\t<meta property=\"og:image:type\" content=\"image\/png\" \/>\n<meta name=\"twitter:card\" content=\"summary_large_image\" \/>\n<meta name=\"twitter:label1\" content=\"Dur\u00e9e de lecture estim\u00e9e\" \/>\n\t<meta name=\"twitter:data1\" content=\"2 minutes\" \/>\n<script type=\"application\/ld+json\" class=\"yoast-schema-graph\">{\"@context\":\"https:\\\/\\\/schema.org\",\"@graph\":[{\"@type\":\"WebPage\",\"@id\":\"https:\\\/\\\/aufildespierres.com\\\/index.php\\\/product\\\/bracelet-quartz-rose-et-quartz-fraise-2\\\/\",\"url\":\"https:\\\/\\\/aufildespierres.com\\\/index.php\\\/product\\\/bracelet-quartz-rose-et-quartz-fraise-2\\\/\",\"name\":\"Bracelet Quartz rose et Quartz fraise - Au fil des pierres\",\"isPartOf\":{\"@id\":\"https:\\\/\\\/aufildespierres.com\\\/#website\"},\"primaryImageOfPage\":{\"@id\":\"https:\\\/\\\/aufildespierres.com\\\/index.php\\\/product\\\/bracelet-quartz-rose-et-quartz-fraise-2\\\/#primaryimage\"},\"image\":{\"@id\":\"https:\\\/\\\/aufildespierres.com\\\/index.php\\\/product\\\/bracelet-quartz-rose-et-quartz-fraise-2\\\/#primaryimage\"},\"thumbnailUrl\":\"https:\\\/\\\/aufildespierres.com\\\/wp-content\\\/uploads\\\/2025\\\/01\\\/Photoroom-20250124_121543.png\",\"datePublished\":\"2025-01-27T19:59:41+00:00\",\"dateModified\":\"2026-04-14T12:02:32+00:00\",\"description\":\"D\u00e9couvrez ce Bracelet en Quartz rose et Quartz fraise : un bijou d\u00e9licat aux pierres naturelles, symbole d\u2019amour, de douceur et d\u2019harmonie.\",\"breadcrumb\":{\"@id\":\"https:\\\/\\\/aufildespierres.com\\\/index.php\\\/product\\\/bracelet-quartz-rose-et-quartz-fraise-2\\\/#breadcrumb\"},\"inLanguage\":\"fr-FR\",\"potentialAction\":[{\"@type\":\"ReadAction\",\"target\":[\"https:\\\/\\\/aufildespierres.com\\\/index.php\\\/product\\\/bracelet-quartz-rose-et-quartz-fraise-2\\\/\"]}]},{\"@type\":\"ImageObject\",\"inLanguage\":\"fr-FR\",\"@id\":\"https:\\\/\\\/aufildespierres.com\\\/index.php\\\/product\\\/bracelet-quartz-rose-et-quartz-fraise-2\\\/#primaryimage\",\"url\":\"https:\\\/\\\/aufildespierres.com\\\/wp-content\\\/uploads\\\/2025\\\/01\\\/Photoroom-20250124_121543.png\",\"contentUrl\":\"https:\\\/\\\/aufildespierres.com\\\/wp-content\\\/uploads\\\/2025\\\/01\\\/Photoroom-20250124_121543.png\",\"width\":896,\"height\":896},{\"@type\":\"BreadcrumbList\",\"@id\":\"https:\\\/\\\/aufildespierres.com\\\/index.php\\\/product\\\/bracelet-quartz-rose-et-quartz-fraise-2\\\/#breadcrumb\",\"itemListElement\":[{\"@type\":\"ListItem\",\"position\":1,\"name\":\"Accueil\",\"item\":\"https:\\\/\\\/aufildespierres.com\\\/\"},{\"@type\":\"ListItem\",\"position\":2,\"name\":\"Boutique de Lithoth\u00e9rapie\",\"item\":\"https:\\\/\\\/aufildespierres.com\\\/index.php\\\/boutique-de-lithotherapie\\\/\"},{\"@type\":\"ListItem\",\"position\":3,\"name\":\"Bracelet Quartz rose et Quartz fraise\"}]},{\"@type\":\"WebSite\",\"@id\":\"https:\\\/\\\/aufildespierres.com\\\/#website\",\"url\":\"https:\\\/\\\/aufildespierres.com\\\/\",\"name\":\"Au fil des pierres\",\"description\":\"Au fil des pierres\",\"publisher\":{\"@id\":\"https:\\\/\\\/aufildespierres.com\\\/#organization\"},\"potentialAction\":[{\"@type\":\"SearchAction\",\"target\":{\"@type\":\"EntryPoint\",\"urlTemplate\":\"https:\\\/\\\/aufildespierres.com\\\/?s={search_term_string}\"},\"query-input\":{\"@type\":\"PropertyValueSpecification\",\"valueRequired\":true,\"valueName\":\"search_term_string\"}}],\"inLanguage\":\"fr-FR\"},{\"@type\":\"Organization\",\"@id\":\"https:\\\/\\\/aufildespierres.com\\\/#organization\",\"name\":\"Au fil des pierres\",\"url\":\"https:\\\/\\\/aufildespierres.com\\\/\",\"logo\":{\"@type\":\"ImageObject\",\"inLanguage\":\"fr-FR\",\"@id\":\"https:\\\/\\\/aufildespierres.com\\\/#\\\/schema\\\/logo\\\/image\\\/\",\"url\":\"https:\\\/\\\/aufildespierres.com\\\/wp-content\\\/uploads\\\/2023\\\/05\\\/cropped-Logo-PNG-Transparent.png\",\"contentUrl\":\"https:\\\/\\\/aufildespierres.com\\\/wp-content\\\/uploads\\\/2023\\\/05\\\/cropped-Logo-PNG-Transparent.png\",\"width\":1776,\"height\":1625,\"caption\":\"Au fil des pierres\"},\"image\":{\"@id\":\"https:\\\/\\\/aufildespierres.com\\\/#\\\/schema\\\/logo\\\/image\\\/\"}}]}<\/script>\n<!-- \/ Yoast SEO plugin. -->","yoast_head_json":{"title":"Bracelet Quartz rose et Quartz fraise - Au fil des pierres","description":"D\u00e9couvrez ce Bracelet en Quartz rose et Quartz fraise : un bijou d\u00e9licat aux pierres naturelles, symbole d\u2019amour, de douceur et d\u2019harmonie.","robots":{"index":"index","follow":"follow","max-snippet":"max-snippet:-1","max-image-preview":"max-image-preview:large","max-video-preview":"max-video-preview:-1"},"canonical":"https:\/\/aufildespierres.com\/index.php\/product\/bracelet-quartz-rose-et-quartz-fraise-2\/","og_locale":"fr_FR","og_type":"article","og_title":"Bracelet Quartz rose et Quartz fraise - Au fil des pierres","og_description":"D\u00e9couvrez ce Bracelet en Quartz rose et Quartz fraise : un bijou d\u00e9licat aux pierres naturelles, symbole d\u2019amour, de douceur et d\u2019harmonie.","og_url":"https:\/\/aufildespierres.com\/index.php\/product\/bracelet-quartz-rose-et-quartz-fraise-2\/","og_site_name":"Au fil des pierres","article_modified_time":"2026-04-14T12:02:32+00:00","og_image":[{"width":896,"height":896,"url":"https:\/\/aufildespierres.com\/wp-content\/uploads\/2025\/01\/Photoroom-20250124_121543.png","type":"image\/png"}],"twitter_card":"summary_large_image","twitter_misc":{"Dur\u00e9e de lecture estim\u00e9e":"2 minutes"},"schema":{"@context":"https:\/\/schema.org","@graph":[{"@type":"WebPage","@id":"https:\/\/aufildespierres.com\/index.php\/product\/bracelet-quartz-rose-et-quartz-fraise-2\/","url":"https:\/\/aufildespierres.com\/index.php\/product\/bracelet-quartz-rose-et-quartz-fraise-2\/","name":"Bracelet Quartz rose et Quartz fraise - Au fil des pierres","isPartOf":{"@id":"https:\/\/aufildespierres.com\/#website"},"primaryImageOfPage":{"@id":"https:\/\/aufildespierres.com\/index.php\/product\/bracelet-quartz-rose-et-quartz-fraise-2\/#primaryimage"},"image":{"@id":"https:\/\/aufildespierres.com\/index.php\/product\/bracelet-quartz-rose-et-quartz-fraise-2\/#primaryimage"},"thumbnailUrl":"https:\/\/aufildespierres.com\/wp-content\/uploads\/2025\/01\/Photoroom-20250124_121543.png","datePublished":"2025-01-27T19:59:41+00:00","dateModified":"2026-04-14T12:02:32+00:00","description":"D\u00e9couvrez ce Bracelet en Quartz rose et Quartz fraise : un bijou d\u00e9licat aux pierres naturelles, symbole d\u2019amour, de douceur et d\u2019harmonie.","breadcrumb":{"@id":"https:\/\/aufildespierres.com\/index.php\/product\/bracelet-quartz-rose-et-quartz-fraise-2\/#breadcrumb"},"inLanguage":"fr-FR","potentialAction":[{"@type":"ReadAction","target":["https:\/\/aufildespierres.com\/index.php\/product\/bracelet-quartz-rose-et-quartz-fraise-2\/"]}]},{"@type":"ImageObject","inLanguage":"fr-FR","@id":"https:\/\/aufildespierres.com\/index.php\/product\/bracelet-quartz-rose-et-quartz-fraise-2\/#primaryimage","url":"https:\/\/aufildespierres.com\/wp-content\/uploads\/2025\/01\/Photoroom-20250124_121543.png","contentUrl":"https:\/\/aufildespierres.com\/wp-content\/uploads\/2025\/01\/Photoroom-20250124_121543.png","width":896,"height":896},{"@type":"BreadcrumbList","@id":"https:\/\/aufildespierres.com\/index.php\/product\/bracelet-quartz-rose-et-quartz-fraise-2\/#breadcrumb","itemListElement":[{"@type":"ListItem","position":1,"name":"Accueil","item":"https:\/\/aufildespierres.com\/"},{"@type":"ListItem","position":2,"name":"Boutique de Lithoth\u00e9rapie","item":"https:\/\/aufildespierres.com\/index.php\/boutique-de-lithotherapie\/"},{"@type":"ListItem","position":3,"name":"Bracelet Quartz rose et Quartz fraise"}]},{"@type":"WebSite","@id":"https:\/\/aufildespierres.com\/#website","url":"https:\/\/aufildespierres.com\/","name":"Au fil des pierres","description":"Au fil des pierres","publisher":{"@id":"https:\/\/aufildespierres.com\/#organization"},"potentialAction":[{"@type":"SearchAction","target":{"@type":"EntryPoint","urlTemplate":"https:\/\/aufildespierres.com\/?s={search_term_string}"},"query-input":{"@type":"PropertyValueSpecification","valueRequired":true,"valueName":"search_term_string"}}],"inLanguage":"fr-FR"},{"@type":"Organization","@id":"https:\/\/aufildespierres.com\/#organization","name":"Au fil des pierres","url":"https:\/\/aufildespierres.com\/","logo":{"@type":"ImageObject","inLanguage":"fr-FR","@id":"https:\/\/aufildespierres.com\/#\/schema\/logo\/image\/","url":"https:\/\/aufildespierres.com\/wp-content\/uploads\/2023\/05\/cropped-Logo-PNG-Transparent.png","contentUrl":"https:\/\/aufildespierres.com\/wp-content\/uploads\/2023\/05\/cropped-Logo-PNG-Transparent.png","width":1776,"height":1625,"caption":"Au fil des pierres"},"image":{"@id":"https:\/\/aufildespierres.com\/#\/schema\/logo\/image\/"}}]}},"_links":{"self":[{"href":"https:\/\/aufildespierres.com\/index.php\/wp-json\/wp\/v2\/product\/3217","targetHints":{"allow":["GET"]}}],"collection":[{"href":"https:\/\/aufildespierres.com\/index.php\/wp-json\/wp\/v2\/product"}],"about":[{"href":"https:\/\/aufildespierres.com\/index.php\/wp-json\/wp\/v2\/types\/product"}],"replies":[{"embeddable":true,"href":"https:\/\/aufildespierres.com\/index.php\/wp-json\/wp\/v2\/comments?post=3217"}],"wp:featuredmedia":[{"embeddable":true,"href":"https:\/\/aufildespierres.com\/index.php\/wp-json\/wp\/v2\/media\/3218"}],"wp:attachment":[{"href":"https:\/\/aufildespierres.com\/index.php\/wp-json\/wp\/v2\/media?parent=3217"}],"wp:term":[{"taxonomy":"product_brand","embeddable":true,"href":"https:\/\/aufildespierres.com\/index.php\/wp-json\/wp\/v2\/product_brand?post=3217"},{"taxonomy":"product_cat","embeddable":true,"href":"https:\/\/aufildespierres.com\/index.php\/wp-json\/wp\/v2\/product_cat?post=3217"},{"taxonomy":"product_tag","embeddable":true,"href":"https:\/\/aufildespierres.com\/index.php\/wp-json\/wp\/v2\/product_tag?post=3217"}],"curies":[{"name":"wp","href":"https:\/\/api.w.org\/{rel}","templated":true}]}}