{"id":3223,"date":"2025-02-05T12:37:50","date_gmt":"2025-02-05T11:37:50","guid":{"rendered":"https:\/\/aufildespierres.com\/?post_type=product&#038;p=3223"},"modified":"2026-04-10T19:45:33","modified_gmt":"2026-04-10T17:45:33","slug":"bracelet-duo-en-cornaline-et-grenat","status":"publish","type":"product","link":"https:\/\/aufildespierres.com\/index.php\/product\/bracelet-duo-en-cornaline-et-grenat\/","title":{"rendered":"Bracelet duo en Cornaline et Grenat"},"content":{"rendered":"<div class=\"relative basis-auto flex-col -mb-(--composer-overlap-px) pb-(--composer-overlap-px) [--composer-overlap-px:28px] grow flex\">\n<div class=\"flex flex-col text-sm\">\n<section class=\"text-token-text-primary w-full focus:outline-none [--shadow-height:45px] has-data-writing-block:pointer-events-none has-data-writing-block:-mt-(--shadow-height) has-data-writing-block:pt-(--shadow-height) [&amp;:has([data-writing-block])&gt;*]:pointer-events-auto scroll-mt-[calc(var(--header-height)+min(200px,max(70px,20svh)))]\" dir=\"auto\" data-turn-id=\"request-WEB:9c3bd401-2fbe-4a0f-98b5-825a4e5f6493-9\" data-testid=\"conversation-turn-20\" data-scroll-anchor=\"true\" data-turn=\"assistant\">\n<div class=\"text-base my-auto mx-auto pb-10 [--thread-content-margin:var(--thread-content-margin-xs,calc(var(--spacing)*4))] @w-sm\/main:[--thread-content-margin:var(--thread-content-margin-sm,calc(var(--spacing)*6))] @w-lg\/main:[--thread-content-margin:var(--thread-content-margin-lg,calc(var(--spacing)*16))] px-(--thread-content-margin)\">\n<div class=\"[--thread-content-max-width:40rem] @w-lg\/main:[--thread-content-max-width:48rem] mx-auto max-w-(--thread-content-max-width) flex-1 group\/turn-messages focus-visible:outline-hidden relative flex w-full min-w-0 flex-col agent-turn\">\n<div class=\"flex max-w-full flex-col gap-4 grow\">\n<div class=\"min-h-8 text-message relative flex w-full flex-col items-end gap-2 text-start break-words whitespace-normal outline-none keyboard-focused:focus-ring [.text-message+&amp;]:mt-1\" dir=\"auto\" tabindex=\"0\" data-message-author-role=\"assistant\" data-message-id=\"cfcc7cf0-58e0-4788-80f5-08d4ac51afb5\" data-message-model-slug=\"gpt-5-3\" data-turn-start-message=\"true\">\n<div class=\"flex w-full flex-col gap-1 empty:hidden\">\n<div class=\"markdown prose dark:prose-invert w-full wrap-break-word light markdown-new-styling\">\n<h1 data-section-id=\"4d96of\" data-start=\"0\" data-end=\"70\"><span role=\"text\"><strong data-start=\"2\" data-end=\"70\">Bracelet Duo Cornaline et Grenat \u2013 \u00c9nergie, passion et \u00e9quilibre<\/strong><\/span><\/h1>\n<p>les bracelets conviennent pour une mesure de 17 \u00e0 18 cm de poignet, me contacter pour une mesure diff\u00e9rente.<\/p>\n<p data-start=\"72\" data-end=\"470\"><strong data-start=\"72\" data-end=\"140\">Bracelet Duo Cornaline et Grenat \u2013 \u00c9nergie, passion et \u00e9quilibre<\/strong> r\u00e9unit deux pierres puissantes pour cr\u00e9er une synergie harmonieuse. Ce duo se compose de deux bracelets compl\u00e9mentaires. Le mod\u00e8le femme associe la Cornaline avec deux Grenats. Le mod\u00e8le homme met en avant le Grenat accompagn\u00e9 de deux Cornalines. Ainsi, il convient parfaitement aux couples ou \u00e0 un travail \u00e9nerg\u00e9tique personnel.<\/p>\n<p data-start=\"472\" data-end=\"858\">Tout d\u2019abord, la Cornaline stimule l\u2019\u00e9nergie vitale et la motivation. Elle renforce la confiance en soi et encourage \u00e0 passer \u00e0 l\u2019action. De plus, elle aide \u00e0 d\u00e9passer les exp\u00e9riences douloureuses et \u00e0 avancer avec s\u00e9r\u00e9nit\u00e9. Elle favorise l\u2019ancrage et invite \u00e0 vivre pleinement le moment pr\u00e9sent. Par cons\u00e9quent, elle apaise les \u00e9motions, r\u00e9duit le stress et limite l\u2019agitation mentale.<\/p>\n<p data-start=\"860\" data-end=\"1130\">Ensuite, cette pierre soutient la vitalit\u00e9 physique. Elle stimule la circulation sanguine et dynamise l\u2019organisme. Elle agit \u00e9galement sur la libido et peut accompagner les questions li\u00e9es \u00e0 la fertilit\u00e9. Ainsi, elle aide \u00e0 retrouver une relation apais\u00e9e avec son corps.<\/p>\n<p data-start=\"1132\" data-end=\"1450\">Le Grenat, quant \u00e0 lui, apporte force, courage et d\u00e9termination. Il dynamise l\u2019esprit et renforce la volont\u00e9. De plus, il favorise la confiance en soi et soutient la r\u00e9ussite des projets. Il encourage aussi l\u2019amour, la compassion et des relations sinc\u00e8res. Ainsi, il stimule la passion et renforce les liens affectifs.<\/p>\n<p data-start=\"1452\" data-end=\"1716\">Par ailleurs, le Grenat agit comme une pierre d\u2019ancrage. Il aide \u00e0 surmonter les difficult\u00e9s et favorise la stabilit\u00e9 \u00e9motionnelle. Il soutient \u00e9galement le syst\u00e8me cardiovasculaire et tonifie l\u2019organisme. De ce fait, il contribue \u00e0 une meilleure vitalit\u00e9 globale.<\/p>\n<p data-start=\"1718\" data-end=\"1943\">Enfin, ce duo de bracelets favorise l\u2019\u00e9quilibre entre \u00e9nergie, \u00e9motion et relation. Chaque Bracelet Duo Cornaline et Grenat \u2013 \u00c9nergie, passion et \u00e9quilibre est r\u00e9alis\u00e9 avec soin pour offrir une cr\u00e9ation unique et harmonieux.<\/p>\n<\/div>\n<\/div>\n<\/div>\n<\/div>\n<div class=\"z-0 flex min-h-[46px] justify-start\"><\/div>\n<\/div>\n<\/div>\n<\/section>\n<\/div>\n<\/div>\n","protected":false},"excerpt":{"rendered":"<p>Bracelet Duo Cornaline et Grenat \u2013 \u00c9nergie, passion et \u00e9quilibre les bracelets conviennent pour une mesure de 17 \u00e0 18 cm de poignet, me contacter pour une mesure diff\u00e9rente. Bracelet Duo Cornaline et Grenat \u2013 \u00c9nergie, passion et \u00e9quilibre r\u00e9unit deux pierres puissantes pour cr\u00e9er une synergie harmonieuse. Ce duo se compose de deux bracelets [&hellip;]<\/p>\n","protected":false},"featured_media":3227,"comment_status":"open","ping_status":"closed","template":"","meta":{"site-sidebar-layout":"default","site-content-layout":"","ast-site-content-layout":"default","site-content-style":"default","site-sidebar-style":"default","ast-global-header-display":"","ast-banner-title-visibility":"","ast-main-header-display":"","ast-hfb-above-header-display":"","ast-hfb-below-header-display":"","ast-hfb-mobile-header-display":"","site-post-title":"","ast-breadcrumbs-content":"","ast-featured-img":"","footer-sml-layout":"","ast-disable-related-posts":"","theme-transparent-header-meta":"default","adv-header-id-meta":"","stick-header-meta":"","header-above-stick-meta":"","header-main-stick-meta":"","header-below-stick-meta":"","astra-migrate-meta-layouts":"set","ast-page-background-enabled":"default","ast-page-background-meta":{"desktop":{"background-color":"var(--ast-global-color-4)","background-image":"","background-repeat":"repeat","background-position":"center center","background-size":"auto","background-attachment":"scroll","background-type":"","background-media":"","overlay-type":"","overlay-color":"","overlay-opacity":"","overlay-gradient":""},"tablet":{"background-color":"","background-image":"","background-repeat":"repeat","background-position":"center center","background-size":"auto","background-attachment":"scroll","background-type":"","background-media":"","overlay-type":"","overlay-color":"","overlay-opacity":"","overlay-gradient":""},"mobile":{"background-color":"","background-image":"","background-repeat":"repeat","background-position":"center center","background-size":"auto","background-attachment":"scroll","background-type":"","background-media":"","overlay-type":"","overlay-color":"","overlay-opacity":"","overlay-gradient":""}},"ast-content-background-meta":{"desktop":{"background-color":"var(--ast-global-color-5)","background-image":"","background-repeat":"repeat","background-position":"center center","background-size":"auto","background-attachment":"scroll","background-type":"","background-media":"","overlay-type":"","overlay-color":"","overlay-opacity":"","overlay-gradient":""},"tablet":{"background-color":"var(--ast-global-color-5)","background-image":"","background-repeat":"repeat","background-position":"center center","background-size":"auto","background-attachment":"scroll","background-type":"","background-media":"","overlay-type":"","overlay-color":"","overlay-opacity":"","overlay-gradient":""},"mobile":{"background-color":"var(--ast-global-color-5)","background-image":"","background-repeat":"repeat","background-position":"center center","background-size":"auto","background-attachment":"scroll","background-type":"","background-media":"","overlay-type":"","overlay-color":"","overlay-opacity":"","overlay-gradient":""}},"_glsr_average":0,"_glsr_ranking":0,"_glsr_reviews":0},"product_brand":[],"product_cat":[56,290,59,95,100,76,15],"product_tag":[],"class_list":{"0":"post-3223","1":"product","2":"type-product","3":"status-publish","4":"has-post-thumbnail","6":"product_cat-bracelets-de-lithotherapie","7":"product_cat-bracelets-de-lithotherapie-femmes","8":"product_cat-bracelets-de-lithotherapie-hommes","9":"product_cat-cornaline","10":"product_cat-grenat","11":"product_cat-rouge","12":"product_cat-tout","13":"desktop-align-left","14":"tablet-align-left","15":"mobile-align-left","17":"first","18":"instock","19":"purchasable","20":"product-type-simple"},"yoast_head":"<!-- This site is optimized with the Yoast SEO plugin v27.5 - https:\/\/yoast.com\/product\/yoast-seo-wordpress\/ -->\n<title>Bracelet duo en Cornaline et Grenat - Au fil des pierres<\/title>\n<meta name=\"description\" content=\"Bracelet duo Cornaline et Grenat pour couple ou \u00e9nergie personnelle. Stimule vitalit\u00e9, confiance, amour et ancrage. Id\u00e9al pour \u00e9quilibre \u00e9motionnel et passion.\" \/>\n<meta name=\"robots\" content=\"index, follow, max-snippet:-1, max-image-preview:large, max-video-preview:-1\" \/>\n<link rel=\"canonical\" href=\"https:\/\/aufildespierres.com\/index.php\/product\/bracelet-duo-en-cornaline-et-grenat\/\" \/>\n<meta property=\"og:locale\" content=\"fr_FR\" \/>\n<meta property=\"og:type\" content=\"article\" \/>\n<meta property=\"og:title\" content=\"Bracelet duo en Cornaline et Grenat - Au fil des pierres\" \/>\n<meta property=\"og:description\" content=\"Bracelet duo Cornaline et Grenat pour couple ou \u00e9nergie personnelle. Stimule vitalit\u00e9, confiance, amour et ancrage. Id\u00e9al pour \u00e9quilibre \u00e9motionnel et passion.\" \/>\n<meta property=\"og:url\" content=\"https:\/\/aufildespierres.com\/index.php\/product\/bracelet-duo-en-cornaline-et-grenat\/\" \/>\n<meta property=\"og:site_name\" content=\"Au fil des pierres\" \/>\n<meta property=\"article:modified_time\" content=\"2026-04-10T17:45:33+00:00\" \/>\n<meta property=\"og:image\" content=\"https:\/\/aufildespierres.com\/wp-content\/uploads\/2025\/02\/20250130_152519-scaled.jpg\" \/>\n\t<meta property=\"og:image:width\" content=\"2310\" \/>\n\t<meta property=\"og:image:height\" content=\"2560\" \/>\n\t<meta property=\"og:image:type\" content=\"image\/jpeg\" \/>\n<meta name=\"twitter:card\" content=\"summary_large_image\" \/>\n<meta name=\"twitter:label1\" content=\"Dur\u00e9e de lecture estim\u00e9e\" \/>\n\t<meta name=\"twitter:data1\" content=\"2 minutes\" \/>\n<script type=\"application\/ld+json\" class=\"yoast-schema-graph\">{\"@context\":\"https:\\\/\\\/schema.org\",\"@graph\":[{\"@type\":\"WebPage\",\"@id\":\"https:\\\/\\\/aufildespierres.com\\\/index.php\\\/product\\\/bracelet-duo-en-cornaline-et-grenat\\\/\",\"url\":\"https:\\\/\\\/aufildespierres.com\\\/index.php\\\/product\\\/bracelet-duo-en-cornaline-et-grenat\\\/\",\"name\":\"Bracelet duo en Cornaline et Grenat - Au fil des pierres\",\"isPartOf\":{\"@id\":\"https:\\\/\\\/aufildespierres.com\\\/#website\"},\"primaryImageOfPage\":{\"@id\":\"https:\\\/\\\/aufildespierres.com\\\/index.php\\\/product\\\/bracelet-duo-en-cornaline-et-grenat\\\/#primaryimage\"},\"image\":{\"@id\":\"https:\\\/\\\/aufildespierres.com\\\/index.php\\\/product\\\/bracelet-duo-en-cornaline-et-grenat\\\/#primaryimage\"},\"thumbnailUrl\":\"https:\\\/\\\/aufildespierres.com\\\/wp-content\\\/uploads\\\/2025\\\/02\\\/20250130_152519-scaled.jpg\",\"datePublished\":\"2025-02-05T11:37:50+00:00\",\"dateModified\":\"2026-04-10T17:45:33+00:00\",\"description\":\"Bracelet duo Cornaline et Grenat pour couple ou \u00e9nergie personnelle. Stimule vitalit\u00e9, confiance, amour et ancrage. Id\u00e9al pour \u00e9quilibre \u00e9motionnel et passion.\",\"breadcrumb\":{\"@id\":\"https:\\\/\\\/aufildespierres.com\\\/index.php\\\/product\\\/bracelet-duo-en-cornaline-et-grenat\\\/#breadcrumb\"},\"inLanguage\":\"fr-FR\",\"potentialAction\":[{\"@type\":\"ReadAction\",\"target\":[\"https:\\\/\\\/aufildespierres.com\\\/index.php\\\/product\\\/bracelet-duo-en-cornaline-et-grenat\\\/\"]}]},{\"@type\":\"ImageObject\",\"inLanguage\":\"fr-FR\",\"@id\":\"https:\\\/\\\/aufildespierres.com\\\/index.php\\\/product\\\/bracelet-duo-en-cornaline-et-grenat\\\/#primaryimage\",\"url\":\"https:\\\/\\\/aufildespierres.com\\\/wp-content\\\/uploads\\\/2025\\\/02\\\/20250130_152519-scaled.jpg\",\"contentUrl\":\"https:\\\/\\\/aufildespierres.com\\\/wp-content\\\/uploads\\\/2025\\\/02\\\/20250130_152519-scaled.jpg\",\"width\":2310,\"height\":2560},{\"@type\":\"BreadcrumbList\",\"@id\":\"https:\\\/\\\/aufildespierres.com\\\/index.php\\\/product\\\/bracelet-duo-en-cornaline-et-grenat\\\/#breadcrumb\",\"itemListElement\":[{\"@type\":\"ListItem\",\"position\":1,\"name\":\"Accueil\",\"item\":\"https:\\\/\\\/aufildespierres.com\\\/\"},{\"@type\":\"ListItem\",\"position\":2,\"name\":\"Boutique de Lithoth\u00e9rapie\",\"item\":\"https:\\\/\\\/aufildespierres.com\\\/index.php\\\/boutique-de-lithotherapie\\\/\"},{\"@type\":\"ListItem\",\"position\":3,\"name\":\"Bracelet duo en Cornaline et Grenat\"}]},{\"@type\":\"WebSite\",\"@id\":\"https:\\\/\\\/aufildespierres.com\\\/#website\",\"url\":\"https:\\\/\\\/aufildespierres.com\\\/\",\"name\":\"Au fil des pierres\",\"description\":\"Au fil des pierres\",\"publisher\":{\"@id\":\"https:\\\/\\\/aufildespierres.com\\\/#organization\"},\"potentialAction\":[{\"@type\":\"SearchAction\",\"target\":{\"@type\":\"EntryPoint\",\"urlTemplate\":\"https:\\\/\\\/aufildespierres.com\\\/?s={search_term_string}\"},\"query-input\":{\"@type\":\"PropertyValueSpecification\",\"valueRequired\":true,\"valueName\":\"search_term_string\"}}],\"inLanguage\":\"fr-FR\"},{\"@type\":\"Organization\",\"@id\":\"https:\\\/\\\/aufildespierres.com\\\/#organization\",\"name\":\"Au fil des pierres\",\"url\":\"https:\\\/\\\/aufildespierres.com\\\/\",\"logo\":{\"@type\":\"ImageObject\",\"inLanguage\":\"fr-FR\",\"@id\":\"https:\\\/\\\/aufildespierres.com\\\/#\\\/schema\\\/logo\\\/image\\\/\",\"url\":\"https:\\\/\\\/aufildespierres.com\\\/wp-content\\\/uploads\\\/2023\\\/05\\\/cropped-Logo-PNG-Transparent.png\",\"contentUrl\":\"https:\\\/\\\/aufildespierres.com\\\/wp-content\\\/uploads\\\/2023\\\/05\\\/cropped-Logo-PNG-Transparent.png\",\"width\":1776,\"height\":1625,\"caption\":\"Au fil des pierres\"},\"image\":{\"@id\":\"https:\\\/\\\/aufildespierres.com\\\/#\\\/schema\\\/logo\\\/image\\\/\"}}]}<\/script>\n<!-- \/ Yoast SEO plugin. -->","yoast_head_json":{"title":"Bracelet duo en Cornaline et Grenat - Au fil des pierres","description":"Bracelet duo Cornaline et Grenat pour couple ou \u00e9nergie personnelle. Stimule vitalit\u00e9, confiance, amour et ancrage. Id\u00e9al pour \u00e9quilibre \u00e9motionnel et passion.","robots":{"index":"index","follow":"follow","max-snippet":"max-snippet:-1","max-image-preview":"max-image-preview:large","max-video-preview":"max-video-preview:-1"},"canonical":"https:\/\/aufildespierres.com\/index.php\/product\/bracelet-duo-en-cornaline-et-grenat\/","og_locale":"fr_FR","og_type":"article","og_title":"Bracelet duo en Cornaline et Grenat - Au fil des pierres","og_description":"Bracelet duo Cornaline et Grenat pour couple ou \u00e9nergie personnelle. Stimule vitalit\u00e9, confiance, amour et ancrage. Id\u00e9al pour \u00e9quilibre \u00e9motionnel et passion.","og_url":"https:\/\/aufildespierres.com\/index.php\/product\/bracelet-duo-en-cornaline-et-grenat\/","og_site_name":"Au fil des pierres","article_modified_time":"2026-04-10T17:45:33+00:00","og_image":[{"width":2310,"height":2560,"url":"https:\/\/aufildespierres.com\/wp-content\/uploads\/2025\/02\/20250130_152519-scaled.jpg","type":"image\/jpeg"}],"twitter_card":"summary_large_image","twitter_misc":{"Dur\u00e9e de lecture estim\u00e9e":"2 minutes"},"schema":{"@context":"https:\/\/schema.org","@graph":[{"@type":"WebPage","@id":"https:\/\/aufildespierres.com\/index.php\/product\/bracelet-duo-en-cornaline-et-grenat\/","url":"https:\/\/aufildespierres.com\/index.php\/product\/bracelet-duo-en-cornaline-et-grenat\/","name":"Bracelet duo en Cornaline et Grenat - Au fil des pierres","isPartOf":{"@id":"https:\/\/aufildespierres.com\/#website"},"primaryImageOfPage":{"@id":"https:\/\/aufildespierres.com\/index.php\/product\/bracelet-duo-en-cornaline-et-grenat\/#primaryimage"},"image":{"@id":"https:\/\/aufildespierres.com\/index.php\/product\/bracelet-duo-en-cornaline-et-grenat\/#primaryimage"},"thumbnailUrl":"https:\/\/aufildespierres.com\/wp-content\/uploads\/2025\/02\/20250130_152519-scaled.jpg","datePublished":"2025-02-05T11:37:50+00:00","dateModified":"2026-04-10T17:45:33+00:00","description":"Bracelet duo Cornaline et Grenat pour couple ou \u00e9nergie personnelle. Stimule vitalit\u00e9, confiance, amour et ancrage. Id\u00e9al pour \u00e9quilibre \u00e9motionnel et passion.","breadcrumb":{"@id":"https:\/\/aufildespierres.com\/index.php\/product\/bracelet-duo-en-cornaline-et-grenat\/#breadcrumb"},"inLanguage":"fr-FR","potentialAction":[{"@type":"ReadAction","target":["https:\/\/aufildespierres.com\/index.php\/product\/bracelet-duo-en-cornaline-et-grenat\/"]}]},{"@type":"ImageObject","inLanguage":"fr-FR","@id":"https:\/\/aufildespierres.com\/index.php\/product\/bracelet-duo-en-cornaline-et-grenat\/#primaryimage","url":"https:\/\/aufildespierres.com\/wp-content\/uploads\/2025\/02\/20250130_152519-scaled.jpg","contentUrl":"https:\/\/aufildespierres.com\/wp-content\/uploads\/2025\/02\/20250130_152519-scaled.jpg","width":2310,"height":2560},{"@type":"BreadcrumbList","@id":"https:\/\/aufildespierres.com\/index.php\/product\/bracelet-duo-en-cornaline-et-grenat\/#breadcrumb","itemListElement":[{"@type":"ListItem","position":1,"name":"Accueil","item":"https:\/\/aufildespierres.com\/"},{"@type":"ListItem","position":2,"name":"Boutique de Lithoth\u00e9rapie","item":"https:\/\/aufildespierres.com\/index.php\/boutique-de-lithotherapie\/"},{"@type":"ListItem","position":3,"name":"Bracelet duo en Cornaline et Grenat"}]},{"@type":"WebSite","@id":"https:\/\/aufildespierres.com\/#website","url":"https:\/\/aufildespierres.com\/","name":"Au fil des pierres","description":"Au fil des pierres","publisher":{"@id":"https:\/\/aufildespierres.com\/#organization"},"potentialAction":[{"@type":"SearchAction","target":{"@type":"EntryPoint","urlTemplate":"https:\/\/aufildespierres.com\/?s={search_term_string}"},"query-input":{"@type":"PropertyValueSpecification","valueRequired":true,"valueName":"search_term_string"}}],"inLanguage":"fr-FR"},{"@type":"Organization","@id":"https:\/\/aufildespierres.com\/#organization","name":"Au fil des pierres","url":"https:\/\/aufildespierres.com\/","logo":{"@type":"ImageObject","inLanguage":"fr-FR","@id":"https:\/\/aufildespierres.com\/#\/schema\/logo\/image\/","url":"https:\/\/aufildespierres.com\/wp-content\/uploads\/2023\/05\/cropped-Logo-PNG-Transparent.png","contentUrl":"https:\/\/aufildespierres.com\/wp-content\/uploads\/2023\/05\/cropped-Logo-PNG-Transparent.png","width":1776,"height":1625,"caption":"Au fil des pierres"},"image":{"@id":"https:\/\/aufildespierres.com\/#\/schema\/logo\/image\/"}}]}},"_links":{"self":[{"href":"https:\/\/aufildespierres.com\/index.php\/wp-json\/wp\/v2\/product\/3223","targetHints":{"allow":["GET"]}}],"collection":[{"href":"https:\/\/aufildespierres.com\/index.php\/wp-json\/wp\/v2\/product"}],"about":[{"href":"https:\/\/aufildespierres.com\/index.php\/wp-json\/wp\/v2\/types\/product"}],"replies":[{"embeddable":true,"href":"https:\/\/aufildespierres.com\/index.php\/wp-json\/wp\/v2\/comments?post=3223"}],"wp:featuredmedia":[{"embeddable":true,"href":"https:\/\/aufildespierres.com\/index.php\/wp-json\/wp\/v2\/media\/3227"}],"wp:attachment":[{"href":"https:\/\/aufildespierres.com\/index.php\/wp-json\/wp\/v2\/media?parent=3223"}],"wp:term":[{"taxonomy":"product_brand","embeddable":true,"href":"https:\/\/aufildespierres.com\/index.php\/wp-json\/wp\/v2\/product_brand?post=3223"},{"taxonomy":"product_cat","embeddable":true,"href":"https:\/\/aufildespierres.com\/index.php\/wp-json\/wp\/v2\/product_cat?post=3223"},{"taxonomy":"product_tag","embeddable":true,"href":"https:\/\/aufildespierres.com\/index.php\/wp-json\/wp\/v2\/product_tag?post=3223"}],"curies":[{"name":"wp","href":"https:\/\/api.w.org\/{rel}","templated":true}]}}