{"id":3241,"date":"2025-02-12T16:51:30","date_gmt":"2025-02-12T15:51:30","guid":{"rendered":"https:\/\/aufildespierres.com\/?post_type=product&#038;p=3241"},"modified":"2025-11-24T16:03:47","modified_gmt":"2025-11-24T15:03:47","slug":"coeur-en-cornaline","status":"publish","type":"product","link":"https:\/\/aufildespierres.com\/index.php\/product\/coeur-en-cornaline\/","title":{"rendered":"Coeur en Cornaline"},"content":{"rendered":"<p>C\u0153ur en Cornaline drus\u00e9<\/p>\n<p>poids 74 g\u00a0 \u00a07,5 x 6 cm<\/p>\n<p><em>\u00a0\u00a0\u00a0\u00a0\u00a0\u00a0\u00a0\u00a0\u00a0\u00a0\u00a0\u00a0\u00a0\u00a0\u00a0\u00a0\u00a0\u00a0\u00a0\u00a0\u00a0\u00a0\u00a0\u00a0\u00a0\u00a0\u00a0\u00a0\u00a0\u00a0\u00a0\u00a0\u00a0\u00a0\u00a0\u00a0\u00a0\u00a0\u00a0\u00a0\u00a0\u00a0\u00a0 \u00a0\u00a0\u00a0\u00a0\u00a0\u00a0\u00a0\u00a0\u00a0\u00a0<\/em><\/p>\n<p><strong><em>Propri\u00e9t\u00e9s psychiques <\/em><\/strong><\/p>\n<ul>\n<li>Favorise la confiance en soi, aide \u00e0 prendre des initiatives en ayant le sens des responsabilit\u00e9s, elle aide \u00e0 engager de nouvelles perspectives, ne pas rester fig\u00e9 sur une exp\u00e9rience douloureuse. C&rsquo;est un soutien \u00e9nerg\u00e9tique qui aidera \u00e0 avancer.<\/li>\n<\/ul>\n<ul>\n<li>Permet de vivre le moment pr\u00e9sent en nous reliant \u00e0 la terre<\/li>\n<li>Apporte r\u00e9confort et apaisement, acceptation de soi et gestion des \u00e9motions<\/li>\n<\/ul>\n<ul>\n<li>Permet de limiter l&rsquo;agitation mentale pour favoriser un ressenti corporel<\/li>\n<li>Stimule la vitalit\u00e9, concentration, m\u00e9moire et sens des responsabilit\u00e9s<\/li>\n<li>Aide les personnes distraites et confuses \u00e0 trouver un sens \u00e0 leur vie<\/li>\n<li>Dissipe col\u00e8re, jalousie, rancune, peut apaiser des personnes col\u00e9riques ou \u00e9motives<\/li>\n<li>Lib\u00e8re les complexes, aide \u00e0 accepter son corps physique \u00a0stimule la libido et le d\u00e9sir, aide a la fertilit\u00e9 et en cas d\u2019envie de f\u00e9condit\u00e9<\/li>\n<\/ul>\n<p><strong>Propri\u00e9t\u00e9s physiques\u00a0: <\/strong><\/p>\n<p>R\u00e9gule l\u2019\u00e9nergie du corps en absorbant les blocages au lieu de les amplifier par rayonnement<\/p>\n<ul>\n<li>Soulage m\u00e9nopause et cycles menstruels, agit sur les ovaires, favorise la f\u00e9condit\u00e9 et diminue les blocages sexuels.<\/li>\n<li>Purifie le sang et les liquides du corps (toxines),stimule la circulation du sang<\/li>\n<li>Agit sur syst\u00e8me digestif et pulmonaire (asthme, rhume des foins, bronchite, rhume, troubles h\u00e9patiques, colites, maux de ventre).<\/li>\n<li>Stimule la circulation sanguine<\/li>\n<\/ul>\n<p>Aphrodisiaque, booste la libido, lib\u00e8re des complexes, stimule le d\u00e9sir en cas de frigidit\u00e9 ou probl\u00e8me d\u2019\u00e9rection<\/p>\n<p>Att\u00e9nue les souffrances articulaires ,musculaires, tendons, ligaments, arthrite, sciatique, rhumatismes<\/p>\n<p>Cicatrise les plaies et blessures<\/p>\n<p>Porte bonheur \u00e0 l\u2019entr\u00e9e de la maison.<\/p>\n<p>&nbsp;<\/p>\n<p>&nbsp;<\/p>\n<p>&nbsp;<\/p>\n<p>&nbsp;<\/p>\n","protected":false},"excerpt":{"rendered":"<p>C\u0153ur en Cornaline drus\u00e9 poids 74 g\u00a0 \u00a07,5 x 6 cm \u00a0\u00a0\u00a0\u00a0\u00a0\u00a0\u00a0\u00a0\u00a0\u00a0\u00a0\u00a0\u00a0\u00a0\u00a0\u00a0\u00a0\u00a0\u00a0\u00a0\u00a0\u00a0\u00a0\u00a0\u00a0\u00a0\u00a0\u00a0\u00a0\u00a0\u00a0\u00a0\u00a0\u00a0\u00a0\u00a0\u00a0\u00a0\u00a0\u00a0\u00a0\u00a0\u00a0 \u00a0\u00a0\u00a0\u00a0\u00a0\u00a0\u00a0\u00a0\u00a0\u00a0 Propri\u00e9t\u00e9s psychiques Favorise la confiance en soi, aide \u00e0 prendre des initiatives en ayant le sens des responsabilit\u00e9s, elle aide \u00e0 engager de nouvelles perspectives, ne pas rester fig\u00e9 sur une exp\u00e9rience douloureuse. C&rsquo;est un soutien \u00e9nerg\u00e9tique qui aidera \u00e0 avancer. Permet [&hellip;]<\/p>\n","protected":false},"featured_media":3242,"comment_status":"open","ping_status":"closed","template":"","meta":{"site-sidebar-layout":"default","site-content-layout":"","ast-site-content-layout":"default","site-content-style":"default","site-sidebar-style":"default","ast-global-header-display":"","ast-banner-title-visibility":"","ast-main-header-display":"","ast-hfb-above-header-display":"","ast-hfb-below-header-display":"","ast-hfb-mobile-header-display":"","site-post-title":"","ast-breadcrumbs-content":"","ast-featured-img":"","footer-sml-layout":"","ast-disable-related-posts":"","theme-transparent-header-meta":"default","adv-header-id-meta":"","stick-header-meta":"","header-above-stick-meta":"","header-main-stick-meta":"","header-below-stick-meta":"","astra-migrate-meta-layouts":"set","ast-page-background-enabled":"default","ast-page-background-meta":{"desktop":{"background-color":"var(--ast-global-color-4)","background-image":"","background-repeat":"repeat","background-position":"center center","background-size":"auto","background-attachment":"scroll","background-type":"","background-media":"","overlay-type":"","overlay-color":"","overlay-opacity":"","overlay-gradient":""},"tablet":{"background-color":"","background-image":"","background-repeat":"repeat","background-position":"center center","background-size":"auto","background-attachment":"scroll","background-type":"","background-media":"","overlay-type":"","overlay-color":"","overlay-opacity":"","overlay-gradient":""},"mobile":{"background-color":"","background-image":"","background-repeat":"repeat","background-position":"center center","background-size":"auto","background-attachment":"scroll","background-type":"","background-media":"","overlay-type":"","overlay-color":"","overlay-opacity":"","overlay-gradient":""}},"ast-content-background-meta":{"desktop":{"background-color":"var(--ast-global-color-5)","background-image":"","background-repeat":"repeat","background-position":"center center","background-size":"auto","background-attachment":"scroll","background-type":"","background-media":"","overlay-type":"","overlay-color":"","overlay-opacity":"","overlay-gradient":""},"tablet":{"background-color":"var(--ast-global-color-5)","background-image":"","background-repeat":"repeat","background-position":"center center","background-size":"auto","background-attachment":"scroll","background-type":"","background-media":"","overlay-type":"","overlay-color":"","overlay-opacity":"","overlay-gradient":""},"mobile":{"background-color":"var(--ast-global-color-5)","background-image":"","background-repeat":"repeat","background-position":"center center","background-size":"auto","background-attachment":"scroll","background-type":"","background-media":"","overlay-type":"","overlay-color":"","overlay-opacity":"","overlay-gradient":""}},"_glsr_average":0,"_glsr_ranking":0,"_glsr_reviews":0},"product_brand":[],"product_cat":[238,49,95,76,15,41],"product_tag":[],"class_list":{"0":"post-3241","1":"product","2":"type-product","3":"status-publish","4":"has-post-thumbnail","6":"product_cat-coeurs","7":"product_cat-confiance-en-soi","8":"product_cat-cornaline","9":"product_cat-rouge","10":"product_cat-tout","11":"product_cat-vitalite","12":"desktop-align-left","13":"tablet-align-left","14":"mobile-align-left","16":"first","17":"outofstock","18":"purchasable","19":"product-type-simple"},"yoast_head":"<!-- This site is optimized with the Yoast SEO plugin v27.3 - https:\/\/yoast.com\/product\/yoast-seo-wordpress\/ -->\n<title>Coeur en Cornaline - Au fil des pierres<\/title>\n<meta name=\"robots\" content=\"index, follow, max-snippet:-1, max-image-preview:large, max-video-preview:-1\" \/>\n<link rel=\"canonical\" href=\"https:\/\/aufildespierres.com\/index.php\/product\/coeur-en-cornaline\/\" \/>\n<meta property=\"og:locale\" content=\"fr_FR\" \/>\n<meta property=\"og:type\" content=\"article\" \/>\n<meta property=\"og:title\" content=\"Coeur en Cornaline - Au fil des pierres\" \/>\n<meta property=\"og:description\" content=\"C\u0153ur en Cornaline drus\u00e9 poids 74 g\u00a0 \u00a07,5 x 6 cm \u00a0\u00a0\u00a0\u00a0\u00a0\u00a0\u00a0\u00a0\u00a0\u00a0\u00a0\u00a0\u00a0\u00a0\u00a0\u00a0\u00a0\u00a0\u00a0\u00a0\u00a0\u00a0\u00a0\u00a0\u00a0\u00a0\u00a0\u00a0\u00a0\u00a0\u00a0\u00a0\u00a0\u00a0\u00a0\u00a0\u00a0\u00a0\u00a0\u00a0\u00a0\u00a0\u00a0 \u00a0\u00a0\u00a0\u00a0\u00a0\u00a0\u00a0\u00a0\u00a0\u00a0 Propri\u00e9t\u00e9s psychiques Favorise la confiance en soi, aide \u00e0 prendre des initiatives en ayant le sens des responsabilit\u00e9s, elle aide \u00e0 engager de nouvelles perspectives, ne pas rester fig\u00e9 sur une exp\u00e9rience douloureuse. C&rsquo;est un soutien \u00e9nerg\u00e9tique qui aidera \u00e0 avancer. Permet [&hellip;]\" \/>\n<meta property=\"og:url\" content=\"https:\/\/aufildespierres.com\/index.php\/product\/coeur-en-cornaline\/\" \/>\n<meta property=\"og:site_name\" content=\"Au fil des pierres\" \/>\n<meta property=\"article:modified_time\" content=\"2025-11-24T15:03:47+00:00\" \/>\n<meta property=\"og:image\" content=\"https:\/\/aufildespierres.com\/wp-content\/uploads\/2025\/02\/474051347_10231863702329701_3301264459818990188_n.jpg\" \/>\n\t<meta property=\"og:image:width\" content=\"1536\" \/>\n\t<meta property=\"og:image:height\" content=\"2048\" \/>\n\t<meta property=\"og:image:type\" content=\"image\/jpeg\" \/>\n<meta name=\"twitter:card\" content=\"summary_large_image\" \/>\n<meta name=\"twitter:label1\" content=\"Dur\u00e9e de lecture estim\u00e9e\" \/>\n\t<meta name=\"twitter:data1\" content=\"2 minutes\" \/>\n<script type=\"application\/ld+json\" class=\"yoast-schema-graph\">{\"@context\":\"https:\\\/\\\/schema.org\",\"@graph\":[{\"@type\":\"WebPage\",\"@id\":\"https:\\\/\\\/aufildespierres.com\\\/index.php\\\/product\\\/coeur-en-cornaline\\\/\",\"url\":\"https:\\\/\\\/aufildespierres.com\\\/index.php\\\/product\\\/coeur-en-cornaline\\\/\",\"name\":\"Coeur en Cornaline - Au fil des pierres\",\"isPartOf\":{\"@id\":\"https:\\\/\\\/aufildespierres.com\\\/#website\"},\"primaryImageOfPage\":{\"@id\":\"https:\\\/\\\/aufildespierres.com\\\/index.php\\\/product\\\/coeur-en-cornaline\\\/#primaryimage\"},\"image\":{\"@id\":\"https:\\\/\\\/aufildespierres.com\\\/index.php\\\/product\\\/coeur-en-cornaline\\\/#primaryimage\"},\"thumbnailUrl\":\"https:\\\/\\\/aufildespierres.com\\\/wp-content\\\/uploads\\\/2025\\\/02\\\/474051347_10231863702329701_3301264459818990188_n.jpg\",\"datePublished\":\"2025-02-12T15:51:30+00:00\",\"dateModified\":\"2025-11-24T15:03:47+00:00\",\"breadcrumb\":{\"@id\":\"https:\\\/\\\/aufildespierres.com\\\/index.php\\\/product\\\/coeur-en-cornaline\\\/#breadcrumb\"},\"inLanguage\":\"fr-FR\",\"potentialAction\":[{\"@type\":\"ReadAction\",\"target\":[\"https:\\\/\\\/aufildespierres.com\\\/index.php\\\/product\\\/coeur-en-cornaline\\\/\"]}]},{\"@type\":\"ImageObject\",\"inLanguage\":\"fr-FR\",\"@id\":\"https:\\\/\\\/aufildespierres.com\\\/index.php\\\/product\\\/coeur-en-cornaline\\\/#primaryimage\",\"url\":\"https:\\\/\\\/aufildespierres.com\\\/wp-content\\\/uploads\\\/2025\\\/02\\\/474051347_10231863702329701_3301264459818990188_n.jpg\",\"contentUrl\":\"https:\\\/\\\/aufildespierres.com\\\/wp-content\\\/uploads\\\/2025\\\/02\\\/474051347_10231863702329701_3301264459818990188_n.jpg\",\"width\":1536,\"height\":2048},{\"@type\":\"BreadcrumbList\",\"@id\":\"https:\\\/\\\/aufildespierres.com\\\/index.php\\\/product\\\/coeur-en-cornaline\\\/#breadcrumb\",\"itemListElement\":[{\"@type\":\"ListItem\",\"position\":1,\"name\":\"Accueil\",\"item\":\"https:\\\/\\\/aufildespierres.com\\\/\"},{\"@type\":\"ListItem\",\"position\":2,\"name\":\"Boutique de Lithoth\u00e9rapie\",\"item\":\"https:\\\/\\\/aufildespierres.com\\\/index.php\\\/boutique-de-lithotherapie\\\/\"},{\"@type\":\"ListItem\",\"position\":3,\"name\":\"Coeur en Cornaline\"}]},{\"@type\":\"WebSite\",\"@id\":\"https:\\\/\\\/aufildespierres.com\\\/#website\",\"url\":\"https:\\\/\\\/aufildespierres.com\\\/\",\"name\":\"Au fil des pierres\",\"description\":\"Au fil des pierres\",\"publisher\":{\"@id\":\"https:\\\/\\\/aufildespierres.com\\\/#organization\"},\"potentialAction\":[{\"@type\":\"SearchAction\",\"target\":{\"@type\":\"EntryPoint\",\"urlTemplate\":\"https:\\\/\\\/aufildespierres.com\\\/?s={search_term_string}\"},\"query-input\":{\"@type\":\"PropertyValueSpecification\",\"valueRequired\":true,\"valueName\":\"search_term_string\"}}],\"inLanguage\":\"fr-FR\"},{\"@type\":\"Organization\",\"@id\":\"https:\\\/\\\/aufildespierres.com\\\/#organization\",\"name\":\"Au fil des pierres\",\"url\":\"https:\\\/\\\/aufildespierres.com\\\/\",\"logo\":{\"@type\":\"ImageObject\",\"inLanguage\":\"fr-FR\",\"@id\":\"https:\\\/\\\/aufildespierres.com\\\/#\\\/schema\\\/logo\\\/image\\\/\",\"url\":\"https:\\\/\\\/aufildespierres.com\\\/wp-content\\\/uploads\\\/2023\\\/05\\\/cropped-Logo-PNG-Transparent.png\",\"contentUrl\":\"https:\\\/\\\/aufildespierres.com\\\/wp-content\\\/uploads\\\/2023\\\/05\\\/cropped-Logo-PNG-Transparent.png\",\"width\":1776,\"height\":1625,\"caption\":\"Au fil des pierres\"},\"image\":{\"@id\":\"https:\\\/\\\/aufildespierres.com\\\/#\\\/schema\\\/logo\\\/image\\\/\"}}]}<\/script>\n<!-- \/ Yoast SEO plugin. -->","yoast_head_json":{"title":"Coeur en Cornaline - Au fil des pierres","robots":{"index":"index","follow":"follow","max-snippet":"max-snippet:-1","max-image-preview":"max-image-preview:large","max-video-preview":"max-video-preview:-1"},"canonical":"https:\/\/aufildespierres.com\/index.php\/product\/coeur-en-cornaline\/","og_locale":"fr_FR","og_type":"article","og_title":"Coeur en Cornaline - Au fil des pierres","og_description":"C\u0153ur en Cornaline drus\u00e9 poids 74 g\u00a0 \u00a07,5 x 6 cm \u00a0\u00a0\u00a0\u00a0\u00a0\u00a0\u00a0\u00a0\u00a0\u00a0\u00a0\u00a0\u00a0\u00a0\u00a0\u00a0\u00a0\u00a0\u00a0\u00a0\u00a0\u00a0\u00a0\u00a0\u00a0\u00a0\u00a0\u00a0\u00a0\u00a0\u00a0\u00a0\u00a0\u00a0\u00a0\u00a0\u00a0\u00a0\u00a0\u00a0\u00a0\u00a0\u00a0 \u00a0\u00a0\u00a0\u00a0\u00a0\u00a0\u00a0\u00a0\u00a0\u00a0 Propri\u00e9t\u00e9s psychiques Favorise la confiance en soi, aide \u00e0 prendre des initiatives en ayant le sens des responsabilit\u00e9s, elle aide \u00e0 engager de nouvelles perspectives, ne pas rester fig\u00e9 sur une exp\u00e9rience douloureuse. C&rsquo;est un soutien \u00e9nerg\u00e9tique qui aidera \u00e0 avancer. Permet [&hellip;]","og_url":"https:\/\/aufildespierres.com\/index.php\/product\/coeur-en-cornaline\/","og_site_name":"Au fil des pierres","article_modified_time":"2025-11-24T15:03:47+00:00","og_image":[{"width":1536,"height":2048,"url":"https:\/\/aufildespierres.com\/wp-content\/uploads\/2025\/02\/474051347_10231863702329701_3301264459818990188_n.jpg","type":"image\/jpeg"}],"twitter_card":"summary_large_image","twitter_misc":{"Dur\u00e9e de lecture estim\u00e9e":"2 minutes"},"schema":{"@context":"https:\/\/schema.org","@graph":[{"@type":"WebPage","@id":"https:\/\/aufildespierres.com\/index.php\/product\/coeur-en-cornaline\/","url":"https:\/\/aufildespierres.com\/index.php\/product\/coeur-en-cornaline\/","name":"Coeur en Cornaline - Au fil des pierres","isPartOf":{"@id":"https:\/\/aufildespierres.com\/#website"},"primaryImageOfPage":{"@id":"https:\/\/aufildespierres.com\/index.php\/product\/coeur-en-cornaline\/#primaryimage"},"image":{"@id":"https:\/\/aufildespierres.com\/index.php\/product\/coeur-en-cornaline\/#primaryimage"},"thumbnailUrl":"https:\/\/aufildespierres.com\/wp-content\/uploads\/2025\/02\/474051347_10231863702329701_3301264459818990188_n.jpg","datePublished":"2025-02-12T15:51:30+00:00","dateModified":"2025-11-24T15:03:47+00:00","breadcrumb":{"@id":"https:\/\/aufildespierres.com\/index.php\/product\/coeur-en-cornaline\/#breadcrumb"},"inLanguage":"fr-FR","potentialAction":[{"@type":"ReadAction","target":["https:\/\/aufildespierres.com\/index.php\/product\/coeur-en-cornaline\/"]}]},{"@type":"ImageObject","inLanguage":"fr-FR","@id":"https:\/\/aufildespierres.com\/index.php\/product\/coeur-en-cornaline\/#primaryimage","url":"https:\/\/aufildespierres.com\/wp-content\/uploads\/2025\/02\/474051347_10231863702329701_3301264459818990188_n.jpg","contentUrl":"https:\/\/aufildespierres.com\/wp-content\/uploads\/2025\/02\/474051347_10231863702329701_3301264459818990188_n.jpg","width":1536,"height":2048},{"@type":"BreadcrumbList","@id":"https:\/\/aufildespierres.com\/index.php\/product\/coeur-en-cornaline\/#breadcrumb","itemListElement":[{"@type":"ListItem","position":1,"name":"Accueil","item":"https:\/\/aufildespierres.com\/"},{"@type":"ListItem","position":2,"name":"Boutique de Lithoth\u00e9rapie","item":"https:\/\/aufildespierres.com\/index.php\/boutique-de-lithotherapie\/"},{"@type":"ListItem","position":3,"name":"Coeur en Cornaline"}]},{"@type":"WebSite","@id":"https:\/\/aufildespierres.com\/#website","url":"https:\/\/aufildespierres.com\/","name":"Au fil des pierres","description":"Au fil des pierres","publisher":{"@id":"https:\/\/aufildespierres.com\/#organization"},"potentialAction":[{"@type":"SearchAction","target":{"@type":"EntryPoint","urlTemplate":"https:\/\/aufildespierres.com\/?s={search_term_string}"},"query-input":{"@type":"PropertyValueSpecification","valueRequired":true,"valueName":"search_term_string"}}],"inLanguage":"fr-FR"},{"@type":"Organization","@id":"https:\/\/aufildespierres.com\/#organization","name":"Au fil des pierres","url":"https:\/\/aufildespierres.com\/","logo":{"@type":"ImageObject","inLanguage":"fr-FR","@id":"https:\/\/aufildespierres.com\/#\/schema\/logo\/image\/","url":"https:\/\/aufildespierres.com\/wp-content\/uploads\/2023\/05\/cropped-Logo-PNG-Transparent.png","contentUrl":"https:\/\/aufildespierres.com\/wp-content\/uploads\/2023\/05\/cropped-Logo-PNG-Transparent.png","width":1776,"height":1625,"caption":"Au fil des pierres"},"image":{"@id":"https:\/\/aufildespierres.com\/#\/schema\/logo\/image\/"}}]}},"_links":{"self":[{"href":"https:\/\/aufildespierres.com\/index.php\/wp-json\/wp\/v2\/product\/3241","targetHints":{"allow":["GET"]}}],"collection":[{"href":"https:\/\/aufildespierres.com\/index.php\/wp-json\/wp\/v2\/product"}],"about":[{"href":"https:\/\/aufildespierres.com\/index.php\/wp-json\/wp\/v2\/types\/product"}],"replies":[{"embeddable":true,"href":"https:\/\/aufildespierres.com\/index.php\/wp-json\/wp\/v2\/comments?post=3241"}],"wp:featuredmedia":[{"embeddable":true,"href":"https:\/\/aufildespierres.com\/index.php\/wp-json\/wp\/v2\/media\/3242"}],"wp:attachment":[{"href":"https:\/\/aufildespierres.com\/index.php\/wp-json\/wp\/v2\/media?parent=3241"}],"wp:term":[{"taxonomy":"product_brand","embeddable":true,"href":"https:\/\/aufildespierres.com\/index.php\/wp-json\/wp\/v2\/product_brand?post=3241"},{"taxonomy":"product_cat","embeddable":true,"href":"https:\/\/aufildespierres.com\/index.php\/wp-json\/wp\/v2\/product_cat?post=3241"},{"taxonomy":"product_tag","embeddable":true,"href":"https:\/\/aufildespierres.com\/index.php\/wp-json\/wp\/v2\/product_tag?post=3241"}],"curies":[{"name":"wp","href":"https:\/\/api.w.org\/{rel}","templated":true}]}}