{"id":3641,"date":"2025-03-27T15:10:02","date_gmt":"2025-03-27T14:10:02","guid":{"rendered":"https:\/\/aufildespierres.com\/?post_type=product&#038;p=3641"},"modified":"2026-04-06T22:30:05","modified_gmt":"2026-04-06T20:30:05","slug":"double-pointe-de-citrine-fumee","status":"publish","type":"product","link":"https:\/\/aufildespierres.com\/index.php\/product\/double-pointe-de-citrine-fumee\/","title":{"rendered":"Double pointe de Citrine fum\u00e9e"},"content":{"rendered":"<h3 data-section-id=\"1ypbieh\" data-start=\"100\" data-end=\"176\"><span role=\"text\"><strong data-start=\"104\" data-end=\"176\">Double Pointe de Citrine Fum\u00e9e \u2013 Pi\u00e8ce Exceptionnelle et \u00c9nerg\u00e9tique<\/strong><\/span><\/h3>\n<p data-start=\"178\" data-end=\"380\">D\u00e9couvrez cette <strong data-start=\"194\" data-end=\"228\">double pointe de citrine fum\u00e9e<\/strong>, pi\u00e8ce unique de 1,2 kg, mont\u00e9e sur un socle en bois sur mesure. Sa couleur varie selon les min\u00e9raux pr\u00e9sents, cr\u00e9ant un spectacle naturel fascinant.<\/p>\n<h4 data-start=\"382\" data-end=\"418\"><span role=\"text\"><strong data-start=\"387\" data-end=\"418\">Les bienfaits de la Citrine<\/strong><\/span><\/h4>\n<p data-start=\"419\" data-end=\"662\">La citrine favorise l\u2019\u00e9nergie du <strong data-start=\"452\" data-end=\"470\">plexus solaire<\/strong> et stimule la <strong data-start=\"485\" data-end=\"498\">kundalini<\/strong>. Elle \u00e9quilibre les \u00e9nergies et apporte vitalit\u00e9, joie de vivre, confiance en soi et s\u00e9r\u00e9nit\u00e9. Cette pierre symbolise l\u2019abondance, la r\u00e9ussite et le positivisme.<\/p>\n<p data-start=\"664\" data-end=\"924\">Aidera\u00a0 \u00e0 r\u00e9soudre les soucis \u00e9motionnels avec optimisme, stimule l\u2019intuition et la cr\u00e9ativit\u00e9, et purifie les \u00e9nergies n\u00e9gatives. Elle renforce \u00e9galement le mental, la concentration et la m\u00e9moire, et peut soutenir la digestion et la r\u00e9g\u00e9n\u00e9ration des tissus.<\/p>\n<h4 data-start=\"926\" data-end=\"960\"><span role=\"text\"><strong data-start=\"931\" data-end=\"960\">Les vertus du Quartz Fum\u00e9<\/strong><\/span><\/h4>\n<p data-start=\"961\" data-end=\"1183\">Le quartz fum\u00e9 compl\u00e8te parfaitement la citrine en favorisant l\u2019ancrage et la lucidit\u00e9. Il aide \u00e0 dissiper peurs et angoisses, clarifier les situations, renforcer la confiance en soi et d\u00e9velopper l\u2019ouverture aux autres.<\/p>\n<p data-start=\"1185\" data-end=\"1382\">Il canalise l\u2019\u00e9nergie corporelle, prot\u00e8ge le syst\u00e8me respiratoire et soutient le c\u0153ur, les reins et le pancr\u00e9as et\u00a0 aide \u00e9galement \u00e0 surmonter certaines addictions et favorise l\u2019acceptation de soi.<\/p>\n<h4 data-start=\"1384\" data-end=\"1426\"><span role=\"text\"><strong data-start=\"1389\" data-end=\"1426\">Un objet \u00e9nerg\u00e9tique et d\u00e9coratif<\/strong><\/span><\/h4>\n<p data-start=\"1427\" data-end=\"1666\">Cette double pointe unique combine <strong data-start=\"1462\" data-end=\"1493\">\u00e9nergie positive et lumi\u00e8re<\/strong> pour dynamiser tous les chakras et accompagner vos cycles de vie. Elle constitue un objet d\u00e9coratif raffin\u00e9 tout en favorisant bien-\u00eatre, ancrage et \u00e9l\u00e9vation vibratoire.<\/p>\n<h4 data-start=\"1668\" data-end=\"1684\"><span role=\"text\"><strong data-start=\"1673\" data-end=\"1684\">Conseil<\/strong><\/span><\/h4>\n<p data-start=\"1685\" data-end=\"1795\">Envoy\u00e9e soigneusement prot\u00e9g\u00e9e, cette pi\u00e8ce exceptionnelle conserve toute sa puissance et son \u00e9clat naturel.<\/p>\n","protected":false},"excerpt":{"rendered":"<p>Double Pointe de Citrine Fum\u00e9e \u2013 Pi\u00e8ce Exceptionnelle et \u00c9nerg\u00e9tique D\u00e9couvrez cette double pointe de citrine fum\u00e9e, pi\u00e8ce unique de 1,2 kg, mont\u00e9e sur un socle en bois sur mesure. Sa couleur varie selon les min\u00e9raux pr\u00e9sents, cr\u00e9ant un spectacle naturel fascinant. Les bienfaits de la Citrine La citrine favorise l\u2019\u00e9nergie du plexus solaire et [&hellip;]<\/p>\n","protected":false},"featured_media":3645,"comment_status":"open","ping_status":"closed","template":"","meta":{"site-sidebar-layout":"default","site-content-layout":"","ast-site-content-layout":"default","site-content-style":"default","site-sidebar-style":"default","ast-global-header-display":"","ast-banner-title-visibility":"","ast-main-header-display":"","ast-hfb-above-header-display":"","ast-hfb-below-header-display":"","ast-hfb-mobile-header-display":"","site-post-title":"","ast-breadcrumbs-content":"","ast-featured-img":"","footer-sml-layout":"","ast-disable-related-posts":"","theme-transparent-header-meta":"default","adv-header-id-meta":"","stick-header-meta":"","header-above-stick-meta":"","header-main-stick-meta":"","header-below-stick-meta":"","astra-migrate-meta-layouts":"set","ast-page-background-enabled":"default","ast-page-background-meta":{"desktop":{"background-color":"var(--ast-global-color-4)","background-image":"","background-repeat":"repeat","background-position":"center center","background-size":"auto","background-attachment":"scroll","background-type":"","background-media":"","overlay-type":"","overlay-color":"","overlay-opacity":"","overlay-gradient":""},"tablet":{"background-color":"","background-image":"","background-repeat":"repeat","background-position":"center center","background-size":"auto","background-attachment":"scroll","background-type":"","background-media":"","overlay-type":"","overlay-color":"","overlay-opacity":"","overlay-gradient":""},"mobile":{"background-color":"","background-image":"","background-repeat":"repeat","background-position":"center center","background-size":"auto","background-attachment":"scroll","background-type":"","background-media":"","overlay-type":"","overlay-color":"","overlay-opacity":"","overlay-gradient":""}},"ast-content-background-meta":{"desktop":{"background-color":"var(--ast-global-color-5)","background-image":"","background-repeat":"repeat","background-position":"center center","background-size":"auto","background-attachment":"scroll","background-type":"","background-media":"","overlay-type":"","overlay-color":"","overlay-opacity":"","overlay-gradient":""},"tablet":{"background-color":"var(--ast-global-color-5)","background-image":"","background-repeat":"repeat","background-position":"center center","background-size":"auto","background-attachment":"scroll","background-type":"","background-media":"","overlay-type":"","overlay-color":"","overlay-opacity":"","overlay-gradient":""},"mobile":{"background-color":"var(--ast-global-color-5)","background-image":"","background-repeat":"repeat","background-position":"center center","background-size":"auto","background-attachment":"scroll","background-type":"","background-media":"","overlay-type":"","overlay-color":"","overlay-opacity":"","overlay-gradient":""}},"_glsr_average":0,"_glsr_ranking":0,"_glsr_reviews":0},"product_brand":[],"product_cat":[195,49,84,103,199,274,41],"product_tag":[],"class_list":{"0":"post-3641","1":"product","2":"type-product","3":"status-publish","4":"has-post-thumbnail","6":"product_cat-citrine","7":"product_cat-confiance-en-soi","8":"product_cat-jaune","9":"product_cat-marron","10":"product_cat-pointes","11":"product_cat-soin-du-systeme-digestif","12":"product_cat-vitalite","13":"desktop-align-left","14":"tablet-align-left","15":"mobile-align-left","17":"first","18":"instock","19":"purchasable","20":"product-type-simple"},"yoast_head":"<!-- This site is optimized with the Yoast SEO plugin v27.5 - https:\/\/yoast.com\/product\/yoast-seo-wordpress\/ -->\n<title>Double pointe de Citrine fum\u00e9e - Au fil des pierres<\/title>\n<meta name=\"description\" content=\"Double pointe de citrine fum\u00e9e unique. Favorise \u00e9nergie, ancrage et plexus solaire. Allie lumi\u00e8re et vitalit\u00e9 pour bien-\u00eatre, s\u00e9r\u00e9nit\u00e9, confiance en soi et harmonie int\u00e9rieure.\" \/>\n<meta name=\"robots\" content=\"index, follow, max-snippet:-1, max-image-preview:large, max-video-preview:-1\" \/>\n<link rel=\"canonical\" href=\"https:\/\/aufildespierres.com\/index.php\/product\/double-pointe-de-citrine-fumee\/\" \/>\n<meta property=\"og:locale\" content=\"fr_FR\" \/>\n<meta property=\"og:type\" content=\"article\" \/>\n<meta property=\"og:title\" content=\"Double pointe de Citrine fum\u00e9e - Au fil des pierres\" \/>\n<meta property=\"og:description\" content=\"Double pointe de citrine fum\u00e9e unique. Favorise \u00e9nergie, ancrage et plexus solaire. Allie lumi\u00e8re et vitalit\u00e9 pour bien-\u00eatre, s\u00e9r\u00e9nit\u00e9, confiance en soi et harmonie int\u00e9rieure.\" \/>\n<meta property=\"og:url\" content=\"https:\/\/aufildespierres.com\/index.php\/product\/double-pointe-de-citrine-fumee\/\" \/>\n<meta property=\"og:site_name\" content=\"Au fil des pierres\" \/>\n<meta property=\"article:modified_time\" content=\"2026-04-06T20:30:05+00:00\" \/>\n<meta property=\"og:image\" content=\"https:\/\/aufildespierres.com\/wp-content\/uploads\/2025\/03\/20250228_131549-scaled.jpg\" \/>\n\t<meta property=\"og:image:width\" content=\"1920\" \/>\n\t<meta property=\"og:image:height\" content=\"2560\" \/>\n\t<meta property=\"og:image:type\" content=\"image\/jpeg\" \/>\n<meta name=\"twitter:card\" content=\"summary_large_image\" \/>\n<meta name=\"twitter:label1\" content=\"Dur\u00e9e de lecture estim\u00e9e\" \/>\n\t<meta name=\"twitter:data1\" content=\"2 minutes\" \/>\n<script type=\"application\/ld+json\" class=\"yoast-schema-graph\">{\"@context\":\"https:\\\/\\\/schema.org\",\"@graph\":[{\"@type\":\"WebPage\",\"@id\":\"https:\\\/\\\/aufildespierres.com\\\/index.php\\\/product\\\/double-pointe-de-citrine-fumee\\\/\",\"url\":\"https:\\\/\\\/aufildespierres.com\\\/index.php\\\/product\\\/double-pointe-de-citrine-fumee\\\/\",\"name\":\"Double pointe de Citrine fum\u00e9e - Au fil des pierres\",\"isPartOf\":{\"@id\":\"https:\\\/\\\/aufildespierres.com\\\/#website\"},\"primaryImageOfPage\":{\"@id\":\"https:\\\/\\\/aufildespierres.com\\\/index.php\\\/product\\\/double-pointe-de-citrine-fumee\\\/#primaryimage\"},\"image\":{\"@id\":\"https:\\\/\\\/aufildespierres.com\\\/index.php\\\/product\\\/double-pointe-de-citrine-fumee\\\/#primaryimage\"},\"thumbnailUrl\":\"https:\\\/\\\/aufildespierres.com\\\/wp-content\\\/uploads\\\/2025\\\/03\\\/20250228_131549-scaled.jpg\",\"datePublished\":\"2025-03-27T14:10:02+00:00\",\"dateModified\":\"2026-04-06T20:30:05+00:00\",\"description\":\"Double pointe de citrine fum\u00e9e unique. Favorise \u00e9nergie, ancrage et plexus solaire. Allie lumi\u00e8re et vitalit\u00e9 pour bien-\u00eatre, s\u00e9r\u00e9nit\u00e9, confiance en soi et harmonie int\u00e9rieure.\",\"breadcrumb\":{\"@id\":\"https:\\\/\\\/aufildespierres.com\\\/index.php\\\/product\\\/double-pointe-de-citrine-fumee\\\/#breadcrumb\"},\"inLanguage\":\"fr-FR\",\"potentialAction\":[{\"@type\":\"ReadAction\",\"target\":[\"https:\\\/\\\/aufildespierres.com\\\/index.php\\\/product\\\/double-pointe-de-citrine-fumee\\\/\"]}]},{\"@type\":\"ImageObject\",\"inLanguage\":\"fr-FR\",\"@id\":\"https:\\\/\\\/aufildespierres.com\\\/index.php\\\/product\\\/double-pointe-de-citrine-fumee\\\/#primaryimage\",\"url\":\"https:\\\/\\\/aufildespierres.com\\\/wp-content\\\/uploads\\\/2025\\\/03\\\/20250228_131549-scaled.jpg\",\"contentUrl\":\"https:\\\/\\\/aufildespierres.com\\\/wp-content\\\/uploads\\\/2025\\\/03\\\/20250228_131549-scaled.jpg\",\"width\":1920,\"height\":2560},{\"@type\":\"BreadcrumbList\",\"@id\":\"https:\\\/\\\/aufildespierres.com\\\/index.php\\\/product\\\/double-pointe-de-citrine-fumee\\\/#breadcrumb\",\"itemListElement\":[{\"@type\":\"ListItem\",\"position\":1,\"name\":\"Accueil\",\"item\":\"https:\\\/\\\/aufildespierres.com\\\/\"},{\"@type\":\"ListItem\",\"position\":2,\"name\":\"Boutique de Lithoth\u00e9rapie\",\"item\":\"https:\\\/\\\/aufildespierres.com\\\/index.php\\\/boutique-de-lithotherapie\\\/\"},{\"@type\":\"ListItem\",\"position\":3,\"name\":\"Double pointe de Citrine fum\u00e9e\"}]},{\"@type\":\"WebSite\",\"@id\":\"https:\\\/\\\/aufildespierres.com\\\/#website\",\"url\":\"https:\\\/\\\/aufildespierres.com\\\/\",\"name\":\"Au fil des pierres\",\"description\":\"Au fil des pierres\",\"publisher\":{\"@id\":\"https:\\\/\\\/aufildespierres.com\\\/#organization\"},\"potentialAction\":[{\"@type\":\"SearchAction\",\"target\":{\"@type\":\"EntryPoint\",\"urlTemplate\":\"https:\\\/\\\/aufildespierres.com\\\/?s={search_term_string}\"},\"query-input\":{\"@type\":\"PropertyValueSpecification\",\"valueRequired\":true,\"valueName\":\"search_term_string\"}}],\"inLanguage\":\"fr-FR\"},{\"@type\":\"Organization\",\"@id\":\"https:\\\/\\\/aufildespierres.com\\\/#organization\",\"name\":\"Au fil des pierres\",\"url\":\"https:\\\/\\\/aufildespierres.com\\\/\",\"logo\":{\"@type\":\"ImageObject\",\"inLanguage\":\"fr-FR\",\"@id\":\"https:\\\/\\\/aufildespierres.com\\\/#\\\/schema\\\/logo\\\/image\\\/\",\"url\":\"https:\\\/\\\/aufildespierres.com\\\/wp-content\\\/uploads\\\/2023\\\/05\\\/cropped-Logo-PNG-Transparent.png\",\"contentUrl\":\"https:\\\/\\\/aufildespierres.com\\\/wp-content\\\/uploads\\\/2023\\\/05\\\/cropped-Logo-PNG-Transparent.png\",\"width\":1776,\"height\":1625,\"caption\":\"Au fil des pierres\"},\"image\":{\"@id\":\"https:\\\/\\\/aufildespierres.com\\\/#\\\/schema\\\/logo\\\/image\\\/\"}}]}<\/script>\n<!-- \/ Yoast SEO plugin. -->","yoast_head_json":{"title":"Double pointe de Citrine fum\u00e9e - Au fil des pierres","description":"Double pointe de citrine fum\u00e9e unique. Favorise \u00e9nergie, ancrage et plexus solaire. Allie lumi\u00e8re et vitalit\u00e9 pour bien-\u00eatre, s\u00e9r\u00e9nit\u00e9, confiance en soi et harmonie int\u00e9rieure.","robots":{"index":"index","follow":"follow","max-snippet":"max-snippet:-1","max-image-preview":"max-image-preview:large","max-video-preview":"max-video-preview:-1"},"canonical":"https:\/\/aufildespierres.com\/index.php\/product\/double-pointe-de-citrine-fumee\/","og_locale":"fr_FR","og_type":"article","og_title":"Double pointe de Citrine fum\u00e9e - Au fil des pierres","og_description":"Double pointe de citrine fum\u00e9e unique. Favorise \u00e9nergie, ancrage et plexus solaire. Allie lumi\u00e8re et vitalit\u00e9 pour bien-\u00eatre, s\u00e9r\u00e9nit\u00e9, confiance en soi et harmonie int\u00e9rieure.","og_url":"https:\/\/aufildespierres.com\/index.php\/product\/double-pointe-de-citrine-fumee\/","og_site_name":"Au fil des pierres","article_modified_time":"2026-04-06T20:30:05+00:00","og_image":[{"width":1920,"height":2560,"url":"https:\/\/aufildespierres.com\/wp-content\/uploads\/2025\/03\/20250228_131549-scaled.jpg","type":"image\/jpeg"}],"twitter_card":"summary_large_image","twitter_misc":{"Dur\u00e9e de lecture estim\u00e9e":"2 minutes"},"schema":{"@context":"https:\/\/schema.org","@graph":[{"@type":"WebPage","@id":"https:\/\/aufildespierres.com\/index.php\/product\/double-pointe-de-citrine-fumee\/","url":"https:\/\/aufildespierres.com\/index.php\/product\/double-pointe-de-citrine-fumee\/","name":"Double pointe de Citrine fum\u00e9e - Au fil des pierres","isPartOf":{"@id":"https:\/\/aufildespierres.com\/#website"},"primaryImageOfPage":{"@id":"https:\/\/aufildespierres.com\/index.php\/product\/double-pointe-de-citrine-fumee\/#primaryimage"},"image":{"@id":"https:\/\/aufildespierres.com\/index.php\/product\/double-pointe-de-citrine-fumee\/#primaryimage"},"thumbnailUrl":"https:\/\/aufildespierres.com\/wp-content\/uploads\/2025\/03\/20250228_131549-scaled.jpg","datePublished":"2025-03-27T14:10:02+00:00","dateModified":"2026-04-06T20:30:05+00:00","description":"Double pointe de citrine fum\u00e9e unique. Favorise \u00e9nergie, ancrage et plexus solaire. Allie lumi\u00e8re et vitalit\u00e9 pour bien-\u00eatre, s\u00e9r\u00e9nit\u00e9, confiance en soi et harmonie int\u00e9rieure.","breadcrumb":{"@id":"https:\/\/aufildespierres.com\/index.php\/product\/double-pointe-de-citrine-fumee\/#breadcrumb"},"inLanguage":"fr-FR","potentialAction":[{"@type":"ReadAction","target":["https:\/\/aufildespierres.com\/index.php\/product\/double-pointe-de-citrine-fumee\/"]}]},{"@type":"ImageObject","inLanguage":"fr-FR","@id":"https:\/\/aufildespierres.com\/index.php\/product\/double-pointe-de-citrine-fumee\/#primaryimage","url":"https:\/\/aufildespierres.com\/wp-content\/uploads\/2025\/03\/20250228_131549-scaled.jpg","contentUrl":"https:\/\/aufildespierres.com\/wp-content\/uploads\/2025\/03\/20250228_131549-scaled.jpg","width":1920,"height":2560},{"@type":"BreadcrumbList","@id":"https:\/\/aufildespierres.com\/index.php\/product\/double-pointe-de-citrine-fumee\/#breadcrumb","itemListElement":[{"@type":"ListItem","position":1,"name":"Accueil","item":"https:\/\/aufildespierres.com\/"},{"@type":"ListItem","position":2,"name":"Boutique de Lithoth\u00e9rapie","item":"https:\/\/aufildespierres.com\/index.php\/boutique-de-lithotherapie\/"},{"@type":"ListItem","position":3,"name":"Double pointe de Citrine fum\u00e9e"}]},{"@type":"WebSite","@id":"https:\/\/aufildespierres.com\/#website","url":"https:\/\/aufildespierres.com\/","name":"Au fil des pierres","description":"Au fil des pierres","publisher":{"@id":"https:\/\/aufildespierres.com\/#organization"},"potentialAction":[{"@type":"SearchAction","target":{"@type":"EntryPoint","urlTemplate":"https:\/\/aufildespierres.com\/?s={search_term_string}"},"query-input":{"@type":"PropertyValueSpecification","valueRequired":true,"valueName":"search_term_string"}}],"inLanguage":"fr-FR"},{"@type":"Organization","@id":"https:\/\/aufildespierres.com\/#organization","name":"Au fil des pierres","url":"https:\/\/aufildespierres.com\/","logo":{"@type":"ImageObject","inLanguage":"fr-FR","@id":"https:\/\/aufildespierres.com\/#\/schema\/logo\/image\/","url":"https:\/\/aufildespierres.com\/wp-content\/uploads\/2023\/05\/cropped-Logo-PNG-Transparent.png","contentUrl":"https:\/\/aufildespierres.com\/wp-content\/uploads\/2023\/05\/cropped-Logo-PNG-Transparent.png","width":1776,"height":1625,"caption":"Au fil des pierres"},"image":{"@id":"https:\/\/aufildespierres.com\/#\/schema\/logo\/image\/"}}]}},"_links":{"self":[{"href":"https:\/\/aufildespierres.com\/index.php\/wp-json\/wp\/v2\/product\/3641","targetHints":{"allow":["GET"]}}],"collection":[{"href":"https:\/\/aufildespierres.com\/index.php\/wp-json\/wp\/v2\/product"}],"about":[{"href":"https:\/\/aufildespierres.com\/index.php\/wp-json\/wp\/v2\/types\/product"}],"replies":[{"embeddable":true,"href":"https:\/\/aufildespierres.com\/index.php\/wp-json\/wp\/v2\/comments?post=3641"}],"wp:featuredmedia":[{"embeddable":true,"href":"https:\/\/aufildespierres.com\/index.php\/wp-json\/wp\/v2\/media\/3645"}],"wp:attachment":[{"href":"https:\/\/aufildespierres.com\/index.php\/wp-json\/wp\/v2\/media?parent=3641"}],"wp:term":[{"taxonomy":"product_brand","embeddable":true,"href":"https:\/\/aufildespierres.com\/index.php\/wp-json\/wp\/v2\/product_brand?post=3641"},{"taxonomy":"product_cat","embeddable":true,"href":"https:\/\/aufildespierres.com\/index.php\/wp-json\/wp\/v2\/product_cat?post=3641"},{"taxonomy":"product_tag","embeddable":true,"href":"https:\/\/aufildespierres.com\/index.php\/wp-json\/wp\/v2\/product_tag?post=3641"}],"curies":[{"name":"wp","href":"https:\/\/api.w.org\/{rel}","templated":true}]}}