{"id":3650,"date":"2025-03-30T20:15:06","date_gmt":"2025-03-30T18:15:06","guid":{"rendered":"https:\/\/aufildespierres.com\/?post_type=product&#038;p=3650"},"modified":"2026-04-06T22:13:33","modified_gmt":"2026-04-06T20:13:33","slug":"pendentif-en-amethyste-etoilee","status":"publish","type":"product","link":"https:\/\/aufildespierres.com\/index.php\/product\/pendentif-en-amethyste-etoilee\/","title":{"rendered":"Pendentif en Am\u00e9thyste \u00e9toil\u00e9e"},"content":{"rendered":"<div class=\"flex flex-col text-sm\">\n<section class=\"text-token-text-primary w-full focus:outline-none [--shadow-height:45px] has-data-writing-block:pointer-events-none has-data-writing-block:-mt-(--shadow-height) has-data-writing-block:pt-(--shadow-height) [&amp;:has([data-writing-block])&gt;*]:pointer-events-auto scroll-mt-[calc(var(--header-height)+min(200px,max(70px,20svh)))]\" dir=\"auto\" data-turn-id=\"request-WEB:e49ed4c4-5a6b-43dc-b05d-2146e64ba6b6-2\" data-testid=\"conversation-turn-6\" data-scroll-anchor=\"true\" data-turn=\"assistant\">\n<div class=\"text-base my-auto mx-auto pb-10 [--thread-content-margin:var(--thread-content-margin-xs,calc(var(--spacing)*4))] @w-sm\/main:[--thread-content-margin:var(--thread-content-margin-sm,calc(var(--spacing)*6))] @w-lg\/main:[--thread-content-margin:var(--thread-content-margin-lg,calc(var(--spacing)*16))] px-(--thread-content-margin)\">\n<div class=\"[--thread-content-max-width:40rem] @w-lg\/main:[--thread-content-max-width:48rem] mx-auto max-w-(--thread-content-max-width) flex-1 group\/turn-messages focus-visible:outline-hidden relative flex w-full min-w-0 flex-col agent-turn\">\n<div class=\"flex max-w-full flex-col gap-4 grow\">\n<div class=\"min-h-8 text-message relative flex w-full flex-col items-end gap-2 text-start break-words whitespace-normal outline-none keyboard-focused:focus-ring [.text-message+&amp;]:mt-1\" dir=\"auto\" tabindex=\"0\" data-message-author-role=\"assistant\" data-message-id=\"a2334836-b150-4984-a51d-c350aa0c5149\" data-message-model-slug=\"gpt-5-3\" data-turn-start-message=\"true\">\n<div class=\"flex w-full flex-col gap-1 empty:hidden\">\n<div class=\"markdown prose dark:prose-invert w-full wrap-break-word light markdown-new-styling\">\n<h3 data-section-id=\"unm8y8\" data-start=\"0\" data-end=\"65\"><span role=\"text\"><strong data-start=\"4\" data-end=\"65\">Pendentif en Am\u00e9thyste \u00c9toil\u00e9e \u2013 Pierre Rare et Apaisante<\/strong><\/span><\/h3>\n<p data-start=\"67\" data-end=\"464\">Sublimez votre style avec ce <strong data-start=\"96\" data-end=\"140\">pendentif en am\u00e9thyste \u00e9toil\u00e9e naturelle<\/strong>, une pierre rare aux reflets lumineux uniques. Originaire du Br\u00e9sil, cette gemme de qualit\u00e9 AAA offre une transparence \u00e9lev\u00e9e et un effet \u00e9toil\u00e9 visible \u00e0 la lumi\u00e8re. Mont\u00e9e en cabochon poli avec une b\u00e9li\u00e8re en acier inoxydable, elle allie \u00e9l\u00e9gance et \u00e9nergie. Chaque pendentif est unique gr\u00e2ce \u00e0 ses inclusions naturelles.<\/p>\n<h4 data-start=\"466\" data-end=\"511\"><span role=\"text\"><strong data-start=\"471\" data-end=\"511\">Les bienfaits de l\u2019Am\u00e9thyste \u00c9toil\u00e9e<\/strong><\/span><\/h4>\n<p data-start=\"512\" data-end=\"931\">L\u2019am\u00e9thyste \u00e9toil\u00e9e est une vari\u00e9t\u00e9 pr\u00e9cieuse reconnue pour sa vibration \u00e9nerg\u00e9tique \u00e9lev\u00e9e. Elle conserve les propri\u00e9t\u00e9s de l\u2019am\u00e9thyste classique, tout en offrant une \u00e9nergie plus subtile. Ainsi, elle apaise le mental et favorise une d\u00e9tente profonde.<br data-start=\"764\" data-end=\"767\" \/>De plus, elle aide \u00e0 r\u00e9duire le stress, l\u2019irritabilit\u00e9 et les troubles du sommeil. Elle constitue donc un alli\u00e9 id\u00e9al pour retrouver calme et s\u00e9r\u00e9nit\u00e9 au quotidien.<\/p>\n<p data-start=\"933\" data-end=\"1267\">Par ailleurs, cette pierre stimule la m\u00e9ditation et d\u00e9veloppe l\u2019intuition. Elle favorise \u00e9galement l\u2019\u00e9l\u00e9vation spirituelle et la clart\u00e9 mentale. Gr\u00e2ce \u00e0 cela, elle facilite la prise de d\u00e9cisions align\u00e9es avec vos valeurs.<br data-start=\"1154\" data-end=\"1157\" \/>En outre, elle agit comme un bouclier \u00e9nerg\u00e9tique en prot\u00e9geant des \u00e9nergies n\u00e9gatives et en purifiant l\u2019aura.<\/p>\n<h4 data-start=\"1269\" data-end=\"1309\"><span role=\"text\"><strong data-start=\"1274\" data-end=\"1309\">Un bijou \u00e9nerg\u00e9tique et \u00e9l\u00e9gant<\/strong><\/span><\/h4>\n<p data-start=\"1310\" data-end=\"1570\">Ce pendentif en pierre naturelle associe esth\u00e9tique et bien-\u00eatre. Il convient parfaitement aux personnes sensibles aux \u00e9nergies ou en qu\u00eate d\u2019harmonie int\u00e9rieure. En effet, il permet de rester centr\u00e9 tout au long de la journ\u00e9e tout en portant un bijou raffin\u00e9.<\/p>\n<h4 data-start=\"1572\" data-end=\"1601\"><span role=\"text\"><strong data-start=\"1577\" data-end=\"1601\">Conseils d\u2019entretien<\/strong><\/span><\/h4>\n<p data-start=\"1602\" data-end=\"1810\">Pour pr\u00e9server ses propri\u00e9t\u00e9s, purifiez votre am\u00e9thyste \u00e0 l\u2019eau claire, par fumigation ou sur une g\u00e9ode de quartz. Ensuite, rechargez-la \u00e0 la lumi\u00e8re lunaire, car le soleil direct pourrait alt\u00e9rer sa couleur.<\/p>\n<p data-start=\"1812\" data-end=\"1949\" data-is-last-node=\"\" data-is-only-node=\"\">En r\u00e9sum\u00e9, ce pendentif en am\u00e9thyste \u00e9toil\u00e9e est un choix id\u00e9al pour allier \u00e9l\u00e9gance, apaisement et d\u00e9veloppement spirituel au quotidien.<\/p>\n<\/div>\n<\/div>\n<\/div>\n<\/div>\n<div class=\"z-0 flex min-h-[46px] justify-start\"><\/div>\n<\/div>\n<\/div>\n<\/section>\n<\/div>\n<div class=\"pointer-events-none h-px w-px absolute bottom-0\" aria-hidden=\"true\" data-edge=\"true\"><\/div>\n","protected":false},"excerpt":{"rendered":"<p>Pendentif en Am\u00e9thyste \u00c9toil\u00e9e \u2013 Pierre Rare et Apaisante Sublimez votre style avec ce pendentif en am\u00e9thyste \u00e9toil\u00e9e naturelle, une pierre rare aux reflets lumineux uniques. Originaire du Br\u00e9sil, cette gemme de qualit\u00e9 AAA offre une transparence \u00e9lev\u00e9e et un effet \u00e9toil\u00e9 visible \u00e0 la lumi\u00e8re. Mont\u00e9e en cabochon poli avec une b\u00e9li\u00e8re en acier [&hellip;]<\/p>\n","protected":false},"featured_media":3651,"comment_status":"open","ping_status":"closed","template":"","meta":{"site-sidebar-layout":"default","site-content-layout":"","ast-site-content-layout":"default","site-content-style":"default","site-sidebar-style":"default","ast-global-header-display":"","ast-banner-title-visibility":"","ast-main-header-display":"","ast-hfb-above-header-display":"","ast-hfb-below-header-display":"","ast-hfb-mobile-header-display":"","site-post-title":"","ast-breadcrumbs-content":"","ast-featured-img":"","footer-sml-layout":"","ast-disable-related-posts":"","theme-transparent-header-meta":"default","adv-header-id-meta":"","stick-header-meta":"","header-above-stick-meta":"","header-main-stick-meta":"","header-below-stick-meta":"","astra-migrate-meta-layouts":"set","ast-page-background-enabled":"default","ast-page-background-meta":{"desktop":{"background-color":"var(--ast-global-color-4)","background-image":"","background-repeat":"repeat","background-position":"center center","background-size":"auto","background-attachment":"scroll","background-type":"","background-media":"","overlay-type":"","overlay-color":"","overlay-opacity":"","overlay-gradient":""},"tablet":{"background-color":"","background-image":"","background-repeat":"repeat","background-position":"center center","background-size":"auto","background-attachment":"scroll","background-type":"","background-media":"","overlay-type":"","overlay-color":"","overlay-opacity":"","overlay-gradient":""},"mobile":{"background-color":"","background-image":"","background-repeat":"repeat","background-position":"center center","background-size":"auto","background-attachment":"scroll","background-type":"","background-media":"","overlay-type":"","overlay-color":"","overlay-opacity":"","overlay-gradient":""}},"ast-content-background-meta":{"desktop":{"background-color":"var(--ast-global-color-5)","background-image":"","background-repeat":"repeat","background-position":"center center","background-size":"auto","background-attachment":"scroll","background-type":"","background-media":"","overlay-type":"","overlay-color":"","overlay-opacity":"","overlay-gradient":""},"tablet":{"background-color":"var(--ast-global-color-5)","background-image":"","background-repeat":"repeat","background-position":"center center","background-size":"auto","background-attachment":"scroll","background-type":"","background-media":"","overlay-type":"","overlay-color":"","overlay-opacity":"","overlay-gradient":""},"mobile":{"background-color":"var(--ast-global-color-5)","background-image":"","background-repeat":"repeat","background-position":"center center","background-size":"auto","background-attachment":"scroll","background-type":"","background-media":"","overlay-type":"","overlay-color":"","overlay-opacity":"","overlay-gradient":""}},"_glsr_average":0,"_glsr_ranking":0,"_glsr_reviews":0},"product_brand":[],"product_cat":[70,81,21,63,69],"product_tag":[],"class_list":{"0":"post-3650","1":"product","2":"type-product","3":"status-publish","4":"has-post-thumbnail","6":"product_cat-amethyste","7":"product_cat-connexion-spirituelle","8":"product_cat-pendentifs-de-lithotherapie","9":"product_cat-stress-angoisses","10":"product_cat-violet","11":"desktop-align-left","12":"tablet-align-left","13":"mobile-align-left","15":"first","16":"instock","17":"purchasable","18":"product-type-simple"},"yoast_head":"<!-- This site is optimized with the Yoast SEO plugin v27.5 - https:\/\/yoast.com\/product\/yoast-seo-wordpress\/ -->\n<title>Pendentif en Am\u00e9thyste \u00e9toil\u00e9e - Au fil des pierres<\/title>\n<meta name=\"description\" content=\"Pendentif en am\u00e9thyste \u00e9toil\u00e9e, pierre de paix et d\u2019intuition. Favorise l\u2019apaisement mental, la clart\u00e9 int\u00e9rieure et la connexion spirituelle\" \/>\n<meta name=\"robots\" content=\"index, follow, max-snippet:-1, max-image-preview:large, max-video-preview:-1\" \/>\n<link rel=\"canonical\" href=\"https:\/\/aufildespierres.com\/index.php\/product\/pendentif-en-amethyste-etoilee\/\" \/>\n<meta property=\"og:locale\" content=\"fr_FR\" \/>\n<meta property=\"og:type\" content=\"article\" \/>\n<meta property=\"og:title\" content=\"Pendentif en Am\u00e9thyste \u00e9toil\u00e9e - Au fil des pierres\" \/>\n<meta property=\"og:description\" content=\"Pendentif en am\u00e9thyste \u00e9toil\u00e9e, pierre de paix et d\u2019intuition. Favorise l\u2019apaisement mental, la clart\u00e9 int\u00e9rieure et la connexion spirituelle\" \/>\n<meta property=\"og:url\" content=\"https:\/\/aufildespierres.com\/index.php\/product\/pendentif-en-amethyste-etoilee\/\" \/>\n<meta property=\"og:site_name\" content=\"Au fil des pierres\" \/>\n<meta property=\"article:modified_time\" content=\"2026-04-06T20:13:33+00:00\" \/>\n<meta property=\"og:image\" content=\"https:\/\/aufildespierres.com\/wp-content\/uploads\/2025\/03\/20250330_182654-scaled.jpg\" \/>\n\t<meta property=\"og:image:width\" content=\"1920\" \/>\n\t<meta property=\"og:image:height\" content=\"2560\" \/>\n\t<meta property=\"og:image:type\" content=\"image\/jpeg\" \/>\n<meta name=\"twitter:card\" content=\"summary_large_image\" \/>\n<meta name=\"twitter:label1\" content=\"Dur\u00e9e de lecture estim\u00e9e\" \/>\n\t<meta name=\"twitter:data1\" content=\"2 minutes\" \/>\n<script type=\"application\/ld+json\" class=\"yoast-schema-graph\">{\"@context\":\"https:\\\/\\\/schema.org\",\"@graph\":[{\"@type\":\"WebPage\",\"@id\":\"https:\\\/\\\/aufildespierres.com\\\/index.php\\\/product\\\/pendentif-en-amethyste-etoilee\\\/\",\"url\":\"https:\\\/\\\/aufildespierres.com\\\/index.php\\\/product\\\/pendentif-en-amethyste-etoilee\\\/\",\"name\":\"Pendentif en Am\u00e9thyste \u00e9toil\u00e9e - Au fil des pierres\",\"isPartOf\":{\"@id\":\"https:\\\/\\\/aufildespierres.com\\\/#website\"},\"primaryImageOfPage\":{\"@id\":\"https:\\\/\\\/aufildespierres.com\\\/index.php\\\/product\\\/pendentif-en-amethyste-etoilee\\\/#primaryimage\"},\"image\":{\"@id\":\"https:\\\/\\\/aufildespierres.com\\\/index.php\\\/product\\\/pendentif-en-amethyste-etoilee\\\/#primaryimage\"},\"thumbnailUrl\":\"https:\\\/\\\/aufildespierres.com\\\/wp-content\\\/uploads\\\/2025\\\/03\\\/20250330_182654-scaled.jpg\",\"datePublished\":\"2025-03-30T18:15:06+00:00\",\"dateModified\":\"2026-04-06T20:13:33+00:00\",\"description\":\"Pendentif en am\u00e9thyste \u00e9toil\u00e9e, pierre de paix et d\u2019intuition. Favorise l\u2019apaisement mental, la clart\u00e9 int\u00e9rieure et la connexion spirituelle\",\"breadcrumb\":{\"@id\":\"https:\\\/\\\/aufildespierres.com\\\/index.php\\\/product\\\/pendentif-en-amethyste-etoilee\\\/#breadcrumb\"},\"inLanguage\":\"fr-FR\",\"potentialAction\":[{\"@type\":\"ReadAction\",\"target\":[\"https:\\\/\\\/aufildespierres.com\\\/index.php\\\/product\\\/pendentif-en-amethyste-etoilee\\\/\"]}]},{\"@type\":\"ImageObject\",\"inLanguage\":\"fr-FR\",\"@id\":\"https:\\\/\\\/aufildespierres.com\\\/index.php\\\/product\\\/pendentif-en-amethyste-etoilee\\\/#primaryimage\",\"url\":\"https:\\\/\\\/aufildespierres.com\\\/wp-content\\\/uploads\\\/2025\\\/03\\\/20250330_182654-scaled.jpg\",\"contentUrl\":\"https:\\\/\\\/aufildespierres.com\\\/wp-content\\\/uploads\\\/2025\\\/03\\\/20250330_182654-scaled.jpg\",\"width\":1920,\"height\":2560},{\"@type\":\"BreadcrumbList\",\"@id\":\"https:\\\/\\\/aufildespierres.com\\\/index.php\\\/product\\\/pendentif-en-amethyste-etoilee\\\/#breadcrumb\",\"itemListElement\":[{\"@type\":\"ListItem\",\"position\":1,\"name\":\"Accueil\",\"item\":\"https:\\\/\\\/aufildespierres.com\\\/\"},{\"@type\":\"ListItem\",\"position\":2,\"name\":\"Boutique de Lithoth\u00e9rapie\",\"item\":\"https:\\\/\\\/aufildespierres.com\\\/index.php\\\/boutique-de-lithotherapie\\\/\"},{\"@type\":\"ListItem\",\"position\":3,\"name\":\"Pendentif en Am\u00e9thyste \u00e9toil\u00e9e\"}]},{\"@type\":\"WebSite\",\"@id\":\"https:\\\/\\\/aufildespierres.com\\\/#website\",\"url\":\"https:\\\/\\\/aufildespierres.com\\\/\",\"name\":\"Au fil des pierres\",\"description\":\"Au fil des pierres\",\"publisher\":{\"@id\":\"https:\\\/\\\/aufildespierres.com\\\/#organization\"},\"potentialAction\":[{\"@type\":\"SearchAction\",\"target\":{\"@type\":\"EntryPoint\",\"urlTemplate\":\"https:\\\/\\\/aufildespierres.com\\\/?s={search_term_string}\"},\"query-input\":{\"@type\":\"PropertyValueSpecification\",\"valueRequired\":true,\"valueName\":\"search_term_string\"}}],\"inLanguage\":\"fr-FR\"},{\"@type\":\"Organization\",\"@id\":\"https:\\\/\\\/aufildespierres.com\\\/#organization\",\"name\":\"Au fil des pierres\",\"url\":\"https:\\\/\\\/aufildespierres.com\\\/\",\"logo\":{\"@type\":\"ImageObject\",\"inLanguage\":\"fr-FR\",\"@id\":\"https:\\\/\\\/aufildespierres.com\\\/#\\\/schema\\\/logo\\\/image\\\/\",\"url\":\"https:\\\/\\\/aufildespierres.com\\\/wp-content\\\/uploads\\\/2023\\\/05\\\/cropped-Logo-PNG-Transparent.png\",\"contentUrl\":\"https:\\\/\\\/aufildespierres.com\\\/wp-content\\\/uploads\\\/2023\\\/05\\\/cropped-Logo-PNG-Transparent.png\",\"width\":1776,\"height\":1625,\"caption\":\"Au fil des pierres\"},\"image\":{\"@id\":\"https:\\\/\\\/aufildespierres.com\\\/#\\\/schema\\\/logo\\\/image\\\/\"}}]}<\/script>\n<!-- \/ Yoast SEO plugin. -->","yoast_head_json":{"title":"Pendentif en Am\u00e9thyste \u00e9toil\u00e9e - Au fil des pierres","description":"Pendentif en am\u00e9thyste \u00e9toil\u00e9e, pierre de paix et d\u2019intuition. Favorise l\u2019apaisement mental, la clart\u00e9 int\u00e9rieure et la connexion spirituelle","robots":{"index":"index","follow":"follow","max-snippet":"max-snippet:-1","max-image-preview":"max-image-preview:large","max-video-preview":"max-video-preview:-1"},"canonical":"https:\/\/aufildespierres.com\/index.php\/product\/pendentif-en-amethyste-etoilee\/","og_locale":"fr_FR","og_type":"article","og_title":"Pendentif en Am\u00e9thyste \u00e9toil\u00e9e - Au fil des pierres","og_description":"Pendentif en am\u00e9thyste \u00e9toil\u00e9e, pierre de paix et d\u2019intuition. Favorise l\u2019apaisement mental, la clart\u00e9 int\u00e9rieure et la connexion spirituelle","og_url":"https:\/\/aufildespierres.com\/index.php\/product\/pendentif-en-amethyste-etoilee\/","og_site_name":"Au fil des pierres","article_modified_time":"2026-04-06T20:13:33+00:00","og_image":[{"width":1920,"height":2560,"url":"https:\/\/aufildespierres.com\/wp-content\/uploads\/2025\/03\/20250330_182654-scaled.jpg","type":"image\/jpeg"}],"twitter_card":"summary_large_image","twitter_misc":{"Dur\u00e9e de lecture estim\u00e9e":"2 minutes"},"schema":{"@context":"https:\/\/schema.org","@graph":[{"@type":"WebPage","@id":"https:\/\/aufildespierres.com\/index.php\/product\/pendentif-en-amethyste-etoilee\/","url":"https:\/\/aufildespierres.com\/index.php\/product\/pendentif-en-amethyste-etoilee\/","name":"Pendentif en Am\u00e9thyste \u00e9toil\u00e9e - Au fil des pierres","isPartOf":{"@id":"https:\/\/aufildespierres.com\/#website"},"primaryImageOfPage":{"@id":"https:\/\/aufildespierres.com\/index.php\/product\/pendentif-en-amethyste-etoilee\/#primaryimage"},"image":{"@id":"https:\/\/aufildespierres.com\/index.php\/product\/pendentif-en-amethyste-etoilee\/#primaryimage"},"thumbnailUrl":"https:\/\/aufildespierres.com\/wp-content\/uploads\/2025\/03\/20250330_182654-scaled.jpg","datePublished":"2025-03-30T18:15:06+00:00","dateModified":"2026-04-06T20:13:33+00:00","description":"Pendentif en am\u00e9thyste \u00e9toil\u00e9e, pierre de paix et d\u2019intuition. Favorise l\u2019apaisement mental, la clart\u00e9 int\u00e9rieure et la connexion spirituelle","breadcrumb":{"@id":"https:\/\/aufildespierres.com\/index.php\/product\/pendentif-en-amethyste-etoilee\/#breadcrumb"},"inLanguage":"fr-FR","potentialAction":[{"@type":"ReadAction","target":["https:\/\/aufildespierres.com\/index.php\/product\/pendentif-en-amethyste-etoilee\/"]}]},{"@type":"ImageObject","inLanguage":"fr-FR","@id":"https:\/\/aufildespierres.com\/index.php\/product\/pendentif-en-amethyste-etoilee\/#primaryimage","url":"https:\/\/aufildespierres.com\/wp-content\/uploads\/2025\/03\/20250330_182654-scaled.jpg","contentUrl":"https:\/\/aufildespierres.com\/wp-content\/uploads\/2025\/03\/20250330_182654-scaled.jpg","width":1920,"height":2560},{"@type":"BreadcrumbList","@id":"https:\/\/aufildespierres.com\/index.php\/product\/pendentif-en-amethyste-etoilee\/#breadcrumb","itemListElement":[{"@type":"ListItem","position":1,"name":"Accueil","item":"https:\/\/aufildespierres.com\/"},{"@type":"ListItem","position":2,"name":"Boutique de Lithoth\u00e9rapie","item":"https:\/\/aufildespierres.com\/index.php\/boutique-de-lithotherapie\/"},{"@type":"ListItem","position":3,"name":"Pendentif en Am\u00e9thyste \u00e9toil\u00e9e"}]},{"@type":"WebSite","@id":"https:\/\/aufildespierres.com\/#website","url":"https:\/\/aufildespierres.com\/","name":"Au fil des pierres","description":"Au fil des pierres","publisher":{"@id":"https:\/\/aufildespierres.com\/#organization"},"potentialAction":[{"@type":"SearchAction","target":{"@type":"EntryPoint","urlTemplate":"https:\/\/aufildespierres.com\/?s={search_term_string}"},"query-input":{"@type":"PropertyValueSpecification","valueRequired":true,"valueName":"search_term_string"}}],"inLanguage":"fr-FR"},{"@type":"Organization","@id":"https:\/\/aufildespierres.com\/#organization","name":"Au fil des pierres","url":"https:\/\/aufildespierres.com\/","logo":{"@type":"ImageObject","inLanguage":"fr-FR","@id":"https:\/\/aufildespierres.com\/#\/schema\/logo\/image\/","url":"https:\/\/aufildespierres.com\/wp-content\/uploads\/2023\/05\/cropped-Logo-PNG-Transparent.png","contentUrl":"https:\/\/aufildespierres.com\/wp-content\/uploads\/2023\/05\/cropped-Logo-PNG-Transparent.png","width":1776,"height":1625,"caption":"Au fil des pierres"},"image":{"@id":"https:\/\/aufildespierres.com\/#\/schema\/logo\/image\/"}}]}},"_links":{"self":[{"href":"https:\/\/aufildespierres.com\/index.php\/wp-json\/wp\/v2\/product\/3650","targetHints":{"allow":["GET"]}}],"collection":[{"href":"https:\/\/aufildespierres.com\/index.php\/wp-json\/wp\/v2\/product"}],"about":[{"href":"https:\/\/aufildespierres.com\/index.php\/wp-json\/wp\/v2\/types\/product"}],"replies":[{"embeddable":true,"href":"https:\/\/aufildespierres.com\/index.php\/wp-json\/wp\/v2\/comments?post=3650"}],"wp:featuredmedia":[{"embeddable":true,"href":"https:\/\/aufildespierres.com\/index.php\/wp-json\/wp\/v2\/media\/3651"}],"wp:attachment":[{"href":"https:\/\/aufildespierres.com\/index.php\/wp-json\/wp\/v2\/media?parent=3650"}],"wp:term":[{"taxonomy":"product_brand","embeddable":true,"href":"https:\/\/aufildespierres.com\/index.php\/wp-json\/wp\/v2\/product_brand?post=3650"},{"taxonomy":"product_cat","embeddable":true,"href":"https:\/\/aufildespierres.com\/index.php\/wp-json\/wp\/v2\/product_cat?post=3650"},{"taxonomy":"product_tag","embeddable":true,"href":"https:\/\/aufildespierres.com\/index.php\/wp-json\/wp\/v2\/product_tag?post=3650"}],"curies":[{"name":"wp","href":"https:\/\/api.w.org\/{rel}","templated":true}]}}