{"id":3657,"date":"2025-03-30T20:30:41","date_gmt":"2025-03-30T18:30:41","guid":{"rendered":"https:\/\/aufildespierres.com\/?post_type=product&#038;p=3657"},"modified":"2025-03-30T20:30:41","modified_gmt":"2025-03-30T18:30:41","slug":"pendentif-en-jaspe-coulee-de-lave","status":"publish","type":"product","link":"https:\/\/aufildespierres.com\/index.php\/product\/pendentif-en-jaspe-coulee-de-lave\/","title":{"rendered":"Pendentif en Jaspe coul\u00e9e de lave"},"content":{"rendered":"<h3 class=\"\" data-start=\"1606\" data-end=\"1685\"><strong data-start=\"1610\" data-end=\"1685\">Pendentif en Jaspe \u00ab\u00a0Coul\u00e9e de Lave\u00a0\u00bb \u2013 Vitalit\u00e9, force et transformation<\/strong><\/h3>\n<p class=\"\" data-start=\"1687\" data-end=\"2061\"><strong data-start=\"1687\" data-end=\"1702\">\ud83d\udd38 Pierre :<\/strong> Jaspe \u00ab\u00a0Coul\u00e9e de lave\u00a0\u00bb naturelle (vari\u00e9t\u00e9 volcanique)<br data-start=\"1756\" data-end=\"1759\" \/><strong data-start=\"1759\" data-end=\"1775\">\ud83d\udd38 Origine :<\/strong> Indon\u00e9sie<br data-start=\"1825\" data-end=\"1828\" \/><strong data-start=\"1828\" data-end=\"1844\">\ud83d\udd38 Qualit\u00e9 :<\/strong> AA \u2013 Motifs contrast\u00e9s, couleurs intenses (rouge, noir, brun)<br data-start=\"1905\" data-end=\"1908\" \/><strong data-start=\"1908\" data-end=\"1922\">\ud83d\udd38 Forme :<\/strong> Cabochon ou galet poli mont\u00e9 sur b\u00e9li\u00e8re acier inoxydable\u00a0<br data-start=\"1963\" data-end=\"1966\" \/><strong data-start=\"1966\" data-end=\"1985\">\ud83d\udd38 Dimensions :<\/strong> Environ 4 x 3 cm\u00a0<br data-start=\"1999\" data-end=\"2002\" \/><strong data-start=\"2002\" data-end=\"2023\">\ud83d\udd38 Pi\u00e8ce unique :<\/strong> Chaque motif de lave fig\u00e9e est unique<\/p>\n<hr class=\"\" data-start=\"2063\" data-end=\"2066\" \/>\n<h3 class=\"\" data-start=\"2068\" data-end=\"2101\"><strong data-start=\"2072\" data-end=\"2099\">Vertus en lithoth\u00e9rapie<\/strong><\/h3>\n<p class=\"\" data-start=\"2102\" data-end=\"2248\">Ce jaspe volcanique, aux allures de coul\u00e9e de lave fig\u00e9e, incarne la transformation, la force de la Terre en mouvement et la puissance int\u00e9rieure.<\/p>\n<p class=\"\" data-start=\"2250\" data-end=\"2638\"><strong data-start=\"2250\" data-end=\"2276\">Bienfaits principaux :<\/strong><br data-start=\"2276\" data-end=\"2279\" \/>\ud83d\udd39 Stimule l\u2019\u00e9nergie vitale et la force physique<br data-start=\"2327\" data-end=\"2330\" \/>\ud83d\udd39 Favorise le courage, la pers\u00e9v\u00e9rance et l\u2019affirmation de soi<br data-start=\"2393\" data-end=\"2396\" \/>\ud83d\udd39 Accompagne les p\u00e9riodes de changement, de renaissance ou de \u00ab\u00a0reconstruction\u00a0\u00bb personnelle<br data-start=\"2487\" data-end=\"2490\" \/>\ud83d\udd39 Renforce l\u2019ancrage tout en activant la cr\u00e9ativit\u00e9 et la passion<br data-start=\"2556\" data-end=\"2559\" \/>\ud83d\udd39 Aide \u00e0 lib\u00e9rer les blocages \u00e9motionnels li\u00e9s \u00e0 la col\u00e8re ou \u00e0 la frustration<\/p>\n<hr class=\"\" data-start=\"2640\" data-end=\"2643\" \/>\n<h3 class=\"\" data-start=\"2645\" data-end=\"2664\"><strong data-start=\"2649\" data-end=\"2662\">Entretien<\/strong><\/h3>\n<p class=\"\" data-start=\"2665\" data-end=\"2804\">\ud83d\udca7 Purification : eau, sel indirect, fumigation<br data-start=\"2712\" data-end=\"2715\" \/>\ud83c\udf1e Rechargement : lumi\u00e8re solaire mod\u00e9r\u00e9e ou lumi\u00e8re lunaire pour \u00e9quilibrer les \u00e9nergies<\/p>\n<hr class=\"\" data-start=\"2806\" data-end=\"2809\" \/>\n<p class=\"\" data-start=\"2811\" data-end=\"2954\">Un bijou \u00e0 l\u2019\u00e9nergie puissante, pour celles et ceux qui souhaitent avancer avec force et confiance sur leur chemin personnel de transformation.<\/p>\n","protected":false},"excerpt":{"rendered":"<p>Pendentif en Jaspe \u00ab\u00a0Coul\u00e9e de Lave\u00a0\u00bb \u2013 Vitalit\u00e9, force et transformation \ud83d\udd38 Pierre : Jaspe \u00ab\u00a0Coul\u00e9e de lave\u00a0\u00bb naturelle (vari\u00e9t\u00e9 volcanique)\ud83d\udd38 Origine : Indon\u00e9sie\ud83d\udd38 Qualit\u00e9 : AA \u2013 Motifs contrast\u00e9s, couleurs intenses (rouge, noir, brun)\ud83d\udd38 Forme : Cabochon ou galet poli mont\u00e9 sur b\u00e9li\u00e8re acier inoxydable\u00a0\ud83d\udd38 Dimensions : Environ 4 x 3 cm\u00a0\ud83d\udd38 Pi\u00e8ce unique [&hellip;]<\/p>\n","protected":false},"featured_media":3658,"comment_status":"open","ping_status":"closed","template":"","meta":{"site-sidebar-layout":"default","site-content-layout":"","ast-site-content-layout":"default","site-content-style":"default","site-sidebar-style":"default","ast-global-header-display":"","ast-banner-title-visibility":"","ast-main-header-display":"","ast-hfb-above-header-display":"","ast-hfb-below-header-display":"","ast-hfb-mobile-header-display":"","site-post-title":"","ast-breadcrumbs-content":"","ast-featured-img":"","footer-sml-layout":"","ast-disable-related-posts":"","theme-transparent-header-meta":"default","adv-header-id-meta":"","stick-header-meta":"","header-above-stick-meta":"","header-main-stick-meta":"","header-below-stick-meta":"","astra-migrate-meta-layouts":"set","ast-page-background-enabled":"default","ast-page-background-meta":{"desktop":{"background-color":"var(--ast-global-color-4)","background-image":"","background-repeat":"repeat","background-position":"center center","background-size":"auto","background-attachment":"scroll","background-type":"","background-media":"","overlay-type":"","overlay-color":"","overlay-opacity":"","overlay-gradient":""},"tablet":{"background-color":"","background-image":"","background-repeat":"repeat","background-position":"center center","background-size":"auto","background-attachment":"scroll","background-type":"","background-media":"","overlay-type":"","overlay-color":"","overlay-opacity":"","overlay-gradient":""},"mobile":{"background-color":"","background-image":"","background-repeat":"repeat","background-position":"center center","background-size":"auto","background-attachment":"scroll","background-type":"","background-media":"","overlay-type":"","overlay-color":"","overlay-opacity":"","overlay-gradient":""}},"ast-content-background-meta":{"desktop":{"background-color":"var(--ast-global-color-5)","background-image":"","background-repeat":"repeat","background-position":"center center","background-size":"auto","background-attachment":"scroll","background-type":"","background-media":"","overlay-type":"","overlay-color":"","overlay-opacity":"","overlay-gradient":""},"tablet":{"background-color":"var(--ast-global-color-5)","background-image":"","background-repeat":"repeat","background-position":"center center","background-size":"auto","background-attachment":"scroll","background-type":"","background-media":"","overlay-type":"","overlay-color":"","overlay-opacity":"","overlay-gradient":""},"mobile":{"background-color":"var(--ast-global-color-5)","background-image":"","background-repeat":"repeat","background-position":"center center","background-size":"auto","background-attachment":"scroll","background-type":"","background-media":"","overlay-type":"","overlay-color":"","overlay-opacity":"","overlay-gradient":""}},"_glsr_average":0,"_glsr_ranking":0,"_glsr_reviews":0},"product_brand":[],"product_cat":[123,49,279,66,76],"product_tag":[],"class_list":{"0":"post-3657","1":"product","2":"type-product","3":"status-publish","4":"has-post-thumbnail","6":"product_cat-ancrage-et-determination","7":"product_cat-confiance-en-soi","8":"product_cat-jaspe-coulee-de-lave","9":"product_cat-noir","10":"product_cat-rouge","11":"desktop-align-left","12":"tablet-align-left","13":"mobile-align-left","15":"first","16":"instock","17":"purchasable","18":"product-type-simple"},"yoast_head":"<!-- This site is optimized with the Yoast SEO plugin v27.5 - https:\/\/yoast.com\/product\/yoast-seo-wordpress\/ -->\n<title>Pendentif en Jaspe coul\u00e9e de lave - Au fil des pierres<\/title>\n<meta name=\"robots\" content=\"index, follow, max-snippet:-1, max-image-preview:large, max-video-preview:-1\" \/>\n<link rel=\"canonical\" href=\"https:\/\/aufildespierres.com\/index.php\/product\/pendentif-en-jaspe-coulee-de-lave\/\" \/>\n<meta property=\"og:locale\" content=\"fr_FR\" \/>\n<meta property=\"og:type\" content=\"article\" \/>\n<meta property=\"og:title\" content=\"Pendentif en Jaspe coul\u00e9e de lave - Au fil des pierres\" \/>\n<meta property=\"og:description\" content=\"Pendentif en Jaspe \u00ab\u00a0Coul\u00e9e de Lave\u00a0\u00bb \u2013 Vitalit\u00e9, force et transformation \ud83d\udd38 Pierre : Jaspe \u00ab\u00a0Coul\u00e9e de lave\u00a0\u00bb naturelle (vari\u00e9t\u00e9 volcanique)\ud83d\udd38 Origine : Indon\u00e9sie\ud83d\udd38 Qualit\u00e9 : AA \u2013 Motifs contrast\u00e9s, couleurs intenses (rouge, noir, brun)\ud83d\udd38 Forme : Cabochon ou galet poli mont\u00e9 sur b\u00e9li\u00e8re acier inoxydable\u00a0\ud83d\udd38 Dimensions : Environ 4 x 3 cm\u00a0\ud83d\udd38 Pi\u00e8ce unique [&hellip;]\" \/>\n<meta property=\"og:url\" content=\"https:\/\/aufildespierres.com\/index.php\/product\/pendentif-en-jaspe-coulee-de-lave\/\" \/>\n<meta property=\"og:site_name\" content=\"Au fil des pierres\" \/>\n<meta property=\"og:image\" content=\"https:\/\/aufildespierres.com\/wp-content\/uploads\/2025\/03\/20250330_182359-scaled.jpg\" \/>\n\t<meta property=\"og:image:width\" content=\"1920\" \/>\n\t<meta property=\"og:image:height\" content=\"2560\" \/>\n\t<meta property=\"og:image:type\" content=\"image\/jpeg\" \/>\n<meta name=\"twitter:card\" content=\"summary_large_image\" \/>\n<meta name=\"twitter:label1\" content=\"Dur\u00e9e de lecture estim\u00e9e\" \/>\n\t<meta name=\"twitter:data1\" content=\"2 minutes\" \/>\n<script type=\"application\/ld+json\" class=\"yoast-schema-graph\">{\"@context\":\"https:\\\/\\\/schema.org\",\"@graph\":[{\"@type\":\"WebPage\",\"@id\":\"https:\\\/\\\/aufildespierres.com\\\/index.php\\\/product\\\/pendentif-en-jaspe-coulee-de-lave\\\/\",\"url\":\"https:\\\/\\\/aufildespierres.com\\\/index.php\\\/product\\\/pendentif-en-jaspe-coulee-de-lave\\\/\",\"name\":\"Pendentif en Jaspe coul\u00e9e de lave - Au fil des pierres\",\"isPartOf\":{\"@id\":\"https:\\\/\\\/aufildespierres.com\\\/#website\"},\"primaryImageOfPage\":{\"@id\":\"https:\\\/\\\/aufildespierres.com\\\/index.php\\\/product\\\/pendentif-en-jaspe-coulee-de-lave\\\/#primaryimage\"},\"image\":{\"@id\":\"https:\\\/\\\/aufildespierres.com\\\/index.php\\\/product\\\/pendentif-en-jaspe-coulee-de-lave\\\/#primaryimage\"},\"thumbnailUrl\":\"https:\\\/\\\/aufildespierres.com\\\/wp-content\\\/uploads\\\/2025\\\/03\\\/20250330_182359-scaled.jpg\",\"datePublished\":\"2025-03-30T18:30:41+00:00\",\"breadcrumb\":{\"@id\":\"https:\\\/\\\/aufildespierres.com\\\/index.php\\\/product\\\/pendentif-en-jaspe-coulee-de-lave\\\/#breadcrumb\"},\"inLanguage\":\"fr-FR\",\"potentialAction\":[{\"@type\":\"ReadAction\",\"target\":[\"https:\\\/\\\/aufildespierres.com\\\/index.php\\\/product\\\/pendentif-en-jaspe-coulee-de-lave\\\/\"]}]},{\"@type\":\"ImageObject\",\"inLanguage\":\"fr-FR\",\"@id\":\"https:\\\/\\\/aufildespierres.com\\\/index.php\\\/product\\\/pendentif-en-jaspe-coulee-de-lave\\\/#primaryimage\",\"url\":\"https:\\\/\\\/aufildespierres.com\\\/wp-content\\\/uploads\\\/2025\\\/03\\\/20250330_182359-scaled.jpg\",\"contentUrl\":\"https:\\\/\\\/aufildespierres.com\\\/wp-content\\\/uploads\\\/2025\\\/03\\\/20250330_182359-scaled.jpg\",\"width\":1920,\"height\":2560},{\"@type\":\"BreadcrumbList\",\"@id\":\"https:\\\/\\\/aufildespierres.com\\\/index.php\\\/product\\\/pendentif-en-jaspe-coulee-de-lave\\\/#breadcrumb\",\"itemListElement\":[{\"@type\":\"ListItem\",\"position\":1,\"name\":\"Accueil\",\"item\":\"https:\\\/\\\/aufildespierres.com\\\/\"},{\"@type\":\"ListItem\",\"position\":2,\"name\":\"Boutique de Lithoth\u00e9rapie\",\"item\":\"https:\\\/\\\/aufildespierres.com\\\/index.php\\\/boutique-de-lithotherapie\\\/\"},{\"@type\":\"ListItem\",\"position\":3,\"name\":\"Pendentif en Jaspe coul\u00e9e de lave\"}]},{\"@type\":\"WebSite\",\"@id\":\"https:\\\/\\\/aufildespierres.com\\\/#website\",\"url\":\"https:\\\/\\\/aufildespierres.com\\\/\",\"name\":\"Au fil des pierres\",\"description\":\"Au fil des pierres\",\"publisher\":{\"@id\":\"https:\\\/\\\/aufildespierres.com\\\/#organization\"},\"potentialAction\":[{\"@type\":\"SearchAction\",\"target\":{\"@type\":\"EntryPoint\",\"urlTemplate\":\"https:\\\/\\\/aufildespierres.com\\\/?s={search_term_string}\"},\"query-input\":{\"@type\":\"PropertyValueSpecification\",\"valueRequired\":true,\"valueName\":\"search_term_string\"}}],\"inLanguage\":\"fr-FR\"},{\"@type\":\"Organization\",\"@id\":\"https:\\\/\\\/aufildespierres.com\\\/#organization\",\"name\":\"Au fil des pierres\",\"url\":\"https:\\\/\\\/aufildespierres.com\\\/\",\"logo\":{\"@type\":\"ImageObject\",\"inLanguage\":\"fr-FR\",\"@id\":\"https:\\\/\\\/aufildespierres.com\\\/#\\\/schema\\\/logo\\\/image\\\/\",\"url\":\"https:\\\/\\\/aufildespierres.com\\\/wp-content\\\/uploads\\\/2023\\\/05\\\/cropped-Logo-PNG-Transparent.png\",\"contentUrl\":\"https:\\\/\\\/aufildespierres.com\\\/wp-content\\\/uploads\\\/2023\\\/05\\\/cropped-Logo-PNG-Transparent.png\",\"width\":1776,\"height\":1625,\"caption\":\"Au fil des pierres\"},\"image\":{\"@id\":\"https:\\\/\\\/aufildespierres.com\\\/#\\\/schema\\\/logo\\\/image\\\/\"}}]}<\/script>\n<!-- \/ Yoast SEO plugin. -->","yoast_head_json":{"title":"Pendentif en Jaspe coul\u00e9e de lave - Au fil des pierres","robots":{"index":"index","follow":"follow","max-snippet":"max-snippet:-1","max-image-preview":"max-image-preview:large","max-video-preview":"max-video-preview:-1"},"canonical":"https:\/\/aufildespierres.com\/index.php\/product\/pendentif-en-jaspe-coulee-de-lave\/","og_locale":"fr_FR","og_type":"article","og_title":"Pendentif en Jaspe coul\u00e9e de lave - Au fil des pierres","og_description":"Pendentif en Jaspe \u00ab\u00a0Coul\u00e9e de Lave\u00a0\u00bb \u2013 Vitalit\u00e9, force et transformation \ud83d\udd38 Pierre : Jaspe \u00ab\u00a0Coul\u00e9e de lave\u00a0\u00bb naturelle (vari\u00e9t\u00e9 volcanique)\ud83d\udd38 Origine : Indon\u00e9sie\ud83d\udd38 Qualit\u00e9 : AA \u2013 Motifs contrast\u00e9s, couleurs intenses (rouge, noir, brun)\ud83d\udd38 Forme : Cabochon ou galet poli mont\u00e9 sur b\u00e9li\u00e8re acier inoxydable\u00a0\ud83d\udd38 Dimensions : Environ 4 x 3 cm\u00a0\ud83d\udd38 Pi\u00e8ce unique [&hellip;]","og_url":"https:\/\/aufildespierres.com\/index.php\/product\/pendentif-en-jaspe-coulee-de-lave\/","og_site_name":"Au fil des pierres","og_image":[{"width":1920,"height":2560,"url":"https:\/\/aufildespierres.com\/wp-content\/uploads\/2025\/03\/20250330_182359-scaled.jpg","type":"image\/jpeg"}],"twitter_card":"summary_large_image","twitter_misc":{"Dur\u00e9e de lecture estim\u00e9e":"2 minutes"},"schema":{"@context":"https:\/\/schema.org","@graph":[{"@type":"WebPage","@id":"https:\/\/aufildespierres.com\/index.php\/product\/pendentif-en-jaspe-coulee-de-lave\/","url":"https:\/\/aufildespierres.com\/index.php\/product\/pendentif-en-jaspe-coulee-de-lave\/","name":"Pendentif en Jaspe coul\u00e9e de lave - Au fil des pierres","isPartOf":{"@id":"https:\/\/aufildespierres.com\/#website"},"primaryImageOfPage":{"@id":"https:\/\/aufildespierres.com\/index.php\/product\/pendentif-en-jaspe-coulee-de-lave\/#primaryimage"},"image":{"@id":"https:\/\/aufildespierres.com\/index.php\/product\/pendentif-en-jaspe-coulee-de-lave\/#primaryimage"},"thumbnailUrl":"https:\/\/aufildespierres.com\/wp-content\/uploads\/2025\/03\/20250330_182359-scaled.jpg","datePublished":"2025-03-30T18:30:41+00:00","breadcrumb":{"@id":"https:\/\/aufildespierres.com\/index.php\/product\/pendentif-en-jaspe-coulee-de-lave\/#breadcrumb"},"inLanguage":"fr-FR","potentialAction":[{"@type":"ReadAction","target":["https:\/\/aufildespierres.com\/index.php\/product\/pendentif-en-jaspe-coulee-de-lave\/"]}]},{"@type":"ImageObject","inLanguage":"fr-FR","@id":"https:\/\/aufildespierres.com\/index.php\/product\/pendentif-en-jaspe-coulee-de-lave\/#primaryimage","url":"https:\/\/aufildespierres.com\/wp-content\/uploads\/2025\/03\/20250330_182359-scaled.jpg","contentUrl":"https:\/\/aufildespierres.com\/wp-content\/uploads\/2025\/03\/20250330_182359-scaled.jpg","width":1920,"height":2560},{"@type":"BreadcrumbList","@id":"https:\/\/aufildespierres.com\/index.php\/product\/pendentif-en-jaspe-coulee-de-lave\/#breadcrumb","itemListElement":[{"@type":"ListItem","position":1,"name":"Accueil","item":"https:\/\/aufildespierres.com\/"},{"@type":"ListItem","position":2,"name":"Boutique de Lithoth\u00e9rapie","item":"https:\/\/aufildespierres.com\/index.php\/boutique-de-lithotherapie\/"},{"@type":"ListItem","position":3,"name":"Pendentif en Jaspe coul\u00e9e de lave"}]},{"@type":"WebSite","@id":"https:\/\/aufildespierres.com\/#website","url":"https:\/\/aufildespierres.com\/","name":"Au fil des pierres","description":"Au fil des pierres","publisher":{"@id":"https:\/\/aufildespierres.com\/#organization"},"potentialAction":[{"@type":"SearchAction","target":{"@type":"EntryPoint","urlTemplate":"https:\/\/aufildespierres.com\/?s={search_term_string}"},"query-input":{"@type":"PropertyValueSpecification","valueRequired":true,"valueName":"search_term_string"}}],"inLanguage":"fr-FR"},{"@type":"Organization","@id":"https:\/\/aufildespierres.com\/#organization","name":"Au fil des pierres","url":"https:\/\/aufildespierres.com\/","logo":{"@type":"ImageObject","inLanguage":"fr-FR","@id":"https:\/\/aufildespierres.com\/#\/schema\/logo\/image\/","url":"https:\/\/aufildespierres.com\/wp-content\/uploads\/2023\/05\/cropped-Logo-PNG-Transparent.png","contentUrl":"https:\/\/aufildespierres.com\/wp-content\/uploads\/2023\/05\/cropped-Logo-PNG-Transparent.png","width":1776,"height":1625,"caption":"Au fil des pierres"},"image":{"@id":"https:\/\/aufildespierres.com\/#\/schema\/logo\/image\/"}}]}},"_links":{"self":[{"href":"https:\/\/aufildespierres.com\/index.php\/wp-json\/wp\/v2\/product\/3657","targetHints":{"allow":["GET"]}}],"collection":[{"href":"https:\/\/aufildespierres.com\/index.php\/wp-json\/wp\/v2\/product"}],"about":[{"href":"https:\/\/aufildespierres.com\/index.php\/wp-json\/wp\/v2\/types\/product"}],"replies":[{"embeddable":true,"href":"https:\/\/aufildespierres.com\/index.php\/wp-json\/wp\/v2\/comments?post=3657"}],"wp:featuredmedia":[{"embeddable":true,"href":"https:\/\/aufildespierres.com\/index.php\/wp-json\/wp\/v2\/media\/3658"}],"wp:attachment":[{"href":"https:\/\/aufildespierres.com\/index.php\/wp-json\/wp\/v2\/media?parent=3657"}],"wp:term":[{"taxonomy":"product_brand","embeddable":true,"href":"https:\/\/aufildespierres.com\/index.php\/wp-json\/wp\/v2\/product_brand?post=3657"},{"taxonomy":"product_cat","embeddable":true,"href":"https:\/\/aufildespierres.com\/index.php\/wp-json\/wp\/v2\/product_cat?post=3657"},{"taxonomy":"product_tag","embeddable":true,"href":"https:\/\/aufildespierres.com\/index.php\/wp-json\/wp\/v2\/product_tag?post=3657"}],"curies":[{"name":"wp","href":"https:\/\/api.w.org\/{rel}","templated":true}]}}