{"id":3664,"date":"2025-04-01T21:31:59","date_gmt":"2025-04-01T19:31:59","guid":{"rendered":"https:\/\/aufildespierres.com\/?post_type=product&#038;p=3664"},"modified":"2026-04-06T22:02:28","modified_gmt":"2026-04-06T20:02:28","slug":"bracelet-amethyste-opale-rose-agate-fleur","status":"publish","type":"product","link":"https:\/\/aufildespierres.com\/index.php\/product\/bracelet-amethyste-opale-rose-agate-fleur\/","title":{"rendered":"Bracelet Am\u00e9thyste Opale rose Agate fleur"},"content":{"rendered":"<h3 data-section-id=\"8be6et\" data-start=\"133\" data-end=\"219\"><span role=\"text\"><strong data-start=\"137\" data-end=\"219\">Bracelet Am\u00e9thyste, Opale Rose, Agate Fleur et\u00a0 Cristal de Roche Craquel\u00e9 <\/strong><\/span><\/h3>\n<h3 data-section-id=\"8be6et\" data-start=\"133\" data-end=\"219\"><span role=\"text\"><strong data-start=\"137\" data-end=\"219\">\u00a08 mm<\/strong><\/span><\/h3>\n<p data-start=\"221\" data-end=\"570\">Offrez-vous un <strong data-start=\"236\" data-end=\"270\">bracelet en pierres naturelles<\/strong> alliant \u00e9l\u00e9gance et bien-\u00eatre. Ce bijou associe <strong data-start=\"319\" data-end=\"386\">am\u00e9thyste, opale rose, agate fleur et cristal de roche craquel\u00e9<\/strong> pour favoriser la <strong data-start=\"405\" data-end=\"437\">paix int\u00e9rieure, la s\u00e9r\u00e9nit\u00e9<\/strong> et apaiser les <strong data-start=\"453\" data-end=\"476\">traumas \u00e9motionnels<\/strong>. Ainsi, il convient parfaitement aux personnes sujettes au stress ou aux troubles du sommeil.<\/p>\n<h4 data-start=\"572\" data-end=\"609\"><span role=\"text\"><strong data-start=\"577\" data-end=\"609\">Les bienfaits de l\u2019Am\u00e9thyste<\/strong><\/span><\/h4>\n<p data-start=\"610\" data-end=\"1053\">L\u2019am\u00e9thyste calme rapidement l\u2019esprit et favorise la m\u00e9ditation. De plus, elle \u00e9quilibre les \u00e9motions et aide \u00e0 retrouver des pens\u00e9es positives. Elle renforce aussi la concentration et la prise de d\u00e9cision. Par cons\u00e9quent, elle convient aux personnes impulsives ou anxieuses.<br data-start=\"885\" data-end=\"888\" \/>C\u00f4t\u00e9 physique, elle peut am\u00e9liorer le sommeil, notamment en cas d\u2019insomnie li\u00e9e au mental actif. Elle soulage \u00e9galement les tensions musculaires et les maux de t\u00eate.<\/p>\n<h4 data-start=\"1055\" data-end=\"1090\"><span role=\"text\"><strong data-start=\"1060\" data-end=\"1090\">Les vertus de l\u2019Opale Rose<\/strong><\/span><\/h4>\n<p data-start=\"1091\" data-end=\"1434\">L\u2019opale rose agit comme une pierre de r\u00e9confort. Elle aide \u00e0 gu\u00e9rir les blessures \u00e9motionnelles et encourage l\u2019amour de soi. En effet, elle apaise la tristesse, la col\u00e8re et l\u2019anxi\u00e9t\u00e9.<br data-start=\"1275\" data-end=\"1278\" \/>Par ailleurs, elle favorise un \u00e9tat de calme durable et facilite l\u2019ouverture aux autres. Elle peut aussi soutenir le sommeil et apaiser les pens\u00e9es agit\u00e9es.<\/p>\n<h4 data-start=\"1436\" data-end=\"1476\"><span role=\"text\"><strong data-start=\"1441\" data-end=\"1476\">Les propri\u00e9t\u00e9s de l\u2019Agate Fleur<\/strong><\/span><\/h4>\n<p data-start=\"1477\" data-end=\"1733\">L\u2019agate fleur stimule la croissance personnelle et invite \u00e0 avancer avec confiance. Elle apporte joie, douceur et s\u00e9r\u00e9nit\u00e9. De plus, elle aide \u00e0 exprimer ses id\u00e9es avec clart\u00e9.<br data-start=\"1653\" data-end=\"1656\" \/>Elle soutient \u00e9galement le syst\u00e8me digestif et contribue \u00e0 r\u00e9duire le stress.<\/p>\n<h4 data-start=\"1735\" data-end=\"1779\"><span role=\"text\"><strong data-start=\"1740\" data-end=\"1779\">Un bracelet \u00e9nerg\u00e9tique harmonisant<\/strong><\/span><\/h4>\n<p data-start=\"1780\" data-end=\"1995\">Gr\u00e2ce \u00e0 l\u2019association de ces pierres, ce bracelet agit en synergie. Il aide \u00e0 \u00e9quilibrer le mental, le corps et les \u00e9motions. En r\u00e9sum\u00e9, c\u2019est un alli\u00e9 id\u00e9al pour retrouver calme, confiance et harmonie au quotidien.<\/p>\n","protected":false},"excerpt":{"rendered":"<p>Bracelet Am\u00e9thyste, Opale Rose, Agate Fleur et\u00a0 Cristal de Roche Craquel\u00e9 \u00a08 mm Offrez-vous un bracelet en pierres naturelles alliant \u00e9l\u00e9gance et bien-\u00eatre. Ce bijou associe am\u00e9thyste, opale rose, agate fleur et cristal de roche craquel\u00e9 pour favoriser la paix int\u00e9rieure, la s\u00e9r\u00e9nit\u00e9 et apaiser les traumas \u00e9motionnels. Ainsi, il convient parfaitement aux personnes sujettes [&hellip;]<\/p>\n","protected":false},"featured_media":3665,"comment_status":"open","ping_status":"closed","template":"","meta":{"site-sidebar-layout":"default","site-content-layout":"","ast-site-content-layout":"default","site-content-style":"default","site-sidebar-style":"default","ast-global-header-display":"","ast-banner-title-visibility":"","ast-main-header-display":"","ast-hfb-above-header-display":"","ast-hfb-below-header-display":"","ast-hfb-mobile-header-display":"","site-post-title":"","ast-breadcrumbs-content":"","ast-featured-img":"","footer-sml-layout":"","ast-disable-related-posts":"","theme-transparent-header-meta":"default","adv-header-id-meta":"","stick-header-meta":"","header-above-stick-meta":"","header-main-stick-meta":"","header-below-stick-meta":"","astra-migrate-meta-layouts":"set","ast-page-background-enabled":"default","ast-page-background-meta":{"desktop":{"background-color":"var(--ast-global-color-4)","background-image":"","background-repeat":"repeat","background-position":"center center","background-size":"auto","background-attachment":"scroll","background-type":"","background-media":"","overlay-type":"","overlay-color":"","overlay-opacity":"","overlay-gradient":""},"tablet":{"background-color":"","background-image":"","background-repeat":"repeat","background-position":"center center","background-size":"auto","background-attachment":"scroll","background-type":"","background-media":"","overlay-type":"","overlay-color":"","overlay-opacity":"","overlay-gradient":""},"mobile":{"background-color":"","background-image":"","background-repeat":"repeat","background-position":"center center","background-size":"auto","background-attachment":"scroll","background-type":"","background-media":"","overlay-type":"","overlay-color":"","overlay-opacity":"","overlay-gradient":""}},"ast-content-background-meta":{"desktop":{"background-color":"var(--ast-global-color-5)","background-image":"","background-repeat":"repeat","background-position":"center center","background-size":"auto","background-attachment":"scroll","background-type":"","background-media":"","overlay-type":"","overlay-color":"","overlay-opacity":"","overlay-gradient":""},"tablet":{"background-color":"var(--ast-global-color-5)","background-image":"","background-repeat":"repeat","background-position":"center center","background-size":"auto","background-attachment":"scroll","background-type":"","background-media":"","overlay-type":"","overlay-color":"","overlay-opacity":"","overlay-gradient":""},"mobile":{"background-color":"var(--ast-global-color-5)","background-image":"","background-repeat":"repeat","background-position":"center center","background-size":"auto","background-attachment":"scroll","background-type":"","background-media":"","overlay-type":"","overlay-color":"","overlay-opacity":"","overlay-gradient":""}},"_glsr_average":0,"_glsr_ranking":0,"_glsr_reviews":0},"product_brand":[],"product_cat":[54,220,70,56,290,272,221,65,63,69],"product_tag":[],"class_list":{"0":"post-3664","1":"product","2":"type-product","3":"status-publish","4":"has-post-thumbnail","6":"product_cat-8-mm","7":"product_cat-agate-sakura","8":"product_cat-amethyste","9":"product_cat-bracelets-de-lithotherapie","10":"product_cat-bracelets-de-lithotherapie-femmes","11":"product_cat-equilibre-emotionnel","12":"product_cat-opale-rose","13":"product_cat-rose","14":"product_cat-stress-angoisses","15":"product_cat-violet","16":"desktop-align-left","17":"tablet-align-left","18":"mobile-align-left","20":"first","21":"instock","22":"purchasable","23":"product-type-variable"},"yoast_head":"<!-- This site is optimized with the Yoast SEO plugin v27.5 - https:\/\/yoast.com\/product\/yoast-seo-wordpress\/ -->\n<title>Bracelet Am\u00e9thyste Opale rose Agate fleur - Au fil des pierres<\/title>\n<meta name=\"description\" content=\"Bracelet en Am\u00e9thyste, Opale rose, Agate fleur alliant \u00e9l\u00e9gance, douceur et qualit\u00e9 exceptionnelle.\" \/>\n<meta name=\"robots\" content=\"index, follow, max-snippet:-1, max-image-preview:large, max-video-preview:-1\" \/>\n<link rel=\"canonical\" href=\"https:\/\/aufildespierres.com\/index.php\/product\/bracelet-amethyste-opale-rose-agate-fleur\/\" \/>\n<meta property=\"og:locale\" content=\"fr_FR\" \/>\n<meta property=\"og:type\" content=\"article\" \/>\n<meta property=\"og:title\" content=\"Bracelet Am\u00e9thyste Opale rose Agate fleur - Au fil des pierres\" \/>\n<meta property=\"og:description\" content=\"Bracelet en Am\u00e9thyste, Opale rose, Agate fleur alliant \u00e9l\u00e9gance, douceur et qualit\u00e9 exceptionnelle.\" \/>\n<meta property=\"og:url\" content=\"https:\/\/aufildespierres.com\/index.php\/product\/bracelet-amethyste-opale-rose-agate-fleur\/\" \/>\n<meta property=\"og:site_name\" content=\"Au fil des pierres\" \/>\n<meta property=\"article:modified_time\" content=\"2026-04-06T20:02:28+00:00\" \/>\n<meta property=\"og:image\" content=\"https:\/\/aufildespierres.com\/wp-content\/uploads\/2025\/04\/20250326_141734-768x1024.png\" \/>\n\t<meta property=\"og:image:width\" content=\"768\" \/>\n\t<meta property=\"og:image:height\" content=\"1024\" \/>\n\t<meta property=\"og:image:type\" content=\"image\/png\" \/>\n<meta name=\"twitter:card\" content=\"summary_large_image\" \/>\n<meta name=\"twitter:label1\" content=\"Dur\u00e9e de lecture estim\u00e9e\" \/>\n\t<meta name=\"twitter:data1\" content=\"2 minutes\" \/>\n<script type=\"application\/ld+json\" class=\"yoast-schema-graph\">{\"@context\":\"https:\\\/\\\/schema.org\",\"@graph\":[{\"@type\":\"WebPage\",\"@id\":\"https:\\\/\\\/aufildespierres.com\\\/index.php\\\/product\\\/bracelet-amethyste-opale-rose-agate-fleur\\\/\",\"url\":\"https:\\\/\\\/aufildespierres.com\\\/index.php\\\/product\\\/bracelet-amethyste-opale-rose-agate-fleur\\\/\",\"name\":\"Bracelet Am\u00e9thyste Opale rose Agate fleur - Au fil des pierres\",\"isPartOf\":{\"@id\":\"https:\\\/\\\/aufildespierres.com\\\/#website\"},\"primaryImageOfPage\":{\"@id\":\"https:\\\/\\\/aufildespierres.com\\\/index.php\\\/product\\\/bracelet-amethyste-opale-rose-agate-fleur\\\/#primaryimage\"},\"image\":{\"@id\":\"https:\\\/\\\/aufildespierres.com\\\/index.php\\\/product\\\/bracelet-amethyste-opale-rose-agate-fleur\\\/#primaryimage\"},\"thumbnailUrl\":\"https:\\\/\\\/aufildespierres.com\\\/wp-content\\\/uploads\\\/2025\\\/04\\\/20250326_141734.png\",\"datePublished\":\"2025-04-01T19:31:59+00:00\",\"dateModified\":\"2026-04-06T20:02:28+00:00\",\"description\":\"Bracelet en Am\u00e9thyste, Opale rose, Agate fleur alliant \u00e9l\u00e9gance, douceur et qualit\u00e9 exceptionnelle.\",\"breadcrumb\":{\"@id\":\"https:\\\/\\\/aufildespierres.com\\\/index.php\\\/product\\\/bracelet-amethyste-opale-rose-agate-fleur\\\/#breadcrumb\"},\"inLanguage\":\"fr-FR\",\"potentialAction\":[{\"@type\":\"ReadAction\",\"target\":[\"https:\\\/\\\/aufildespierres.com\\\/index.php\\\/product\\\/bracelet-amethyste-opale-rose-agate-fleur\\\/\"]}]},{\"@type\":\"ImageObject\",\"inLanguage\":\"fr-FR\",\"@id\":\"https:\\\/\\\/aufildespierres.com\\\/index.php\\\/product\\\/bracelet-amethyste-opale-rose-agate-fleur\\\/#primaryimage\",\"url\":\"https:\\\/\\\/aufildespierres.com\\\/wp-content\\\/uploads\\\/2025\\\/04\\\/20250326_141734.png\",\"contentUrl\":\"https:\\\/\\\/aufildespierres.com\\\/wp-content\\\/uploads\\\/2025\\\/04\\\/20250326_141734.png\",\"width\":1536,\"height\":2048},{\"@type\":\"BreadcrumbList\",\"@id\":\"https:\\\/\\\/aufildespierres.com\\\/index.php\\\/product\\\/bracelet-amethyste-opale-rose-agate-fleur\\\/#breadcrumb\",\"itemListElement\":[{\"@type\":\"ListItem\",\"position\":1,\"name\":\"Accueil\",\"item\":\"https:\\\/\\\/aufildespierres.com\\\/\"},{\"@type\":\"ListItem\",\"position\":2,\"name\":\"Boutique de Lithoth\u00e9rapie\",\"item\":\"https:\\\/\\\/aufildespierres.com\\\/index.php\\\/boutique-de-lithotherapie\\\/\"},{\"@type\":\"ListItem\",\"position\":3,\"name\":\"Bracelet Am\u00e9thyste Opale rose Agate fleur\"}]},{\"@type\":\"WebSite\",\"@id\":\"https:\\\/\\\/aufildespierres.com\\\/#website\",\"url\":\"https:\\\/\\\/aufildespierres.com\\\/\",\"name\":\"Au fil des pierres\",\"description\":\"Au fil des pierres\",\"publisher\":{\"@id\":\"https:\\\/\\\/aufildespierres.com\\\/#organization\"},\"potentialAction\":[{\"@type\":\"SearchAction\",\"target\":{\"@type\":\"EntryPoint\",\"urlTemplate\":\"https:\\\/\\\/aufildespierres.com\\\/?s={search_term_string}\"},\"query-input\":{\"@type\":\"PropertyValueSpecification\",\"valueRequired\":true,\"valueName\":\"search_term_string\"}}],\"inLanguage\":\"fr-FR\"},{\"@type\":\"Organization\",\"@id\":\"https:\\\/\\\/aufildespierres.com\\\/#organization\",\"name\":\"Au fil des pierres\",\"url\":\"https:\\\/\\\/aufildespierres.com\\\/\",\"logo\":{\"@type\":\"ImageObject\",\"inLanguage\":\"fr-FR\",\"@id\":\"https:\\\/\\\/aufildespierres.com\\\/#\\\/schema\\\/logo\\\/image\\\/\",\"url\":\"https:\\\/\\\/aufildespierres.com\\\/wp-content\\\/uploads\\\/2023\\\/05\\\/cropped-Logo-PNG-Transparent.png\",\"contentUrl\":\"https:\\\/\\\/aufildespierres.com\\\/wp-content\\\/uploads\\\/2023\\\/05\\\/cropped-Logo-PNG-Transparent.png\",\"width\":1776,\"height\":1625,\"caption\":\"Au fil des pierres\"},\"image\":{\"@id\":\"https:\\\/\\\/aufildespierres.com\\\/#\\\/schema\\\/logo\\\/image\\\/\"}}]}<\/script>\n<!-- \/ Yoast SEO plugin. -->","yoast_head_json":{"title":"Bracelet Am\u00e9thyste Opale rose Agate fleur - Au fil des pierres","description":"Bracelet en Am\u00e9thyste, Opale rose, Agate fleur alliant \u00e9l\u00e9gance, douceur et qualit\u00e9 exceptionnelle.","robots":{"index":"index","follow":"follow","max-snippet":"max-snippet:-1","max-image-preview":"max-image-preview:large","max-video-preview":"max-video-preview:-1"},"canonical":"https:\/\/aufildespierres.com\/index.php\/product\/bracelet-amethyste-opale-rose-agate-fleur\/","og_locale":"fr_FR","og_type":"article","og_title":"Bracelet Am\u00e9thyste Opale rose Agate fleur - Au fil des pierres","og_description":"Bracelet en Am\u00e9thyste, Opale rose, Agate fleur alliant \u00e9l\u00e9gance, douceur et qualit\u00e9 exceptionnelle.","og_url":"https:\/\/aufildespierres.com\/index.php\/product\/bracelet-amethyste-opale-rose-agate-fleur\/","og_site_name":"Au fil des pierres","article_modified_time":"2026-04-06T20:02:28+00:00","og_image":[{"width":768,"height":1024,"url":"https:\/\/aufildespierres.com\/wp-content\/uploads\/2025\/04\/20250326_141734-768x1024.png","type":"image\/png"}],"twitter_card":"summary_large_image","twitter_misc":{"Dur\u00e9e de lecture estim\u00e9e":"2 minutes"},"schema":{"@context":"https:\/\/schema.org","@graph":[{"@type":"WebPage","@id":"https:\/\/aufildespierres.com\/index.php\/product\/bracelet-amethyste-opale-rose-agate-fleur\/","url":"https:\/\/aufildespierres.com\/index.php\/product\/bracelet-amethyste-opale-rose-agate-fleur\/","name":"Bracelet Am\u00e9thyste Opale rose Agate fleur - Au fil des pierres","isPartOf":{"@id":"https:\/\/aufildespierres.com\/#website"},"primaryImageOfPage":{"@id":"https:\/\/aufildespierres.com\/index.php\/product\/bracelet-amethyste-opale-rose-agate-fleur\/#primaryimage"},"image":{"@id":"https:\/\/aufildespierres.com\/index.php\/product\/bracelet-amethyste-opale-rose-agate-fleur\/#primaryimage"},"thumbnailUrl":"https:\/\/aufildespierres.com\/wp-content\/uploads\/2025\/04\/20250326_141734.png","datePublished":"2025-04-01T19:31:59+00:00","dateModified":"2026-04-06T20:02:28+00:00","description":"Bracelet en Am\u00e9thyste, Opale rose, Agate fleur alliant \u00e9l\u00e9gance, douceur et qualit\u00e9 exceptionnelle.","breadcrumb":{"@id":"https:\/\/aufildespierres.com\/index.php\/product\/bracelet-amethyste-opale-rose-agate-fleur\/#breadcrumb"},"inLanguage":"fr-FR","potentialAction":[{"@type":"ReadAction","target":["https:\/\/aufildespierres.com\/index.php\/product\/bracelet-amethyste-opale-rose-agate-fleur\/"]}]},{"@type":"ImageObject","inLanguage":"fr-FR","@id":"https:\/\/aufildespierres.com\/index.php\/product\/bracelet-amethyste-opale-rose-agate-fleur\/#primaryimage","url":"https:\/\/aufildespierres.com\/wp-content\/uploads\/2025\/04\/20250326_141734.png","contentUrl":"https:\/\/aufildespierres.com\/wp-content\/uploads\/2025\/04\/20250326_141734.png","width":1536,"height":2048},{"@type":"BreadcrumbList","@id":"https:\/\/aufildespierres.com\/index.php\/product\/bracelet-amethyste-opale-rose-agate-fleur\/#breadcrumb","itemListElement":[{"@type":"ListItem","position":1,"name":"Accueil","item":"https:\/\/aufildespierres.com\/"},{"@type":"ListItem","position":2,"name":"Boutique de Lithoth\u00e9rapie","item":"https:\/\/aufildespierres.com\/index.php\/boutique-de-lithotherapie\/"},{"@type":"ListItem","position":3,"name":"Bracelet Am\u00e9thyste Opale rose Agate fleur"}]},{"@type":"WebSite","@id":"https:\/\/aufildespierres.com\/#website","url":"https:\/\/aufildespierres.com\/","name":"Au fil des pierres","description":"Au fil des pierres","publisher":{"@id":"https:\/\/aufildespierres.com\/#organization"},"potentialAction":[{"@type":"SearchAction","target":{"@type":"EntryPoint","urlTemplate":"https:\/\/aufildespierres.com\/?s={search_term_string}"},"query-input":{"@type":"PropertyValueSpecification","valueRequired":true,"valueName":"search_term_string"}}],"inLanguage":"fr-FR"},{"@type":"Organization","@id":"https:\/\/aufildespierres.com\/#organization","name":"Au fil des pierres","url":"https:\/\/aufildespierres.com\/","logo":{"@type":"ImageObject","inLanguage":"fr-FR","@id":"https:\/\/aufildespierres.com\/#\/schema\/logo\/image\/","url":"https:\/\/aufildespierres.com\/wp-content\/uploads\/2023\/05\/cropped-Logo-PNG-Transparent.png","contentUrl":"https:\/\/aufildespierres.com\/wp-content\/uploads\/2023\/05\/cropped-Logo-PNG-Transparent.png","width":1776,"height":1625,"caption":"Au fil des pierres"},"image":{"@id":"https:\/\/aufildespierres.com\/#\/schema\/logo\/image\/"}}]}},"_links":{"self":[{"href":"https:\/\/aufildespierres.com\/index.php\/wp-json\/wp\/v2\/product\/3664","targetHints":{"allow":["GET"]}}],"collection":[{"href":"https:\/\/aufildespierres.com\/index.php\/wp-json\/wp\/v2\/product"}],"about":[{"href":"https:\/\/aufildespierres.com\/index.php\/wp-json\/wp\/v2\/types\/product"}],"replies":[{"embeddable":true,"href":"https:\/\/aufildespierres.com\/index.php\/wp-json\/wp\/v2\/comments?post=3664"}],"wp:featuredmedia":[{"embeddable":true,"href":"https:\/\/aufildespierres.com\/index.php\/wp-json\/wp\/v2\/media\/3665"}],"wp:attachment":[{"href":"https:\/\/aufildespierres.com\/index.php\/wp-json\/wp\/v2\/media?parent=3664"}],"wp:term":[{"taxonomy":"product_brand","embeddable":true,"href":"https:\/\/aufildespierres.com\/index.php\/wp-json\/wp\/v2\/product_brand?post=3664"},{"taxonomy":"product_cat","embeddable":true,"href":"https:\/\/aufildespierres.com\/index.php\/wp-json\/wp\/v2\/product_cat?post=3664"},{"taxonomy":"product_tag","embeddable":true,"href":"https:\/\/aufildespierres.com\/index.php\/wp-json\/wp\/v2\/product_tag?post=3664"}],"curies":[{"name":"wp","href":"https:\/\/api.w.org\/{rel}","templated":true}]}}