{"id":3676,"date":"2025-04-01T22:20:13","date_gmt":"2025-04-01T20:20:13","guid":{"rendered":"https:\/\/aufildespierres.com\/?post_type=product&#038;p=3676"},"modified":"2026-01-19T17:41:05","modified_gmt":"2026-01-19T16:41:05","slug":"pendentif-opale-boulder-2","status":"publish","type":"product","link":"https:\/\/aufildespierres.com\/index.php\/product\/pendentif-opale-boulder-2\/","title":{"rendered":"Pendentif Opale boulder"},"content":{"rendered":"<div class=\"html-div xdj266r x11i5rnm xat24cr x1mh8g0r xexx8yu x4uap5 x18d9i69 xkhd6sd\" tabindex=\"-1\">\n<div class=\"html-div xdj266r x11i5rnm x1mh8g0r xexx8yu x4uap5 x18d9i69 xkhd6sd x1e56ztr\"><\/div>\n<div>\n<h2 data-start=\"184\" data-end=\"257\">\u00a0Pendentif Opale Boulder<\/h2>\n<h2 data-start=\"184\" data-end=\"257\">d\u2019origine Australie avec cordon noir<\/h2>\n<p data-start=\"259\" data-end=\"777\">D\u00e9couvrez cette <strong data-start=\"275\" data-end=\"304\">opale boulder authentique<\/strong>, ramen\u00e9e directement d\u2019Australie, et mont\u00e9e en pendentif avec une <strong data-start=\"371\" data-end=\"409\">b\u00e9li\u00e8re dor\u00e9e fix\u00e9e dans la pierre<\/strong>, accompagn\u00e9e d\u2019une cha\u00eene. Avec son poids de <strong data-start=\"455\" data-end=\"471\">3,40 grammes<\/strong>, ce bijou reste l\u00e9ger \u00e0 porter au quotidien tout en offrant une pr\u00e9sence \u00e9nerg\u00e9tique marqu\u00e9e. L\u2019opale boulder est une pierre tr\u00e8s recherch\u00e9e pour ses <strong data-start=\"622\" data-end=\"655\">veines de couleur contrast\u00e9es<\/strong>, lumineuses, sur un fond naturellement sombre. Chaque pi\u00e8ce est unique, ce qui rend votre pendentif totalement singulier.<\/p>\n<p data-start=\"779\" data-end=\"1025\">Cette opale s\u2019est form\u00e9e au c\u0153ur de roches riches en min\u00e9raux, o\u00f9 l\u2019eau et le temps ont permis \u00e0 la silice de cr\u00e9er ces reflets si caract\u00e9ristiques. De plus, sa composition contenant du <strong data-start=\"965\" data-end=\"972\">fer<\/strong> amplifie son \u00e9nergie ainsi que celle de son porteur.<\/p>\n<p data-start=\"1027\" data-end=\"1351\">En lithoth\u00e9rapie, l\u2019opale boulder <strong data-start=\"1061\" data-end=\"1071\">apaise<\/strong>, <strong data-start=\"1073\" data-end=\"1082\">calme<\/strong> et aide \u00e0 retrouver de la <strong data-start=\"1109\" data-end=\"1121\">lucidit\u00e9<\/strong>. Ainsi, elle favorise un \u00e9tat d\u2019esprit plus serein et plus centr\u00e9. Elle vous <strong data-start=\"1199\" data-end=\"1231\">ancre dans le moment pr\u00e9sent<\/strong>, et apporte davantage de spontan\u00e9it\u00e9. Par ailleurs, elle stimule l\u2019<strong data-start=\"1299\" data-end=\"1317\">esprit cr\u00e9atif<\/strong> et soutient les dons artistiques.<\/p>\n<p data-start=\"1353\" data-end=\"1759\">Cette pierre accompagne \u00e9galement les grandes transitions. En effet, elle aide \u00e0 <strong data-start=\"1434\" data-end=\"1469\">se lib\u00e9rer des cha\u00eenes du pass\u00e9<\/strong>, \u00e0 d\u00e9passer les obstacles et \u00e0 dissiper la col\u00e8re. Elle lib\u00e8re aussi des sch\u00e9mas r\u00e9p\u00e9titifs et encourage le changement. Ensuite, elle renforce la <strong data-start=\"1616\" data-end=\"1636\">confiance en soi<\/strong>, l\u2019estime personnelle et l\u2019ouverture aux autres. Elle diminue la timidit\u00e9 et favorise l\u2019\u00e9coute ainsi que la compr\u00e9hension.<\/p>\n<p data-start=\"1761\" data-end=\"1921\">Gr\u00e2ce \u00e0 son lien avec la Terre et le <strong data-start=\"1798\" data-end=\"1815\">chakra racine<\/strong>, elle aide \u00e0 diminuer stress, tensions et tristesse, tout en redonnant vitalit\u00e9 et sentiment de s\u00e9curit\u00e9.<\/p>\n<p data-start=\"1923\" data-end=\"2063\"><strong data-start=\"1925\" data-end=\"1938\">Entretien<\/strong> : ne rechargez pas cette pierre au soleil, car cela pourrait la ternir ou la craqueler. Pr\u00e9f\u00e9rez une <strong data-start=\"2040\" data-end=\"2062\">recharge \u00e0 la lune<\/strong>.<\/p>\n<\/div>\n<\/div>\n","protected":false},"excerpt":{"rendered":"<p>\u00a0Pendentif Opale Boulder d\u2019origine Australie avec cordon noir D\u00e9couvrez cette opale boulder authentique, ramen\u00e9e directement d\u2019Australie, et mont\u00e9e en pendentif avec une b\u00e9li\u00e8re dor\u00e9e fix\u00e9e dans la pierre, accompagn\u00e9e d\u2019une cha\u00eene. Avec son poids de 3,40 grammes, ce bijou reste l\u00e9ger \u00e0 porter au quotidien tout en offrant une pr\u00e9sence \u00e9nerg\u00e9tique marqu\u00e9e. L\u2019opale boulder est [&hellip;]<\/p>\n","protected":false},"featured_media":4620,"comment_status":"open","ping_status":"closed","template":"","meta":{"site-sidebar-layout":"default","site-content-layout":"","ast-site-content-layout":"default","site-content-style":"default","site-sidebar-style":"default","ast-global-header-display":"","ast-banner-title-visibility":"","ast-main-header-display":"","ast-hfb-above-header-display":"","ast-hfb-below-header-display":"","ast-hfb-mobile-header-display":"","site-post-title":"","ast-breadcrumbs-content":"","ast-featured-img":"","footer-sml-layout":"","ast-disable-related-posts":"","theme-transparent-header-meta":"default","adv-header-id-meta":"","stick-header-meta":"","header-above-stick-meta":"","header-main-stick-meta":"","header-below-stick-meta":"","astra-migrate-meta-layouts":"set","ast-page-background-enabled":"default","ast-page-background-meta":{"desktop":{"background-color":"var(--ast-global-color-4)","background-image":"","background-repeat":"repeat","background-position":"center center","background-size":"auto","background-attachment":"scroll","background-type":"","background-media":"","overlay-type":"","overlay-color":"","overlay-opacity":"","overlay-gradient":""},"tablet":{"background-color":"","background-image":"","background-repeat":"repeat","background-position":"center center","background-size":"auto","background-attachment":"scroll","background-type":"","background-media":"","overlay-type":"","overlay-color":"","overlay-opacity":"","overlay-gradient":""},"mobile":{"background-color":"","background-image":"","background-repeat":"repeat","background-position":"center center","background-size":"auto","background-attachment":"scroll","background-type":"","background-media":"","overlay-type":"","overlay-color":"","overlay-opacity":"","overlay-gradient":""}},"ast-content-background-meta":{"desktop":{"background-color":"var(--ast-global-color-5)","background-image":"","background-repeat":"repeat","background-position":"center center","background-size":"auto","background-attachment":"scroll","background-type":"","background-media":"","overlay-type":"","overlay-color":"","overlay-opacity":"","overlay-gradient":""},"tablet":{"background-color":"var(--ast-global-color-5)","background-image":"","background-repeat":"repeat","background-position":"center center","background-size":"auto","background-attachment":"scroll","background-type":"","background-media":"","overlay-type":"","overlay-color":"","overlay-opacity":"","overlay-gradient":""},"mobile":{"background-color":"var(--ast-global-color-5)","background-image":"","background-repeat":"repeat","background-position":"center center","background-size":"auto","background-attachment":"scroll","background-type":"","background-media":"","overlay-type":"","overlay-color":"","overlay-opacity":"","overlay-gradient":""}},"_glsr_average":0,"_glsr_ranking":0,"_glsr_reviews":0},"product_brand":[],"product_cat":[126,21],"product_tag":[],"class_list":{"0":"post-3676","1":"product","2":"type-product","3":"status-publish","4":"has-post-thumbnail","6":"product_cat-opale-boulder","7":"product_cat-pendentifs-de-lithotherapie","8":"desktop-align-left","9":"tablet-align-left","10":"mobile-align-left","12":"first","13":"instock","14":"purchasable","15":"product-type-simple"},"yoast_head":"<!-- This site is optimized with the Yoast SEO plugin v27.5 - https:\/\/yoast.com\/product\/yoast-seo-wordpress\/ -->\n<title>Pendentif Opale boulder - Au fil des pierres<\/title>\n<meta name=\"description\" content=\"Pendentif en opale boulder d\u2019Australie, pi\u00e8ce rare aux reflets fascinants, s\u00e9lectionn\u00e9e pour sa beaut\u00e9 et qualit\u00e9 sup\u00e9rieure.\" \/>\n<meta name=\"robots\" content=\"index, follow, max-snippet:-1, max-image-preview:large, max-video-preview:-1\" \/>\n<link rel=\"canonical\" href=\"https:\/\/aufildespierres.com\/index.php\/product\/pendentif-opale-boulder-2\/\" \/>\n<meta property=\"og:locale\" content=\"fr_FR\" \/>\n<meta property=\"og:type\" content=\"article\" \/>\n<meta property=\"og:title\" content=\"Pendentif Opale boulder - Au fil des pierres\" \/>\n<meta property=\"og:description\" content=\"Pendentif en opale boulder d\u2019Australie, pi\u00e8ce rare aux reflets fascinants, s\u00e9lectionn\u00e9e pour sa beaut\u00e9 et qualit\u00e9 sup\u00e9rieure.\" \/>\n<meta property=\"og:url\" content=\"https:\/\/aufildespierres.com\/index.php\/product\/pendentif-opale-boulder-2\/\" \/>\n<meta property=\"og:site_name\" content=\"Au fil des pierres\" \/>\n<meta property=\"article:modified_time\" content=\"2026-01-19T16:41:05+00:00\" \/>\n<meta property=\"og:image\" content=\"https:\/\/aufildespierres.com\/wp-content\/uploads\/2025\/04\/20260119_164150-scaled.jpg\" \/>\n\t<meta property=\"og:image:width\" content=\"1720\" \/>\n\t<meta property=\"og:image:height\" content=\"2560\" \/>\n\t<meta property=\"og:image:type\" content=\"image\/jpeg\" \/>\n<meta name=\"twitter:card\" content=\"summary_large_image\" \/>\n<meta name=\"twitter:label1\" content=\"Dur\u00e9e de lecture estim\u00e9e\" \/>\n\t<meta name=\"twitter:data1\" content=\"2 minutes\" \/>\n<script type=\"application\/ld+json\" class=\"yoast-schema-graph\">{\"@context\":\"https:\\\/\\\/schema.org\",\"@graph\":[{\"@type\":\"WebPage\",\"@id\":\"https:\\\/\\\/aufildespierres.com\\\/index.php\\\/product\\\/pendentif-opale-boulder-2\\\/\",\"url\":\"https:\\\/\\\/aufildespierres.com\\\/index.php\\\/product\\\/pendentif-opale-boulder-2\\\/\",\"name\":\"Pendentif Opale boulder - Au fil des pierres\",\"isPartOf\":{\"@id\":\"https:\\\/\\\/aufildespierres.com\\\/#website\"},\"primaryImageOfPage\":{\"@id\":\"https:\\\/\\\/aufildespierres.com\\\/index.php\\\/product\\\/pendentif-opale-boulder-2\\\/#primaryimage\"},\"image\":{\"@id\":\"https:\\\/\\\/aufildespierres.com\\\/index.php\\\/product\\\/pendentif-opale-boulder-2\\\/#primaryimage\"},\"thumbnailUrl\":\"https:\\\/\\\/aufildespierres.com\\\/wp-content\\\/uploads\\\/2025\\\/04\\\/20260119_164150-scaled.jpg\",\"datePublished\":\"2025-04-01T20:20:13+00:00\",\"dateModified\":\"2026-01-19T16:41:05+00:00\",\"description\":\"Pendentif en opale boulder d\u2019Australie, pi\u00e8ce rare aux reflets fascinants, s\u00e9lectionn\u00e9e pour sa beaut\u00e9 et qualit\u00e9 sup\u00e9rieure.\",\"breadcrumb\":{\"@id\":\"https:\\\/\\\/aufildespierres.com\\\/index.php\\\/product\\\/pendentif-opale-boulder-2\\\/#breadcrumb\"},\"inLanguage\":\"fr-FR\",\"potentialAction\":[{\"@type\":\"ReadAction\",\"target\":[\"https:\\\/\\\/aufildespierres.com\\\/index.php\\\/product\\\/pendentif-opale-boulder-2\\\/\"]}]},{\"@type\":\"ImageObject\",\"inLanguage\":\"fr-FR\",\"@id\":\"https:\\\/\\\/aufildespierres.com\\\/index.php\\\/product\\\/pendentif-opale-boulder-2\\\/#primaryimage\",\"url\":\"https:\\\/\\\/aufildespierres.com\\\/wp-content\\\/uploads\\\/2025\\\/04\\\/20260119_164150-scaled.jpg\",\"contentUrl\":\"https:\\\/\\\/aufildespierres.com\\\/wp-content\\\/uploads\\\/2025\\\/04\\\/20260119_164150-scaled.jpg\",\"width\":1720,\"height\":2560},{\"@type\":\"BreadcrumbList\",\"@id\":\"https:\\\/\\\/aufildespierres.com\\\/index.php\\\/product\\\/pendentif-opale-boulder-2\\\/#breadcrumb\",\"itemListElement\":[{\"@type\":\"ListItem\",\"position\":1,\"name\":\"Accueil\",\"item\":\"https:\\\/\\\/aufildespierres.com\\\/\"},{\"@type\":\"ListItem\",\"position\":2,\"name\":\"Boutique de Lithoth\u00e9rapie\",\"item\":\"https:\\\/\\\/aufildespierres.com\\\/index.php\\\/boutique-de-lithotherapie\\\/\"},{\"@type\":\"ListItem\",\"position\":3,\"name\":\"Pendentif Opale boulder\"}]},{\"@type\":\"WebSite\",\"@id\":\"https:\\\/\\\/aufildespierres.com\\\/#website\",\"url\":\"https:\\\/\\\/aufildespierres.com\\\/\",\"name\":\"Au fil des pierres\",\"description\":\"Au fil des pierres\",\"publisher\":{\"@id\":\"https:\\\/\\\/aufildespierres.com\\\/#organization\"},\"potentialAction\":[{\"@type\":\"SearchAction\",\"target\":{\"@type\":\"EntryPoint\",\"urlTemplate\":\"https:\\\/\\\/aufildespierres.com\\\/?s={search_term_string}\"},\"query-input\":{\"@type\":\"PropertyValueSpecification\",\"valueRequired\":true,\"valueName\":\"search_term_string\"}}],\"inLanguage\":\"fr-FR\"},{\"@type\":\"Organization\",\"@id\":\"https:\\\/\\\/aufildespierres.com\\\/#organization\",\"name\":\"Au fil des pierres\",\"url\":\"https:\\\/\\\/aufildespierres.com\\\/\",\"logo\":{\"@type\":\"ImageObject\",\"inLanguage\":\"fr-FR\",\"@id\":\"https:\\\/\\\/aufildespierres.com\\\/#\\\/schema\\\/logo\\\/image\\\/\",\"url\":\"https:\\\/\\\/aufildespierres.com\\\/wp-content\\\/uploads\\\/2023\\\/05\\\/cropped-Logo-PNG-Transparent.png\",\"contentUrl\":\"https:\\\/\\\/aufildespierres.com\\\/wp-content\\\/uploads\\\/2023\\\/05\\\/cropped-Logo-PNG-Transparent.png\",\"width\":1776,\"height\":1625,\"caption\":\"Au fil des pierres\"},\"image\":{\"@id\":\"https:\\\/\\\/aufildespierres.com\\\/#\\\/schema\\\/logo\\\/image\\\/\"}}]}<\/script>\n<!-- \/ Yoast SEO plugin. -->","yoast_head_json":{"title":"Pendentif Opale boulder - Au fil des pierres","description":"Pendentif en opale boulder d\u2019Australie, pi\u00e8ce rare aux reflets fascinants, s\u00e9lectionn\u00e9e pour sa beaut\u00e9 et qualit\u00e9 sup\u00e9rieure.","robots":{"index":"index","follow":"follow","max-snippet":"max-snippet:-1","max-image-preview":"max-image-preview:large","max-video-preview":"max-video-preview:-1"},"canonical":"https:\/\/aufildespierres.com\/index.php\/product\/pendentif-opale-boulder-2\/","og_locale":"fr_FR","og_type":"article","og_title":"Pendentif Opale boulder - Au fil des pierres","og_description":"Pendentif en opale boulder d\u2019Australie, pi\u00e8ce rare aux reflets fascinants, s\u00e9lectionn\u00e9e pour sa beaut\u00e9 et qualit\u00e9 sup\u00e9rieure.","og_url":"https:\/\/aufildespierres.com\/index.php\/product\/pendentif-opale-boulder-2\/","og_site_name":"Au fil des pierres","article_modified_time":"2026-01-19T16:41:05+00:00","og_image":[{"width":1720,"height":2560,"url":"https:\/\/aufildespierres.com\/wp-content\/uploads\/2025\/04\/20260119_164150-scaled.jpg","type":"image\/jpeg"}],"twitter_card":"summary_large_image","twitter_misc":{"Dur\u00e9e de lecture estim\u00e9e":"2 minutes"},"schema":{"@context":"https:\/\/schema.org","@graph":[{"@type":"WebPage","@id":"https:\/\/aufildespierres.com\/index.php\/product\/pendentif-opale-boulder-2\/","url":"https:\/\/aufildespierres.com\/index.php\/product\/pendentif-opale-boulder-2\/","name":"Pendentif Opale boulder - Au fil des pierres","isPartOf":{"@id":"https:\/\/aufildespierres.com\/#website"},"primaryImageOfPage":{"@id":"https:\/\/aufildespierres.com\/index.php\/product\/pendentif-opale-boulder-2\/#primaryimage"},"image":{"@id":"https:\/\/aufildespierres.com\/index.php\/product\/pendentif-opale-boulder-2\/#primaryimage"},"thumbnailUrl":"https:\/\/aufildespierres.com\/wp-content\/uploads\/2025\/04\/20260119_164150-scaled.jpg","datePublished":"2025-04-01T20:20:13+00:00","dateModified":"2026-01-19T16:41:05+00:00","description":"Pendentif en opale boulder d\u2019Australie, pi\u00e8ce rare aux reflets fascinants, s\u00e9lectionn\u00e9e pour sa beaut\u00e9 et qualit\u00e9 sup\u00e9rieure.","breadcrumb":{"@id":"https:\/\/aufildespierres.com\/index.php\/product\/pendentif-opale-boulder-2\/#breadcrumb"},"inLanguage":"fr-FR","potentialAction":[{"@type":"ReadAction","target":["https:\/\/aufildespierres.com\/index.php\/product\/pendentif-opale-boulder-2\/"]}]},{"@type":"ImageObject","inLanguage":"fr-FR","@id":"https:\/\/aufildespierres.com\/index.php\/product\/pendentif-opale-boulder-2\/#primaryimage","url":"https:\/\/aufildespierres.com\/wp-content\/uploads\/2025\/04\/20260119_164150-scaled.jpg","contentUrl":"https:\/\/aufildespierres.com\/wp-content\/uploads\/2025\/04\/20260119_164150-scaled.jpg","width":1720,"height":2560},{"@type":"BreadcrumbList","@id":"https:\/\/aufildespierres.com\/index.php\/product\/pendentif-opale-boulder-2\/#breadcrumb","itemListElement":[{"@type":"ListItem","position":1,"name":"Accueil","item":"https:\/\/aufildespierres.com\/"},{"@type":"ListItem","position":2,"name":"Boutique de Lithoth\u00e9rapie","item":"https:\/\/aufildespierres.com\/index.php\/boutique-de-lithotherapie\/"},{"@type":"ListItem","position":3,"name":"Pendentif Opale boulder"}]},{"@type":"WebSite","@id":"https:\/\/aufildespierres.com\/#website","url":"https:\/\/aufildespierres.com\/","name":"Au fil des pierres","description":"Au fil des pierres","publisher":{"@id":"https:\/\/aufildespierres.com\/#organization"},"potentialAction":[{"@type":"SearchAction","target":{"@type":"EntryPoint","urlTemplate":"https:\/\/aufildespierres.com\/?s={search_term_string}"},"query-input":{"@type":"PropertyValueSpecification","valueRequired":true,"valueName":"search_term_string"}}],"inLanguage":"fr-FR"},{"@type":"Organization","@id":"https:\/\/aufildespierres.com\/#organization","name":"Au fil des pierres","url":"https:\/\/aufildespierres.com\/","logo":{"@type":"ImageObject","inLanguage":"fr-FR","@id":"https:\/\/aufildespierres.com\/#\/schema\/logo\/image\/","url":"https:\/\/aufildespierres.com\/wp-content\/uploads\/2023\/05\/cropped-Logo-PNG-Transparent.png","contentUrl":"https:\/\/aufildespierres.com\/wp-content\/uploads\/2023\/05\/cropped-Logo-PNG-Transparent.png","width":1776,"height":1625,"caption":"Au fil des pierres"},"image":{"@id":"https:\/\/aufildespierres.com\/#\/schema\/logo\/image\/"}}]}},"_links":{"self":[{"href":"https:\/\/aufildespierres.com\/index.php\/wp-json\/wp\/v2\/product\/3676","targetHints":{"allow":["GET"]}}],"collection":[{"href":"https:\/\/aufildespierres.com\/index.php\/wp-json\/wp\/v2\/product"}],"about":[{"href":"https:\/\/aufildespierres.com\/index.php\/wp-json\/wp\/v2\/types\/product"}],"replies":[{"embeddable":true,"href":"https:\/\/aufildespierres.com\/index.php\/wp-json\/wp\/v2\/comments?post=3676"}],"wp:featuredmedia":[{"embeddable":true,"href":"https:\/\/aufildespierres.com\/index.php\/wp-json\/wp\/v2\/media\/4620"}],"wp:attachment":[{"href":"https:\/\/aufildespierres.com\/index.php\/wp-json\/wp\/v2\/media?parent=3676"}],"wp:term":[{"taxonomy":"product_brand","embeddable":true,"href":"https:\/\/aufildespierres.com\/index.php\/wp-json\/wp\/v2\/product_brand?post=3676"},{"taxonomy":"product_cat","embeddable":true,"href":"https:\/\/aufildespierres.com\/index.php\/wp-json\/wp\/v2\/product_cat?post=3676"},{"taxonomy":"product_tag","embeddable":true,"href":"https:\/\/aufildespierres.com\/index.php\/wp-json\/wp\/v2\/product_tag?post=3676"}],"curies":[{"name":"wp","href":"https:\/\/api.w.org\/{rel}","templated":true}]}}