{"id":3679,"date":"2025-04-01T22:26:08","date_gmt":"2025-04-01T20:26:08","guid":{"rendered":"https:\/\/aufildespierres.com\/?post_type=product&#038;p=3679"},"modified":"2026-04-05T21:08:51","modified_gmt":"2026-04-05T19:08:51","slug":"pendentif-en-opale-boulder","status":"publish","type":"product","link":"https:\/\/aufildespierres.com\/index.php\/product\/pendentif-en-opale-boulder\/","title":{"rendered":"Pendentif en Opale boulder"},"content":{"rendered":"<div class=\"html-div xdj266r x11i5rnm xat24cr x1mh8g0r xexx8yu x4uap5 x18d9i69 xkhd6sd\" tabindex=\"-1\">\n<div class=\"html-div xdj266r x11i5rnm x1mh8g0r xexx8yu x4uap5 x18d9i69 xkhd6sd x1e56ztr\"><strong><span class=\"x193iq5w xeuugli x13faqbe x1vvkbs x1xmvt09 x6prxxf xvq8zen xo1l8bm xzsf02u\"><span class=\"html-span xdj266r x11i5rnm xat24cr x1mh8g0r xexx8yu x4uap5 x18d9i69 xkhd6sd x1hl2dhg x16tdsg8 x1vvkbs\"><u class=\"html-u\">Pendentif en Opale boulder\u00a0<\/u><\/span><\/span><\/strong><\/div>\n<div><\/div>\n<\/div>\n<div class=\"html-div xdj266r x11i5rnm xat24cr x1mh8g0r xexx8yu x4uap5 x18d9i69 xkhd6sd\" tabindex=\"-1\">\n<div class=\"relative z-0 flex min-h-0 w-full flex-1\">\n<div class=\"relative flex min-h-0 w-full flex-1\">\n<div class=\"@container\/main relative flex min-w-0 flex-1 flex-col -translate-y-[calc(env(safe-area-inset-bottom,0px)\/2)] pt-[calc(env(safe-area-inset-bottom,0px)\/2)]\">\n<div class=\"@w-sm\/main:[scrollbar-gutter:var(--stage-scroll-gutter)] touch:[scrollbar-width:none] group\/scroll-root relative flex min-h-0 min-w-0 flex-1 flex-col [scrollbar-gutter:stable] not-print:overflow-x-clip not-print:overflow-y-auto group-data-stream-active\/scroll-root:[overflow-anchor:none] scroll-pt-(--header-height) [--sticky-padding-top:var(--header-height)] [--sticky-padding-bottom:0px] [--scroll-root-safe-area-inset-top:calc(var(--sticky-padding-top)+env(safe-area-inset-top,0px))] [--scroll-root-safe-area-inset-bottom:calc(var(--sticky-padding-bottom)+var(--screen-keyboard-height,0px)+env(safe-area-inset-bottom,0px))] [--scroll-root-safe-area-height:calc(100lvh-var(--scroll-root-safe-area-inset-top)-var(--scroll-root-safe-area-inset-bottom))] has-data-[fixed-header=less-than-xl]:@w-xl\/main:scroll-pt-0 has-data-[fixed-header=less-than-xl]:@w-xl\/main:[--sticky-padding-top:0px] has-data-[fixed-header=less-than-xxl]:@w-2xl\/main:scroll-pt-0 has-data-[fixed-header=less-than-xxl]:@w-2xl\/main:[--sticky-padding-top:0px]\" data-scroll-root=\"\" data-scroll-from-top=\"\"><main id=\"main\" class=\"min-h-0 flex-1\"><\/p>\n<div id=\"thread\" class=\"group\/thread flex flex-col min-h-full\">\n<div class=\"composer-parent flex flex-1 flex-col focus-visible:outline-0\" role=\"presentation\">\n<div class=\"relative basis-auto flex-col -mb-(--composer-overlap-px) pb-(--composer-overlap-px) [--composer-overlap-px:28px] grow flex\">\n<div class=\"flex flex-col text-sm\">\n<section class=\"text-token-text-primary w-full focus:outline-none [--shadow-height:45px] has-data-writing-block:pointer-events-none has-data-writing-block:-mt-(--shadow-height) has-data-writing-block:pt-(--shadow-height) [&amp;:has([data-writing-block])&gt;*]:pointer-events-auto scroll-mt-(--header-height)\" dir=\"auto\" data-turn-id=\"413b9e81-1670-4827-8774-b0fed73e1974\" data-testid=\"conversation-turn-5\" data-scroll-anchor=\"false\" data-turn=\"user\"><\/section>\n<section class=\"text-token-text-primary w-full focus:outline-none [--shadow-height:45px] has-data-writing-block:pointer-events-none has-data-writing-block:-mt-(--shadow-height) has-data-writing-block:pt-(--shadow-height) [&amp;:has([data-writing-block])&gt;*]:pointer-events-auto scroll-mt-[calc(var(--header-height)+min(200px,max(70px,20svh)))]\" dir=\"auto\" data-turn-id=\"request-WEB:b5088a5b-3d04-41b9-b0b6-33a25159291d-2\" data-testid=\"conversation-turn-6\" data-scroll-anchor=\"true\" data-turn=\"assistant\">\n<div class=\"text-base my-auto mx-auto pb-10 [--thread-content-margin:var(--thread-content-margin-xs,calc(var(--spacing)*4))] @w-sm\/main:[--thread-content-margin:var(--thread-content-margin-sm,calc(var(--spacing)*6))] @w-lg\/main:[--thread-content-margin:var(--thread-content-margin-lg,calc(var(--spacing)*16))] px-(--thread-content-margin)\">\n<div class=\"[--thread-content-max-width:40rem] @w-lg\/main:[--thread-content-max-width:48rem] mx-auto max-w-(--thread-content-max-width) flex-1 group\/turn-messages focus-visible:outline-hidden relative flex w-full min-w-0 flex-col agent-turn\">\n<div class=\"flex max-w-full flex-col gap-4 grow\">\n<div class=\"min-h-8 text-message relative flex w-full flex-col items-end gap-2 text-start break-words whitespace-normal outline-none keyboard-focused:focus-ring [.text-message+&amp;]:mt-1\" dir=\"auto\" tabindex=\"0\" data-message-author-role=\"assistant\" data-message-id=\"d179830a-fd83-4126-8b2b-8142bd23a14e\" data-message-model-slug=\"gpt-5-3\" data-turn-start-message=\"true\">\n<div class=\"flex w-full flex-col gap-1 empty:hidden\">\n<div class=\"markdown prose dark:prose-invert w-full wrap-break-word light markdown-new-styling\">\n<p data-start=\"0\" data-end=\"349\">D\u00e9couvrez ce magnifique pendentif en opale boulder, une pierre naturelle rare aux superbes veines bleues contrast\u00e9es sur fond sombre. Directement ramen\u00e9e d\u2019Australie, cette pi\u00e8ce authentique mesure 2,8 x 1,5 cm et est mont\u00e9e avec une b\u00e9li\u00e8re en argent accompagn\u00e9e d\u2019une cha\u00eene \u00e9l\u00e9gante. Ainsi, elle allie parfaitement esth\u00e9tique et \u00e9nergie min\u00e9rale.<\/p>\n<p data-start=\"351\" data-end=\"602\">Tout d\u2019abord, l\u2019opale boulder s\u00e9duit par son apparence unique. Ses nuances intenses attirent imm\u00e9diatement le regard et apportent une touche raffin\u00e9e \u00e0 votre tenue. De plus, chaque pendentif est diff\u00e9rent, ce qui en fait un bijou v\u00e9ritablement unique.<\/p>\n<p data-start=\"604\" data-end=\"959\">Ensuite, cette pierre est souvent associ\u00e9e \u00e0 l\u2019apaisement et \u00e0 la clart\u00e9 mentale. Elle aide \u00e0 calmer les \u00e9motions et favorise un \u00e9tat d\u2019esprit serein. Par cons\u00e9quent, elle accompagne id\u00e9alement les personnes en qu\u00eate de recentrage et de bien-\u00eatre. Elle encourage \u00e9galement l\u2019ancrage dans le moment pr\u00e9sent, tout en d\u00e9veloppant spontan\u00e9it\u00e9 et l\u00e2cher-prise.<\/p>\n<p data-start=\"961\" data-end=\"1292\">Par ailleurs, l\u2019opale boulder est reconnue pour stimuler la cr\u00e9ativit\u00e9. Elle soutient l\u2019expression artistique et renforce l\u2019inspiration. En outre, elle aide \u00e0 d\u00e9passer les blocages \u00e9motionnels, notamment li\u00e9s au pass\u00e9. Ainsi, elle accompagne les phases de transformation en lib\u00e9rant des sch\u00e9mas r\u00e9p\u00e9titifs et en apaisant la col\u00e8re.<\/p>\n<p data-start=\"1294\" data-end=\"1561\">De plus, cette pierre contribue \u00e0 renforcer la confiance en soi et l\u2019ouverture aux autres. Elle diminue la timidit\u00e9 et favorise une meilleure \u00e9coute. En compl\u00e9ment, elle aide \u00e0 r\u00e9duire le stress, les tensions et la tristesse, tout en redonnant vitalit\u00e9 et motivation.<\/p>\n<p data-start=\"1563\" data-end=\"1750\" data-is-last-node=\"\" data-is-only-node=\"\">Enfin, pour pr\u00e9server sa beaut\u00e9, il est conseill\u00e9 de recharger l\u2019opale boulder \u00e0 la lumi\u00e8re de la lune . Cela \u00e9vite toute alt\u00e9ration de ses couleurs et de sa structure car une exposition prolong\u00e9e au soleil fragilise l&rsquo;opale.<\/p>\n<\/div>\n<\/div>\n<\/div>\n<\/div>\n<div class=\"z-0 flex min-h-[46px] justify-start\"><\/div>\n<\/div>\n<\/div>\n<\/section>\n<\/div>\n<div class=\"pointer-events-none h-px w-px absolute bottom-0\" aria-hidden=\"true\" data-edge=\"true\"><\/div>\n<\/div>\n<div id=\"thread-bottom-container\" class=\"sticky bottom-0 z-10 group\/thread-bottom-container relative isolate w-full basis-auto has-data-has-thread-error:pt-2 has-data-has-thread-error:[box-shadow:var(--sharp-edge-bottom-shadow)] md:border-transparent md:pt-0 dark:border-white\/20 md:dark:border-transparent print:hidden content-fade single-line flex flex-col\">\n<div class=\"relative mx-auto h-0\"><\/div>\n<div id=\"thread-bottom\">\n<div class=\"text-base mx-auto [--thread-content-margin:var(--thread-content-margin-xs,calc(var(--spacing)*4))] @w-sm\/main:[--thread-content-margin:var(--thread-content-margin-sm,calc(var(--spacing)*6))] @w-lg\/main:[--thread-content-margin:var(--thread-content-margin-lg,calc(var(--spacing)*16))] px-(--thread-content-margin)\">\n<div class=\"[--thread-content-max-width:40rem] @w-lg\/main:[--thread-content-max-width:48rem] mx-auto max-w-(--thread-content-max-width) flex-1 mb-[var(--thread-component-gap,1rem)]\">\n<div class=\"flex justify-center empty:hidden\"><\/div>\n<\/div>\n<\/div>\n<\/div>\n<\/div>\n<\/div>\n<\/div>\n<p><\/main><\/div>\n<\/div>\n<\/div>\n<\/div>\n<\/div>\n","protected":false},"excerpt":{"rendered":"<p>Pendentif en Opale boulder\u00a0 D\u00e9couvrez ce magnifique pendentif en opale boulder, une pierre naturelle rare aux superbes veines bleues contrast\u00e9es sur fond sombre. Directement ramen\u00e9e d\u2019Australie, cette pi\u00e8ce authentique mesure 2,8 x 1,5 cm et est mont\u00e9e avec une b\u00e9li\u00e8re en argent accompagn\u00e9e d\u2019une cha\u00eene \u00e9l\u00e9gante. Ainsi, elle allie parfaitement esth\u00e9tique et \u00e9nergie min\u00e9rale. Tout [&hellip;]<\/p>\n","protected":false},"featured_media":3680,"comment_status":"open","ping_status":"closed","template":"","meta":{"site-sidebar-layout":"default","site-content-layout":"","ast-site-content-layout":"default","site-content-style":"default","site-sidebar-style":"default","ast-global-header-display":"","ast-banner-title-visibility":"","ast-main-header-display":"","ast-hfb-above-header-display":"","ast-hfb-below-header-display":"","ast-hfb-mobile-header-display":"","site-post-title":"","ast-breadcrumbs-content":"","ast-featured-img":"","footer-sml-layout":"","ast-disable-related-posts":"","theme-transparent-header-meta":"default","adv-header-id-meta":"","stick-header-meta":"","header-above-stick-meta":"","header-main-stick-meta":"","header-below-stick-meta":"","astra-migrate-meta-layouts":"set","ast-page-background-enabled":"default","ast-page-background-meta":{"desktop":{"background-color":"var(--ast-global-color-4)","background-image":"","background-repeat":"repeat","background-position":"center center","background-size":"auto","background-attachment":"scroll","background-type":"","background-media":"","overlay-type":"","overlay-color":"","overlay-opacity":"","overlay-gradient":""},"tablet":{"background-color":"","background-image":"","background-repeat":"repeat","background-position":"center center","background-size":"auto","background-attachment":"scroll","background-type":"","background-media":"","overlay-type":"","overlay-color":"","overlay-opacity":"","overlay-gradient":""},"mobile":{"background-color":"","background-image":"","background-repeat":"repeat","background-position":"center center","background-size":"auto","background-attachment":"scroll","background-type":"","background-media":"","overlay-type":"","overlay-color":"","overlay-opacity":"","overlay-gradient":""}},"ast-content-background-meta":{"desktop":{"background-color":"var(--ast-global-color-5)","background-image":"","background-repeat":"repeat","background-position":"center center","background-size":"auto","background-attachment":"scroll","background-type":"","background-media":"","overlay-type":"","overlay-color":"","overlay-opacity":"","overlay-gradient":""},"tablet":{"background-color":"var(--ast-global-color-5)","background-image":"","background-repeat":"repeat","background-position":"center center","background-size":"auto","background-attachment":"scroll","background-type":"","background-media":"","overlay-type":"","overlay-color":"","overlay-opacity":"","overlay-gradient":""},"mobile":{"background-color":"var(--ast-global-color-5)","background-image":"","background-repeat":"repeat","background-position":"center center","background-size":"auto","background-attachment":"scroll","background-type":"","background-media":"","overlay-type":"","overlay-color":"","overlay-opacity":"","overlay-gradient":""}},"_glsr_average":0,"_glsr_ranking":0,"_glsr_reviews":0},"product_brand":[],"product_cat":[126],"product_tag":[],"class_list":{"0":"post-3679","1":"product","2":"type-product","3":"status-publish","4":"has-post-thumbnail","6":"product_cat-opale-boulder","7":"desktop-align-left","8":"tablet-align-left","9":"mobile-align-left","11":"first","12":"instock","13":"purchasable","14":"product-type-simple"},"yoast_head":"<!-- This site is optimized with the Yoast SEO plugin v27.5 - https:\/\/yoast.com\/product\/yoast-seo-wordpress\/ -->\n<title>Pendentif en Opale boulder - Au fil des pierres<\/title>\n<meta name=\"description\" content=\"Pendentif en opale boulder d\u2019Australie, pi\u00e8ce rare aux reflets fascinants, s\u00e9lectionn\u00e9e pour sa beaut\u00e9 et qualit\u00e9 sup\u00e9rieure.\" \/>\n<meta name=\"robots\" content=\"index, follow, max-snippet:-1, max-image-preview:large, max-video-preview:-1\" \/>\n<link rel=\"canonical\" href=\"https:\/\/aufildespierres.com\/index.php\/product\/pendentif-en-opale-boulder\/\" \/>\n<meta property=\"og:locale\" content=\"fr_FR\" \/>\n<meta property=\"og:type\" content=\"article\" \/>\n<meta property=\"og:title\" content=\"Pendentif en Opale boulder - Au fil des pierres\" \/>\n<meta property=\"og:description\" content=\"Pendentif en opale boulder d\u2019Australie, pi\u00e8ce rare aux reflets fascinants, s\u00e9lectionn\u00e9e pour sa beaut\u00e9 et qualit\u00e9 sup\u00e9rieure.\" \/>\n<meta property=\"og:url\" content=\"https:\/\/aufildespierres.com\/index.php\/product\/pendentif-en-opale-boulder\/\" \/>\n<meta property=\"og:site_name\" content=\"Au fil des pierres\" \/>\n<meta property=\"article:modified_time\" content=\"2026-04-05T19:08:51+00:00\" \/>\n<meta property=\"og:image\" content=\"https:\/\/aufildespierres.com\/wp-content\/uploads\/2025\/04\/475293147_10231907672468927_7023135254508228790_n.jpg\" \/>\n\t<meta property=\"og:image:width\" content=\"1857\" \/>\n\t<meta property=\"og:image:height\" content=\"2048\" \/>\n\t<meta property=\"og:image:type\" content=\"image\/jpeg\" \/>\n<meta name=\"twitter:card\" content=\"summary_large_image\" \/>\n<meta name=\"twitter:label1\" content=\"Dur\u00e9e de lecture estim\u00e9e\" \/>\n\t<meta name=\"twitter:data1\" content=\"2 minutes\" \/>\n<script type=\"application\/ld+json\" class=\"yoast-schema-graph\">{\"@context\":\"https:\\\/\\\/schema.org\",\"@graph\":[{\"@type\":\"WebPage\",\"@id\":\"https:\\\/\\\/aufildespierres.com\\\/index.php\\\/product\\\/pendentif-en-opale-boulder\\\/\",\"url\":\"https:\\\/\\\/aufildespierres.com\\\/index.php\\\/product\\\/pendentif-en-opale-boulder\\\/\",\"name\":\"Pendentif en Opale boulder - Au fil des pierres\",\"isPartOf\":{\"@id\":\"https:\\\/\\\/aufildespierres.com\\\/#website\"},\"primaryImageOfPage\":{\"@id\":\"https:\\\/\\\/aufildespierres.com\\\/index.php\\\/product\\\/pendentif-en-opale-boulder\\\/#primaryimage\"},\"image\":{\"@id\":\"https:\\\/\\\/aufildespierres.com\\\/index.php\\\/product\\\/pendentif-en-opale-boulder\\\/#primaryimage\"},\"thumbnailUrl\":\"https:\\\/\\\/aufildespierres.com\\\/wp-content\\\/uploads\\\/2025\\\/04\\\/475293147_10231907672468927_7023135254508228790_n.jpg\",\"datePublished\":\"2025-04-01T20:26:08+00:00\",\"dateModified\":\"2026-04-05T19:08:51+00:00\",\"description\":\"Pendentif en opale boulder d\u2019Australie, pi\u00e8ce rare aux reflets fascinants, s\u00e9lectionn\u00e9e pour sa beaut\u00e9 et qualit\u00e9 sup\u00e9rieure.\",\"breadcrumb\":{\"@id\":\"https:\\\/\\\/aufildespierres.com\\\/index.php\\\/product\\\/pendentif-en-opale-boulder\\\/#breadcrumb\"},\"inLanguage\":\"fr-FR\",\"potentialAction\":[{\"@type\":\"ReadAction\",\"target\":[\"https:\\\/\\\/aufildespierres.com\\\/index.php\\\/product\\\/pendentif-en-opale-boulder\\\/\"]}]},{\"@type\":\"ImageObject\",\"inLanguage\":\"fr-FR\",\"@id\":\"https:\\\/\\\/aufildespierres.com\\\/index.php\\\/product\\\/pendentif-en-opale-boulder\\\/#primaryimage\",\"url\":\"https:\\\/\\\/aufildespierres.com\\\/wp-content\\\/uploads\\\/2025\\\/04\\\/475293147_10231907672468927_7023135254508228790_n.jpg\",\"contentUrl\":\"https:\\\/\\\/aufildespierres.com\\\/wp-content\\\/uploads\\\/2025\\\/04\\\/475293147_10231907672468927_7023135254508228790_n.jpg\",\"width\":1857,\"height\":2048},{\"@type\":\"BreadcrumbList\",\"@id\":\"https:\\\/\\\/aufildespierres.com\\\/index.php\\\/product\\\/pendentif-en-opale-boulder\\\/#breadcrumb\",\"itemListElement\":[{\"@type\":\"ListItem\",\"position\":1,\"name\":\"Accueil\",\"item\":\"https:\\\/\\\/aufildespierres.com\\\/\"},{\"@type\":\"ListItem\",\"position\":2,\"name\":\"Boutique de Lithoth\u00e9rapie\",\"item\":\"https:\\\/\\\/aufildespierres.com\\\/index.php\\\/boutique-de-lithotherapie\\\/\"},{\"@type\":\"ListItem\",\"position\":3,\"name\":\"Pendentif en Opale boulder\"}]},{\"@type\":\"WebSite\",\"@id\":\"https:\\\/\\\/aufildespierres.com\\\/#website\",\"url\":\"https:\\\/\\\/aufildespierres.com\\\/\",\"name\":\"Au fil des pierres\",\"description\":\"Au fil des pierres\",\"publisher\":{\"@id\":\"https:\\\/\\\/aufildespierres.com\\\/#organization\"},\"potentialAction\":[{\"@type\":\"SearchAction\",\"target\":{\"@type\":\"EntryPoint\",\"urlTemplate\":\"https:\\\/\\\/aufildespierres.com\\\/?s={search_term_string}\"},\"query-input\":{\"@type\":\"PropertyValueSpecification\",\"valueRequired\":true,\"valueName\":\"search_term_string\"}}],\"inLanguage\":\"fr-FR\"},{\"@type\":\"Organization\",\"@id\":\"https:\\\/\\\/aufildespierres.com\\\/#organization\",\"name\":\"Au fil des pierres\",\"url\":\"https:\\\/\\\/aufildespierres.com\\\/\",\"logo\":{\"@type\":\"ImageObject\",\"inLanguage\":\"fr-FR\",\"@id\":\"https:\\\/\\\/aufildespierres.com\\\/#\\\/schema\\\/logo\\\/image\\\/\",\"url\":\"https:\\\/\\\/aufildespierres.com\\\/wp-content\\\/uploads\\\/2023\\\/05\\\/cropped-Logo-PNG-Transparent.png\",\"contentUrl\":\"https:\\\/\\\/aufildespierres.com\\\/wp-content\\\/uploads\\\/2023\\\/05\\\/cropped-Logo-PNG-Transparent.png\",\"width\":1776,\"height\":1625,\"caption\":\"Au fil des pierres\"},\"image\":{\"@id\":\"https:\\\/\\\/aufildespierres.com\\\/#\\\/schema\\\/logo\\\/image\\\/\"}}]}<\/script>\n<!-- \/ Yoast SEO plugin. -->","yoast_head_json":{"title":"Pendentif en Opale boulder - Au fil des pierres","description":"Pendentif en opale boulder d\u2019Australie, pi\u00e8ce rare aux reflets fascinants, s\u00e9lectionn\u00e9e pour sa beaut\u00e9 et qualit\u00e9 sup\u00e9rieure.","robots":{"index":"index","follow":"follow","max-snippet":"max-snippet:-1","max-image-preview":"max-image-preview:large","max-video-preview":"max-video-preview:-1"},"canonical":"https:\/\/aufildespierres.com\/index.php\/product\/pendentif-en-opale-boulder\/","og_locale":"fr_FR","og_type":"article","og_title":"Pendentif en Opale boulder - Au fil des pierres","og_description":"Pendentif en opale boulder d\u2019Australie, pi\u00e8ce rare aux reflets fascinants, s\u00e9lectionn\u00e9e pour sa beaut\u00e9 et qualit\u00e9 sup\u00e9rieure.","og_url":"https:\/\/aufildespierres.com\/index.php\/product\/pendentif-en-opale-boulder\/","og_site_name":"Au fil des pierres","article_modified_time":"2026-04-05T19:08:51+00:00","og_image":[{"width":1857,"height":2048,"url":"https:\/\/aufildespierres.com\/wp-content\/uploads\/2025\/04\/475293147_10231907672468927_7023135254508228790_n.jpg","type":"image\/jpeg"}],"twitter_card":"summary_large_image","twitter_misc":{"Dur\u00e9e de lecture estim\u00e9e":"2 minutes"},"schema":{"@context":"https:\/\/schema.org","@graph":[{"@type":"WebPage","@id":"https:\/\/aufildespierres.com\/index.php\/product\/pendentif-en-opale-boulder\/","url":"https:\/\/aufildespierres.com\/index.php\/product\/pendentif-en-opale-boulder\/","name":"Pendentif en Opale boulder - Au fil des pierres","isPartOf":{"@id":"https:\/\/aufildespierres.com\/#website"},"primaryImageOfPage":{"@id":"https:\/\/aufildespierres.com\/index.php\/product\/pendentif-en-opale-boulder\/#primaryimage"},"image":{"@id":"https:\/\/aufildespierres.com\/index.php\/product\/pendentif-en-opale-boulder\/#primaryimage"},"thumbnailUrl":"https:\/\/aufildespierres.com\/wp-content\/uploads\/2025\/04\/475293147_10231907672468927_7023135254508228790_n.jpg","datePublished":"2025-04-01T20:26:08+00:00","dateModified":"2026-04-05T19:08:51+00:00","description":"Pendentif en opale boulder d\u2019Australie, pi\u00e8ce rare aux reflets fascinants, s\u00e9lectionn\u00e9e pour sa beaut\u00e9 et qualit\u00e9 sup\u00e9rieure.","breadcrumb":{"@id":"https:\/\/aufildespierres.com\/index.php\/product\/pendentif-en-opale-boulder\/#breadcrumb"},"inLanguage":"fr-FR","potentialAction":[{"@type":"ReadAction","target":["https:\/\/aufildespierres.com\/index.php\/product\/pendentif-en-opale-boulder\/"]}]},{"@type":"ImageObject","inLanguage":"fr-FR","@id":"https:\/\/aufildespierres.com\/index.php\/product\/pendentif-en-opale-boulder\/#primaryimage","url":"https:\/\/aufildespierres.com\/wp-content\/uploads\/2025\/04\/475293147_10231907672468927_7023135254508228790_n.jpg","contentUrl":"https:\/\/aufildespierres.com\/wp-content\/uploads\/2025\/04\/475293147_10231907672468927_7023135254508228790_n.jpg","width":1857,"height":2048},{"@type":"BreadcrumbList","@id":"https:\/\/aufildespierres.com\/index.php\/product\/pendentif-en-opale-boulder\/#breadcrumb","itemListElement":[{"@type":"ListItem","position":1,"name":"Accueil","item":"https:\/\/aufildespierres.com\/"},{"@type":"ListItem","position":2,"name":"Boutique de Lithoth\u00e9rapie","item":"https:\/\/aufildespierres.com\/index.php\/boutique-de-lithotherapie\/"},{"@type":"ListItem","position":3,"name":"Pendentif en Opale boulder"}]},{"@type":"WebSite","@id":"https:\/\/aufildespierres.com\/#website","url":"https:\/\/aufildespierres.com\/","name":"Au fil des pierres","description":"Au fil des pierres","publisher":{"@id":"https:\/\/aufildespierres.com\/#organization"},"potentialAction":[{"@type":"SearchAction","target":{"@type":"EntryPoint","urlTemplate":"https:\/\/aufildespierres.com\/?s={search_term_string}"},"query-input":{"@type":"PropertyValueSpecification","valueRequired":true,"valueName":"search_term_string"}}],"inLanguage":"fr-FR"},{"@type":"Organization","@id":"https:\/\/aufildespierres.com\/#organization","name":"Au fil des pierres","url":"https:\/\/aufildespierres.com\/","logo":{"@type":"ImageObject","inLanguage":"fr-FR","@id":"https:\/\/aufildespierres.com\/#\/schema\/logo\/image\/","url":"https:\/\/aufildespierres.com\/wp-content\/uploads\/2023\/05\/cropped-Logo-PNG-Transparent.png","contentUrl":"https:\/\/aufildespierres.com\/wp-content\/uploads\/2023\/05\/cropped-Logo-PNG-Transparent.png","width":1776,"height":1625,"caption":"Au fil des pierres"},"image":{"@id":"https:\/\/aufildespierres.com\/#\/schema\/logo\/image\/"}}]}},"_links":{"self":[{"href":"https:\/\/aufildespierres.com\/index.php\/wp-json\/wp\/v2\/product\/3679","targetHints":{"allow":["GET"]}}],"collection":[{"href":"https:\/\/aufildespierres.com\/index.php\/wp-json\/wp\/v2\/product"}],"about":[{"href":"https:\/\/aufildespierres.com\/index.php\/wp-json\/wp\/v2\/types\/product"}],"replies":[{"embeddable":true,"href":"https:\/\/aufildespierres.com\/index.php\/wp-json\/wp\/v2\/comments?post=3679"}],"wp:featuredmedia":[{"embeddable":true,"href":"https:\/\/aufildespierres.com\/index.php\/wp-json\/wp\/v2\/media\/3680"}],"wp:attachment":[{"href":"https:\/\/aufildespierres.com\/index.php\/wp-json\/wp\/v2\/media?parent=3679"}],"wp:term":[{"taxonomy":"product_brand","embeddable":true,"href":"https:\/\/aufildespierres.com\/index.php\/wp-json\/wp\/v2\/product_brand?post=3679"},{"taxonomy":"product_cat","embeddable":true,"href":"https:\/\/aufildespierres.com\/index.php\/wp-json\/wp\/v2\/product_cat?post=3679"},{"taxonomy":"product_tag","embeddable":true,"href":"https:\/\/aufildespierres.com\/index.php\/wp-json\/wp\/v2\/product_tag?post=3679"}],"curies":[{"name":"wp","href":"https:\/\/api.w.org\/{rel}","templated":true}]}}