{"id":3706,"date":"2025-04-02T19:02:08","date_gmt":"2025-04-02T17:02:08","guid":{"rendered":"https:\/\/aufildespierres.com\/?post_type=product&#038;p=3706"},"modified":"2026-04-06T17:30:08","modified_gmt":"2026-04-06T15:30:08","slug":"crane-en-agate-volcano","status":"publish","type":"product","link":"https:\/\/aufildespierres.com\/index.php\/product\/crane-en-agate-volcano\/","title":{"rendered":"Crane en Agate volcano"},"content":{"rendered":"<div class=\"flex flex-col text-sm\">\n<section class=\"text-token-text-primary w-full focus:outline-none [--shadow-height:45px] has-data-writing-block:pointer-events-none has-data-writing-block:-mt-(--shadow-height) has-data-writing-block:pt-(--shadow-height) [&amp;:has([data-writing-block])&gt;*]:pointer-events-auto scroll-mt-(--header-height)\" dir=\"auto\" data-turn-id=\"17237e08-c137-4efb-bd91-7c86e20653e4\" data-testid=\"conversation-turn-5\" data-scroll-anchor=\"false\" data-turn=\"user\"><\/section>\n<section class=\"text-token-text-primary w-full focus:outline-none [--shadow-height:45px] has-data-writing-block:pointer-events-none has-data-writing-block:-mt-(--shadow-height) has-data-writing-block:pt-(--shadow-height) [&amp;:has([data-writing-block])&gt;*]:pointer-events-auto scroll-mt-[calc(var(--header-height)+min(200px,max(70px,20svh)))]\" dir=\"auto\" data-turn-id=\"request-WEB:23f4b436-c9d4-461b-a300-b79ea1bba7c6-2\" data-testid=\"conversation-turn-6\" data-scroll-anchor=\"true\" data-turn=\"assistant\">\n<div class=\"text-base my-auto mx-auto pb-10 [--thread-content-margin:var(--thread-content-margin-xs,calc(var(--spacing)*4))] @w-sm\/main:[--thread-content-margin:var(--thread-content-margin-sm,calc(var(--spacing)*6))] @w-lg\/main:[--thread-content-margin:var(--thread-content-margin-lg,calc(var(--spacing)*16))] px-(--thread-content-margin)\">\n<div class=\"[--thread-content-max-width:40rem] @w-lg\/main:[--thread-content-max-width:48rem] mx-auto max-w-(--thread-content-max-width) flex-1 group\/turn-messages focus-visible:outline-hidden relative flex w-full min-w-0 flex-col agent-turn\">\n<div class=\"flex max-w-full flex-col gap-4 grow\">\n<div class=\"min-h-8 text-message relative flex w-full flex-col items-end gap-2 text-start break-words whitespace-normal outline-none keyboard-focused:focus-ring [.text-message+&amp;]:mt-1\" dir=\"auto\" tabindex=\"0\" data-message-author-role=\"assistant\" data-message-id=\"3289f187-a706-428d-b3d8-d1f15a922f52\" data-message-model-slug=\"gpt-5-3\" data-turn-start-message=\"true\">\n<div class=\"flex w-full flex-col gap-1 empty:hidden\">\n<div class=\"markdown prose dark:prose-invert w-full wrap-break-word light markdown-new-styling\">\n<h1 data-section-id=\"nd4wqj\" data-start=\"0\" data-end=\"67\"><span role=\"text\"><strong data-start=\"2\" data-end=\"67\">Cr\u00e2ne en Agate Volcano : puissance, ancrage et transformation<\/strong><\/span><\/h1>\n<h2 data-section-id=\"1jf56qo\" data-start=\"69\" data-end=\"122\"><span role=\"text\"><strong data-start=\"72\" data-end=\"122\">Une pierre volcanique aux origines fascinantes<\/strong><\/span><\/h2>\n<p data-start=\"124\" data-end=\"554\">Le <strong data-start=\"127\" data-end=\"153\">cr\u00e2ne en Agate Volcano<\/strong> est une pi\u00e8ce unique qui allie esth\u00e9tique et \u00e9nergie brute, car il provient directement des profondeurs de la Terre. Avec un poids de 552 g, ce cr\u00e2ne sculpt\u00e9 r\u00e9v\u00e8le toute la richesse naturelle de cette pierre form\u00e9e dans des environnements volcaniques. En effet, l\u2019agate volcano se d\u00e9veloppe dans les cavit\u00e9s de lave refroidie, o\u00f9 des fluides riches en silice cristallisent lentement au fil du temps.<\/p>\n<p data-start=\"556\" data-end=\"1019\">Ainsi, ce processus naturel cr\u00e9e des motifs spectaculaires, souvent compos\u00e9s de couches et de volutes aux teintes chaudes allant du rouge profond au gris cendr\u00e9. On retrouve principalement cette pierre en Indon\u00e9sie, au Mexique et en Am\u00e9rique du Sud, des r\u00e9gions reconnues pour leur forte activit\u00e9 volcanique. De plus, cette agate poss\u00e8de une particularit\u00e9 int\u00e9ressante puisqu\u2019elle r\u00e9agit \u00e0 la lumi\u00e8re UV, ce qui accentue encore davantage son caract\u00e8re myst\u00e9rieux.<\/p>\n<h2 data-section-id=\"1ycxes4\" data-start=\"1021\" data-end=\"1067\"><span role=\"text\"><strong data-start=\"1024\" data-end=\"1067\">Les bienfaits du cr\u00e2ne en Agate Volcano<\/strong><\/span><\/h2>\n<p data-start=\"1069\" data-end=\"1385\">Le <strong data-start=\"1072\" data-end=\"1098\">cr\u00e2ne en Agate Volcano<\/strong> est une pierre d\u2019ancrage puissante, et elle aide \u00e0 stabiliser les \u00e9motions tout en renfor\u00e7ant la force int\u00e9rieure. En effet, elle permet de canaliser les \u00e9nergies intenses et d\u2019apaiser les tensions mentales, ce qui en fait une alli\u00e9e id\u00e9ale dans les p\u00e9riodes de stress ou de changement.<\/p>\n<p data-start=\"1387\" data-end=\"1708\">Par ailleurs, elle accompagne les phases de transformation personnelle, car elle apporte courage, clart\u00e9 d\u2019esprit et capacit\u00e9 \u00e0 avancer sereinement vers de nouveaux objectifs. De plus, son \u00e9nergie douce mais profonde favorise un \u00e9quilibre harmonieux entre le corps et l\u2019esprit, tout en stimulant la vitalit\u00e9 au quotidien.<\/p>\n<h2 data-section-id=\"17o7kx7\" data-start=\"1710\" data-end=\"1768\"><span role=\"text\"><strong data-start=\"1713\" data-end=\"1768\">Une pierre id\u00e9ale pour l\u2019\u00e9quilibre et la m\u00e9ditation<\/strong><\/span><\/h2>\n<p data-start=\"1770\" data-end=\"2061\">En compl\u00e9ment, ce cr\u00e2ne en pierre constitue un excellent support pour la m\u00e9ditation et le d\u00e9veloppement personnel, car il encourage l\u2019introspection et la reconnexion \u00e0 soi-m\u00eame. Il aide \u00e9galement \u00e0 cr\u00e9er un environnement apaisant et protecteur, propice \u00e0 la concentration et au l\u00e2cher-prise.<\/p>\n<p data-start=\"2063\" data-end=\"2272\" data-is-last-node=\"\" data-is-only-node=\"\">Enfin, pour pr\u00e9server toute sa puissance \u00e9nerg\u00e9tique, vous pouvez purifier votre pierre \u00e0 l\u2019aide de fumigation ou d\u2019eau claire, puis la recharger \u00e0 la lumi\u00e8re douce afin de maintenir ses vibrations naturelles.<\/p>\n<\/div>\n<\/div>\n<\/div>\n<\/div>\n<div class=\"z-0 flex min-h-[46px] justify-start\"><\/div>\n<\/div>\n<\/div>\n<\/section>\n<\/div>\n<div class=\"pointer-events-none h-px w-px absolute bottom-0\" aria-hidden=\"true\" data-edge=\"true\"><\/div>\n","protected":false},"excerpt":{"rendered":"<p>Cr\u00e2ne en Agate Volcano : puissance, ancrage et transformation Une pierre volcanique aux origines fascinantes Le cr\u00e2ne en Agate Volcano est une pi\u00e8ce unique qui allie esth\u00e9tique et \u00e9nergie brute, car il provient directement des profondeurs de la Terre. Avec un poids de 552 g, ce cr\u00e2ne sculpt\u00e9 r\u00e9v\u00e8le toute la richesse naturelle de cette [&hellip;]<\/p>\n","protected":false},"featured_media":3709,"comment_status":"open","ping_status":"closed","template":"","meta":{"site-sidebar-layout":"default","site-content-layout":"","ast-site-content-layout":"default","site-content-style":"default","site-sidebar-style":"default","ast-global-header-display":"","ast-banner-title-visibility":"","ast-main-header-display":"","ast-hfb-above-header-display":"","ast-hfb-below-header-display":"","ast-hfb-mobile-header-display":"","site-post-title":"","ast-breadcrumbs-content":"","ast-featured-img":"","footer-sml-layout":"","ast-disable-related-posts":"","theme-transparent-header-meta":"default","adv-header-id-meta":"","stick-header-meta":"","header-above-stick-meta":"","header-main-stick-meta":"","header-below-stick-meta":"","astra-migrate-meta-layouts":"set","ast-page-background-enabled":"default","ast-page-background-meta":{"desktop":{"background-color":"var(--ast-global-color-4)","background-image":"","background-repeat":"repeat","background-position":"center center","background-size":"auto","background-attachment":"scroll","background-type":"","background-media":"","overlay-type":"","overlay-color":"","overlay-opacity":"","overlay-gradient":""},"tablet":{"background-color":"","background-image":"","background-repeat":"repeat","background-position":"center center","background-size":"auto","background-attachment":"scroll","background-type":"","background-media":"","overlay-type":"","overlay-color":"","overlay-opacity":"","overlay-gradient":""},"mobile":{"background-color":"","background-image":"","background-repeat":"repeat","background-position":"center center","background-size":"auto","background-attachment":"scroll","background-type":"","background-media":"","overlay-type":"","overlay-color":"","overlay-opacity":"","overlay-gradient":""}},"ast-content-background-meta":{"desktop":{"background-color":"var(--ast-global-color-5)","background-image":"","background-repeat":"repeat","background-position":"center center","background-size":"auto","background-attachment":"scroll","background-type":"","background-media":"","overlay-type":"","overlay-color":"","overlay-opacity":"","overlay-gradient":""},"tablet":{"background-color":"var(--ast-global-color-5)","background-image":"","background-repeat":"repeat","background-position":"center center","background-size":"auto","background-attachment":"scroll","background-type":"","background-media":"","overlay-type":"","overlay-color":"","overlay-opacity":"","overlay-gradient":""},"mobile":{"background-color":"var(--ast-global-color-5)","background-image":"","background-repeat":"repeat","background-position":"center center","background-size":"auto","background-attachment":"scroll","background-type":"","background-media":"","overlay-type":"","overlay-color":"","overlay-opacity":"","overlay-gradient":""}},"_glsr_average":0,"_glsr_ranking":0,"_glsr_reviews":0},"product_brand":[],"product_cat":[280,72,294,200],"product_tag":[],"class_list":{"0":"post-3706","1":"product","2":"type-product","3":"status-publish","4":"has-post-thumbnail","6":"product_cat-agate-volcano","7":"product_cat-bleu","8":"product_cat-promotions","9":"product_cat-sculptees","10":"desktop-align-left","11":"tablet-align-left","12":"mobile-align-left","14":"first","15":"instock","16":"sale","17":"purchasable","18":"product-type-simple"},"yoast_head":"<!-- This site is optimized with the Yoast SEO plugin v27.5 - https:\/\/yoast.com\/product\/yoast-seo-wordpress\/ -->\n<title>Crane en Agate volcano - Au fil des pierres<\/title>\n<meta name=\"description\" content=\"Cr\u00e2ne en agate volcano, pi\u00e8ce unique aux motifs volcaniques, taill\u00e9e avec soin pour allier puissance \u00e9nerg\u00e9tique et qualit\u00e9 sup\u00e9rieure.\" \/>\n<meta name=\"robots\" content=\"index, follow, max-snippet:-1, max-image-preview:large, max-video-preview:-1\" \/>\n<link rel=\"canonical\" href=\"https:\/\/aufildespierres.com\/index.php\/product\/crane-en-agate-volcano\/\" \/>\n<meta property=\"og:locale\" content=\"fr_FR\" \/>\n<meta property=\"og:type\" content=\"article\" \/>\n<meta property=\"og:title\" content=\"Crane en Agate volcano - Au fil des pierres\" \/>\n<meta property=\"og:description\" content=\"Cr\u00e2ne en agate volcano, pi\u00e8ce unique aux motifs volcaniques, taill\u00e9e avec soin pour allier puissance \u00e9nerg\u00e9tique et qualit\u00e9 sup\u00e9rieure.\" \/>\n<meta property=\"og:url\" content=\"https:\/\/aufildespierres.com\/index.php\/product\/crane-en-agate-volcano\/\" \/>\n<meta property=\"og:site_name\" content=\"Au fil des pierres\" \/>\n<meta property=\"article:modified_time\" content=\"2026-04-06T15:30:08+00:00\" \/>\n<meta property=\"og:image\" content=\"https:\/\/aufildespierres.com\/wp-content\/uploads\/2025\/04\/20250402_164721-scaled.jpg\" \/>\n\t<meta property=\"og:image:width\" content=\"2301\" \/>\n\t<meta property=\"og:image:height\" content=\"2560\" \/>\n\t<meta property=\"og:image:type\" content=\"image\/jpeg\" \/>\n<meta name=\"twitter:card\" content=\"summary_large_image\" \/>\n<meta name=\"twitter:label1\" content=\"Dur\u00e9e de lecture estim\u00e9e\" \/>\n\t<meta name=\"twitter:data1\" content=\"3 minutes\" \/>\n<script type=\"application\/ld+json\" class=\"yoast-schema-graph\">{\"@context\":\"https:\\\/\\\/schema.org\",\"@graph\":[{\"@type\":\"WebPage\",\"@id\":\"https:\\\/\\\/aufildespierres.com\\\/index.php\\\/product\\\/crane-en-agate-volcano\\\/\",\"url\":\"https:\\\/\\\/aufildespierres.com\\\/index.php\\\/product\\\/crane-en-agate-volcano\\\/\",\"name\":\"Crane en Agate volcano - Au fil des pierres\",\"isPartOf\":{\"@id\":\"https:\\\/\\\/aufildespierres.com\\\/#website\"},\"primaryImageOfPage\":{\"@id\":\"https:\\\/\\\/aufildespierres.com\\\/index.php\\\/product\\\/crane-en-agate-volcano\\\/#primaryimage\"},\"image\":{\"@id\":\"https:\\\/\\\/aufildespierres.com\\\/index.php\\\/product\\\/crane-en-agate-volcano\\\/#primaryimage\"},\"thumbnailUrl\":\"https:\\\/\\\/aufildespierres.com\\\/wp-content\\\/uploads\\\/2025\\\/04\\\/20250402_164721-scaled.jpg\",\"datePublished\":\"2025-04-02T17:02:08+00:00\",\"dateModified\":\"2026-04-06T15:30:08+00:00\",\"description\":\"Cr\u00e2ne en agate volcano, pi\u00e8ce unique aux motifs volcaniques, taill\u00e9e avec soin pour allier puissance \u00e9nerg\u00e9tique et qualit\u00e9 sup\u00e9rieure.\",\"breadcrumb\":{\"@id\":\"https:\\\/\\\/aufildespierres.com\\\/index.php\\\/product\\\/crane-en-agate-volcano\\\/#breadcrumb\"},\"inLanguage\":\"fr-FR\",\"potentialAction\":[{\"@type\":\"ReadAction\",\"target\":[\"https:\\\/\\\/aufildespierres.com\\\/index.php\\\/product\\\/crane-en-agate-volcano\\\/\"]}]},{\"@type\":\"ImageObject\",\"inLanguage\":\"fr-FR\",\"@id\":\"https:\\\/\\\/aufildespierres.com\\\/index.php\\\/product\\\/crane-en-agate-volcano\\\/#primaryimage\",\"url\":\"https:\\\/\\\/aufildespierres.com\\\/wp-content\\\/uploads\\\/2025\\\/04\\\/20250402_164721-scaled.jpg\",\"contentUrl\":\"https:\\\/\\\/aufildespierres.com\\\/wp-content\\\/uploads\\\/2025\\\/04\\\/20250402_164721-scaled.jpg\",\"width\":2301,\"height\":2560},{\"@type\":\"BreadcrumbList\",\"@id\":\"https:\\\/\\\/aufildespierres.com\\\/index.php\\\/product\\\/crane-en-agate-volcano\\\/#breadcrumb\",\"itemListElement\":[{\"@type\":\"ListItem\",\"position\":1,\"name\":\"Accueil\",\"item\":\"https:\\\/\\\/aufildespierres.com\\\/\"},{\"@type\":\"ListItem\",\"position\":2,\"name\":\"Boutique de Lithoth\u00e9rapie\",\"item\":\"https:\\\/\\\/aufildespierres.com\\\/index.php\\\/boutique-de-lithotherapie\\\/\"},{\"@type\":\"ListItem\",\"position\":3,\"name\":\"Crane en Agate volcano\"}]},{\"@type\":\"WebSite\",\"@id\":\"https:\\\/\\\/aufildespierres.com\\\/#website\",\"url\":\"https:\\\/\\\/aufildespierres.com\\\/\",\"name\":\"Au fil des pierres\",\"description\":\"Au fil des pierres\",\"publisher\":{\"@id\":\"https:\\\/\\\/aufildespierres.com\\\/#organization\"},\"potentialAction\":[{\"@type\":\"SearchAction\",\"target\":{\"@type\":\"EntryPoint\",\"urlTemplate\":\"https:\\\/\\\/aufildespierres.com\\\/?s={search_term_string}\"},\"query-input\":{\"@type\":\"PropertyValueSpecification\",\"valueRequired\":true,\"valueName\":\"search_term_string\"}}],\"inLanguage\":\"fr-FR\"},{\"@type\":\"Organization\",\"@id\":\"https:\\\/\\\/aufildespierres.com\\\/#organization\",\"name\":\"Au fil des pierres\",\"url\":\"https:\\\/\\\/aufildespierres.com\\\/\",\"logo\":{\"@type\":\"ImageObject\",\"inLanguage\":\"fr-FR\",\"@id\":\"https:\\\/\\\/aufildespierres.com\\\/#\\\/schema\\\/logo\\\/image\\\/\",\"url\":\"https:\\\/\\\/aufildespierres.com\\\/wp-content\\\/uploads\\\/2023\\\/05\\\/cropped-Logo-PNG-Transparent.png\",\"contentUrl\":\"https:\\\/\\\/aufildespierres.com\\\/wp-content\\\/uploads\\\/2023\\\/05\\\/cropped-Logo-PNG-Transparent.png\",\"width\":1776,\"height\":1625,\"caption\":\"Au fil des pierres\"},\"image\":{\"@id\":\"https:\\\/\\\/aufildespierres.com\\\/#\\\/schema\\\/logo\\\/image\\\/\"}}]}<\/script>\n<!-- \/ Yoast SEO plugin. -->","yoast_head_json":{"title":"Crane en Agate volcano - Au fil des pierres","description":"Cr\u00e2ne en agate volcano, pi\u00e8ce unique aux motifs volcaniques, taill\u00e9e avec soin pour allier puissance \u00e9nerg\u00e9tique et qualit\u00e9 sup\u00e9rieure.","robots":{"index":"index","follow":"follow","max-snippet":"max-snippet:-1","max-image-preview":"max-image-preview:large","max-video-preview":"max-video-preview:-1"},"canonical":"https:\/\/aufildespierres.com\/index.php\/product\/crane-en-agate-volcano\/","og_locale":"fr_FR","og_type":"article","og_title":"Crane en Agate volcano - Au fil des pierres","og_description":"Cr\u00e2ne en agate volcano, pi\u00e8ce unique aux motifs volcaniques, taill\u00e9e avec soin pour allier puissance \u00e9nerg\u00e9tique et qualit\u00e9 sup\u00e9rieure.","og_url":"https:\/\/aufildespierres.com\/index.php\/product\/crane-en-agate-volcano\/","og_site_name":"Au fil des pierres","article_modified_time":"2026-04-06T15:30:08+00:00","og_image":[{"width":2301,"height":2560,"url":"https:\/\/aufildespierres.com\/wp-content\/uploads\/2025\/04\/20250402_164721-scaled.jpg","type":"image\/jpeg"}],"twitter_card":"summary_large_image","twitter_misc":{"Dur\u00e9e de lecture estim\u00e9e":"3 minutes"},"schema":{"@context":"https:\/\/schema.org","@graph":[{"@type":"WebPage","@id":"https:\/\/aufildespierres.com\/index.php\/product\/crane-en-agate-volcano\/","url":"https:\/\/aufildespierres.com\/index.php\/product\/crane-en-agate-volcano\/","name":"Crane en Agate volcano - Au fil des pierres","isPartOf":{"@id":"https:\/\/aufildespierres.com\/#website"},"primaryImageOfPage":{"@id":"https:\/\/aufildespierres.com\/index.php\/product\/crane-en-agate-volcano\/#primaryimage"},"image":{"@id":"https:\/\/aufildespierres.com\/index.php\/product\/crane-en-agate-volcano\/#primaryimage"},"thumbnailUrl":"https:\/\/aufildespierres.com\/wp-content\/uploads\/2025\/04\/20250402_164721-scaled.jpg","datePublished":"2025-04-02T17:02:08+00:00","dateModified":"2026-04-06T15:30:08+00:00","description":"Cr\u00e2ne en agate volcano, pi\u00e8ce unique aux motifs volcaniques, taill\u00e9e avec soin pour allier puissance \u00e9nerg\u00e9tique et qualit\u00e9 sup\u00e9rieure.","breadcrumb":{"@id":"https:\/\/aufildespierres.com\/index.php\/product\/crane-en-agate-volcano\/#breadcrumb"},"inLanguage":"fr-FR","potentialAction":[{"@type":"ReadAction","target":["https:\/\/aufildespierres.com\/index.php\/product\/crane-en-agate-volcano\/"]}]},{"@type":"ImageObject","inLanguage":"fr-FR","@id":"https:\/\/aufildespierres.com\/index.php\/product\/crane-en-agate-volcano\/#primaryimage","url":"https:\/\/aufildespierres.com\/wp-content\/uploads\/2025\/04\/20250402_164721-scaled.jpg","contentUrl":"https:\/\/aufildespierres.com\/wp-content\/uploads\/2025\/04\/20250402_164721-scaled.jpg","width":2301,"height":2560},{"@type":"BreadcrumbList","@id":"https:\/\/aufildespierres.com\/index.php\/product\/crane-en-agate-volcano\/#breadcrumb","itemListElement":[{"@type":"ListItem","position":1,"name":"Accueil","item":"https:\/\/aufildespierres.com\/"},{"@type":"ListItem","position":2,"name":"Boutique de Lithoth\u00e9rapie","item":"https:\/\/aufildespierres.com\/index.php\/boutique-de-lithotherapie\/"},{"@type":"ListItem","position":3,"name":"Crane en Agate volcano"}]},{"@type":"WebSite","@id":"https:\/\/aufildespierres.com\/#website","url":"https:\/\/aufildespierres.com\/","name":"Au fil des pierres","description":"Au fil des pierres","publisher":{"@id":"https:\/\/aufildespierres.com\/#organization"},"potentialAction":[{"@type":"SearchAction","target":{"@type":"EntryPoint","urlTemplate":"https:\/\/aufildespierres.com\/?s={search_term_string}"},"query-input":{"@type":"PropertyValueSpecification","valueRequired":true,"valueName":"search_term_string"}}],"inLanguage":"fr-FR"},{"@type":"Organization","@id":"https:\/\/aufildespierres.com\/#organization","name":"Au fil des pierres","url":"https:\/\/aufildespierres.com\/","logo":{"@type":"ImageObject","inLanguage":"fr-FR","@id":"https:\/\/aufildespierres.com\/#\/schema\/logo\/image\/","url":"https:\/\/aufildespierres.com\/wp-content\/uploads\/2023\/05\/cropped-Logo-PNG-Transparent.png","contentUrl":"https:\/\/aufildespierres.com\/wp-content\/uploads\/2023\/05\/cropped-Logo-PNG-Transparent.png","width":1776,"height":1625,"caption":"Au fil des pierres"},"image":{"@id":"https:\/\/aufildespierres.com\/#\/schema\/logo\/image\/"}}]}},"_links":{"self":[{"href":"https:\/\/aufildespierres.com\/index.php\/wp-json\/wp\/v2\/product\/3706","targetHints":{"allow":["GET"]}}],"collection":[{"href":"https:\/\/aufildespierres.com\/index.php\/wp-json\/wp\/v2\/product"}],"about":[{"href":"https:\/\/aufildespierres.com\/index.php\/wp-json\/wp\/v2\/types\/product"}],"replies":[{"embeddable":true,"href":"https:\/\/aufildespierres.com\/index.php\/wp-json\/wp\/v2\/comments?post=3706"}],"wp:featuredmedia":[{"embeddable":true,"href":"https:\/\/aufildespierres.com\/index.php\/wp-json\/wp\/v2\/media\/3709"}],"wp:attachment":[{"href":"https:\/\/aufildespierres.com\/index.php\/wp-json\/wp\/v2\/media?parent=3706"}],"wp:term":[{"taxonomy":"product_brand","embeddable":true,"href":"https:\/\/aufildespierres.com\/index.php\/wp-json\/wp\/v2\/product_brand?post=3706"},{"taxonomy":"product_cat","embeddable":true,"href":"https:\/\/aufildespierres.com\/index.php\/wp-json\/wp\/v2\/product_cat?post=3706"},{"taxonomy":"product_tag","embeddable":true,"href":"https:\/\/aufildespierres.com\/index.php\/wp-json\/wp\/v2\/product_tag?post=3706"}],"curies":[{"name":"wp","href":"https:\/\/api.w.org\/{rel}","templated":true}]}}