{"id":3725,"date":"2025-04-03T22:47:59","date_gmt":"2025-04-03T20:47:59","guid":{"rendered":"https:\/\/aufildespierres.com\/?post_type=product&#038;p=3725"},"modified":"2026-01-17T13:10:37","modified_gmt":"2026-01-17T12:10:37","slug":"bracelet-en-kyanite-bleue","status":"publish","type":"product","link":"https:\/\/aufildespierres.com\/index.php\/product\/bracelet-en-kyanite-bleue\/","title":{"rendered":"Bracelet en Kyanite bleue"},"content":{"rendered":"<p data-start=\"224\" data-end=\"469\"><strong data-start=\"224\" data-end=\"280\">Bracelet rare en Kyanite bleue\u00a0<\/strong><br data-start=\"280\" data-end=\"283\" \/>(aussi appel\u00e9e Cyanite ou Disth\u00e8ne) perles de 10 mm \u00a0<br data-start=\"378\" data-end=\"381\" \/>\u00a0Convient \u00e0 un poignet de 17 \u00e0 18 cm. Pour une autre taille, contactez-moi directement.<\/p>\n<h3 data-start=\"471\" data-end=\"499\">\u00a0Propri\u00e9t\u00e9s psychiques<\/h3>\n<p data-start=\"501\" data-end=\"769\">La Kyanite bleue agit comme une <strong data-start=\"533\" data-end=\"557\">pierre de croissance<\/strong>. Elle soutient l\u2019expression personnelle et aide \u00e0 concr\u00e9tiser projets professionnels ou personnels. Gr\u00e2ce \u00e0 son \u00e9nergie stable, elle favorise une <strong data-start=\"704\" data-end=\"725\">\u00e9volution durable<\/strong>, la <strong data-start=\"730\" data-end=\"747\">d\u00e9termination<\/strong> et la <strong data-start=\"754\" data-end=\"768\">r\u00e9silience<\/strong>.<\/p>\n<p data-start=\"771\" data-end=\"965\">Lorsque tu ressens des blocages, des pens\u00e9es limitantes ou des \u00e9motions trop intenses, elle facilite la compr\u00e9hension de tes exp\u00e9riences. Elle t&rsquo;aide ainsi \u00e0 d\u00e9passer tes croyances et \u00e0 \u00e9voluer.<\/p>\n<p data-start=\"967\" data-end=\"1245\">En parall\u00e8le, cette pierre <strong data-start=\"994\" data-end=\"1028\">amplifie l\u2019\u00e9nergie spirituelle<\/strong>, <strong data-start=\"1030\" data-end=\"1054\">renforce l\u2019int\u00e9grit\u00e9<\/strong> et encourage l\u2019implication personnelle, tout en mettant en lumi\u00e8re ce qui m\u00e9rite d\u2019\u00eatre transform\u00e9. Elle facilite aussi la <strong data-start=\"1178\" data-end=\"1206\">circulation de l\u2019\u00e9nergie<\/strong> entre toutes les dimensions de l\u2019\u00eatre.<\/p>\n<p data-start=\"1247\" data-end=\"1550\">Tu souhaites mieux t\u2019exprimer, te sentir plus vivant(e) ? La Kyanite booste l\u2019<strong data-start=\"1325\" data-end=\"1346\">expression de soi<\/strong>, la <strong data-start=\"1351\" data-end=\"1363\">vitalit\u00e9<\/strong>, mais aussi le <strong data-start=\"1379\" data-end=\"1397\">respect de soi<\/strong> et des autres. Elle am\u00e9liore la communication dans les relations, qu\u2019elles soient sociales ou affectives, et instaure une entente fluide dans le couple.<\/p>\n<p data-start=\"1552\" data-end=\"1787\">De plus, elle aide \u00e0 <strong data-start=\"1573\" data-end=\"1600\">se remettre en question<\/strong>, notamment si tu ressens le besoin d\u2019avoir toujours raison. Elle t\u2019invite \u00e0 te reconnecter \u00e0 toi-m\u00eame pour mieux comprendre ta mission de vie, r\u00e9v\u00e9ler ta vocation et t\u2019aligner \u00e0 ton \u00e2me.<\/p>\n<p data-start=\"1789\" data-end=\"1930\">Enfin, elle diminue le stress, calme l\u2019anxi\u00e9t\u00e9, purifie les lieux, soutient les personnes timides ou introverties, et leur redonne confiance.<\/p>\n<h3 data-start=\"1932\" data-end=\"1959\">\u00a0Propri\u00e9t\u00e9s physiques<\/h3>\n<p data-start=\"1961\" data-end=\"2108\">La Kyanite bleue <strong data-start=\"1978\" data-end=\"2013\">stimule la circulation sanguine<\/strong> et <strong data-start=\"2017\" data-end=\"2042\">r\u00e9gule l\u2019hypertension<\/strong>. Elle soutient les <strong data-start=\"2062\" data-end=\"2084\">glandes surr\u00e9nales<\/strong> et la <strong data-start=\"2091\" data-end=\"2107\">parathyro\u00efde<\/strong>.<\/p>\n<p data-start=\"2110\" data-end=\"2308\">Elle augmente la <strong data-start=\"2127\" data-end=\"2159\">vitalit\u00e9 physique et mentale<\/strong>, agit comme <strong data-start=\"2172\" data-end=\"2188\">anti-douleur<\/strong> (notamment pour les fractures ou douleurs osseuses) et soulage les probl\u00e8mes de <strong data-start=\"2269\" data-end=\"2290\">gorge, d\u2019audition<\/strong> et de <strong data-start=\"2297\" data-end=\"2307\">parole<\/strong>.<\/p>\n<p data-start=\"2310\" data-end=\"2395\">Enfin, elle <strong data-start=\"2322\" data-end=\"2356\">favorise un sommeil r\u00e9parateur<\/strong> en diminuant les ruminations mentales.<\/p>\n","protected":false},"excerpt":{"rendered":"<p>Bracelet rare en Kyanite bleue\u00a0(aussi appel\u00e9e Cyanite ou Disth\u00e8ne) perles de 10 mm \u00a0\u00a0Convient \u00e0 un poignet de 17 \u00e0 18 cm. Pour une autre taille, contactez-moi directement. \u00a0Propri\u00e9t\u00e9s psychiques La Kyanite bleue agit comme une pierre de croissance. Elle soutient l\u2019expression personnelle et aide \u00e0 concr\u00e9tiser projets professionnels ou personnels. Gr\u00e2ce \u00e0 son \u00e9nergie [&hellip;]<\/p>\n","protected":false},"featured_media":3727,"comment_status":"open","ping_status":"closed","template":"","meta":{"site-sidebar-layout":"default","site-content-layout":"","ast-site-content-layout":"default","site-content-style":"default","site-sidebar-style":"default","ast-global-header-display":"","ast-banner-title-visibility":"","ast-main-header-display":"","ast-hfb-above-header-display":"","ast-hfb-below-header-display":"","ast-hfb-mobile-header-display":"","site-post-title":"","ast-breadcrumbs-content":"","ast-featured-img":"","footer-sml-layout":"","ast-disable-related-posts":"","theme-transparent-header-meta":"default","adv-header-id-meta":"","stick-header-meta":"","header-above-stick-meta":"","header-main-stick-meta":"","header-below-stick-meta":"","astra-migrate-meta-layouts":"set","ast-page-background-enabled":"default","ast-page-background-meta":{"desktop":{"background-color":"var(--ast-global-color-4)","background-image":"","background-repeat":"repeat","background-position":"center center","background-size":"auto","background-attachment":"scroll","background-type":"","background-media":"","overlay-type":"","overlay-color":"","overlay-opacity":"","overlay-gradient":""},"tablet":{"background-color":"","background-image":"","background-repeat":"repeat","background-position":"center center","background-size":"auto","background-attachment":"scroll","background-type":"","background-media":"","overlay-type":"","overlay-color":"","overlay-opacity":"","overlay-gradient":""},"mobile":{"background-color":"","background-image":"","background-repeat":"repeat","background-position":"center center","background-size":"auto","background-attachment":"scroll","background-type":"","background-media":"","overlay-type":"","overlay-color":"","overlay-opacity":"","overlay-gradient":""}},"ast-content-background-meta":{"desktop":{"background-color":"var(--ast-global-color-5)","background-image":"","background-repeat":"repeat","background-position":"center center","background-size":"auto","background-attachment":"scroll","background-type":"","background-media":"","overlay-type":"","overlay-color":"","overlay-opacity":"","overlay-gradient":""},"tablet":{"background-color":"var(--ast-global-color-5)","background-image":"","background-repeat":"repeat","background-position":"center center","background-size":"auto","background-attachment":"scroll","background-type":"","background-media":"","overlay-type":"","overlay-color":"","overlay-opacity":"","overlay-gradient":""},"mobile":{"background-color":"var(--ast-global-color-5)","background-image":"","background-repeat":"repeat","background-position":"center center","background-size":"auto","background-attachment":"scroll","background-type":"","background-media":"","overlay-type":"","overlay-color":"","overlay-opacity":"","overlay-gradient":""}},"_glsr_average":0,"_glsr_ranking":0,"_glsr_reviews":0},"product_brand":[],"product_cat":[55,72,56,290,139],"product_tag":[],"class_list":{"0":"post-3725","1":"product","2":"type-product","3":"status-publish","4":"has-post-thumbnail","6":"product_cat-10-mm","7":"product_cat-bleu","8":"product_cat-bracelets-de-lithotherapie","9":"product_cat-bracelets-de-lithotherapie-femmes","10":"product_cat-kyanite","11":"desktop-align-left","12":"tablet-align-left","13":"mobile-align-left","15":"first","16":"instock","17":"purchasable","18":"product-type-simple"},"yoast_head":"<!-- This site is optimized with the Yoast SEO plugin v27.5 - https:\/\/yoast.com\/product\/yoast-seo-wordpress\/ -->\n<title>Bracelet en Kyanite bleue - Au fil des pierres<\/title>\n<meta name=\"description\" content=\"Bracelet en kyanite bleue, aux reflets satin\u00e9s, s\u00e9lectionn\u00e9 avec soin pour sa puret\u00e9, son \u00e9l\u00e9gance et sa qualit\u00e9 sup\u00e9rieure.\" \/>\n<meta name=\"robots\" content=\"index, follow, max-snippet:-1, max-image-preview:large, max-video-preview:-1\" \/>\n<link rel=\"canonical\" href=\"https:\/\/aufildespierres.com\/index.php\/product\/bracelet-en-kyanite-bleue\/\" \/>\n<meta property=\"og:locale\" content=\"fr_FR\" \/>\n<meta property=\"og:type\" content=\"article\" \/>\n<meta property=\"og:title\" content=\"Bracelet en Kyanite bleue - Au fil des pierres\" \/>\n<meta property=\"og:description\" content=\"Bracelet en kyanite bleue, aux reflets satin\u00e9s, s\u00e9lectionn\u00e9 avec soin pour sa puret\u00e9, son \u00e9l\u00e9gance et sa qualit\u00e9 sup\u00e9rieure.\" \/>\n<meta property=\"og:url\" content=\"https:\/\/aufildespierres.com\/index.php\/product\/bracelet-en-kyanite-bleue\/\" \/>\n<meta property=\"og:site_name\" content=\"Au fil des pierres\" \/>\n<meta property=\"article:modified_time\" content=\"2026-01-17T12:10:37+00:00\" \/>\n<meta property=\"og:image\" content=\"https:\/\/aufildespierres.com\/wp-content\/uploads\/2025\/04\/20250403_182045-scaled.jpg\" \/>\n\t<meta property=\"og:image:width\" content=\"1920\" \/>\n\t<meta property=\"og:image:height\" content=\"2560\" \/>\n\t<meta property=\"og:image:type\" content=\"image\/jpeg\" \/>\n<meta name=\"twitter:card\" content=\"summary_large_image\" \/>\n<meta name=\"twitter:label1\" content=\"Dur\u00e9e de lecture estim\u00e9e\" \/>\n\t<meta name=\"twitter:data1\" content=\"2 minutes\" \/>\n<script type=\"application\/ld+json\" class=\"yoast-schema-graph\">{\"@context\":\"https:\\\/\\\/schema.org\",\"@graph\":[{\"@type\":\"WebPage\",\"@id\":\"https:\\\/\\\/aufildespierres.com\\\/index.php\\\/product\\\/bracelet-en-kyanite-bleue\\\/\",\"url\":\"https:\\\/\\\/aufildespierres.com\\\/index.php\\\/product\\\/bracelet-en-kyanite-bleue\\\/\",\"name\":\"Bracelet en Kyanite bleue - Au fil des pierres\",\"isPartOf\":{\"@id\":\"https:\\\/\\\/aufildespierres.com\\\/#website\"},\"primaryImageOfPage\":{\"@id\":\"https:\\\/\\\/aufildespierres.com\\\/index.php\\\/product\\\/bracelet-en-kyanite-bleue\\\/#primaryimage\"},\"image\":{\"@id\":\"https:\\\/\\\/aufildespierres.com\\\/index.php\\\/product\\\/bracelet-en-kyanite-bleue\\\/#primaryimage\"},\"thumbnailUrl\":\"https:\\\/\\\/aufildespierres.com\\\/wp-content\\\/uploads\\\/2025\\\/04\\\/20250403_182045-scaled.jpg\",\"datePublished\":\"2025-04-03T20:47:59+00:00\",\"dateModified\":\"2026-01-17T12:10:37+00:00\",\"description\":\"Bracelet en kyanite bleue, aux reflets satin\u00e9s, s\u00e9lectionn\u00e9 avec soin pour sa puret\u00e9, son \u00e9l\u00e9gance et sa qualit\u00e9 sup\u00e9rieure.\",\"breadcrumb\":{\"@id\":\"https:\\\/\\\/aufildespierres.com\\\/index.php\\\/product\\\/bracelet-en-kyanite-bleue\\\/#breadcrumb\"},\"inLanguage\":\"fr-FR\",\"potentialAction\":[{\"@type\":\"ReadAction\",\"target\":[\"https:\\\/\\\/aufildespierres.com\\\/index.php\\\/product\\\/bracelet-en-kyanite-bleue\\\/\"]}]},{\"@type\":\"ImageObject\",\"inLanguage\":\"fr-FR\",\"@id\":\"https:\\\/\\\/aufildespierres.com\\\/index.php\\\/product\\\/bracelet-en-kyanite-bleue\\\/#primaryimage\",\"url\":\"https:\\\/\\\/aufildespierres.com\\\/wp-content\\\/uploads\\\/2025\\\/04\\\/20250403_182045-scaled.jpg\",\"contentUrl\":\"https:\\\/\\\/aufildespierres.com\\\/wp-content\\\/uploads\\\/2025\\\/04\\\/20250403_182045-scaled.jpg\",\"width\":1920,\"height\":2560},{\"@type\":\"BreadcrumbList\",\"@id\":\"https:\\\/\\\/aufildespierres.com\\\/index.php\\\/product\\\/bracelet-en-kyanite-bleue\\\/#breadcrumb\",\"itemListElement\":[{\"@type\":\"ListItem\",\"position\":1,\"name\":\"Accueil\",\"item\":\"https:\\\/\\\/aufildespierres.com\\\/\"},{\"@type\":\"ListItem\",\"position\":2,\"name\":\"Boutique de Lithoth\u00e9rapie\",\"item\":\"https:\\\/\\\/aufildespierres.com\\\/index.php\\\/boutique-de-lithotherapie\\\/\"},{\"@type\":\"ListItem\",\"position\":3,\"name\":\"Bracelet en Kyanite bleue\"}]},{\"@type\":\"WebSite\",\"@id\":\"https:\\\/\\\/aufildespierres.com\\\/#website\",\"url\":\"https:\\\/\\\/aufildespierres.com\\\/\",\"name\":\"Au fil des pierres\",\"description\":\"Au fil des pierres\",\"publisher\":{\"@id\":\"https:\\\/\\\/aufildespierres.com\\\/#organization\"},\"potentialAction\":[{\"@type\":\"SearchAction\",\"target\":{\"@type\":\"EntryPoint\",\"urlTemplate\":\"https:\\\/\\\/aufildespierres.com\\\/?s={search_term_string}\"},\"query-input\":{\"@type\":\"PropertyValueSpecification\",\"valueRequired\":true,\"valueName\":\"search_term_string\"}}],\"inLanguage\":\"fr-FR\"},{\"@type\":\"Organization\",\"@id\":\"https:\\\/\\\/aufildespierres.com\\\/#organization\",\"name\":\"Au fil des pierres\",\"url\":\"https:\\\/\\\/aufildespierres.com\\\/\",\"logo\":{\"@type\":\"ImageObject\",\"inLanguage\":\"fr-FR\",\"@id\":\"https:\\\/\\\/aufildespierres.com\\\/#\\\/schema\\\/logo\\\/image\\\/\",\"url\":\"https:\\\/\\\/aufildespierres.com\\\/wp-content\\\/uploads\\\/2023\\\/05\\\/cropped-Logo-PNG-Transparent.png\",\"contentUrl\":\"https:\\\/\\\/aufildespierres.com\\\/wp-content\\\/uploads\\\/2023\\\/05\\\/cropped-Logo-PNG-Transparent.png\",\"width\":1776,\"height\":1625,\"caption\":\"Au fil des pierres\"},\"image\":{\"@id\":\"https:\\\/\\\/aufildespierres.com\\\/#\\\/schema\\\/logo\\\/image\\\/\"}}]}<\/script>\n<!-- \/ Yoast SEO plugin. -->","yoast_head_json":{"title":"Bracelet en Kyanite bleue - Au fil des pierres","description":"Bracelet en kyanite bleue, aux reflets satin\u00e9s, s\u00e9lectionn\u00e9 avec soin pour sa puret\u00e9, son \u00e9l\u00e9gance et sa qualit\u00e9 sup\u00e9rieure.","robots":{"index":"index","follow":"follow","max-snippet":"max-snippet:-1","max-image-preview":"max-image-preview:large","max-video-preview":"max-video-preview:-1"},"canonical":"https:\/\/aufildespierres.com\/index.php\/product\/bracelet-en-kyanite-bleue\/","og_locale":"fr_FR","og_type":"article","og_title":"Bracelet en Kyanite bleue - Au fil des pierres","og_description":"Bracelet en kyanite bleue, aux reflets satin\u00e9s, s\u00e9lectionn\u00e9 avec soin pour sa puret\u00e9, son \u00e9l\u00e9gance et sa qualit\u00e9 sup\u00e9rieure.","og_url":"https:\/\/aufildespierres.com\/index.php\/product\/bracelet-en-kyanite-bleue\/","og_site_name":"Au fil des pierres","article_modified_time":"2026-01-17T12:10:37+00:00","og_image":[{"width":1920,"height":2560,"url":"https:\/\/aufildespierres.com\/wp-content\/uploads\/2025\/04\/20250403_182045-scaled.jpg","type":"image\/jpeg"}],"twitter_card":"summary_large_image","twitter_misc":{"Dur\u00e9e de lecture estim\u00e9e":"2 minutes"},"schema":{"@context":"https:\/\/schema.org","@graph":[{"@type":"WebPage","@id":"https:\/\/aufildespierres.com\/index.php\/product\/bracelet-en-kyanite-bleue\/","url":"https:\/\/aufildespierres.com\/index.php\/product\/bracelet-en-kyanite-bleue\/","name":"Bracelet en Kyanite bleue - Au fil des pierres","isPartOf":{"@id":"https:\/\/aufildespierres.com\/#website"},"primaryImageOfPage":{"@id":"https:\/\/aufildespierres.com\/index.php\/product\/bracelet-en-kyanite-bleue\/#primaryimage"},"image":{"@id":"https:\/\/aufildespierres.com\/index.php\/product\/bracelet-en-kyanite-bleue\/#primaryimage"},"thumbnailUrl":"https:\/\/aufildespierres.com\/wp-content\/uploads\/2025\/04\/20250403_182045-scaled.jpg","datePublished":"2025-04-03T20:47:59+00:00","dateModified":"2026-01-17T12:10:37+00:00","description":"Bracelet en kyanite bleue, aux reflets satin\u00e9s, s\u00e9lectionn\u00e9 avec soin pour sa puret\u00e9, son \u00e9l\u00e9gance et sa qualit\u00e9 sup\u00e9rieure.","breadcrumb":{"@id":"https:\/\/aufildespierres.com\/index.php\/product\/bracelet-en-kyanite-bleue\/#breadcrumb"},"inLanguage":"fr-FR","potentialAction":[{"@type":"ReadAction","target":["https:\/\/aufildespierres.com\/index.php\/product\/bracelet-en-kyanite-bleue\/"]}]},{"@type":"ImageObject","inLanguage":"fr-FR","@id":"https:\/\/aufildespierres.com\/index.php\/product\/bracelet-en-kyanite-bleue\/#primaryimage","url":"https:\/\/aufildespierres.com\/wp-content\/uploads\/2025\/04\/20250403_182045-scaled.jpg","contentUrl":"https:\/\/aufildespierres.com\/wp-content\/uploads\/2025\/04\/20250403_182045-scaled.jpg","width":1920,"height":2560},{"@type":"BreadcrumbList","@id":"https:\/\/aufildespierres.com\/index.php\/product\/bracelet-en-kyanite-bleue\/#breadcrumb","itemListElement":[{"@type":"ListItem","position":1,"name":"Accueil","item":"https:\/\/aufildespierres.com\/"},{"@type":"ListItem","position":2,"name":"Boutique de Lithoth\u00e9rapie","item":"https:\/\/aufildespierres.com\/index.php\/boutique-de-lithotherapie\/"},{"@type":"ListItem","position":3,"name":"Bracelet en Kyanite bleue"}]},{"@type":"WebSite","@id":"https:\/\/aufildespierres.com\/#website","url":"https:\/\/aufildespierres.com\/","name":"Au fil des pierres","description":"Au fil des pierres","publisher":{"@id":"https:\/\/aufildespierres.com\/#organization"},"potentialAction":[{"@type":"SearchAction","target":{"@type":"EntryPoint","urlTemplate":"https:\/\/aufildespierres.com\/?s={search_term_string}"},"query-input":{"@type":"PropertyValueSpecification","valueRequired":true,"valueName":"search_term_string"}}],"inLanguage":"fr-FR"},{"@type":"Organization","@id":"https:\/\/aufildespierres.com\/#organization","name":"Au fil des pierres","url":"https:\/\/aufildespierres.com\/","logo":{"@type":"ImageObject","inLanguage":"fr-FR","@id":"https:\/\/aufildespierres.com\/#\/schema\/logo\/image\/","url":"https:\/\/aufildespierres.com\/wp-content\/uploads\/2023\/05\/cropped-Logo-PNG-Transparent.png","contentUrl":"https:\/\/aufildespierres.com\/wp-content\/uploads\/2023\/05\/cropped-Logo-PNG-Transparent.png","width":1776,"height":1625,"caption":"Au fil des pierres"},"image":{"@id":"https:\/\/aufildespierres.com\/#\/schema\/logo\/image\/"}}]}},"_links":{"self":[{"href":"https:\/\/aufildespierres.com\/index.php\/wp-json\/wp\/v2\/product\/3725","targetHints":{"allow":["GET"]}}],"collection":[{"href":"https:\/\/aufildespierres.com\/index.php\/wp-json\/wp\/v2\/product"}],"about":[{"href":"https:\/\/aufildespierres.com\/index.php\/wp-json\/wp\/v2\/types\/product"}],"replies":[{"embeddable":true,"href":"https:\/\/aufildespierres.com\/index.php\/wp-json\/wp\/v2\/comments?post=3725"}],"wp:featuredmedia":[{"embeddable":true,"href":"https:\/\/aufildespierres.com\/index.php\/wp-json\/wp\/v2\/media\/3727"}],"wp:attachment":[{"href":"https:\/\/aufildespierres.com\/index.php\/wp-json\/wp\/v2\/media?parent=3725"}],"wp:term":[{"taxonomy":"product_brand","embeddable":true,"href":"https:\/\/aufildespierres.com\/index.php\/wp-json\/wp\/v2\/product_brand?post=3725"},{"taxonomy":"product_cat","embeddable":true,"href":"https:\/\/aufildespierres.com\/index.php\/wp-json\/wp\/v2\/product_cat?post=3725"},{"taxonomy":"product_tag","embeddable":true,"href":"https:\/\/aufildespierres.com\/index.php\/wp-json\/wp\/v2\/product_tag?post=3725"}],"curies":[{"name":"wp","href":"https:\/\/api.w.org\/{rel}","templated":true}]}}