{"id":3783,"date":"2025-04-06T17:46:29","date_gmt":"2025-04-06T15:46:29","guid":{"rendered":"https:\/\/aufildespierres.com\/?post_type=product&#038;p=3783"},"modified":"2026-04-06T17:25:03","modified_gmt":"2026-04-06T15:25:03","slug":"pointe-en-agate-mousse","status":"publish","type":"product","link":"https:\/\/aufildespierres.com\/index.php\/product\/pointe-en-agate-mousse\/","title":{"rendered":"Pointe en Agate mousse"},"content":{"rendered":"<div class=\"flex flex-col text-sm pb-25\">\n<section class=\"text-token-text-primary w-full focus:outline-none [--shadow-height:45px] has-data-writing-block:pointer-events-none has-data-writing-block:-mt-(--shadow-height) has-data-writing-block:pt-(--shadow-height) [&amp;:has([data-writing-block])&gt;*]:pointer-events-auto scroll-mt-[calc(var(--header-height)+min(200px,max(70px,20svh)))]\" dir=\"auto\" data-turn-id=\"request-WEB:23f4b436-c9d4-461b-a300-b79ea1bba7c6-0\" data-testid=\"conversation-turn-2\" data-scroll-anchor=\"true\" data-turn=\"assistant\">\n<div class=\"text-base my-auto mx-auto pb-10 [--thread-content-margin:var(--thread-content-margin-xs,calc(var(--spacing)*4))] @w-sm\/main:[--thread-content-margin:var(--thread-content-margin-sm,calc(var(--spacing)*6))] @w-lg\/main:[--thread-content-margin:var(--thread-content-margin-lg,calc(var(--spacing)*16))] px-(--thread-content-margin)\">\n<div class=\"[--thread-content-max-width:40rem] @w-lg\/main:[--thread-content-max-width:48rem] mx-auto max-w-(--thread-content-max-width) flex-1 group\/turn-messages focus-visible:outline-hidden relative flex w-full min-w-0 flex-col agent-turn\">\n<div class=\"flex max-w-full flex-col gap-4 grow\">\n<div class=\"min-h-8 text-message relative flex w-full flex-col items-end gap-2 text-start break-words whitespace-normal outline-none keyboard-focused:focus-ring [.text-message+&amp;]:mt-1\" dir=\"auto\" tabindex=\"0\" data-message-author-role=\"assistant\" data-message-id=\"4ab61d81-8c8a-486f-9098-fcca2df4515c\" data-message-model-slug=\"gpt-5-3\" data-turn-start-message=\"true\">\n<div class=\"flex w-full flex-col gap-1 empty:hidden\">\n<div class=\"markdown prose dark:prose-invert w-full wrap-break-word light markdown-new-styling\">\n<h1 data-section-id=\"gx8lqe\" data-start=\"0\" data-end=\"83\"><span role=\"text\"><strong data-start=\"2\" data-end=\"83\">Pointe en Agate Mousse<\/strong><\/span><\/h1>\n<h1 data-section-id=\"gx8lqe\" data-start=\"0\" data-end=\"83\"><span role=\"text\"><strong data-start=\"2\" data-end=\"83\">\u00a0\u00e9nergie naturelle et harmonie int\u00e9rieure<\/strong><\/span><\/h1>\n<h2 data-section-id=\"j4evtf\" data-start=\"85\" data-end=\"146\"><span role=\"text\"><strong data-start=\"88\" data-end=\"146\">Une pierre naturelle aux multiples vertus \u00e9nerg\u00e9tiques<\/strong><\/span><\/h2>\n<p data-start=\"148\" data-end=\"607\">La <strong data-start=\"151\" data-end=\"189\">pointe en Agate mousse avec druses<\/strong> s\u00e9duit imm\u00e9diatement par son aspect unique et organique, car elle r\u00e9v\u00e8le des inclusions v\u00e9g\u00e9tales qui rappellent une mousse d\u00e9licatement fig\u00e9e dans la pierre. Cette formation naturelle \u00e9voque un paysage miniature, ce qui renforce son lien profond avec la nature et les \u00e9l\u00e9ments. Avec un poids de 75 g, une base de 2,5 cm et une hauteur de 9 cm, cette pi\u00e8ce s\u2019int\u00e8gre facilement dans un espace de vie ou de m\u00e9ditation.<\/p>\n<h2 data-section-id=\"24e14h\" data-start=\"609\" data-end=\"666\"><span role=\"text\"><strong data-start=\"612\" data-end=\"666\">Bienfaits de la pointe en Agate mousse avec druses<\/strong><\/span><\/h2>\n<p data-start=\"668\" data-end=\"1100\">La <strong data-start=\"671\" data-end=\"709\">pointe en Agate mousse <\/strong>\u00a0agit directement sur le chakra du c\u0153ur, et elle favorise ainsi l\u2019harmonie \u00e9motionnelle et l\u2019\u00e9quilibre int\u00e9rieur. En effet, elle aide \u00e0 se reconnecter aux \u00e9nergies naturelles de la terre, de l\u2019eau et du monde v\u00e9g\u00e9tal, tout en apportant une sensation profonde de calme. De plus, cette pierre stimule la confiance en soi, diffuse une \u00e9nergie positive et renforce la joie de vivre au quotidien.<\/p>\n<p data-start=\"1102\" data-end=\"1405\">Par ailleurs, elle r\u00e9duit le stress, les angoisses et les peurs, tout en accompagnant les personnes traversant des p\u00e9riodes de doute ou de d\u00e9pression. Elle encourage \u00e9galement les relations sinc\u00e8res et l\u2019amour, car elle aide \u00e0 avancer sereinement vers de nouveaux d\u00e9parts avec patience et bienveillance.<\/p>\n<h2 data-section-id=\"1lvehz7\" data-start=\"1407\" data-end=\"1462\"><span role=\"text\"><strong data-start=\"1410\" data-end=\"1462\">Une alli\u00e9e pour le bien-\u00eatre physique et cr\u00e9atif<\/strong><\/span><\/h2>\n<p data-start=\"1464\" data-end=\"1856\">En compl\u00e9ment, cette pierre favorise la cr\u00e9ativit\u00e9 et l\u2019imagination, ce qui en fait un excellent support pour les artistes ou toute personne en qu\u00eate d\u2019inspiration. Elle soutient le syst\u00e8me respiratoire et am\u00e9liore la qualit\u00e9 du sommeil gr\u00e2ce \u00e0 une respiration plus apais\u00e9e. De surcro\u00eet, elle participe \u00e0 la r\u00e9gulation du rythme cardiaque, ainsi qu\u2019au bon fonctionnement du foie et des reins.<\/p>\n<p data-start=\"1858\" data-end=\"2087\" data-is-last-node=\"\" data-is-only-node=\"\">Enfin, elle apaise certaines affections cutan\u00e9es et accompagne les personnes sensibles sur le plan \u00e9motionnel ou alimentaire. Pour pr\u00e9server ses propri\u00e9t\u00e9s, purifiez-la \u00e0 l\u2019eau ou par fumigation, puis rechargez-la au soleil doux.<\/p>\n<\/div>\n<\/div>\n<\/div>\n<\/div>\n<div class=\"z-0 flex min-h-[46px] justify-start\"><\/div>\n<\/div>\n<\/div>\n<\/section>\n<\/div>\n<div class=\"pointer-events-none h-px w-px absolute bottom-0\" aria-hidden=\"true\" data-edge=\"true\"><\/div>\n","protected":false},"excerpt":{"rendered":"<p>Pointe en Agate Mousse \u00a0\u00e9nergie naturelle et harmonie int\u00e9rieure Une pierre naturelle aux multiples vertus \u00e9nerg\u00e9tiques La pointe en Agate mousse avec druses s\u00e9duit imm\u00e9diatement par son aspect unique et organique, car elle r\u00e9v\u00e8le des inclusions v\u00e9g\u00e9tales qui rappellent une mousse d\u00e9licatement fig\u00e9e dans la pierre. Cette formation naturelle \u00e9voque un paysage miniature, ce qui [&hellip;]<\/p>\n","protected":false},"featured_media":3785,"comment_status":"open","ping_status":"closed","template":"","meta":{"site-sidebar-layout":"default","site-content-layout":"","ast-site-content-layout":"default","site-content-style":"default","site-sidebar-style":"default","ast-global-header-display":"","ast-banner-title-visibility":"","ast-main-header-display":"","ast-hfb-above-header-display":"","ast-hfb-below-header-display":"","ast-hfb-mobile-header-display":"","site-post-title":"","ast-breadcrumbs-content":"","ast-featured-img":"","footer-sml-layout":"","ast-disable-related-posts":"","theme-transparent-header-meta":"default","adv-header-id-meta":"","stick-header-meta":"","header-above-stick-meta":"","header-main-stick-meta":"","header-below-stick-meta":"","astra-migrate-meta-layouts":"set","ast-page-background-enabled":"default","ast-page-background-meta":{"desktop":{"background-color":"var(--ast-global-color-4)","background-image":"","background-repeat":"repeat","background-position":"center center","background-size":"auto","background-attachment":"scroll","background-type":"","background-media":"","overlay-type":"","overlay-color":"","overlay-opacity":"","overlay-gradient":""},"tablet":{"background-color":"","background-image":"","background-repeat":"repeat","background-position":"center center","background-size":"auto","background-attachment":"scroll","background-type":"","background-media":"","overlay-type":"","overlay-color":"","overlay-opacity":"","overlay-gradient":""},"mobile":{"background-color":"","background-image":"","background-repeat":"repeat","background-position":"center center","background-size":"auto","background-attachment":"scroll","background-type":"","background-media":"","overlay-type":"","overlay-color":"","overlay-opacity":"","overlay-gradient":""}},"ast-content-background-meta":{"desktop":{"background-color":"var(--ast-global-color-5)","background-image":"","background-repeat":"repeat","background-position":"center center","background-size":"auto","background-attachment":"scroll","background-type":"","background-media":"","overlay-type":"","overlay-color":"","overlay-opacity":"","overlay-gradient":""},"tablet":{"background-color":"var(--ast-global-color-5)","background-image":"","background-repeat":"repeat","background-position":"center center","background-size":"auto","background-attachment":"scroll","background-type":"","background-media":"","overlay-type":"","overlay-color":"","overlay-opacity":"","overlay-gradient":""},"mobile":{"background-color":"var(--ast-global-color-5)","background-image":"","background-repeat":"repeat","background-position":"center center","background-size":"auto","background-attachment":"scroll","background-type":"","background-media":"","overlay-type":"","overlay-color":"","overlay-opacity":"","overlay-gradient":""}},"_glsr_average":0,"_glsr_ranking":0,"_glsr_reviews":0},"product_brand":[],"product_cat":[87,272,199,78],"product_tag":[],"class_list":{"0":"post-3783","1":"product","2":"type-product","3":"status-publish","4":"has-post-thumbnail","6":"product_cat-agate-mousse","7":"product_cat-equilibre-emotionnel","8":"product_cat-pointes","9":"product_cat-vert","10":"desktop-align-left","11":"tablet-align-left","12":"mobile-align-left","14":"first","15":"instock","16":"purchasable","17":"product-type-simple"},"yoast_head":"<!-- This site is optimized with the Yoast SEO plugin v27.5 - https:\/\/yoast.com\/product\/yoast-seo-wordpress\/ -->\n<title>Pointe en Agate mousse - Au fil des pierres<\/title>\n<meta name=\"description\" content=\"Pointe Agate mousse naturelle haut de gamme, pierre de connexion \u00e0 la nature, favorise l\u2019\u00e9quilibre, la s\u00e9r\u00e9nit\u00e9 et la croissance int\u00e9rieure.\" \/>\n<meta name=\"robots\" content=\"index, follow, max-snippet:-1, max-image-preview:large, max-video-preview:-1\" \/>\n<link rel=\"canonical\" href=\"https:\/\/aufildespierres.com\/index.php\/product\/pointe-en-agate-mousse\/\" \/>\n<meta property=\"og:locale\" content=\"fr_FR\" \/>\n<meta property=\"og:type\" content=\"article\" \/>\n<meta property=\"og:title\" content=\"Pointe en Agate mousse - Au fil des pierres\" \/>\n<meta property=\"og:description\" content=\"Pointe Agate mousse naturelle haut de gamme, pierre de connexion \u00e0 la nature, favorise l\u2019\u00e9quilibre, la s\u00e9r\u00e9nit\u00e9 et la croissance int\u00e9rieure.\" \/>\n<meta property=\"og:url\" content=\"https:\/\/aufildespierres.com\/index.php\/product\/pointe-en-agate-mousse\/\" \/>\n<meta property=\"og:site_name\" content=\"Au fil des pierres\" \/>\n<meta property=\"article:modified_time\" content=\"2026-04-06T15:25:03+00:00\" \/>\n<meta property=\"og:image\" content=\"https:\/\/aufildespierres.com\/wp-content\/uploads\/2025\/04\/20250406_162348-scaled.jpg\" \/>\n\t<meta property=\"og:image:width\" content=\"1603\" \/>\n\t<meta property=\"og:image:height\" content=\"2560\" \/>\n\t<meta property=\"og:image:type\" content=\"image\/jpeg\" \/>\n<meta name=\"twitter:card\" content=\"summary_large_image\" \/>\n<meta name=\"twitter:label1\" content=\"Dur\u00e9e de lecture estim\u00e9e\" \/>\n\t<meta name=\"twitter:data1\" content=\"2 minutes\" \/>\n<script type=\"application\/ld+json\" class=\"yoast-schema-graph\">{\"@context\":\"https:\\\/\\\/schema.org\",\"@graph\":[{\"@type\":\"WebPage\",\"@id\":\"https:\\\/\\\/aufildespierres.com\\\/index.php\\\/product\\\/pointe-en-agate-mousse\\\/\",\"url\":\"https:\\\/\\\/aufildespierres.com\\\/index.php\\\/product\\\/pointe-en-agate-mousse\\\/\",\"name\":\"Pointe en Agate mousse - Au fil des pierres\",\"isPartOf\":{\"@id\":\"https:\\\/\\\/aufildespierres.com\\\/#website\"},\"primaryImageOfPage\":{\"@id\":\"https:\\\/\\\/aufildespierres.com\\\/index.php\\\/product\\\/pointe-en-agate-mousse\\\/#primaryimage\"},\"image\":{\"@id\":\"https:\\\/\\\/aufildespierres.com\\\/index.php\\\/product\\\/pointe-en-agate-mousse\\\/#primaryimage\"},\"thumbnailUrl\":\"https:\\\/\\\/aufildespierres.com\\\/wp-content\\\/uploads\\\/2025\\\/04\\\/20250406_162348-scaled.jpg\",\"datePublished\":\"2025-04-06T15:46:29+00:00\",\"dateModified\":\"2026-04-06T15:25:03+00:00\",\"description\":\"Pointe Agate mousse naturelle haut de gamme, pierre de connexion \u00e0 la nature, favorise l\u2019\u00e9quilibre, la s\u00e9r\u00e9nit\u00e9 et la croissance int\u00e9rieure.\",\"breadcrumb\":{\"@id\":\"https:\\\/\\\/aufildespierres.com\\\/index.php\\\/product\\\/pointe-en-agate-mousse\\\/#breadcrumb\"},\"inLanguage\":\"fr-FR\",\"potentialAction\":[{\"@type\":\"ReadAction\",\"target\":[\"https:\\\/\\\/aufildespierres.com\\\/index.php\\\/product\\\/pointe-en-agate-mousse\\\/\"]}]},{\"@type\":\"ImageObject\",\"inLanguage\":\"fr-FR\",\"@id\":\"https:\\\/\\\/aufildespierres.com\\\/index.php\\\/product\\\/pointe-en-agate-mousse\\\/#primaryimage\",\"url\":\"https:\\\/\\\/aufildespierres.com\\\/wp-content\\\/uploads\\\/2025\\\/04\\\/20250406_162348-scaled.jpg\",\"contentUrl\":\"https:\\\/\\\/aufildespierres.com\\\/wp-content\\\/uploads\\\/2025\\\/04\\\/20250406_162348-scaled.jpg\",\"width\":1603,\"height\":2560},{\"@type\":\"BreadcrumbList\",\"@id\":\"https:\\\/\\\/aufildespierres.com\\\/index.php\\\/product\\\/pointe-en-agate-mousse\\\/#breadcrumb\",\"itemListElement\":[{\"@type\":\"ListItem\",\"position\":1,\"name\":\"Accueil\",\"item\":\"https:\\\/\\\/aufildespierres.com\\\/\"},{\"@type\":\"ListItem\",\"position\":2,\"name\":\"Boutique de Lithoth\u00e9rapie\",\"item\":\"https:\\\/\\\/aufildespierres.com\\\/index.php\\\/boutique-de-lithotherapie\\\/\"},{\"@type\":\"ListItem\",\"position\":3,\"name\":\"Pointe en Agate mousse\"}]},{\"@type\":\"WebSite\",\"@id\":\"https:\\\/\\\/aufildespierres.com\\\/#website\",\"url\":\"https:\\\/\\\/aufildespierres.com\\\/\",\"name\":\"Au fil des pierres\",\"description\":\"Au fil des pierres\",\"publisher\":{\"@id\":\"https:\\\/\\\/aufildespierres.com\\\/#organization\"},\"potentialAction\":[{\"@type\":\"SearchAction\",\"target\":{\"@type\":\"EntryPoint\",\"urlTemplate\":\"https:\\\/\\\/aufildespierres.com\\\/?s={search_term_string}\"},\"query-input\":{\"@type\":\"PropertyValueSpecification\",\"valueRequired\":true,\"valueName\":\"search_term_string\"}}],\"inLanguage\":\"fr-FR\"},{\"@type\":\"Organization\",\"@id\":\"https:\\\/\\\/aufildespierres.com\\\/#organization\",\"name\":\"Au fil des pierres\",\"url\":\"https:\\\/\\\/aufildespierres.com\\\/\",\"logo\":{\"@type\":\"ImageObject\",\"inLanguage\":\"fr-FR\",\"@id\":\"https:\\\/\\\/aufildespierres.com\\\/#\\\/schema\\\/logo\\\/image\\\/\",\"url\":\"https:\\\/\\\/aufildespierres.com\\\/wp-content\\\/uploads\\\/2023\\\/05\\\/cropped-Logo-PNG-Transparent.png\",\"contentUrl\":\"https:\\\/\\\/aufildespierres.com\\\/wp-content\\\/uploads\\\/2023\\\/05\\\/cropped-Logo-PNG-Transparent.png\",\"width\":1776,\"height\":1625,\"caption\":\"Au fil des pierres\"},\"image\":{\"@id\":\"https:\\\/\\\/aufildespierres.com\\\/#\\\/schema\\\/logo\\\/image\\\/\"}}]}<\/script>\n<!-- \/ Yoast SEO plugin. -->","yoast_head_json":{"title":"Pointe en Agate mousse - Au fil des pierres","description":"Pointe Agate mousse naturelle haut de gamme, pierre de connexion \u00e0 la nature, favorise l\u2019\u00e9quilibre, la s\u00e9r\u00e9nit\u00e9 et la croissance int\u00e9rieure.","robots":{"index":"index","follow":"follow","max-snippet":"max-snippet:-1","max-image-preview":"max-image-preview:large","max-video-preview":"max-video-preview:-1"},"canonical":"https:\/\/aufildespierres.com\/index.php\/product\/pointe-en-agate-mousse\/","og_locale":"fr_FR","og_type":"article","og_title":"Pointe en Agate mousse - Au fil des pierres","og_description":"Pointe Agate mousse naturelle haut de gamme, pierre de connexion \u00e0 la nature, favorise l\u2019\u00e9quilibre, la s\u00e9r\u00e9nit\u00e9 et la croissance int\u00e9rieure.","og_url":"https:\/\/aufildespierres.com\/index.php\/product\/pointe-en-agate-mousse\/","og_site_name":"Au fil des pierres","article_modified_time":"2026-04-06T15:25:03+00:00","og_image":[{"width":1603,"height":2560,"url":"https:\/\/aufildespierres.com\/wp-content\/uploads\/2025\/04\/20250406_162348-scaled.jpg","type":"image\/jpeg"}],"twitter_card":"summary_large_image","twitter_misc":{"Dur\u00e9e de lecture estim\u00e9e":"2 minutes"},"schema":{"@context":"https:\/\/schema.org","@graph":[{"@type":"WebPage","@id":"https:\/\/aufildespierres.com\/index.php\/product\/pointe-en-agate-mousse\/","url":"https:\/\/aufildespierres.com\/index.php\/product\/pointe-en-agate-mousse\/","name":"Pointe en Agate mousse - Au fil des pierres","isPartOf":{"@id":"https:\/\/aufildespierres.com\/#website"},"primaryImageOfPage":{"@id":"https:\/\/aufildespierres.com\/index.php\/product\/pointe-en-agate-mousse\/#primaryimage"},"image":{"@id":"https:\/\/aufildespierres.com\/index.php\/product\/pointe-en-agate-mousse\/#primaryimage"},"thumbnailUrl":"https:\/\/aufildespierres.com\/wp-content\/uploads\/2025\/04\/20250406_162348-scaled.jpg","datePublished":"2025-04-06T15:46:29+00:00","dateModified":"2026-04-06T15:25:03+00:00","description":"Pointe Agate mousse naturelle haut de gamme, pierre de connexion \u00e0 la nature, favorise l\u2019\u00e9quilibre, la s\u00e9r\u00e9nit\u00e9 et la croissance int\u00e9rieure.","breadcrumb":{"@id":"https:\/\/aufildespierres.com\/index.php\/product\/pointe-en-agate-mousse\/#breadcrumb"},"inLanguage":"fr-FR","potentialAction":[{"@type":"ReadAction","target":["https:\/\/aufildespierres.com\/index.php\/product\/pointe-en-agate-mousse\/"]}]},{"@type":"ImageObject","inLanguage":"fr-FR","@id":"https:\/\/aufildespierres.com\/index.php\/product\/pointe-en-agate-mousse\/#primaryimage","url":"https:\/\/aufildespierres.com\/wp-content\/uploads\/2025\/04\/20250406_162348-scaled.jpg","contentUrl":"https:\/\/aufildespierres.com\/wp-content\/uploads\/2025\/04\/20250406_162348-scaled.jpg","width":1603,"height":2560},{"@type":"BreadcrumbList","@id":"https:\/\/aufildespierres.com\/index.php\/product\/pointe-en-agate-mousse\/#breadcrumb","itemListElement":[{"@type":"ListItem","position":1,"name":"Accueil","item":"https:\/\/aufildespierres.com\/"},{"@type":"ListItem","position":2,"name":"Boutique de Lithoth\u00e9rapie","item":"https:\/\/aufildespierres.com\/index.php\/boutique-de-lithotherapie\/"},{"@type":"ListItem","position":3,"name":"Pointe en Agate mousse"}]},{"@type":"WebSite","@id":"https:\/\/aufildespierres.com\/#website","url":"https:\/\/aufildespierres.com\/","name":"Au fil des pierres","description":"Au fil des pierres","publisher":{"@id":"https:\/\/aufildespierres.com\/#organization"},"potentialAction":[{"@type":"SearchAction","target":{"@type":"EntryPoint","urlTemplate":"https:\/\/aufildespierres.com\/?s={search_term_string}"},"query-input":{"@type":"PropertyValueSpecification","valueRequired":true,"valueName":"search_term_string"}}],"inLanguage":"fr-FR"},{"@type":"Organization","@id":"https:\/\/aufildespierres.com\/#organization","name":"Au fil des pierres","url":"https:\/\/aufildespierres.com\/","logo":{"@type":"ImageObject","inLanguage":"fr-FR","@id":"https:\/\/aufildespierres.com\/#\/schema\/logo\/image\/","url":"https:\/\/aufildespierres.com\/wp-content\/uploads\/2023\/05\/cropped-Logo-PNG-Transparent.png","contentUrl":"https:\/\/aufildespierres.com\/wp-content\/uploads\/2023\/05\/cropped-Logo-PNG-Transparent.png","width":1776,"height":1625,"caption":"Au fil des pierres"},"image":{"@id":"https:\/\/aufildespierres.com\/#\/schema\/logo\/image\/"}}]}},"_links":{"self":[{"href":"https:\/\/aufildespierres.com\/index.php\/wp-json\/wp\/v2\/product\/3783","targetHints":{"allow":["GET"]}}],"collection":[{"href":"https:\/\/aufildespierres.com\/index.php\/wp-json\/wp\/v2\/product"}],"about":[{"href":"https:\/\/aufildespierres.com\/index.php\/wp-json\/wp\/v2\/types\/product"}],"replies":[{"embeddable":true,"href":"https:\/\/aufildespierres.com\/index.php\/wp-json\/wp\/v2\/comments?post=3783"}],"wp:featuredmedia":[{"embeddable":true,"href":"https:\/\/aufildespierres.com\/index.php\/wp-json\/wp\/v2\/media\/3785"}],"wp:attachment":[{"href":"https:\/\/aufildespierres.com\/index.php\/wp-json\/wp\/v2\/media?parent=3783"}],"wp:term":[{"taxonomy":"product_brand","embeddable":true,"href":"https:\/\/aufildespierres.com\/index.php\/wp-json\/wp\/v2\/product_brand?post=3783"},{"taxonomy":"product_cat","embeddable":true,"href":"https:\/\/aufildespierres.com\/index.php\/wp-json\/wp\/v2\/product_cat?post=3783"},{"taxonomy":"product_tag","embeddable":true,"href":"https:\/\/aufildespierres.com\/index.php\/wp-json\/wp\/v2\/product_tag?post=3783"}],"curies":[{"name":"wp","href":"https:\/\/api.w.org\/{rel}","templated":true}]}}