{"id":3802,"date":"2025-04-07T15:14:30","date_gmt":"2025-04-07T13:14:30","guid":{"rendered":"https:\/\/aufildespierres.com\/?post_type=product&#038;p=3802"},"modified":"2026-01-30T12:52:00","modified_gmt":"2026-01-30T11:52:00","slug":"3802","status":"publish","type":"product","link":"https:\/\/aufildespierres.com\/index.php\/product\/3802\/","title":{"rendered":"Pendentif en Sodalite"},"content":{"rendered":"<p><strong>Pendentif en Sodalite<\/strong><\/p>\n<p><strong> forme goutte 4,5 x 3,4 cm\u00a0<\/strong><\/p>\n<p>b\u00e9li\u00e8re acier inoxydable<\/p>\n<p><u>Propri\u00e9t\u00e9s psychiques\u00a0: <\/u><\/p>\n<p>Eveil du 3<sup>\u00e8me<\/sup> \u0153il , favorise intuition et introspection, aide \u00e0 organiser son mental, \u00a0enl\u00e8ve la rigidit\u00e9 et ouvre \u00e0 une nouvelle compr\u00e9hension de soi et du monde.<\/p>\n<p>Elle assouplit les id\u00e9es toutes faites, conventions sociales, troubles obsessionnels compulsifs.<\/p>\n<ul>\n<li>Apporte confiance et courage, apaisement et r\u00e9confort<\/li>\n<li>Aide \u00e0 ouvrir l&rsquo;esprit, d\u00e9veloppe la pens\u00e9e rationnelle et d\u00e9ductive et stabilise les \u00e9motions. Elle aide \u00e0 peser le pour et le contre pour prendre une d\u00e9cision claire.<\/li>\n<li>Pierre d&rsquo;humilit\u00e9 qui assouplit le mental<\/li>\n<li>Aide \u00e0 l&rsquo;estime de soi m\u00eame et des autres<\/li>\n<li>Conseill\u00e9e aux personnes vantardes et ironiques en les rassurant sur leurs capacit\u00e9s et favorisant plus de modestie<\/li>\n<li>Pierre de logique qui apporte du rationnel et de la stabilit\u00e9 qui convient aux hypersensibles(canalise les \u00e9motions et donne du courage)\u00a0 et aux matheux.<\/li>\n<li>Les personnes hypertendues et nerveuses seront apais\u00e9es gr\u00e2ce \u00e0 la sodalite qui att\u00e9nuera leurs r\u00e9actions \u00e9motionnelles trop fortes.<\/li>\n<li>Les animaux aiment souvent les vibrations apaisantes de la sodalite.<\/li>\n<\/ul>\n<p>Propri\u00e9t\u00e9s physiques :<\/p>\n<ul>\n<li>Action sur hypertension, affections de la gorge et des yeux<\/li>\n<li>Aide au sommeil, \u00a0diminue l\u2019hyperactivit\u00e9<\/li>\n<li>Fortifie la Thyro\u00efde<\/li>\n<li>Augmente l\u2019absorption du calcium<\/li>\n<\/ul>\n<p><u>Purification\u00a0: <\/u><\/p>\n<p>Eau distill\u00e9e<\/p>\n<p><u>Recharge\u00a0:<\/u> amas de quartz<\/p>\n<p>Lune<\/p>\n<p><u>Signes astrologiques\u00a0: <\/u><\/p>\n<p>Sagittaire Vierge Poissons<\/p>\n<p>&nbsp;<\/p>\n","protected":false},"excerpt":{"rendered":"<p>Pendentif en Sodalite forme goutte 4,5 x 3,4 cm\u00a0 b\u00e9li\u00e8re acier inoxydable Propri\u00e9t\u00e9s psychiques\u00a0: Eveil du 3\u00e8me \u0153il , favorise intuition et introspection, aide \u00e0 organiser son mental, \u00a0enl\u00e8ve la rigidit\u00e9 et ouvre \u00e0 une nouvelle compr\u00e9hension de soi et du monde. Elle assouplit les id\u00e9es toutes faites, conventions sociales, troubles obsessionnels compulsifs. Apporte confiance [&hellip;]<\/p>\n","protected":false},"featured_media":3803,"comment_status":"open","ping_status":"closed","template":"","meta":{"site-sidebar-layout":"default","site-content-layout":"","ast-site-content-layout":"default","site-content-style":"default","site-sidebar-style":"default","ast-global-header-display":"","ast-banner-title-visibility":"","ast-main-header-display":"","ast-hfb-above-header-display":"","ast-hfb-below-header-display":"","ast-hfb-mobile-header-display":"","site-post-title":"","ast-breadcrumbs-content":"","ast-featured-img":"","footer-sml-layout":"","ast-disable-related-posts":"","theme-transparent-header-meta":"default","adv-header-id-meta":"","stick-header-meta":"","header-above-stick-meta":"","header-main-stick-meta":"","header-below-stick-meta":"","astra-migrate-meta-layouts":"set","ast-page-background-enabled":"default","ast-page-background-meta":{"desktop":{"background-color":"var(--ast-global-color-4)","background-image":"","background-repeat":"repeat","background-position":"center center","background-size":"auto","background-attachment":"scroll","background-type":"","background-media":"","overlay-type":"","overlay-color":"","overlay-opacity":"","overlay-gradient":""},"tablet":{"background-color":"","background-image":"","background-repeat":"repeat","background-position":"center center","background-size":"auto","background-attachment":"scroll","background-type":"","background-media":"","overlay-type":"","overlay-color":"","overlay-opacity":"","overlay-gradient":""},"mobile":{"background-color":"","background-image":"","background-repeat":"repeat","background-position":"center center","background-size":"auto","background-attachment":"scroll","background-type":"","background-media":"","overlay-type":"","overlay-color":"","overlay-opacity":"","overlay-gradient":""}},"ast-content-background-meta":{"desktop":{"background-color":"var(--ast-global-color-5)","background-image":"","background-repeat":"repeat","background-position":"center center","background-size":"auto","background-attachment":"scroll","background-type":"","background-media":"","overlay-type":"","overlay-color":"","overlay-opacity":"","overlay-gradient":""},"tablet":{"background-color":"var(--ast-global-color-5)","background-image":"","background-repeat":"repeat","background-position":"center center","background-size":"auto","background-attachment":"scroll","background-type":"","background-media":"","overlay-type":"","overlay-color":"","overlay-opacity":"","overlay-gradient":""},"mobile":{"background-color":"var(--ast-global-color-5)","background-image":"","background-repeat":"repeat","background-position":"center center","background-size":"auto","background-attachment":"scroll","background-type":"","background-media":"","overlay-type":"","overlay-color":"","overlay-opacity":"","overlay-gradient":""}},"_glsr_average":0,"_glsr_ranking":0,"_glsr_reviews":0},"product_brand":[],"product_cat":[72,21,147],"product_tag":[],"class_list":{"0":"post-3802","1":"product","2":"type-product","3":"status-publish","4":"has-post-thumbnail","6":"product_cat-bleu","7":"product_cat-pendentifs-de-lithotherapie","8":"product_cat-sodalite","9":"desktop-align-left","10":"tablet-align-left","11":"mobile-align-left","13":"first","14":"instock","15":"purchasable","16":"product-type-simple"},"yoast_head":"<!-- This site is optimized with the Yoast SEO plugin v27.5 - https:\/\/yoast.com\/product\/yoast-seo-wordpress\/ -->\n<title>Pendentif en Sodalite - Au fil des pierres<\/title>\n<meta name=\"description\" content=\"Pendentif en Sodalite naturelle, pierre de clart\u00e9 et d\u2019intuition, s\u00e9lectionn\u00e9e pour sa qualit\u00e9 et sa beaut\u00e9 brute.\" \/>\n<meta name=\"robots\" content=\"index, follow, max-snippet:-1, max-image-preview:large, max-video-preview:-1\" \/>\n<link rel=\"canonical\" href=\"https:\/\/aufildespierres.com\/index.php\/product\/3802\/\" \/>\n<meta property=\"og:locale\" content=\"fr_FR\" \/>\n<meta property=\"og:type\" content=\"article\" \/>\n<meta property=\"og:title\" content=\"Pendentif en Sodalite - Au fil des pierres\" \/>\n<meta property=\"og:description\" content=\"Pendentif en Sodalite naturelle, pierre de clart\u00e9 et d\u2019intuition, s\u00e9lectionn\u00e9e pour sa qualit\u00e9 et sa beaut\u00e9 brute.\" \/>\n<meta property=\"og:url\" content=\"https:\/\/aufildespierres.com\/index.php\/product\/3802\/\" \/>\n<meta property=\"og:site_name\" content=\"Au fil des pierres\" \/>\n<meta property=\"article:modified_time\" content=\"2026-01-30T11:52:00+00:00\" \/>\n<meta property=\"og:image\" content=\"https:\/\/aufildespierres.com\/wp-content\/uploads\/2025\/04\/20250406_163307-scaled.jpg\" \/>\n\t<meta property=\"og:image:width\" content=\"2338\" \/>\n\t<meta property=\"og:image:height\" content=\"2560\" \/>\n\t<meta property=\"og:image:type\" content=\"image\/jpeg\" \/>\n<meta name=\"twitter:card\" content=\"summary_large_image\" \/>\n<meta name=\"twitter:label1\" content=\"Dur\u00e9e de lecture estim\u00e9e\" \/>\n\t<meta name=\"twitter:data1\" content=\"2 minutes\" \/>\n<script type=\"application\/ld+json\" class=\"yoast-schema-graph\">{\"@context\":\"https:\\\/\\\/schema.org\",\"@graph\":[{\"@type\":\"WebPage\",\"@id\":\"https:\\\/\\\/aufildespierres.com\\\/index.php\\\/product\\\/3802\\\/\",\"url\":\"https:\\\/\\\/aufildespierres.com\\\/index.php\\\/product\\\/3802\\\/\",\"name\":\"Pendentif en Sodalite - Au fil des pierres\",\"isPartOf\":{\"@id\":\"https:\\\/\\\/aufildespierres.com\\\/#website\"},\"primaryImageOfPage\":{\"@id\":\"https:\\\/\\\/aufildespierres.com\\\/index.php\\\/product\\\/3802\\\/#primaryimage\"},\"image\":{\"@id\":\"https:\\\/\\\/aufildespierres.com\\\/index.php\\\/product\\\/3802\\\/#primaryimage\"},\"thumbnailUrl\":\"https:\\\/\\\/aufildespierres.com\\\/wp-content\\\/uploads\\\/2025\\\/04\\\/20250406_163307-scaled.jpg\",\"datePublished\":\"2025-04-07T13:14:30+00:00\",\"dateModified\":\"2026-01-30T11:52:00+00:00\",\"description\":\"Pendentif en Sodalite naturelle, pierre de clart\u00e9 et d\u2019intuition, s\u00e9lectionn\u00e9e pour sa qualit\u00e9 et sa beaut\u00e9 brute.\",\"breadcrumb\":{\"@id\":\"https:\\\/\\\/aufildespierres.com\\\/index.php\\\/product\\\/3802\\\/#breadcrumb\"},\"inLanguage\":\"fr-FR\",\"potentialAction\":[{\"@type\":\"ReadAction\",\"target\":[\"https:\\\/\\\/aufildespierres.com\\\/index.php\\\/product\\\/3802\\\/\"]}]},{\"@type\":\"ImageObject\",\"inLanguage\":\"fr-FR\",\"@id\":\"https:\\\/\\\/aufildespierres.com\\\/index.php\\\/product\\\/3802\\\/#primaryimage\",\"url\":\"https:\\\/\\\/aufildespierres.com\\\/wp-content\\\/uploads\\\/2025\\\/04\\\/20250406_163307-scaled.jpg\",\"contentUrl\":\"https:\\\/\\\/aufildespierres.com\\\/wp-content\\\/uploads\\\/2025\\\/04\\\/20250406_163307-scaled.jpg\",\"width\":2338,\"height\":2560},{\"@type\":\"BreadcrumbList\",\"@id\":\"https:\\\/\\\/aufildespierres.com\\\/index.php\\\/product\\\/3802\\\/#breadcrumb\",\"itemListElement\":[{\"@type\":\"ListItem\",\"position\":1,\"name\":\"Accueil\",\"item\":\"https:\\\/\\\/aufildespierres.com\\\/\"},{\"@type\":\"ListItem\",\"position\":2,\"name\":\"Boutique de Lithoth\u00e9rapie\",\"item\":\"https:\\\/\\\/aufildespierres.com\\\/index.php\\\/boutique-de-lithotherapie\\\/\"},{\"@type\":\"ListItem\",\"position\":3,\"name\":\"Pendentif en Sodalite\"}]},{\"@type\":\"WebSite\",\"@id\":\"https:\\\/\\\/aufildespierres.com\\\/#website\",\"url\":\"https:\\\/\\\/aufildespierres.com\\\/\",\"name\":\"Au fil des pierres\",\"description\":\"Au fil des pierres\",\"publisher\":{\"@id\":\"https:\\\/\\\/aufildespierres.com\\\/#organization\"},\"potentialAction\":[{\"@type\":\"SearchAction\",\"target\":{\"@type\":\"EntryPoint\",\"urlTemplate\":\"https:\\\/\\\/aufildespierres.com\\\/?s={search_term_string}\"},\"query-input\":{\"@type\":\"PropertyValueSpecification\",\"valueRequired\":true,\"valueName\":\"search_term_string\"}}],\"inLanguage\":\"fr-FR\"},{\"@type\":\"Organization\",\"@id\":\"https:\\\/\\\/aufildespierres.com\\\/#organization\",\"name\":\"Au fil des pierres\",\"url\":\"https:\\\/\\\/aufildespierres.com\\\/\",\"logo\":{\"@type\":\"ImageObject\",\"inLanguage\":\"fr-FR\",\"@id\":\"https:\\\/\\\/aufildespierres.com\\\/#\\\/schema\\\/logo\\\/image\\\/\",\"url\":\"https:\\\/\\\/aufildespierres.com\\\/wp-content\\\/uploads\\\/2023\\\/05\\\/cropped-Logo-PNG-Transparent.png\",\"contentUrl\":\"https:\\\/\\\/aufildespierres.com\\\/wp-content\\\/uploads\\\/2023\\\/05\\\/cropped-Logo-PNG-Transparent.png\",\"width\":1776,\"height\":1625,\"caption\":\"Au fil des pierres\"},\"image\":{\"@id\":\"https:\\\/\\\/aufildespierres.com\\\/#\\\/schema\\\/logo\\\/image\\\/\"}}]}<\/script>\n<!-- \/ Yoast SEO plugin. -->","yoast_head_json":{"title":"Pendentif en Sodalite - Au fil des pierres","description":"Pendentif en Sodalite naturelle, pierre de clart\u00e9 et d\u2019intuition, s\u00e9lectionn\u00e9e pour sa qualit\u00e9 et sa beaut\u00e9 brute.","robots":{"index":"index","follow":"follow","max-snippet":"max-snippet:-1","max-image-preview":"max-image-preview:large","max-video-preview":"max-video-preview:-1"},"canonical":"https:\/\/aufildespierres.com\/index.php\/product\/3802\/","og_locale":"fr_FR","og_type":"article","og_title":"Pendentif en Sodalite - Au fil des pierres","og_description":"Pendentif en Sodalite naturelle, pierre de clart\u00e9 et d\u2019intuition, s\u00e9lectionn\u00e9e pour sa qualit\u00e9 et sa beaut\u00e9 brute.","og_url":"https:\/\/aufildespierres.com\/index.php\/product\/3802\/","og_site_name":"Au fil des pierres","article_modified_time":"2026-01-30T11:52:00+00:00","og_image":[{"width":2338,"height":2560,"url":"https:\/\/aufildespierres.com\/wp-content\/uploads\/2025\/04\/20250406_163307-scaled.jpg","type":"image\/jpeg"}],"twitter_card":"summary_large_image","twitter_misc":{"Dur\u00e9e de lecture estim\u00e9e":"2 minutes"},"schema":{"@context":"https:\/\/schema.org","@graph":[{"@type":"WebPage","@id":"https:\/\/aufildespierres.com\/index.php\/product\/3802\/","url":"https:\/\/aufildespierres.com\/index.php\/product\/3802\/","name":"Pendentif en Sodalite - Au fil des pierres","isPartOf":{"@id":"https:\/\/aufildespierres.com\/#website"},"primaryImageOfPage":{"@id":"https:\/\/aufildespierres.com\/index.php\/product\/3802\/#primaryimage"},"image":{"@id":"https:\/\/aufildespierres.com\/index.php\/product\/3802\/#primaryimage"},"thumbnailUrl":"https:\/\/aufildespierres.com\/wp-content\/uploads\/2025\/04\/20250406_163307-scaled.jpg","datePublished":"2025-04-07T13:14:30+00:00","dateModified":"2026-01-30T11:52:00+00:00","description":"Pendentif en Sodalite naturelle, pierre de clart\u00e9 et d\u2019intuition, s\u00e9lectionn\u00e9e pour sa qualit\u00e9 et sa beaut\u00e9 brute.","breadcrumb":{"@id":"https:\/\/aufildespierres.com\/index.php\/product\/3802\/#breadcrumb"},"inLanguage":"fr-FR","potentialAction":[{"@type":"ReadAction","target":["https:\/\/aufildespierres.com\/index.php\/product\/3802\/"]}]},{"@type":"ImageObject","inLanguage":"fr-FR","@id":"https:\/\/aufildespierres.com\/index.php\/product\/3802\/#primaryimage","url":"https:\/\/aufildespierres.com\/wp-content\/uploads\/2025\/04\/20250406_163307-scaled.jpg","contentUrl":"https:\/\/aufildespierres.com\/wp-content\/uploads\/2025\/04\/20250406_163307-scaled.jpg","width":2338,"height":2560},{"@type":"BreadcrumbList","@id":"https:\/\/aufildespierres.com\/index.php\/product\/3802\/#breadcrumb","itemListElement":[{"@type":"ListItem","position":1,"name":"Accueil","item":"https:\/\/aufildespierres.com\/"},{"@type":"ListItem","position":2,"name":"Boutique de Lithoth\u00e9rapie","item":"https:\/\/aufildespierres.com\/index.php\/boutique-de-lithotherapie\/"},{"@type":"ListItem","position":3,"name":"Pendentif en Sodalite"}]},{"@type":"WebSite","@id":"https:\/\/aufildespierres.com\/#website","url":"https:\/\/aufildespierres.com\/","name":"Au fil des pierres","description":"Au fil des pierres","publisher":{"@id":"https:\/\/aufildespierres.com\/#organization"},"potentialAction":[{"@type":"SearchAction","target":{"@type":"EntryPoint","urlTemplate":"https:\/\/aufildespierres.com\/?s={search_term_string}"},"query-input":{"@type":"PropertyValueSpecification","valueRequired":true,"valueName":"search_term_string"}}],"inLanguage":"fr-FR"},{"@type":"Organization","@id":"https:\/\/aufildespierres.com\/#organization","name":"Au fil des pierres","url":"https:\/\/aufildespierres.com\/","logo":{"@type":"ImageObject","inLanguage":"fr-FR","@id":"https:\/\/aufildespierres.com\/#\/schema\/logo\/image\/","url":"https:\/\/aufildespierres.com\/wp-content\/uploads\/2023\/05\/cropped-Logo-PNG-Transparent.png","contentUrl":"https:\/\/aufildespierres.com\/wp-content\/uploads\/2023\/05\/cropped-Logo-PNG-Transparent.png","width":1776,"height":1625,"caption":"Au fil des pierres"},"image":{"@id":"https:\/\/aufildespierres.com\/#\/schema\/logo\/image\/"}}]}},"_links":{"self":[{"href":"https:\/\/aufildespierres.com\/index.php\/wp-json\/wp\/v2\/product\/3802","targetHints":{"allow":["GET"]}}],"collection":[{"href":"https:\/\/aufildespierres.com\/index.php\/wp-json\/wp\/v2\/product"}],"about":[{"href":"https:\/\/aufildespierres.com\/index.php\/wp-json\/wp\/v2\/types\/product"}],"replies":[{"embeddable":true,"href":"https:\/\/aufildespierres.com\/index.php\/wp-json\/wp\/v2\/comments?post=3802"}],"wp:featuredmedia":[{"embeddable":true,"href":"https:\/\/aufildespierres.com\/index.php\/wp-json\/wp\/v2\/media\/3803"}],"wp:attachment":[{"href":"https:\/\/aufildespierres.com\/index.php\/wp-json\/wp\/v2\/media?parent=3802"}],"wp:term":[{"taxonomy":"product_brand","embeddable":true,"href":"https:\/\/aufildespierres.com\/index.php\/wp-json\/wp\/v2\/product_brand?post=3802"},{"taxonomy":"product_cat","embeddable":true,"href":"https:\/\/aufildespierres.com\/index.php\/wp-json\/wp\/v2\/product_cat?post=3802"},{"taxonomy":"product_tag","embeddable":true,"href":"https:\/\/aufildespierres.com\/index.php\/wp-json\/wp\/v2\/product_tag?post=3802"}],"curies":[{"name":"wp","href":"https:\/\/api.w.org\/{rel}","templated":true}]}}