{"id":3804,"date":"2025-04-08T14:36:55","date_gmt":"2025-04-08T12:36:55","guid":{"rendered":"https:\/\/aufildespierres.com\/?post_type=product&#038;p=3804"},"modified":"2025-10-10T14:37:29","modified_gmt":"2025-10-10T12:37:29","slug":"pendentif-en-chrysocolle-malachite","status":"publish","type":"product","link":"https:\/\/aufildespierres.com\/index.php\/product\/pendentif-en-chrysocolle-malachite\/","title":{"rendered":"Pendentif en Chrysocolle Malachite"},"content":{"rendered":"<p>&nbsp;<\/p>\n<h2 class=\"\" data-start=\"247\" data-end=\"296\"><strong data-start=\"253\" data-end=\"294\">Pendentif en Chrysocolle et Malachite<\/strong><\/h2>\n<p class=\"\" data-start=\"297\" data-end=\"474\"><strong data-start=\"297\" data-end=\"356\">Mont\u00e9 sur b\u00e9li\u00e8re en acier inoxydable \u2013 Superbe qualit\u00e9<\/strong><br data-start=\"356\" data-end=\"359\" \/><strong data-start=\"362\" data-end=\"378\">Dimensions :<\/strong> 4 x 2 cm<br data-start=\"387\" data-end=\"390\" \/><em data-start=\"393\" data-end=\"474\">Le bleu est encore plus vif que sur la photo : un v\u00e9ritable turquoise lumineux.<\/em><\/p>\n<hr class=\"\" data-start=\"476\" data-end=\"479\" \/>\n<h2 class=\"\" data-start=\"481\" data-end=\"530\"><strong data-start=\"487\" data-end=\"530\">Une alliance \u00e9nerg\u00e9tique exceptionnelle<\/strong><\/h2>\n<p class=\"\" data-start=\"532\" data-end=\"766\">Ce pendentif r\u00e9unit deux pierres aux vertus puissantes : la <strong data-start=\"592\" data-end=\"607\">chrysocolle<\/strong>, douce et apaisante, et la <strong data-start=\"635\" data-end=\"648\">malachite<\/strong>, protectrice et transformante. Ensemble, elles forment un bijou harmonieux qui soutient autant le corps que l\u2019esprit.<\/p>\n<hr class=\"\" data-start=\"768\" data-end=\"771\" \/>\n<h2 class=\"\" data-start=\"773\" data-end=\"826\"><strong data-start=\"779\" data-end=\"826\">Chrysocolle \u2013 La voix du c\u0153ur et de la paix<\/strong><\/h2>\n<h3 class=\"\" data-start=\"828\" data-end=\"873\"><strong data-start=\"834\" data-end=\"873\">Bienfaits \u00e9motionnels et psychiques<\/strong><\/h3>\n<p class=\"\" data-start=\"875\" data-end=\"922\">Gr\u00e2ce \u00e0 ses vibrations douces, la chrysocolle :<\/p>\n<ul data-start=\"924\" data-end=\"1452\">\n<li class=\"\" data-start=\"924\" data-end=\"1031\">\n<p class=\"\" data-start=\"926\" data-end=\"1031\">Att\u00e9nue les <strong data-start=\"938\" data-end=\"961\">sentiments n\u00e9gatifs<\/strong>, apaise l\u2019<strong data-start=\"972\" data-end=\"985\">\u00e9motivit\u00e9<\/strong> et favorise la <strong data-start=\"1001\" data-end=\"1028\">tranquillit\u00e9 int\u00e9rieure<\/strong>.<\/p>\n<\/li>\n<li class=\"\" data-start=\"1032\" data-end=\"1142\">\n<p class=\"\" data-start=\"1034\" data-end=\"1142\">Encourage le <strong data-start=\"1047\" data-end=\"1063\">l\u00e2cher-prise<\/strong>, aide \u00e0 <strong data-start=\"1072\" data-end=\"1098\">canaliser les \u00e9motions<\/strong> et favorise une <strong data-start=\"1115\" data-end=\"1139\">communication fluide<\/strong>.<\/p>\n<\/li>\n<li class=\"\" data-start=\"1143\" data-end=\"1260\">\n<p class=\"\" data-start=\"1145\" data-end=\"1260\">Renforce la <strong data-start=\"1157\" data-end=\"1184\">confiance relationnelle<\/strong>, lutte contre le <strong data-start=\"1202\" data-end=\"1216\">b\u00e9gaiement<\/strong> et facilite l\u2019<strong data-start=\"1231\" data-end=\"1257\">expression authentique<\/strong>.<\/p>\n<\/li>\n<li class=\"\" data-start=\"1261\" data-end=\"1356\">\n<p class=\"\" data-start=\"1263\" data-end=\"1356\">Apporte <strong data-start=\"1271\" data-end=\"1281\">pardon<\/strong>, <strong data-start=\"1283\" data-end=\"1297\">compassion<\/strong>, <strong data-start=\"1299\" data-end=\"1323\">amour inconditionnel<\/strong>, et d\u00e9veloppe l\u2019<strong data-start=\"1340\" data-end=\"1353\">intuition<\/strong>.<\/p>\n<\/li>\n<li class=\"\" data-start=\"1357\" data-end=\"1452\">\n<p class=\"\" data-start=\"1359\" data-end=\"1452\">Accompagne les <strong data-start=\"1374\" data-end=\"1396\">changements de vie<\/strong> et apaise les enfants sujets au <strong data-start=\"1429\" data-end=\"1451\">bavardage excessif<\/strong>.<\/p>\n<\/li>\n<\/ul>\n<h3 class=\"\" data-start=\"1454\" data-end=\"1484\"><strong data-start=\"1461\" data-end=\"1484\">Bienfaits physiques<\/strong><\/h3>\n<p class=\"\" data-start=\"1486\" data-end=\"1514\">Sur le plan corporel, elle :<\/p>\n<ul data-start=\"1516\" data-end=\"1901\">\n<li class=\"\" data-start=\"1516\" data-end=\"1578\">\n<p class=\"\" data-start=\"1518\" data-end=\"1578\">Soulage les <strong data-start=\"1530\" data-end=\"1548\">affections ORL<\/strong> (gorge, bronches, poumons).<\/p>\n<\/li>\n<li class=\"\" data-start=\"1579\" data-end=\"1640\">\n<p class=\"\" data-start=\"1581\" data-end=\"1640\">R\u00e9gule l\u2019<strong data-start=\"1590\" data-end=\"1606\">hypertension<\/strong>, le <strong data-start=\"1611\" data-end=\"1619\">foie<\/strong> et <strong data-start=\"1623\" data-end=\"1637\">l\u2019insuline<\/strong>.<\/p>\n<\/li>\n<li class=\"\" data-start=\"1641\" data-end=\"1721\">\n<p class=\"\" data-start=\"1643\" data-end=\"1721\">Apaise les <strong data-start=\"1654\" data-end=\"1679\">douleurs menstruelles<\/strong> et soutient l\u2019<strong data-start=\"1694\" data-end=\"1718\">\u00e9nergie f\u00e9minine Yin<\/strong>.<\/p>\n<\/li>\n<li class=\"\" data-start=\"1722\" data-end=\"1806\">\n<p class=\"\" data-start=\"1724\" data-end=\"1806\">Recommand\u00e9e pendant la <strong data-start=\"1747\" data-end=\"1760\">grossesse<\/strong> pour accompagner le d\u00e9veloppement du f\u0153tus.<\/p>\n<\/li>\n<li class=\"\" data-start=\"1807\" data-end=\"1901\">\n<p class=\"\" data-start=\"1809\" data-end=\"1901\">Diminue les <strong data-start=\"1821\" data-end=\"1850\">sympt\u00f4mes de la m\u00e9nopause<\/strong>, les <strong data-start=\"1856\" data-end=\"1881\">douleurs articulaires<\/strong> et <strong data-start=\"1885\" data-end=\"1900\">musculaires<\/strong>.<\/p>\n<\/li>\n<\/ul>\n<hr class=\"\" data-start=\"1903\" data-end=\"1906\" \/>\n<h2 class=\"\" data-start=\"1908\" data-end=\"1969\"><strong data-start=\"1914\" data-end=\"1969\">Malachite \u2013 Pierre de transformation et d\u2019intuition<\/strong><\/h2>\n<h3 class=\"\" data-start=\"1971\" data-end=\"2016\"><strong data-start=\"1977\" data-end=\"2016\">Bienfaits \u00e9motionnels et psychiques<\/strong><\/h3>\n<p class=\"\" data-start=\"2018\" data-end=\"2069\">Pierre de profondeur et d\u2019\u00e9volution, la malachite :<\/p>\n<ul data-start=\"2071\" data-end=\"2575\">\n<li class=\"\" data-start=\"2071\" data-end=\"2136\">\n<p class=\"\" data-start=\"2073\" data-end=\"2136\">Renforce la <strong data-start=\"2085\" data-end=\"2105\">confiance en soi<\/strong> et l\u2019<strong data-start=\"2111\" data-end=\"2133\">ancrage \u00e9motionnel<\/strong>.<\/p>\n<\/li>\n<li class=\"\" data-start=\"2137\" data-end=\"2229\">\n<p class=\"\" data-start=\"2139\" data-end=\"2229\">Aide \u00e0 affronter les d\u00e9fis avec <strong data-start=\"2171\" data-end=\"2182\">courage<\/strong>, tout en <strong data-start=\"2192\" data-end=\"2226\">lib\u00e9rant les blocages du pass\u00e9<\/strong>.<\/p>\n<\/li>\n<li class=\"\" data-start=\"2230\" data-end=\"2327\">\n<p class=\"\" data-start=\"2232\" data-end=\"2327\">Encourage la <strong data-start=\"2245\" data-end=\"2268\">prise de conscience<\/strong>, la <strong data-start=\"2273\" data-end=\"2294\">prise de d\u00e9cision<\/strong> et la <strong data-start=\"2301\" data-end=\"2324\">gu\u00e9rison int\u00e9rieure<\/strong>.<\/p>\n<\/li>\n<li class=\"\" data-start=\"2328\" data-end=\"2449\">\n<p class=\"\" data-start=\"2330\" data-end=\"2449\">Favorise une <strong data-start=\"2343\" data-end=\"2374\">meilleure gestion du stress<\/strong>, diminue les <strong data-start=\"2388\" data-end=\"2401\">angoisses<\/strong> et agit comme un <strong data-start=\"2419\" data-end=\"2446\">anti-d\u00e9presseur naturel<\/strong>.<\/p>\n<\/li>\n<li class=\"\" data-start=\"2450\" data-end=\"2575\">\n<p class=\"\" data-start=\"2452\" data-end=\"2575\">Ouvre le c\u0153ur \u00e0 une <strong data-start=\"2472\" data-end=\"2489\">amour sinc\u00e8re<\/strong>, favorise la <strong data-start=\"2503\" data-end=\"2530\">compr\u00e9hension des r\u00eaves<\/strong> et aide \u00e0 <strong data-start=\"2541\" data-end=\"2574\">rompre les sch\u00e9mas r\u00e9p\u00e9titifs<\/strong>.<\/p>\n<\/li>\n<\/ul>\n<h3 class=\"\" data-start=\"2577\" data-end=\"2607\"><strong data-start=\"2584\" data-end=\"2607\">Bienfaits physiques<\/strong><\/h3>\n<p class=\"\" data-start=\"2609\" data-end=\"2651\">La malachite agit aussi efficacement sur :<\/p>\n<ul data-start=\"2653\" data-end=\"3046\">\n<li class=\"\" data-start=\"2653\" data-end=\"2744\">\n<p class=\"\" data-start=\"2655\" data-end=\"2744\">Les <strong data-start=\"2659\" data-end=\"2681\">douleurs physiques<\/strong> : arthrose, crampes, entorses, coliques, maux de dents, etc.<\/p>\n<\/li>\n<li class=\"\" data-start=\"2745\" data-end=\"2834\">\n<p class=\"\" data-start=\"2747\" data-end=\"2834\">Le <strong data-start=\"2750\" data-end=\"2769\">syst\u00e8me nerveux<\/strong> (calmant naturel), le <strong data-start=\"2792\" data-end=\"2800\">c\u0153ur<\/strong> et la <strong data-start=\"2807\" data-end=\"2831\">circulation sanguine<\/strong>.<\/p>\n<\/li>\n<li class=\"\" data-start=\"2835\" data-end=\"2937\">\n<p class=\"\" data-start=\"2837\" data-end=\"2937\">Le <strong data-start=\"2840\" data-end=\"2851\">sommeil<\/strong>, particuli\u00e8rement en cas d\u2019<strong data-start=\"2879\" data-end=\"2910\">insomnies li\u00e9es \u00e0 l\u2019anxi\u00e9t\u00e9<\/strong> (m\u00eame chez les enfants).<\/p>\n<\/li>\n<li class=\"\" data-start=\"2938\" data-end=\"3046\">\n<p class=\"\" data-start=\"2940\" data-end=\"3046\">La <strong data-start=\"2943\" data-end=\"2958\">respiration<\/strong>, la <strong data-start=\"2963\" data-end=\"2989\">d\u00e9toxification du foie<\/strong>, la <strong data-start=\"2994\" data-end=\"3025\">r\u00e9gulation du cycle f\u00e9minin<\/strong> et la <strong data-start=\"3032\" data-end=\"3045\">digestion<\/strong>.<\/p>\n<\/li>\n<\/ul>\n<hr class=\"\" data-start=\"3048\" data-end=\"3051\" \/>\n<h2 class=\"\" data-start=\"3053\" data-end=\"3101\"><strong data-start=\"3059\" data-end=\"3101\">Conseils de purification &amp; d\u2019entretien<\/strong><\/h2>\n<p class=\"\" data-start=\"3103\" data-end=\"3148\">Pour pr\u00e9server l\u2019\u00e9nergie de votre pendentif :<\/p>\n<ul data-start=\"3150\" data-end=\"3515\">\n<li class=\"\" data-start=\"3150\" data-end=\"3268\">\n<p class=\"\" data-start=\"3152\" data-end=\"3268\"><strong data-start=\"3152\" data-end=\"3168\">Purification<\/strong> : \u00e0 effectuer r\u00e9guli\u00e8rement avec de la <strong data-start=\"3208\" data-end=\"3217\">sauge<\/strong> ou du <strong data-start=\"3224\" data-end=\"3238\">palo santo<\/strong>, surtout pour la malachite.<\/p>\n<\/li>\n<li class=\"\" data-start=\"3269\" data-end=\"3372\">\n<p class=\"\" data-start=\"3271\" data-end=\"3372\"><strong data-start=\"3271\" data-end=\"3283\">Recharge<\/strong> : \u00e0 la <strong data-start=\"3291\" data-end=\"3317\">lumi\u00e8re douce du matin<\/strong> (\u00e9viter la chaleur intense) ou \u00e0 la <strong data-start=\"3354\" data-end=\"3369\">pleine lune, enterr\u00e9e.\u00a0<\/strong><\/p>\n<\/li>\n<li class=\"\" data-start=\"3373\" data-end=\"3515\">\n<p class=\"\" data-start=\"3375\" data-end=\"3515\">Pour raviver l\u2019\u00e9clat de la malachite : appliquez une goutte d\u2019<strong data-start=\"3437\" data-end=\"3453\">huile de lin<\/strong> ou de <strong data-start=\"3460\" data-end=\"3479\">noyau d\u2019abricot<\/strong>, puis essuyez avec un chiffon doux.<\/p>\n<\/li>\n<\/ul>\n<hr class=\"\" data-start=\"3517\" data-end=\"3520\" \/>\n<h2 class=\"\" data-start=\"3522\" data-end=\"3554\"><strong data-start=\"3527\" data-end=\"3554\">Affinit\u00e9s astrologiques<\/strong><\/h2>\n<p class=\"\" data-start=\"3556\" data-end=\"3667\">Ce pendentif est particuli\u00e8rement adapt\u00e9 aux signes :<br data-start=\"3609\" data-end=\"3612\" \/><strong data-start=\"3612\" data-end=\"3623\">Taureau<\/strong>, <strong data-start=\"3625\" data-end=\"3636\">Balance<\/strong>, <strong data-start=\"3638\" data-end=\"3652\">Capricorne<\/strong>, <strong data-start=\"3654\" data-end=\"3666\">Scorpion<\/strong>.<\/p>\n<p>&nbsp;<\/p>\n<p>&nbsp;<\/p>\n","protected":false},"excerpt":{"rendered":"<p>&nbsp; Pendentif en Chrysocolle et Malachite Mont\u00e9 sur b\u00e9li\u00e8re en acier inoxydable \u2013 Superbe qualit\u00e9Dimensions : 4 x 2 cmLe bleu est encore plus vif que sur la photo : un v\u00e9ritable turquoise lumineux. Une alliance \u00e9nerg\u00e9tique exceptionnelle Ce pendentif r\u00e9unit deux pierres aux vertus puissantes : la chrysocolle, douce et apaisante, et la malachite, [&hellip;]<\/p>\n","protected":false},"featured_media":3805,"comment_status":"open","ping_status":"closed","template":"","meta":{"site-sidebar-layout":"default","site-content-layout":"","ast-site-content-layout":"default","site-content-style":"default","site-sidebar-style":"default","ast-global-header-display":"","ast-banner-title-visibility":"","ast-main-header-display":"","ast-hfb-above-header-display":"","ast-hfb-below-header-display":"","ast-hfb-mobile-header-display":"","site-post-title":"","ast-breadcrumbs-content":"","ast-featured-img":"","footer-sml-layout":"","ast-disable-related-posts":"","theme-transparent-header-meta":"default","adv-header-id-meta":"","stick-header-meta":"","header-above-stick-meta":"","header-main-stick-meta":"","header-below-stick-meta":"","astra-migrate-meta-layouts":"set","ast-page-background-enabled":"default","ast-page-background-meta":{"desktop":{"background-color":"var(--ast-global-color-4)","background-image":"","background-repeat":"repeat","background-position":"center center","background-size":"auto","background-attachment":"scroll","background-type":"","background-media":"","overlay-type":"","overlay-color":"","overlay-opacity":"","overlay-gradient":""},"tablet":{"background-color":"","background-image":"","background-repeat":"repeat","background-position":"center center","background-size":"auto","background-attachment":"scroll","background-type":"","background-media":"","overlay-type":"","overlay-color":"","overlay-opacity":"","overlay-gradient":""},"mobile":{"background-color":"","background-image":"","background-repeat":"repeat","background-position":"center center","background-size":"auto","background-attachment":"scroll","background-type":"","background-media":"","overlay-type":"","overlay-color":"","overlay-opacity":"","overlay-gradient":""}},"ast-content-background-meta":{"desktop":{"background-color":"var(--ast-global-color-5)","background-image":"","background-repeat":"repeat","background-position":"center center","background-size":"auto","background-attachment":"scroll","background-type":"","background-media":"","overlay-type":"","overlay-color":"","overlay-opacity":"","overlay-gradient":""},"tablet":{"background-color":"var(--ast-global-color-5)","background-image":"","background-repeat":"repeat","background-position":"center center","background-size":"auto","background-attachment":"scroll","background-type":"","background-media":"","overlay-type":"","overlay-color":"","overlay-opacity":"","overlay-gradient":""},"mobile":{"background-color":"var(--ast-global-color-5)","background-image":"","background-repeat":"repeat","background-position":"center center","background-size":"auto","background-attachment":"scroll","background-type":"","background-media":"","overlay-type":"","overlay-color":"","overlay-opacity":"","overlay-gradient":""}},"_glsr_average":0,"_glsr_ranking":0,"_glsr_reviews":0},"product_brand":[],"product_cat":[72,109,71,270,272,121,21,78],"product_tag":[],"class_list":{"0":"post-3804","1":"product","2":"type-product","3":"status-publish","4":"has-post-thumbnail","6":"product_cat-bleu","7":"product_cat-chrysocolle","8":"product_cat-communication","9":"product_cat-douleurs","10":"product_cat-equilibre-emotionnel","11":"product_cat-malachite","12":"product_cat-pendentifs-de-lithotherapie","13":"product_cat-vert","14":"desktop-align-left","15":"tablet-align-left","16":"mobile-align-left","18":"first","19":"instock","20":"purchasable","21":"product-type-simple"},"yoast_head":"<!-- This site is optimized with the Yoast SEO plugin v27.5 - https:\/\/yoast.com\/product\/yoast-seo-wordpress\/ -->\n<title>Pendentif en Chrysocolle Malachite - Au fil des pierres<\/title>\n<meta name=\"description\" content=\"Pendentif en chrysocolle malachite naturelle, qualit\u00e9 sup\u00e9rieure, pierre d\u2019\u00e9quilibre \u00e9motionnel, de protection et de communication apais\u00e9e.\" \/>\n<meta name=\"robots\" content=\"index, follow, max-snippet:-1, max-image-preview:large, max-video-preview:-1\" \/>\n<link rel=\"canonical\" href=\"https:\/\/aufildespierres.com\/index.php\/product\/pendentif-en-chrysocolle-malachite\/\" \/>\n<meta property=\"og:locale\" content=\"fr_FR\" \/>\n<meta property=\"og:type\" content=\"article\" \/>\n<meta property=\"og:title\" content=\"Pendentif en Chrysocolle Malachite - Au fil des pierres\" \/>\n<meta property=\"og:description\" content=\"Pendentif en chrysocolle malachite naturelle, qualit\u00e9 sup\u00e9rieure, pierre d\u2019\u00e9quilibre \u00e9motionnel, de protection et de communication apais\u00e9e.\" \/>\n<meta property=\"og:url\" content=\"https:\/\/aufildespierres.com\/index.php\/product\/pendentif-en-chrysocolle-malachite\/\" \/>\n<meta property=\"og:site_name\" content=\"Au fil des pierres\" \/>\n<meta property=\"article:modified_time\" content=\"2025-10-10T12:37:29+00:00\" \/>\n<meta property=\"og:image\" content=\"https:\/\/aufildespierres.com\/wp-content\/uploads\/2025\/04\/20250406_162843-scaled.jpg\" \/>\n\t<meta property=\"og:image:width\" content=\"2261\" \/>\n\t<meta property=\"og:image:height\" content=\"2560\" \/>\n\t<meta property=\"og:image:type\" content=\"image\/jpeg\" \/>\n<meta name=\"twitter:card\" content=\"summary_large_image\" \/>\n<meta name=\"twitter:label1\" content=\"Dur\u00e9e de lecture estim\u00e9e\" \/>\n\t<meta name=\"twitter:data1\" content=\"3 minutes\" \/>\n<script type=\"application\/ld+json\" class=\"yoast-schema-graph\">{\"@context\":\"https:\\\/\\\/schema.org\",\"@graph\":[{\"@type\":\"WebPage\",\"@id\":\"https:\\\/\\\/aufildespierres.com\\\/index.php\\\/product\\\/pendentif-en-chrysocolle-malachite\\\/\",\"url\":\"https:\\\/\\\/aufildespierres.com\\\/index.php\\\/product\\\/pendentif-en-chrysocolle-malachite\\\/\",\"name\":\"Pendentif en Chrysocolle Malachite - Au fil des pierres\",\"isPartOf\":{\"@id\":\"https:\\\/\\\/aufildespierres.com\\\/#website\"},\"primaryImageOfPage\":{\"@id\":\"https:\\\/\\\/aufildespierres.com\\\/index.php\\\/product\\\/pendentif-en-chrysocolle-malachite\\\/#primaryimage\"},\"image\":{\"@id\":\"https:\\\/\\\/aufildespierres.com\\\/index.php\\\/product\\\/pendentif-en-chrysocolle-malachite\\\/#primaryimage\"},\"thumbnailUrl\":\"https:\\\/\\\/aufildespierres.com\\\/wp-content\\\/uploads\\\/2025\\\/04\\\/20250406_162843-scaled.jpg\",\"datePublished\":\"2025-04-08T12:36:55+00:00\",\"dateModified\":\"2025-10-10T12:37:29+00:00\",\"description\":\"Pendentif en chrysocolle malachite naturelle, qualit\u00e9 sup\u00e9rieure, pierre d\u2019\u00e9quilibre \u00e9motionnel, de protection et de communication apais\u00e9e.\",\"breadcrumb\":{\"@id\":\"https:\\\/\\\/aufildespierres.com\\\/index.php\\\/product\\\/pendentif-en-chrysocolle-malachite\\\/#breadcrumb\"},\"inLanguage\":\"fr-FR\",\"potentialAction\":[{\"@type\":\"ReadAction\",\"target\":[\"https:\\\/\\\/aufildespierres.com\\\/index.php\\\/product\\\/pendentif-en-chrysocolle-malachite\\\/\"]}]},{\"@type\":\"ImageObject\",\"inLanguage\":\"fr-FR\",\"@id\":\"https:\\\/\\\/aufildespierres.com\\\/index.php\\\/product\\\/pendentif-en-chrysocolle-malachite\\\/#primaryimage\",\"url\":\"https:\\\/\\\/aufildespierres.com\\\/wp-content\\\/uploads\\\/2025\\\/04\\\/20250406_162843-scaled.jpg\",\"contentUrl\":\"https:\\\/\\\/aufildespierres.com\\\/wp-content\\\/uploads\\\/2025\\\/04\\\/20250406_162843-scaled.jpg\",\"width\":2261,\"height\":2560},{\"@type\":\"BreadcrumbList\",\"@id\":\"https:\\\/\\\/aufildespierres.com\\\/index.php\\\/product\\\/pendentif-en-chrysocolle-malachite\\\/#breadcrumb\",\"itemListElement\":[{\"@type\":\"ListItem\",\"position\":1,\"name\":\"Accueil\",\"item\":\"https:\\\/\\\/aufildespierres.com\\\/\"},{\"@type\":\"ListItem\",\"position\":2,\"name\":\"Boutique de Lithoth\u00e9rapie\",\"item\":\"https:\\\/\\\/aufildespierres.com\\\/index.php\\\/boutique-de-lithotherapie\\\/\"},{\"@type\":\"ListItem\",\"position\":3,\"name\":\"Pendentif en Chrysocolle Malachite\"}]},{\"@type\":\"WebSite\",\"@id\":\"https:\\\/\\\/aufildespierres.com\\\/#website\",\"url\":\"https:\\\/\\\/aufildespierres.com\\\/\",\"name\":\"Au fil des pierres\",\"description\":\"Au fil des pierres\",\"publisher\":{\"@id\":\"https:\\\/\\\/aufildespierres.com\\\/#organization\"},\"potentialAction\":[{\"@type\":\"SearchAction\",\"target\":{\"@type\":\"EntryPoint\",\"urlTemplate\":\"https:\\\/\\\/aufildespierres.com\\\/?s={search_term_string}\"},\"query-input\":{\"@type\":\"PropertyValueSpecification\",\"valueRequired\":true,\"valueName\":\"search_term_string\"}}],\"inLanguage\":\"fr-FR\"},{\"@type\":\"Organization\",\"@id\":\"https:\\\/\\\/aufildespierres.com\\\/#organization\",\"name\":\"Au fil des pierres\",\"url\":\"https:\\\/\\\/aufildespierres.com\\\/\",\"logo\":{\"@type\":\"ImageObject\",\"inLanguage\":\"fr-FR\",\"@id\":\"https:\\\/\\\/aufildespierres.com\\\/#\\\/schema\\\/logo\\\/image\\\/\",\"url\":\"https:\\\/\\\/aufildespierres.com\\\/wp-content\\\/uploads\\\/2023\\\/05\\\/cropped-Logo-PNG-Transparent.png\",\"contentUrl\":\"https:\\\/\\\/aufildespierres.com\\\/wp-content\\\/uploads\\\/2023\\\/05\\\/cropped-Logo-PNG-Transparent.png\",\"width\":1776,\"height\":1625,\"caption\":\"Au fil des pierres\"},\"image\":{\"@id\":\"https:\\\/\\\/aufildespierres.com\\\/#\\\/schema\\\/logo\\\/image\\\/\"}}]}<\/script>\n<!-- \/ Yoast SEO plugin. -->","yoast_head_json":{"title":"Pendentif en Chrysocolle Malachite - Au fil des pierres","description":"Pendentif en chrysocolle malachite naturelle, qualit\u00e9 sup\u00e9rieure, pierre d\u2019\u00e9quilibre \u00e9motionnel, de protection et de communication apais\u00e9e.","robots":{"index":"index","follow":"follow","max-snippet":"max-snippet:-1","max-image-preview":"max-image-preview:large","max-video-preview":"max-video-preview:-1"},"canonical":"https:\/\/aufildespierres.com\/index.php\/product\/pendentif-en-chrysocolle-malachite\/","og_locale":"fr_FR","og_type":"article","og_title":"Pendentif en Chrysocolle Malachite - Au fil des pierres","og_description":"Pendentif en chrysocolle malachite naturelle, qualit\u00e9 sup\u00e9rieure, pierre d\u2019\u00e9quilibre \u00e9motionnel, de protection et de communication apais\u00e9e.","og_url":"https:\/\/aufildespierres.com\/index.php\/product\/pendentif-en-chrysocolle-malachite\/","og_site_name":"Au fil des pierres","article_modified_time":"2025-10-10T12:37:29+00:00","og_image":[{"width":2261,"height":2560,"url":"https:\/\/aufildespierres.com\/wp-content\/uploads\/2025\/04\/20250406_162843-scaled.jpg","type":"image\/jpeg"}],"twitter_card":"summary_large_image","twitter_misc":{"Dur\u00e9e de lecture estim\u00e9e":"3 minutes"},"schema":{"@context":"https:\/\/schema.org","@graph":[{"@type":"WebPage","@id":"https:\/\/aufildespierres.com\/index.php\/product\/pendentif-en-chrysocolle-malachite\/","url":"https:\/\/aufildespierres.com\/index.php\/product\/pendentif-en-chrysocolle-malachite\/","name":"Pendentif en Chrysocolle Malachite - Au fil des pierres","isPartOf":{"@id":"https:\/\/aufildespierres.com\/#website"},"primaryImageOfPage":{"@id":"https:\/\/aufildespierres.com\/index.php\/product\/pendentif-en-chrysocolle-malachite\/#primaryimage"},"image":{"@id":"https:\/\/aufildespierres.com\/index.php\/product\/pendentif-en-chrysocolle-malachite\/#primaryimage"},"thumbnailUrl":"https:\/\/aufildespierres.com\/wp-content\/uploads\/2025\/04\/20250406_162843-scaled.jpg","datePublished":"2025-04-08T12:36:55+00:00","dateModified":"2025-10-10T12:37:29+00:00","description":"Pendentif en chrysocolle malachite naturelle, qualit\u00e9 sup\u00e9rieure, pierre d\u2019\u00e9quilibre \u00e9motionnel, de protection et de communication apais\u00e9e.","breadcrumb":{"@id":"https:\/\/aufildespierres.com\/index.php\/product\/pendentif-en-chrysocolle-malachite\/#breadcrumb"},"inLanguage":"fr-FR","potentialAction":[{"@type":"ReadAction","target":["https:\/\/aufildespierres.com\/index.php\/product\/pendentif-en-chrysocolle-malachite\/"]}]},{"@type":"ImageObject","inLanguage":"fr-FR","@id":"https:\/\/aufildespierres.com\/index.php\/product\/pendentif-en-chrysocolle-malachite\/#primaryimage","url":"https:\/\/aufildespierres.com\/wp-content\/uploads\/2025\/04\/20250406_162843-scaled.jpg","contentUrl":"https:\/\/aufildespierres.com\/wp-content\/uploads\/2025\/04\/20250406_162843-scaled.jpg","width":2261,"height":2560},{"@type":"BreadcrumbList","@id":"https:\/\/aufildespierres.com\/index.php\/product\/pendentif-en-chrysocolle-malachite\/#breadcrumb","itemListElement":[{"@type":"ListItem","position":1,"name":"Accueil","item":"https:\/\/aufildespierres.com\/"},{"@type":"ListItem","position":2,"name":"Boutique de Lithoth\u00e9rapie","item":"https:\/\/aufildespierres.com\/index.php\/boutique-de-lithotherapie\/"},{"@type":"ListItem","position":3,"name":"Pendentif en Chrysocolle Malachite"}]},{"@type":"WebSite","@id":"https:\/\/aufildespierres.com\/#website","url":"https:\/\/aufildespierres.com\/","name":"Au fil des pierres","description":"Au fil des pierres","publisher":{"@id":"https:\/\/aufildespierres.com\/#organization"},"potentialAction":[{"@type":"SearchAction","target":{"@type":"EntryPoint","urlTemplate":"https:\/\/aufildespierres.com\/?s={search_term_string}"},"query-input":{"@type":"PropertyValueSpecification","valueRequired":true,"valueName":"search_term_string"}}],"inLanguage":"fr-FR"},{"@type":"Organization","@id":"https:\/\/aufildespierres.com\/#organization","name":"Au fil des pierres","url":"https:\/\/aufildespierres.com\/","logo":{"@type":"ImageObject","inLanguage":"fr-FR","@id":"https:\/\/aufildespierres.com\/#\/schema\/logo\/image\/","url":"https:\/\/aufildespierres.com\/wp-content\/uploads\/2023\/05\/cropped-Logo-PNG-Transparent.png","contentUrl":"https:\/\/aufildespierres.com\/wp-content\/uploads\/2023\/05\/cropped-Logo-PNG-Transparent.png","width":1776,"height":1625,"caption":"Au fil des pierres"},"image":{"@id":"https:\/\/aufildespierres.com\/#\/schema\/logo\/image\/"}}]}},"_links":{"self":[{"href":"https:\/\/aufildespierres.com\/index.php\/wp-json\/wp\/v2\/product\/3804","targetHints":{"allow":["GET"]}}],"collection":[{"href":"https:\/\/aufildespierres.com\/index.php\/wp-json\/wp\/v2\/product"}],"about":[{"href":"https:\/\/aufildespierres.com\/index.php\/wp-json\/wp\/v2\/types\/product"}],"replies":[{"embeddable":true,"href":"https:\/\/aufildespierres.com\/index.php\/wp-json\/wp\/v2\/comments?post=3804"}],"wp:featuredmedia":[{"embeddable":true,"href":"https:\/\/aufildespierres.com\/index.php\/wp-json\/wp\/v2\/media\/3805"}],"wp:attachment":[{"href":"https:\/\/aufildespierres.com\/index.php\/wp-json\/wp\/v2\/media?parent=3804"}],"wp:term":[{"taxonomy":"product_brand","embeddable":true,"href":"https:\/\/aufildespierres.com\/index.php\/wp-json\/wp\/v2\/product_brand?post=3804"},{"taxonomy":"product_cat","embeddable":true,"href":"https:\/\/aufildespierres.com\/index.php\/wp-json\/wp\/v2\/product_cat?post=3804"},{"taxonomy":"product_tag","embeddable":true,"href":"https:\/\/aufildespierres.com\/index.php\/wp-json\/wp\/v2\/product_tag?post=3804"}],"curies":[{"name":"wp","href":"https:\/\/api.w.org\/{rel}","templated":true}]}}