{"id":3862,"date":"2025-04-16T22:23:53","date_gmt":"2025-04-16T20:23:53","guid":{"rendered":"https:\/\/aufildespierres.com\/?post_type=product&#038;p=3862"},"modified":"2025-10-10T14:09:03","modified_gmt":"2025-10-10T12:09:03","slug":"elephant-en-cornaline","status":"publish","type":"product","link":"https:\/\/aufildespierres.com\/index.php\/product\/elephant-en-cornaline\/","title":{"rendered":"El\u00e9phant en Cornaline"},"content":{"rendered":"<h3 class=\"\" data-start=\"184\" data-end=\"251\">\ud83d\udc18\u00a0 El\u00e9phant en cornaline<\/h3>\n<h3 class=\"\" data-start=\"184\" data-end=\"251\">trompe en l\u2019air<\/h3>\n<p>3 x3 cm<\/p>\n<h3 class=\"\" data-start=\"232\" data-end=\"299\"><\/h3>\n<p class=\"\" data-start=\"301\" data-end=\"526\">L\u2019\u00e9l\u00e9phant en cornaline, avec la trompe en l\u2019air, associe beaut\u00e9 naturelle, symbolisme puissant et bienfaits \u00e9nerg\u00e9tiques. Cet objet d\u00e9coratif, \u00e0 la fois chaleureux et inspirant, agit comme un v\u00e9ritable talisman au quotidien.<\/p>\n<p class=\"\" data-start=\"528\" data-end=\"806\">D&rsquo;une part, dans de nombreuses cultures, l\u2019\u00e9l\u00e9phant incarne la sagesse, la loyaut\u00e9 et la prosp\u00e9rit\u00e9. Sa trompe tourn\u00e9e vers le haut attire traditionnellement la chance, la r\u00e9ussite et l\u2019abondance. Lorsqu\u2019il est sculpt\u00e9 dans la cornaline, ce symbole prend encore plus de sens et d\u2019intensit\u00e9.<\/p>\n<p class=\"\" data-start=\"808\" data-end=\"1041\">D&rsquo;autre part , La cornaline stimule la vitalit\u00e9, la motivation et la cr\u00e9ativit\u00e9. Elle favorise le courage, renforce la confiance en soi et pousse \u00e0 l\u2019action. Son \u00e9nergie chaude dynamise les lieux tout en apportant un ancrage solide dans le pr\u00e9sent.<\/p>\n<p class=\"\" data-start=\"1043\" data-end=\"1326\">Par ailleurs, cette pierre est associ\u00e9e au chakra sacr\u00e9. Elle encourage l\u2019expression des \u00e9motions, l\u2019\u00e9panouissement personnel et la joie de vivre. En pla\u00e7ant un \u00e9l\u00e9phant en cornaline dans votre int\u00e9rieur, vous favorisez une ambiance positive, propice au mouvement et \u00e0 l\u2019inspiration.<\/p>\n<p class=\"\" data-start=\"1328\" data-end=\"1588\">De plus, cet \u00e9l\u00e9phant s\u2019utilise aussi comme porte-bonheur. Offrir ce symbole, c\u2019est transmettre un message de soutien, de force et de vitalit\u00e9. Il constitue un cadeau id\u00e9al pour accompagner un changement, c\u00e9l\u00e9brer un nouveau d\u00e9part ou simplement faire plaisir. La Cornaline est une pierre de f\u00e9minit\u00e9 id\u00e9ale \u00e0 offrir \u00e0 sa m\u00e8re ou \u00e0 sa fille.<\/p>\n<p class=\"\" data-start=\"1590\" data-end=\"1803\">N\u00e9anmoins, bien que discret, cet \u00e9l\u00e9phant attire naturellement le regard par sa couleur vibrante et sa pr\u00e9sence apaisante. Il s\u2019int\u00e8gre facilement dans tous les espaces, qu\u2019ils soient personnels ou professionnels.<\/p>\n<p class=\"\" data-start=\"1805\" data-end=\"1993\">En r\u00e9sum\u00e9, l\u2019\u00e9l\u00e9phant en cornaline avec trompe en l\u2019air combine esth\u00e9tisme, force int\u00e9rieure et \u00e9nergie positive. Il accompagne votre chemin de vie avec courage, enthousiasme et \u00e9quilibre.<\/p>\n<p class=\"\" data-start=\"2000\" data-end=\"2094\">\n","protected":false},"excerpt":{"rendered":"<p>\ud83d\udc18\u00a0 El\u00e9phant en cornaline trompe en l\u2019air 3 x3 cm L\u2019\u00e9l\u00e9phant en cornaline, avec la trompe en l\u2019air, associe beaut\u00e9 naturelle, symbolisme puissant et bienfaits \u00e9nerg\u00e9tiques. Cet objet d\u00e9coratif, \u00e0 la fois chaleureux et inspirant, agit comme un v\u00e9ritable talisman au quotidien. D&rsquo;une part, dans de nombreuses cultures, l\u2019\u00e9l\u00e9phant incarne la sagesse, la loyaut\u00e9 et [&hellip;]<\/p>\n","protected":false},"featured_media":3863,"comment_status":"open","ping_status":"closed","template":"","meta":{"site-sidebar-layout":"default","site-content-layout":"","ast-site-content-layout":"default","site-content-style":"default","site-sidebar-style":"default","ast-global-header-display":"","ast-banner-title-visibility":"","ast-main-header-display":"","ast-hfb-above-header-display":"","ast-hfb-below-header-display":"","ast-hfb-mobile-header-display":"","site-post-title":"","ast-breadcrumbs-content":"","ast-featured-img":"","footer-sml-layout":"","ast-disable-related-posts":"","theme-transparent-header-meta":"default","adv-header-id-meta":"","stick-header-meta":"","header-above-stick-meta":"","header-main-stick-meta":"","header-below-stick-meta":"","astra-migrate-meta-layouts":"set","ast-page-background-enabled":"default","ast-page-background-meta":{"desktop":{"background-color":"var(--ast-global-color-4)","background-image":"","background-repeat":"repeat","background-position":"center center","background-size":"auto","background-attachment":"scroll","background-type":"","background-media":"","overlay-type":"","overlay-color":"","overlay-opacity":"","overlay-gradient":""},"tablet":{"background-color":"","background-image":"","background-repeat":"repeat","background-position":"center center","background-size":"auto","background-attachment":"scroll","background-type":"","background-media":"","overlay-type":"","overlay-color":"","overlay-opacity":"","overlay-gradient":""},"mobile":{"background-color":"","background-image":"","background-repeat":"repeat","background-position":"center center","background-size":"auto","background-attachment":"scroll","background-type":"","background-media":"","overlay-type":"","overlay-color":"","overlay-opacity":"","overlay-gradient":""}},"ast-content-background-meta":{"desktop":{"background-color":"var(--ast-global-color-5)","background-image":"","background-repeat":"repeat","background-position":"center center","background-size":"auto","background-attachment":"scroll","background-type":"","background-media":"","overlay-type":"","overlay-color":"","overlay-opacity":"","overlay-gradient":""},"tablet":{"background-color":"var(--ast-global-color-5)","background-image":"","background-repeat":"repeat","background-position":"center center","background-size":"auto","background-attachment":"scroll","background-type":"","background-media":"","overlay-type":"","overlay-color":"","overlay-opacity":"","overlay-gradient":""},"mobile":{"background-color":"var(--ast-global-color-5)","background-image":"","background-repeat":"repeat","background-position":"center center","background-size":"auto","background-attachment":"scroll","background-type":"","background-media":"","overlay-type":"","overlay-color":"","overlay-opacity":"","overlay-gradient":""}},"_glsr_average":0,"_glsr_ranking":0,"_glsr_reviews":0},"product_brand":[],"product_cat":[49,95,272,239,142,76,41],"product_tag":[],"class_list":{"0":"post-3862","1":"product","2":"type-product","3":"status-publish","4":"has-post-thumbnail","6":"product_cat-confiance-en-soi","7":"product_cat-cornaline","8":"product_cat-equilibre-emotionnel","9":"product_cat-figurines-et-animaux","10":"product_cat-orange","11":"product_cat-rouge","12":"product_cat-vitalite","13":"desktop-align-left","14":"tablet-align-left","15":"mobile-align-left","17":"first","18":"instock","19":"purchasable","20":"product-type-simple"},"yoast_head":"<!-- This site is optimized with the Yoast SEO plugin v27.5 - https:\/\/yoast.com\/product\/yoast-seo-wordpress\/ -->\n<title>El\u00e9phant en Cornaline - Au fil des pierres<\/title>\n<meta name=\"description\" content=\"\u00c9l\u00e9phant en Cornaline naturelle. Symbole de vitalit\u00e9, courage et chance. Artisanat raffin\u00e9, pierre \u00e9nergisante de haute qualit\u00e9.\" \/>\n<meta name=\"robots\" content=\"index, follow, max-snippet:-1, max-image-preview:large, max-video-preview:-1\" \/>\n<link rel=\"canonical\" href=\"https:\/\/aufildespierres.com\/index.php\/product\/elephant-en-cornaline\/\" \/>\n<meta property=\"og:locale\" content=\"fr_FR\" \/>\n<meta property=\"og:type\" content=\"article\" \/>\n<meta property=\"og:title\" content=\"El\u00e9phant en Cornaline - Au fil des pierres\" \/>\n<meta property=\"og:description\" content=\"\u00c9l\u00e9phant en Cornaline naturelle. Symbole de vitalit\u00e9, courage et chance. Artisanat raffin\u00e9, pierre \u00e9nergisante de haute qualit\u00e9.\" \/>\n<meta property=\"og:url\" content=\"https:\/\/aufildespierres.com\/index.php\/product\/elephant-en-cornaline\/\" \/>\n<meta property=\"og:site_name\" content=\"Au fil des pierres\" \/>\n<meta property=\"article:modified_time\" content=\"2025-10-10T12:09:03+00:00\" \/>\n<meta property=\"og:image\" content=\"https:\/\/aufildespierres.com\/wp-content\/uploads\/2025\/04\/20250410_133251-scaled.jpg\" \/>\n\t<meta property=\"og:image:width\" content=\"2445\" \/>\n\t<meta property=\"og:image:height\" content=\"2560\" \/>\n\t<meta property=\"og:image:type\" content=\"image\/jpeg\" \/>\n<meta name=\"twitter:card\" content=\"summary_large_image\" \/>\n<meta name=\"twitter:label1\" content=\"Dur\u00e9e de lecture estim\u00e9e\" \/>\n\t<meta name=\"twitter:data1\" content=\"2 minutes\" \/>\n<script type=\"application\/ld+json\" class=\"yoast-schema-graph\">{\"@context\":\"https:\\\/\\\/schema.org\",\"@graph\":[{\"@type\":\"WebPage\",\"@id\":\"https:\\\/\\\/aufildespierres.com\\\/index.php\\\/product\\\/elephant-en-cornaline\\\/\",\"url\":\"https:\\\/\\\/aufildespierres.com\\\/index.php\\\/product\\\/elephant-en-cornaline\\\/\",\"name\":\"El\u00e9phant en Cornaline - Au fil des pierres\",\"isPartOf\":{\"@id\":\"https:\\\/\\\/aufildespierres.com\\\/#website\"},\"primaryImageOfPage\":{\"@id\":\"https:\\\/\\\/aufildespierres.com\\\/index.php\\\/product\\\/elephant-en-cornaline\\\/#primaryimage\"},\"image\":{\"@id\":\"https:\\\/\\\/aufildespierres.com\\\/index.php\\\/product\\\/elephant-en-cornaline\\\/#primaryimage\"},\"thumbnailUrl\":\"https:\\\/\\\/aufildespierres.com\\\/wp-content\\\/uploads\\\/2025\\\/04\\\/20250410_133251-scaled.jpg\",\"datePublished\":\"2025-04-16T20:23:53+00:00\",\"dateModified\":\"2025-10-10T12:09:03+00:00\",\"description\":\"\u00c9l\u00e9phant en Cornaline naturelle. Symbole de vitalit\u00e9, courage et chance. Artisanat raffin\u00e9, pierre \u00e9nergisante de haute qualit\u00e9.\",\"breadcrumb\":{\"@id\":\"https:\\\/\\\/aufildespierres.com\\\/index.php\\\/product\\\/elephant-en-cornaline\\\/#breadcrumb\"},\"inLanguage\":\"fr-FR\",\"potentialAction\":[{\"@type\":\"ReadAction\",\"target\":[\"https:\\\/\\\/aufildespierres.com\\\/index.php\\\/product\\\/elephant-en-cornaline\\\/\"]}]},{\"@type\":\"ImageObject\",\"inLanguage\":\"fr-FR\",\"@id\":\"https:\\\/\\\/aufildespierres.com\\\/index.php\\\/product\\\/elephant-en-cornaline\\\/#primaryimage\",\"url\":\"https:\\\/\\\/aufildespierres.com\\\/wp-content\\\/uploads\\\/2025\\\/04\\\/20250410_133251-scaled.jpg\",\"contentUrl\":\"https:\\\/\\\/aufildespierres.com\\\/wp-content\\\/uploads\\\/2025\\\/04\\\/20250410_133251-scaled.jpg\",\"width\":2445,\"height\":2560},{\"@type\":\"BreadcrumbList\",\"@id\":\"https:\\\/\\\/aufildespierres.com\\\/index.php\\\/product\\\/elephant-en-cornaline\\\/#breadcrumb\",\"itemListElement\":[{\"@type\":\"ListItem\",\"position\":1,\"name\":\"Accueil\",\"item\":\"https:\\\/\\\/aufildespierres.com\\\/\"},{\"@type\":\"ListItem\",\"position\":2,\"name\":\"Boutique de Lithoth\u00e9rapie\",\"item\":\"https:\\\/\\\/aufildespierres.com\\\/index.php\\\/boutique-de-lithotherapie\\\/\"},{\"@type\":\"ListItem\",\"position\":3,\"name\":\"El\u00e9phant en Cornaline\"}]},{\"@type\":\"WebSite\",\"@id\":\"https:\\\/\\\/aufildespierres.com\\\/#website\",\"url\":\"https:\\\/\\\/aufildespierres.com\\\/\",\"name\":\"Au fil des pierres\",\"description\":\"Au fil des pierres\",\"publisher\":{\"@id\":\"https:\\\/\\\/aufildespierres.com\\\/#organization\"},\"potentialAction\":[{\"@type\":\"SearchAction\",\"target\":{\"@type\":\"EntryPoint\",\"urlTemplate\":\"https:\\\/\\\/aufildespierres.com\\\/?s={search_term_string}\"},\"query-input\":{\"@type\":\"PropertyValueSpecification\",\"valueRequired\":true,\"valueName\":\"search_term_string\"}}],\"inLanguage\":\"fr-FR\"},{\"@type\":\"Organization\",\"@id\":\"https:\\\/\\\/aufildespierres.com\\\/#organization\",\"name\":\"Au fil des pierres\",\"url\":\"https:\\\/\\\/aufildespierres.com\\\/\",\"logo\":{\"@type\":\"ImageObject\",\"inLanguage\":\"fr-FR\",\"@id\":\"https:\\\/\\\/aufildespierres.com\\\/#\\\/schema\\\/logo\\\/image\\\/\",\"url\":\"https:\\\/\\\/aufildespierres.com\\\/wp-content\\\/uploads\\\/2023\\\/05\\\/cropped-Logo-PNG-Transparent.png\",\"contentUrl\":\"https:\\\/\\\/aufildespierres.com\\\/wp-content\\\/uploads\\\/2023\\\/05\\\/cropped-Logo-PNG-Transparent.png\",\"width\":1776,\"height\":1625,\"caption\":\"Au fil des pierres\"},\"image\":{\"@id\":\"https:\\\/\\\/aufildespierres.com\\\/#\\\/schema\\\/logo\\\/image\\\/\"}}]}<\/script>\n<!-- \/ Yoast SEO plugin. -->","yoast_head_json":{"title":"El\u00e9phant en Cornaline - Au fil des pierres","description":"\u00c9l\u00e9phant en Cornaline naturelle. Symbole de vitalit\u00e9, courage et chance. Artisanat raffin\u00e9, pierre \u00e9nergisante de haute qualit\u00e9.","robots":{"index":"index","follow":"follow","max-snippet":"max-snippet:-1","max-image-preview":"max-image-preview:large","max-video-preview":"max-video-preview:-1"},"canonical":"https:\/\/aufildespierres.com\/index.php\/product\/elephant-en-cornaline\/","og_locale":"fr_FR","og_type":"article","og_title":"El\u00e9phant en Cornaline - Au fil des pierres","og_description":"\u00c9l\u00e9phant en Cornaline naturelle. Symbole de vitalit\u00e9, courage et chance. Artisanat raffin\u00e9, pierre \u00e9nergisante de haute qualit\u00e9.","og_url":"https:\/\/aufildespierres.com\/index.php\/product\/elephant-en-cornaline\/","og_site_name":"Au fil des pierres","article_modified_time":"2025-10-10T12:09:03+00:00","og_image":[{"width":2445,"height":2560,"url":"https:\/\/aufildespierres.com\/wp-content\/uploads\/2025\/04\/20250410_133251-scaled.jpg","type":"image\/jpeg"}],"twitter_card":"summary_large_image","twitter_misc":{"Dur\u00e9e de lecture estim\u00e9e":"2 minutes"},"schema":{"@context":"https:\/\/schema.org","@graph":[{"@type":"WebPage","@id":"https:\/\/aufildespierres.com\/index.php\/product\/elephant-en-cornaline\/","url":"https:\/\/aufildespierres.com\/index.php\/product\/elephant-en-cornaline\/","name":"El\u00e9phant en Cornaline - Au fil des pierres","isPartOf":{"@id":"https:\/\/aufildespierres.com\/#website"},"primaryImageOfPage":{"@id":"https:\/\/aufildespierres.com\/index.php\/product\/elephant-en-cornaline\/#primaryimage"},"image":{"@id":"https:\/\/aufildespierres.com\/index.php\/product\/elephant-en-cornaline\/#primaryimage"},"thumbnailUrl":"https:\/\/aufildespierres.com\/wp-content\/uploads\/2025\/04\/20250410_133251-scaled.jpg","datePublished":"2025-04-16T20:23:53+00:00","dateModified":"2025-10-10T12:09:03+00:00","description":"\u00c9l\u00e9phant en Cornaline naturelle. Symbole de vitalit\u00e9, courage et chance. Artisanat raffin\u00e9, pierre \u00e9nergisante de haute qualit\u00e9.","breadcrumb":{"@id":"https:\/\/aufildespierres.com\/index.php\/product\/elephant-en-cornaline\/#breadcrumb"},"inLanguage":"fr-FR","potentialAction":[{"@type":"ReadAction","target":["https:\/\/aufildespierres.com\/index.php\/product\/elephant-en-cornaline\/"]}]},{"@type":"ImageObject","inLanguage":"fr-FR","@id":"https:\/\/aufildespierres.com\/index.php\/product\/elephant-en-cornaline\/#primaryimage","url":"https:\/\/aufildespierres.com\/wp-content\/uploads\/2025\/04\/20250410_133251-scaled.jpg","contentUrl":"https:\/\/aufildespierres.com\/wp-content\/uploads\/2025\/04\/20250410_133251-scaled.jpg","width":2445,"height":2560},{"@type":"BreadcrumbList","@id":"https:\/\/aufildespierres.com\/index.php\/product\/elephant-en-cornaline\/#breadcrumb","itemListElement":[{"@type":"ListItem","position":1,"name":"Accueil","item":"https:\/\/aufildespierres.com\/"},{"@type":"ListItem","position":2,"name":"Boutique de Lithoth\u00e9rapie","item":"https:\/\/aufildespierres.com\/index.php\/boutique-de-lithotherapie\/"},{"@type":"ListItem","position":3,"name":"El\u00e9phant en Cornaline"}]},{"@type":"WebSite","@id":"https:\/\/aufildespierres.com\/#website","url":"https:\/\/aufildespierres.com\/","name":"Au fil des pierres","description":"Au fil des pierres","publisher":{"@id":"https:\/\/aufildespierres.com\/#organization"},"potentialAction":[{"@type":"SearchAction","target":{"@type":"EntryPoint","urlTemplate":"https:\/\/aufildespierres.com\/?s={search_term_string}"},"query-input":{"@type":"PropertyValueSpecification","valueRequired":true,"valueName":"search_term_string"}}],"inLanguage":"fr-FR"},{"@type":"Organization","@id":"https:\/\/aufildespierres.com\/#organization","name":"Au fil des pierres","url":"https:\/\/aufildespierres.com\/","logo":{"@type":"ImageObject","inLanguage":"fr-FR","@id":"https:\/\/aufildespierres.com\/#\/schema\/logo\/image\/","url":"https:\/\/aufildespierres.com\/wp-content\/uploads\/2023\/05\/cropped-Logo-PNG-Transparent.png","contentUrl":"https:\/\/aufildespierres.com\/wp-content\/uploads\/2023\/05\/cropped-Logo-PNG-Transparent.png","width":1776,"height":1625,"caption":"Au fil des pierres"},"image":{"@id":"https:\/\/aufildespierres.com\/#\/schema\/logo\/image\/"}}]}},"_links":{"self":[{"href":"https:\/\/aufildespierres.com\/index.php\/wp-json\/wp\/v2\/product\/3862","targetHints":{"allow":["GET"]}}],"collection":[{"href":"https:\/\/aufildespierres.com\/index.php\/wp-json\/wp\/v2\/product"}],"about":[{"href":"https:\/\/aufildespierres.com\/index.php\/wp-json\/wp\/v2\/types\/product"}],"replies":[{"embeddable":true,"href":"https:\/\/aufildespierres.com\/index.php\/wp-json\/wp\/v2\/comments?post=3862"}],"wp:featuredmedia":[{"embeddable":true,"href":"https:\/\/aufildespierres.com\/index.php\/wp-json\/wp\/v2\/media\/3863"}],"wp:attachment":[{"href":"https:\/\/aufildespierres.com\/index.php\/wp-json\/wp\/v2\/media?parent=3862"}],"wp:term":[{"taxonomy":"product_brand","embeddable":true,"href":"https:\/\/aufildespierres.com\/index.php\/wp-json\/wp\/v2\/product_brand?post=3862"},{"taxonomy":"product_cat","embeddable":true,"href":"https:\/\/aufildespierres.com\/index.php\/wp-json\/wp\/v2\/product_cat?post=3862"},{"taxonomy":"product_tag","embeddable":true,"href":"https:\/\/aufildespierres.com\/index.php\/wp-json\/wp\/v2\/product_tag?post=3862"}],"curies":[{"name":"wp","href":"https:\/\/api.w.org\/{rel}","templated":true}]}}