{"id":3932,"date":"2025-04-29T15:08:14","date_gmt":"2025-04-29T13:08:14","guid":{"rendered":"https:\/\/aufildespierres.com\/?post_type=product&#038;p=3932"},"modified":"2026-03-30T14:51:38","modified_gmt":"2026-03-30T12:51:38","slug":"bracelet-pierre-de-lune-jade-aventurine","status":"publish","type":"product","link":"https:\/\/aufildespierres.com\/index.php\/product\/bracelet-pierre-de-lune-jade-aventurine\/","title":{"rendered":"Bracelet Pierre de lune Jade Aventurine"},"content":{"rendered":"<h3 data-start=\"208\" data-end=\"303\">Bracelet en Pierre de Lune, Jade Vert et Aventurine<\/h3>\n<h3 data-start=\"208\" data-end=\"303\">Harmonie, chance et douceur du c\u0153ur<\/h3>\n<p data-start=\"305\" data-end=\"611\">D\u00e9couvrez un <strong data-start=\"318\" data-end=\"360\">bracelet en pierres naturelles de 8 mm<\/strong> qui r\u00e9unit trois gemmes puissantes : la <strong data-start=\"401\" data-end=\"419\">Pierre de Lune<\/strong>, le <strong data-start=\"424\" data-end=\"437\">Jade vert<\/strong> et l\u2019<strong data-start=\"443\" data-end=\"463\">Aventurine verte<\/strong>. Ensemble, elles cr\u00e9ent une alliance harmonieuse qui favorise l\u2019\u00e9quilibre \u00e9motionnel, la confiance en soi et l\u2019attraction des \u00e9nergies positives.<\/p>\n<p data-start=\"613\" data-end=\"828\">Ce bracelet est con\u00e7u pour un <strong data-start=\"643\" data-end=\"670\">poignet d\u2019environ 17 cm<\/strong>. Cependant, si vous souhaitez une autre taille, contactez-moi : je personnaliserai volontiers votre bijou afin qu\u2019il s\u2019adapte parfaitement \u00e0 votre poignet.<\/p>\n<h4 data-start=\"830\" data-end=\"892\">\u00a0Pierre de Lune : cultiver l\u2019intuition et la f\u00e9minit\u00e9<\/h4>\n<p data-start=\"893\" data-end=\"1209\">La <strong data-start=\"896\" data-end=\"914\">Pierre de Lune<\/strong> incarne la douceur et la connexion \u00e0 l\u2019\u00e9nergie f\u00e9minine. Elle <strong data-start=\"977\" data-end=\"1000\">apaise les \u00e9motions<\/strong>, <strong data-start=\"1002\" data-end=\"1026\">renforce l\u2019intuition<\/strong> et <strong data-start=\"1030\" data-end=\"1063\">encourage l\u2019\u00e9coute int\u00e9rieure<\/strong>. En favorisant le l\u00e2cher-prise, elle aide \u00e0 mieux comprendre ses besoins et \u00e0 vivre en harmonie avec les cycles naturels du corps et de la vie.<\/p>\n<h4 data-start=\"1211\" data-end=\"1271\">\u00a0Jade Vert : renforcer la s\u00e9r\u00e9nit\u00e9 et la protection<\/h4>\n<p data-start=\"1272\" data-end=\"1585\">Le <strong data-start=\"1275\" data-end=\"1288\">Jade vert<\/strong> symbolise la sagesse et la paix int\u00e9rieure. Gr\u00e2ce \u00e0 son \u00e9nergie \u00e9quilibrante, il <strong data-start=\"1370\" data-end=\"1406\">prot\u00e8ge des influences n\u00e9gatives<\/strong>, <strong data-start=\"1408\" data-end=\"1431\">apaise les tensions<\/strong> et <strong data-start=\"1435\" data-end=\"1459\">favorise la patience<\/strong>. De plus, il attire la prosp\u00e9rit\u00e9 et soutient le c\u0153ur lors des p\u00e9riodes de transition, en apportant stabilit\u00e9 et confiance.<\/p>\n<h4 data-start=\"1587\" data-end=\"1649\">\u00a0Aventurine Verte : attirer la chance et la confiance<\/h4>\n<p data-start=\"1650\" data-end=\"1915\">L\u2019<strong data-start=\"1652\" data-end=\"1672\">Aventurine verte<\/strong> rayonne d\u2019une \u00e9nergie joyeuse et optimiste. Elle <strong data-start=\"1722\" data-end=\"1749\">attire les opportunit\u00e9s<\/strong>, <strong data-start=\"1751\" data-end=\"1776\">stimule la motivation<\/strong> et <strong data-start=\"1780\" data-end=\"1807\">ouvre le c\u0153ur \u00e0 la joie<\/strong>. Elle aide aussi \u00e0 <strong data-start=\"1827\" data-end=\"1859\">surmonter les peurs du pass\u00e9<\/strong> pour avancer avec assurance vers de nouveaux projets.<\/p>\n<p data-start=\"1917\" data-end=\"2161\">\u00a0En r\u00e9sum\u00e9, ce <strong data-start=\"1933\" data-end=\"1983\">bracelet en Pierre de Lune, Jade et Aventurine<\/strong> unit trois pierres compl\u00e9mentaires pour vous accompagner chaque jour vers plus de douceur, d\u2019ancrage et d\u2019harmonie int\u00e9rieure. Portez-le pour rayonner la paix et la confiance.<\/p>\n<p data-start=\"2025\" data-end=\"2152\" data-is-last-node=\"\" data-is-only-node=\"\">\n","protected":false},"excerpt":{"rendered":"<p>Bracelet en Pierre de Lune, Jade Vert et Aventurine Harmonie, chance et douceur du c\u0153ur D\u00e9couvrez un bracelet en pierres naturelles de 8 mm qui r\u00e9unit trois gemmes puissantes : la Pierre de Lune, le Jade vert et l\u2019Aventurine verte. Ensemble, elles cr\u00e9ent une alliance harmonieuse qui favorise l\u2019\u00e9quilibre \u00e9motionnel, la confiance en soi et [&hellip;]<\/p>\n","protected":false},"featured_media":3933,"comment_status":"open","ping_status":"closed","template":"","meta":{"site-sidebar-layout":"default","site-content-layout":"","ast-site-content-layout":"default","site-content-style":"default","site-sidebar-style":"default","ast-global-header-display":"","ast-banner-title-visibility":"","ast-main-header-display":"","ast-hfb-above-header-display":"","ast-hfb-below-header-display":"","ast-hfb-mobile-header-display":"","site-post-title":"","ast-breadcrumbs-content":"","ast-featured-img":"","footer-sml-layout":"","ast-disable-related-posts":"","theme-transparent-header-meta":"default","adv-header-id-meta":"","stick-header-meta":"","header-above-stick-meta":"","header-main-stick-meta":"","header-below-stick-meta":"","astra-migrate-meta-layouts":"set","ast-page-background-enabled":"default","ast-page-background-meta":{"desktop":{"background-color":"var(--ast-global-color-4)","background-image":"","background-repeat":"repeat","background-position":"center center","background-size":"auto","background-attachment":"scroll","background-type":"","background-media":"","overlay-type":"","overlay-color":"","overlay-opacity":"","overlay-gradient":""},"tablet":{"background-color":"","background-image":"","background-repeat":"repeat","background-position":"center center","background-size":"auto","background-attachment":"scroll","background-type":"","background-media":"","overlay-type":"","overlay-color":"","overlay-opacity":"","overlay-gradient":""},"mobile":{"background-color":"","background-image":"","background-repeat":"repeat","background-position":"center center","background-size":"auto","background-attachment":"scroll","background-type":"","background-media":"","overlay-type":"","overlay-color":"","overlay-opacity":"","overlay-gradient":""}},"ast-content-background-meta":{"desktop":{"background-color":"var(--ast-global-color-5)","background-image":"","background-repeat":"repeat","background-position":"center center","background-size":"auto","background-attachment":"scroll","background-type":"","background-media":"","overlay-type":"","overlay-color":"","overlay-opacity":"","overlay-gradient":""},"tablet":{"background-color":"var(--ast-global-color-5)","background-image":"","background-repeat":"repeat","background-position":"center center","background-size":"auto","background-attachment":"scroll","background-type":"","background-media":"","overlay-type":"","overlay-color":"","overlay-opacity":"","overlay-gradient":""},"mobile":{"background-color":"var(--ast-global-color-5)","background-image":"","background-repeat":"repeat","background-position":"center center","background-size":"auto","background-attachment":"scroll","background-type":"","background-media":"","overlay-type":"","overlay-color":"","overlay-opacity":"","overlay-gradient":""}},"_glsr_average":0,"_glsr_ranking":0,"_glsr_reviews":0},"product_brand":[],"product_cat":[120,67,290,233,101,15,78],"product_tag":[],"class_list":{"0":"post-3932","1":"product","2":"type-product","3":"status-publish","4":"has-post-thumbnail","6":"product_cat-aventurine-verte","7":"product_cat-blanc","8":"product_cat-bracelets-de-lithotherapie-femmes","9":"product_cat-jade-vert","10":"product_cat-pierre-de-lune","11":"product_cat-tout","12":"product_cat-vert","13":"desktop-align-left","14":"tablet-align-left","15":"mobile-align-left","17":"first","18":"instock","19":"purchasable","20":"product-type-variable"},"yoast_head":"<!-- This site is optimized with the Yoast SEO plugin v27.5 - https:\/\/yoast.com\/product\/yoast-seo-wordpress\/ -->\n<title>Bracelet Pierre de lune Jade Aventurine - Au fil des pierres<\/title>\n<meta name=\"description\" content=\"&quot;Bracelet en Pierre de Lune, Jade et Aventurine \u2013 une cr\u00e9ation harmonieuse pour apaiser les \u00e9motions, attirer la chance et favoriser l\u2019\u00e9quilibre int\u00e9rieur.&quot;\" \/>\n<meta name=\"robots\" content=\"index, follow, max-snippet:-1, max-image-preview:large, max-video-preview:-1\" \/>\n<link rel=\"canonical\" href=\"https:\/\/aufildespierres.com\/index.php\/product\/bracelet-pierre-de-lune-jade-aventurine\/\" \/>\n<meta property=\"og:locale\" content=\"fr_FR\" \/>\n<meta property=\"og:type\" content=\"article\" \/>\n<meta property=\"og:title\" content=\"Bracelet Pierre de lune Jade Aventurine - Au fil des pierres\" \/>\n<meta property=\"og:description\" content=\"&quot;Bracelet en Pierre de Lune, Jade et Aventurine \u2013 une cr\u00e9ation harmonieuse pour apaiser les \u00e9motions, attirer la chance et favoriser l\u2019\u00e9quilibre int\u00e9rieur.&quot;\" \/>\n<meta property=\"og:url\" content=\"https:\/\/aufildespierres.com\/index.php\/product\/bracelet-pierre-de-lune-jade-aventurine\/\" \/>\n<meta property=\"og:site_name\" content=\"Au fil des pierres\" \/>\n<meta property=\"article:modified_time\" content=\"2026-03-30T12:51:38+00:00\" \/>\n<meta property=\"og:image\" content=\"https:\/\/aufildespierres.com\/wp-content\/uploads\/2025\/04\/20250422_152230-scaled.jpg\" \/>\n\t<meta property=\"og:image:width\" content=\"1920\" \/>\n\t<meta property=\"og:image:height\" content=\"2560\" \/>\n\t<meta property=\"og:image:type\" content=\"image\/jpeg\" \/>\n<meta name=\"twitter:card\" content=\"summary_large_image\" \/>\n<meta name=\"twitter:label1\" content=\"Dur\u00e9e de lecture estim\u00e9e\" \/>\n\t<meta name=\"twitter:data1\" content=\"2 minutes\" \/>\n<script type=\"application\/ld+json\" class=\"yoast-schema-graph\">{\"@context\":\"https:\\\/\\\/schema.org\",\"@graph\":[{\"@type\":\"WebPage\",\"@id\":\"https:\\\/\\\/aufildespierres.com\\\/index.php\\\/product\\\/bracelet-pierre-de-lune-jade-aventurine\\\/\",\"url\":\"https:\\\/\\\/aufildespierres.com\\\/index.php\\\/product\\\/bracelet-pierre-de-lune-jade-aventurine\\\/\",\"name\":\"Bracelet Pierre de lune Jade Aventurine - Au fil des pierres\",\"isPartOf\":{\"@id\":\"https:\\\/\\\/aufildespierres.com\\\/#website\"},\"primaryImageOfPage\":{\"@id\":\"https:\\\/\\\/aufildespierres.com\\\/index.php\\\/product\\\/bracelet-pierre-de-lune-jade-aventurine\\\/#primaryimage\"},\"image\":{\"@id\":\"https:\\\/\\\/aufildespierres.com\\\/index.php\\\/product\\\/bracelet-pierre-de-lune-jade-aventurine\\\/#primaryimage\"},\"thumbnailUrl\":\"https:\\\/\\\/aufildespierres.com\\\/wp-content\\\/uploads\\\/2025\\\/04\\\/20250422_152230-scaled.jpg\",\"datePublished\":\"2025-04-29T13:08:14+00:00\",\"dateModified\":\"2026-03-30T12:51:38+00:00\",\"description\":\"\\\"Bracelet en Pierre de Lune, Jade et Aventurine \u2013 une cr\u00e9ation harmonieuse pour apaiser les \u00e9motions, attirer la chance et favoriser l\u2019\u00e9quilibre int\u00e9rieur.\\\"\",\"breadcrumb\":{\"@id\":\"https:\\\/\\\/aufildespierres.com\\\/index.php\\\/product\\\/bracelet-pierre-de-lune-jade-aventurine\\\/#breadcrumb\"},\"inLanguage\":\"fr-FR\",\"potentialAction\":[{\"@type\":\"ReadAction\",\"target\":[\"https:\\\/\\\/aufildespierres.com\\\/index.php\\\/product\\\/bracelet-pierre-de-lune-jade-aventurine\\\/\"]}]},{\"@type\":\"ImageObject\",\"inLanguage\":\"fr-FR\",\"@id\":\"https:\\\/\\\/aufildespierres.com\\\/index.php\\\/product\\\/bracelet-pierre-de-lune-jade-aventurine\\\/#primaryimage\",\"url\":\"https:\\\/\\\/aufildespierres.com\\\/wp-content\\\/uploads\\\/2025\\\/04\\\/20250422_152230-scaled.jpg\",\"contentUrl\":\"https:\\\/\\\/aufildespierres.com\\\/wp-content\\\/uploads\\\/2025\\\/04\\\/20250422_152230-scaled.jpg\",\"width\":1920,\"height\":2560},{\"@type\":\"BreadcrumbList\",\"@id\":\"https:\\\/\\\/aufildespierres.com\\\/index.php\\\/product\\\/bracelet-pierre-de-lune-jade-aventurine\\\/#breadcrumb\",\"itemListElement\":[{\"@type\":\"ListItem\",\"position\":1,\"name\":\"Accueil\",\"item\":\"https:\\\/\\\/aufildespierres.com\\\/\"},{\"@type\":\"ListItem\",\"position\":2,\"name\":\"Boutique de Lithoth\u00e9rapie\",\"item\":\"https:\\\/\\\/aufildespierres.com\\\/index.php\\\/boutique-de-lithotherapie\\\/\"},{\"@type\":\"ListItem\",\"position\":3,\"name\":\"Bracelet Pierre de lune Jade Aventurine\"}]},{\"@type\":\"WebSite\",\"@id\":\"https:\\\/\\\/aufildespierres.com\\\/#website\",\"url\":\"https:\\\/\\\/aufildespierres.com\\\/\",\"name\":\"Au fil des pierres\",\"description\":\"Au fil des pierres\",\"publisher\":{\"@id\":\"https:\\\/\\\/aufildespierres.com\\\/#organization\"},\"potentialAction\":[{\"@type\":\"SearchAction\",\"target\":{\"@type\":\"EntryPoint\",\"urlTemplate\":\"https:\\\/\\\/aufildespierres.com\\\/?s={search_term_string}\"},\"query-input\":{\"@type\":\"PropertyValueSpecification\",\"valueRequired\":true,\"valueName\":\"search_term_string\"}}],\"inLanguage\":\"fr-FR\"},{\"@type\":\"Organization\",\"@id\":\"https:\\\/\\\/aufildespierres.com\\\/#organization\",\"name\":\"Au fil des pierres\",\"url\":\"https:\\\/\\\/aufildespierres.com\\\/\",\"logo\":{\"@type\":\"ImageObject\",\"inLanguage\":\"fr-FR\",\"@id\":\"https:\\\/\\\/aufildespierres.com\\\/#\\\/schema\\\/logo\\\/image\\\/\",\"url\":\"https:\\\/\\\/aufildespierres.com\\\/wp-content\\\/uploads\\\/2023\\\/05\\\/cropped-Logo-PNG-Transparent.png\",\"contentUrl\":\"https:\\\/\\\/aufildespierres.com\\\/wp-content\\\/uploads\\\/2023\\\/05\\\/cropped-Logo-PNG-Transparent.png\",\"width\":1776,\"height\":1625,\"caption\":\"Au fil des pierres\"},\"image\":{\"@id\":\"https:\\\/\\\/aufildespierres.com\\\/#\\\/schema\\\/logo\\\/image\\\/\"}}]}<\/script>\n<!-- \/ Yoast SEO plugin. -->","yoast_head_json":{"title":"Bracelet Pierre de lune Jade Aventurine - Au fil des pierres","description":"\"Bracelet en Pierre de Lune, Jade et Aventurine \u2013 une cr\u00e9ation harmonieuse pour apaiser les \u00e9motions, attirer la chance et favoriser l\u2019\u00e9quilibre int\u00e9rieur.\"","robots":{"index":"index","follow":"follow","max-snippet":"max-snippet:-1","max-image-preview":"max-image-preview:large","max-video-preview":"max-video-preview:-1"},"canonical":"https:\/\/aufildespierres.com\/index.php\/product\/bracelet-pierre-de-lune-jade-aventurine\/","og_locale":"fr_FR","og_type":"article","og_title":"Bracelet Pierre de lune Jade Aventurine - Au fil des pierres","og_description":"\"Bracelet en Pierre de Lune, Jade et Aventurine \u2013 une cr\u00e9ation harmonieuse pour apaiser les \u00e9motions, attirer la chance et favoriser l\u2019\u00e9quilibre int\u00e9rieur.\"","og_url":"https:\/\/aufildespierres.com\/index.php\/product\/bracelet-pierre-de-lune-jade-aventurine\/","og_site_name":"Au fil des pierres","article_modified_time":"2026-03-30T12:51:38+00:00","og_image":[{"width":1920,"height":2560,"url":"https:\/\/aufildespierres.com\/wp-content\/uploads\/2025\/04\/20250422_152230-scaled.jpg","type":"image\/jpeg"}],"twitter_card":"summary_large_image","twitter_misc":{"Dur\u00e9e de lecture estim\u00e9e":"2 minutes"},"schema":{"@context":"https:\/\/schema.org","@graph":[{"@type":"WebPage","@id":"https:\/\/aufildespierres.com\/index.php\/product\/bracelet-pierre-de-lune-jade-aventurine\/","url":"https:\/\/aufildespierres.com\/index.php\/product\/bracelet-pierre-de-lune-jade-aventurine\/","name":"Bracelet Pierre de lune Jade Aventurine - Au fil des pierres","isPartOf":{"@id":"https:\/\/aufildespierres.com\/#website"},"primaryImageOfPage":{"@id":"https:\/\/aufildespierres.com\/index.php\/product\/bracelet-pierre-de-lune-jade-aventurine\/#primaryimage"},"image":{"@id":"https:\/\/aufildespierres.com\/index.php\/product\/bracelet-pierre-de-lune-jade-aventurine\/#primaryimage"},"thumbnailUrl":"https:\/\/aufildespierres.com\/wp-content\/uploads\/2025\/04\/20250422_152230-scaled.jpg","datePublished":"2025-04-29T13:08:14+00:00","dateModified":"2026-03-30T12:51:38+00:00","description":"\"Bracelet en Pierre de Lune, Jade et Aventurine \u2013 une cr\u00e9ation harmonieuse pour apaiser les \u00e9motions, attirer la chance et favoriser l\u2019\u00e9quilibre int\u00e9rieur.\"","breadcrumb":{"@id":"https:\/\/aufildespierres.com\/index.php\/product\/bracelet-pierre-de-lune-jade-aventurine\/#breadcrumb"},"inLanguage":"fr-FR","potentialAction":[{"@type":"ReadAction","target":["https:\/\/aufildespierres.com\/index.php\/product\/bracelet-pierre-de-lune-jade-aventurine\/"]}]},{"@type":"ImageObject","inLanguage":"fr-FR","@id":"https:\/\/aufildespierres.com\/index.php\/product\/bracelet-pierre-de-lune-jade-aventurine\/#primaryimage","url":"https:\/\/aufildespierres.com\/wp-content\/uploads\/2025\/04\/20250422_152230-scaled.jpg","contentUrl":"https:\/\/aufildespierres.com\/wp-content\/uploads\/2025\/04\/20250422_152230-scaled.jpg","width":1920,"height":2560},{"@type":"BreadcrumbList","@id":"https:\/\/aufildespierres.com\/index.php\/product\/bracelet-pierre-de-lune-jade-aventurine\/#breadcrumb","itemListElement":[{"@type":"ListItem","position":1,"name":"Accueil","item":"https:\/\/aufildespierres.com\/"},{"@type":"ListItem","position":2,"name":"Boutique de Lithoth\u00e9rapie","item":"https:\/\/aufildespierres.com\/index.php\/boutique-de-lithotherapie\/"},{"@type":"ListItem","position":3,"name":"Bracelet Pierre de lune Jade Aventurine"}]},{"@type":"WebSite","@id":"https:\/\/aufildespierres.com\/#website","url":"https:\/\/aufildespierres.com\/","name":"Au fil des pierres","description":"Au fil des pierres","publisher":{"@id":"https:\/\/aufildespierres.com\/#organization"},"potentialAction":[{"@type":"SearchAction","target":{"@type":"EntryPoint","urlTemplate":"https:\/\/aufildespierres.com\/?s={search_term_string}"},"query-input":{"@type":"PropertyValueSpecification","valueRequired":true,"valueName":"search_term_string"}}],"inLanguage":"fr-FR"},{"@type":"Organization","@id":"https:\/\/aufildespierres.com\/#organization","name":"Au fil des pierres","url":"https:\/\/aufildespierres.com\/","logo":{"@type":"ImageObject","inLanguage":"fr-FR","@id":"https:\/\/aufildespierres.com\/#\/schema\/logo\/image\/","url":"https:\/\/aufildespierres.com\/wp-content\/uploads\/2023\/05\/cropped-Logo-PNG-Transparent.png","contentUrl":"https:\/\/aufildespierres.com\/wp-content\/uploads\/2023\/05\/cropped-Logo-PNG-Transparent.png","width":1776,"height":1625,"caption":"Au fil des pierres"},"image":{"@id":"https:\/\/aufildespierres.com\/#\/schema\/logo\/image\/"}}]}},"_links":{"self":[{"href":"https:\/\/aufildespierres.com\/index.php\/wp-json\/wp\/v2\/product\/3932","targetHints":{"allow":["GET"]}}],"collection":[{"href":"https:\/\/aufildespierres.com\/index.php\/wp-json\/wp\/v2\/product"}],"about":[{"href":"https:\/\/aufildespierres.com\/index.php\/wp-json\/wp\/v2\/types\/product"}],"replies":[{"embeddable":true,"href":"https:\/\/aufildespierres.com\/index.php\/wp-json\/wp\/v2\/comments?post=3932"}],"wp:featuredmedia":[{"embeddable":true,"href":"https:\/\/aufildespierres.com\/index.php\/wp-json\/wp\/v2\/media\/3933"}],"wp:attachment":[{"href":"https:\/\/aufildespierres.com\/index.php\/wp-json\/wp\/v2\/media?parent=3932"}],"wp:term":[{"taxonomy":"product_brand","embeddable":true,"href":"https:\/\/aufildespierres.com\/index.php\/wp-json\/wp\/v2\/product_brand?post=3932"},{"taxonomy":"product_cat","embeddable":true,"href":"https:\/\/aufildespierres.com\/index.php\/wp-json\/wp\/v2\/product_cat?post=3932"},{"taxonomy":"product_tag","embeddable":true,"href":"https:\/\/aufildespierres.com\/index.php\/wp-json\/wp\/v2\/product_tag?post=3932"}],"curies":[{"name":"wp","href":"https:\/\/api.w.org\/{rel}","templated":true}]}}