{"id":3936,"date":"2025-05-15T22:10:47","date_gmt":"2025-05-15T20:10:47","guid":{"rendered":"https:\/\/aufildespierres.com\/?post_type=product&#038;p=3936"},"modified":"2026-04-09T18:50:58","modified_gmt":"2026-04-09T16:50:58","slug":"bracelet-quartz-rose-et-fraise","status":"publish","type":"product","link":"https:\/\/aufildespierres.com\/index.php\/product\/bracelet-quartz-rose-et-fraise\/","title":{"rendered":"Bracelet Quartz rose et fraise"},"content":{"rendered":"<h1 data-start=\"343\" data-end=\"389\">Bracelet en Quartz Rose et Fraise<\/h1>\n<p>8mm mont\u00e9 sur fil \u00e9lastiqu\u00e9 tr\u00e8s r\u00e9sistant<\/p>\n<p data-start=\"469\" data-end=\"796\">Ce <strong data-start=\"472\" data-end=\"509\">bracelet en quartz rose et fraise<\/strong> est une cr\u00e9ation \u00e9l\u00e9gante qui allie d\u00e9licatesse et \u00e9nergie bienveillante. R\u00e9alis\u00e9 avec des perles naturelles de 8 mm, il est mont\u00e9 sur un fil \u00e9lastique solide, confortable et durable. Son cache-n\u0153ud boule en acier inoxydable apporte une finition raffin\u00e9e qui met en valeur l\u2019ensemble.<\/p>\n<p data-start=\"798\" data-end=\"1241\">Le quartz rose est connu comme la pierre de l\u2019amour inconditionnel. Il apaise les blessures \u00e9motionnelles, aide \u00e0 ouvrir le c\u0153ur et encourage la tendresse. De plus, il favorise l\u2019acceptation de soi, le pardon et la paix int\u00e9rieure. Associ\u00e9 au quartz fraise, il cr\u00e9e un duo puissant qui harmonise les \u00e9motions et stimule la joie de vivre. Ce bracelet devient alors un soutien id\u00e9al pour toutes les personnes en recherche d\u2019\u00e9quilibre affectif.<\/p>\n<p data-start=\"1243\" data-end=\"1626\">Le quartz fraise, plus rare et lumineux, apporte une vibration douce et p\u00e9tillante. Il invite \u00e0 d\u00e9velopper la gratitude, \u00e0 renforcer l\u2019amour de soi et \u00e0 adopter une vision plus positive de la vie. Ensemble, ces deux pierres diffusent une \u00e9nergie affective r\u00e9confortante. Ainsi, elles rassurent et encouragent une attitude plus bienveillante envers soi-m\u00eame comme envers les autres.<\/p>\n<p data-start=\"1628\" data-end=\"1987\">Cependant, ce <strong data-start=\"1642\" data-end=\"1679\">bracelet en quartz rose et fraise<\/strong> n\u2019est pas seulement un bijou esth\u00e9tique. Il agit aussi comme un alli\u00e9 dans les pratiques de m\u00e9ditation, de d\u00e9veloppement personnel ou simplement lors des moments o\u00f9 l\u2019on souhaite retrouver calme et s\u00e9r\u00e9nit\u00e9. Gr\u00e2ce \u00e0 ses vibrations harmonieuses, il cr\u00e9e une bulle protectrice comparable \u00e0 un cocon d\u2019amour.<\/p>\n<p data-start=\"1989\" data-end=\"2242\">En le portant au quotidien, vous renforcez l\u2019\u00e9coute de vos \u00e9motions et ouvrez la voie \u00e0 un accueil plus profond de l\u2019amour sous toutes ses formes. Ce bracelet devient alors \u00e0 la fois protecteur et apaisant, v\u00e9ritable source de douceur et de r\u00e9confort.<\/p>\n","protected":false},"excerpt":{"rendered":"<p>Bracelet en Quartz Rose et Fraise 8mm mont\u00e9 sur fil \u00e9lastiqu\u00e9 tr\u00e8s r\u00e9sistant Ce bracelet en quartz rose et fraise est une cr\u00e9ation \u00e9l\u00e9gante qui allie d\u00e9licatesse et \u00e9nergie bienveillante. R\u00e9alis\u00e9 avec des perles naturelles de 8 mm, il est mont\u00e9 sur un fil \u00e9lastique solide, confortable et durable. Son cache-n\u0153ud boule en acier inoxydable [&hellip;]<\/p>\n","protected":false},"featured_media":3937,"comment_status":"open","ping_status":"closed","template":"","meta":{"site-sidebar-layout":"default","site-content-layout":"","ast-site-content-layout":"default","site-content-style":"default","site-sidebar-style":"default","ast-global-header-display":"","ast-banner-title-visibility":"","ast-main-header-display":"","ast-hfb-above-header-display":"","ast-hfb-below-header-display":"","ast-hfb-mobile-header-display":"","site-post-title":"","ast-breadcrumbs-content":"","ast-featured-img":"","footer-sml-layout":"","ast-disable-related-posts":"","theme-transparent-header-meta":"default","adv-header-id-meta":"","stick-header-meta":"","header-above-stick-meta":"","header-main-stick-meta":"","header-below-stick-meta":"","astra-migrate-meta-layouts":"set","ast-page-background-enabled":"default","ast-page-background-meta":{"desktop":{"background-color":"var(--ast-global-color-4)","background-image":"","background-repeat":"repeat","background-position":"center center","background-size":"auto","background-attachment":"scroll","background-type":"","background-media":"","overlay-type":"","overlay-color":"","overlay-opacity":"","overlay-gradient":""},"tablet":{"background-color":"","background-image":"","background-repeat":"repeat","background-position":"center center","background-size":"auto","background-attachment":"scroll","background-type":"","background-media":"","overlay-type":"","overlay-color":"","overlay-opacity":"","overlay-gradient":""},"mobile":{"background-color":"","background-image":"","background-repeat":"repeat","background-position":"center center","background-size":"auto","background-attachment":"scroll","background-type":"","background-media":"","overlay-type":"","overlay-color":"","overlay-opacity":"","overlay-gradient":""}},"ast-content-background-meta":{"desktop":{"background-color":"var(--ast-global-color-5)","background-image":"","background-repeat":"repeat","background-position":"center center","background-size":"auto","background-attachment":"scroll","background-type":"","background-media":"","overlay-type":"","overlay-color":"","overlay-opacity":"","overlay-gradient":""},"tablet":{"background-color":"var(--ast-global-color-5)","background-image":"","background-repeat":"repeat","background-position":"center center","background-size":"auto","background-attachment":"scroll","background-type":"","background-media":"","overlay-type":"","overlay-color":"","overlay-opacity":"","overlay-gradient":""},"mobile":{"background-color":"var(--ast-global-color-5)","background-image":"","background-repeat":"repeat","background-position":"center center","background-size":"auto","background-attachment":"scroll","background-type":"","background-media":"","overlay-type":"","overlay-color":"","overlay-opacity":"","overlay-gradient":""}},"_glsr_average":0,"_glsr_ranking":0,"_glsr_reviews":0},"product_brand":[],"product_cat":[54,290,272,204,75,65],"product_tag":[],"class_list":{"0":"post-3936","1":"product","2":"type-product","3":"status-publish","4":"has-post-thumbnail","6":"product_cat-8-mm","7":"product_cat-bracelets-de-lithotherapie-femmes","8":"product_cat-equilibre-emotionnel","9":"product_cat-quartz-fraise","10":"product_cat-quartz-rose","11":"product_cat-rose","12":"desktop-align-left","13":"tablet-align-left","14":"mobile-align-left","16":"first","17":"instock","18":"purchasable","19":"product-type-variable"},"yoast_head":"<!-- This site is optimized with the Yoast SEO plugin v27.5 - https:\/\/yoast.com\/product\/yoast-seo-wordpress\/ -->\n<title>Bracelet Quartz rose et fraise - Au fil des pierres<\/title>\n<meta name=\"description\" content=\"Bracelet en quartz rose et fraise naturel. Amour, tendresse et \u00e9nergie douce. Qualit\u00e9 artisanale et pierres s\u00e9lectionn\u00e9es.\" \/>\n<meta name=\"robots\" content=\"index, follow, max-snippet:-1, max-image-preview:large, max-video-preview:-1\" \/>\n<link rel=\"canonical\" href=\"https:\/\/aufildespierres.com\/index.php\/product\/bracelet-quartz-rose-et-fraise\/\" \/>\n<meta property=\"og:locale\" content=\"fr_FR\" \/>\n<meta property=\"og:type\" content=\"article\" \/>\n<meta property=\"og:title\" content=\"Bracelet Quartz rose et fraise - Au fil des pierres\" \/>\n<meta property=\"og:description\" content=\"Bracelet en quartz rose et fraise naturel. Amour, tendresse et \u00e9nergie douce. Qualit\u00e9 artisanale et pierres s\u00e9lectionn\u00e9es.\" \/>\n<meta property=\"og:url\" content=\"https:\/\/aufildespierres.com\/index.php\/product\/bracelet-quartz-rose-et-fraise\/\" \/>\n<meta property=\"og:site_name\" content=\"Au fil des pierres\" \/>\n<meta property=\"article:modified_time\" content=\"2026-04-09T16:50:58+00:00\" \/>\n<meta property=\"og:image\" content=\"https:\/\/aufildespierres.com\/wp-content\/uploads\/2025\/05\/20250513_091346-scaled.jpg\" \/>\n\t<meta property=\"og:image:width\" content=\"1920\" \/>\n\t<meta property=\"og:image:height\" content=\"2560\" \/>\n\t<meta property=\"og:image:type\" content=\"image\/jpeg\" \/>\n<meta name=\"twitter:card\" content=\"summary_large_image\" \/>\n<meta name=\"twitter:label1\" content=\"Dur\u00e9e de lecture estim\u00e9e\" \/>\n\t<meta name=\"twitter:data1\" content=\"2 minutes\" \/>\n<script type=\"application\/ld+json\" class=\"yoast-schema-graph\">{\"@context\":\"https:\\\/\\\/schema.org\",\"@graph\":[{\"@type\":\"WebPage\",\"@id\":\"https:\\\/\\\/aufildespierres.com\\\/index.php\\\/product\\\/bracelet-quartz-rose-et-fraise\\\/\",\"url\":\"https:\\\/\\\/aufildespierres.com\\\/index.php\\\/product\\\/bracelet-quartz-rose-et-fraise\\\/\",\"name\":\"Bracelet Quartz rose et fraise - Au fil des pierres\",\"isPartOf\":{\"@id\":\"https:\\\/\\\/aufildespierres.com\\\/#website\"},\"primaryImageOfPage\":{\"@id\":\"https:\\\/\\\/aufildespierres.com\\\/index.php\\\/product\\\/bracelet-quartz-rose-et-fraise\\\/#primaryimage\"},\"image\":{\"@id\":\"https:\\\/\\\/aufildespierres.com\\\/index.php\\\/product\\\/bracelet-quartz-rose-et-fraise\\\/#primaryimage\"},\"thumbnailUrl\":\"https:\\\/\\\/aufildespierres.com\\\/wp-content\\\/uploads\\\/2025\\\/05\\\/20250513_091346-scaled.jpg\",\"datePublished\":\"2025-05-15T20:10:47+00:00\",\"dateModified\":\"2026-04-09T16:50:58+00:00\",\"description\":\"Bracelet en quartz rose et fraise naturel. Amour, tendresse et \u00e9nergie douce. Qualit\u00e9 artisanale et pierres s\u00e9lectionn\u00e9es.\",\"breadcrumb\":{\"@id\":\"https:\\\/\\\/aufildespierres.com\\\/index.php\\\/product\\\/bracelet-quartz-rose-et-fraise\\\/#breadcrumb\"},\"inLanguage\":\"fr-FR\",\"potentialAction\":[{\"@type\":\"ReadAction\",\"target\":[\"https:\\\/\\\/aufildespierres.com\\\/index.php\\\/product\\\/bracelet-quartz-rose-et-fraise\\\/\"]}]},{\"@type\":\"ImageObject\",\"inLanguage\":\"fr-FR\",\"@id\":\"https:\\\/\\\/aufildespierres.com\\\/index.php\\\/product\\\/bracelet-quartz-rose-et-fraise\\\/#primaryimage\",\"url\":\"https:\\\/\\\/aufildespierres.com\\\/wp-content\\\/uploads\\\/2025\\\/05\\\/20250513_091346-scaled.jpg\",\"contentUrl\":\"https:\\\/\\\/aufildespierres.com\\\/wp-content\\\/uploads\\\/2025\\\/05\\\/20250513_091346-scaled.jpg\",\"width\":1920,\"height\":2560},{\"@type\":\"BreadcrumbList\",\"@id\":\"https:\\\/\\\/aufildespierres.com\\\/index.php\\\/product\\\/bracelet-quartz-rose-et-fraise\\\/#breadcrumb\",\"itemListElement\":[{\"@type\":\"ListItem\",\"position\":1,\"name\":\"Accueil\",\"item\":\"https:\\\/\\\/aufildespierres.com\\\/\"},{\"@type\":\"ListItem\",\"position\":2,\"name\":\"Boutique de Lithoth\u00e9rapie\",\"item\":\"https:\\\/\\\/aufildespierres.com\\\/index.php\\\/boutique-de-lithotherapie\\\/\"},{\"@type\":\"ListItem\",\"position\":3,\"name\":\"Bracelet Quartz rose et fraise\"}]},{\"@type\":\"WebSite\",\"@id\":\"https:\\\/\\\/aufildespierres.com\\\/#website\",\"url\":\"https:\\\/\\\/aufildespierres.com\\\/\",\"name\":\"Au fil des pierres\",\"description\":\"Au fil des pierres\",\"publisher\":{\"@id\":\"https:\\\/\\\/aufildespierres.com\\\/#organization\"},\"potentialAction\":[{\"@type\":\"SearchAction\",\"target\":{\"@type\":\"EntryPoint\",\"urlTemplate\":\"https:\\\/\\\/aufildespierres.com\\\/?s={search_term_string}\"},\"query-input\":{\"@type\":\"PropertyValueSpecification\",\"valueRequired\":true,\"valueName\":\"search_term_string\"}}],\"inLanguage\":\"fr-FR\"},{\"@type\":\"Organization\",\"@id\":\"https:\\\/\\\/aufildespierres.com\\\/#organization\",\"name\":\"Au fil des pierres\",\"url\":\"https:\\\/\\\/aufildespierres.com\\\/\",\"logo\":{\"@type\":\"ImageObject\",\"inLanguage\":\"fr-FR\",\"@id\":\"https:\\\/\\\/aufildespierres.com\\\/#\\\/schema\\\/logo\\\/image\\\/\",\"url\":\"https:\\\/\\\/aufildespierres.com\\\/wp-content\\\/uploads\\\/2023\\\/05\\\/cropped-Logo-PNG-Transparent.png\",\"contentUrl\":\"https:\\\/\\\/aufildespierres.com\\\/wp-content\\\/uploads\\\/2023\\\/05\\\/cropped-Logo-PNG-Transparent.png\",\"width\":1776,\"height\":1625,\"caption\":\"Au fil des pierres\"},\"image\":{\"@id\":\"https:\\\/\\\/aufildespierres.com\\\/#\\\/schema\\\/logo\\\/image\\\/\"}}]}<\/script>\n<!-- \/ Yoast SEO plugin. -->","yoast_head_json":{"title":"Bracelet Quartz rose et fraise - Au fil des pierres","description":"Bracelet en quartz rose et fraise naturel. Amour, tendresse et \u00e9nergie douce. Qualit\u00e9 artisanale et pierres s\u00e9lectionn\u00e9es.","robots":{"index":"index","follow":"follow","max-snippet":"max-snippet:-1","max-image-preview":"max-image-preview:large","max-video-preview":"max-video-preview:-1"},"canonical":"https:\/\/aufildespierres.com\/index.php\/product\/bracelet-quartz-rose-et-fraise\/","og_locale":"fr_FR","og_type":"article","og_title":"Bracelet Quartz rose et fraise - Au fil des pierres","og_description":"Bracelet en quartz rose et fraise naturel. Amour, tendresse et \u00e9nergie douce. Qualit\u00e9 artisanale et pierres s\u00e9lectionn\u00e9es.","og_url":"https:\/\/aufildespierres.com\/index.php\/product\/bracelet-quartz-rose-et-fraise\/","og_site_name":"Au fil des pierres","article_modified_time":"2026-04-09T16:50:58+00:00","og_image":[{"width":1920,"height":2560,"url":"https:\/\/aufildespierres.com\/wp-content\/uploads\/2025\/05\/20250513_091346-scaled.jpg","type":"image\/jpeg"}],"twitter_card":"summary_large_image","twitter_misc":{"Dur\u00e9e de lecture estim\u00e9e":"2 minutes"},"schema":{"@context":"https:\/\/schema.org","@graph":[{"@type":"WebPage","@id":"https:\/\/aufildespierres.com\/index.php\/product\/bracelet-quartz-rose-et-fraise\/","url":"https:\/\/aufildespierres.com\/index.php\/product\/bracelet-quartz-rose-et-fraise\/","name":"Bracelet Quartz rose et fraise - Au fil des pierres","isPartOf":{"@id":"https:\/\/aufildespierres.com\/#website"},"primaryImageOfPage":{"@id":"https:\/\/aufildespierres.com\/index.php\/product\/bracelet-quartz-rose-et-fraise\/#primaryimage"},"image":{"@id":"https:\/\/aufildespierres.com\/index.php\/product\/bracelet-quartz-rose-et-fraise\/#primaryimage"},"thumbnailUrl":"https:\/\/aufildespierres.com\/wp-content\/uploads\/2025\/05\/20250513_091346-scaled.jpg","datePublished":"2025-05-15T20:10:47+00:00","dateModified":"2026-04-09T16:50:58+00:00","description":"Bracelet en quartz rose et fraise naturel. Amour, tendresse et \u00e9nergie douce. Qualit\u00e9 artisanale et pierres s\u00e9lectionn\u00e9es.","breadcrumb":{"@id":"https:\/\/aufildespierres.com\/index.php\/product\/bracelet-quartz-rose-et-fraise\/#breadcrumb"},"inLanguage":"fr-FR","potentialAction":[{"@type":"ReadAction","target":["https:\/\/aufildespierres.com\/index.php\/product\/bracelet-quartz-rose-et-fraise\/"]}]},{"@type":"ImageObject","inLanguage":"fr-FR","@id":"https:\/\/aufildespierres.com\/index.php\/product\/bracelet-quartz-rose-et-fraise\/#primaryimage","url":"https:\/\/aufildespierres.com\/wp-content\/uploads\/2025\/05\/20250513_091346-scaled.jpg","contentUrl":"https:\/\/aufildespierres.com\/wp-content\/uploads\/2025\/05\/20250513_091346-scaled.jpg","width":1920,"height":2560},{"@type":"BreadcrumbList","@id":"https:\/\/aufildespierres.com\/index.php\/product\/bracelet-quartz-rose-et-fraise\/#breadcrumb","itemListElement":[{"@type":"ListItem","position":1,"name":"Accueil","item":"https:\/\/aufildespierres.com\/"},{"@type":"ListItem","position":2,"name":"Boutique de Lithoth\u00e9rapie","item":"https:\/\/aufildespierres.com\/index.php\/boutique-de-lithotherapie\/"},{"@type":"ListItem","position":3,"name":"Bracelet Quartz rose et fraise"}]},{"@type":"WebSite","@id":"https:\/\/aufildespierres.com\/#website","url":"https:\/\/aufildespierres.com\/","name":"Au fil des pierres","description":"Au fil des pierres","publisher":{"@id":"https:\/\/aufildespierres.com\/#organization"},"potentialAction":[{"@type":"SearchAction","target":{"@type":"EntryPoint","urlTemplate":"https:\/\/aufildespierres.com\/?s={search_term_string}"},"query-input":{"@type":"PropertyValueSpecification","valueRequired":true,"valueName":"search_term_string"}}],"inLanguage":"fr-FR"},{"@type":"Organization","@id":"https:\/\/aufildespierres.com\/#organization","name":"Au fil des pierres","url":"https:\/\/aufildespierres.com\/","logo":{"@type":"ImageObject","inLanguage":"fr-FR","@id":"https:\/\/aufildespierres.com\/#\/schema\/logo\/image\/","url":"https:\/\/aufildespierres.com\/wp-content\/uploads\/2023\/05\/cropped-Logo-PNG-Transparent.png","contentUrl":"https:\/\/aufildespierres.com\/wp-content\/uploads\/2023\/05\/cropped-Logo-PNG-Transparent.png","width":1776,"height":1625,"caption":"Au fil des pierres"},"image":{"@id":"https:\/\/aufildespierres.com\/#\/schema\/logo\/image\/"}}]}},"_links":{"self":[{"href":"https:\/\/aufildespierres.com\/index.php\/wp-json\/wp\/v2\/product\/3936","targetHints":{"allow":["GET"]}}],"collection":[{"href":"https:\/\/aufildespierres.com\/index.php\/wp-json\/wp\/v2\/product"}],"about":[{"href":"https:\/\/aufildespierres.com\/index.php\/wp-json\/wp\/v2\/types\/product"}],"replies":[{"embeddable":true,"href":"https:\/\/aufildespierres.com\/index.php\/wp-json\/wp\/v2\/comments?post=3936"}],"wp:featuredmedia":[{"embeddable":true,"href":"https:\/\/aufildespierres.com\/index.php\/wp-json\/wp\/v2\/media\/3937"}],"wp:attachment":[{"href":"https:\/\/aufildespierres.com\/index.php\/wp-json\/wp\/v2\/media?parent=3936"}],"wp:term":[{"taxonomy":"product_brand","embeddable":true,"href":"https:\/\/aufildespierres.com\/index.php\/wp-json\/wp\/v2\/product_brand?post=3936"},{"taxonomy":"product_cat","embeddable":true,"href":"https:\/\/aufildespierres.com\/index.php\/wp-json\/wp\/v2\/product_cat?post=3936"},{"taxonomy":"product_tag","embeddable":true,"href":"https:\/\/aufildespierres.com\/index.php\/wp-json\/wp\/v2\/product_tag?post=3936"}],"curies":[{"name":"wp","href":"https:\/\/api.w.org\/{rel}","templated":true}]}}