{"id":3946,"date":"2025-05-25T23:00:55","date_gmt":"2025-05-25T21:00:55","guid":{"rendered":"https:\/\/aufildespierres.com\/?post_type=product&#038;p=3946"},"modified":"2026-03-30T14:39:25","modified_gmt":"2026-03-30T12:39:25","slug":"bracelet-quartz-tourmaline","status":"publish","type":"product","link":"https:\/\/aufildespierres.com\/index.php\/product\/bracelet-quartz-tourmaline\/","title":{"rendered":"Bracelet Quartz tourmaline"},"content":{"rendered":"<h1 data-start=\"188\" data-end=\"246\">Bracelet Quartz Tourmaline<\/h1>\n<p data-start=\"188\" data-end=\"246\">\u00a0\u00c9quilibre et Protection<\/p>\n<p data-start=\"248\" data-end=\"571\">Le <strong data-start=\"251\" data-end=\"281\">bracelet quartz tourmaline<\/strong> est une pi\u00e8ce unique qui allie l\u2019\u00e9l\u00e9gance du noir et du blanc aux puissantes vertus du quartz et de la tourmaline noire. Confectionn\u00e9 en perles de 6 mm, il est mont\u00e9 sur fil \u00e9lastique tr\u00e8s r\u00e9sistant. Plus qu\u2019un simple bijou, il devient un v\u00e9ritable alli\u00e9 \u00e9nerg\u00e9tique au quotidien.<\/p>\n<p data-start=\"573\" data-end=\"957\">Le quartz avec inclusions de tourmaline est reconnu pour sa capacit\u00e9 \u00e0 harmoniser les \u00e9nergies. Pierre de sagesse et d\u2019\u00e9quilibre, il aide \u00e0 dissoudre les conflits internes et favorise une meilleure clart\u00e9 mentale. Gr\u00e2ce \u00e0 ses propri\u00e9t\u00e9s apaisantes, il agit directement sur le chakra racine et renforce l\u2019ancrage, ce qui permet de rester stable m\u00eame dans les p\u00e9riodes de turbulences.<\/p>\n<p data-start=\"959\" data-end=\"1312\">Ce <strong data-start=\"962\" data-end=\"992\">bracelet quartz tourmaline<\/strong> est \u00e9galement une pierre de protection efficace. Il agit comme un bouclier \u00e9nerg\u00e9tique contre les influences n\u00e9gatives et tout ce qui pourrait nous nuire. Il contribue \u00e0 diminuer les auto-sabotages et \u00e0 transformer les croyances limitantes, offrant ainsi un meilleur soutien \u00e9motionnel et une grande force int\u00e9rieure.<\/p>\n<p data-start=\"1314\" data-end=\"1781\">En lithoth\u00e9rapie, on lui attribue de nombreux bienfaits. Il aide \u00e0 r\u00e9guler les tensions, \u00e0 stimuler la confiance en soi et \u00e0 am\u00e9liorer la concentration. Il favorise la dissipation des blocages \u00e9nerg\u00e9tiques, augmente le taux vibratoire et apporte un regain d\u2019\u00e9nergie vitale. Son action apaisante est aussi b\u00e9n\u00e9fique pour calmer les personnes hyperactives ou anxieuses. De plus, il neutralise les ondes \u00e9lectromagn\u00e9tiques pr\u00e9sentes dans notre environnement quotidien.<\/p>\n<p data-start=\"1783\" data-end=\"2084\">Porter un <strong data-start=\"1793\" data-end=\"1823\">bracelet quartz tourmaline<\/strong> au quotidien, c\u2019est choisir un bijou \u00e0 la fois esth\u00e9tique et protecteur. Il vous accompagne dans vos \u00e9preuves, soutient votre syst\u00e8me nerveux et vous aide \u00e0 avancer avec plus de s\u00e9r\u00e9nit\u00e9. Un v\u00e9ritable alli\u00e9 pour trouver \u00e9quilibre, force et clart\u00e9 int\u00e9rieure.<\/p>\n","protected":false},"excerpt":{"rendered":"<p>Bracelet Quartz Tourmaline \u00a0\u00c9quilibre et Protection Le bracelet quartz tourmaline est une pi\u00e8ce unique qui allie l\u2019\u00e9l\u00e9gance du noir et du blanc aux puissantes vertus du quartz et de la tourmaline noire. Confectionn\u00e9 en perles de 6 mm, il est mont\u00e9 sur fil \u00e9lastique tr\u00e8s r\u00e9sistant. Plus qu\u2019un simple bijou, il devient un v\u00e9ritable alli\u00e9 [&hellip;]<\/p>\n","protected":false},"featured_media":4308,"comment_status":"open","ping_status":"closed","template":"","meta":{"site-sidebar-layout":"default","site-content-layout":"","ast-site-content-layout":"default","site-content-style":"default","site-sidebar-style":"default","ast-global-header-display":"","ast-banner-title-visibility":"","ast-main-header-display":"","ast-hfb-above-header-display":"","ast-hfb-below-header-display":"","ast-hfb-mobile-header-display":"","site-post-title":"","ast-breadcrumbs-content":"","ast-featured-img":"","footer-sml-layout":"","ast-disable-related-posts":"","theme-transparent-header-meta":"default","adv-header-id-meta":"","stick-header-meta":"","header-above-stick-meta":"","header-main-stick-meta":"","header-below-stick-meta":"","astra-migrate-meta-layouts":"set","ast-page-background-enabled":"default","ast-page-background-meta":{"desktop":{"background-color":"var(--ast-global-color-4)","background-image":"","background-repeat":"repeat","background-position":"center center","background-size":"auto","background-attachment":"scroll","background-type":"","background-media":"","overlay-type":"","overlay-color":"","overlay-opacity":"","overlay-gradient":""},"tablet":{"background-color":"","background-image":"","background-repeat":"repeat","background-position":"center center","background-size":"auto","background-attachment":"scroll","background-type":"","background-media":"","overlay-type":"","overlay-color":"","overlay-opacity":"","overlay-gradient":""},"mobile":{"background-color":"","background-image":"","background-repeat":"repeat","background-position":"center center","background-size":"auto","background-attachment":"scroll","background-type":"","background-media":"","overlay-type":"","overlay-color":"","overlay-opacity":"","overlay-gradient":""}},"ast-content-background-meta":{"desktop":{"background-color":"var(--ast-global-color-5)","background-image":"","background-repeat":"repeat","background-position":"center center","background-size":"auto","background-attachment":"scroll","background-type":"","background-media":"","overlay-type":"","overlay-color":"","overlay-opacity":"","overlay-gradient":""},"tablet":{"background-color":"var(--ast-global-color-5)","background-image":"","background-repeat":"repeat","background-position":"center center","background-size":"auto","background-attachment":"scroll","background-type":"","background-media":"","overlay-type":"","overlay-color":"","overlay-opacity":"","overlay-gradient":""},"mobile":{"background-color":"var(--ast-global-color-5)","background-image":"","background-repeat":"repeat","background-position":"center center","background-size":"auto","background-attachment":"scroll","background-type":"","background-media":"","overlay-type":"","overlay-color":"","overlay-opacity":"","overlay-gradient":""}},"_glsr_average":0,"_glsr_ranking":0,"_glsr_reviews":0},"product_brand":[],"product_cat":[53,67,290,66,208],"product_tag":[],"class_list":{"0":"post-3946","1":"product","2":"type-product","3":"status-publish","4":"has-post-thumbnail","6":"product_cat-6-mm","7":"product_cat-blanc","8":"product_cat-bracelets-de-lithotherapie-femmes","9":"product_cat-noir","10":"product_cat-quartz-tourmaline","11":"desktop-align-left","12":"tablet-align-left","13":"mobile-align-left","15":"first","16":"instock","17":"purchasable","18":"product-type-variable"},"yoast_head":"<!-- This site is optimized with the Yoast SEO plugin v27.5 - https:\/\/yoast.com\/product\/yoast-seo-wordpress\/ -->\n<title>Bracelet Quartz tourmaline - Au fil des pierres<\/title>\n<meta name=\"description\" content=\"Bracelet en Quartz tourmaline naturel. Protection, ancrage et clart\u00e9 mentale. Pierres authentiques s\u00e9lectionn\u00e9es pour leur haute qualit\u00e9.\" \/>\n<meta name=\"robots\" content=\"index, follow, max-snippet:-1, max-image-preview:large, max-video-preview:-1\" \/>\n<link rel=\"canonical\" href=\"https:\/\/aufildespierres.com\/index.php\/product\/bracelet-quartz-tourmaline\/\" \/>\n<meta property=\"og:locale\" content=\"fr_FR\" \/>\n<meta property=\"og:type\" content=\"article\" \/>\n<meta property=\"og:title\" content=\"Bracelet Quartz tourmaline - Au fil des pierres\" \/>\n<meta property=\"og:description\" content=\"Bracelet en Quartz tourmaline naturel. Protection, ancrage et clart\u00e9 mentale. Pierres authentiques s\u00e9lectionn\u00e9es pour leur haute qualit\u00e9.\" \/>\n<meta property=\"og:url\" content=\"https:\/\/aufildespierres.com\/index.php\/product\/bracelet-quartz-tourmaline\/\" \/>\n<meta property=\"og:site_name\" content=\"Au fil des pierres\" \/>\n<meta property=\"article:modified_time\" content=\"2026-03-30T12:39:25+00:00\" \/>\n<meta property=\"og:image\" content=\"https:\/\/aufildespierres.com\/wp-content\/uploads\/2025\/05\/20251007_141952.jpg\" \/>\n\t<meta property=\"og:image:width\" content=\"2296\" \/>\n\t<meta property=\"og:image:height\" content=\"2560\" \/>\n\t<meta property=\"og:image:type\" content=\"image\/jpeg\" \/>\n<meta name=\"twitter:card\" content=\"summary_large_image\" \/>\n<meta name=\"twitter:label1\" content=\"Dur\u00e9e de lecture estim\u00e9e\" \/>\n\t<meta name=\"twitter:data1\" content=\"2 minutes\" \/>\n<script type=\"application\/ld+json\" class=\"yoast-schema-graph\">{\"@context\":\"https:\\\/\\\/schema.org\",\"@graph\":[{\"@type\":\"WebPage\",\"@id\":\"https:\\\/\\\/aufildespierres.com\\\/index.php\\\/product\\\/bracelet-quartz-tourmaline\\\/\",\"url\":\"https:\\\/\\\/aufildespierres.com\\\/index.php\\\/product\\\/bracelet-quartz-tourmaline\\\/\",\"name\":\"Bracelet Quartz tourmaline - Au fil des pierres\",\"isPartOf\":{\"@id\":\"https:\\\/\\\/aufildespierres.com\\\/#website\"},\"primaryImageOfPage\":{\"@id\":\"https:\\\/\\\/aufildespierres.com\\\/index.php\\\/product\\\/bracelet-quartz-tourmaline\\\/#primaryimage\"},\"image\":{\"@id\":\"https:\\\/\\\/aufildespierres.com\\\/index.php\\\/product\\\/bracelet-quartz-tourmaline\\\/#primaryimage\"},\"thumbnailUrl\":\"https:\\\/\\\/aufildespierres.com\\\/wp-content\\\/uploads\\\/2025\\\/05\\\/20251007_141952.jpg\",\"datePublished\":\"2025-05-25T21:00:55+00:00\",\"dateModified\":\"2026-03-30T12:39:25+00:00\",\"description\":\"Bracelet en Quartz tourmaline naturel. Protection, ancrage et clart\u00e9 mentale. Pierres authentiques s\u00e9lectionn\u00e9es pour leur haute qualit\u00e9.\",\"breadcrumb\":{\"@id\":\"https:\\\/\\\/aufildespierres.com\\\/index.php\\\/product\\\/bracelet-quartz-tourmaline\\\/#breadcrumb\"},\"inLanguage\":\"fr-FR\",\"potentialAction\":[{\"@type\":\"ReadAction\",\"target\":[\"https:\\\/\\\/aufildespierres.com\\\/index.php\\\/product\\\/bracelet-quartz-tourmaline\\\/\"]}]},{\"@type\":\"ImageObject\",\"inLanguage\":\"fr-FR\",\"@id\":\"https:\\\/\\\/aufildespierres.com\\\/index.php\\\/product\\\/bracelet-quartz-tourmaline\\\/#primaryimage\",\"url\":\"https:\\\/\\\/aufildespierres.com\\\/wp-content\\\/uploads\\\/2025\\\/05\\\/20251007_141952.jpg\",\"contentUrl\":\"https:\\\/\\\/aufildespierres.com\\\/wp-content\\\/uploads\\\/2025\\\/05\\\/20251007_141952.jpg\",\"width\":2296,\"height\":2560},{\"@type\":\"BreadcrumbList\",\"@id\":\"https:\\\/\\\/aufildespierres.com\\\/index.php\\\/product\\\/bracelet-quartz-tourmaline\\\/#breadcrumb\",\"itemListElement\":[{\"@type\":\"ListItem\",\"position\":1,\"name\":\"Accueil\",\"item\":\"https:\\\/\\\/aufildespierres.com\\\/\"},{\"@type\":\"ListItem\",\"position\":2,\"name\":\"Boutique de Lithoth\u00e9rapie\",\"item\":\"https:\\\/\\\/aufildespierres.com\\\/index.php\\\/boutique-de-lithotherapie\\\/\"},{\"@type\":\"ListItem\",\"position\":3,\"name\":\"Bracelet Quartz tourmaline\"}]},{\"@type\":\"WebSite\",\"@id\":\"https:\\\/\\\/aufildespierres.com\\\/#website\",\"url\":\"https:\\\/\\\/aufildespierres.com\\\/\",\"name\":\"Au fil des pierres\",\"description\":\"Au fil des pierres\",\"publisher\":{\"@id\":\"https:\\\/\\\/aufildespierres.com\\\/#organization\"},\"potentialAction\":[{\"@type\":\"SearchAction\",\"target\":{\"@type\":\"EntryPoint\",\"urlTemplate\":\"https:\\\/\\\/aufildespierres.com\\\/?s={search_term_string}\"},\"query-input\":{\"@type\":\"PropertyValueSpecification\",\"valueRequired\":true,\"valueName\":\"search_term_string\"}}],\"inLanguage\":\"fr-FR\"},{\"@type\":\"Organization\",\"@id\":\"https:\\\/\\\/aufildespierres.com\\\/#organization\",\"name\":\"Au fil des pierres\",\"url\":\"https:\\\/\\\/aufildespierres.com\\\/\",\"logo\":{\"@type\":\"ImageObject\",\"inLanguage\":\"fr-FR\",\"@id\":\"https:\\\/\\\/aufildespierres.com\\\/#\\\/schema\\\/logo\\\/image\\\/\",\"url\":\"https:\\\/\\\/aufildespierres.com\\\/wp-content\\\/uploads\\\/2023\\\/05\\\/cropped-Logo-PNG-Transparent.png\",\"contentUrl\":\"https:\\\/\\\/aufildespierres.com\\\/wp-content\\\/uploads\\\/2023\\\/05\\\/cropped-Logo-PNG-Transparent.png\",\"width\":1776,\"height\":1625,\"caption\":\"Au fil des pierres\"},\"image\":{\"@id\":\"https:\\\/\\\/aufildespierres.com\\\/#\\\/schema\\\/logo\\\/image\\\/\"}}]}<\/script>\n<!-- \/ Yoast SEO plugin. -->","yoast_head_json":{"title":"Bracelet Quartz tourmaline - Au fil des pierres","description":"Bracelet en Quartz tourmaline naturel. Protection, ancrage et clart\u00e9 mentale. Pierres authentiques s\u00e9lectionn\u00e9es pour leur haute qualit\u00e9.","robots":{"index":"index","follow":"follow","max-snippet":"max-snippet:-1","max-image-preview":"max-image-preview:large","max-video-preview":"max-video-preview:-1"},"canonical":"https:\/\/aufildespierres.com\/index.php\/product\/bracelet-quartz-tourmaline\/","og_locale":"fr_FR","og_type":"article","og_title":"Bracelet Quartz tourmaline - Au fil des pierres","og_description":"Bracelet en Quartz tourmaline naturel. Protection, ancrage et clart\u00e9 mentale. Pierres authentiques s\u00e9lectionn\u00e9es pour leur haute qualit\u00e9.","og_url":"https:\/\/aufildespierres.com\/index.php\/product\/bracelet-quartz-tourmaline\/","og_site_name":"Au fil des pierres","article_modified_time":"2026-03-30T12:39:25+00:00","og_image":[{"width":2296,"height":2560,"url":"https:\/\/aufildespierres.com\/wp-content\/uploads\/2025\/05\/20251007_141952.jpg","type":"image\/jpeg"}],"twitter_card":"summary_large_image","twitter_misc":{"Dur\u00e9e de lecture estim\u00e9e":"2 minutes"},"schema":{"@context":"https:\/\/schema.org","@graph":[{"@type":"WebPage","@id":"https:\/\/aufildespierres.com\/index.php\/product\/bracelet-quartz-tourmaline\/","url":"https:\/\/aufildespierres.com\/index.php\/product\/bracelet-quartz-tourmaline\/","name":"Bracelet Quartz tourmaline - Au fil des pierres","isPartOf":{"@id":"https:\/\/aufildespierres.com\/#website"},"primaryImageOfPage":{"@id":"https:\/\/aufildespierres.com\/index.php\/product\/bracelet-quartz-tourmaline\/#primaryimage"},"image":{"@id":"https:\/\/aufildespierres.com\/index.php\/product\/bracelet-quartz-tourmaline\/#primaryimage"},"thumbnailUrl":"https:\/\/aufildespierres.com\/wp-content\/uploads\/2025\/05\/20251007_141952.jpg","datePublished":"2025-05-25T21:00:55+00:00","dateModified":"2026-03-30T12:39:25+00:00","description":"Bracelet en Quartz tourmaline naturel. Protection, ancrage et clart\u00e9 mentale. Pierres authentiques s\u00e9lectionn\u00e9es pour leur haute qualit\u00e9.","breadcrumb":{"@id":"https:\/\/aufildespierres.com\/index.php\/product\/bracelet-quartz-tourmaline\/#breadcrumb"},"inLanguage":"fr-FR","potentialAction":[{"@type":"ReadAction","target":["https:\/\/aufildespierres.com\/index.php\/product\/bracelet-quartz-tourmaline\/"]}]},{"@type":"ImageObject","inLanguage":"fr-FR","@id":"https:\/\/aufildespierres.com\/index.php\/product\/bracelet-quartz-tourmaline\/#primaryimage","url":"https:\/\/aufildespierres.com\/wp-content\/uploads\/2025\/05\/20251007_141952.jpg","contentUrl":"https:\/\/aufildespierres.com\/wp-content\/uploads\/2025\/05\/20251007_141952.jpg","width":2296,"height":2560},{"@type":"BreadcrumbList","@id":"https:\/\/aufildespierres.com\/index.php\/product\/bracelet-quartz-tourmaline\/#breadcrumb","itemListElement":[{"@type":"ListItem","position":1,"name":"Accueil","item":"https:\/\/aufildespierres.com\/"},{"@type":"ListItem","position":2,"name":"Boutique de Lithoth\u00e9rapie","item":"https:\/\/aufildespierres.com\/index.php\/boutique-de-lithotherapie\/"},{"@type":"ListItem","position":3,"name":"Bracelet Quartz tourmaline"}]},{"@type":"WebSite","@id":"https:\/\/aufildespierres.com\/#website","url":"https:\/\/aufildespierres.com\/","name":"Au fil des pierres","description":"Au fil des pierres","publisher":{"@id":"https:\/\/aufildespierres.com\/#organization"},"potentialAction":[{"@type":"SearchAction","target":{"@type":"EntryPoint","urlTemplate":"https:\/\/aufildespierres.com\/?s={search_term_string}"},"query-input":{"@type":"PropertyValueSpecification","valueRequired":true,"valueName":"search_term_string"}}],"inLanguage":"fr-FR"},{"@type":"Organization","@id":"https:\/\/aufildespierres.com\/#organization","name":"Au fil des pierres","url":"https:\/\/aufildespierres.com\/","logo":{"@type":"ImageObject","inLanguage":"fr-FR","@id":"https:\/\/aufildespierres.com\/#\/schema\/logo\/image\/","url":"https:\/\/aufildespierres.com\/wp-content\/uploads\/2023\/05\/cropped-Logo-PNG-Transparent.png","contentUrl":"https:\/\/aufildespierres.com\/wp-content\/uploads\/2023\/05\/cropped-Logo-PNG-Transparent.png","width":1776,"height":1625,"caption":"Au fil des pierres"},"image":{"@id":"https:\/\/aufildespierres.com\/#\/schema\/logo\/image\/"}}]}},"_links":{"self":[{"href":"https:\/\/aufildespierres.com\/index.php\/wp-json\/wp\/v2\/product\/3946","targetHints":{"allow":["GET"]}}],"collection":[{"href":"https:\/\/aufildespierres.com\/index.php\/wp-json\/wp\/v2\/product"}],"about":[{"href":"https:\/\/aufildespierres.com\/index.php\/wp-json\/wp\/v2\/types\/product"}],"replies":[{"embeddable":true,"href":"https:\/\/aufildespierres.com\/index.php\/wp-json\/wp\/v2\/comments?post=3946"}],"wp:featuredmedia":[{"embeddable":true,"href":"https:\/\/aufildespierres.com\/index.php\/wp-json\/wp\/v2\/media\/4308"}],"wp:attachment":[{"href":"https:\/\/aufildespierres.com\/index.php\/wp-json\/wp\/v2\/media?parent=3946"}],"wp:term":[{"taxonomy":"product_brand","embeddable":true,"href":"https:\/\/aufildespierres.com\/index.php\/wp-json\/wp\/v2\/product_brand?post=3946"},{"taxonomy":"product_cat","embeddable":true,"href":"https:\/\/aufildespierres.com\/index.php\/wp-json\/wp\/v2\/product_cat?post=3946"},{"taxonomy":"product_tag","embeddable":true,"href":"https:\/\/aufildespierres.com\/index.php\/wp-json\/wp\/v2\/product_tag?post=3946"}],"curies":[{"name":"wp","href":"https:\/\/api.w.org\/{rel}","templated":true}]}}