{"id":3948,"date":"2025-05-25T23:08:14","date_gmt":"2025-05-25T21:08:14","guid":{"rendered":"https:\/\/aufildespierres.com\/?post_type=product&#038;p=3948"},"modified":"2026-04-19T11:02:22","modified_gmt":"2026-04-19T09:02:22","slug":"bracelet-agate-dendritique","status":"publish","type":"product","link":"https:\/\/aufildespierres.com\/index.php\/product\/bracelet-agate-dendritique\/","title":{"rendered":"Bracelet  Agate dendritique"},"content":{"rendered":"<div class=\"flex basis-auto flex-col -mb-(--composer-overlap-px) [--composer-overlap-px:24px] grow overflow-hidden\">\n<div class=\"relative h-full\">\n<div class=\"flex h-full flex-col overflow-y-auto [scrollbar-gutter:stable_both-edges] @[84rem]\/thread:pt-(--header-height)\">\n<div class=\"@thread-xl\/thread:pt-header-height mt-1.5 flex flex-col text-sm pb-25\">\n<article class=\"text-token-text-primary w-full\" dir=\"auto\" data-testid=\"conversation-turn-147\" data-scroll-anchor=\"true\">\n<div class=\"text-base my-auto mx-auto py-5 [--thread-content-margin:--spacing(4)] @[37rem]:[--thread-content-margin:--spacing(6)] @[72rem]:[--thread-content-margin:--spacing(16)] px-(--thread-content-margin)\">\n<div class=\"[--thread-content-max-width:32rem] @[34rem]:[--thread-content-max-width:40rem] @[64rem]:[--thread-content-max-width:48rem] mx-auto flex max-w-(--thread-content-max-width) flex-1 text-base gap-4 md:gap-5 lg:gap-6 group\/turn-messages focus-visible:outline-hidden\" tabindex=\"-1\">\n<div class=\"group\/conversation-turn relative flex w-full min-w-0 flex-col agent-turn\">\n<div class=\"relative flex-col gap-1 md:gap-3\">\n<div class=\"flex max-w-full flex-col grow\">\n<div class=\"min-h-8 text-message relative flex w-full flex-col items-end gap-2 text-start break-words whitespace-normal [.text-message+&amp;]:mt-5\" dir=\"auto\" data-message-author-role=\"assistant\" data-message-id=\"e31fda7f-9511-4f5e-b3e6-b93251817816\" data-message-model-slug=\"gpt-4o\">\n<div class=\"flex w-full flex-col gap-1 empty:hidden first:pt-[3px]\">\n<div class=\"markdown prose dark:prose-invert w-full break-words light\">\n<p data-start=\"263\" data-end=\"389\"><strong data-start=\"263\" data-end=\"314\">Bracelet en Agate Dendritique \u2013 Perles de 10 mm<\/strong><br data-start=\"314\" data-end=\"317\" \/>Convient \u00e0 un poignet de 17 \u00e0 18 cm. Me contacter pour une autre mesure.<\/p>\n<p data-start=\"391\" data-end=\"650\"><strong data-start=\"391\" data-end=\"417\">Origine de la pierre :<\/strong><br data-start=\"417\" data-end=\"420\" \/>L\u2019agate dendritique se distingue par ses inclusions naturelles en forme de ramures ou de paysages. Ces dessins proviennent de d\u00e9p\u00f4ts de mangan\u00e8se ou de fer. On trouve cette pierre principalement en Inde, au Br\u00e9sil et \u00e0 Madagascar.<\/p>\n<p data-start=\"652\" data-end=\"929\"><strong data-start=\"652\" data-end=\"681\">Vertus en lithoth\u00e9rapie :<\/strong><br data-start=\"681\" data-end=\"684\" \/>L\u2019agate dendritique, aussi appel\u00e9e pierre de la pl\u00e9nitude, favorise une profonde connexion \u00e0 la nature et \u00e0 soi-m\u00eame. Elle apporte un ancrage solide et une stabilit\u00e9 \u00e9motionnelle. Ainsi, elle soutient efficacement les p\u00e9riodes de transformation.<\/p>\n<p data-start=\"931\" data-end=\"944\">Elle aide \u00e0 :<\/p>\n<ul data-start=\"945\" data-end=\"1489\">\n<li data-start=\"945\" data-end=\"1018\">\n<p data-start=\"947\" data-end=\"1018\">Encourager la croissance personnelle et renforcer la confiance en soi<\/p>\n<\/li>\n<li data-start=\"1019\" data-end=\"1083\">\n<p data-start=\"1021\" data-end=\"1083\">Apaiser les tensions et maintenir un \u00e9tat de calme int\u00e9rieur ce qui permet de d\u00e9velopper patience, pers\u00e9v\u00e9rance et concentration.<\/p>\n<\/li>\n<li data-start=\"1139\" data-end=\"1206\">\n<p data-start=\"1141\" data-end=\"1206\">Stimuler l\u2019amour de soi et le moral dans les moments difficiles<\/p>\n<\/li>\n<li data-start=\"1207\" data-end=\"1279\">\n<p data-start=\"1209\" data-end=\"1279\">Attirer l\u2019abondance, en particulier dans les projets li\u00e9s \u00e0 la terre<\/p>\n<\/li>\n<li data-start=\"1280\" data-end=\"1354\">\n<p data-start=\"1282\" data-end=\"1354\">Favoriser la croissance des cheveux et soulager les douleurs lombaires<\/p>\n<\/li>\n<li data-start=\"1355\" data-end=\"1435\">\n<p data-start=\"1357\" data-end=\"1435\">Soutenir le syst\u00e8me nerveux et circulatoire, ainsi que la colonne vert\u00e9brale<\/p>\n<\/li>\n<li data-start=\"1436\" data-end=\"1489\">\n<p data-start=\"1438\" data-end=\"1489\">Accompagner l\u2019accouchement et soutenir la lactation<\/p>\n<\/li>\n<\/ul>\n<p data-start=\"1491\" data-end=\"1714\">Gr\u00e2ce \u00e0 sa neutralit\u00e9 esth\u00e9tique, ce <strong data-start=\"1528\" data-end=\"1561\">bracelet en agate dendritique<\/strong> convient aussi bien aux femmes qu\u2019aux hommes. Vous pouvez le porter seul ou le combiner avec d\u2019autres pierres naturelles selon vos besoins \u00e9nerg\u00e9tiques.<\/p>\n<p data-start=\"1716\" data-end=\"1912\"><strong data-start=\"1716\" data-end=\"1742\">Conseils d\u2019entretien :<\/strong><br data-start=\"1742\" data-end=\"1745\" \/>Purifiez votre <strong data-start=\"1760\" data-end=\"1793\">bracelet en agate dendritique<\/strong> \u00e0 l\u2019eau claire ou par fumigation (sauge, palo santo). Rechargez-le \u00e0 la lumi\u00e8re de la lune ou sur une druse de quartz.<\/p>\n<p data-start=\"1914\" data-end=\"2027\" data-is-last-node=\"\" data-is-only-node=\"\">Ce bijou vous accompagnera avec s\u00e9r\u00e9nit\u00e9 dans vos d\u00e9marches d\u2019ancrage, de bien-\u00eatre et de croissance personnelle.<\/p>\n<\/div>\n<\/div>\n<\/div>\n<\/div>\n<div class=\"flex justify-start\">\n<div class=\"touch:-me-2 touch:-ms-3.5 -ms-2.5 -me-1 flex items-center p-1 select-none -mt-1 duration-[1.5s] focus-within:transition-none hover:transition-none pointer-events-none [mask-image:linear-gradient(to_right,black_33%,transparent_66%)] [mask-size:300%_100%] [mask-position:100%_0%] motion-safe:transition-[mask-position] group-hover\/turn-messages:pointer-events-auto group-hover\/turn-messages:[mask-position:0_0] group-focus-within\/turn-messages:pointer-events-auto group-focus-within\/turn-messages:[mask-position:0_0] has-data-[state=open]:pointer-events-auto has-data-[state=open]:[mask-position:0_0]\"><button class=\"text-token-text-secondary hover:bg-token-main-surface-secondary rounded-lg\" aria-label=\"Bonne r\u00e9ponse\" data-testid=\"good-response-turn-action-button\" data-state=\"closed\"><\/button><button class=\"text-token-text-secondary hover:bg-token-main-surface-secondary rounded-lg\" aria-label=\"Mauvaise r\u00e9ponse\" data-testid=\"bad-response-turn-action-button\" data-state=\"closed\"><\/button><button class=\"text-token-text-secondary hover:bg-token-main-surface-secondary rounded-lg\" aria-label=\"Lire \u00e0 haute voix\" data-testid=\"voice-play-turn-action-button\" data-state=\"closed\"><br \/>\n<\/button><\/div>\n<\/div>\n<\/div>\n<\/div>\n<\/div>\n<\/div>\n<\/article>\n<\/div>\n<\/div>\n<\/div>\n<\/div>\n<div id=\"thread-bottom-container\" class=\"isolate z-3 w-full basis-auto has-data-has-thread-error:pt-2 has-data-has-thread-error:[box-shadow:var(--sharp-edge-bottom-shadow)] md:border-transparent md:pt-0 dark:border-white\/20 md:dark:border-transparent flex flex-col\">\n<div id=\"thread-bottom\">\n<div class=\"text-base mx-auto [--thread-content-margin:--spacing(4)] @[37rem]:[--thread-content-margin:--spacing(6)] @[72rem]:[--thread-content-margin:--spacing(16)] px-(--thread-content-margin)\">\n<div class=\"[--thread-content-max-width:32rem] @[34rem]:[--thread-content-max-width:40rem] @[64rem]:[--thread-content-max-width:48rem] mx-auto flex max-w-(--thread-content-max-width) flex-1 text-base gap-4 md:gap-5 lg:gap-6\">\n<div class=\"max-xs:[--force-hide-label:none] relative z-1 flex h-full max-w-full flex-1 flex-col\" aria-haspopup=\"dialog\" aria-expanded=\"false\" aria-controls=\"radix-\u00abr3j\u00bb\" data-state=\"closed\">\n<form class=\"w-full [view-transition-name:var(--vt-composer)]\" data-type=\"unified-composer\">\n<div class=\"flex w-full cursor-text flex-col items-center justify-center rounded-[28px] bg-clip-padding contain-inline-size overflow-clip shadow-short bg-token-bg-primary dark:bg-[#303030]\">\n<div class=\"relative flex w-full items-end px-3 py-3\">\n<div class=\"relative flex w-full flex-auto flex-col\">\n<div class=\"relative ms-1.5 grid grid-cols-[auto_minmax(0,1fr)]\">\n<div class=\"relative flex-auto bg-transparent pt-0.5\">\n<div class=\"flex flex-col justify-start\">\n<div class=\"flex min-h-12 items-start\">\n<div class=\"max-w-full min-w-0 flex-1\">\n<div class=\"_prosemirror-parent_kfgfu_2 text-token-text-primary max-h-[25dvh] max-h-52 -mx-3 px-3 overflow-auto [scrollbar-width:thin] default-browser vertical-scroll-fade-mask min-h-12 pe-3\">\n<div id=\"prompt-textarea\" class=\"ProseMirror\" contenteditable=\"true\" translate=\"no\" data-virtualkeyboard=\"true\"><\/div>\n<\/div>\n<\/div>\n<\/div>\n<\/div>\n<\/div>\n<\/div>\n<\/div>\n<\/div>\n<\/div>\n<\/form>\n<\/div>\n<\/div>\n<\/div>\n<\/div>\n<\/div>\n","protected":false},"excerpt":{"rendered":"<p>Bracelet en Agate Dendritique \u2013 Perles de 10 mmConvient \u00e0 un poignet de 17 \u00e0 18 cm. Me contacter pour une autre mesure. Origine de la pierre :L\u2019agate dendritique se distingue par ses inclusions naturelles en forme de ramures ou de paysages. Ces dessins proviennent de d\u00e9p\u00f4ts de mangan\u00e8se ou de fer. On trouve cette [&hellip;]<\/p>\n","protected":false},"featured_media":3949,"comment_status":"open","ping_status":"closed","template":"","meta":{"site-sidebar-layout":"default","site-content-layout":"","ast-site-content-layout":"default","site-content-style":"default","site-sidebar-style":"default","ast-global-header-display":"","ast-banner-title-visibility":"","ast-main-header-display":"","ast-hfb-above-header-display":"","ast-hfb-below-header-display":"","ast-hfb-mobile-header-display":"","site-post-title":"","ast-breadcrumbs-content":"","ast-featured-img":"","footer-sml-layout":"","ast-disable-related-posts":"","theme-transparent-header-meta":"default","adv-header-id-meta":"","stick-header-meta":"","header-above-stick-meta":"","header-main-stick-meta":"","header-below-stick-meta":"","astra-migrate-meta-layouts":"set","ast-page-background-enabled":"default","ast-page-background-meta":{"desktop":{"background-color":"var(--ast-global-color-4)","background-image":"","background-repeat":"repeat","background-position":"center center","background-size":"auto","background-attachment":"scroll","background-type":"","background-media":"","overlay-type":"","overlay-color":"","overlay-opacity":"","overlay-gradient":""},"tablet":{"background-color":"","background-image":"","background-repeat":"repeat","background-position":"center center","background-size":"auto","background-attachment":"scroll","background-type":"","background-media":"","overlay-type":"","overlay-color":"","overlay-opacity":"","overlay-gradient":""},"mobile":{"background-color":"","background-image":"","background-repeat":"repeat","background-position":"center center","background-size":"auto","background-attachment":"scroll","background-type":"","background-media":"","overlay-type":"","overlay-color":"","overlay-opacity":"","overlay-gradient":""}},"ast-content-background-meta":{"desktop":{"background-color":"var(--ast-global-color-5)","background-image":"","background-repeat":"repeat","background-position":"center center","background-size":"auto","background-attachment":"scroll","background-type":"","background-media":"","overlay-type":"","overlay-color":"","overlay-opacity":"","overlay-gradient":""},"tablet":{"background-color":"var(--ast-global-color-5)","background-image":"","background-repeat":"repeat","background-position":"center center","background-size":"auto","background-attachment":"scroll","background-type":"","background-media":"","overlay-type":"","overlay-color":"","overlay-opacity":"","overlay-gradient":""},"mobile":{"background-color":"var(--ast-global-color-5)","background-image":"","background-repeat":"repeat","background-position":"center center","background-size":"auto","background-attachment":"scroll","background-type":"","background-media":"","overlay-type":"","overlay-color":"","overlay-opacity":"","overlay-gradient":""}},"_glsr_average":0,"_glsr_ranking":0,"_glsr_reviews":0},"product_brand":[],"product_cat":[55,159,136,290,272,99],"product_tag":[],"class_list":{"0":"post-3948","1":"product","2":"type-product","3":"status-publish","4":"has-post-thumbnail","6":"product_cat-10-mm","7":"product_cat-agate-dentritique","8":"product_cat-beige","9":"product_cat-bracelets-de-lithotherapie-femmes","10":"product_cat-equilibre-emotionnel","11":"product_cat-gris","12":"desktop-align-left","13":"tablet-align-left","14":"mobile-align-left","16":"first","17":"instock","18":"purchasable","19":"product-type-simple"},"yoast_head":"<!-- This site is optimized with the Yoast SEO plugin v27.5 - https:\/\/yoast.com\/product\/yoast-seo-wordpress\/ -->\n<title>Bracelet Agate dendritique - Au fil des pierres<\/title>\n<meta name=\"description\" content=\"Bracelet en agate dendritique naturelle. Stabilit\u00e9, croissance int\u00e9rieure et connexion \u00e0 la nature. Qualit\u00e9 artisanale et pierres authentiques.\" \/>\n<meta name=\"robots\" content=\"index, follow, max-snippet:-1, max-image-preview:large, max-video-preview:-1\" \/>\n<link rel=\"canonical\" href=\"https:\/\/aufildespierres.com\/index.php\/product\/bracelet-agate-dendritique\/\" \/>\n<meta property=\"og:locale\" content=\"fr_FR\" \/>\n<meta property=\"og:type\" content=\"article\" \/>\n<meta property=\"og:title\" content=\"Bracelet Agate dendritique - Au fil des pierres\" \/>\n<meta property=\"og:description\" content=\"Bracelet en agate dendritique naturelle. Stabilit\u00e9, croissance int\u00e9rieure et connexion \u00e0 la nature. Qualit\u00e9 artisanale et pierres authentiques.\" \/>\n<meta property=\"og:url\" content=\"https:\/\/aufildespierres.com\/index.php\/product\/bracelet-agate-dendritique\/\" \/>\n<meta property=\"og:site_name\" content=\"Au fil des pierres\" \/>\n<meta property=\"article:modified_time\" content=\"2026-04-19T09:02:22+00:00\" \/>\n<meta property=\"og:image\" content=\"https:\/\/aufildespierres.com\/wp-content\/uploads\/2025\/05\/20250518_130432-scaled.jpg\" \/>\n\t<meta property=\"og:image:width\" content=\"2466\" \/>\n\t<meta property=\"og:image:height\" content=\"2560\" \/>\n\t<meta property=\"og:image:type\" content=\"image\/jpeg\" \/>\n<meta name=\"twitter:card\" content=\"summary_large_image\" \/>\n<meta name=\"twitter:label1\" content=\"Dur\u00e9e de lecture estim\u00e9e\" \/>\n\t<meta name=\"twitter:data1\" content=\"2 minutes\" \/>\n<script type=\"application\/ld+json\" class=\"yoast-schema-graph\">{\"@context\":\"https:\\\/\\\/schema.org\",\"@graph\":[{\"@type\":\"WebPage\",\"@id\":\"https:\\\/\\\/aufildespierres.com\\\/index.php\\\/product\\\/bracelet-agate-dendritique\\\/\",\"url\":\"https:\\\/\\\/aufildespierres.com\\\/index.php\\\/product\\\/bracelet-agate-dendritique\\\/\",\"name\":\"Bracelet Agate dendritique - Au fil des pierres\",\"isPartOf\":{\"@id\":\"https:\\\/\\\/aufildespierres.com\\\/#website\"},\"primaryImageOfPage\":{\"@id\":\"https:\\\/\\\/aufildespierres.com\\\/index.php\\\/product\\\/bracelet-agate-dendritique\\\/#primaryimage\"},\"image\":{\"@id\":\"https:\\\/\\\/aufildespierres.com\\\/index.php\\\/product\\\/bracelet-agate-dendritique\\\/#primaryimage\"},\"thumbnailUrl\":\"https:\\\/\\\/aufildespierres.com\\\/wp-content\\\/uploads\\\/2025\\\/05\\\/20250518_130432-scaled.jpg\",\"datePublished\":\"2025-05-25T21:08:14+00:00\",\"dateModified\":\"2026-04-19T09:02:22+00:00\",\"description\":\"Bracelet en agate dendritique naturelle. Stabilit\u00e9, croissance int\u00e9rieure et connexion \u00e0 la nature. Qualit\u00e9 artisanale et pierres authentiques.\",\"breadcrumb\":{\"@id\":\"https:\\\/\\\/aufildespierres.com\\\/index.php\\\/product\\\/bracelet-agate-dendritique\\\/#breadcrumb\"},\"inLanguage\":\"fr-FR\",\"potentialAction\":[{\"@type\":\"ReadAction\",\"target\":[\"https:\\\/\\\/aufildespierres.com\\\/index.php\\\/product\\\/bracelet-agate-dendritique\\\/\"]}]},{\"@type\":\"ImageObject\",\"inLanguage\":\"fr-FR\",\"@id\":\"https:\\\/\\\/aufildespierres.com\\\/index.php\\\/product\\\/bracelet-agate-dendritique\\\/#primaryimage\",\"url\":\"https:\\\/\\\/aufildespierres.com\\\/wp-content\\\/uploads\\\/2025\\\/05\\\/20250518_130432-scaled.jpg\",\"contentUrl\":\"https:\\\/\\\/aufildespierres.com\\\/wp-content\\\/uploads\\\/2025\\\/05\\\/20250518_130432-scaled.jpg\",\"width\":2466,\"height\":2560},{\"@type\":\"BreadcrumbList\",\"@id\":\"https:\\\/\\\/aufildespierres.com\\\/index.php\\\/product\\\/bracelet-agate-dendritique\\\/#breadcrumb\",\"itemListElement\":[{\"@type\":\"ListItem\",\"position\":1,\"name\":\"Accueil\",\"item\":\"https:\\\/\\\/aufildespierres.com\\\/\"},{\"@type\":\"ListItem\",\"position\":2,\"name\":\"Boutique de Lithoth\u00e9rapie\",\"item\":\"https:\\\/\\\/aufildespierres.com\\\/index.php\\\/boutique-de-lithotherapie\\\/\"},{\"@type\":\"ListItem\",\"position\":3,\"name\":\"Bracelet Agate dendritique\"}]},{\"@type\":\"WebSite\",\"@id\":\"https:\\\/\\\/aufildespierres.com\\\/#website\",\"url\":\"https:\\\/\\\/aufildespierres.com\\\/\",\"name\":\"Au fil des pierres\",\"description\":\"Au fil des pierres\",\"publisher\":{\"@id\":\"https:\\\/\\\/aufildespierres.com\\\/#organization\"},\"potentialAction\":[{\"@type\":\"SearchAction\",\"target\":{\"@type\":\"EntryPoint\",\"urlTemplate\":\"https:\\\/\\\/aufildespierres.com\\\/?s={search_term_string}\"},\"query-input\":{\"@type\":\"PropertyValueSpecification\",\"valueRequired\":true,\"valueName\":\"search_term_string\"}}],\"inLanguage\":\"fr-FR\"},{\"@type\":\"Organization\",\"@id\":\"https:\\\/\\\/aufildespierres.com\\\/#organization\",\"name\":\"Au fil des pierres\",\"url\":\"https:\\\/\\\/aufildespierres.com\\\/\",\"logo\":{\"@type\":\"ImageObject\",\"inLanguage\":\"fr-FR\",\"@id\":\"https:\\\/\\\/aufildespierres.com\\\/#\\\/schema\\\/logo\\\/image\\\/\",\"url\":\"https:\\\/\\\/aufildespierres.com\\\/wp-content\\\/uploads\\\/2023\\\/05\\\/cropped-Logo-PNG-Transparent.png\",\"contentUrl\":\"https:\\\/\\\/aufildespierres.com\\\/wp-content\\\/uploads\\\/2023\\\/05\\\/cropped-Logo-PNG-Transparent.png\",\"width\":1776,\"height\":1625,\"caption\":\"Au fil des pierres\"},\"image\":{\"@id\":\"https:\\\/\\\/aufildespierres.com\\\/#\\\/schema\\\/logo\\\/image\\\/\"}}]}<\/script>\n<!-- \/ Yoast SEO plugin. -->","yoast_head_json":{"title":"Bracelet Agate dendritique - Au fil des pierres","description":"Bracelet en agate dendritique naturelle. Stabilit\u00e9, croissance int\u00e9rieure et connexion \u00e0 la nature. Qualit\u00e9 artisanale et pierres authentiques.","robots":{"index":"index","follow":"follow","max-snippet":"max-snippet:-1","max-image-preview":"max-image-preview:large","max-video-preview":"max-video-preview:-1"},"canonical":"https:\/\/aufildespierres.com\/index.php\/product\/bracelet-agate-dendritique\/","og_locale":"fr_FR","og_type":"article","og_title":"Bracelet Agate dendritique - Au fil des pierres","og_description":"Bracelet en agate dendritique naturelle. Stabilit\u00e9, croissance int\u00e9rieure et connexion \u00e0 la nature. Qualit\u00e9 artisanale et pierres authentiques.","og_url":"https:\/\/aufildespierres.com\/index.php\/product\/bracelet-agate-dendritique\/","og_site_name":"Au fil des pierres","article_modified_time":"2026-04-19T09:02:22+00:00","og_image":[{"width":2466,"height":2560,"url":"https:\/\/aufildespierres.com\/wp-content\/uploads\/2025\/05\/20250518_130432-scaled.jpg","type":"image\/jpeg"}],"twitter_card":"summary_large_image","twitter_misc":{"Dur\u00e9e de lecture estim\u00e9e":"2 minutes"},"schema":{"@context":"https:\/\/schema.org","@graph":[{"@type":"WebPage","@id":"https:\/\/aufildespierres.com\/index.php\/product\/bracelet-agate-dendritique\/","url":"https:\/\/aufildespierres.com\/index.php\/product\/bracelet-agate-dendritique\/","name":"Bracelet Agate dendritique - Au fil des pierres","isPartOf":{"@id":"https:\/\/aufildespierres.com\/#website"},"primaryImageOfPage":{"@id":"https:\/\/aufildespierres.com\/index.php\/product\/bracelet-agate-dendritique\/#primaryimage"},"image":{"@id":"https:\/\/aufildespierres.com\/index.php\/product\/bracelet-agate-dendritique\/#primaryimage"},"thumbnailUrl":"https:\/\/aufildespierres.com\/wp-content\/uploads\/2025\/05\/20250518_130432-scaled.jpg","datePublished":"2025-05-25T21:08:14+00:00","dateModified":"2026-04-19T09:02:22+00:00","description":"Bracelet en agate dendritique naturelle. Stabilit\u00e9, croissance int\u00e9rieure et connexion \u00e0 la nature. Qualit\u00e9 artisanale et pierres authentiques.","breadcrumb":{"@id":"https:\/\/aufildespierres.com\/index.php\/product\/bracelet-agate-dendritique\/#breadcrumb"},"inLanguage":"fr-FR","potentialAction":[{"@type":"ReadAction","target":["https:\/\/aufildespierres.com\/index.php\/product\/bracelet-agate-dendritique\/"]}]},{"@type":"ImageObject","inLanguage":"fr-FR","@id":"https:\/\/aufildespierres.com\/index.php\/product\/bracelet-agate-dendritique\/#primaryimage","url":"https:\/\/aufildespierres.com\/wp-content\/uploads\/2025\/05\/20250518_130432-scaled.jpg","contentUrl":"https:\/\/aufildespierres.com\/wp-content\/uploads\/2025\/05\/20250518_130432-scaled.jpg","width":2466,"height":2560},{"@type":"BreadcrumbList","@id":"https:\/\/aufildespierres.com\/index.php\/product\/bracelet-agate-dendritique\/#breadcrumb","itemListElement":[{"@type":"ListItem","position":1,"name":"Accueil","item":"https:\/\/aufildespierres.com\/"},{"@type":"ListItem","position":2,"name":"Boutique de Lithoth\u00e9rapie","item":"https:\/\/aufildespierres.com\/index.php\/boutique-de-lithotherapie\/"},{"@type":"ListItem","position":3,"name":"Bracelet Agate dendritique"}]},{"@type":"WebSite","@id":"https:\/\/aufildespierres.com\/#website","url":"https:\/\/aufildespierres.com\/","name":"Au fil des pierres","description":"Au fil des pierres","publisher":{"@id":"https:\/\/aufildespierres.com\/#organization"},"potentialAction":[{"@type":"SearchAction","target":{"@type":"EntryPoint","urlTemplate":"https:\/\/aufildespierres.com\/?s={search_term_string}"},"query-input":{"@type":"PropertyValueSpecification","valueRequired":true,"valueName":"search_term_string"}}],"inLanguage":"fr-FR"},{"@type":"Organization","@id":"https:\/\/aufildespierres.com\/#organization","name":"Au fil des pierres","url":"https:\/\/aufildespierres.com\/","logo":{"@type":"ImageObject","inLanguage":"fr-FR","@id":"https:\/\/aufildespierres.com\/#\/schema\/logo\/image\/","url":"https:\/\/aufildespierres.com\/wp-content\/uploads\/2023\/05\/cropped-Logo-PNG-Transparent.png","contentUrl":"https:\/\/aufildespierres.com\/wp-content\/uploads\/2023\/05\/cropped-Logo-PNG-Transparent.png","width":1776,"height":1625,"caption":"Au fil des pierres"},"image":{"@id":"https:\/\/aufildespierres.com\/#\/schema\/logo\/image\/"}}]}},"_links":{"self":[{"href":"https:\/\/aufildespierres.com\/index.php\/wp-json\/wp\/v2\/product\/3948","targetHints":{"allow":["GET"]}}],"collection":[{"href":"https:\/\/aufildespierres.com\/index.php\/wp-json\/wp\/v2\/product"}],"about":[{"href":"https:\/\/aufildespierres.com\/index.php\/wp-json\/wp\/v2\/types\/product"}],"replies":[{"embeddable":true,"href":"https:\/\/aufildespierres.com\/index.php\/wp-json\/wp\/v2\/comments?post=3948"}],"wp:featuredmedia":[{"embeddable":true,"href":"https:\/\/aufildespierres.com\/index.php\/wp-json\/wp\/v2\/media\/3949"}],"wp:attachment":[{"href":"https:\/\/aufildespierres.com\/index.php\/wp-json\/wp\/v2\/media?parent=3948"}],"wp:term":[{"taxonomy":"product_brand","embeddable":true,"href":"https:\/\/aufildespierres.com\/index.php\/wp-json\/wp\/v2\/product_brand?post=3948"},{"taxonomy":"product_cat","embeddable":true,"href":"https:\/\/aufildespierres.com\/index.php\/wp-json\/wp\/v2\/product_cat?post=3948"},{"taxonomy":"product_tag","embeddable":true,"href":"https:\/\/aufildespierres.com\/index.php\/wp-json\/wp\/v2\/product_tag?post=3948"}],"curies":[{"name":"wp","href":"https:\/\/api.w.org\/{rel}","templated":true}]}}