{"id":4029,"date":"2025-07-10T22:25:34","date_gmt":"2025-07-10T20:25:34","guid":{"rendered":"https:\/\/aufildespierres.com\/?post_type=product&#038;p=4029"},"modified":"2025-07-10T22:38:06","modified_gmt":"2025-07-10T20:38:06","slug":"forme-libre-opale-verte","status":"publish","type":"product","link":"https:\/\/aufildespierres.com\/index.php\/product\/forme-libre-opale-verte\/","title":{"rendered":"forme libre Opale verte"},"content":{"rendered":"<p data-start=\"0\" data-end=\"82\"><strong data-start=\"0\" data-end=\"82\">Pierre forme libre en opale verte \u2013 Renouveau, apaisement et ouverture du c\u0153ur<\/strong><\/p>\n<p data-start=\"0\" data-end=\"82\">8,5 x 6cm environ poids 221 g<\/p>\n<p data-start=\"84\" data-end=\"393\">Cette pierre en opale verte, taill\u00e9e en forme libre, s\u00e9duit par sa douceur naturelle et ses nuances vert tendre. Chaque pi\u00e8ce, unique par ses reflets et ses formes organiques, invite au calme et \u00e0 l\u2019harmonie. Vous pouvez l\u2019utiliser comme pierre de soin, de m\u00e9ditation ou d\u2019ancrage dans votre espace personnel.<\/p>\n<p data-start=\"395\" data-end=\"649\">L\u2019opale verte est une pierre li\u00e9e au chakra du c\u0153ur. Elle favorise la r\u00e9g\u00e9n\u00e9ration \u00e9motionnelle et ouvre \u00e0 un amour sinc\u00e8re, envers soi et les autres. Ainsi, elle accompagne les p\u00e9riodes de gu\u00e9rison int\u00e9rieure et aide \u00e0 d\u00e9passer les blessures affectives.<\/p>\n<p data-start=\"651\" data-end=\"929\">Gr\u00e2ce \u00e0 son \u00e9nergie fluide, l\u2019opale verte apaise les tensions et lib\u00e8re les \u00e9motions refoul\u00e9es. Elle facilite le pardon, le l\u00e2cher-prise et encourage une attitude plus douce face \u00e0 la vie. Elle convient parfaitement aux personnes sensibles ou traversant une phase de transition.<\/p>\n<p data-start=\"931\" data-end=\"1238\">En lithoth\u00e9rapie, cette pierre soutient \u00e9galement la vitalit\u00e9. Elle stimule la capacit\u00e9 \u00e0 se renouveler et favorise l\u2019enthousiasme. Elle aide \u00e0 dissiper les pens\u00e9es n\u00e9gatives et redonne de l\u2019\u00e9lan au quotidien. De plus, sa vibration rafra\u00eechissante agit sur le corps \u00e9nerg\u00e9tique pour harmoniser les \u00e9motions.<\/p>\n<p data-start=\"1240\" data-end=\"1433\">Placez cette pierre en opale verte dans un lieu de repos, sur votre bureau ou dans un espace sacr\u00e9. Utilisez-la en m\u00e9ditation pour ouvrir votre c\u0153ur ou lors de moments de recentrage \u00e9motionnel.<\/p>\n<p data-start=\"1435\" data-end=\"1713\" data-is-last-node=\"\" data-is-only-node=\"\">En r\u00e9sum\u00e9, cette forme libre en opale verte vous accompagne avec douceur vers un renouveau int\u00e9rieur. Elle soutient l\u2019\u00e9quilibre affectif, la paix et la clart\u00e9 \u00e9motionnelle. Gr\u00e2ce \u00e0 son \u00e9nergie apaisante, elle invite \u00e0 vivre avec plus de bienveillance, de calme et de conscience.<\/p>\n","protected":false},"excerpt":{"rendered":"<p>Pierre forme libre en opale verte \u2013 Renouveau, apaisement et ouverture du c\u0153ur 8,5 x 6cm environ poids 221 g Cette pierre en opale verte, taill\u00e9e en forme libre, s\u00e9duit par sa douceur naturelle et ses nuances vert tendre. Chaque pi\u00e8ce, unique par ses reflets et ses formes organiques, invite au calme et \u00e0 l\u2019harmonie. [&hellip;]<\/p>\n","protected":false},"featured_media":4030,"comment_status":"open","ping_status":"closed","template":"","meta":{"site-sidebar-layout":"default","site-content-layout":"","ast-site-content-layout":"default","site-content-style":"default","site-sidebar-style":"default","ast-global-header-display":"","ast-banner-title-visibility":"","ast-main-header-display":"","ast-hfb-above-header-display":"","ast-hfb-below-header-display":"","ast-hfb-mobile-header-display":"","site-post-title":"","ast-breadcrumbs-content":"","ast-featured-img":"","footer-sml-layout":"","ast-disable-related-posts":"","theme-transparent-header-meta":"default","adv-header-id-meta":"","stick-header-meta":"","header-above-stick-meta":"","header-main-stick-meta":"","header-below-stick-meta":"","astra-migrate-meta-layouts":"set","ast-page-background-enabled":"default","ast-page-background-meta":{"desktop":{"background-color":"var(--ast-global-color-4)","background-image":"","background-repeat":"repeat","background-position":"center center","background-size":"auto","background-attachment":"scroll","background-type":"","background-media":"","overlay-type":"","overlay-color":"","overlay-opacity":"","overlay-gradient":""},"tablet":{"background-color":"","background-image":"","background-repeat":"repeat","background-position":"center center","background-size":"auto","background-attachment":"scroll","background-type":"","background-media":"","overlay-type":"","overlay-color":"","overlay-opacity":"","overlay-gradient":""},"mobile":{"background-color":"","background-image":"","background-repeat":"repeat","background-position":"center center","background-size":"auto","background-attachment":"scroll","background-type":"","background-media":"","overlay-type":"","overlay-color":"","overlay-opacity":"","overlay-gradient":""}},"ast-content-background-meta":{"desktop":{"background-color":"var(--ast-global-color-5)","background-image":"","background-repeat":"repeat","background-position":"center center","background-size":"auto","background-attachment":"scroll","background-type":"","background-media":"","overlay-type":"","overlay-color":"","overlay-opacity":"","overlay-gradient":""},"tablet":{"background-color":"var(--ast-global-color-5)","background-image":"","background-repeat":"repeat","background-position":"center center","background-size":"auto","background-attachment":"scroll","background-type":"","background-media":"","overlay-type":"","overlay-color":"","overlay-opacity":"","overlay-gradient":""},"mobile":{"background-color":"var(--ast-global-color-5)","background-image":"","background-repeat":"repeat","background-position":"center center","background-size":"auto","background-attachment":"scroll","background-type":"","background-media":"","overlay-type":"","overlay-color":"","overlay-opacity":"","overlay-gradient":""}},"_glsr_average":0,"_glsr_ranking":0,"_glsr_reviews":0},"product_brand":[],"product_cat":[179,209,32,78],"product_tag":[],"class_list":{"0":"post-4029","1":"product","2":"type-product","3":"status-publish","4":"has-post-thumbnail","6":"product_cat-formes-libres","7":"product_cat-opale-verte","8":"product_cat-pierres-polies","9":"product_cat-vert","10":"desktop-align-left","11":"tablet-align-left","12":"mobile-align-left","14":"first","15":"instock","16":"purchasable","17":"product-type-simple"},"yoast_head":"<!-- This site is optimized with the Yoast SEO plugin v27.5 - https:\/\/yoast.com\/product\/yoast-seo-wordpress\/ -->\n<title>forme libre Opale verte - Au fil des pierres<\/title>\n<meta name=\"description\" content=\"Opale verte polie naturelle. Pierre de gu\u00e9rison, douceur \u00e9motionnelle et renouveau. Qualit\u00e9 sup\u00e9rieure, id\u00e9ale pour apaiser et r\u00e9g\u00e9n\u00e9rer.Demander \u00e0 ChatGPT\" \/>\n<meta name=\"robots\" content=\"index, follow, max-snippet:-1, max-image-preview:large, max-video-preview:-1\" \/>\n<link rel=\"canonical\" href=\"https:\/\/aufildespierres.com\/index.php\/product\/forme-libre-opale-verte\/\" \/>\n<meta property=\"og:locale\" content=\"fr_FR\" \/>\n<meta property=\"og:type\" content=\"article\" \/>\n<meta property=\"og:title\" content=\"forme libre Opale verte - Au fil des pierres\" \/>\n<meta property=\"og:description\" content=\"Opale verte polie naturelle. Pierre de gu\u00e9rison, douceur \u00e9motionnelle et renouveau. Qualit\u00e9 sup\u00e9rieure, id\u00e9ale pour apaiser et r\u00e9g\u00e9n\u00e9rer.Demander \u00e0 ChatGPT\" \/>\n<meta property=\"og:url\" content=\"https:\/\/aufildespierres.com\/index.php\/product\/forme-libre-opale-verte\/\" \/>\n<meta property=\"og:site_name\" content=\"Au fil des pierres\" \/>\n<meta property=\"article:modified_time\" content=\"2025-07-10T20:38:06+00:00\" \/>\n<meta property=\"og:image\" content=\"https:\/\/aufildespierres.com\/wp-content\/uploads\/2025\/07\/20250709_172209-scaled.jpg\" \/>\n\t<meta property=\"og:image:width\" content=\"2170\" \/>\n\t<meta property=\"og:image:height\" content=\"2560\" \/>\n\t<meta property=\"og:image:type\" content=\"image\/jpeg\" \/>\n<meta name=\"twitter:card\" content=\"summary_large_image\" \/>\n<meta name=\"twitter:label1\" content=\"Dur\u00e9e de lecture estim\u00e9e\" \/>\n\t<meta name=\"twitter:data1\" content=\"2 minutes\" \/>\n<script type=\"application\/ld+json\" class=\"yoast-schema-graph\">{\"@context\":\"https:\\\/\\\/schema.org\",\"@graph\":[{\"@type\":\"WebPage\",\"@id\":\"https:\\\/\\\/aufildespierres.com\\\/index.php\\\/product\\\/forme-libre-opale-verte\\\/\",\"url\":\"https:\\\/\\\/aufildespierres.com\\\/index.php\\\/product\\\/forme-libre-opale-verte\\\/\",\"name\":\"forme libre Opale verte - Au fil des pierres\",\"isPartOf\":{\"@id\":\"https:\\\/\\\/aufildespierres.com\\\/#website\"},\"primaryImageOfPage\":{\"@id\":\"https:\\\/\\\/aufildespierres.com\\\/index.php\\\/product\\\/forme-libre-opale-verte\\\/#primaryimage\"},\"image\":{\"@id\":\"https:\\\/\\\/aufildespierres.com\\\/index.php\\\/product\\\/forme-libre-opale-verte\\\/#primaryimage\"},\"thumbnailUrl\":\"https:\\\/\\\/aufildespierres.com\\\/wp-content\\\/uploads\\\/2025\\\/07\\\/20250709_172209-scaled.jpg\",\"datePublished\":\"2025-07-10T20:25:34+00:00\",\"dateModified\":\"2025-07-10T20:38:06+00:00\",\"description\":\"Opale verte polie naturelle. Pierre de gu\u00e9rison, douceur \u00e9motionnelle et renouveau. Qualit\u00e9 sup\u00e9rieure, id\u00e9ale pour apaiser et r\u00e9g\u00e9n\u00e9rer.Demander \u00e0 ChatGPT\",\"breadcrumb\":{\"@id\":\"https:\\\/\\\/aufildespierres.com\\\/index.php\\\/product\\\/forme-libre-opale-verte\\\/#breadcrumb\"},\"inLanguage\":\"fr-FR\",\"potentialAction\":[{\"@type\":\"ReadAction\",\"target\":[\"https:\\\/\\\/aufildespierres.com\\\/index.php\\\/product\\\/forme-libre-opale-verte\\\/\"]}]},{\"@type\":\"ImageObject\",\"inLanguage\":\"fr-FR\",\"@id\":\"https:\\\/\\\/aufildespierres.com\\\/index.php\\\/product\\\/forme-libre-opale-verte\\\/#primaryimage\",\"url\":\"https:\\\/\\\/aufildespierres.com\\\/wp-content\\\/uploads\\\/2025\\\/07\\\/20250709_172209-scaled.jpg\",\"contentUrl\":\"https:\\\/\\\/aufildespierres.com\\\/wp-content\\\/uploads\\\/2025\\\/07\\\/20250709_172209-scaled.jpg\",\"width\":2170,\"height\":2560},{\"@type\":\"BreadcrumbList\",\"@id\":\"https:\\\/\\\/aufildespierres.com\\\/index.php\\\/product\\\/forme-libre-opale-verte\\\/#breadcrumb\",\"itemListElement\":[{\"@type\":\"ListItem\",\"position\":1,\"name\":\"Accueil\",\"item\":\"https:\\\/\\\/aufildespierres.com\\\/\"},{\"@type\":\"ListItem\",\"position\":2,\"name\":\"Boutique de Lithoth\u00e9rapie\",\"item\":\"https:\\\/\\\/aufildespierres.com\\\/index.php\\\/boutique-de-lithotherapie\\\/\"},{\"@type\":\"ListItem\",\"position\":3,\"name\":\"forme libre Opale verte\"}]},{\"@type\":\"WebSite\",\"@id\":\"https:\\\/\\\/aufildespierres.com\\\/#website\",\"url\":\"https:\\\/\\\/aufildespierres.com\\\/\",\"name\":\"Au fil des pierres\",\"description\":\"Au fil des pierres\",\"publisher\":{\"@id\":\"https:\\\/\\\/aufildespierres.com\\\/#organization\"},\"potentialAction\":[{\"@type\":\"SearchAction\",\"target\":{\"@type\":\"EntryPoint\",\"urlTemplate\":\"https:\\\/\\\/aufildespierres.com\\\/?s={search_term_string}\"},\"query-input\":{\"@type\":\"PropertyValueSpecification\",\"valueRequired\":true,\"valueName\":\"search_term_string\"}}],\"inLanguage\":\"fr-FR\"},{\"@type\":\"Organization\",\"@id\":\"https:\\\/\\\/aufildespierres.com\\\/#organization\",\"name\":\"Au fil des pierres\",\"url\":\"https:\\\/\\\/aufildespierres.com\\\/\",\"logo\":{\"@type\":\"ImageObject\",\"inLanguage\":\"fr-FR\",\"@id\":\"https:\\\/\\\/aufildespierres.com\\\/#\\\/schema\\\/logo\\\/image\\\/\",\"url\":\"https:\\\/\\\/aufildespierres.com\\\/wp-content\\\/uploads\\\/2023\\\/05\\\/cropped-Logo-PNG-Transparent.png\",\"contentUrl\":\"https:\\\/\\\/aufildespierres.com\\\/wp-content\\\/uploads\\\/2023\\\/05\\\/cropped-Logo-PNG-Transparent.png\",\"width\":1776,\"height\":1625,\"caption\":\"Au fil des pierres\"},\"image\":{\"@id\":\"https:\\\/\\\/aufildespierres.com\\\/#\\\/schema\\\/logo\\\/image\\\/\"}}]}<\/script>\n<!-- \/ Yoast SEO plugin. -->","yoast_head_json":{"title":"forme libre Opale verte - Au fil des pierres","description":"Opale verte polie naturelle. Pierre de gu\u00e9rison, douceur \u00e9motionnelle et renouveau. Qualit\u00e9 sup\u00e9rieure, id\u00e9ale pour apaiser et r\u00e9g\u00e9n\u00e9rer.Demander \u00e0 ChatGPT","robots":{"index":"index","follow":"follow","max-snippet":"max-snippet:-1","max-image-preview":"max-image-preview:large","max-video-preview":"max-video-preview:-1"},"canonical":"https:\/\/aufildespierres.com\/index.php\/product\/forme-libre-opale-verte\/","og_locale":"fr_FR","og_type":"article","og_title":"forme libre Opale verte - Au fil des pierres","og_description":"Opale verte polie naturelle. Pierre de gu\u00e9rison, douceur \u00e9motionnelle et renouveau. Qualit\u00e9 sup\u00e9rieure, id\u00e9ale pour apaiser et r\u00e9g\u00e9n\u00e9rer.Demander \u00e0 ChatGPT","og_url":"https:\/\/aufildespierres.com\/index.php\/product\/forme-libre-opale-verte\/","og_site_name":"Au fil des pierres","article_modified_time":"2025-07-10T20:38:06+00:00","og_image":[{"width":2170,"height":2560,"url":"https:\/\/aufildespierres.com\/wp-content\/uploads\/2025\/07\/20250709_172209-scaled.jpg","type":"image\/jpeg"}],"twitter_card":"summary_large_image","twitter_misc":{"Dur\u00e9e de lecture estim\u00e9e":"2 minutes"},"schema":{"@context":"https:\/\/schema.org","@graph":[{"@type":"WebPage","@id":"https:\/\/aufildespierres.com\/index.php\/product\/forme-libre-opale-verte\/","url":"https:\/\/aufildespierres.com\/index.php\/product\/forme-libre-opale-verte\/","name":"forme libre Opale verte - Au fil des pierres","isPartOf":{"@id":"https:\/\/aufildespierres.com\/#website"},"primaryImageOfPage":{"@id":"https:\/\/aufildespierres.com\/index.php\/product\/forme-libre-opale-verte\/#primaryimage"},"image":{"@id":"https:\/\/aufildespierres.com\/index.php\/product\/forme-libre-opale-verte\/#primaryimage"},"thumbnailUrl":"https:\/\/aufildespierres.com\/wp-content\/uploads\/2025\/07\/20250709_172209-scaled.jpg","datePublished":"2025-07-10T20:25:34+00:00","dateModified":"2025-07-10T20:38:06+00:00","description":"Opale verte polie naturelle. Pierre de gu\u00e9rison, douceur \u00e9motionnelle et renouveau. Qualit\u00e9 sup\u00e9rieure, id\u00e9ale pour apaiser et r\u00e9g\u00e9n\u00e9rer.Demander \u00e0 ChatGPT","breadcrumb":{"@id":"https:\/\/aufildespierres.com\/index.php\/product\/forme-libre-opale-verte\/#breadcrumb"},"inLanguage":"fr-FR","potentialAction":[{"@type":"ReadAction","target":["https:\/\/aufildespierres.com\/index.php\/product\/forme-libre-opale-verte\/"]}]},{"@type":"ImageObject","inLanguage":"fr-FR","@id":"https:\/\/aufildespierres.com\/index.php\/product\/forme-libre-opale-verte\/#primaryimage","url":"https:\/\/aufildespierres.com\/wp-content\/uploads\/2025\/07\/20250709_172209-scaled.jpg","contentUrl":"https:\/\/aufildespierres.com\/wp-content\/uploads\/2025\/07\/20250709_172209-scaled.jpg","width":2170,"height":2560},{"@type":"BreadcrumbList","@id":"https:\/\/aufildespierres.com\/index.php\/product\/forme-libre-opale-verte\/#breadcrumb","itemListElement":[{"@type":"ListItem","position":1,"name":"Accueil","item":"https:\/\/aufildespierres.com\/"},{"@type":"ListItem","position":2,"name":"Boutique de Lithoth\u00e9rapie","item":"https:\/\/aufildespierres.com\/index.php\/boutique-de-lithotherapie\/"},{"@type":"ListItem","position":3,"name":"forme libre Opale verte"}]},{"@type":"WebSite","@id":"https:\/\/aufildespierres.com\/#website","url":"https:\/\/aufildespierres.com\/","name":"Au fil des pierres","description":"Au fil des pierres","publisher":{"@id":"https:\/\/aufildespierres.com\/#organization"},"potentialAction":[{"@type":"SearchAction","target":{"@type":"EntryPoint","urlTemplate":"https:\/\/aufildespierres.com\/?s={search_term_string}"},"query-input":{"@type":"PropertyValueSpecification","valueRequired":true,"valueName":"search_term_string"}}],"inLanguage":"fr-FR"},{"@type":"Organization","@id":"https:\/\/aufildespierres.com\/#organization","name":"Au fil des pierres","url":"https:\/\/aufildespierres.com\/","logo":{"@type":"ImageObject","inLanguage":"fr-FR","@id":"https:\/\/aufildespierres.com\/#\/schema\/logo\/image\/","url":"https:\/\/aufildespierres.com\/wp-content\/uploads\/2023\/05\/cropped-Logo-PNG-Transparent.png","contentUrl":"https:\/\/aufildespierres.com\/wp-content\/uploads\/2023\/05\/cropped-Logo-PNG-Transparent.png","width":1776,"height":1625,"caption":"Au fil des pierres"},"image":{"@id":"https:\/\/aufildespierres.com\/#\/schema\/logo\/image\/"}}]}},"_links":{"self":[{"href":"https:\/\/aufildespierres.com\/index.php\/wp-json\/wp\/v2\/product\/4029","targetHints":{"allow":["GET"]}}],"collection":[{"href":"https:\/\/aufildespierres.com\/index.php\/wp-json\/wp\/v2\/product"}],"about":[{"href":"https:\/\/aufildespierres.com\/index.php\/wp-json\/wp\/v2\/types\/product"}],"replies":[{"embeddable":true,"href":"https:\/\/aufildespierres.com\/index.php\/wp-json\/wp\/v2\/comments?post=4029"}],"wp:featuredmedia":[{"embeddable":true,"href":"https:\/\/aufildespierres.com\/index.php\/wp-json\/wp\/v2\/media\/4030"}],"wp:attachment":[{"href":"https:\/\/aufildespierres.com\/index.php\/wp-json\/wp\/v2\/media?parent=4029"}],"wp:term":[{"taxonomy":"product_brand","embeddable":true,"href":"https:\/\/aufildespierres.com\/index.php\/wp-json\/wp\/v2\/product_brand?post=4029"},{"taxonomy":"product_cat","embeddable":true,"href":"https:\/\/aufildespierres.com\/index.php\/wp-json\/wp\/v2\/product_cat?post=4029"},{"taxonomy":"product_tag","embeddable":true,"href":"https:\/\/aufildespierres.com\/index.php\/wp-json\/wp\/v2\/product_tag?post=4029"}],"curies":[{"name":"wp","href":"https:\/\/api.w.org\/{rel}","templated":true}]}}