{"id":404,"date":"2023-08-30T11:49:34","date_gmt":"2023-08-30T09:49:34","guid":{"rendered":"https:\/\/aufildespierres.com\/?post_type=product&#038;p=404"},"modified":"2025-09-14T18:10:38","modified_gmt":"2025-09-14T16:10:38","slug":"bracelet-duo-agate-mousse-et-arbre","status":"publish","type":"product","link":"https:\/\/aufildespierres.com\/index.php\/product\/bracelet-duo-agate-mousse-et-arbre\/","title":{"rendered":"Bracelet  Agate mousse et arbre"},"content":{"rendered":"<p>Apaisement douceur ancrage et confiance en soi<\/p>\n<p>Compos\u00e9 de 12\u00a0 pierres en Agate mousse et 8 pierres\u00a0 en agate arbre en 8mm<\/p>\n<p>coupelles en acier<\/p>\n<p>Breloque arbre en acier inoxydable. Convient pour un poignet de 17 \u00e0 18 cm<\/p>\n<p><strong>Agate Arbre :<\/strong><\/p>\n<p>Pierre calmante apaisante de douceur int\u00e9rieure<\/p>\n<p>Relie \u00e0 l&rsquo;\u00e9nergie vitale de la Terre<\/p>\n<p>Favorise confiance en soi, pers\u00e9v\u00e9rance, r\u00e9sistance<\/p>\n<p>Diminue angoisses et anxi\u00e9t\u00e9 et apaise en cas de choc \u00e9motionnel<\/p>\n<p>Apporte un ancrage \u00e9motionnel qui rassure, aide \u00e0 affronter les \u00e9v\u00e8nements difficiles et apporte des id\u00e9es claires; aide \u00e0 se concentrer sur les taches \u00e0 r\u00e9aliser.<\/p>\n<p>Soutient les poumons, articulations, sommeil et m\u00e9moire.<\/p>\n<p>Att\u00e9nue les douleurs des blessures physiques.<\/p>\n<p><strong><u>Agate mousse<\/u><\/strong><\/p>\n<p>Ainsi appel\u00e9e car elle \u00e9voque une mousse qui se serait d\u00e9velopp\u00e9e \u00e0 l\u2019int\u00e9rieur de la pierre<\/p>\n<ul>\n<li>Pierre reli\u00e9e \u00e0 la nature et au chakra du c\u0153ur conf\u00e9rant harmonie et \u00e9quilibre\u00a0; elle aide \u00e0 se connecter aux \u00e9nergies naturelles de l\u2019eau, terre, plantes<\/li>\n<li>Conf\u00e8re de la confiance en soi, \u00e9nergie positive et joie de vivre<\/li>\n<li>Diminue le stress et angoisses, peurs, d\u00e9pression<\/li>\n<li>Renforce les relations et l\u2019amour, aide \u00e0 aller de l\u2019avant, encourage les nouveaux d\u00e9parts<\/li>\n<li>Favorise la cr\u00e9ativit\u00e9 et imagination<\/li>\n<li>Soutient le syst\u00e8me pulmonaire favorise par la respiration un sommeil de meilleure qualit\u00e9<\/li>\n<li>R\u00e9gule le rythme cardiaque, foie, reins\u00a0; stabilise les hormones notamment de la m\u00e9nopause<\/li>\n<li>Apaise les peaux irrit\u00e9es, verrues, boutons<\/li>\n<li>Calme les personnes anorexiques ou boulimiques<\/li>\n<li>Recommand\u00e9 aux personnes malentendantes.<\/li>\n<li>Pierre alli\u00e9e des jardiniers et professions li\u00e9es au monde v\u00e9g\u00e9tal.<\/li>\n<\/ul>\n","protected":false},"excerpt":{"rendered":"<p>Apaisement douceur ancrage et confiance en soi Compos\u00e9 de 12\u00a0 pierres en Agate mousse et 8 pierres\u00a0 en agate arbre en 8mm coupelles en acier Breloque arbre en acier inoxydable. Convient pour un poignet de 17 \u00e0 18 cm Agate Arbre : Pierre calmante apaisante de douceur int\u00e9rieure Relie \u00e0 l&rsquo;\u00e9nergie vitale de la Terre [&hellip;]<\/p>\n","protected":false},"featured_media":405,"comment_status":"open","ping_status":"closed","template":"","meta":{"site-sidebar-layout":"default","site-content-layout":"","ast-site-content-layout":"default","site-content-style":"default","site-sidebar-style":"default","ast-global-header-display":"","ast-banner-title-visibility":"","ast-main-header-display":"","ast-hfb-above-header-display":"","ast-hfb-below-header-display":"","ast-hfb-mobile-header-display":"","site-post-title":"","ast-breadcrumbs-content":"","ast-featured-img":"","footer-sml-layout":"","ast-disable-related-posts":"","theme-transparent-header-meta":"default","adv-header-id-meta":"","stick-header-meta":"","header-above-stick-meta":"","header-main-stick-meta":"","header-below-stick-meta":"","astra-migrate-meta-layouts":"set","ast-page-background-enabled":"default","ast-page-background-meta":{"desktop":{"background-color":"var(--ast-global-color-4)","background-image":"","background-repeat":"repeat","background-position":"center center","background-size":"auto","background-attachment":"scroll","background-type":"","background-media":"","overlay-type":"","overlay-color":"","overlay-opacity":"","overlay-gradient":""},"tablet":{"background-color":"","background-image":"","background-repeat":"repeat","background-position":"center center","background-size":"auto","background-attachment":"scroll","background-type":"","background-media":"","overlay-type":"","overlay-color":"","overlay-opacity":"","overlay-gradient":""},"mobile":{"background-color":"","background-image":"","background-repeat":"repeat","background-position":"center center","background-size":"auto","background-attachment":"scroll","background-type":"","background-media":"","overlay-type":"","overlay-color":"","overlay-opacity":"","overlay-gradient":""}},"ast-content-background-meta":{"desktop":{"background-color":"var(--ast-global-color-5)","background-image":"","background-repeat":"repeat","background-position":"center center","background-size":"auto","background-attachment":"scroll","background-type":"","background-media":"","overlay-type":"","overlay-color":"","overlay-opacity":"","overlay-gradient":""},"tablet":{"background-color":"var(--ast-global-color-5)","background-image":"","background-repeat":"repeat","background-position":"center center","background-size":"auto","background-attachment":"scroll","background-type":"","background-media":"","overlay-type":"","overlay-color":"","overlay-opacity":"","overlay-gradient":""},"mobile":{"background-color":"var(--ast-global-color-5)","background-image":"","background-repeat":"repeat","background-position":"center center","background-size":"auto","background-attachment":"scroll","background-type":"","background-media":"","overlay-type":"","overlay-color":"","overlay-opacity":"","overlay-gradient":""}},"_glsr_average":0,"_glsr_ranking":0,"_glsr_reviews":0},"product_brand":[],"product_cat":[54,88,87,26,67,56,290,49,51,78],"product_tag":[],"class_list":{"0":"post-404","1":"product","2":"type-product","3":"status-publish","4":"has-post-thumbnail","6":"product_cat-8-mm","7":"product_cat-agate-arbre","8":"product_cat-agate-mousse","9":"product_cat-bijoux","10":"product_cat-blanc","11":"product_cat-bracelets-de-lithotherapie","12":"product_cat-bracelets-de-lithotherapie-femmes","13":"product_cat-confiance-en-soi","14":"product_cat-taille-de-pierre","15":"product_cat-vert","16":"desktop-align-left","17":"tablet-align-left","18":"mobile-align-left","20":"first","21":"instock","22":"purchasable","23":"product-type-simple"},"yoast_head":"<!-- This site is optimized with the Yoast SEO plugin v27.5 - https:\/\/yoast.com\/product\/yoast-seo-wordpress\/ -->\n<title>Bracelet Agate mousse et arbre - Au fil des pierres<\/title>\n<meta name=\"robots\" content=\"index, follow, max-snippet:-1, max-image-preview:large, max-video-preview:-1\" \/>\n<link rel=\"canonical\" href=\"https:\/\/aufildespierres.com\/index.php\/product\/bracelet-duo-agate-mousse-et-arbre\/\" \/>\n<meta property=\"og:locale\" content=\"fr_FR\" \/>\n<meta property=\"og:type\" content=\"article\" \/>\n<meta property=\"og:title\" content=\"Bracelet Agate mousse et arbre - Au fil des pierres\" \/>\n<meta property=\"og:description\" content=\"Apaisement douceur ancrage et confiance en soi Compos\u00e9 de 12\u00a0 pierres en Agate mousse et 8 pierres\u00a0 en agate arbre en 8mm coupelles en acier Breloque arbre en acier inoxydable. Convient pour un poignet de 17 \u00e0 18 cm Agate Arbre : Pierre calmante apaisante de douceur int\u00e9rieure Relie \u00e0 l&rsquo;\u00e9nergie vitale de la Terre [&hellip;]\" \/>\n<meta property=\"og:url\" content=\"https:\/\/aufildespierres.com\/index.php\/product\/bracelet-duo-agate-mousse-et-arbre\/\" \/>\n<meta property=\"og:site_name\" content=\"Au fil des pierres\" \/>\n<meta property=\"article:modified_time\" content=\"2025-09-14T16:10:38+00:00\" \/>\n<meta property=\"og:image\" content=\"https:\/\/aufildespierres.com\/wp-content\/uploads\/2023\/08\/20230830_111828.jpg\" \/>\n\t<meta property=\"og:image:width\" content=\"2213\" \/>\n\t<meta property=\"og:image:height\" content=\"2427\" \/>\n\t<meta property=\"og:image:type\" content=\"image\/jpeg\" \/>\n<meta name=\"twitter:card\" content=\"summary_large_image\" \/>\n<meta name=\"twitter:label1\" content=\"Dur\u00e9e de lecture estim\u00e9e\" \/>\n\t<meta name=\"twitter:data1\" content=\"2 minutes\" \/>\n<script type=\"application\/ld+json\" class=\"yoast-schema-graph\">{\"@context\":\"https:\\\/\\\/schema.org\",\"@graph\":[{\"@type\":\"WebPage\",\"@id\":\"https:\\\/\\\/aufildespierres.com\\\/index.php\\\/product\\\/bracelet-duo-agate-mousse-et-arbre\\\/\",\"url\":\"https:\\\/\\\/aufildespierres.com\\\/index.php\\\/product\\\/bracelet-duo-agate-mousse-et-arbre\\\/\",\"name\":\"Bracelet Agate mousse et arbre - Au fil des pierres\",\"isPartOf\":{\"@id\":\"https:\\\/\\\/aufildespierres.com\\\/#website\"},\"primaryImageOfPage\":{\"@id\":\"https:\\\/\\\/aufildespierres.com\\\/index.php\\\/product\\\/bracelet-duo-agate-mousse-et-arbre\\\/#primaryimage\"},\"image\":{\"@id\":\"https:\\\/\\\/aufildespierres.com\\\/index.php\\\/product\\\/bracelet-duo-agate-mousse-et-arbre\\\/#primaryimage\"},\"thumbnailUrl\":\"https:\\\/\\\/aufildespierres.com\\\/wp-content\\\/uploads\\\/2023\\\/08\\\/20230830_111828.jpg\",\"datePublished\":\"2023-08-30T09:49:34+00:00\",\"dateModified\":\"2025-09-14T16:10:38+00:00\",\"breadcrumb\":{\"@id\":\"https:\\\/\\\/aufildespierres.com\\\/index.php\\\/product\\\/bracelet-duo-agate-mousse-et-arbre\\\/#breadcrumb\"},\"inLanguage\":\"fr-FR\",\"potentialAction\":[{\"@type\":\"ReadAction\",\"target\":[\"https:\\\/\\\/aufildespierres.com\\\/index.php\\\/product\\\/bracelet-duo-agate-mousse-et-arbre\\\/\"]}]},{\"@type\":\"ImageObject\",\"inLanguage\":\"fr-FR\",\"@id\":\"https:\\\/\\\/aufildespierres.com\\\/index.php\\\/product\\\/bracelet-duo-agate-mousse-et-arbre\\\/#primaryimage\",\"url\":\"https:\\\/\\\/aufildespierres.com\\\/wp-content\\\/uploads\\\/2023\\\/08\\\/20230830_111828.jpg\",\"contentUrl\":\"https:\\\/\\\/aufildespierres.com\\\/wp-content\\\/uploads\\\/2023\\\/08\\\/20230830_111828.jpg\",\"width\":2213,\"height\":2427},{\"@type\":\"BreadcrumbList\",\"@id\":\"https:\\\/\\\/aufildespierres.com\\\/index.php\\\/product\\\/bracelet-duo-agate-mousse-et-arbre\\\/#breadcrumb\",\"itemListElement\":[{\"@type\":\"ListItem\",\"position\":1,\"name\":\"Accueil\",\"item\":\"https:\\\/\\\/aufildespierres.com\\\/\"},{\"@type\":\"ListItem\",\"position\":2,\"name\":\"Boutique de Lithoth\u00e9rapie\",\"item\":\"https:\\\/\\\/aufildespierres.com\\\/index.php\\\/boutique-de-lithotherapie\\\/\"},{\"@type\":\"ListItem\",\"position\":3,\"name\":\"Bracelet Agate mousse et arbre\"}]},{\"@type\":\"WebSite\",\"@id\":\"https:\\\/\\\/aufildespierres.com\\\/#website\",\"url\":\"https:\\\/\\\/aufildespierres.com\\\/\",\"name\":\"Au fil des pierres\",\"description\":\"Au fil des pierres\",\"publisher\":{\"@id\":\"https:\\\/\\\/aufildespierres.com\\\/#organization\"},\"potentialAction\":[{\"@type\":\"SearchAction\",\"target\":{\"@type\":\"EntryPoint\",\"urlTemplate\":\"https:\\\/\\\/aufildespierres.com\\\/?s={search_term_string}\"},\"query-input\":{\"@type\":\"PropertyValueSpecification\",\"valueRequired\":true,\"valueName\":\"search_term_string\"}}],\"inLanguage\":\"fr-FR\"},{\"@type\":\"Organization\",\"@id\":\"https:\\\/\\\/aufildespierres.com\\\/#organization\",\"name\":\"Au fil des pierres\",\"url\":\"https:\\\/\\\/aufildespierres.com\\\/\",\"logo\":{\"@type\":\"ImageObject\",\"inLanguage\":\"fr-FR\",\"@id\":\"https:\\\/\\\/aufildespierres.com\\\/#\\\/schema\\\/logo\\\/image\\\/\",\"url\":\"https:\\\/\\\/aufildespierres.com\\\/wp-content\\\/uploads\\\/2023\\\/05\\\/cropped-Logo-PNG-Transparent.png\",\"contentUrl\":\"https:\\\/\\\/aufildespierres.com\\\/wp-content\\\/uploads\\\/2023\\\/05\\\/cropped-Logo-PNG-Transparent.png\",\"width\":1776,\"height\":1625,\"caption\":\"Au fil des pierres\"},\"image\":{\"@id\":\"https:\\\/\\\/aufildespierres.com\\\/#\\\/schema\\\/logo\\\/image\\\/\"}}]}<\/script>\n<!-- \/ Yoast SEO plugin. -->","yoast_head_json":{"title":"Bracelet Agate mousse et arbre - Au fil des pierres","robots":{"index":"index","follow":"follow","max-snippet":"max-snippet:-1","max-image-preview":"max-image-preview:large","max-video-preview":"max-video-preview:-1"},"canonical":"https:\/\/aufildespierres.com\/index.php\/product\/bracelet-duo-agate-mousse-et-arbre\/","og_locale":"fr_FR","og_type":"article","og_title":"Bracelet Agate mousse et arbre - Au fil des pierres","og_description":"Apaisement douceur ancrage et confiance en soi Compos\u00e9 de 12\u00a0 pierres en Agate mousse et 8 pierres\u00a0 en agate arbre en 8mm coupelles en acier Breloque arbre en acier inoxydable. Convient pour un poignet de 17 \u00e0 18 cm Agate Arbre : Pierre calmante apaisante de douceur int\u00e9rieure Relie \u00e0 l&rsquo;\u00e9nergie vitale de la Terre [&hellip;]","og_url":"https:\/\/aufildespierres.com\/index.php\/product\/bracelet-duo-agate-mousse-et-arbre\/","og_site_name":"Au fil des pierres","article_modified_time":"2025-09-14T16:10:38+00:00","og_image":[{"width":2213,"height":2427,"url":"https:\/\/aufildespierres.com\/wp-content\/uploads\/2023\/08\/20230830_111828.jpg","type":"image\/jpeg"}],"twitter_card":"summary_large_image","twitter_misc":{"Dur\u00e9e de lecture estim\u00e9e":"2 minutes"},"schema":{"@context":"https:\/\/schema.org","@graph":[{"@type":"WebPage","@id":"https:\/\/aufildespierres.com\/index.php\/product\/bracelet-duo-agate-mousse-et-arbre\/","url":"https:\/\/aufildespierres.com\/index.php\/product\/bracelet-duo-agate-mousse-et-arbre\/","name":"Bracelet Agate mousse et arbre - Au fil des pierres","isPartOf":{"@id":"https:\/\/aufildespierres.com\/#website"},"primaryImageOfPage":{"@id":"https:\/\/aufildespierres.com\/index.php\/product\/bracelet-duo-agate-mousse-et-arbre\/#primaryimage"},"image":{"@id":"https:\/\/aufildespierres.com\/index.php\/product\/bracelet-duo-agate-mousse-et-arbre\/#primaryimage"},"thumbnailUrl":"https:\/\/aufildespierres.com\/wp-content\/uploads\/2023\/08\/20230830_111828.jpg","datePublished":"2023-08-30T09:49:34+00:00","dateModified":"2025-09-14T16:10:38+00:00","breadcrumb":{"@id":"https:\/\/aufildespierres.com\/index.php\/product\/bracelet-duo-agate-mousse-et-arbre\/#breadcrumb"},"inLanguage":"fr-FR","potentialAction":[{"@type":"ReadAction","target":["https:\/\/aufildespierres.com\/index.php\/product\/bracelet-duo-agate-mousse-et-arbre\/"]}]},{"@type":"ImageObject","inLanguage":"fr-FR","@id":"https:\/\/aufildespierres.com\/index.php\/product\/bracelet-duo-agate-mousse-et-arbre\/#primaryimage","url":"https:\/\/aufildespierres.com\/wp-content\/uploads\/2023\/08\/20230830_111828.jpg","contentUrl":"https:\/\/aufildespierres.com\/wp-content\/uploads\/2023\/08\/20230830_111828.jpg","width":2213,"height":2427},{"@type":"BreadcrumbList","@id":"https:\/\/aufildespierres.com\/index.php\/product\/bracelet-duo-agate-mousse-et-arbre\/#breadcrumb","itemListElement":[{"@type":"ListItem","position":1,"name":"Accueil","item":"https:\/\/aufildespierres.com\/"},{"@type":"ListItem","position":2,"name":"Boutique de Lithoth\u00e9rapie","item":"https:\/\/aufildespierres.com\/index.php\/boutique-de-lithotherapie\/"},{"@type":"ListItem","position":3,"name":"Bracelet Agate mousse et arbre"}]},{"@type":"WebSite","@id":"https:\/\/aufildespierres.com\/#website","url":"https:\/\/aufildespierres.com\/","name":"Au fil des pierres","description":"Au fil des pierres","publisher":{"@id":"https:\/\/aufildespierres.com\/#organization"},"potentialAction":[{"@type":"SearchAction","target":{"@type":"EntryPoint","urlTemplate":"https:\/\/aufildespierres.com\/?s={search_term_string}"},"query-input":{"@type":"PropertyValueSpecification","valueRequired":true,"valueName":"search_term_string"}}],"inLanguage":"fr-FR"},{"@type":"Organization","@id":"https:\/\/aufildespierres.com\/#organization","name":"Au fil des pierres","url":"https:\/\/aufildespierres.com\/","logo":{"@type":"ImageObject","inLanguage":"fr-FR","@id":"https:\/\/aufildespierres.com\/#\/schema\/logo\/image\/","url":"https:\/\/aufildespierres.com\/wp-content\/uploads\/2023\/05\/cropped-Logo-PNG-Transparent.png","contentUrl":"https:\/\/aufildespierres.com\/wp-content\/uploads\/2023\/05\/cropped-Logo-PNG-Transparent.png","width":1776,"height":1625,"caption":"Au fil des pierres"},"image":{"@id":"https:\/\/aufildespierres.com\/#\/schema\/logo\/image\/"}}]}},"_links":{"self":[{"href":"https:\/\/aufildespierres.com\/index.php\/wp-json\/wp\/v2\/product\/404","targetHints":{"allow":["GET"]}}],"collection":[{"href":"https:\/\/aufildespierres.com\/index.php\/wp-json\/wp\/v2\/product"}],"about":[{"href":"https:\/\/aufildespierres.com\/index.php\/wp-json\/wp\/v2\/types\/product"}],"replies":[{"embeddable":true,"href":"https:\/\/aufildespierres.com\/index.php\/wp-json\/wp\/v2\/comments?post=404"}],"wp:featuredmedia":[{"embeddable":true,"href":"https:\/\/aufildespierres.com\/index.php\/wp-json\/wp\/v2\/media\/405"}],"wp:attachment":[{"href":"https:\/\/aufildespierres.com\/index.php\/wp-json\/wp\/v2\/media?parent=404"}],"wp:term":[{"taxonomy":"product_brand","embeddable":true,"href":"https:\/\/aufildespierres.com\/index.php\/wp-json\/wp\/v2\/product_brand?post=404"},{"taxonomy":"product_cat","embeddable":true,"href":"https:\/\/aufildespierres.com\/index.php\/wp-json\/wp\/v2\/product_cat?post=404"},{"taxonomy":"product_tag","embeddable":true,"href":"https:\/\/aufildespierres.com\/index.php\/wp-json\/wp\/v2\/product_tag?post=404"}],"curies":[{"name":"wp","href":"https:\/\/api.w.org\/{rel}","templated":true}]}}