{"id":4043,"date":"2025-07-11T15:54:01","date_gmt":"2025-07-11T13:54:01","guid":{"rendered":"https:\/\/aufildespierres.com\/?post_type=product&#038;p=4043"},"modified":"2025-07-11T15:54:01","modified_gmt":"2025-07-11T13:54:01","slug":"pierre-chrysantheme","status":"publish","type":"product","link":"https:\/\/aufildespierres.com\/index.php\/product\/pierre-chrysantheme\/","title":{"rendered":"Pierre Chrysanth\u00e8me"},"content":{"rendered":"<p data-start=\"0\" data-end=\"72\"><strong data-start=\"0\" data-end=\"72\">Pierre Chrysanth\u00e8me : \u00e9panouissement, ancrage et s\u00e9r\u00e9nit\u00e9 int\u00e9rieure\u00a0 poids 269 grammes environ 6&#215;8 cm\u00a0<\/strong><\/p>\n<p data-start=\"74\" data-end=\"357\">La pierre chrysanth\u00e8me, \u00e9galement appel\u00e9e \u00ab\u00a0fleur de pierre\u00a0\u00bb, s\u00e9duit par ses motifs naturels en forme de fleurs blanches incrust\u00e9es dans une matrice sombre. Cette apparence unique symbolise l\u2019\u00e9panouissement personnel, la transformation int\u00e9rieure et la beaut\u00e9 qui \u00e9merge du contraste.<\/p>\n<p data-start=\"359\" data-end=\"655\">En lithoth\u00e9rapie, la pierre chrysanth\u00e8me agit comme un guide doux mais puissant. Elle favorise l\u2019acceptation de soi, la patience et la croissance int\u00e9rieure. Gr\u00e2ce \u00e0 son \u00e9nergie stabilisante, elle accompagne les personnes en qu\u00eate d\u2019harmonie entre leur monde int\u00e9rieur et leur r\u00e9alit\u00e9 ext\u00e9rieure.<\/p>\n<p data-start=\"657\" data-end=\"959\">De plus, elle agit en profondeur sur le chakra racine, renfor\u00e7ant ainsi l\u2019ancrage et la connexion \u00e0 la Terre. Elle permet de se recentrer, de retrouver un sentiment de s\u00e9curit\u00e9 et de stabilit\u00e9 \u00e9motionnelle. C\u2019est une pierre id\u00e9ale pour ceux qui traversent une p\u00e9riode de doute ou de remise en question.<\/p>\n<p data-start=\"961\" data-end=\"1221\">Par ailleurs, la pierre chrysanth\u00e8me aide \u00e0 se lib\u00e9rer des blocages li\u00e9s au pass\u00e9. Elle encourage la clart\u00e9 d\u2019esprit, la cr\u00e9ativit\u00e9 et l\u2019ouverture aux nouvelles exp\u00e9riences. En cela, elle soutient les prises de d\u00e9cision align\u00e9es avec ses aspirations profondes.<\/p>\n<p data-start=\"1223\" data-end=\"1420\">Sur le plan physique, elle serait b\u00e9n\u00e9fique pour renforcer le syst\u00e8me osseux et soutenir la circulation \u00e9nerg\u00e9tique dans le corps. Son \u00e9nergie douce apaise les tensions, tout en redonnant du tonus.<\/p>\n<p data-start=\"1422\" data-end=\"1589\">Utilisez cette pierre lors de m\u00e9ditations, placez-la dans un espace de vie ou gardez-la pr\u00e8s de vous au quotidien. Elle diffuse une \u00e9nergie \u00e9quilibrante et rassurante.<\/p>\n<p data-start=\"1591\" data-end=\"1809\" data-is-last-node=\"\" data-is-only-node=\"\">En r\u00e9sum\u00e9, la pierre chrysanth\u00e8me est un symbole de renaissance et de stabilit\u00e9. Elle vous accompagne avec douceur vers un mieux-\u00eatre durable, tout en renfor\u00e7ant votre ancrage, votre confiance et votre paix int\u00e9rieure.<\/p>\n","protected":false},"excerpt":{"rendered":"<p>Pierre Chrysanth\u00e8me : \u00e9panouissement, ancrage et s\u00e9r\u00e9nit\u00e9 int\u00e9rieure\u00a0 poids 269 grammes environ 6&#215;8 cm\u00a0 La pierre chrysanth\u00e8me, \u00e9galement appel\u00e9e \u00ab\u00a0fleur de pierre\u00a0\u00bb, s\u00e9duit par ses motifs naturels en forme de fleurs blanches incrust\u00e9es dans une matrice sombre. Cette apparence unique symbolise l\u2019\u00e9panouissement personnel, la transformation int\u00e9rieure et la beaut\u00e9 qui \u00e9merge du contraste. En lithoth\u00e9rapie, [&hellip;]<\/p>\n","protected":false},"featured_media":4044,"comment_status":"open","ping_status":"closed","template":"","meta":{"site-sidebar-layout":"default","site-content-layout":"","ast-site-content-layout":"default","site-content-style":"default","site-sidebar-style":"default","ast-global-header-display":"","ast-banner-title-visibility":"","ast-main-header-display":"","ast-hfb-above-header-display":"","ast-hfb-below-header-display":"","ast-hfb-mobile-header-display":"","site-post-title":"","ast-breadcrumbs-content":"","ast-featured-img":"","footer-sml-layout":"","ast-disable-related-posts":"","theme-transparent-header-meta":"default","adv-header-id-meta":"","stick-header-meta":"","header-above-stick-meta":"","header-main-stick-meta":"","header-below-stick-meta":"","astra-migrate-meta-layouts":"set","ast-page-background-enabled":"default","ast-page-background-meta":{"desktop":{"background-color":"var(--ast-global-color-4)","background-image":"","background-repeat":"repeat","background-position":"center center","background-size":"auto","background-attachment":"scroll","background-type":"","background-media":"","overlay-type":"","overlay-color":"","overlay-opacity":"","overlay-gradient":""},"tablet":{"background-color":"","background-image":"","background-repeat":"repeat","background-position":"center center","background-size":"auto","background-attachment":"scroll","background-type":"","background-media":"","overlay-type":"","overlay-color":"","overlay-opacity":"","overlay-gradient":""},"mobile":{"background-color":"","background-image":"","background-repeat":"repeat","background-position":"center center","background-size":"auto","background-attachment":"scroll","background-type":"","background-media":"","overlay-type":"","overlay-color":"","overlay-opacity":"","overlay-gradient":""}},"ast-content-background-meta":{"desktop":{"background-color":"var(--ast-global-color-5)","background-image":"","background-repeat":"repeat","background-position":"center center","background-size":"auto","background-attachment":"scroll","background-type":"","background-media":"","overlay-type":"","overlay-color":"","overlay-opacity":"","overlay-gradient":""},"tablet":{"background-color":"var(--ast-global-color-5)","background-image":"","background-repeat":"repeat","background-position":"center center","background-size":"auto","background-attachment":"scroll","background-type":"","background-media":"","overlay-type":"","overlay-color":"","overlay-opacity":"","overlay-gradient":""},"mobile":{"background-color":"var(--ast-global-color-5)","background-image":"","background-repeat":"repeat","background-position":"center center","background-size":"auto","background-attachment":"scroll","background-type":"","background-media":"","overlay-type":"","overlay-color":"","overlay-opacity":"","overlay-gradient":""}},"_glsr_average":0,"_glsr_ranking":0,"_glsr_reviews":0},"product_brand":[],"product_cat":[286,31],"product_tag":[],"class_list":{"0":"post-4043","1":"product","2":"type-product","3":"status-publish","4":"has-post-thumbnail","6":"product_cat-pierre-chrysantheme","7":"product_cat-pierres-brutes","8":"desktop-align-left","9":"tablet-align-left","10":"mobile-align-left","12":"first","13":"instock","14":"purchasable","15":"product-type-simple"},"yoast_head":"<!-- This site is optimized with the Yoast SEO plugin v27.5 - https:\/\/yoast.com\/product\/yoast-seo-wordpress\/ -->\n<title>Pierre Chrysanth\u00e8me - Au fil des pierres<\/title>\n<meta name=\"robots\" content=\"index, follow, max-snippet:-1, max-image-preview:large, max-video-preview:-1\" \/>\n<link rel=\"canonical\" href=\"https:\/\/aufildespierres.com\/index.php\/product\/pierre-chrysantheme\/\" \/>\n<meta property=\"og:locale\" content=\"fr_FR\" \/>\n<meta property=\"og:type\" content=\"article\" \/>\n<meta property=\"og:title\" content=\"Pierre Chrysanth\u00e8me - Au fil des pierres\" \/>\n<meta property=\"og:description\" content=\"Pierre Chrysanth\u00e8me : \u00e9panouissement, ancrage et s\u00e9r\u00e9nit\u00e9 int\u00e9rieure\u00a0 poids 269 grammes environ 6&#215;8 cm\u00a0 La pierre chrysanth\u00e8me, \u00e9galement appel\u00e9e \u00ab\u00a0fleur de pierre\u00a0\u00bb, s\u00e9duit par ses motifs naturels en forme de fleurs blanches incrust\u00e9es dans une matrice sombre. Cette apparence unique symbolise l\u2019\u00e9panouissement personnel, la transformation int\u00e9rieure et la beaut\u00e9 qui \u00e9merge du contraste. En lithoth\u00e9rapie, [&hellip;]\" \/>\n<meta property=\"og:url\" content=\"https:\/\/aufildespierres.com\/index.php\/product\/pierre-chrysantheme\/\" \/>\n<meta property=\"og:site_name\" content=\"Au fil des pierres\" \/>\n<meta property=\"og:image\" content=\"https:\/\/aufildespierres.com\/wp-content\/uploads\/2025\/07\/20250709_172309-scaled.jpg\" \/>\n\t<meta property=\"og:image:width\" content=\"1839\" \/>\n\t<meta property=\"og:image:height\" content=\"2560\" \/>\n\t<meta property=\"og:image:type\" content=\"image\/jpeg\" \/>\n<meta name=\"twitter:card\" content=\"summary_large_image\" \/>\n<meta name=\"twitter:label1\" content=\"Dur\u00e9e de lecture estim\u00e9e\" \/>\n\t<meta name=\"twitter:data1\" content=\"2 minutes\" \/>\n<script type=\"application\/ld+json\" class=\"yoast-schema-graph\">{\"@context\":\"https:\\\/\\\/schema.org\",\"@graph\":[{\"@type\":\"WebPage\",\"@id\":\"https:\\\/\\\/aufildespierres.com\\\/index.php\\\/product\\\/pierre-chrysantheme\\\/\",\"url\":\"https:\\\/\\\/aufildespierres.com\\\/index.php\\\/product\\\/pierre-chrysantheme\\\/\",\"name\":\"Pierre Chrysanth\u00e8me - Au fil des pierres\",\"isPartOf\":{\"@id\":\"https:\\\/\\\/aufildespierres.com\\\/#website\"},\"primaryImageOfPage\":{\"@id\":\"https:\\\/\\\/aufildespierres.com\\\/index.php\\\/product\\\/pierre-chrysantheme\\\/#primaryimage\"},\"image\":{\"@id\":\"https:\\\/\\\/aufildespierres.com\\\/index.php\\\/product\\\/pierre-chrysantheme\\\/#primaryimage\"},\"thumbnailUrl\":\"https:\\\/\\\/aufildespierres.com\\\/wp-content\\\/uploads\\\/2025\\\/07\\\/20250709_172309-scaled.jpg\",\"datePublished\":\"2025-07-11T13:54:01+00:00\",\"breadcrumb\":{\"@id\":\"https:\\\/\\\/aufildespierres.com\\\/index.php\\\/product\\\/pierre-chrysantheme\\\/#breadcrumb\"},\"inLanguage\":\"fr-FR\",\"potentialAction\":[{\"@type\":\"ReadAction\",\"target\":[\"https:\\\/\\\/aufildespierres.com\\\/index.php\\\/product\\\/pierre-chrysantheme\\\/\"]}]},{\"@type\":\"ImageObject\",\"inLanguage\":\"fr-FR\",\"@id\":\"https:\\\/\\\/aufildespierres.com\\\/index.php\\\/product\\\/pierre-chrysantheme\\\/#primaryimage\",\"url\":\"https:\\\/\\\/aufildespierres.com\\\/wp-content\\\/uploads\\\/2025\\\/07\\\/20250709_172309-scaled.jpg\",\"contentUrl\":\"https:\\\/\\\/aufildespierres.com\\\/wp-content\\\/uploads\\\/2025\\\/07\\\/20250709_172309-scaled.jpg\",\"width\":1839,\"height\":2560,\"caption\":\"pierre chrysanth\u00e8me\"},{\"@type\":\"BreadcrumbList\",\"@id\":\"https:\\\/\\\/aufildespierres.com\\\/index.php\\\/product\\\/pierre-chrysantheme\\\/#breadcrumb\",\"itemListElement\":[{\"@type\":\"ListItem\",\"position\":1,\"name\":\"Accueil\",\"item\":\"https:\\\/\\\/aufildespierres.com\\\/\"},{\"@type\":\"ListItem\",\"position\":2,\"name\":\"Boutique de Lithoth\u00e9rapie\",\"item\":\"https:\\\/\\\/aufildespierres.com\\\/index.php\\\/boutique-de-lithotherapie\\\/\"},{\"@type\":\"ListItem\",\"position\":3,\"name\":\"Pierre Chrysanth\u00e8me\"}]},{\"@type\":\"WebSite\",\"@id\":\"https:\\\/\\\/aufildespierres.com\\\/#website\",\"url\":\"https:\\\/\\\/aufildespierres.com\\\/\",\"name\":\"Au fil des pierres\",\"description\":\"Au fil des pierres\",\"publisher\":{\"@id\":\"https:\\\/\\\/aufildespierres.com\\\/#organization\"},\"potentialAction\":[{\"@type\":\"SearchAction\",\"target\":{\"@type\":\"EntryPoint\",\"urlTemplate\":\"https:\\\/\\\/aufildespierres.com\\\/?s={search_term_string}\"},\"query-input\":{\"@type\":\"PropertyValueSpecification\",\"valueRequired\":true,\"valueName\":\"search_term_string\"}}],\"inLanguage\":\"fr-FR\"},{\"@type\":\"Organization\",\"@id\":\"https:\\\/\\\/aufildespierres.com\\\/#organization\",\"name\":\"Au fil des pierres\",\"url\":\"https:\\\/\\\/aufildespierres.com\\\/\",\"logo\":{\"@type\":\"ImageObject\",\"inLanguage\":\"fr-FR\",\"@id\":\"https:\\\/\\\/aufildespierres.com\\\/#\\\/schema\\\/logo\\\/image\\\/\",\"url\":\"https:\\\/\\\/aufildespierres.com\\\/wp-content\\\/uploads\\\/2023\\\/05\\\/cropped-Logo-PNG-Transparent.png\",\"contentUrl\":\"https:\\\/\\\/aufildespierres.com\\\/wp-content\\\/uploads\\\/2023\\\/05\\\/cropped-Logo-PNG-Transparent.png\",\"width\":1776,\"height\":1625,\"caption\":\"Au fil des pierres\"},\"image\":{\"@id\":\"https:\\\/\\\/aufildespierres.com\\\/#\\\/schema\\\/logo\\\/image\\\/\"}}]}<\/script>\n<!-- \/ Yoast SEO plugin. -->","yoast_head_json":{"title":"Pierre Chrysanth\u00e8me - Au fil des pierres","robots":{"index":"index","follow":"follow","max-snippet":"max-snippet:-1","max-image-preview":"max-image-preview:large","max-video-preview":"max-video-preview:-1"},"canonical":"https:\/\/aufildespierres.com\/index.php\/product\/pierre-chrysantheme\/","og_locale":"fr_FR","og_type":"article","og_title":"Pierre Chrysanth\u00e8me - Au fil des pierres","og_description":"Pierre Chrysanth\u00e8me : \u00e9panouissement, ancrage et s\u00e9r\u00e9nit\u00e9 int\u00e9rieure\u00a0 poids 269 grammes environ 6&#215;8 cm\u00a0 La pierre chrysanth\u00e8me, \u00e9galement appel\u00e9e \u00ab\u00a0fleur de pierre\u00a0\u00bb, s\u00e9duit par ses motifs naturels en forme de fleurs blanches incrust\u00e9es dans une matrice sombre. Cette apparence unique symbolise l\u2019\u00e9panouissement personnel, la transformation int\u00e9rieure et la beaut\u00e9 qui \u00e9merge du contraste. En lithoth\u00e9rapie, [&hellip;]","og_url":"https:\/\/aufildespierres.com\/index.php\/product\/pierre-chrysantheme\/","og_site_name":"Au fil des pierres","og_image":[{"width":1839,"height":2560,"url":"https:\/\/aufildespierres.com\/wp-content\/uploads\/2025\/07\/20250709_172309-scaled.jpg","type":"image\/jpeg"}],"twitter_card":"summary_large_image","twitter_misc":{"Dur\u00e9e de lecture estim\u00e9e":"2 minutes"},"schema":{"@context":"https:\/\/schema.org","@graph":[{"@type":"WebPage","@id":"https:\/\/aufildespierres.com\/index.php\/product\/pierre-chrysantheme\/","url":"https:\/\/aufildespierres.com\/index.php\/product\/pierre-chrysantheme\/","name":"Pierre Chrysanth\u00e8me - Au fil des pierres","isPartOf":{"@id":"https:\/\/aufildespierres.com\/#website"},"primaryImageOfPage":{"@id":"https:\/\/aufildespierres.com\/index.php\/product\/pierre-chrysantheme\/#primaryimage"},"image":{"@id":"https:\/\/aufildespierres.com\/index.php\/product\/pierre-chrysantheme\/#primaryimage"},"thumbnailUrl":"https:\/\/aufildespierres.com\/wp-content\/uploads\/2025\/07\/20250709_172309-scaled.jpg","datePublished":"2025-07-11T13:54:01+00:00","breadcrumb":{"@id":"https:\/\/aufildespierres.com\/index.php\/product\/pierre-chrysantheme\/#breadcrumb"},"inLanguage":"fr-FR","potentialAction":[{"@type":"ReadAction","target":["https:\/\/aufildespierres.com\/index.php\/product\/pierre-chrysantheme\/"]}]},{"@type":"ImageObject","inLanguage":"fr-FR","@id":"https:\/\/aufildespierres.com\/index.php\/product\/pierre-chrysantheme\/#primaryimage","url":"https:\/\/aufildespierres.com\/wp-content\/uploads\/2025\/07\/20250709_172309-scaled.jpg","contentUrl":"https:\/\/aufildespierres.com\/wp-content\/uploads\/2025\/07\/20250709_172309-scaled.jpg","width":1839,"height":2560,"caption":"pierre chrysanth\u00e8me"},{"@type":"BreadcrumbList","@id":"https:\/\/aufildespierres.com\/index.php\/product\/pierre-chrysantheme\/#breadcrumb","itemListElement":[{"@type":"ListItem","position":1,"name":"Accueil","item":"https:\/\/aufildespierres.com\/"},{"@type":"ListItem","position":2,"name":"Boutique de Lithoth\u00e9rapie","item":"https:\/\/aufildespierres.com\/index.php\/boutique-de-lithotherapie\/"},{"@type":"ListItem","position":3,"name":"Pierre Chrysanth\u00e8me"}]},{"@type":"WebSite","@id":"https:\/\/aufildespierres.com\/#website","url":"https:\/\/aufildespierres.com\/","name":"Au fil des pierres","description":"Au fil des pierres","publisher":{"@id":"https:\/\/aufildespierres.com\/#organization"},"potentialAction":[{"@type":"SearchAction","target":{"@type":"EntryPoint","urlTemplate":"https:\/\/aufildespierres.com\/?s={search_term_string}"},"query-input":{"@type":"PropertyValueSpecification","valueRequired":true,"valueName":"search_term_string"}}],"inLanguage":"fr-FR"},{"@type":"Organization","@id":"https:\/\/aufildespierres.com\/#organization","name":"Au fil des pierres","url":"https:\/\/aufildespierres.com\/","logo":{"@type":"ImageObject","inLanguage":"fr-FR","@id":"https:\/\/aufildespierres.com\/#\/schema\/logo\/image\/","url":"https:\/\/aufildespierres.com\/wp-content\/uploads\/2023\/05\/cropped-Logo-PNG-Transparent.png","contentUrl":"https:\/\/aufildespierres.com\/wp-content\/uploads\/2023\/05\/cropped-Logo-PNG-Transparent.png","width":1776,"height":1625,"caption":"Au fil des pierres"},"image":{"@id":"https:\/\/aufildespierres.com\/#\/schema\/logo\/image\/"}}]}},"_links":{"self":[{"href":"https:\/\/aufildespierres.com\/index.php\/wp-json\/wp\/v2\/product\/4043","targetHints":{"allow":["GET"]}}],"collection":[{"href":"https:\/\/aufildespierres.com\/index.php\/wp-json\/wp\/v2\/product"}],"about":[{"href":"https:\/\/aufildespierres.com\/index.php\/wp-json\/wp\/v2\/types\/product"}],"replies":[{"embeddable":true,"href":"https:\/\/aufildespierres.com\/index.php\/wp-json\/wp\/v2\/comments?post=4043"}],"wp:featuredmedia":[{"embeddable":true,"href":"https:\/\/aufildespierres.com\/index.php\/wp-json\/wp\/v2\/media\/4044"}],"wp:attachment":[{"href":"https:\/\/aufildespierres.com\/index.php\/wp-json\/wp\/v2\/media?parent=4043"}],"wp:term":[{"taxonomy":"product_brand","embeddable":true,"href":"https:\/\/aufildespierres.com\/index.php\/wp-json\/wp\/v2\/product_brand?post=4043"},{"taxonomy":"product_cat","embeddable":true,"href":"https:\/\/aufildespierres.com\/index.php\/wp-json\/wp\/v2\/product_cat?post=4043"},{"taxonomy":"product_tag","embeddable":true,"href":"https:\/\/aufildespierres.com\/index.php\/wp-json\/wp\/v2\/product_tag?post=4043"}],"curies":[{"name":"wp","href":"https:\/\/api.w.org\/{rel}","templated":true}]}}