{"id":4074,"date":"2025-07-27T17:13:11","date_gmt":"2025-07-27T15:13:11","guid":{"rendered":"https:\/\/aufildespierres.com\/?post_type=product&#038;p=4074"},"modified":"2025-12-02T06:45:17","modified_gmt":"2025-12-02T05:45:17","slug":"lot-de-3-pierres-de-jaspe-kambaba","status":"publish","type":"product","link":"https:\/\/aufildespierres.com\/index.php\/product\/lot-de-3-pierres-de-jaspe-kambaba\/","title":{"rendered":"Lot de 3 pierres de Jaspe kambaba"},"content":{"rendered":"<p>( image contractuelle , ce sont ces pierres que vous recevrez ).<\/p>\n<p data-start=\"109\" data-end=\"198\"><strong data-start=\"109\" data-end=\"198\">Lot de 3 pierres roul\u00e9es en Jaspe Kambaba \u2013 Ancrage, apaisement et sagesse ancestrale, aussi appell\u00e9 Jaspe de Madagascar . Il contient des fossiles d&rsquo;algues et s&rsquo;est form\u00e9 il y a 2 milliards d&rsquo;ann\u00e9es.<\/strong><\/p>\n<p data-start=\"200\" data-end=\"450\">Ce lot de 3 pierres roul\u00e9es en <strong data-start=\"231\" data-end=\"248\">jaspe kambaba<\/strong> offre une belle synergie d\u2019ancrage, de calme et de sagesse int\u00e9rieure. De couleur vert fonc\u00e9 mouchet\u00e9 de noir, il s\u00e9duit autant par son aspect myst\u00e9rieux que par sa puissance \u00e9nerg\u00e9tique. C&rsquo;est \u00e9galement une pierre de protection et de prosp\u00e9rit\u00e9<\/p>\n<p data-start=\"452\" data-end=\"800\">Utilis\u00e9 en lithoth\u00e9rapie, le <strong data-start=\"481\" data-end=\"498\">jaspe kambaba<\/strong> agit en profondeur sur le chakra racine et le chakra du c\u0153ur. Il renforce le lien \u00e0 la Terre et procure un sentiment de stabilit\u00e9 et vous aide \u00e0 vous ancrer en douceur. Gr\u00e2ce \u00e0 son \u00e9nergie douce mais dense, il apaise les tensions \u00e9motionnelles et diminue les pens\u00e9es envahissantes. Il favorise ainsi la s\u00e9r\u00e9nit\u00e9 et la d\u00e9tente au quotidien.<\/p>\n<p data-start=\"802\" data-end=\"1134\">De plus, cette pierre soutient la m\u00e9ditation, am\u00e9liore la patience et d\u00e9veloppe la capacit\u00e9 d\u2019introspection. Elle aide \u00e0 traverser les p\u00e9riodes de changement en instaurant un climat int\u00e9rieur rassurant. Vous pouvez l\u2019utiliser lors de moments de recentrage ou simplement la garder sur vous pour b\u00e9n\u00e9ficier de ses effets stabilisants.<\/p>\n<p data-start=\"1136\" data-end=\"1378\">Sur le plan physique, le jaspe kambaba est reconnu pour renforcer le syst\u00e8me immunitaire et soutenir le bon fonctionnement du syst\u00e8me digestif. Il favorise \u00e9galement la r\u00e9g\u00e9n\u00e9ration cellulaire et contribue \u00e0 rel\u00e2cher les tensions musculaires.<\/p>\n<p data-start=\"1380\" data-end=\"1561\">Utilisez ces pierres roul\u00e9es en les pla\u00e7ant dans votre poche, sous l\u2019oreiller car il favorise un sommeil paisible, ou sur un espace de repos. Vous pouvez aussi les int\u00e9grer \u00e0 vos s\u00e9ances de m\u00e9ditation ou de relaxation.<\/p>\n<p data-start=\"1563\" data-end=\"1735\" data-is-last-node=\"\" data-is-only-node=\"\">En r\u00e9sum\u00e9, ce <strong data-start=\"1577\" data-end=\"1622\">lot de 3 pierres roul\u00e9es en jaspe kambaba<\/strong> constitue un excellent outil de soutien pour cultiver le calme, la stabilit\u00e9 \u00e9motionnelle et la paix int\u00e9rieure.<\/p>\n<p>&nbsp;<\/p>\n","protected":false},"excerpt":{"rendered":"<p>( image contractuelle , ce sont ces pierres que vous recevrez ). Lot de 3 pierres roul\u00e9es en Jaspe Kambaba \u2013 Ancrage, apaisement et sagesse ancestrale, aussi appell\u00e9 Jaspe de Madagascar . Il contient des fossiles d&rsquo;algues et s&rsquo;est form\u00e9 il y a 2 milliards d&rsquo;ann\u00e9es. Ce lot de 3 pierres roul\u00e9es en jaspe kambaba [&hellip;]<\/p>\n","protected":false},"featured_media":4075,"comment_status":"open","ping_status":"closed","template":"","meta":{"site-sidebar-layout":"default","site-content-layout":"","ast-site-content-layout":"default","site-content-style":"default","site-sidebar-style":"default","ast-global-header-display":"","ast-banner-title-visibility":"","ast-main-header-display":"","ast-hfb-above-header-display":"","ast-hfb-below-header-display":"","ast-hfb-mobile-header-display":"","site-post-title":"","ast-breadcrumbs-content":"","ast-featured-img":"","footer-sml-layout":"","ast-disable-related-posts":"","theme-transparent-header-meta":"default","adv-header-id-meta":"","stick-header-meta":"","header-above-stick-meta":"","header-main-stick-meta":"","header-below-stick-meta":"","astra-migrate-meta-layouts":"set","ast-page-background-enabled":"default","ast-page-background-meta":{"desktop":{"background-color":"var(--ast-global-color-4)","background-image":"","background-repeat":"repeat","background-position":"center center","background-size":"auto","background-attachment":"scroll","background-type":"","background-media":"","overlay-type":"","overlay-color":"","overlay-opacity":"","overlay-gradient":""},"tablet":{"background-color":"","background-image":"","background-repeat":"repeat","background-position":"center center","background-size":"auto","background-attachment":"scroll","background-type":"","background-media":"","overlay-type":"","overlay-color":"","overlay-opacity":"","overlay-gradient":""},"mobile":{"background-color":"","background-image":"","background-repeat":"repeat","background-position":"center center","background-size":"auto","background-attachment":"scroll","background-type":"","background-media":"","overlay-type":"","overlay-color":"","overlay-opacity":"","overlay-gradient":""}},"ast-content-background-meta":{"desktop":{"background-color":"var(--ast-global-color-5)","background-image":"","background-repeat":"repeat","background-position":"center center","background-size":"auto","background-attachment":"scroll","background-type":"","background-media":"","overlay-type":"","overlay-color":"","overlay-opacity":"","overlay-gradient":""},"tablet":{"background-color":"var(--ast-global-color-5)","background-image":"","background-repeat":"repeat","background-position":"center center","background-size":"auto","background-attachment":"scroll","background-type":"","background-media":"","overlay-type":"","overlay-color":"","overlay-opacity":"","overlay-gradient":""},"mobile":{"background-color":"var(--ast-global-color-5)","background-image":"","background-repeat":"repeat","background-position":"center center","background-size":"auto","background-attachment":"scroll","background-type":"","background-media":"","overlay-type":"","overlay-color":"","overlay-opacity":"","overlay-gradient":""}},"_glsr_average":0,"_glsr_ranking":0,"_glsr_reviews":0},"product_brand":[],"product_cat":[79,201,78],"product_tag":[],"class_list":{"0":"post-4074","1":"product","2":"type-product","3":"status-publish","4":"has-post-thumbnail","6":"product_cat-jaspe-kambaba","7":"product_cat-roulees","8":"product_cat-vert","9":"desktop-align-left","10":"tablet-align-left","11":"mobile-align-left","13":"first","14":"outofstock","15":"purchasable","16":"product-type-simple"},"yoast_head":"<!-- This site is optimized with the Yoast SEO plugin v27.3 - https:\/\/yoast.com\/product\/yoast-seo-wordpress\/ -->\n<title>Lot de 3 pierres de Jaspe kambaba - Au fil des pierres<\/title>\n<meta name=\"description\" content=\"Lot de 3 pierres roul\u00e9es en jaspe kambaba, qualit\u00e9 sup\u00e9rieure, pour ancrage, calme int\u00e9rieur et protection naturelle.\" \/>\n<meta name=\"robots\" content=\"index, follow, max-snippet:-1, max-image-preview:large, max-video-preview:-1\" \/>\n<link rel=\"canonical\" href=\"https:\/\/aufildespierres.com\/index.php\/product\/lot-de-3-pierres-de-jaspe-kambaba\/\" \/>\n<meta property=\"og:locale\" content=\"fr_FR\" \/>\n<meta property=\"og:type\" content=\"article\" \/>\n<meta property=\"og:title\" content=\"Lot de 3 pierres de Jaspe kambaba - Au fil des pierres\" \/>\n<meta property=\"og:description\" content=\"Lot de 3 pierres roul\u00e9es en jaspe kambaba, qualit\u00e9 sup\u00e9rieure, pour ancrage, calme int\u00e9rieur et protection naturelle.\" \/>\n<meta property=\"og:url\" content=\"https:\/\/aufildespierres.com\/index.php\/product\/lot-de-3-pierres-de-jaspe-kambaba\/\" \/>\n<meta property=\"og:site_name\" content=\"Au fil des pierres\" \/>\n<meta property=\"article:modified_time\" content=\"2025-12-02T05:45:17+00:00\" \/>\n<meta property=\"og:image\" content=\"https:\/\/aufildespierres.com\/wp-content\/uploads\/2025\/07\/20250727_160643-scaled.jpg\" \/>\n\t<meta property=\"og:image:width\" content=\"2254\" \/>\n\t<meta property=\"og:image:height\" content=\"2560\" \/>\n\t<meta property=\"og:image:type\" content=\"image\/jpeg\" \/>\n<meta name=\"twitter:card\" content=\"summary_large_image\" \/>\n<meta name=\"twitter:label1\" content=\"Dur\u00e9e de lecture estim\u00e9e\" \/>\n\t<meta name=\"twitter:data1\" content=\"2 minutes\" \/>\n<script type=\"application\/ld+json\" class=\"yoast-schema-graph\">{\"@context\":\"https:\\\/\\\/schema.org\",\"@graph\":[{\"@type\":\"WebPage\",\"@id\":\"https:\\\/\\\/aufildespierres.com\\\/index.php\\\/product\\\/lot-de-3-pierres-de-jaspe-kambaba\\\/\",\"url\":\"https:\\\/\\\/aufildespierres.com\\\/index.php\\\/product\\\/lot-de-3-pierres-de-jaspe-kambaba\\\/\",\"name\":\"Lot de 3 pierres de Jaspe kambaba - Au fil des pierres\",\"isPartOf\":{\"@id\":\"https:\\\/\\\/aufildespierres.com\\\/#website\"},\"primaryImageOfPage\":{\"@id\":\"https:\\\/\\\/aufildespierres.com\\\/index.php\\\/product\\\/lot-de-3-pierres-de-jaspe-kambaba\\\/#primaryimage\"},\"image\":{\"@id\":\"https:\\\/\\\/aufildespierres.com\\\/index.php\\\/product\\\/lot-de-3-pierres-de-jaspe-kambaba\\\/#primaryimage\"},\"thumbnailUrl\":\"https:\\\/\\\/aufildespierres.com\\\/wp-content\\\/uploads\\\/2025\\\/07\\\/20250727_160643-scaled.jpg\",\"datePublished\":\"2025-07-27T15:13:11+00:00\",\"dateModified\":\"2025-12-02T05:45:17+00:00\",\"description\":\"Lot de 3 pierres roul\u00e9es en jaspe kambaba, qualit\u00e9 sup\u00e9rieure, pour ancrage, calme int\u00e9rieur et protection naturelle.\",\"breadcrumb\":{\"@id\":\"https:\\\/\\\/aufildespierres.com\\\/index.php\\\/product\\\/lot-de-3-pierres-de-jaspe-kambaba\\\/#breadcrumb\"},\"inLanguage\":\"fr-FR\",\"potentialAction\":[{\"@type\":\"ReadAction\",\"target\":[\"https:\\\/\\\/aufildespierres.com\\\/index.php\\\/product\\\/lot-de-3-pierres-de-jaspe-kambaba\\\/\"]}]},{\"@type\":\"ImageObject\",\"inLanguage\":\"fr-FR\",\"@id\":\"https:\\\/\\\/aufildespierres.com\\\/index.php\\\/product\\\/lot-de-3-pierres-de-jaspe-kambaba\\\/#primaryimage\",\"url\":\"https:\\\/\\\/aufildespierres.com\\\/wp-content\\\/uploads\\\/2025\\\/07\\\/20250727_160643-scaled.jpg\",\"contentUrl\":\"https:\\\/\\\/aufildespierres.com\\\/wp-content\\\/uploads\\\/2025\\\/07\\\/20250727_160643-scaled.jpg\",\"width\":2254,\"height\":2560},{\"@type\":\"BreadcrumbList\",\"@id\":\"https:\\\/\\\/aufildespierres.com\\\/index.php\\\/product\\\/lot-de-3-pierres-de-jaspe-kambaba\\\/#breadcrumb\",\"itemListElement\":[{\"@type\":\"ListItem\",\"position\":1,\"name\":\"Accueil\",\"item\":\"https:\\\/\\\/aufildespierres.com\\\/\"},{\"@type\":\"ListItem\",\"position\":2,\"name\":\"Boutique de Lithoth\u00e9rapie\",\"item\":\"https:\\\/\\\/aufildespierres.com\\\/index.php\\\/boutique-de-lithotherapie\\\/\"},{\"@type\":\"ListItem\",\"position\":3,\"name\":\"Lot de 3 pierres de Jaspe kambaba\"}]},{\"@type\":\"WebSite\",\"@id\":\"https:\\\/\\\/aufildespierres.com\\\/#website\",\"url\":\"https:\\\/\\\/aufildespierres.com\\\/\",\"name\":\"Au fil des pierres\",\"description\":\"Au fil des pierres\",\"publisher\":{\"@id\":\"https:\\\/\\\/aufildespierres.com\\\/#organization\"},\"potentialAction\":[{\"@type\":\"SearchAction\",\"target\":{\"@type\":\"EntryPoint\",\"urlTemplate\":\"https:\\\/\\\/aufildespierres.com\\\/?s={search_term_string}\"},\"query-input\":{\"@type\":\"PropertyValueSpecification\",\"valueRequired\":true,\"valueName\":\"search_term_string\"}}],\"inLanguage\":\"fr-FR\"},{\"@type\":\"Organization\",\"@id\":\"https:\\\/\\\/aufildespierres.com\\\/#organization\",\"name\":\"Au fil des pierres\",\"url\":\"https:\\\/\\\/aufildespierres.com\\\/\",\"logo\":{\"@type\":\"ImageObject\",\"inLanguage\":\"fr-FR\",\"@id\":\"https:\\\/\\\/aufildespierres.com\\\/#\\\/schema\\\/logo\\\/image\\\/\",\"url\":\"https:\\\/\\\/aufildespierres.com\\\/wp-content\\\/uploads\\\/2023\\\/05\\\/cropped-Logo-PNG-Transparent.png\",\"contentUrl\":\"https:\\\/\\\/aufildespierres.com\\\/wp-content\\\/uploads\\\/2023\\\/05\\\/cropped-Logo-PNG-Transparent.png\",\"width\":1776,\"height\":1625,\"caption\":\"Au fil des pierres\"},\"image\":{\"@id\":\"https:\\\/\\\/aufildespierres.com\\\/#\\\/schema\\\/logo\\\/image\\\/\"}}]}<\/script>\n<!-- \/ Yoast SEO plugin. -->","yoast_head_json":{"title":"Lot de 3 pierres de Jaspe kambaba - Au fil des pierres","description":"Lot de 3 pierres roul\u00e9es en jaspe kambaba, qualit\u00e9 sup\u00e9rieure, pour ancrage, calme int\u00e9rieur et protection naturelle.","robots":{"index":"index","follow":"follow","max-snippet":"max-snippet:-1","max-image-preview":"max-image-preview:large","max-video-preview":"max-video-preview:-1"},"canonical":"https:\/\/aufildespierres.com\/index.php\/product\/lot-de-3-pierres-de-jaspe-kambaba\/","og_locale":"fr_FR","og_type":"article","og_title":"Lot de 3 pierres de Jaspe kambaba - Au fil des pierres","og_description":"Lot de 3 pierres roul\u00e9es en jaspe kambaba, qualit\u00e9 sup\u00e9rieure, pour ancrage, calme int\u00e9rieur et protection naturelle.","og_url":"https:\/\/aufildespierres.com\/index.php\/product\/lot-de-3-pierres-de-jaspe-kambaba\/","og_site_name":"Au fil des pierres","article_modified_time":"2025-12-02T05:45:17+00:00","og_image":[{"width":2254,"height":2560,"url":"https:\/\/aufildespierres.com\/wp-content\/uploads\/2025\/07\/20250727_160643-scaled.jpg","type":"image\/jpeg"}],"twitter_card":"summary_large_image","twitter_misc":{"Dur\u00e9e de lecture estim\u00e9e":"2 minutes"},"schema":{"@context":"https:\/\/schema.org","@graph":[{"@type":"WebPage","@id":"https:\/\/aufildespierres.com\/index.php\/product\/lot-de-3-pierres-de-jaspe-kambaba\/","url":"https:\/\/aufildespierres.com\/index.php\/product\/lot-de-3-pierres-de-jaspe-kambaba\/","name":"Lot de 3 pierres de Jaspe kambaba - Au fil des pierres","isPartOf":{"@id":"https:\/\/aufildespierres.com\/#website"},"primaryImageOfPage":{"@id":"https:\/\/aufildespierres.com\/index.php\/product\/lot-de-3-pierres-de-jaspe-kambaba\/#primaryimage"},"image":{"@id":"https:\/\/aufildespierres.com\/index.php\/product\/lot-de-3-pierres-de-jaspe-kambaba\/#primaryimage"},"thumbnailUrl":"https:\/\/aufildespierres.com\/wp-content\/uploads\/2025\/07\/20250727_160643-scaled.jpg","datePublished":"2025-07-27T15:13:11+00:00","dateModified":"2025-12-02T05:45:17+00:00","description":"Lot de 3 pierres roul\u00e9es en jaspe kambaba, qualit\u00e9 sup\u00e9rieure, pour ancrage, calme int\u00e9rieur et protection naturelle.","breadcrumb":{"@id":"https:\/\/aufildespierres.com\/index.php\/product\/lot-de-3-pierres-de-jaspe-kambaba\/#breadcrumb"},"inLanguage":"fr-FR","potentialAction":[{"@type":"ReadAction","target":["https:\/\/aufildespierres.com\/index.php\/product\/lot-de-3-pierres-de-jaspe-kambaba\/"]}]},{"@type":"ImageObject","inLanguage":"fr-FR","@id":"https:\/\/aufildespierres.com\/index.php\/product\/lot-de-3-pierres-de-jaspe-kambaba\/#primaryimage","url":"https:\/\/aufildespierres.com\/wp-content\/uploads\/2025\/07\/20250727_160643-scaled.jpg","contentUrl":"https:\/\/aufildespierres.com\/wp-content\/uploads\/2025\/07\/20250727_160643-scaled.jpg","width":2254,"height":2560},{"@type":"BreadcrumbList","@id":"https:\/\/aufildespierres.com\/index.php\/product\/lot-de-3-pierres-de-jaspe-kambaba\/#breadcrumb","itemListElement":[{"@type":"ListItem","position":1,"name":"Accueil","item":"https:\/\/aufildespierres.com\/"},{"@type":"ListItem","position":2,"name":"Boutique de Lithoth\u00e9rapie","item":"https:\/\/aufildespierres.com\/index.php\/boutique-de-lithotherapie\/"},{"@type":"ListItem","position":3,"name":"Lot de 3 pierres de Jaspe kambaba"}]},{"@type":"WebSite","@id":"https:\/\/aufildespierres.com\/#website","url":"https:\/\/aufildespierres.com\/","name":"Au fil des pierres","description":"Au fil des pierres","publisher":{"@id":"https:\/\/aufildespierres.com\/#organization"},"potentialAction":[{"@type":"SearchAction","target":{"@type":"EntryPoint","urlTemplate":"https:\/\/aufildespierres.com\/?s={search_term_string}"},"query-input":{"@type":"PropertyValueSpecification","valueRequired":true,"valueName":"search_term_string"}}],"inLanguage":"fr-FR"},{"@type":"Organization","@id":"https:\/\/aufildespierres.com\/#organization","name":"Au fil des pierres","url":"https:\/\/aufildespierres.com\/","logo":{"@type":"ImageObject","inLanguage":"fr-FR","@id":"https:\/\/aufildespierres.com\/#\/schema\/logo\/image\/","url":"https:\/\/aufildespierres.com\/wp-content\/uploads\/2023\/05\/cropped-Logo-PNG-Transparent.png","contentUrl":"https:\/\/aufildespierres.com\/wp-content\/uploads\/2023\/05\/cropped-Logo-PNG-Transparent.png","width":1776,"height":1625,"caption":"Au fil des pierres"},"image":{"@id":"https:\/\/aufildespierres.com\/#\/schema\/logo\/image\/"}}]}},"_links":{"self":[{"href":"https:\/\/aufildespierres.com\/index.php\/wp-json\/wp\/v2\/product\/4074","targetHints":{"allow":["GET"]}}],"collection":[{"href":"https:\/\/aufildespierres.com\/index.php\/wp-json\/wp\/v2\/product"}],"about":[{"href":"https:\/\/aufildespierres.com\/index.php\/wp-json\/wp\/v2\/types\/product"}],"replies":[{"embeddable":true,"href":"https:\/\/aufildespierres.com\/index.php\/wp-json\/wp\/v2\/comments?post=4074"}],"wp:featuredmedia":[{"embeddable":true,"href":"https:\/\/aufildespierres.com\/index.php\/wp-json\/wp\/v2\/media\/4075"}],"wp:attachment":[{"href":"https:\/\/aufildespierres.com\/index.php\/wp-json\/wp\/v2\/media?parent=4074"}],"wp:term":[{"taxonomy":"product_brand","embeddable":true,"href":"https:\/\/aufildespierres.com\/index.php\/wp-json\/wp\/v2\/product_brand?post=4074"},{"taxonomy":"product_cat","embeddable":true,"href":"https:\/\/aufildespierres.com\/index.php\/wp-json\/wp\/v2\/product_cat?post=4074"},{"taxonomy":"product_tag","embeddable":true,"href":"https:\/\/aufildespierres.com\/index.php\/wp-json\/wp\/v2\/product_tag?post=4074"}],"curies":[{"name":"wp","href":"https:\/\/api.w.org\/{rel}","templated":true}]}}