{"id":4133,"date":"2025-09-03T22:02:30","date_gmt":"2025-09-03T20:02:30","guid":{"rendered":"https:\/\/aufildespierres.com\/?post_type=product&#038;p=4133"},"modified":"2026-03-26T18:50:55","modified_gmt":"2026-03-26T17:50:55","slug":"bracelet-bronzite-et-jaspe-mariam","status":"publish","type":"product","link":"https:\/\/aufildespierres.com\/index.php\/product\/bracelet-bronzite-et-jaspe-mariam\/","title":{"rendered":"Bracelet Bronzite et Jaspe Mariam"},"content":{"rendered":"<p data-start=\"341\" data-end=\"482\"><strong data-start=\"341\" data-end=\"388\">Bracelet en Bronzite et Jaspe Mariam \u2013 8 mm<\/strong><\/p>\n<p data-start=\"484\" data-end=\"707\">Ce Bracelet en Bronzite et Jaspe Mariam associe deux pierres puissantes, fa\u00e7onn\u00e9es par la Terre au fil des mill\u00e9naires. Ensemble, elles offrent un soutien pr\u00e9cieux dans votre cheminement int\u00e9rieur et dans votre quotidien. l&rsquo;ancrage est indispensable et encore\u00a0 plus b\u00e9n\u00e9fique \u00e0 chaque changement de saison, ce bracelet vous aidera sur vos chakras racine et plexus solaire.<\/p>\n<h3 data-start=\"709\" data-end=\"726\">La Bronzite<\/h3>\n<p data-start=\"727\" data-end=\"1171\">V\u00e9ritable pierre d\u2019ancrage et de clart\u00e9, elle aide \u00e0 reprendre les r\u00eanes de sa vie avec discernement et confiance. Elle encourage la perspicacit\u00e9, le respect de soi et de ses valeurs. De plus, elle favorise la tendresse et la conciliation, tout en renfor\u00e7ant la conscience de sa v\u00e9ritable valeur.<br data-start=\"1023\" data-end=\"1026\" \/>Apaisante, elle diminue la col\u00e8re, les pens\u00e9es n\u00e9gatives et le stress. Elle ouvre ainsi la voie \u00e0 plus de s\u00e9r\u00e9nit\u00e9, de compassion et de pardon.<\/p>\n<h3 data-start=\"1173\" data-end=\"1215\">Le Jaspe Mariam (ou peau d\u2019\u00e9l\u00e9phant)<\/h3>\n<p data-start=\"1216\" data-end=\"1619\">N\u00e9 de la rencontre entre des fossiles de coquilles et du sable, ce jaspe rare symbolise l\u2019ancrage et la protection. Il lib\u00e8re la parole, stimule la prise de d\u00e9cision autonome et apporte courage, optimisme et d\u00e9termination. En tant que pierre de prosp\u00e9rit\u00e9, il attire la chance et favorise l\u2019audace. Enfin, il peut renforcer la connexion spirituelle et aider \u00e0 retrouver la m\u00e9moire de vies ant\u00e9rieures.<\/p>\n<h3 data-start=\"1621\" data-end=\"1646\">Bienfaits physiques<\/h3>\n<p data-start=\"1647\" data-end=\"1951\">Ce bracelet agit \u00e9galement en soutien du corps. Il favorise la circulation sanguine, soulage les crampes, les tendinites et certains troubles digestifs. De plus, il contribue \u00e0 l\u2019\u00e9quilibre hormonal et \u00e0 l\u2019assimilation des min\u00e9raux. Il apporte aussi une aide pr\u00e9cieuse aux peaux fragiles et aux cheveux.<\/p>\n<p data-start=\"1953\" data-end=\"2190\">Porter ce bijou, c\u2019est s\u2019offrir une protection \u00e9nerg\u00e9tique, une meilleure ma\u00eetrise de soi et une ouverture \u00e0 de nouvelles perspectives. Un alli\u00e9 qui unit beaut\u00e9 et profondeur, pour avancer chaque jour avec force, confiance et s\u00e9r\u00e9nit\u00e9.<\/p>\n","protected":false},"excerpt":{"rendered":"<p>Bracelet en Bronzite et Jaspe Mariam \u2013 8 mm Ce Bracelet en Bronzite et Jaspe Mariam associe deux pierres puissantes, fa\u00e7onn\u00e9es par la Terre au fil des mill\u00e9naires. Ensemble, elles offrent un soutien pr\u00e9cieux dans votre cheminement int\u00e9rieur et dans votre quotidien. l&rsquo;ancrage est indispensable et encore\u00a0 plus b\u00e9n\u00e9fique \u00e0 chaque changement de saison, ce [&hellip;]<\/p>\n","protected":false},"featured_media":4134,"comment_status":"open","ping_status":"closed","template":"","meta":{"site-sidebar-layout":"default","site-content-layout":"","ast-site-content-layout":"default","site-content-style":"default","site-sidebar-style":"default","ast-global-header-display":"","ast-banner-title-visibility":"","ast-main-header-display":"","ast-hfb-above-header-display":"","ast-hfb-below-header-display":"","ast-hfb-mobile-header-display":"","site-post-title":"","ast-breadcrumbs-content":"","ast-featured-img":"","footer-sml-layout":"","ast-disable-related-posts":"","theme-transparent-header-meta":"default","adv-header-id-meta":"","stick-header-meta":"","header-above-stick-meta":"","header-main-stick-meta":"","header-below-stick-meta":"","astra-migrate-meta-layouts":"set","ast-page-background-enabled":"default","ast-page-background-meta":{"desktop":{"background-color":"var(--ast-global-color-4)","background-image":"","background-repeat":"repeat","background-position":"center center","background-size":"auto","background-attachment":"scroll","background-type":"","background-media":"","overlay-type":"","overlay-color":"","overlay-opacity":"","overlay-gradient":""},"tablet":{"background-color":"","background-image":"","background-repeat":"repeat","background-position":"center center","background-size":"auto","background-attachment":"scroll","background-type":"","background-media":"","overlay-type":"","overlay-color":"","overlay-opacity":"","overlay-gradient":""},"mobile":{"background-color":"","background-image":"","background-repeat":"repeat","background-position":"center center","background-size":"auto","background-attachment":"scroll","background-type":"","background-media":"","overlay-type":"","overlay-color":"","overlay-opacity":"","overlay-gradient":""}},"ast-content-background-meta":{"desktop":{"background-color":"var(--ast-global-color-5)","background-image":"","background-repeat":"repeat","background-position":"center center","background-size":"auto","background-attachment":"scroll","background-type":"","background-media":"","overlay-type":"","overlay-color":"","overlay-opacity":"","overlay-gradient":""},"tablet":{"background-color":"var(--ast-global-color-5)","background-image":"","background-repeat":"repeat","background-position":"center center","background-size":"auto","background-attachment":"scroll","background-type":"","background-media":"","overlay-type":"","overlay-color":"","overlay-opacity":"","overlay-gradient":""},"mobile":{"background-color":"var(--ast-global-color-5)","background-image":"","background-repeat":"repeat","background-position":"center center","background-size":"auto","background-attachment":"scroll","background-type":"","background-media":"","overlay-type":"","overlay-color":"","overlay-opacity":"","overlay-gradient":""}},"_glsr_average":0,"_glsr_ranking":0,"_glsr_reviews":0},"product_brand":[],"product_cat":[54,123,56,59,103],"product_tag":[],"class_list":{"0":"post-4133","1":"product","2":"type-product","3":"status-publish","4":"has-post-thumbnail","6":"product_cat-8-mm","7":"product_cat-ancrage-et-determination","8":"product_cat-bracelets-de-lithotherapie","9":"product_cat-bracelets-de-lithotherapie-hommes","10":"product_cat-marron","11":"desktop-align-left","12":"tablet-align-left","13":"mobile-align-left","15":"first","16":"instock","17":"purchasable","18":"product-type-variable"},"yoast_head":"<!-- This site is optimized with the Yoast SEO plugin v27.5 - https:\/\/yoast.com\/product\/yoast-seo-wordpress\/ -->\n<title>Bracelet Bronzite et Jaspe Mariam - Au fil des pierres<\/title>\n<meta name=\"description\" content=\"&quot;Bracelet en Bronzite et Jaspe Mariam \u2013 Un bijou naturel aux \u00e9nergies d\u2019ancrage et de protection. Pierre de force int\u00e9rieure et de stabilit\u00e9 au quotidien.&quot;\" \/>\n<meta name=\"robots\" content=\"index, follow, max-snippet:-1, max-image-preview:large, max-video-preview:-1\" \/>\n<link rel=\"canonical\" href=\"https:\/\/aufildespierres.com\/index.php\/product\/bracelet-bronzite-et-jaspe-mariam\/\" \/>\n<meta property=\"og:locale\" content=\"fr_FR\" \/>\n<meta property=\"og:type\" content=\"article\" \/>\n<meta property=\"og:title\" content=\"Bracelet Bronzite et Jaspe Mariam - Au fil des pierres\" \/>\n<meta property=\"og:description\" content=\"&quot;Bracelet en Bronzite et Jaspe Mariam \u2013 Un bijou naturel aux \u00e9nergies d\u2019ancrage et de protection. Pierre de force int\u00e9rieure et de stabilit\u00e9 au quotidien.&quot;\" \/>\n<meta property=\"og:url\" content=\"https:\/\/aufildespierres.com\/index.php\/product\/bracelet-bronzite-et-jaspe-mariam\/\" \/>\n<meta property=\"og:site_name\" content=\"Au fil des pierres\" \/>\n<meta property=\"article:modified_time\" content=\"2026-03-26T17:50:55+00:00\" \/>\n<meta property=\"og:image\" content=\"https:\/\/aufildespierres.com\/wp-content\/uploads\/2025\/09\/20250902_132601-scaled.jpg\" \/>\n\t<meta property=\"og:image:width\" content=\"1888\" \/>\n\t<meta property=\"og:image:height\" content=\"2560\" \/>\n\t<meta property=\"og:image:type\" content=\"image\/jpeg\" \/>\n<meta name=\"twitter:card\" content=\"summary_large_image\" \/>\n<meta name=\"twitter:label1\" content=\"Dur\u00e9e de lecture estim\u00e9e\" \/>\n\t<meta name=\"twitter:data1\" content=\"2 minutes\" \/>\n<script type=\"application\/ld+json\" class=\"yoast-schema-graph\">{\"@context\":\"https:\\\/\\\/schema.org\",\"@graph\":[{\"@type\":\"WebPage\",\"@id\":\"https:\\\/\\\/aufildespierres.com\\\/index.php\\\/product\\\/bracelet-bronzite-et-jaspe-mariam\\\/\",\"url\":\"https:\\\/\\\/aufildespierres.com\\\/index.php\\\/product\\\/bracelet-bronzite-et-jaspe-mariam\\\/\",\"name\":\"Bracelet Bronzite et Jaspe Mariam - Au fil des pierres\",\"isPartOf\":{\"@id\":\"https:\\\/\\\/aufildespierres.com\\\/#website\"},\"primaryImageOfPage\":{\"@id\":\"https:\\\/\\\/aufildespierres.com\\\/index.php\\\/product\\\/bracelet-bronzite-et-jaspe-mariam\\\/#primaryimage\"},\"image\":{\"@id\":\"https:\\\/\\\/aufildespierres.com\\\/index.php\\\/product\\\/bracelet-bronzite-et-jaspe-mariam\\\/#primaryimage\"},\"thumbnailUrl\":\"https:\\\/\\\/aufildespierres.com\\\/wp-content\\\/uploads\\\/2025\\\/09\\\/20250902_132601-scaled.jpg\",\"datePublished\":\"2025-09-03T20:02:30+00:00\",\"dateModified\":\"2026-03-26T17:50:55+00:00\",\"description\":\"\\\"Bracelet en Bronzite et Jaspe Mariam \u2013 Un bijou naturel aux \u00e9nergies d\u2019ancrage et de protection. Pierre de force int\u00e9rieure et de stabilit\u00e9 au quotidien.\\\"\",\"breadcrumb\":{\"@id\":\"https:\\\/\\\/aufildespierres.com\\\/index.php\\\/product\\\/bracelet-bronzite-et-jaspe-mariam\\\/#breadcrumb\"},\"inLanguage\":\"fr-FR\",\"potentialAction\":[{\"@type\":\"ReadAction\",\"target\":[\"https:\\\/\\\/aufildespierres.com\\\/index.php\\\/product\\\/bracelet-bronzite-et-jaspe-mariam\\\/\"]}]},{\"@type\":\"ImageObject\",\"inLanguage\":\"fr-FR\",\"@id\":\"https:\\\/\\\/aufildespierres.com\\\/index.php\\\/product\\\/bracelet-bronzite-et-jaspe-mariam\\\/#primaryimage\",\"url\":\"https:\\\/\\\/aufildespierres.com\\\/wp-content\\\/uploads\\\/2025\\\/09\\\/20250902_132601-scaled.jpg\",\"contentUrl\":\"https:\\\/\\\/aufildespierres.com\\\/wp-content\\\/uploads\\\/2025\\\/09\\\/20250902_132601-scaled.jpg\",\"width\":1888,\"height\":2560},{\"@type\":\"BreadcrumbList\",\"@id\":\"https:\\\/\\\/aufildespierres.com\\\/index.php\\\/product\\\/bracelet-bronzite-et-jaspe-mariam\\\/#breadcrumb\",\"itemListElement\":[{\"@type\":\"ListItem\",\"position\":1,\"name\":\"Accueil\",\"item\":\"https:\\\/\\\/aufildespierres.com\\\/\"},{\"@type\":\"ListItem\",\"position\":2,\"name\":\"Boutique de Lithoth\u00e9rapie\",\"item\":\"https:\\\/\\\/aufildespierres.com\\\/index.php\\\/boutique-de-lithotherapie\\\/\"},{\"@type\":\"ListItem\",\"position\":3,\"name\":\"Bracelet Bronzite et Jaspe Mariam\"}]},{\"@type\":\"WebSite\",\"@id\":\"https:\\\/\\\/aufildespierres.com\\\/#website\",\"url\":\"https:\\\/\\\/aufildespierres.com\\\/\",\"name\":\"Au fil des pierres\",\"description\":\"Au fil des pierres\",\"publisher\":{\"@id\":\"https:\\\/\\\/aufildespierres.com\\\/#organization\"},\"potentialAction\":[{\"@type\":\"SearchAction\",\"target\":{\"@type\":\"EntryPoint\",\"urlTemplate\":\"https:\\\/\\\/aufildespierres.com\\\/?s={search_term_string}\"},\"query-input\":{\"@type\":\"PropertyValueSpecification\",\"valueRequired\":true,\"valueName\":\"search_term_string\"}}],\"inLanguage\":\"fr-FR\"},{\"@type\":\"Organization\",\"@id\":\"https:\\\/\\\/aufildespierres.com\\\/#organization\",\"name\":\"Au fil des pierres\",\"url\":\"https:\\\/\\\/aufildespierres.com\\\/\",\"logo\":{\"@type\":\"ImageObject\",\"inLanguage\":\"fr-FR\",\"@id\":\"https:\\\/\\\/aufildespierres.com\\\/#\\\/schema\\\/logo\\\/image\\\/\",\"url\":\"https:\\\/\\\/aufildespierres.com\\\/wp-content\\\/uploads\\\/2023\\\/05\\\/cropped-Logo-PNG-Transparent.png\",\"contentUrl\":\"https:\\\/\\\/aufildespierres.com\\\/wp-content\\\/uploads\\\/2023\\\/05\\\/cropped-Logo-PNG-Transparent.png\",\"width\":1776,\"height\":1625,\"caption\":\"Au fil des pierres\"},\"image\":{\"@id\":\"https:\\\/\\\/aufildespierres.com\\\/#\\\/schema\\\/logo\\\/image\\\/\"}}]}<\/script>\n<!-- \/ Yoast SEO plugin. -->","yoast_head_json":{"title":"Bracelet Bronzite et Jaspe Mariam - Au fil des pierres","description":"\"Bracelet en Bronzite et Jaspe Mariam \u2013 Un bijou naturel aux \u00e9nergies d\u2019ancrage et de protection. Pierre de force int\u00e9rieure et de stabilit\u00e9 au quotidien.\"","robots":{"index":"index","follow":"follow","max-snippet":"max-snippet:-1","max-image-preview":"max-image-preview:large","max-video-preview":"max-video-preview:-1"},"canonical":"https:\/\/aufildespierres.com\/index.php\/product\/bracelet-bronzite-et-jaspe-mariam\/","og_locale":"fr_FR","og_type":"article","og_title":"Bracelet Bronzite et Jaspe Mariam - Au fil des pierres","og_description":"\"Bracelet en Bronzite et Jaspe Mariam \u2013 Un bijou naturel aux \u00e9nergies d\u2019ancrage et de protection. Pierre de force int\u00e9rieure et de stabilit\u00e9 au quotidien.\"","og_url":"https:\/\/aufildespierres.com\/index.php\/product\/bracelet-bronzite-et-jaspe-mariam\/","og_site_name":"Au fil des pierres","article_modified_time":"2026-03-26T17:50:55+00:00","og_image":[{"width":1888,"height":2560,"url":"https:\/\/aufildespierres.com\/wp-content\/uploads\/2025\/09\/20250902_132601-scaled.jpg","type":"image\/jpeg"}],"twitter_card":"summary_large_image","twitter_misc":{"Dur\u00e9e de lecture estim\u00e9e":"2 minutes"},"schema":{"@context":"https:\/\/schema.org","@graph":[{"@type":"WebPage","@id":"https:\/\/aufildespierres.com\/index.php\/product\/bracelet-bronzite-et-jaspe-mariam\/","url":"https:\/\/aufildespierres.com\/index.php\/product\/bracelet-bronzite-et-jaspe-mariam\/","name":"Bracelet Bronzite et Jaspe Mariam - Au fil des pierres","isPartOf":{"@id":"https:\/\/aufildespierres.com\/#website"},"primaryImageOfPage":{"@id":"https:\/\/aufildespierres.com\/index.php\/product\/bracelet-bronzite-et-jaspe-mariam\/#primaryimage"},"image":{"@id":"https:\/\/aufildespierres.com\/index.php\/product\/bracelet-bronzite-et-jaspe-mariam\/#primaryimage"},"thumbnailUrl":"https:\/\/aufildespierres.com\/wp-content\/uploads\/2025\/09\/20250902_132601-scaled.jpg","datePublished":"2025-09-03T20:02:30+00:00","dateModified":"2026-03-26T17:50:55+00:00","description":"\"Bracelet en Bronzite et Jaspe Mariam \u2013 Un bijou naturel aux \u00e9nergies d\u2019ancrage et de protection. Pierre de force int\u00e9rieure et de stabilit\u00e9 au quotidien.\"","breadcrumb":{"@id":"https:\/\/aufildespierres.com\/index.php\/product\/bracelet-bronzite-et-jaspe-mariam\/#breadcrumb"},"inLanguage":"fr-FR","potentialAction":[{"@type":"ReadAction","target":["https:\/\/aufildespierres.com\/index.php\/product\/bracelet-bronzite-et-jaspe-mariam\/"]}]},{"@type":"ImageObject","inLanguage":"fr-FR","@id":"https:\/\/aufildespierres.com\/index.php\/product\/bracelet-bronzite-et-jaspe-mariam\/#primaryimage","url":"https:\/\/aufildespierres.com\/wp-content\/uploads\/2025\/09\/20250902_132601-scaled.jpg","contentUrl":"https:\/\/aufildespierres.com\/wp-content\/uploads\/2025\/09\/20250902_132601-scaled.jpg","width":1888,"height":2560},{"@type":"BreadcrumbList","@id":"https:\/\/aufildespierres.com\/index.php\/product\/bracelet-bronzite-et-jaspe-mariam\/#breadcrumb","itemListElement":[{"@type":"ListItem","position":1,"name":"Accueil","item":"https:\/\/aufildespierres.com\/"},{"@type":"ListItem","position":2,"name":"Boutique de Lithoth\u00e9rapie","item":"https:\/\/aufildespierres.com\/index.php\/boutique-de-lithotherapie\/"},{"@type":"ListItem","position":3,"name":"Bracelet Bronzite et Jaspe Mariam"}]},{"@type":"WebSite","@id":"https:\/\/aufildespierres.com\/#website","url":"https:\/\/aufildespierres.com\/","name":"Au fil des pierres","description":"Au fil des pierres","publisher":{"@id":"https:\/\/aufildespierres.com\/#organization"},"potentialAction":[{"@type":"SearchAction","target":{"@type":"EntryPoint","urlTemplate":"https:\/\/aufildespierres.com\/?s={search_term_string}"},"query-input":{"@type":"PropertyValueSpecification","valueRequired":true,"valueName":"search_term_string"}}],"inLanguage":"fr-FR"},{"@type":"Organization","@id":"https:\/\/aufildespierres.com\/#organization","name":"Au fil des pierres","url":"https:\/\/aufildespierres.com\/","logo":{"@type":"ImageObject","inLanguage":"fr-FR","@id":"https:\/\/aufildespierres.com\/#\/schema\/logo\/image\/","url":"https:\/\/aufildespierres.com\/wp-content\/uploads\/2023\/05\/cropped-Logo-PNG-Transparent.png","contentUrl":"https:\/\/aufildespierres.com\/wp-content\/uploads\/2023\/05\/cropped-Logo-PNG-Transparent.png","width":1776,"height":1625,"caption":"Au fil des pierres"},"image":{"@id":"https:\/\/aufildespierres.com\/#\/schema\/logo\/image\/"}}]}},"_links":{"self":[{"href":"https:\/\/aufildespierres.com\/index.php\/wp-json\/wp\/v2\/product\/4133","targetHints":{"allow":["GET"]}}],"collection":[{"href":"https:\/\/aufildespierres.com\/index.php\/wp-json\/wp\/v2\/product"}],"about":[{"href":"https:\/\/aufildespierres.com\/index.php\/wp-json\/wp\/v2\/types\/product"}],"replies":[{"embeddable":true,"href":"https:\/\/aufildespierres.com\/index.php\/wp-json\/wp\/v2\/comments?post=4133"}],"wp:featuredmedia":[{"embeddable":true,"href":"https:\/\/aufildespierres.com\/index.php\/wp-json\/wp\/v2\/media\/4134"}],"wp:attachment":[{"href":"https:\/\/aufildespierres.com\/index.php\/wp-json\/wp\/v2\/media?parent=4133"}],"wp:term":[{"taxonomy":"product_brand","embeddable":true,"href":"https:\/\/aufildespierres.com\/index.php\/wp-json\/wp\/v2\/product_brand?post=4133"},{"taxonomy":"product_cat","embeddable":true,"href":"https:\/\/aufildespierres.com\/index.php\/wp-json\/wp\/v2\/product_cat?post=4133"},{"taxonomy":"product_tag","embeddable":true,"href":"https:\/\/aufildespierres.com\/index.php\/wp-json\/wp\/v2\/product_tag?post=4133"}],"curies":[{"name":"wp","href":"https:\/\/api.w.org\/{rel}","templated":true}]}}